{"id":9127,"date":"2023-12-28T12:18:44","date_gmt":"2023-12-28T12:18:44","guid":{"rendered":"https:\/\/mefp.grupopiquer.com\/inscripciones\/?post_type=product&#038;p=9127"},"modified":"2024-03-11T08:08:00","modified_gmt":"2024-03-11T08:08:00","slug":"ssce074po-formacion-de-formadores-70-horas","status":"publish","type":"product","link":"https:\/\/mefp.grupopiquer.com\/inscripciones\/producto\/ssce074po-formacion-de-formadores-70-horas\/","title":{"rendered":"SSCE074PO &#8211; Formaci\u00f3n de Formadores (70 horas)"},"content":{"rendered":"<div id=\"accordion\">\n<h3>Objetivos<\/h3>\n<div>Dise\u00f1ar, planificar y evaluar acciones formativas.<\/div>\n<h3>Contenidos<\/h3>\n<div>1. PRINCIPIOS B\u00c1SICOS DE LA FORMACI\u00d3N PRESENTACI\u00d3N.<br \/>\n1.1. Fundamentos de la formaci\u00f3n.<br \/>\n1.1.1. El aprendizaje. Condicionamientos biol\u00f3gicos del aprendizaje.<br \/>\n1.1.2. Teor\u00edas psicol\u00f3gicas del aprendizaje.<br \/>\n1.1.3. Principios b\u00e1sicos del aprendizaje.<br \/>\n1.1.4. Estilos de aprendizaje.<br \/>\n1.1.5. Las estrategias de aprendizaje.<br \/>\n1.1.6. Las expectativas sobre los\/as alumnos\/as en la educaci\u00f3n\/ formaci\u00f3n.<br \/>\n1.1.7. Los activadores del aprendizaje. La percepci\u00f3n. La memoria. La motivaci\u00f3n.<br \/>\n1.2. Dise\u00f1o y planificaci\u00f3n de acciones formativas.<br \/>\n1.3. Desarrollo de la acci\u00f3n formativa.<br \/>\n1.4. Evaluaci\u00f3n de acciones formativas.<\/div>\n<div>2. FORMACI\u00d3N PRESENCIAL.<br \/>\n2.1. Entornos presenciales de aprendizaje.<br \/>\n2.2. Metodolog\u00eda did\u00e1ctica.<br \/>\n2.3. Elaboraci\u00f3n de contenidos.<br \/>\n2.4. La acci\u00f3n formativa.<br \/>\n2.5. Recursos para la formaci\u00f3n.<br \/>\n2.6. Sistemas de evaluaci\u00f3n.<br \/>\n2.6.1. Dise\u00f1o del proceso de Evaluaci\u00f3n de Adultos.<br \/>\n2.6.2. Definici\u00f3n, concepto y finalidad de la Evaluaci\u00f3n.<br \/>\n2.6.3. Evoluci\u00f3n del concepto de Evaluaci\u00f3n.<br \/>\n2.6.4. Funciones de la Evaluaci\u00f3n.<br \/>\n2.6.5. Tipos y modalidades de Evaluaci\u00f3n.<br \/>\n2.6.6. Fases o etapas de un Modelo Evaluativo.<br \/>\n2.6.7. Perspectiva General en la Evaluaci\u00f3n de Programas.<br \/>\n2.7. T\u00e9cnicas e instrumentos de evaluaci\u00f3n de aprendizajes.<br \/>\n2.7.1. T\u00e9cnicas de evaluaci\u00f3n de aprendizajes conceptuales.<br \/>\n2.7.2. T\u00e9cnicas de evaluaci\u00f3n de aprendizajes procedimentales.<br \/>\n2.7.3. T\u00e9cnicas de evaluaci\u00f3n de aprendizaje actitudinales.<br \/>\n2.8. Validez y Fiabilidad de las pruebas de evaluaci\u00f3n.<br \/>\n2.9. Dise\u00f1o de una pr\u00e1ctica de evaluaci\u00f3n: Seguimiento y evaluaci\u00f3n de las pr\u00e1cticas en el \u00e1mbito<br \/>\nformativo.<\/div>\n<div>3. FORMACI\u00d3N ONLINE PRESENTACI\u00d3N.<br \/>\n3.1. Entornos virtuales de aprendizaje.<br \/>\n3.2. Metodolog\u00eda did\u00e1ctica.<br \/>\n3.3. Elaboraci\u00f3n de contenidos did\u00e1cticos.<br \/>\n3.4. La acci\u00f3n tutorial.<br \/>\n3.5. Recursos para el tutor.<br \/>\n3.6. Sistemas de evaluaci\u00f3n.<\/div>\n<\/div>\n","protected":false},"excerpt":{"rendered":"<p>Dise\u00f1ar, planificar y evaluar acciones formativas.<\/p>\n","protected":false},"featured_media":4899,"comment_status":"closed","ping_status":"closed","template":"","meta":[],"product_cat":[103],"product_tag":[],"class_list":{"0":"post-9127","1":"product","2":"type-product","3":"status-publish","4":"has-post-thumbnail","6":"product_cat-formacion-y-educacion","8":"first","9":"instock","10":"taxable","11":"shipping-taxable","12":"purchasable","13":"product-type-simple"},"yoast_head":"<!-- This site is optimized with the Yoast SEO plugin v23.5 - https:\/\/yoast.com\/wordpress\/plugins\/seo\/ -->\n<title>SSCE074PO - Formaci\u00f3n de Formadores (70 horas) - Contenidos Online<\/title>\n<meta name=\"description\" content=\"Contenidos Online - SSCE074PO - Formaci\u00f3n de Formadores (70 horas) - Formaci\u00f3n y Educaci\u00f3n\" \/>\n<meta name=\"robots\" content=\"index, follow, max-snippet:-1, max-image-preview:large, max-video-preview:-1\" \/>\n<link rel=\"canonical\" href=\"https:\/\/mefp.grupopiquer.com\/inscripciones\/producto\/ssce074po-formacion-de-formadores-70-horas\/\" \/>\n<meta property=\"og:locale\" content=\"es_ES\" \/>\n<meta property=\"og:type\" content=\"article\" \/>\n<meta property=\"og:title\" content=\"SSCE074PO - Formaci\u00f3n de Formadores (70 horas) - Contenidos Online\" \/>\n<meta property=\"og:description\" content=\"Contenidos Online - SSCE074PO - Formaci\u00f3n de Formadores (70 horas) - Formaci\u00f3n y Educaci\u00f3n\" \/>\n<meta property=\"og:url\" content=\"https:\/\/mefp.grupopiquer.com\/inscripciones\/producto\/ssce074po-formacion-de-formadores-70-horas\/\" \/>\n<meta property=\"og:site_name\" content=\"Contenidos Online\" \/>\n<meta property=\"article:modified_time\" content=\"2024-03-11T08:08:00+00:00\" \/>\n<meta property=\"og:image\" content=\"https:\/\/mefp.grupopiquer.com\/inscripciones\/wp-content\/uploads\/2023\/05\/EOchqAJLFKt7mMCI_6ZkTzIq2Kyj1rFHA-e1683191542655.jpg\" \/>\n\t<meta property=\"og:image:width\" content=\"1280\" \/>\n\t<meta property=\"og:image:height\" content=\"720\" \/>\n\t<meta property=\"og:image:type\" content=\"image\/jpeg\" \/>\n<meta name=\"twitter:card\" content=\"summary_large_image\" \/>\n<meta name=\"twitter:label1\" content=\"Tiempo de lectura\" \/>\n\t<meta name=\"twitter:data1\" content=\"2 minutos\" \/>\n<script type=\"application\/ld+json\" class=\"yoast-schema-graph\">{\"@context\":\"https:\/\/schema.org\",\"@graph\":[{\"@type\":\"WebPage\",\"@id\":\"https:\/\/mefp.grupopiquer.com\/inscripciones\/producto\/ssce074po-formacion-de-formadores-70-horas\/\",\"url\":\"https:\/\/mefp.grupopiquer.com\/inscripciones\/producto\/ssce074po-formacion-de-formadores-70-horas\/\",\"name\":\"SSCE074PO - Formaci\u00f3n de Formadores (70 horas) - Contenidos Online\",\"isPartOf\":{\"@id\":\"https:\/\/mefp.grupopiquer.com\/inscripciones\/#website\"},\"primaryImageOfPage\":{\"@id\":\"https:\/\/mefp.grupopiquer.com\/inscripciones\/producto\/ssce074po-formacion-de-formadores-70-horas\/#primaryimage\"},\"image\":{\"@id\":\"https:\/\/mefp.grupopiquer.com\/inscripciones\/producto\/ssce074po-formacion-de-formadores-70-horas\/#primaryimage\"},\"thumbnailUrl\":\"https:\/\/mefp.grupopiquer.com\/inscripciones\/wp-content\/uploads\/2023\/05\/EOchqAJLFKt7mMCI_6ZkTzIq2Kyj1rFHA-e1683191542655.jpg\",\"datePublished\":\"2023-12-28T12:18:44+00:00\",\"dateModified\":\"2024-03-11T08:08:00+00:00\",\"description\":\"Contenidos Online - SSCE074PO - Formaci\u00f3n de Formadores (70 horas) - Formaci\u00f3n y Educaci\u00f3n\",\"breadcrumb\":{\"@id\":\"https:\/\/mefp.grupopiquer.com\/inscripciones\/producto\/ssce074po-formacion-de-formadores-70-horas\/#breadcrumb\"},\"inLanguage\":\"es\",\"potentialAction\":[{\"@type\":\"ReadAction\",\"target\":[\"https:\/\/mefp.grupopiquer.com\/inscripciones\/producto\/ssce074po-formacion-de-formadores-70-horas\/\"]}]},{\"@type\":\"ImageObject\",\"inLanguage\":\"es\",\"@id\":\"https:\/\/mefp.grupopiquer.com\/inscripciones\/producto\/ssce074po-formacion-de-formadores-70-horas\/#primaryimage\",\"url\":\"https:\/\/mefp.grupopiquer.com\/inscripciones\/wp-content\/uploads\/2023\/05\/EOchqAJLFKt7mMCI_6ZkTzIq2Kyj1rFHA-e1683191542655.jpg\",\"contentUrl\":\"https:\/\/mefp.grupopiquer.com\/inscripciones\/wp-content\/uploads\/2023\/05\/EOchqAJLFKt7mMCI_6ZkTzIq2Kyj1rFHA-e1683191542655.jpg\",\"width\":1280,\"height\":720},{\"@type\":\"BreadcrumbList\",\"@id\":\"https:\/\/mefp.grupopiquer.com\/inscripciones\/producto\/ssce074po-formacion-de-formadores-70-horas\/#breadcrumb\",\"itemListElement\":[{\"@type\":\"ListItem\",\"position\":1,\"name\":\"Portada\",\"item\":\"https:\/\/mefp.grupopiquer.com\/inscripciones\/\"},{\"@type\":\"ListItem\",\"position\":2,\"name\":\"Tienda\",\"item\":\"https:\/\/mefp.grupopiquer.com\/inscripciones\/tienda\/\"},{\"@type\":\"ListItem\",\"position\":3,\"name\":\"SSCE074PO &#8211; Formaci\u00f3n de Formadores (70 horas)\"}]},{\"@type\":\"WebSite\",\"@id\":\"https:\/\/mefp.grupopiquer.com\/inscripciones\/#website\",\"url\":\"https:\/\/mefp.grupopiquer.com\/inscripciones\/\",\"name\":\"Contenidos Online\",\"description\":\"\",\"publisher\":{\"@id\":\"https:\/\/mefp.grupopiquer.com\/inscripciones\/#organization\"},\"potentialAction\":[{\"@type\":\"SearchAction\",\"target\":{\"@type\":\"EntryPoint\",\"urlTemplate\":\"https:\/\/mefp.grupopiquer.com\/inscripciones\/?s={search_term_string}\"},\"query-input\":{\"@type\":\"PropertyValueSpecification\",\"valueRequired\":true,\"valueName\":\"search_term_string\"}}],\"inLanguage\":\"es\"},{\"@type\":\"Organization\",\"@id\":\"https:\/\/mefp.grupopiquer.com\/inscripciones\/#organization\",\"name\":\"Contenidos Online\",\"url\":\"https:\/\/mefp.grupopiquer.com\/inscripciones\/\",\"logo\":{\"@type\":\"ImageObject\",\"inLanguage\":\"es\",\"@id\":\"https:\/\/mefp.grupopiquer.com\/inscripciones\/#\/schema\/logo\/image\/\",\"url\":\"\",\"contentUrl\":\"\",\"caption\":\"Contenidos Online\"},\"image\":{\"@id\":\"https:\/\/mefp.grupopiquer.com\/inscripciones\/#\/schema\/logo\/image\/\"}}]}<\/script>\n<!-- \/ Yoast SEO plugin. -->","yoast_head_json":{"title":"SSCE074PO - Formaci\u00f3n de Formadores (70 horas) - Contenidos Online","description":"Contenidos Online - SSCE074PO - Formaci\u00f3n de Formadores (70 horas) - Formaci\u00f3n y Educaci\u00f3n","robots":{"index":"index","follow":"follow","max-snippet":"max-snippet:-1","max-image-preview":"max-image-preview:large","max-video-preview":"max-video-preview:-1"},"canonical":"https:\/\/mefp.grupopiquer.com\/inscripciones\/producto\/ssce074po-formacion-de-formadores-70-horas\/","og_locale":"es_ES","og_type":"article","og_title":"SSCE074PO - Formaci\u00f3n de Formadores (70 horas) - Contenidos Online","og_description":"Contenidos Online - SSCE074PO - Formaci\u00f3n de Formadores (70 horas) - Formaci\u00f3n y Educaci\u00f3n","og_url":"https:\/\/mefp.grupopiquer.com\/inscripciones\/producto\/ssce074po-formacion-de-formadores-70-horas\/","og_site_name":"Contenidos Online","article_modified_time":"2024-03-11T08:08:00+00:00","og_image":[{"width":1280,"height":720,"url":"https:\/\/mefp.grupopiquer.com\/inscripciones\/wp-content\/uploads\/2023\/05\/EOchqAJLFKt7mMCI_6ZkTzIq2Kyj1rFHA-e1683191542655.jpg","type":"image\/jpeg"}],"twitter_card":"summary_large_image","twitter_misc":{"Tiempo de lectura":"2 minutos"},"schema":{"@context":"https:\/\/schema.org","@graph":[{"@type":"WebPage","@id":"https:\/\/mefp.grupopiquer.com\/inscripciones\/producto\/ssce074po-formacion-de-formadores-70-horas\/","url":"https:\/\/mefp.grupopiquer.com\/inscripciones\/producto\/ssce074po-formacion-de-formadores-70-horas\/","name":"SSCE074PO - Formaci\u00f3n de Formadores (70 horas) - Contenidos Online","isPartOf":{"@id":"https:\/\/mefp.grupopiquer.com\/inscripciones\/#website"},"primaryImageOfPage":{"@id":"https:\/\/mefp.grupopiquer.com\/inscripciones\/producto\/ssce074po-formacion-de-formadores-70-horas\/#primaryimage"},"image":{"@id":"https:\/\/mefp.grupopiquer.com\/inscripciones\/producto\/ssce074po-formacion-de-formadores-70-horas\/#primaryimage"},"thumbnailUrl":"https:\/\/mefp.grupopiquer.com\/inscripciones\/wp-content\/uploads\/2023\/05\/EOchqAJLFKt7mMCI_6ZkTzIq2Kyj1rFHA-e1683191542655.jpg","datePublished":"2023-12-28T12:18:44+00:00","dateModified":"2024-03-11T08:08:00+00:00","description":"Contenidos Online - SSCE074PO - Formaci\u00f3n de Formadores (70 horas) - Formaci\u00f3n y Educaci\u00f3n","breadcrumb":{"@id":"https:\/\/mefp.grupopiquer.com\/inscripciones\/producto\/ssce074po-formacion-de-formadores-70-horas\/#breadcrumb"},"inLanguage":"es","potentialAction":[{"@type":"ReadAction","target":["https:\/\/mefp.grupopiquer.com\/inscripciones\/producto\/ssce074po-formacion-de-formadores-70-horas\/"]}]},{"@type":"ImageObject","inLanguage":"es","@id":"https:\/\/mefp.grupopiquer.com\/inscripciones\/producto\/ssce074po-formacion-de-formadores-70-horas\/#primaryimage","url":"https:\/\/mefp.grupopiquer.com\/inscripciones\/wp-content\/uploads\/2023\/05\/EOchqAJLFKt7mMCI_6ZkTzIq2Kyj1rFHA-e1683191542655.jpg","contentUrl":"https:\/\/mefp.grupopiquer.com\/inscripciones\/wp-content\/uploads\/2023\/05\/EOchqAJLFKt7mMCI_6ZkTzIq2Kyj1rFHA-e1683191542655.jpg","width":1280,"height":720},{"@type":"BreadcrumbList","@id":"https:\/\/mefp.grupopiquer.com\/inscripciones\/producto\/ssce074po-formacion-de-formadores-70-horas\/#breadcrumb","itemListElement":[{"@type":"ListItem","position":1,"name":"Portada","item":"https:\/\/mefp.grupopiquer.com\/inscripciones\/"},{"@type":"ListItem","position":2,"name":"Tienda","item":"https:\/\/mefp.grupopiquer.com\/inscripciones\/tienda\/"},{"@type":"ListItem","position":3,"name":"SSCE074PO &#8211; Formaci\u00f3n de Formadores (70 horas)"}]},{"@type":"WebSite","@id":"https:\/\/mefp.grupopiquer.com\/inscripciones\/#website","url":"https:\/\/mefp.grupopiquer.com\/inscripciones\/","name":"Contenidos Online","description":"","publisher":{"@id":"https:\/\/mefp.grupopiquer.com\/inscripciones\/#organization"},"potentialAction":[{"@type":"SearchAction","target":{"@type":"EntryPoint","urlTemplate":"https:\/\/mefp.grupopiquer.com\/inscripciones\/?s={search_term_string}"},"query-input":{"@type":"PropertyValueSpecification","valueRequired":true,"valueName":"search_term_string"}}],"inLanguage":"es"},{"@type":"Organization","@id":"https:\/\/mefp.grupopiquer.com\/inscripciones\/#organization","name":"Contenidos Online","url":"https:\/\/mefp.grupopiquer.com\/inscripciones\/","logo":{"@type":"ImageObject","inLanguage":"es","@id":"https:\/\/mefp.grupopiquer.com\/inscripciones\/#\/schema\/logo\/image\/","url":"","contentUrl":"","caption":"Contenidos Online"},"image":{"@id":"https:\/\/mefp.grupopiquer.com\/inscripciones\/#\/schema\/logo\/image\/"}}]}},"_links":{"self":[{"href":"https:\/\/mefp.grupopiquer.com\/inscripciones\/wp-json\/wp\/v2\/product\/9127"}],"collection":[{"href":"https:\/\/mefp.grupopiquer.com\/inscripciones\/wp-json\/wp\/v2\/product"}],"about":[{"href":"https:\/\/mefp.grupopiquer.com\/inscripciones\/wp-json\/wp\/v2\/types\/product"}],"replies":[{"embeddable":true,"href":"https:\/\/mefp.grupopiquer.com\/inscripciones\/wp-json\/wp\/v2\/comments?post=9127"}],"wp:featuredmedia":[{"embeddable":true,"href":"https:\/\/mefp.grupopiquer.com\/inscripciones\/wp-json\/wp\/v2\/media\/4899"}],"wp:attachment":[{"href":"https:\/\/mefp.grupopiquer.com\/inscripciones\/wp-json\/wp\/v2\/media?parent=9127"}],"wp:term":[{"taxonomy":"product_cat","embeddable":true,"href":"https:\/\/mefp.grupopiquer.com\/inscripciones\/wp-json\/wp\/v2\/product_cat?post=9127"},{"taxonomy":"product_tag","embeddable":true,"href":"https:\/\/mefp.grupopiquer.com\/inscripciones\/wp-json\/wp\/v2\/product_tag?post=9127"}],"curies":[{"name":"wp","href":"https:\/\/api.w.org\/{rel}","templated":true}]}}