{"id":9120,"date":"2023-12-28T09:00:18","date_gmt":"2023-12-28T09:00:18","guid":{"rendered":"https:\/\/mefp.grupopiquer.com\/inscripciones\/?post_type=product&#038;p=9120"},"modified":"2023-12-28T09:05:51","modified_gmt":"2023-12-28T09:05:51","slug":"hott02-aproximacion-a-la-sostenibilidad-y-concepto-circular-10-horas","status":"publish","type":"product","link":"https:\/\/mefp.grupopiquer.com\/inscripciones\/producto\/hott02-aproximacion-a-la-sostenibilidad-y-concepto-circular-10-horas\/","title":{"rendered":"HOTT02 &#8211; Aproximaci\u00f3n a la Sostenibilidad y Concepto Circular (10 horas)"},"content":{"rendered":"<div id=\"accordion\">\n<h3>OBJETIVOS<\/h3>\n<div>Conocer las ventajas e inconvenientes de la econom\u00eda circular y el turismo circular, y las tecnolog\u00edas aplicadas a ambos conceptos.<\/div>\n<h3>CONTENIDOS<\/h3>\n<div>Conocimientos \/ Capacidades cognitivas y pr\u00e1cticas<br \/>\n\u2022 Conocimiento de las tendencias del turismo en la era post Covid-19:<br \/>\nturismo sostenible<br \/>\n\u2022 El camino hacia la sostenibilidad tur\u00edstica<br \/>\n\u2022 Principios e hitos del turismo sostenible<br \/>\n\u2022 Identificaci\u00f3n de las caracter\u00edsticas de la econom\u00eda circular<br \/>\n\u2022 Principios y caracter\u00edsticas<br \/>\n\u2022 Tecnolog\u00edas aplicadas a la econom\u00eda circular<br \/>\n\u2022 Determinaci\u00f3n del concepto y caracter\u00edsticas de turismo circular<br \/>\n\u2022 Turismo circular y el reto del cambio clim\u00e1tico<br \/>\n\u2022 Tecnolog\u00edas aplicadas al turismo circular<\/div>\n<\/div>\n<div><\/div>\n<div>Habilidades de gesti\u00f3n, personales y sociales<br \/>\n\u2022 Desarrollo de actitudes positivas hacia la innovaci\u00f3n tecnol\u00f3gica y la<br \/>\ncomercializaci\u00f3n on-line, siendo conscientes de sus utilidades y de las necesidades<br \/>\nde actualizaci\u00f3n permanente.<br \/>\n\u2022 Planificaci\u00f3n y organizaci\u00f3n de tareas como prevenci\u00f3n de posibles problemas<br \/>\npara su posterior resoluci\u00f3n.<br \/>\n\u2022 Asimilaci\u00f3n de la importancia de las nuevas t\u00e9cnicas de innovaci\u00f3n como motor<br \/>\nde futuras mejoras en el desarrollo del puesto de trabajo.<br \/>\n\u2022 Uso de habilidades de comunicaci\u00f3n, motivaci\u00f3n y creatividad siendo<br \/>\nconscientes de sus utilidades para una mejora y crecimiento personal en el mundo<br \/>\nlaboral.<\/div>\n","protected":false},"excerpt":{"rendered":"<p>Conocer las ventajas e inconvenientes de la econom\u00eda circular y el turismo circular, y las tecnolog\u00edas aplicadas a ambos conceptos.<\/p>\n","protected":false},"featured_media":5031,"comment_status":"closed","ping_status":"closed","template":"","meta":[],"product_cat":[113],"product_tag":[],"class_list":{"0":"post-9120","1":"product","2":"type-product","3":"status-publish","4":"has-post-thumbnail","6":"product_cat-turismo","8":"first","9":"instock","10":"taxable","11":"shipping-taxable","12":"purchasable","13":"product-type-simple"},"yoast_head":"<!-- This site is optimized with the Yoast SEO plugin v23.5 - https:\/\/yoast.com\/wordpress\/plugins\/seo\/ -->\n<title>HOTT02 - Aproximaci\u00f3n a la Sostenibilidad y Concepto Circular (10 horas) - Contenidos Online<\/title>\n<meta name=\"description\" content=\"Contenidos Online - HOTT02 - Aproximaci\u00f3n a la Sostenibilidad y Concepto Circular (10 horas) - Turismo\" \/>\n<meta name=\"robots\" content=\"index, follow, max-snippet:-1, max-image-preview:large, max-video-preview:-1\" \/>\n<link rel=\"canonical\" href=\"https:\/\/mefp.grupopiquer.com\/inscripciones\/producto\/hott02-aproximacion-a-la-sostenibilidad-y-concepto-circular-10-horas\/\" \/>\n<meta property=\"og:locale\" content=\"es_ES\" \/>\n<meta property=\"og:type\" content=\"article\" \/>\n<meta property=\"og:title\" content=\"HOTT02 - Aproximaci\u00f3n a la Sostenibilidad y Concepto Circular (10 horas) - Contenidos Online\" \/>\n<meta property=\"og:description\" content=\"Contenidos Online - HOTT02 - Aproximaci\u00f3n a la Sostenibilidad y Concepto Circular (10 horas) - Turismo\" \/>\n<meta property=\"og:url\" content=\"https:\/\/mefp.grupopiquer.com\/inscripciones\/producto\/hott02-aproximacion-a-la-sostenibilidad-y-concepto-circular-10-horas\/\" \/>\n<meta property=\"og:site_name\" content=\"Contenidos Online\" \/>\n<meta property=\"article:modified_time\" content=\"2023-12-28T09:05:51+00:00\" \/>\n<meta property=\"og:image\" content=\"https:\/\/mefp.grupopiquer.com\/inscripciones\/wp-content\/uploads\/2023\/05\/9YTlpOzor2HHNyhp_SJYKQeHYab4WWDAf-stock-image-e1683208422167.jpg\" \/>\n\t<meta property=\"og:image:width\" content=\"1680\" \/>\n\t<meta property=\"og:image:height\" content=\"945\" \/>\n\t<meta property=\"og:image:type\" content=\"image\/jpeg\" \/>\n<meta name=\"twitter:card\" content=\"summary_large_image\" \/>\n<meta name=\"twitter:label1\" content=\"Tiempo de lectura\" \/>\n\t<meta name=\"twitter:data1\" content=\"2 minutos\" \/>\n<script type=\"application\/ld+json\" class=\"yoast-schema-graph\">{\"@context\":\"https:\/\/schema.org\",\"@graph\":[{\"@type\":\"WebPage\",\"@id\":\"https:\/\/mefp.grupopiquer.com\/inscripciones\/producto\/hott02-aproximacion-a-la-sostenibilidad-y-concepto-circular-10-horas\/\",\"url\":\"https:\/\/mefp.grupopiquer.com\/inscripciones\/producto\/hott02-aproximacion-a-la-sostenibilidad-y-concepto-circular-10-horas\/\",\"name\":\"HOTT02 - Aproximaci\u00f3n a la Sostenibilidad y Concepto Circular (10 horas) - Contenidos Online\",\"isPartOf\":{\"@id\":\"https:\/\/mefp.grupopiquer.com\/inscripciones\/#website\"},\"primaryImageOfPage\":{\"@id\":\"https:\/\/mefp.grupopiquer.com\/inscripciones\/producto\/hott02-aproximacion-a-la-sostenibilidad-y-concepto-circular-10-horas\/#primaryimage\"},\"image\":{\"@id\":\"https:\/\/mefp.grupopiquer.com\/inscripciones\/producto\/hott02-aproximacion-a-la-sostenibilidad-y-concepto-circular-10-horas\/#primaryimage\"},\"thumbnailUrl\":\"https:\/\/mefp.grupopiquer.com\/inscripciones\/wp-content\/uploads\/2023\/05\/9YTlpOzor2HHNyhp_SJYKQeHYab4WWDAf-stock-image-e1683208422167.jpg\",\"datePublished\":\"2023-12-28T09:00:18+00:00\",\"dateModified\":\"2023-12-28T09:05:51+00:00\",\"description\":\"Contenidos Online - HOTT02 - Aproximaci\u00f3n a la Sostenibilidad y Concepto Circular (10 horas) - Turismo\",\"breadcrumb\":{\"@id\":\"https:\/\/mefp.grupopiquer.com\/inscripciones\/producto\/hott02-aproximacion-a-la-sostenibilidad-y-concepto-circular-10-horas\/#breadcrumb\"},\"inLanguage\":\"es\",\"potentialAction\":[{\"@type\":\"ReadAction\",\"target\":[\"https:\/\/mefp.grupopiquer.com\/inscripciones\/producto\/hott02-aproximacion-a-la-sostenibilidad-y-concepto-circular-10-horas\/\"]}]},{\"@type\":\"ImageObject\",\"inLanguage\":\"es\",\"@id\":\"https:\/\/mefp.grupopiquer.com\/inscripciones\/producto\/hott02-aproximacion-a-la-sostenibilidad-y-concepto-circular-10-horas\/#primaryimage\",\"url\":\"https:\/\/mefp.grupopiquer.com\/inscripciones\/wp-content\/uploads\/2023\/05\/9YTlpOzor2HHNyhp_SJYKQeHYab4WWDAf-stock-image-e1683208422167.jpg\",\"contentUrl\":\"https:\/\/mefp.grupopiquer.com\/inscripciones\/wp-content\/uploads\/2023\/05\/9YTlpOzor2HHNyhp_SJYKQeHYab4WWDAf-stock-image-e1683208422167.jpg\",\"width\":1680,\"height\":945},{\"@type\":\"BreadcrumbList\",\"@id\":\"https:\/\/mefp.grupopiquer.com\/inscripciones\/producto\/hott02-aproximacion-a-la-sostenibilidad-y-concepto-circular-10-horas\/#breadcrumb\",\"itemListElement\":[{\"@type\":\"ListItem\",\"position\":1,\"name\":\"Portada\",\"item\":\"https:\/\/mefp.grupopiquer.com\/inscripciones\/\"},{\"@type\":\"ListItem\",\"position\":2,\"name\":\"Tienda\",\"item\":\"https:\/\/mefp.grupopiquer.com\/inscripciones\/tienda\/\"},{\"@type\":\"ListItem\",\"position\":3,\"name\":\"HOTT02 &#8211; Aproximaci\u00f3n a la Sostenibilidad y Concepto Circular (10 horas)\"}]},{\"@type\":\"WebSite\",\"@id\":\"https:\/\/mefp.grupopiquer.com\/inscripciones\/#website\",\"url\":\"https:\/\/mefp.grupopiquer.com\/inscripciones\/\",\"name\":\"Contenidos Online\",\"description\":\"\",\"publisher\":{\"@id\":\"https:\/\/mefp.grupopiquer.com\/inscripciones\/#organization\"},\"potentialAction\":[{\"@type\":\"SearchAction\",\"target\":{\"@type\":\"EntryPoint\",\"urlTemplate\":\"https:\/\/mefp.grupopiquer.com\/inscripciones\/?s={search_term_string}\"},\"query-input\":{\"@type\":\"PropertyValueSpecification\",\"valueRequired\":true,\"valueName\":\"search_term_string\"}}],\"inLanguage\":\"es\"},{\"@type\":\"Organization\",\"@id\":\"https:\/\/mefp.grupopiquer.com\/inscripciones\/#organization\",\"name\":\"Contenidos Online\",\"url\":\"https:\/\/mefp.grupopiquer.com\/inscripciones\/\",\"logo\":{\"@type\":\"ImageObject\",\"inLanguage\":\"es\",\"@id\":\"https:\/\/mefp.grupopiquer.com\/inscripciones\/#\/schema\/logo\/image\/\",\"url\":\"\",\"contentUrl\":\"\",\"caption\":\"Contenidos Online\"},\"image\":{\"@id\":\"https:\/\/mefp.grupopiquer.com\/inscripciones\/#\/schema\/logo\/image\/\"}}]}<\/script>\n<!-- \/ Yoast SEO plugin. -->","yoast_head_json":{"title":"HOTT02 - Aproximaci\u00f3n a la Sostenibilidad y Concepto Circular (10 horas) - Contenidos Online","description":"Contenidos Online - HOTT02 - Aproximaci\u00f3n a la Sostenibilidad y Concepto Circular (10 horas) - Turismo","robots":{"index":"index","follow":"follow","max-snippet":"max-snippet:-1","max-image-preview":"max-image-preview:large","max-video-preview":"max-video-preview:-1"},"canonical":"https:\/\/mefp.grupopiquer.com\/inscripciones\/producto\/hott02-aproximacion-a-la-sostenibilidad-y-concepto-circular-10-horas\/","og_locale":"es_ES","og_type":"article","og_title":"HOTT02 - Aproximaci\u00f3n a la Sostenibilidad y Concepto Circular (10 horas) - Contenidos Online","og_description":"Contenidos Online - HOTT02 - Aproximaci\u00f3n a la Sostenibilidad y Concepto Circular (10 horas) - Turismo","og_url":"https:\/\/mefp.grupopiquer.com\/inscripciones\/producto\/hott02-aproximacion-a-la-sostenibilidad-y-concepto-circular-10-horas\/","og_site_name":"Contenidos Online","article_modified_time":"2023-12-28T09:05:51+00:00","og_image":[{"width":1680,"height":945,"url":"https:\/\/mefp.grupopiquer.com\/inscripciones\/wp-content\/uploads\/2023\/05\/9YTlpOzor2HHNyhp_SJYKQeHYab4WWDAf-stock-image-e1683208422167.jpg","type":"image\/jpeg"}],"twitter_card":"summary_large_image","twitter_misc":{"Tiempo de lectura":"2 minutos"},"schema":{"@context":"https:\/\/schema.org","@graph":[{"@type":"WebPage","@id":"https:\/\/mefp.grupopiquer.com\/inscripciones\/producto\/hott02-aproximacion-a-la-sostenibilidad-y-concepto-circular-10-horas\/","url":"https:\/\/mefp.grupopiquer.com\/inscripciones\/producto\/hott02-aproximacion-a-la-sostenibilidad-y-concepto-circular-10-horas\/","name":"HOTT02 - Aproximaci\u00f3n a la Sostenibilidad y Concepto Circular (10 horas) - Contenidos Online","isPartOf":{"@id":"https:\/\/mefp.grupopiquer.com\/inscripciones\/#website"},"primaryImageOfPage":{"@id":"https:\/\/mefp.grupopiquer.com\/inscripciones\/producto\/hott02-aproximacion-a-la-sostenibilidad-y-concepto-circular-10-horas\/#primaryimage"},"image":{"@id":"https:\/\/mefp.grupopiquer.com\/inscripciones\/producto\/hott02-aproximacion-a-la-sostenibilidad-y-concepto-circular-10-horas\/#primaryimage"},"thumbnailUrl":"https:\/\/mefp.grupopiquer.com\/inscripciones\/wp-content\/uploads\/2023\/05\/9YTlpOzor2HHNyhp_SJYKQeHYab4WWDAf-stock-image-e1683208422167.jpg","datePublished":"2023-12-28T09:00:18+00:00","dateModified":"2023-12-28T09:05:51+00:00","description":"Contenidos Online - HOTT02 - Aproximaci\u00f3n a la Sostenibilidad y Concepto Circular (10 horas) - Turismo","breadcrumb":{"@id":"https:\/\/mefp.grupopiquer.com\/inscripciones\/producto\/hott02-aproximacion-a-la-sostenibilidad-y-concepto-circular-10-horas\/#breadcrumb"},"inLanguage":"es","potentialAction":[{"@type":"ReadAction","target":["https:\/\/mefp.grupopiquer.com\/inscripciones\/producto\/hott02-aproximacion-a-la-sostenibilidad-y-concepto-circular-10-horas\/"]}]},{"@type":"ImageObject","inLanguage":"es","@id":"https:\/\/mefp.grupopiquer.com\/inscripciones\/producto\/hott02-aproximacion-a-la-sostenibilidad-y-concepto-circular-10-horas\/#primaryimage","url":"https:\/\/mefp.grupopiquer.com\/inscripciones\/wp-content\/uploads\/2023\/05\/9YTlpOzor2HHNyhp_SJYKQeHYab4WWDAf-stock-image-e1683208422167.jpg","contentUrl":"https:\/\/mefp.grupopiquer.com\/inscripciones\/wp-content\/uploads\/2023\/05\/9YTlpOzor2HHNyhp_SJYKQeHYab4WWDAf-stock-image-e1683208422167.jpg","width":1680,"height":945},{"@type":"BreadcrumbList","@id":"https:\/\/mefp.grupopiquer.com\/inscripciones\/producto\/hott02-aproximacion-a-la-sostenibilidad-y-concepto-circular-10-horas\/#breadcrumb","itemListElement":[{"@type":"ListItem","position":1,"name":"Portada","item":"https:\/\/mefp.grupopiquer.com\/inscripciones\/"},{"@type":"ListItem","position":2,"name":"Tienda","item":"https:\/\/mefp.grupopiquer.com\/inscripciones\/tienda\/"},{"@type":"ListItem","position":3,"name":"HOTT02 &#8211; Aproximaci\u00f3n a la Sostenibilidad y Concepto Circular (10 horas)"}]},{"@type":"WebSite","@id":"https:\/\/mefp.grupopiquer.com\/inscripciones\/#website","url":"https:\/\/mefp.grupopiquer.com\/inscripciones\/","name":"Contenidos Online","description":"","publisher":{"@id":"https:\/\/mefp.grupopiquer.com\/inscripciones\/#organization"},"potentialAction":[{"@type":"SearchAction","target":{"@type":"EntryPoint","urlTemplate":"https:\/\/mefp.grupopiquer.com\/inscripciones\/?s={search_term_string}"},"query-input":{"@type":"PropertyValueSpecification","valueRequired":true,"valueName":"search_term_string"}}],"inLanguage":"es"},{"@type":"Organization","@id":"https:\/\/mefp.grupopiquer.com\/inscripciones\/#organization","name":"Contenidos Online","url":"https:\/\/mefp.grupopiquer.com\/inscripciones\/","logo":{"@type":"ImageObject","inLanguage":"es","@id":"https:\/\/mefp.grupopiquer.com\/inscripciones\/#\/schema\/logo\/image\/","url":"","contentUrl":"","caption":"Contenidos Online"},"image":{"@id":"https:\/\/mefp.grupopiquer.com\/inscripciones\/#\/schema\/logo\/image\/"}}]}},"_links":{"self":[{"href":"https:\/\/mefp.grupopiquer.com\/inscripciones\/wp-json\/wp\/v2\/product\/9120"}],"collection":[{"href":"https:\/\/mefp.grupopiquer.com\/inscripciones\/wp-json\/wp\/v2\/product"}],"about":[{"href":"https:\/\/mefp.grupopiquer.com\/inscripciones\/wp-json\/wp\/v2\/types\/product"}],"replies":[{"embeddable":true,"href":"https:\/\/mefp.grupopiquer.com\/inscripciones\/wp-json\/wp\/v2\/comments?post=9120"}],"wp:featuredmedia":[{"embeddable":true,"href":"https:\/\/mefp.grupopiquer.com\/inscripciones\/wp-json\/wp\/v2\/media\/5031"}],"wp:attachment":[{"href":"https:\/\/mefp.grupopiquer.com\/inscripciones\/wp-json\/wp\/v2\/media?parent=9120"}],"wp:term":[{"taxonomy":"product_cat","embeddable":true,"href":"https:\/\/mefp.grupopiquer.com\/inscripciones\/wp-json\/wp\/v2\/product_cat?post=9120"},{"taxonomy":"product_tag","embeddable":true,"href":"https:\/\/mefp.grupopiquer.com\/inscripciones\/wp-json\/wp\/v2\/product_tag?post=9120"}],"curies":[{"name":"wp","href":"https:\/\/api.w.org\/{rel}","templated":true}]}}