{"id":9112,"date":"2023-12-27T16:49:05","date_gmt":"2023-12-27T16:49:05","guid":{"rendered":"https:\/\/mefp.grupopiquer.com\/inscripciones\/?post_type=product&#038;p=9112"},"modified":"2023-12-27T16:49:06","modified_gmt":"2023-12-27T16:49:06","slug":"ctrl0014-aleman-basico-100-horas","status":"publish","type":"product","link":"https:\/\/mefp.grupopiquer.com\/inscripciones\/producto\/ctrl0014-aleman-basico-100-horas\/","title":{"rendered":"CTRL0014 &#8211; Alem\u00e1n B\u00e1sico (100 horas)"},"content":{"rendered":"<div id=\"accordion\">\n<h3>OBJETIVOS<\/h3>\n<div>Capacitar al alumno para comprender y utilizar expresiones cotidianas de uso muy frecuente, as\u00ed como, frases sencillas destinadas a satisfacer necesidades de tipo inmediato como presentarse a s\u00ed mismo y a otros, pedir y dar informaci\u00f3n personal b\u00e1sica sobre su domicilio, sus pertenencias y las personas que conoce, y relacionarse de forma elemental siempre que su interlocutor hable despacio y con claridad y est\u00e9 dispuesto a cooperar.<\/div>\n<h3>CONTENIDOS<\/h3>\n<div>1. MORFOLOG\u00cdA<br \/>\n1.1. El alfabeto.<br \/>\n1.2. La acentuaci\u00f3n.<br \/>\n1.3. Saludos\/Despedidas.<br \/>\n1.4. Verbos Haben\/Sein.<br \/>\n1.5. N\u00fameros del 0 al 20.<br \/>\n1.6. Verbos.2. SINTAXIS<br \/>\n2.1. Pronombres personales.<br \/>\n2.2. Frases interrogativas.<br \/>\n2.3. Conjugaci\u00f3n de verbos irregulares.<br \/>\n2.4. La familia.<br \/>\n2.5. Estructura de la oraci\u00f3n interrogativa, positiva y negativa en alem\u00e1n.<br \/>\n2.6. N\u00fameros del 20 al 100.<br \/>\n2.7. Verbos.<\/p>\n<p>3. UTILIZACI\u00d3N DE LA FON\u00c9TICA<br \/>\n3.1. La comida.<br \/>\n3.2. Las partes del cuerpo.<br \/>\n3.3. Art\u00edculo determinado, art\u00edculo indeterminado y el art\u00edculo negativo.<br \/>\n3.4. Pronombres posesivos.<br \/>\n3.5. Los d\u00edas de la semana.<br \/>\n3.6. Las estaciones.<br \/>\n3.7. Los adjetivos.<br \/>\n3.8. Las horas.<br \/>\n3.9. Verbos.<\/p>\n<p>4. APLICACI\u00d3N DE VOCABULARIO<br \/>\n4.1. Los meses del a\u00f1o.<br \/>\n4.2. Comparativo y superlativo.<br \/>\n4.3. Parte de una casa.<br \/>\n4.4. Adverbios.<br \/>\n4.5. Descripci\u00f3n.<br \/>\n4.6. Verbos modales.<br \/>\n4.7. Preposiciones.<br \/>\n4.8. Los colores.<br \/>\n4.9. Verbos.<\/p>\n<p>5. MANEJO DE ESTRUCTURAS GRAMATICALES<br \/>\n5.1. Los deportes.<br \/>\n5.2. Las profesiones.<br \/>\n5.3. La ropa.<br \/>\n5.4. Adverbios y conjunciones.<br \/>\n5.5. El imperativo.<br \/>\n5.6. El participio.<br \/>\n5.7. El pret\u00e9rito perfecto.<br \/>\n5.8. Los n\u00fameros ordinales.<br \/>\n5.9. Verbos.<\/p>\n<\/div>\n<\/div>\n","protected":false},"excerpt":{"rendered":"<p>Capacitar al alumno para comprender y utilizar expresiones cotidianas de uso muy frecuente, as\u00ed como, frases sencillas destinadas a satisfacer necesidades de tipo inmediato como presentarse a s\u00ed mismo y a otros, pedir y dar informaci\u00f3n personal<br \/>\nb\u00e1sica sobre su domicilio, sus pertenencias y las personas que conoce, y relacionarse<br \/>\nde forma elemental siempre que su interlocutor hable despacio y con claridad y est\u00e9<br \/>\ndispuesto a cooperar.<\/p>\n","protected":false},"featured_media":5064,"comment_status":"closed","ping_status":"closed","template":"","meta":[],"product_cat":[117],"product_tag":[],"class_list":{"0":"post-9112","1":"product","2":"type-product","3":"status-publish","4":"has-post-thumbnail","6":"product_cat-lenguas-extranjeras","8":"first","9":"instock","10":"taxable","11":"shipping-taxable","12":"purchasable","13":"product-type-simple"},"yoast_head":"<!-- This site is optimized with the Yoast SEO plugin v23.5 - https:\/\/yoast.com\/wordpress\/plugins\/seo\/ -->\n<title>CTRL0014 - Alem\u00e1n B\u00e1sico (100 horas) - Contenidos Online<\/title>\n<meta name=\"description\" content=\"Contenidos Online - CTRL0014 - Alem\u00e1n B\u00e1sico (100 horas) - Lenguas Extranjeras\" \/>\n<meta name=\"robots\" content=\"index, follow, max-snippet:-1, max-image-preview:large, max-video-preview:-1\" \/>\n<link rel=\"canonical\" href=\"https:\/\/mefp.grupopiquer.com\/inscripciones\/producto\/ctrl0014-aleman-basico-100-horas\/\" \/>\n<meta property=\"og:locale\" content=\"es_ES\" \/>\n<meta property=\"og:type\" content=\"article\" \/>\n<meta property=\"og:title\" content=\"CTRL0014 - Alem\u00e1n B\u00e1sico (100 horas) - Contenidos Online\" \/>\n<meta property=\"og:description\" content=\"Contenidos Online - CTRL0014 - Alem\u00e1n B\u00e1sico (100 horas) - Lenguas Extranjeras\" \/>\n<meta property=\"og:url\" content=\"https:\/\/mefp.grupopiquer.com\/inscripciones\/producto\/ctrl0014-aleman-basico-100-horas\/\" \/>\n<meta property=\"og:site_name\" content=\"Contenidos Online\" \/>\n<meta property=\"article:modified_time\" content=\"2023-12-27T16:49:06+00:00\" \/>\n<meta property=\"og:image\" content=\"https:\/\/mefp.grupopiquer.com\/inscripciones\/wp-content\/uploads\/2023\/05\/RAPJDWeetGkc_3LN_C1aCJeBelnDj7OYh-e1683210057758.jpg\" \/>\n\t<meta property=\"og:image:width\" content=\"1680\" \/>\n\t<meta property=\"og:image:height\" content=\"945\" \/>\n\t<meta property=\"og:image:type\" content=\"image\/jpeg\" \/>\n<meta name=\"twitter:card\" content=\"summary_large_image\" \/>\n<meta name=\"twitter:label1\" content=\"Tiempo de lectura\" \/>\n\t<meta name=\"twitter:data1\" content=\"2 minutos\" \/>\n<script type=\"application\/ld+json\" class=\"yoast-schema-graph\">{\"@context\":\"https:\/\/schema.org\",\"@graph\":[{\"@type\":\"WebPage\",\"@id\":\"https:\/\/mefp.grupopiquer.com\/inscripciones\/producto\/ctrl0014-aleman-basico-100-horas\/\",\"url\":\"https:\/\/mefp.grupopiquer.com\/inscripciones\/producto\/ctrl0014-aleman-basico-100-horas\/\",\"name\":\"CTRL0014 - Alem\u00e1n B\u00e1sico (100 horas) - Contenidos Online\",\"isPartOf\":{\"@id\":\"https:\/\/mefp.grupopiquer.com\/inscripciones\/#website\"},\"primaryImageOfPage\":{\"@id\":\"https:\/\/mefp.grupopiquer.com\/inscripciones\/producto\/ctrl0014-aleman-basico-100-horas\/#primaryimage\"},\"image\":{\"@id\":\"https:\/\/mefp.grupopiquer.com\/inscripciones\/producto\/ctrl0014-aleman-basico-100-horas\/#primaryimage\"},\"thumbnailUrl\":\"https:\/\/mefp.grupopiquer.com\/inscripciones\/wp-content\/uploads\/2023\/05\/RAPJDWeetGkc_3LN_C1aCJeBelnDj7OYh-e1683210057758.jpg\",\"datePublished\":\"2023-12-27T16:49:05+00:00\",\"dateModified\":\"2023-12-27T16:49:06+00:00\",\"description\":\"Contenidos Online - CTRL0014 - Alem\u00e1n B\u00e1sico (100 horas) - Lenguas Extranjeras\",\"breadcrumb\":{\"@id\":\"https:\/\/mefp.grupopiquer.com\/inscripciones\/producto\/ctrl0014-aleman-basico-100-horas\/#breadcrumb\"},\"inLanguage\":\"es\",\"potentialAction\":[{\"@type\":\"ReadAction\",\"target\":[\"https:\/\/mefp.grupopiquer.com\/inscripciones\/producto\/ctrl0014-aleman-basico-100-horas\/\"]}]},{\"@type\":\"ImageObject\",\"inLanguage\":\"es\",\"@id\":\"https:\/\/mefp.grupopiquer.com\/inscripciones\/producto\/ctrl0014-aleman-basico-100-horas\/#primaryimage\",\"url\":\"https:\/\/mefp.grupopiquer.com\/inscripciones\/wp-content\/uploads\/2023\/05\/RAPJDWeetGkc_3LN_C1aCJeBelnDj7OYh-e1683210057758.jpg\",\"contentUrl\":\"https:\/\/mefp.grupopiquer.com\/inscripciones\/wp-content\/uploads\/2023\/05\/RAPJDWeetGkc_3LN_C1aCJeBelnDj7OYh-e1683210057758.jpg\",\"width\":1680,\"height\":945},{\"@type\":\"BreadcrumbList\",\"@id\":\"https:\/\/mefp.grupopiquer.com\/inscripciones\/producto\/ctrl0014-aleman-basico-100-horas\/#breadcrumb\",\"itemListElement\":[{\"@type\":\"ListItem\",\"position\":1,\"name\":\"Portada\",\"item\":\"https:\/\/mefp.grupopiquer.com\/inscripciones\/\"},{\"@type\":\"ListItem\",\"position\":2,\"name\":\"Tienda\",\"item\":\"https:\/\/mefp.grupopiquer.com\/inscripciones\/tienda\/\"},{\"@type\":\"ListItem\",\"position\":3,\"name\":\"CTRL0014 &#8211; Alem\u00e1n B\u00e1sico (100 horas)\"}]},{\"@type\":\"WebSite\",\"@id\":\"https:\/\/mefp.grupopiquer.com\/inscripciones\/#website\",\"url\":\"https:\/\/mefp.grupopiquer.com\/inscripciones\/\",\"name\":\"Contenidos Online\",\"description\":\"\",\"publisher\":{\"@id\":\"https:\/\/mefp.grupopiquer.com\/inscripciones\/#organization\"},\"potentialAction\":[{\"@type\":\"SearchAction\",\"target\":{\"@type\":\"EntryPoint\",\"urlTemplate\":\"https:\/\/mefp.grupopiquer.com\/inscripciones\/?s={search_term_string}\"},\"query-input\":{\"@type\":\"PropertyValueSpecification\",\"valueRequired\":true,\"valueName\":\"search_term_string\"}}],\"inLanguage\":\"es\"},{\"@type\":\"Organization\",\"@id\":\"https:\/\/mefp.grupopiquer.com\/inscripciones\/#organization\",\"name\":\"Contenidos Online\",\"url\":\"https:\/\/mefp.grupopiquer.com\/inscripciones\/\",\"logo\":{\"@type\":\"ImageObject\",\"inLanguage\":\"es\",\"@id\":\"https:\/\/mefp.grupopiquer.com\/inscripciones\/#\/schema\/logo\/image\/\",\"url\":\"\",\"contentUrl\":\"\",\"caption\":\"Contenidos Online\"},\"image\":{\"@id\":\"https:\/\/mefp.grupopiquer.com\/inscripciones\/#\/schema\/logo\/image\/\"}}]}<\/script>\n<!-- \/ Yoast SEO plugin. -->","yoast_head_json":{"title":"CTRL0014 - Alem\u00e1n B\u00e1sico (100 horas) - Contenidos Online","description":"Contenidos Online - CTRL0014 - Alem\u00e1n B\u00e1sico (100 horas) - Lenguas Extranjeras","robots":{"index":"index","follow":"follow","max-snippet":"max-snippet:-1","max-image-preview":"max-image-preview:large","max-video-preview":"max-video-preview:-1"},"canonical":"https:\/\/mefp.grupopiquer.com\/inscripciones\/producto\/ctrl0014-aleman-basico-100-horas\/","og_locale":"es_ES","og_type":"article","og_title":"CTRL0014 - Alem\u00e1n B\u00e1sico (100 horas) - Contenidos Online","og_description":"Contenidos Online - CTRL0014 - Alem\u00e1n B\u00e1sico (100 horas) - Lenguas Extranjeras","og_url":"https:\/\/mefp.grupopiquer.com\/inscripciones\/producto\/ctrl0014-aleman-basico-100-horas\/","og_site_name":"Contenidos Online","article_modified_time":"2023-12-27T16:49:06+00:00","og_image":[{"width":1680,"height":945,"url":"https:\/\/mefp.grupopiquer.com\/inscripciones\/wp-content\/uploads\/2023\/05\/RAPJDWeetGkc_3LN_C1aCJeBelnDj7OYh-e1683210057758.jpg","type":"image\/jpeg"}],"twitter_card":"summary_large_image","twitter_misc":{"Tiempo de lectura":"2 minutos"},"schema":{"@context":"https:\/\/schema.org","@graph":[{"@type":"WebPage","@id":"https:\/\/mefp.grupopiquer.com\/inscripciones\/producto\/ctrl0014-aleman-basico-100-horas\/","url":"https:\/\/mefp.grupopiquer.com\/inscripciones\/producto\/ctrl0014-aleman-basico-100-horas\/","name":"CTRL0014 - Alem\u00e1n B\u00e1sico (100 horas) - Contenidos Online","isPartOf":{"@id":"https:\/\/mefp.grupopiquer.com\/inscripciones\/#website"},"primaryImageOfPage":{"@id":"https:\/\/mefp.grupopiquer.com\/inscripciones\/producto\/ctrl0014-aleman-basico-100-horas\/#primaryimage"},"image":{"@id":"https:\/\/mefp.grupopiquer.com\/inscripciones\/producto\/ctrl0014-aleman-basico-100-horas\/#primaryimage"},"thumbnailUrl":"https:\/\/mefp.grupopiquer.com\/inscripciones\/wp-content\/uploads\/2023\/05\/RAPJDWeetGkc_3LN_C1aCJeBelnDj7OYh-e1683210057758.jpg","datePublished":"2023-12-27T16:49:05+00:00","dateModified":"2023-12-27T16:49:06+00:00","description":"Contenidos Online - CTRL0014 - Alem\u00e1n B\u00e1sico (100 horas) - Lenguas Extranjeras","breadcrumb":{"@id":"https:\/\/mefp.grupopiquer.com\/inscripciones\/producto\/ctrl0014-aleman-basico-100-horas\/#breadcrumb"},"inLanguage":"es","potentialAction":[{"@type":"ReadAction","target":["https:\/\/mefp.grupopiquer.com\/inscripciones\/producto\/ctrl0014-aleman-basico-100-horas\/"]}]},{"@type":"ImageObject","inLanguage":"es","@id":"https:\/\/mefp.grupopiquer.com\/inscripciones\/producto\/ctrl0014-aleman-basico-100-horas\/#primaryimage","url":"https:\/\/mefp.grupopiquer.com\/inscripciones\/wp-content\/uploads\/2023\/05\/RAPJDWeetGkc_3LN_C1aCJeBelnDj7OYh-e1683210057758.jpg","contentUrl":"https:\/\/mefp.grupopiquer.com\/inscripciones\/wp-content\/uploads\/2023\/05\/RAPJDWeetGkc_3LN_C1aCJeBelnDj7OYh-e1683210057758.jpg","width":1680,"height":945},{"@type":"BreadcrumbList","@id":"https:\/\/mefp.grupopiquer.com\/inscripciones\/producto\/ctrl0014-aleman-basico-100-horas\/#breadcrumb","itemListElement":[{"@type":"ListItem","position":1,"name":"Portada","item":"https:\/\/mefp.grupopiquer.com\/inscripciones\/"},{"@type":"ListItem","position":2,"name":"Tienda","item":"https:\/\/mefp.grupopiquer.com\/inscripciones\/tienda\/"},{"@type":"ListItem","position":3,"name":"CTRL0014 &#8211; Alem\u00e1n B\u00e1sico (100 horas)"}]},{"@type":"WebSite","@id":"https:\/\/mefp.grupopiquer.com\/inscripciones\/#website","url":"https:\/\/mefp.grupopiquer.com\/inscripciones\/","name":"Contenidos Online","description":"","publisher":{"@id":"https:\/\/mefp.grupopiquer.com\/inscripciones\/#organization"},"potentialAction":[{"@type":"SearchAction","target":{"@type":"EntryPoint","urlTemplate":"https:\/\/mefp.grupopiquer.com\/inscripciones\/?s={search_term_string}"},"query-input":{"@type":"PropertyValueSpecification","valueRequired":true,"valueName":"search_term_string"}}],"inLanguage":"es"},{"@type":"Organization","@id":"https:\/\/mefp.grupopiquer.com\/inscripciones\/#organization","name":"Contenidos Online","url":"https:\/\/mefp.grupopiquer.com\/inscripciones\/","logo":{"@type":"ImageObject","inLanguage":"es","@id":"https:\/\/mefp.grupopiquer.com\/inscripciones\/#\/schema\/logo\/image\/","url":"","contentUrl":"","caption":"Contenidos Online"},"image":{"@id":"https:\/\/mefp.grupopiquer.com\/inscripciones\/#\/schema\/logo\/image\/"}}]}},"_links":{"self":[{"href":"https:\/\/mefp.grupopiquer.com\/inscripciones\/wp-json\/wp\/v2\/product\/9112"}],"collection":[{"href":"https:\/\/mefp.grupopiquer.com\/inscripciones\/wp-json\/wp\/v2\/product"}],"about":[{"href":"https:\/\/mefp.grupopiquer.com\/inscripciones\/wp-json\/wp\/v2\/types\/product"}],"replies":[{"embeddable":true,"href":"https:\/\/mefp.grupopiquer.com\/inscripciones\/wp-json\/wp\/v2\/comments?post=9112"}],"wp:featuredmedia":[{"embeddable":true,"href":"https:\/\/mefp.grupopiquer.com\/inscripciones\/wp-json\/wp\/v2\/media\/5064"}],"wp:attachment":[{"href":"https:\/\/mefp.grupopiquer.com\/inscripciones\/wp-json\/wp\/v2\/media?parent=9112"}],"wp:term":[{"taxonomy":"product_cat","embeddable":true,"href":"https:\/\/mefp.grupopiquer.com\/inscripciones\/wp-json\/wp\/v2\/product_cat?post=9112"},{"taxonomy":"product_tag","embeddable":true,"href":"https:\/\/mefp.grupopiquer.com\/inscripciones\/wp-json\/wp\/v2\/product_tag?post=9112"}],"curies":[{"name":"wp","href":"https:\/\/api.w.org\/{rel}","templated":true}]}}