{"id":9107,"date":"2023-12-27T16:30:21","date_gmt":"2023-12-27T16:30:21","guid":{"rendered":"https:\/\/mefp.grupopiquer.com\/inscripciones\/?post_type=product&#038;p=9107"},"modified":"2023-12-28T08:41:56","modified_gmt":"2023-12-28T08:41:56","slug":"ssce115po-musicoterapia-en-la-discapacidad-30-horas","status":"publish","type":"product","link":"https:\/\/mefp.grupopiquer.com\/inscripciones\/producto\/ssce115po-musicoterapia-en-la-discapacidad-30-horas\/","title":{"rendered":"SSCE115PO &#8211; Musicoterapia en la Discapacidad (30 horas)"},"content":{"rendered":"<div id=\"accordion\">\n<h3>OBJETIVOS<\/h3>\n<div>Aplicar y utilizar la m\u00fasica como t\u00e9cnica terap\u00e9utica en las\/los alumnas\/as de educaci\u00f3n especial.<\/div>\n<h3>CONTENIDOS<\/h3>\n<div>\n<p>1. INTRODUCCION A LA MUSICOTERAPIA.<br \/>\n1.1. Definici\u00f3n, funciones y objetivos.<br \/>\n1.2. \u00c1mbitos de aplicaci\u00f3n.<\/p>\n<p>2. T\u00c9CNICAS DE MUSICOTERAPIA<br \/>\n2.1. Relajaci\u00f3n<br \/>\n2.2. Respiraci\u00f3n,<br \/>\n2.3. Audiciones musicales,<br \/>\n2.4. Actividad r\u00edtmica simple,<br \/>\n2.5. Exploraci\u00f3n de sonidos corporales, instrumentales y vocales e improvisaci\u00f3n.<br \/>\n3. ESTIMULACION TEMPRANA A TRAV\u00c9S DE LA MUSICOTERAPIA.<\/p>\n<p>3.1. La musicoterapia en personas sordas, discapacitadas fisicamente, con paralisis cerebral y deficiencias mentales, y autistas.<\/p>\n<p>4. EJERCICIOS PR\u00c1CTICOS CON MUSICOTERAPIA.<\/p>\n<p>5. PREVENCION DE RIESGOS LABORALES.<br \/>\n5.1. Definici\u00f3n de conceptos: salud laboral y trabajo, salud medioambiental, identificaci\u00f3n de riesgos en el puesto de trabajo.<br \/>\n5.2. Accidentes y enfermedades profesionales propias del puesto de trabajo.<br \/>\n5.3. Marco legal y participaci\u00f3n de los\/las trabajadores\/as.<\/p>\n<\/div>\n<\/div>\n","protected":false},"excerpt":{"rendered":"<p>Aplicar y utilizar la m\u00fasica como t\u00e9cnica terap\u00e9utica en las\/los alumnas\/as de educaci\u00f3n especial.<\/p>\n","protected":false},"featured_media":9086,"comment_status":"closed","ping_status":"closed","template":"","meta":[],"product_cat":[103],"product_tag":[],"class_list":{"0":"post-9107","1":"product","2":"type-product","3":"status-publish","4":"has-post-thumbnail","6":"product_cat-formacion-y-educacion","8":"first","9":"instock","10":"taxable","11":"shipping-taxable","12":"purchasable","13":"product-type-simple"},"yoast_head":"<!-- This site is optimized with the Yoast SEO plugin v23.5 - https:\/\/yoast.com\/wordpress\/plugins\/seo\/ -->\n<title>SSCE115PO - Musicoterapia en la Discapacidad (30 horas) - Contenidos Online<\/title>\n<meta name=\"description\" content=\"Contenidos Online - SSCE115PO - Musicoterapia en la Discapacidad (30 horas) - Formaci\u00f3n y Educaci\u00f3n\" \/>\n<meta name=\"robots\" content=\"index, follow, max-snippet:-1, max-image-preview:large, max-video-preview:-1\" \/>\n<link rel=\"canonical\" href=\"https:\/\/mefp.grupopiquer.com\/inscripciones\/producto\/ssce115po-musicoterapia-en-la-discapacidad-30-horas\/\" \/>\n<meta property=\"og:locale\" content=\"es_ES\" \/>\n<meta property=\"og:type\" content=\"article\" \/>\n<meta property=\"og:title\" content=\"SSCE115PO - Musicoterapia en la Discapacidad (30 horas) - Contenidos Online\" \/>\n<meta property=\"og:description\" content=\"Contenidos Online - SSCE115PO - Musicoterapia en la Discapacidad (30 horas) - Formaci\u00f3n y Educaci\u00f3n\" \/>\n<meta property=\"og:url\" content=\"https:\/\/mefp.grupopiquer.com\/inscripciones\/producto\/ssce115po-musicoterapia-en-la-discapacidad-30-horas\/\" \/>\n<meta property=\"og:site_name\" content=\"Contenidos Online\" \/>\n<meta property=\"article:modified_time\" content=\"2023-12-28T08:41:56+00:00\" \/>\n<meta property=\"og:image\" content=\"https:\/\/mefp.grupopiquer.com\/inscripciones\/wp-content\/uploads\/2023\/12\/stock-image-e1703672058278.jpg\" \/>\n\t<meta property=\"og:image:width\" content=\"1680\" \/>\n\t<meta property=\"og:image:height\" content=\"946\" \/>\n\t<meta property=\"og:image:type\" content=\"image\/jpeg\" \/>\n<meta name=\"twitter:card\" content=\"summary_large_image\" \/>\n<meta name=\"twitter:label1\" content=\"Tiempo de lectura\" \/>\n\t<meta name=\"twitter:data1\" content=\"1 minuto\" \/>\n<script type=\"application\/ld+json\" class=\"yoast-schema-graph\">{\"@context\":\"https:\/\/schema.org\",\"@graph\":[{\"@type\":\"WebPage\",\"@id\":\"https:\/\/mefp.grupopiquer.com\/inscripciones\/producto\/ssce115po-musicoterapia-en-la-discapacidad-30-horas\/\",\"url\":\"https:\/\/mefp.grupopiquer.com\/inscripciones\/producto\/ssce115po-musicoterapia-en-la-discapacidad-30-horas\/\",\"name\":\"SSCE115PO - Musicoterapia en la Discapacidad (30 horas) - Contenidos Online\",\"isPartOf\":{\"@id\":\"https:\/\/mefp.grupopiquer.com\/inscripciones\/#website\"},\"primaryImageOfPage\":{\"@id\":\"https:\/\/mefp.grupopiquer.com\/inscripciones\/producto\/ssce115po-musicoterapia-en-la-discapacidad-30-horas\/#primaryimage\"},\"image\":{\"@id\":\"https:\/\/mefp.grupopiquer.com\/inscripciones\/producto\/ssce115po-musicoterapia-en-la-discapacidad-30-horas\/#primaryimage\"},\"thumbnailUrl\":\"https:\/\/mefp.grupopiquer.com\/inscripciones\/wp-content\/uploads\/2023\/12\/stock-image-e1703672058278.jpg\",\"datePublished\":\"2023-12-27T16:30:21+00:00\",\"dateModified\":\"2023-12-28T08:41:56+00:00\",\"description\":\"Contenidos Online - SSCE115PO - Musicoterapia en la Discapacidad (30 horas) - Formaci\u00f3n y Educaci\u00f3n\",\"breadcrumb\":{\"@id\":\"https:\/\/mefp.grupopiquer.com\/inscripciones\/producto\/ssce115po-musicoterapia-en-la-discapacidad-30-horas\/#breadcrumb\"},\"inLanguage\":\"es\",\"potentialAction\":[{\"@type\":\"ReadAction\",\"target\":[\"https:\/\/mefp.grupopiquer.com\/inscripciones\/producto\/ssce115po-musicoterapia-en-la-discapacidad-30-horas\/\"]}]},{\"@type\":\"ImageObject\",\"inLanguage\":\"es\",\"@id\":\"https:\/\/mefp.grupopiquer.com\/inscripciones\/producto\/ssce115po-musicoterapia-en-la-discapacidad-30-horas\/#primaryimage\",\"url\":\"https:\/\/mefp.grupopiquer.com\/inscripciones\/wp-content\/uploads\/2023\/12\/stock-image-e1703672058278.jpg\",\"contentUrl\":\"https:\/\/mefp.grupopiquer.com\/inscripciones\/wp-content\/uploads\/2023\/12\/stock-image-e1703672058278.jpg\",\"width\":1680,\"height\":946},{\"@type\":\"BreadcrumbList\",\"@id\":\"https:\/\/mefp.grupopiquer.com\/inscripciones\/producto\/ssce115po-musicoterapia-en-la-discapacidad-30-horas\/#breadcrumb\",\"itemListElement\":[{\"@type\":\"ListItem\",\"position\":1,\"name\":\"Portada\",\"item\":\"https:\/\/mefp.grupopiquer.com\/inscripciones\/\"},{\"@type\":\"ListItem\",\"position\":2,\"name\":\"Tienda\",\"item\":\"https:\/\/mefp.grupopiquer.com\/inscripciones\/tienda\/\"},{\"@type\":\"ListItem\",\"position\":3,\"name\":\"SSCE115PO &#8211; Musicoterapia en la Discapacidad (30 horas)\"}]},{\"@type\":\"WebSite\",\"@id\":\"https:\/\/mefp.grupopiquer.com\/inscripciones\/#website\",\"url\":\"https:\/\/mefp.grupopiquer.com\/inscripciones\/\",\"name\":\"Contenidos Online\",\"description\":\"\",\"publisher\":{\"@id\":\"https:\/\/mefp.grupopiquer.com\/inscripciones\/#organization\"},\"potentialAction\":[{\"@type\":\"SearchAction\",\"target\":{\"@type\":\"EntryPoint\",\"urlTemplate\":\"https:\/\/mefp.grupopiquer.com\/inscripciones\/?s={search_term_string}\"},\"query-input\":{\"@type\":\"PropertyValueSpecification\",\"valueRequired\":true,\"valueName\":\"search_term_string\"}}],\"inLanguage\":\"es\"},{\"@type\":\"Organization\",\"@id\":\"https:\/\/mefp.grupopiquer.com\/inscripciones\/#organization\",\"name\":\"Contenidos Online\",\"url\":\"https:\/\/mefp.grupopiquer.com\/inscripciones\/\",\"logo\":{\"@type\":\"ImageObject\",\"inLanguage\":\"es\",\"@id\":\"https:\/\/mefp.grupopiquer.com\/inscripciones\/#\/schema\/logo\/image\/\",\"url\":\"\",\"contentUrl\":\"\",\"caption\":\"Contenidos Online\"},\"image\":{\"@id\":\"https:\/\/mefp.grupopiquer.com\/inscripciones\/#\/schema\/logo\/image\/\"}}]}<\/script>\n<!-- \/ Yoast SEO plugin. -->","yoast_head_json":{"title":"SSCE115PO - Musicoterapia en la Discapacidad (30 horas) - Contenidos Online","description":"Contenidos Online - SSCE115PO - Musicoterapia en la Discapacidad (30 horas) - Formaci\u00f3n y Educaci\u00f3n","robots":{"index":"index","follow":"follow","max-snippet":"max-snippet:-1","max-image-preview":"max-image-preview:large","max-video-preview":"max-video-preview:-1"},"canonical":"https:\/\/mefp.grupopiquer.com\/inscripciones\/producto\/ssce115po-musicoterapia-en-la-discapacidad-30-horas\/","og_locale":"es_ES","og_type":"article","og_title":"SSCE115PO - Musicoterapia en la Discapacidad (30 horas) - Contenidos Online","og_description":"Contenidos Online - SSCE115PO - Musicoterapia en la Discapacidad (30 horas) - Formaci\u00f3n y Educaci\u00f3n","og_url":"https:\/\/mefp.grupopiquer.com\/inscripciones\/producto\/ssce115po-musicoterapia-en-la-discapacidad-30-horas\/","og_site_name":"Contenidos Online","article_modified_time":"2023-12-28T08:41:56+00:00","og_image":[{"width":1680,"height":946,"url":"https:\/\/mefp.grupopiquer.com\/inscripciones\/wp-content\/uploads\/2023\/12\/stock-image-e1703672058278.jpg","type":"image\/jpeg"}],"twitter_card":"summary_large_image","twitter_misc":{"Tiempo de lectura":"1 minuto"},"schema":{"@context":"https:\/\/schema.org","@graph":[{"@type":"WebPage","@id":"https:\/\/mefp.grupopiquer.com\/inscripciones\/producto\/ssce115po-musicoterapia-en-la-discapacidad-30-horas\/","url":"https:\/\/mefp.grupopiquer.com\/inscripciones\/producto\/ssce115po-musicoterapia-en-la-discapacidad-30-horas\/","name":"SSCE115PO - Musicoterapia en la Discapacidad (30 horas) - Contenidos Online","isPartOf":{"@id":"https:\/\/mefp.grupopiquer.com\/inscripciones\/#website"},"primaryImageOfPage":{"@id":"https:\/\/mefp.grupopiquer.com\/inscripciones\/producto\/ssce115po-musicoterapia-en-la-discapacidad-30-horas\/#primaryimage"},"image":{"@id":"https:\/\/mefp.grupopiquer.com\/inscripciones\/producto\/ssce115po-musicoterapia-en-la-discapacidad-30-horas\/#primaryimage"},"thumbnailUrl":"https:\/\/mefp.grupopiquer.com\/inscripciones\/wp-content\/uploads\/2023\/12\/stock-image-e1703672058278.jpg","datePublished":"2023-12-27T16:30:21+00:00","dateModified":"2023-12-28T08:41:56+00:00","description":"Contenidos Online - SSCE115PO - Musicoterapia en la Discapacidad (30 horas) - Formaci\u00f3n y Educaci\u00f3n","breadcrumb":{"@id":"https:\/\/mefp.grupopiquer.com\/inscripciones\/producto\/ssce115po-musicoterapia-en-la-discapacidad-30-horas\/#breadcrumb"},"inLanguage":"es","potentialAction":[{"@type":"ReadAction","target":["https:\/\/mefp.grupopiquer.com\/inscripciones\/producto\/ssce115po-musicoterapia-en-la-discapacidad-30-horas\/"]}]},{"@type":"ImageObject","inLanguage":"es","@id":"https:\/\/mefp.grupopiquer.com\/inscripciones\/producto\/ssce115po-musicoterapia-en-la-discapacidad-30-horas\/#primaryimage","url":"https:\/\/mefp.grupopiquer.com\/inscripciones\/wp-content\/uploads\/2023\/12\/stock-image-e1703672058278.jpg","contentUrl":"https:\/\/mefp.grupopiquer.com\/inscripciones\/wp-content\/uploads\/2023\/12\/stock-image-e1703672058278.jpg","width":1680,"height":946},{"@type":"BreadcrumbList","@id":"https:\/\/mefp.grupopiquer.com\/inscripciones\/producto\/ssce115po-musicoterapia-en-la-discapacidad-30-horas\/#breadcrumb","itemListElement":[{"@type":"ListItem","position":1,"name":"Portada","item":"https:\/\/mefp.grupopiquer.com\/inscripciones\/"},{"@type":"ListItem","position":2,"name":"Tienda","item":"https:\/\/mefp.grupopiquer.com\/inscripciones\/tienda\/"},{"@type":"ListItem","position":3,"name":"SSCE115PO &#8211; Musicoterapia en la Discapacidad (30 horas)"}]},{"@type":"WebSite","@id":"https:\/\/mefp.grupopiquer.com\/inscripciones\/#website","url":"https:\/\/mefp.grupopiquer.com\/inscripciones\/","name":"Contenidos Online","description":"","publisher":{"@id":"https:\/\/mefp.grupopiquer.com\/inscripciones\/#organization"},"potentialAction":[{"@type":"SearchAction","target":{"@type":"EntryPoint","urlTemplate":"https:\/\/mefp.grupopiquer.com\/inscripciones\/?s={search_term_string}"},"query-input":{"@type":"PropertyValueSpecification","valueRequired":true,"valueName":"search_term_string"}}],"inLanguage":"es"},{"@type":"Organization","@id":"https:\/\/mefp.grupopiquer.com\/inscripciones\/#organization","name":"Contenidos Online","url":"https:\/\/mefp.grupopiquer.com\/inscripciones\/","logo":{"@type":"ImageObject","inLanguage":"es","@id":"https:\/\/mefp.grupopiquer.com\/inscripciones\/#\/schema\/logo\/image\/","url":"","contentUrl":"","caption":"Contenidos Online"},"image":{"@id":"https:\/\/mefp.grupopiquer.com\/inscripciones\/#\/schema\/logo\/image\/"}}]}},"_links":{"self":[{"href":"https:\/\/mefp.grupopiquer.com\/inscripciones\/wp-json\/wp\/v2\/product\/9107"}],"collection":[{"href":"https:\/\/mefp.grupopiquer.com\/inscripciones\/wp-json\/wp\/v2\/product"}],"about":[{"href":"https:\/\/mefp.grupopiquer.com\/inscripciones\/wp-json\/wp\/v2\/types\/product"}],"replies":[{"embeddable":true,"href":"https:\/\/mefp.grupopiquer.com\/inscripciones\/wp-json\/wp\/v2\/comments?post=9107"}],"wp:featuredmedia":[{"embeddable":true,"href":"https:\/\/mefp.grupopiquer.com\/inscripciones\/wp-json\/wp\/v2\/media\/9086"}],"wp:attachment":[{"href":"https:\/\/mefp.grupopiquer.com\/inscripciones\/wp-json\/wp\/v2\/media?parent=9107"}],"wp:term":[{"taxonomy":"product_cat","embeddable":true,"href":"https:\/\/mefp.grupopiquer.com\/inscripciones\/wp-json\/wp\/v2\/product_cat?post=9107"},{"taxonomy":"product_tag","embeddable":true,"href":"https:\/\/mefp.grupopiquer.com\/inscripciones\/wp-json\/wp\/v2\/product_tag?post=9107"}],"curies":[{"name":"wp","href":"https:\/\/api.w.org\/{rel}","templated":true}]}}