{"id":9105,"date":"2023-12-27T15:57:45","date_gmt":"2023-12-27T15:57:45","guid":{"rendered":"https:\/\/mefp.grupopiquer.com\/inscripciones\/?post_type=product&#038;p=9105"},"modified":"2023-12-27T16:39:29","modified_gmt":"2023-12-27T16:39:29","slug":"sant079po-movilizacion-de-enfermos-80-horas","status":"publish","type":"product","link":"https:\/\/mefp.grupopiquer.com\/inscripciones\/producto\/sant079po-movilizacion-de-enfermos-80-horas\/","title":{"rendered":"SANT079PO &#8211; Movilizaci\u00f3n de Enfermos (80 horas)"},"content":{"rendered":"<div id=\"accordion\">\n<h3>OBJETIVOS<\/h3>\n<div>Aplicar las t\u00e9cnicas de movilizaci\u00f3n, traslado y deambulaci\u00f3n del usuario adquiriendo las destrezas necesarias en el manejo de ayudas t\u00e9cnicas para la movilizaci\u00f3n de enfermos<\/div>\n<h3>CONTENIDOS<\/h3>\n<div>\n<p>1. LA INMOVILIZACI\u00d3N:<br \/>\n1.1. Beneficios de la movilizaci\u00f3n.<br \/>\n1.2. Epidemiolog\u00eda.<br \/>\n1.3. Etiolog\u00eda.<br \/>\n1.4. Consecuencias del inmovilismo.<br \/>\n1.5. Valoraci\u00f3n de los niveles de movilidad.<\/p>\n<p>2. ENFERMEDADES F\u00cdSICAS RELACIONADAS CON LA INMOVILIZACI\u00d3N:<br \/>\n2.1. Enfermedades relacionadas con la inmovilidad que afectan al Sistema M\u00fasculo- Esquel\u00e9tico.<br \/>\n2.2. \u00dalceras por dec\u00fabito o por presi\u00f3n.<br \/>\n2.3. Osteoporosis y Osteomalac\u00eda.<br \/>\n2.4. Atrofia muscular.<br \/>\n2.5. Retracciones articulares y musculares.<br \/>\n2.6. Par\u00e1lisis.<br \/>\n2.7. Enfermedades relacionadas con la inmovilidad que afectan al sistema cardiovascular.<br \/>\n2.8. Hipotensi\u00f3n ortost\u00e1tica.<br \/>\n2.9. Tromboembolismo.<br \/>\n2.10. Enfermedades relacionadas con la inmovilidad que afectan al sistema nervioso.<br \/>\n2.11. Enfermedades relacionadas con la inmovilidad que afectan al sistema respiratorio.<br \/>\n2.12. Enfermedad Pulmonar Obstructiva Cr\u00f3nica (EPOC).<br \/>\n2.13. Enfermedades relacionadas con la inmovilidad que afectan al sistema digestivo.<br \/>\n2.14. Enfermedades relacionadas con la inmovilidad que afectan al sistema genito-urinario.<br \/>\n2.15. Otras alteraciones relacionadas con la inmovilidad.<\/p>\n<p>3. T\u00c9CNICAS DE MOVILIZACI\u00d3N E INMOVILIZACI\u00d3N:<br \/>\n3.1. Principios anatomo- fisiol\u00f3gicos de sost\u00e9n y movimiento del cuerpo humano.<br \/>\n3.2. Posiciones anat\u00f3micas.<br \/>\n3.3. T\u00e9cnicas de movilizaci\u00f3n, traslado y deambulaci\u00f3n.<br \/>\n3.4. Preparaci\u00f3n para el traslado.<br \/>\n3.5. Movilizaci\u00f3n de personas dependientes.<br \/>\n3.6. Acompa\u00f1amiento en la deambulaci\u00f3n.<br \/>\n3.7. Prevenci\u00f3n de ca\u00eddas y accidentes.<br \/>\n3.8. Ayudas t\u00e9cnicas para la deambulaci\u00f3n, traslado y movilizaci\u00f3n en personas dependientes.<\/p>\n<p>4. RIESGOS Y COMPLICACIONES DE UNA INADECUADA MANIPULACI\u00d3N:<br \/>\n4.1. Riesgos asociados con el residente.<br \/>\n4.2. Riesgos asociados al personal que realiza las movilizaciones.<br \/>\n4.3. Prevenci\u00f3n de riesgos asociados al personal que realiza las movilizaciones.<\/p>\n<\/div>\n<\/div>\n","protected":false},"excerpt":{"rendered":"<p>Aplicar las t\u00e9cnicas de movilizaci\u00f3n, traslado y deambulaci\u00f3n del usuario adquiriendo las destrezas necesarias en el manejo de ayudas t\u00e9cnicas para la movilizaci\u00f3n de enfermos<\/p>\n","protected":false},"featured_media":9108,"comment_status":"closed","ping_status":"closed","template":"","meta":[],"product_cat":[107],"product_tag":[],"class_list":{"0":"post-9105","1":"product","2":"type-product","3":"status-publish","4":"has-post-thumbnail","6":"product_cat-atencion-sanitaria","8":"first","9":"instock","10":"taxable","11":"shipping-taxable","12":"purchasable","13":"product-type-simple"},"yoast_head":"<!-- This site is optimized with the Yoast SEO plugin v23.5 - https:\/\/yoast.com\/wordpress\/plugins\/seo\/ -->\n<title>SANT079PO - Movilizaci\u00f3n de Enfermos (80 horas) - Contenidos Online<\/title>\n<meta name=\"description\" content=\"Contenidos Online - SANT079PO - Movilizaci\u00f3n de Enfermos (80 horas) - Atenci\u00f3n Sanitaria\" \/>\n<meta name=\"robots\" content=\"index, follow, max-snippet:-1, max-image-preview:large, max-video-preview:-1\" \/>\n<link rel=\"canonical\" href=\"https:\/\/mefp.grupopiquer.com\/inscripciones\/producto\/sant079po-movilizacion-de-enfermos-80-horas\/\" \/>\n<meta property=\"og:locale\" content=\"es_ES\" \/>\n<meta property=\"og:type\" content=\"article\" \/>\n<meta property=\"og:title\" content=\"SANT079PO - Movilizaci\u00f3n de Enfermos (80 horas) - Contenidos Online\" \/>\n<meta property=\"og:description\" content=\"Contenidos Online - SANT079PO - Movilizaci\u00f3n de Enfermos (80 horas) - Atenci\u00f3n Sanitaria\" \/>\n<meta property=\"og:url\" content=\"https:\/\/mefp.grupopiquer.com\/inscripciones\/producto\/sant079po-movilizacion-de-enfermos-80-horas\/\" \/>\n<meta property=\"og:site_name\" content=\"Contenidos Online\" \/>\n<meta property=\"article:modified_time\" content=\"2023-12-27T16:39:29+00:00\" \/>\n<meta property=\"og:image\" content=\"https:\/\/mefp.grupopiquer.com\/inscripciones\/wp-content\/uploads\/2023\/12\/00-1-e1703694807868.jpg\" \/>\n\t<meta property=\"og:image:width\" content=\"721\" \/>\n\t<meta property=\"og:image:height\" content=\"406\" \/>\n\t<meta property=\"og:image:type\" content=\"image\/jpeg\" \/>\n<meta name=\"twitter:card\" content=\"summary_large_image\" \/>\n<meta name=\"twitter:label1\" content=\"Tiempo de lectura\" \/>\n\t<meta name=\"twitter:data1\" content=\"2 minutos\" \/>\n<script type=\"application\/ld+json\" class=\"yoast-schema-graph\">{\"@context\":\"https:\/\/schema.org\",\"@graph\":[{\"@type\":\"WebPage\",\"@id\":\"https:\/\/mefp.grupopiquer.com\/inscripciones\/producto\/sant079po-movilizacion-de-enfermos-80-horas\/\",\"url\":\"https:\/\/mefp.grupopiquer.com\/inscripciones\/producto\/sant079po-movilizacion-de-enfermos-80-horas\/\",\"name\":\"SANT079PO - Movilizaci\u00f3n de Enfermos (80 horas) - Contenidos Online\",\"isPartOf\":{\"@id\":\"https:\/\/mefp.grupopiquer.com\/inscripciones\/#website\"},\"primaryImageOfPage\":{\"@id\":\"https:\/\/mefp.grupopiquer.com\/inscripciones\/producto\/sant079po-movilizacion-de-enfermos-80-horas\/#primaryimage\"},\"image\":{\"@id\":\"https:\/\/mefp.grupopiquer.com\/inscripciones\/producto\/sant079po-movilizacion-de-enfermos-80-horas\/#primaryimage\"},\"thumbnailUrl\":\"https:\/\/mefp.grupopiquer.com\/inscripciones\/wp-content\/uploads\/2023\/12\/00-1-e1703694807868.jpg\",\"datePublished\":\"2023-12-27T15:57:45+00:00\",\"dateModified\":\"2023-12-27T16:39:29+00:00\",\"description\":\"Contenidos Online - SANT079PO - Movilizaci\u00f3n de Enfermos (80 horas) - Atenci\u00f3n Sanitaria\",\"breadcrumb\":{\"@id\":\"https:\/\/mefp.grupopiquer.com\/inscripciones\/producto\/sant079po-movilizacion-de-enfermos-80-horas\/#breadcrumb\"},\"inLanguage\":\"es\",\"potentialAction\":[{\"@type\":\"ReadAction\",\"target\":[\"https:\/\/mefp.grupopiquer.com\/inscripciones\/producto\/sant079po-movilizacion-de-enfermos-80-horas\/\"]}]},{\"@type\":\"ImageObject\",\"inLanguage\":\"es\",\"@id\":\"https:\/\/mefp.grupopiquer.com\/inscripciones\/producto\/sant079po-movilizacion-de-enfermos-80-horas\/#primaryimage\",\"url\":\"https:\/\/mefp.grupopiquer.com\/inscripciones\/wp-content\/uploads\/2023\/12\/00-1-e1703694807868.jpg\",\"contentUrl\":\"https:\/\/mefp.grupopiquer.com\/inscripciones\/wp-content\/uploads\/2023\/12\/00-1-e1703694807868.jpg\",\"width\":721,\"height\":406},{\"@type\":\"BreadcrumbList\",\"@id\":\"https:\/\/mefp.grupopiquer.com\/inscripciones\/producto\/sant079po-movilizacion-de-enfermos-80-horas\/#breadcrumb\",\"itemListElement\":[{\"@type\":\"ListItem\",\"position\":1,\"name\":\"Portada\",\"item\":\"https:\/\/mefp.grupopiquer.com\/inscripciones\/\"},{\"@type\":\"ListItem\",\"position\":2,\"name\":\"Tienda\",\"item\":\"https:\/\/mefp.grupopiquer.com\/inscripciones\/tienda\/\"},{\"@type\":\"ListItem\",\"position\":3,\"name\":\"SANT079PO &#8211; Movilizaci\u00f3n de Enfermos (80 horas)\"}]},{\"@type\":\"WebSite\",\"@id\":\"https:\/\/mefp.grupopiquer.com\/inscripciones\/#website\",\"url\":\"https:\/\/mefp.grupopiquer.com\/inscripciones\/\",\"name\":\"Contenidos Online\",\"description\":\"\",\"publisher\":{\"@id\":\"https:\/\/mefp.grupopiquer.com\/inscripciones\/#organization\"},\"potentialAction\":[{\"@type\":\"SearchAction\",\"target\":{\"@type\":\"EntryPoint\",\"urlTemplate\":\"https:\/\/mefp.grupopiquer.com\/inscripciones\/?s={search_term_string}\"},\"query-input\":{\"@type\":\"PropertyValueSpecification\",\"valueRequired\":true,\"valueName\":\"search_term_string\"}}],\"inLanguage\":\"es\"},{\"@type\":\"Organization\",\"@id\":\"https:\/\/mefp.grupopiquer.com\/inscripciones\/#organization\",\"name\":\"Contenidos Online\",\"url\":\"https:\/\/mefp.grupopiquer.com\/inscripciones\/\",\"logo\":{\"@type\":\"ImageObject\",\"inLanguage\":\"es\",\"@id\":\"https:\/\/mefp.grupopiquer.com\/inscripciones\/#\/schema\/logo\/image\/\",\"url\":\"\",\"contentUrl\":\"\",\"caption\":\"Contenidos Online\"},\"image\":{\"@id\":\"https:\/\/mefp.grupopiquer.com\/inscripciones\/#\/schema\/logo\/image\/\"}}]}<\/script>\n<!-- \/ Yoast SEO plugin. -->","yoast_head_json":{"title":"SANT079PO - Movilizaci\u00f3n de Enfermos (80 horas) - Contenidos Online","description":"Contenidos Online - SANT079PO - Movilizaci\u00f3n de Enfermos (80 horas) - Atenci\u00f3n Sanitaria","robots":{"index":"index","follow":"follow","max-snippet":"max-snippet:-1","max-image-preview":"max-image-preview:large","max-video-preview":"max-video-preview:-1"},"canonical":"https:\/\/mefp.grupopiquer.com\/inscripciones\/producto\/sant079po-movilizacion-de-enfermos-80-horas\/","og_locale":"es_ES","og_type":"article","og_title":"SANT079PO - Movilizaci\u00f3n de Enfermos (80 horas) - Contenidos Online","og_description":"Contenidos Online - SANT079PO - Movilizaci\u00f3n de Enfermos (80 horas) - Atenci\u00f3n Sanitaria","og_url":"https:\/\/mefp.grupopiquer.com\/inscripciones\/producto\/sant079po-movilizacion-de-enfermos-80-horas\/","og_site_name":"Contenidos Online","article_modified_time":"2023-12-27T16:39:29+00:00","og_image":[{"width":721,"height":406,"url":"https:\/\/mefp.grupopiquer.com\/inscripciones\/wp-content\/uploads\/2023\/12\/00-1-e1703694807868.jpg","type":"image\/jpeg"}],"twitter_card":"summary_large_image","twitter_misc":{"Tiempo de lectura":"2 minutos"},"schema":{"@context":"https:\/\/schema.org","@graph":[{"@type":"WebPage","@id":"https:\/\/mefp.grupopiquer.com\/inscripciones\/producto\/sant079po-movilizacion-de-enfermos-80-horas\/","url":"https:\/\/mefp.grupopiquer.com\/inscripciones\/producto\/sant079po-movilizacion-de-enfermos-80-horas\/","name":"SANT079PO - Movilizaci\u00f3n de Enfermos (80 horas) - Contenidos Online","isPartOf":{"@id":"https:\/\/mefp.grupopiquer.com\/inscripciones\/#website"},"primaryImageOfPage":{"@id":"https:\/\/mefp.grupopiquer.com\/inscripciones\/producto\/sant079po-movilizacion-de-enfermos-80-horas\/#primaryimage"},"image":{"@id":"https:\/\/mefp.grupopiquer.com\/inscripciones\/producto\/sant079po-movilizacion-de-enfermos-80-horas\/#primaryimage"},"thumbnailUrl":"https:\/\/mefp.grupopiquer.com\/inscripciones\/wp-content\/uploads\/2023\/12\/00-1-e1703694807868.jpg","datePublished":"2023-12-27T15:57:45+00:00","dateModified":"2023-12-27T16:39:29+00:00","description":"Contenidos Online - SANT079PO - Movilizaci\u00f3n de Enfermos (80 horas) - Atenci\u00f3n Sanitaria","breadcrumb":{"@id":"https:\/\/mefp.grupopiquer.com\/inscripciones\/producto\/sant079po-movilizacion-de-enfermos-80-horas\/#breadcrumb"},"inLanguage":"es","potentialAction":[{"@type":"ReadAction","target":["https:\/\/mefp.grupopiquer.com\/inscripciones\/producto\/sant079po-movilizacion-de-enfermos-80-horas\/"]}]},{"@type":"ImageObject","inLanguage":"es","@id":"https:\/\/mefp.grupopiquer.com\/inscripciones\/producto\/sant079po-movilizacion-de-enfermos-80-horas\/#primaryimage","url":"https:\/\/mefp.grupopiquer.com\/inscripciones\/wp-content\/uploads\/2023\/12\/00-1-e1703694807868.jpg","contentUrl":"https:\/\/mefp.grupopiquer.com\/inscripciones\/wp-content\/uploads\/2023\/12\/00-1-e1703694807868.jpg","width":721,"height":406},{"@type":"BreadcrumbList","@id":"https:\/\/mefp.grupopiquer.com\/inscripciones\/producto\/sant079po-movilizacion-de-enfermos-80-horas\/#breadcrumb","itemListElement":[{"@type":"ListItem","position":1,"name":"Portada","item":"https:\/\/mefp.grupopiquer.com\/inscripciones\/"},{"@type":"ListItem","position":2,"name":"Tienda","item":"https:\/\/mefp.grupopiquer.com\/inscripciones\/tienda\/"},{"@type":"ListItem","position":3,"name":"SANT079PO &#8211; Movilizaci\u00f3n de Enfermos (80 horas)"}]},{"@type":"WebSite","@id":"https:\/\/mefp.grupopiquer.com\/inscripciones\/#website","url":"https:\/\/mefp.grupopiquer.com\/inscripciones\/","name":"Contenidos Online","description":"","publisher":{"@id":"https:\/\/mefp.grupopiquer.com\/inscripciones\/#organization"},"potentialAction":[{"@type":"SearchAction","target":{"@type":"EntryPoint","urlTemplate":"https:\/\/mefp.grupopiquer.com\/inscripciones\/?s={search_term_string}"},"query-input":{"@type":"PropertyValueSpecification","valueRequired":true,"valueName":"search_term_string"}}],"inLanguage":"es"},{"@type":"Organization","@id":"https:\/\/mefp.grupopiquer.com\/inscripciones\/#organization","name":"Contenidos Online","url":"https:\/\/mefp.grupopiquer.com\/inscripciones\/","logo":{"@type":"ImageObject","inLanguage":"es","@id":"https:\/\/mefp.grupopiquer.com\/inscripciones\/#\/schema\/logo\/image\/","url":"","contentUrl":"","caption":"Contenidos Online"},"image":{"@id":"https:\/\/mefp.grupopiquer.com\/inscripciones\/#\/schema\/logo\/image\/"}}]}},"_links":{"self":[{"href":"https:\/\/mefp.grupopiquer.com\/inscripciones\/wp-json\/wp\/v2\/product\/9105"}],"collection":[{"href":"https:\/\/mefp.grupopiquer.com\/inscripciones\/wp-json\/wp\/v2\/product"}],"about":[{"href":"https:\/\/mefp.grupopiquer.com\/inscripciones\/wp-json\/wp\/v2\/types\/product"}],"replies":[{"embeddable":true,"href":"https:\/\/mefp.grupopiquer.com\/inscripciones\/wp-json\/wp\/v2\/comments?post=9105"}],"wp:featuredmedia":[{"embeddable":true,"href":"https:\/\/mefp.grupopiquer.com\/inscripciones\/wp-json\/wp\/v2\/media\/9108"}],"wp:attachment":[{"href":"https:\/\/mefp.grupopiquer.com\/inscripciones\/wp-json\/wp\/v2\/media?parent=9105"}],"wp:term":[{"taxonomy":"product_cat","embeddable":true,"href":"https:\/\/mefp.grupopiquer.com\/inscripciones\/wp-json\/wp\/v2\/product_cat?post=9105"},{"taxonomy":"product_tag","embeddable":true,"href":"https:\/\/mefp.grupopiquer.com\/inscripciones\/wp-json\/wp\/v2\/product_tag?post=9105"}],"curies":[{"name":"wp","href":"https:\/\/api.w.org\/{rel}","templated":true}]}}