{"id":9085,"date":"2023-12-27T10:09:06","date_gmt":"2023-12-27T10:09:06","guid":{"rendered":"https:\/\/mefp.grupopiquer.com\/inscripciones\/?post_type=product&#038;p=9085"},"modified":"2023-12-27T16:42:49","modified_gmt":"2023-12-27T16:42:49","slug":"ssce115po-musicoterapia-en-la-discapacidad30-horas","status":"publish","type":"product","link":"https:\/\/mefp.grupopiquer.com\/inscripciones\/producto\/ssce115po-musicoterapia-en-la-discapacidad30-horas\/","title":{"rendered":"SSCE016PO &#8211; Atenci\u00f3n al Alumnado con Altas Capacidades (50 horas)"},"content":{"rendered":"<div id=\"accordion\">\n<h3>Objetivos<\/h3>\n<div>El objetivo es identificar alumnos con talento y altas capacidades, conocer sus caracter\u00edsticas y necesidades, aprender diferentes procedimientos para dar respuestas educativas en el aula y en la orientaci\u00f3n personal, as\u00ed como disponer de pautas de observaci\u00f3n y de recursos para ampliaciones curriculares, desarrollo de proyectos creativos y desarrollo de habilidades sociales y de cooperaci\u00f3n. Adem\u00e1s, se incluye la orientaci\u00f3n a las familias para desarrollar el talento de sus hijos y a los profesores para la orientaci\u00f3n eficiente en el aula.<\/div>\n<h3>Contenidos<\/h3>\n<div>1. CARACTER\u00cdSTICAS EN EL PLANO F\u00cdSICO, INTELECTUAL, EMOCIONAL, SOCIAL Y PERSONAL.<br \/>\n1.1. Introducci\u00f3n.<br \/>\n1.2. Diferenciaci\u00f3n de t\u00e9rminos.<br \/>\n1.3. \u00bfEl ni\u00f1o muy inteligente, \u201cnace o se hace\u201d?.<br \/>\n1.4. Incidencia del desarrollo neuropsicol\u00f3gico en las altas capacidades.<br \/>\n1.5. Caracter\u00edsticas de los ni\u00f1os con altas capacidades.<br \/>\n1.6. Modelos de superdotaci\u00f3n.<\/div>\n<div>2. PROBLEM\u00c1TICA DE LOS NI\u00d1OS CON TALENTO Y FRACASO ESCOLAR.<br \/>\n2.1. Introducci\u00f3n.<br \/>\n2.2. Dificultades en el \u00e1mbito escolar.<br \/>\n2.3. Problemas de falta de atenci\u00f3n e hiperactividad.<br \/>\n2.4. Problemas emocionales y de disincron\u00eda.<br \/>\n2.5. Situaciones dif\u00edciles en adolescentes con altas capacidades.<\/div>\n<div>3. NECESIDADES EDUCATIVAS.<br \/>\n3.1. Introducci\u00f3n.<br \/>\n3.2. Necesidades educativas de los alumnos con talento y altas capacidades.<br \/>\n3.3. Ense\u00f1ar las asignaturas del curr\u00edculo de forma diferente.<br \/>\n3.4. \u00bfC\u00f3mo llevar a cabo proyectos de investigaci\u00f3n?.<br \/>\n3.5. Desarrollar mentes creativas.<br \/>\n3.6. Desarrollo emocional, de habilidades sociales y de cooperaci\u00f3n.<\/div>\n<div>4. TALENTO, ALTAS CAPACIDADES Y \u00c1REA DE LENGUAJE.<br \/>\n4.1. Introducci\u00f3n.<br \/>\n4.2. El talento ling\u00fc\u00edstico.<br \/>\n4.3. Habilidades intelectuales, lenguaje y creatividad, cooperaci\u00f3n y valores ersonales aplicados a<br \/>\nprogramas ling\u00fc\u00edsticos.<br \/>\n4.4. Programas espec\u00edficos de lenguaje y literatura creativa: objetivos, estructura, metodolog\u00eda.<br \/>\n4.5. Experiencias de programas ling\u00fc\u00edsticos aplicados a alumnos con talento y altas capacidades.<br \/>\n4.6. Ejemplos pr\u00e1cticos para cada etapa educativa.<\/div>\n<div>5. TALENTO, ALTAS CAPACIDADES Y \u00c1REA DE MATEM\u00c1TICAS.<br \/>\n5.1. Introducci\u00f3n.<br \/>\n5.2. El talento matem\u00e1tico.<br \/>\n5.3. Habilidades, creatividad y valores.<br \/>\n5.4. Programas espec\u00edficos de matem\u00e1ticas: objetivos, estructura, metodolog\u00eda.<br \/>\n5.5. Experiencias de programas matem\u00e1ticos aplicados a alumnos con talento y altas capacidades.<br \/>\n5.6. Ejemplos pr\u00e1cticos.<\/div>\n<div>6. TALENTO, ALTAS CAPACIDADES Y \u00c1REA DE CIENCIAS NATURALES.<br \/>\n6.1. Introducci\u00f3n.<br \/>\n6.2. El talento cient\u00edfico.<br \/>\n6.3. Habilidades, creatividad y valores.<br \/>\n6.4. Programas espec\u00edficos de ciencias, f\u00edsica y qu\u00edmica para alumnos con talento cient\u00edfico.<br \/>\n6.5. Experiencias de programas cient\u00edficos aplicados a alumnos con talento y altas capacidades.<br \/>\n6.6. Ejemplos pr\u00e1cticos para cada etapa educativa.<\/div>\n<div>7. TALENTO, ALTAS CAPACIDADES Y \u00c1REA DE CIENCIAS SOCIALES.<br \/>\n7.1. Introducci\u00f3n.<br \/>\n7.2. El talento visoespacial y art\u00edstico.<br \/>\n7.3. Habilidades, creatividad y valores.<br \/>\n7.4. Programas espec\u00edficos de ciencias sociales y arte para alumnos con talento social y art\u00edstico.<br \/>\n7.5. Ejemplos pr\u00e1cticos para cada etapa educativa.<\/div>\n<div>8. PROCEDIMIENTOS DE IDENTIFICACI\u00d3N Y PAPEL DE LOS ORIENTADORES.<br \/>\n8.1. Introducci\u00f3n.<br \/>\n8.2. Planteamiento y enfoques de los procedimientos de identificaci\u00f3n.<br \/>\n8.3. Pautas de detecci\u00f3n de alumnos con talento y altas capacidades.<br \/>\n8.4. Pruebas psicopedag\u00f3gicas de identificaci\u00f3n.<br \/>\n8.5. Elaboraci\u00f3n de informes psicopedag\u00f3gicos.<br \/>\n8.6. Necesidad de la intervenci\u00f3n.<br \/>\n8.7. Principales estrategias de intervenci\u00f3n escolar.<br \/>\n8.8. Sistemas de enriquecimiento para el aula.<\/div>\n<div>9. RESPUESTA EDUCATIVA DEL CENTRO ESCOLAR ANTE LOS ALUMNOS CON TALENTO Y ALTAS<br \/>\nCAPACIDADES.<br \/>\n9.1. Introducci\u00f3n.<br \/>\n9.2. \u00bfC\u00f3mo s\u00e9 si mi hijo tiene talento o altas capacidades?.<br \/>\n9.3. Coordinaci\u00f3n con el centro educativo.<br \/>\n9.4. Formaci\u00f3n de la personalidad y adquisici\u00f3n de valores.<br \/>\n9.5. Asociaciones de padres de hijos superdotados.<\/div>\n<\/div>\n","protected":false},"excerpt":{"rendered":"<p>El objetivo es identificar alumnos con talento y altas capacidades, conocer sus caracter\u00edsticas y necesidades, aprender diferentes procedimientos para dar respuestas educativas en el aula y en la orientaci\u00f3n personal, as\u00ed como disponer de pautas de observaci\u00f3n y de recursos para ampliaciones curriculares, desarrollo de proyectos creativos y desarrollo de habilidades sociales y de cooperaci\u00f3n. Adem\u00e1s, se incluye la orientaci\u00f3n a las familias para desarrollar el talento de sus hijos y a los profesores para la orientaci\u00f3n eficiente en el aula.<\/p>\n","protected":false},"featured_media":9109,"comment_status":"closed","ping_status":"closed","template":"","meta":[],"product_cat":[103],"product_tag":[],"class_list":{"0":"post-9085","1":"product","2":"type-product","3":"status-publish","4":"has-post-thumbnail","6":"product_cat-formacion-y-educacion","8":"first","9":"instock","10":"taxable","11":"shipping-taxable","12":"purchasable","13":"product-type-simple"},"yoast_head":"<!-- This site is optimized with the Yoast SEO plugin v23.5 - https:\/\/yoast.com\/wordpress\/plugins\/seo\/ -->\n<title>SSCE016PO - Atenci\u00f3n al Alumnado con Altas Capacidades (50 horas) - Contenidos Online<\/title>\n<meta name=\"description\" content=\"Contenidos Online - SSCE016PO - Atenci\u00f3n al Alumnado con Altas Capacidades (50 horas) - Formaci\u00f3n y Educaci\u00f3n\" \/>\n<meta name=\"robots\" content=\"index, follow, max-snippet:-1, max-image-preview:large, max-video-preview:-1\" \/>\n<link rel=\"canonical\" href=\"https:\/\/mefp.grupopiquer.com\/inscripciones\/producto\/ssce115po-musicoterapia-en-la-discapacidad30-horas\/\" \/>\n<meta property=\"og:locale\" content=\"es_ES\" \/>\n<meta property=\"og:type\" content=\"article\" \/>\n<meta property=\"og:title\" content=\"SSCE016PO - Atenci\u00f3n al Alumnado con Altas Capacidades (50 horas) - Contenidos Online\" \/>\n<meta property=\"og:description\" content=\"Contenidos Online - SSCE016PO - Atenci\u00f3n al Alumnado con Altas Capacidades (50 horas) - Formaci\u00f3n y Educaci\u00f3n\" \/>\n<meta property=\"og:url\" content=\"https:\/\/mefp.grupopiquer.com\/inscripciones\/producto\/ssce115po-musicoterapia-en-la-discapacidad30-horas\/\" \/>\n<meta property=\"og:site_name\" content=\"Contenidos Online\" \/>\n<meta property=\"article:modified_time\" content=\"2023-12-27T16:42:49+00:00\" \/>\n<meta property=\"og:image\" content=\"https:\/\/mefp.grupopiquer.com\/inscripciones\/wp-content\/uploads\/2023\/12\/teacher-4784917_960_720-e1703695341664.jpg\" \/>\n\t<meta property=\"og:image:width\" content=\"960\" \/>\n\t<meta property=\"og:image:height\" content=\"540\" \/>\n\t<meta property=\"og:image:type\" content=\"image\/jpeg\" \/>\n<meta name=\"twitter:card\" content=\"summary_large_image\" \/>\n<meta name=\"twitter:label1\" content=\"Tiempo de lectura\" \/>\n\t<meta name=\"twitter:data1\" content=\"3 minutos\" \/>\n<script type=\"application\/ld+json\" class=\"yoast-schema-graph\">{\"@context\":\"https:\/\/schema.org\",\"@graph\":[{\"@type\":\"WebPage\",\"@id\":\"https:\/\/mefp.grupopiquer.com\/inscripciones\/producto\/ssce115po-musicoterapia-en-la-discapacidad30-horas\/\",\"url\":\"https:\/\/mefp.grupopiquer.com\/inscripciones\/producto\/ssce115po-musicoterapia-en-la-discapacidad30-horas\/\",\"name\":\"SSCE016PO - Atenci\u00f3n al Alumnado con Altas Capacidades (50 horas) - Contenidos Online\",\"isPartOf\":{\"@id\":\"https:\/\/mefp.grupopiquer.com\/inscripciones\/#website\"},\"primaryImageOfPage\":{\"@id\":\"https:\/\/mefp.grupopiquer.com\/inscripciones\/producto\/ssce115po-musicoterapia-en-la-discapacidad30-horas\/#primaryimage\"},\"image\":{\"@id\":\"https:\/\/mefp.grupopiquer.com\/inscripciones\/producto\/ssce115po-musicoterapia-en-la-discapacidad30-horas\/#primaryimage\"},\"thumbnailUrl\":\"https:\/\/mefp.grupopiquer.com\/inscripciones\/wp-content\/uploads\/2023\/12\/teacher-4784917_960_720-e1703695341664.jpg\",\"datePublished\":\"2023-12-27T10:09:06+00:00\",\"dateModified\":\"2023-12-27T16:42:49+00:00\",\"description\":\"Contenidos Online - SSCE016PO - Atenci\u00f3n al Alumnado con Altas Capacidades (50 horas) - Formaci\u00f3n y Educaci\u00f3n\",\"breadcrumb\":{\"@id\":\"https:\/\/mefp.grupopiquer.com\/inscripciones\/producto\/ssce115po-musicoterapia-en-la-discapacidad30-horas\/#breadcrumb\"},\"inLanguage\":\"es\",\"potentialAction\":[{\"@type\":\"ReadAction\",\"target\":[\"https:\/\/mefp.grupopiquer.com\/inscripciones\/producto\/ssce115po-musicoterapia-en-la-discapacidad30-horas\/\"]}]},{\"@type\":\"ImageObject\",\"inLanguage\":\"es\",\"@id\":\"https:\/\/mefp.grupopiquer.com\/inscripciones\/producto\/ssce115po-musicoterapia-en-la-discapacidad30-horas\/#primaryimage\",\"url\":\"https:\/\/mefp.grupopiquer.com\/inscripciones\/wp-content\/uploads\/2023\/12\/teacher-4784917_960_720-e1703695341664.jpg\",\"contentUrl\":\"https:\/\/mefp.grupopiquer.com\/inscripciones\/wp-content\/uploads\/2023\/12\/teacher-4784917_960_720-e1703695341664.jpg\",\"width\":960,\"height\":540},{\"@type\":\"BreadcrumbList\",\"@id\":\"https:\/\/mefp.grupopiquer.com\/inscripciones\/producto\/ssce115po-musicoterapia-en-la-discapacidad30-horas\/#breadcrumb\",\"itemListElement\":[{\"@type\":\"ListItem\",\"position\":1,\"name\":\"Portada\",\"item\":\"https:\/\/mefp.grupopiquer.com\/inscripciones\/\"},{\"@type\":\"ListItem\",\"position\":2,\"name\":\"Tienda\",\"item\":\"https:\/\/mefp.grupopiquer.com\/inscripciones\/tienda\/\"},{\"@type\":\"ListItem\",\"position\":3,\"name\":\"SSCE016PO &#8211; Atenci\u00f3n al Alumnado con Altas Capacidades (50 horas)\"}]},{\"@type\":\"WebSite\",\"@id\":\"https:\/\/mefp.grupopiquer.com\/inscripciones\/#website\",\"url\":\"https:\/\/mefp.grupopiquer.com\/inscripciones\/\",\"name\":\"Contenidos Online\",\"description\":\"\",\"publisher\":{\"@id\":\"https:\/\/mefp.grupopiquer.com\/inscripciones\/#organization\"},\"potentialAction\":[{\"@type\":\"SearchAction\",\"target\":{\"@type\":\"EntryPoint\",\"urlTemplate\":\"https:\/\/mefp.grupopiquer.com\/inscripciones\/?s={search_term_string}\"},\"query-input\":{\"@type\":\"PropertyValueSpecification\",\"valueRequired\":true,\"valueName\":\"search_term_string\"}}],\"inLanguage\":\"es\"},{\"@type\":\"Organization\",\"@id\":\"https:\/\/mefp.grupopiquer.com\/inscripciones\/#organization\",\"name\":\"Contenidos Online\",\"url\":\"https:\/\/mefp.grupopiquer.com\/inscripciones\/\",\"logo\":{\"@type\":\"ImageObject\",\"inLanguage\":\"es\",\"@id\":\"https:\/\/mefp.grupopiquer.com\/inscripciones\/#\/schema\/logo\/image\/\",\"url\":\"\",\"contentUrl\":\"\",\"caption\":\"Contenidos Online\"},\"image\":{\"@id\":\"https:\/\/mefp.grupopiquer.com\/inscripciones\/#\/schema\/logo\/image\/\"}}]}<\/script>\n<!-- \/ Yoast SEO plugin. -->","yoast_head_json":{"title":"SSCE016PO - Atenci\u00f3n al Alumnado con Altas Capacidades (50 horas) - Contenidos Online","description":"Contenidos Online - SSCE016PO - Atenci\u00f3n al Alumnado con Altas Capacidades (50 horas) - Formaci\u00f3n y Educaci\u00f3n","robots":{"index":"index","follow":"follow","max-snippet":"max-snippet:-1","max-image-preview":"max-image-preview:large","max-video-preview":"max-video-preview:-1"},"canonical":"https:\/\/mefp.grupopiquer.com\/inscripciones\/producto\/ssce115po-musicoterapia-en-la-discapacidad30-horas\/","og_locale":"es_ES","og_type":"article","og_title":"SSCE016PO - Atenci\u00f3n al Alumnado con Altas Capacidades (50 horas) - Contenidos Online","og_description":"Contenidos Online - SSCE016PO - Atenci\u00f3n al Alumnado con Altas Capacidades (50 horas) - Formaci\u00f3n y Educaci\u00f3n","og_url":"https:\/\/mefp.grupopiquer.com\/inscripciones\/producto\/ssce115po-musicoterapia-en-la-discapacidad30-horas\/","og_site_name":"Contenidos Online","article_modified_time":"2023-12-27T16:42:49+00:00","og_image":[{"width":960,"height":540,"url":"https:\/\/mefp.grupopiquer.com\/inscripciones\/wp-content\/uploads\/2023\/12\/teacher-4784917_960_720-e1703695341664.jpg","type":"image\/jpeg"}],"twitter_card":"summary_large_image","twitter_misc":{"Tiempo de lectura":"3 minutos"},"schema":{"@context":"https:\/\/schema.org","@graph":[{"@type":"WebPage","@id":"https:\/\/mefp.grupopiquer.com\/inscripciones\/producto\/ssce115po-musicoterapia-en-la-discapacidad30-horas\/","url":"https:\/\/mefp.grupopiquer.com\/inscripciones\/producto\/ssce115po-musicoterapia-en-la-discapacidad30-horas\/","name":"SSCE016PO - Atenci\u00f3n al Alumnado con Altas Capacidades (50 horas) - Contenidos Online","isPartOf":{"@id":"https:\/\/mefp.grupopiquer.com\/inscripciones\/#website"},"primaryImageOfPage":{"@id":"https:\/\/mefp.grupopiquer.com\/inscripciones\/producto\/ssce115po-musicoterapia-en-la-discapacidad30-horas\/#primaryimage"},"image":{"@id":"https:\/\/mefp.grupopiquer.com\/inscripciones\/producto\/ssce115po-musicoterapia-en-la-discapacidad30-horas\/#primaryimage"},"thumbnailUrl":"https:\/\/mefp.grupopiquer.com\/inscripciones\/wp-content\/uploads\/2023\/12\/teacher-4784917_960_720-e1703695341664.jpg","datePublished":"2023-12-27T10:09:06+00:00","dateModified":"2023-12-27T16:42:49+00:00","description":"Contenidos Online - SSCE016PO - Atenci\u00f3n al Alumnado con Altas Capacidades (50 horas) - Formaci\u00f3n y Educaci\u00f3n","breadcrumb":{"@id":"https:\/\/mefp.grupopiquer.com\/inscripciones\/producto\/ssce115po-musicoterapia-en-la-discapacidad30-horas\/#breadcrumb"},"inLanguage":"es","potentialAction":[{"@type":"ReadAction","target":["https:\/\/mefp.grupopiquer.com\/inscripciones\/producto\/ssce115po-musicoterapia-en-la-discapacidad30-horas\/"]}]},{"@type":"ImageObject","inLanguage":"es","@id":"https:\/\/mefp.grupopiquer.com\/inscripciones\/producto\/ssce115po-musicoterapia-en-la-discapacidad30-horas\/#primaryimage","url":"https:\/\/mefp.grupopiquer.com\/inscripciones\/wp-content\/uploads\/2023\/12\/teacher-4784917_960_720-e1703695341664.jpg","contentUrl":"https:\/\/mefp.grupopiquer.com\/inscripciones\/wp-content\/uploads\/2023\/12\/teacher-4784917_960_720-e1703695341664.jpg","width":960,"height":540},{"@type":"BreadcrumbList","@id":"https:\/\/mefp.grupopiquer.com\/inscripciones\/producto\/ssce115po-musicoterapia-en-la-discapacidad30-horas\/#breadcrumb","itemListElement":[{"@type":"ListItem","position":1,"name":"Portada","item":"https:\/\/mefp.grupopiquer.com\/inscripciones\/"},{"@type":"ListItem","position":2,"name":"Tienda","item":"https:\/\/mefp.grupopiquer.com\/inscripciones\/tienda\/"},{"@type":"ListItem","position":3,"name":"SSCE016PO &#8211; Atenci\u00f3n al Alumnado con Altas Capacidades (50 horas)"}]},{"@type":"WebSite","@id":"https:\/\/mefp.grupopiquer.com\/inscripciones\/#website","url":"https:\/\/mefp.grupopiquer.com\/inscripciones\/","name":"Contenidos Online","description":"","publisher":{"@id":"https:\/\/mefp.grupopiquer.com\/inscripciones\/#organization"},"potentialAction":[{"@type":"SearchAction","target":{"@type":"EntryPoint","urlTemplate":"https:\/\/mefp.grupopiquer.com\/inscripciones\/?s={search_term_string}"},"query-input":{"@type":"PropertyValueSpecification","valueRequired":true,"valueName":"search_term_string"}}],"inLanguage":"es"},{"@type":"Organization","@id":"https:\/\/mefp.grupopiquer.com\/inscripciones\/#organization","name":"Contenidos Online","url":"https:\/\/mefp.grupopiquer.com\/inscripciones\/","logo":{"@type":"ImageObject","inLanguage":"es","@id":"https:\/\/mefp.grupopiquer.com\/inscripciones\/#\/schema\/logo\/image\/","url":"","contentUrl":"","caption":"Contenidos Online"},"image":{"@id":"https:\/\/mefp.grupopiquer.com\/inscripciones\/#\/schema\/logo\/image\/"}}]}},"_links":{"self":[{"href":"https:\/\/mefp.grupopiquer.com\/inscripciones\/wp-json\/wp\/v2\/product\/9085"}],"collection":[{"href":"https:\/\/mefp.grupopiquer.com\/inscripciones\/wp-json\/wp\/v2\/product"}],"about":[{"href":"https:\/\/mefp.grupopiquer.com\/inscripciones\/wp-json\/wp\/v2\/types\/product"}],"replies":[{"embeddable":true,"href":"https:\/\/mefp.grupopiquer.com\/inscripciones\/wp-json\/wp\/v2\/comments?post=9085"}],"wp:featuredmedia":[{"embeddable":true,"href":"https:\/\/mefp.grupopiquer.com\/inscripciones\/wp-json\/wp\/v2\/media\/9109"}],"wp:attachment":[{"href":"https:\/\/mefp.grupopiquer.com\/inscripciones\/wp-json\/wp\/v2\/media?parent=9085"}],"wp:term":[{"taxonomy":"product_cat","embeddable":true,"href":"https:\/\/mefp.grupopiquer.com\/inscripciones\/wp-json\/wp\/v2\/product_cat?post=9085"},{"taxonomy":"product_tag","embeddable":true,"href":"https:\/\/mefp.grupopiquer.com\/inscripciones\/wp-json\/wp\/v2\/product_tag?post=9085"}],"curies":[{"name":"wp","href":"https:\/\/api.w.org\/{rel}","templated":true}]}}