{"id":9052,"date":"2023-10-10T16:45:33","date_gmt":"2023-10-10T16:45:33","guid":{"rendered":"https:\/\/mefp.grupopiquer.com\/inscripciones\/?post_type=product&#038;p=9052"},"modified":"2024-02-15T16:30:24","modified_gmt":"2024-02-15T16:30:24","slug":"tmvi0014-tacografo-digital-30-horas","status":"publish","type":"product","link":"https:\/\/mefp.grupopiquer.com\/inscripciones\/producto\/tmvi0014-tacografo-digital-30-horas\/","title":{"rendered":"TMVI0014 &#8211; Tac\u00f3grafo Digital (12 horas)"},"content":{"rendered":"<div id=\"accordion\">\n<h3>Objetivos<\/h3>\n<div>Adaptarse a los cambios derivados los nuevos h\u00e1bitos de los usuarios, de los modelos innovadores de<br \/>\nprestaci\u00f3n del servicio, as\u00ed como de la optimizaci\u00f3n de la gesti\u00f3n y de los recursos, con objeto de aportar<br \/>\nuna contribuci\u00f3n personal a la necesaria reactivaci\u00f3n y renovaci\u00f3n del sector del transporte.<\/div>\n<h3>Contenidos<\/h3>\n<div>M\u00d3DULO DE FORMACI\u00d3N 1: EL TAC\u00d3GRAFO DIGITAL<br \/>\n\u2022 Conocimiento de aspectos legales y el r\u00e9gimen sancionador<br \/>\n&#8211; Informaci\u00f3n b\u00e1sica de la legislaci\u00f3n actual.<br \/>\n&#8211; Normativa social relativa a conductores y el aparato de control.<br \/>\n&#8211; Legislaci\u00f3n social europea: Jornada de trabajo, funciones del tac\u00f3grafo digital.<br \/>\n&#8211; R\u00e9gimen sancionador y sanciones m\u00e1s frecuentes.<br \/>\n\u2022 Definici\u00f3n de pictogramas<br \/>\n&#8211; Definici\u00f3n de pictograma.<br \/>\n&#8211; Pictogramas b\u00e1sicos y espec\u00edficos.<br \/>\n&#8211; Combinaciones de pictogramas, otras informaciones que aparecen en<br \/>\npantalla.<br \/>\n\u2022 Conocimiento del tac\u00f3grafo<br \/>\n&#8211; Concepto de tac\u00f3grafo y pasos para su instalaci\u00f3n.<br \/>\n&#8211; Funcionamiento: La hoja de registro.<br \/>\n&#8211; El disco diagrama.<br \/>\n&#8211; Pautas de actuaci\u00f3n ante el cambio de veh\u00edculo durante el servicio.<br \/>\n&#8211; Actuaciones en caso de aver\u00eda.<br \/>\n&#8211; Hechos sancionables.<br \/>\n&#8211; Motivos que Promueven el Cambio del Tac\u00f3grafo Anal\u00f3gico al Digital.<br \/>\n&#8211; Diferencias entre el tac\u00f3grafo anal\u00f3gico y digital.<br \/>\n\u2022 Gesti\u00f3n de tarjetas<br \/>\n&#8211; Tipos de tarjetas.<br \/>\n&#8211; Elementos principales de la tarjeta digital.<br \/>\n&#8211; Requerimientos principales para la expedici\u00f3n de la tarjeta digital.<br \/>\n&#8211; Per\u00edodos de validez y uso.<br \/>\n&#8211; Acciones responsables en caso de p\u00e9rdida, robo o sustracci\u00f3n.<br \/>\n\u2022 Gesti\u00f3n de tickets<br \/>\n&#8211; Informaci\u00f3n b\u00e1sica de la legislaci\u00f3n actual.<br \/>\n&#8211; 24 horas de actividad del conductor.<br \/>\n&#8211; Incidentes y fallos del veh\u00edculo.<br \/>\n&#8211; Excesos de velocidad.<br \/>\n&#8211; Datos t\u00e9cnicos.<br \/>\n&#8211; Perfiles de velocidad.<br \/>\n&#8211; Perfiles de revoluciones.<br \/>\n&#8211; Impresi\u00f3n de ticket.<br \/>\n\u2022 Interiorizaci\u00f3n de obligaciones relativas al tratamiento de la informaci\u00f3n.<br \/>\n&#8211; Volcado de la informaci\u00f3n.<br \/>\n&#8211; Verificaci\u00f3n de la informaci\u00f3n.<br \/>\n&#8211; Almacenamiento y custodia de la informaci\u00f3n.<br \/>\n&#8211; Transmisi\u00f3n de la informaci\u00f3n.<br \/>\n&#8211; Otros aspectos (gesti\u00f3n, an\u00e1lisis, etc.).<br \/>\n\u2022 Realizaci\u00f3n de volcado de datos.<br \/>\nM\u00d3DULO DE FORMACI\u00d3N 2: NORMATIVA SOBRE TIEMPOS DE CONDUCCI\u00d3N Y<br \/>\nDESCANSO<br \/>\n\u2022 Gesti\u00f3n de tiempos de conducci\u00f3n y descanso.<br \/>\n&#8211; Tiempos de conducci\u00f3n: conducci\u00f3n ininterrumpida, diaria, semanal,<br \/>\nbisemanal. Casos especiales.<br \/>\n&#8211; Tiempos de descanso: descanso entre periodos de conducci\u00f3n. Descanso<br \/>\ndiario entre jornadas, semana en curso. Descanso diario entre jornadas, semana<br \/>\nsiguiente. Descanso semanal, semana en curso y tres semanas siguientes.<\/div>\n<\/div>\n","protected":false},"excerpt":{"rendered":"<p>Conocer en profundidad el manejo y funcionamiento del Tac\u00f3grafo Digital, as\u00ed como el conocimiento de la normativa sobre tiempos de conducci\u00f3n y descanso.<\/p>\n","protected":false},"featured_media":4879,"comment_status":"closed","ping_status":"closed","template":"","meta":[],"product_cat":[100],"product_tag":[],"class_list":{"0":"post-9052","1":"product","2":"type-product","3":"status-publish","4":"has-post-thumbnail","6":"product_cat-conduccion-de-vehiculos-por-carretera","8":"first","9":"instock","10":"taxable","11":"shipping-taxable","12":"purchasable","13":"product-type-simple"},"yoast_head":"<!-- This site is optimized with the Yoast SEO plugin v23.5 - https:\/\/yoast.com\/wordpress\/plugins\/seo\/ -->\n<title>TMVI0014 - Tac\u00f3grafo Digital (12 horas) - Contenidos Online<\/title>\n<meta name=\"description\" content=\"Contenidos Online - TMVI0014 - Tac\u00f3grafo Digital (12 horas) - Conducci\u00f3n de Veh\u00edculos por Carretera\" \/>\n<meta name=\"robots\" content=\"index, follow, max-snippet:-1, max-image-preview:large, max-video-preview:-1\" \/>\n<link rel=\"canonical\" href=\"https:\/\/mefp.grupopiquer.com\/inscripciones\/producto\/tmvi0014-tacografo-digital-30-horas\/\" \/>\n<meta property=\"og:locale\" content=\"es_ES\" \/>\n<meta property=\"og:type\" content=\"article\" \/>\n<meta property=\"og:title\" content=\"TMVI0014 - Tac\u00f3grafo Digital (12 horas) - Contenidos Online\" \/>\n<meta property=\"og:description\" content=\"Contenidos Online - TMVI0014 - Tac\u00f3grafo Digital (12 horas) - Conducci\u00f3n de Veh\u00edculos por Carretera\" \/>\n<meta property=\"og:url\" content=\"https:\/\/mefp.grupopiquer.com\/inscripciones\/producto\/tmvi0014-tacografo-digital-30-horas\/\" \/>\n<meta property=\"og:site_name\" content=\"Contenidos Online\" \/>\n<meta property=\"article:modified_time\" content=\"2024-02-15T16:30:24+00:00\" \/>\n<meta property=\"og:image\" content=\"https:\/\/mefp.grupopiquer.com\/inscripciones\/wp-content\/uploads\/2023\/05\/zMAN0TNWQdph9SuG_tEv7IOn8swgADiWK-e1683188816836.jpg\" \/>\n\t<meta property=\"og:image:width\" content=\"1680\" \/>\n\t<meta property=\"og:image:height\" content=\"945\" \/>\n\t<meta property=\"og:image:type\" content=\"image\/jpeg\" \/>\n<meta name=\"twitter:card\" content=\"summary_large_image\" \/>\n<meta name=\"twitter:label1\" content=\"Tiempo de lectura\" \/>\n\t<meta name=\"twitter:data1\" content=\"2 minutos\" \/>\n<script type=\"application\/ld+json\" class=\"yoast-schema-graph\">{\"@context\":\"https:\/\/schema.org\",\"@graph\":[{\"@type\":\"WebPage\",\"@id\":\"https:\/\/mefp.grupopiquer.com\/inscripciones\/producto\/tmvi0014-tacografo-digital-30-horas\/\",\"url\":\"https:\/\/mefp.grupopiquer.com\/inscripciones\/producto\/tmvi0014-tacografo-digital-30-horas\/\",\"name\":\"TMVI0014 - Tac\u00f3grafo Digital (12 horas) - Contenidos Online\",\"isPartOf\":{\"@id\":\"https:\/\/mefp.grupopiquer.com\/inscripciones\/#website\"},\"primaryImageOfPage\":{\"@id\":\"https:\/\/mefp.grupopiquer.com\/inscripciones\/producto\/tmvi0014-tacografo-digital-30-horas\/#primaryimage\"},\"image\":{\"@id\":\"https:\/\/mefp.grupopiquer.com\/inscripciones\/producto\/tmvi0014-tacografo-digital-30-horas\/#primaryimage\"},\"thumbnailUrl\":\"https:\/\/mefp.grupopiquer.com\/inscripciones\/wp-content\/uploads\/2023\/05\/zMAN0TNWQdph9SuG_tEv7IOn8swgADiWK-e1683188816836.jpg\",\"datePublished\":\"2023-10-10T16:45:33+00:00\",\"dateModified\":\"2024-02-15T16:30:24+00:00\",\"description\":\"Contenidos Online - TMVI0014 - Tac\u00f3grafo Digital (12 horas) - Conducci\u00f3n de Veh\u00edculos por Carretera\",\"breadcrumb\":{\"@id\":\"https:\/\/mefp.grupopiquer.com\/inscripciones\/producto\/tmvi0014-tacografo-digital-30-horas\/#breadcrumb\"},\"inLanguage\":\"es\",\"potentialAction\":[{\"@type\":\"ReadAction\",\"target\":[\"https:\/\/mefp.grupopiquer.com\/inscripciones\/producto\/tmvi0014-tacografo-digital-30-horas\/\"]}]},{\"@type\":\"ImageObject\",\"inLanguage\":\"es\",\"@id\":\"https:\/\/mefp.grupopiquer.com\/inscripciones\/producto\/tmvi0014-tacografo-digital-30-horas\/#primaryimage\",\"url\":\"https:\/\/mefp.grupopiquer.com\/inscripciones\/wp-content\/uploads\/2023\/05\/zMAN0TNWQdph9SuG_tEv7IOn8swgADiWK-e1683188816836.jpg\",\"contentUrl\":\"https:\/\/mefp.grupopiquer.com\/inscripciones\/wp-content\/uploads\/2023\/05\/zMAN0TNWQdph9SuG_tEv7IOn8swgADiWK-e1683188816836.jpg\",\"width\":1680,\"height\":945},{\"@type\":\"BreadcrumbList\",\"@id\":\"https:\/\/mefp.grupopiquer.com\/inscripciones\/producto\/tmvi0014-tacografo-digital-30-horas\/#breadcrumb\",\"itemListElement\":[{\"@type\":\"ListItem\",\"position\":1,\"name\":\"Portada\",\"item\":\"https:\/\/mefp.grupopiquer.com\/inscripciones\/\"},{\"@type\":\"ListItem\",\"position\":2,\"name\":\"Tienda\",\"item\":\"https:\/\/mefp.grupopiquer.com\/inscripciones\/tienda\/\"},{\"@type\":\"ListItem\",\"position\":3,\"name\":\"TMVI0014 &#8211; Tac\u00f3grafo Digital (12 horas)\"}]},{\"@type\":\"WebSite\",\"@id\":\"https:\/\/mefp.grupopiquer.com\/inscripciones\/#website\",\"url\":\"https:\/\/mefp.grupopiquer.com\/inscripciones\/\",\"name\":\"Contenidos Online\",\"description\":\"\",\"publisher\":{\"@id\":\"https:\/\/mefp.grupopiquer.com\/inscripciones\/#organization\"},\"potentialAction\":[{\"@type\":\"SearchAction\",\"target\":{\"@type\":\"EntryPoint\",\"urlTemplate\":\"https:\/\/mefp.grupopiquer.com\/inscripciones\/?s={search_term_string}\"},\"query-input\":{\"@type\":\"PropertyValueSpecification\",\"valueRequired\":true,\"valueName\":\"search_term_string\"}}],\"inLanguage\":\"es\"},{\"@type\":\"Organization\",\"@id\":\"https:\/\/mefp.grupopiquer.com\/inscripciones\/#organization\",\"name\":\"Contenidos Online\",\"url\":\"https:\/\/mefp.grupopiquer.com\/inscripciones\/\",\"logo\":{\"@type\":\"ImageObject\",\"inLanguage\":\"es\",\"@id\":\"https:\/\/mefp.grupopiquer.com\/inscripciones\/#\/schema\/logo\/image\/\",\"url\":\"\",\"contentUrl\":\"\",\"caption\":\"Contenidos Online\"},\"image\":{\"@id\":\"https:\/\/mefp.grupopiquer.com\/inscripciones\/#\/schema\/logo\/image\/\"}}]}<\/script>\n<!-- \/ Yoast SEO plugin. -->","yoast_head_json":{"title":"TMVI0014 - Tac\u00f3grafo Digital (12 horas) - Contenidos Online","description":"Contenidos Online - TMVI0014 - Tac\u00f3grafo Digital (12 horas) - Conducci\u00f3n de Veh\u00edculos por Carretera","robots":{"index":"index","follow":"follow","max-snippet":"max-snippet:-1","max-image-preview":"max-image-preview:large","max-video-preview":"max-video-preview:-1"},"canonical":"https:\/\/mefp.grupopiquer.com\/inscripciones\/producto\/tmvi0014-tacografo-digital-30-horas\/","og_locale":"es_ES","og_type":"article","og_title":"TMVI0014 - Tac\u00f3grafo Digital (12 horas) - Contenidos Online","og_description":"Contenidos Online - TMVI0014 - Tac\u00f3grafo Digital (12 horas) - Conducci\u00f3n de Veh\u00edculos por Carretera","og_url":"https:\/\/mefp.grupopiquer.com\/inscripciones\/producto\/tmvi0014-tacografo-digital-30-horas\/","og_site_name":"Contenidos Online","article_modified_time":"2024-02-15T16:30:24+00:00","og_image":[{"width":1680,"height":945,"url":"https:\/\/mefp.grupopiquer.com\/inscripciones\/wp-content\/uploads\/2023\/05\/zMAN0TNWQdph9SuG_tEv7IOn8swgADiWK-e1683188816836.jpg","type":"image\/jpeg"}],"twitter_card":"summary_large_image","twitter_misc":{"Tiempo de lectura":"2 minutos"},"schema":{"@context":"https:\/\/schema.org","@graph":[{"@type":"WebPage","@id":"https:\/\/mefp.grupopiquer.com\/inscripciones\/producto\/tmvi0014-tacografo-digital-30-horas\/","url":"https:\/\/mefp.grupopiquer.com\/inscripciones\/producto\/tmvi0014-tacografo-digital-30-horas\/","name":"TMVI0014 - Tac\u00f3grafo Digital (12 horas) - Contenidos Online","isPartOf":{"@id":"https:\/\/mefp.grupopiquer.com\/inscripciones\/#website"},"primaryImageOfPage":{"@id":"https:\/\/mefp.grupopiquer.com\/inscripciones\/producto\/tmvi0014-tacografo-digital-30-horas\/#primaryimage"},"image":{"@id":"https:\/\/mefp.grupopiquer.com\/inscripciones\/producto\/tmvi0014-tacografo-digital-30-horas\/#primaryimage"},"thumbnailUrl":"https:\/\/mefp.grupopiquer.com\/inscripciones\/wp-content\/uploads\/2023\/05\/zMAN0TNWQdph9SuG_tEv7IOn8swgADiWK-e1683188816836.jpg","datePublished":"2023-10-10T16:45:33+00:00","dateModified":"2024-02-15T16:30:24+00:00","description":"Contenidos Online - TMVI0014 - Tac\u00f3grafo Digital (12 horas) - Conducci\u00f3n de Veh\u00edculos por Carretera","breadcrumb":{"@id":"https:\/\/mefp.grupopiquer.com\/inscripciones\/producto\/tmvi0014-tacografo-digital-30-horas\/#breadcrumb"},"inLanguage":"es","potentialAction":[{"@type":"ReadAction","target":["https:\/\/mefp.grupopiquer.com\/inscripciones\/producto\/tmvi0014-tacografo-digital-30-horas\/"]}]},{"@type":"ImageObject","inLanguage":"es","@id":"https:\/\/mefp.grupopiquer.com\/inscripciones\/producto\/tmvi0014-tacografo-digital-30-horas\/#primaryimage","url":"https:\/\/mefp.grupopiquer.com\/inscripciones\/wp-content\/uploads\/2023\/05\/zMAN0TNWQdph9SuG_tEv7IOn8swgADiWK-e1683188816836.jpg","contentUrl":"https:\/\/mefp.grupopiquer.com\/inscripciones\/wp-content\/uploads\/2023\/05\/zMAN0TNWQdph9SuG_tEv7IOn8swgADiWK-e1683188816836.jpg","width":1680,"height":945},{"@type":"BreadcrumbList","@id":"https:\/\/mefp.grupopiquer.com\/inscripciones\/producto\/tmvi0014-tacografo-digital-30-horas\/#breadcrumb","itemListElement":[{"@type":"ListItem","position":1,"name":"Portada","item":"https:\/\/mefp.grupopiquer.com\/inscripciones\/"},{"@type":"ListItem","position":2,"name":"Tienda","item":"https:\/\/mefp.grupopiquer.com\/inscripciones\/tienda\/"},{"@type":"ListItem","position":3,"name":"TMVI0014 &#8211; Tac\u00f3grafo Digital (12 horas)"}]},{"@type":"WebSite","@id":"https:\/\/mefp.grupopiquer.com\/inscripciones\/#website","url":"https:\/\/mefp.grupopiquer.com\/inscripciones\/","name":"Contenidos Online","description":"","publisher":{"@id":"https:\/\/mefp.grupopiquer.com\/inscripciones\/#organization"},"potentialAction":[{"@type":"SearchAction","target":{"@type":"EntryPoint","urlTemplate":"https:\/\/mefp.grupopiquer.com\/inscripciones\/?s={search_term_string}"},"query-input":{"@type":"PropertyValueSpecification","valueRequired":true,"valueName":"search_term_string"}}],"inLanguage":"es"},{"@type":"Organization","@id":"https:\/\/mefp.grupopiquer.com\/inscripciones\/#organization","name":"Contenidos Online","url":"https:\/\/mefp.grupopiquer.com\/inscripciones\/","logo":{"@type":"ImageObject","inLanguage":"es","@id":"https:\/\/mefp.grupopiquer.com\/inscripciones\/#\/schema\/logo\/image\/","url":"","contentUrl":"","caption":"Contenidos Online"},"image":{"@id":"https:\/\/mefp.grupopiquer.com\/inscripciones\/#\/schema\/logo\/image\/"}}]}},"_links":{"self":[{"href":"https:\/\/mefp.grupopiquer.com\/inscripciones\/wp-json\/wp\/v2\/product\/9052"}],"collection":[{"href":"https:\/\/mefp.grupopiquer.com\/inscripciones\/wp-json\/wp\/v2\/product"}],"about":[{"href":"https:\/\/mefp.grupopiquer.com\/inscripciones\/wp-json\/wp\/v2\/types\/product"}],"replies":[{"embeddable":true,"href":"https:\/\/mefp.grupopiquer.com\/inscripciones\/wp-json\/wp\/v2\/comments?post=9052"}],"wp:featuredmedia":[{"embeddable":true,"href":"https:\/\/mefp.grupopiquer.com\/inscripciones\/wp-json\/wp\/v2\/media\/4879"}],"wp:attachment":[{"href":"https:\/\/mefp.grupopiquer.com\/inscripciones\/wp-json\/wp\/v2\/media?parent=9052"}],"wp:term":[{"taxonomy":"product_cat","embeddable":true,"href":"https:\/\/mefp.grupopiquer.com\/inscripciones\/wp-json\/wp\/v2\/product_cat?post=9052"},{"taxonomy":"product_tag","embeddable":true,"href":"https:\/\/mefp.grupopiquer.com\/inscripciones\/wp-json\/wp\/v2\/product_tag?post=9052"}],"curies":[{"name":"wp","href":"https:\/\/api.w.org\/{rel}","templated":true}]}}