{"id":9050,"date":"2023-10-10T16:34:59","date_gmt":"2023-10-10T16:34:59","guid":{"rendered":"https:\/\/mefp.grupopiquer.com\/inscripciones\/?post_type=product&#038;p=9050"},"modified":"2023-12-27T11:43:46","modified_gmt":"2023-12-27T11:43:46","slug":"comm0008-organizacion-de-eventos-y-protocolo-80-horas","status":"publish","type":"product","link":"https:\/\/mefp.grupopiquer.com\/inscripciones\/producto\/comm0008-organizacion-de-eventos-y-protocolo-80-horas\/","title":{"rendered":"COMM0008 &#8211; Organizaci\u00f3n de Eventos y Protocolo (65 horas)"},"content":{"rendered":"<div id=\"accordion\">\n<h3>OBJETIVOS<\/h3>\n<div>Identificar los aspectos clave en de las actividades protocolarias a realizar por el personal<br \/>\nasistente a la direcci\u00f3n en la organizaci\u00f3n de eventos de una empresa.<\/div>\n<h3>CONTENIDOS<\/h3>\n<div>M\u00d3DULO DE FORMACI\u00d3N 1: PLANIFICACI\u00d3N DE LOS EVENTOS<br \/>\n\u2022 Aproximaci\u00f3n a las nociones iniciales de la planificaci\u00f3n de eventos<br \/>\n&#8211; Funciones y necesidad del protocolo en la actualidad.<br \/>\n&#8211; Clasificaci\u00f3n de los distintos tipos de actos.<br \/>\n&#8211; Legislaci\u00f3n y normativa protocolaria.1.5. El gabinete de protocolo.<br \/>\n\u2022 Asimilaci\u00f3n de los protocolos para seguir en un evento<br \/>\n&#8211; Objetivos y filosof\u00eda del acto.<br \/>\n&#8211; Componentes principales: Organizador, anfitri\u00f3n, invitado de honor, patrocinador, promotor.<br \/>\n&#8211; Tipos de actos.<br \/>\n\u2022 Aplicaci\u00f3n de t\u00e9cnicas para la organizaci\u00f3n de actos<br \/>\n&#8211; Fases del proyecto protocolario.<br \/>\n&#8211; Elecci\u00f3n del escenario del evento.<br \/>\n&#8211; Las y los invitados.<br \/>\n&#8211; Programa del acto: Secuencias.<br \/>\n&#8211; Preparaci\u00f3n del evento: Los medios materiales.<br \/>\n\u2022 Planificaci\u00f3n de eventos<br \/>\n&#8211; Puntos clave para el \u00e9xito en la organizaci\u00f3n de eventos.<br \/>\n&#8211; Organizaci\u00f3n y planificaci\u00f3n de actos.<br \/>\n&#8211; Metodolog\u00eda: Pasos a seguir.<br \/>\n&#8211; Cronograma de actividades. Importancia del cronograma. Proceso de elaboraci\u00f3n.<br \/>\n&#8211; Timing del evento y Check List: Importancia en la organizaci\u00f3n y proceso de elaboraci\u00f3n.<br \/>\n&#8211; Presupuesto del evento: Importancia del presupuesto para dimensionar el evento.<br \/>\n&#8211; Eventos con impacto en la Responsabilidad Social Corporativa de la compa\u00f1\u00eda.<br \/>\n&#8211; Preparaci\u00f3n y desarrollo del evento.<br \/>\n&#8211; Actividades que realizar antes del evento.<br \/>\n&#8211; Actividades posteriores. An\u00e1lisis de resultados. Elaboraci\u00f3n del Informe.<br \/>\n&#8211; Las preguntas clave antes de afrontar cualquier tipo de acto.<br \/>\nM\u00d3DULO DE FORMACI\u00d3N 2: FORMAS DE COMUNICACI\u00d3N EN EVENTOS<br \/>\n\u2022 Definici\u00f3n y desarrollo de los principales eventos de una organizaci\u00f3n<br \/>\n&#8211; Desayunos, comidas y cenas de empresa.<br \/>\n&#8211; Visitas a las instalaciones de la organizaci\u00f3n: clientes, vip s y autoridades.<br \/>\n&#8211; Reuniones de alto nivel.<br \/>\n&#8211; Inauguraciones.<br \/>\n&#8211; Presentaci\u00f3n a clientes.<br \/>\n&#8211; Actos homenaje.<br \/>\n&#8211; Aniversarios.<br \/>\n&#8211; Juntas Generales y Juntas de Accionistas.<br \/>\n&#8211; Viajes de incentivo.<br \/>\n&#8211; Convenciones Internas.<br \/>\n&#8211; Participaci\u00f3n en Ferias.<br \/>\n&#8211; Organizaci\u00f3n y participaci\u00f3n en Congresos.<br \/>\n&#8211; Patrocinio.<br \/>\n&#8211; Road Show.<br \/>\n&#8211; Premios.<br \/>\n&#8211; Otros Actos relevantes: Actos de primera piedra, libro de honor, firmas de acuerdos y convenios, c\u00f3cteles y recepciones.<br \/>\n\u2022 Implementaci\u00f3n de una identidad gr\u00e1fica de los eventos<br \/>\n&#8211; Introducci\u00f3n a la identidad corporativa: conceptos de cultura corporativa, imagen corporativa e identidad gr\u00e1fica.<br \/>\n&#8211; Elementos b\u00e1sicos de la comunicaci\u00f3n a trav\u00e9s de la imagen: color, forma, tipograf\u00eda, composici\u00f3n. Elementos b\u00e1sicos de la imagen de marca: s\u00edmbolo<br \/>\n(logos\u00edmbolo), logotipo, marca.<br \/>\n&#8211; Manual de identidad gr\u00e1fica: Cultura e imagen corporativa y su relaci\u00f3n con la identidad gr\u00e1fica: qu\u00e9 queremos transmitir, elementos b\u00e1sicos de un manual de<br \/>\nidentidad gr\u00e1fica.<br \/>\n&#8211; Uso de los elementos de identidad gr\u00e1fica en los distintos tipos de eventos.<br \/>\n&#8211; Imagen de la empresa y del evento, papeler\u00eda, merchandising y regalos de empresa, se\u00f1al\u00e9tica y carteler\u00eda; Arquitectura ef\u00edmera: stands y escenograf\u00eda; Elementos multimedia: proyecciones, presentaciones, v\u00eddeo e interactivos.<br \/>\n\u2022 Conceptualizaci\u00f3n de protocolo social<br \/>\n&#8211; Definiciones.<br \/>\n&#8211; Normas de cortes\u00edas esenciales.<br \/>\n&#8211; La imagen personal y la etiqueta.<br \/>\n&#8211; Organizaci\u00f3n de un comedor.<br \/>\n&#8211; Colocaci\u00f3n de los comensales<br \/>\nM\u00d3DULO DE FORMACI\u00d3N 3: PROTOCOLO 4.0<br \/>\n\u2022 Gesti\u00f3n de la seguridad y el protocolo<br \/>\n&#8211; Importancia del dispositivo de seguridad.<br \/>\n&#8211; Diferenciaci\u00f3n entre prevenci\u00f3n y emergencia.<br \/>\n&#8211; Personal cualificado para el dispositivo de seguridad.<br \/>\n&#8211; Prevenci\u00f3n de riesgos laborales para el personal de protocolo, comunicaci\u00f3n y seguridad. Nociones b\u00e1sicas.<br \/>\n\u2022 Conocimiento del papel de las TICs en el protocolo<\/div>\n<\/div>\n","protected":false},"excerpt":{"rendered":"<p>Identificar los aspectos clave en de las actividades protocolarias a realizar por el personal asistente a la direcci\u00f3n en la organizaci\u00f3n de eventos de una empresa.<\/p>\n","protected":false},"featured_media":5112,"comment_status":"closed","ping_status":"closed","template":"","meta":[],"product_cat":[119],"product_tag":[],"class_list":{"0":"post-9050","1":"product","2":"type-product","3":"status-publish","4":"has-post-thumbnail","6":"product_cat-marketing-y-relaciones-publicas","8":"first","9":"instock","10":"taxable","11":"shipping-taxable","12":"purchasable","13":"product-type-simple"},"yoast_head":"<!-- This site is optimized with the Yoast SEO plugin v23.5 - https:\/\/yoast.com\/wordpress\/plugins\/seo\/ -->\n<title>COMM0008 - Organizaci\u00f3n de Eventos y Protocolo (65 horas) - Contenidos Online<\/title>\n<meta name=\"description\" content=\"Contenidos Online - COMM0008 - Organizaci\u00f3n de Eventos y Protocolo (65 horas) - Marketing y Relaciones P\u00fablicas\" \/>\n<meta name=\"robots\" content=\"index, follow, max-snippet:-1, max-image-preview:large, max-video-preview:-1\" \/>\n<link rel=\"canonical\" href=\"https:\/\/mefp.grupopiquer.com\/inscripciones\/producto\/comm0008-organizacion-de-eventos-y-protocolo-80-horas\/\" \/>\n<meta property=\"og:locale\" content=\"es_ES\" \/>\n<meta property=\"og:type\" content=\"article\" \/>\n<meta property=\"og:title\" content=\"COMM0008 - Organizaci\u00f3n de Eventos y Protocolo (65 horas) - Contenidos Online\" \/>\n<meta property=\"og:description\" content=\"Contenidos Online - COMM0008 - Organizaci\u00f3n de Eventos y Protocolo (65 horas) - Marketing y Relaciones P\u00fablicas\" \/>\n<meta property=\"og:url\" content=\"https:\/\/mefp.grupopiquer.com\/inscripciones\/producto\/comm0008-organizacion-de-eventos-y-protocolo-80-horas\/\" \/>\n<meta property=\"og:site_name\" content=\"Contenidos Online\" \/>\n<meta property=\"article:modified_time\" content=\"2023-12-27T11:43:46+00:00\" \/>\n<meta property=\"og:image\" content=\"https:\/\/mefp.grupopiquer.com\/inscripciones\/wp-content\/uploads\/2023\/05\/lMGWUqEzxpPWJBWv_W7xEzFQnr16SdiKs.jpg\" \/>\n\t<meta property=\"og:image:width\" content=\"1400\" \/>\n\t<meta property=\"og:image:height\" content=\"788\" \/>\n\t<meta property=\"og:image:type\" content=\"image\/jpeg\" \/>\n<meta name=\"twitter:card\" content=\"summary_large_image\" \/>\n<meta name=\"twitter:label1\" content=\"Tiempo de lectura\" \/>\n\t<meta name=\"twitter:data1\" content=\"3 minutos\" \/>\n<script type=\"application\/ld+json\" class=\"yoast-schema-graph\">{\"@context\":\"https:\/\/schema.org\",\"@graph\":[{\"@type\":\"WebPage\",\"@id\":\"https:\/\/mefp.grupopiquer.com\/inscripciones\/producto\/comm0008-organizacion-de-eventos-y-protocolo-80-horas\/\",\"url\":\"https:\/\/mefp.grupopiquer.com\/inscripciones\/producto\/comm0008-organizacion-de-eventos-y-protocolo-80-horas\/\",\"name\":\"COMM0008 - Organizaci\u00f3n de Eventos y Protocolo (65 horas) - Contenidos Online\",\"isPartOf\":{\"@id\":\"https:\/\/mefp.grupopiquer.com\/inscripciones\/#website\"},\"primaryImageOfPage\":{\"@id\":\"https:\/\/mefp.grupopiquer.com\/inscripciones\/producto\/comm0008-organizacion-de-eventos-y-protocolo-80-horas\/#primaryimage\"},\"image\":{\"@id\":\"https:\/\/mefp.grupopiquer.com\/inscripciones\/producto\/comm0008-organizacion-de-eventos-y-protocolo-80-horas\/#primaryimage\"},\"thumbnailUrl\":\"https:\/\/mefp.grupopiquer.com\/inscripciones\/wp-content\/uploads\/2023\/05\/lMGWUqEzxpPWJBWv_W7xEzFQnr16SdiKs.jpg\",\"datePublished\":\"2023-10-10T16:34:59+00:00\",\"dateModified\":\"2023-12-27T11:43:46+00:00\",\"description\":\"Contenidos Online - COMM0008 - Organizaci\u00f3n de Eventos y Protocolo (65 horas) - Marketing y Relaciones P\u00fablicas\",\"breadcrumb\":{\"@id\":\"https:\/\/mefp.grupopiquer.com\/inscripciones\/producto\/comm0008-organizacion-de-eventos-y-protocolo-80-horas\/#breadcrumb\"},\"inLanguage\":\"es\",\"potentialAction\":[{\"@type\":\"ReadAction\",\"target\":[\"https:\/\/mefp.grupopiquer.com\/inscripciones\/producto\/comm0008-organizacion-de-eventos-y-protocolo-80-horas\/\"]}]},{\"@type\":\"ImageObject\",\"inLanguage\":\"es\",\"@id\":\"https:\/\/mefp.grupopiquer.com\/inscripciones\/producto\/comm0008-organizacion-de-eventos-y-protocolo-80-horas\/#primaryimage\",\"url\":\"https:\/\/mefp.grupopiquer.com\/inscripciones\/wp-content\/uploads\/2023\/05\/lMGWUqEzxpPWJBWv_W7xEzFQnr16SdiKs.jpg\",\"contentUrl\":\"https:\/\/mefp.grupopiquer.com\/inscripciones\/wp-content\/uploads\/2023\/05\/lMGWUqEzxpPWJBWv_W7xEzFQnr16SdiKs.jpg\",\"width\":1400,\"height\":788},{\"@type\":\"BreadcrumbList\",\"@id\":\"https:\/\/mefp.grupopiquer.com\/inscripciones\/producto\/comm0008-organizacion-de-eventos-y-protocolo-80-horas\/#breadcrumb\",\"itemListElement\":[{\"@type\":\"ListItem\",\"position\":1,\"name\":\"Portada\",\"item\":\"https:\/\/mefp.grupopiquer.com\/inscripciones\/\"},{\"@type\":\"ListItem\",\"position\":2,\"name\":\"Tienda\",\"item\":\"https:\/\/mefp.grupopiquer.com\/inscripciones\/tienda\/\"},{\"@type\":\"ListItem\",\"position\":3,\"name\":\"COMM0008 &#8211; Organizaci\u00f3n de Eventos y Protocolo (65 horas)\"}]},{\"@type\":\"WebSite\",\"@id\":\"https:\/\/mefp.grupopiquer.com\/inscripciones\/#website\",\"url\":\"https:\/\/mefp.grupopiquer.com\/inscripciones\/\",\"name\":\"Contenidos Online\",\"description\":\"\",\"publisher\":{\"@id\":\"https:\/\/mefp.grupopiquer.com\/inscripciones\/#organization\"},\"potentialAction\":[{\"@type\":\"SearchAction\",\"target\":{\"@type\":\"EntryPoint\",\"urlTemplate\":\"https:\/\/mefp.grupopiquer.com\/inscripciones\/?s={search_term_string}\"},\"query-input\":{\"@type\":\"PropertyValueSpecification\",\"valueRequired\":true,\"valueName\":\"search_term_string\"}}],\"inLanguage\":\"es\"},{\"@type\":\"Organization\",\"@id\":\"https:\/\/mefp.grupopiquer.com\/inscripciones\/#organization\",\"name\":\"Contenidos Online\",\"url\":\"https:\/\/mefp.grupopiquer.com\/inscripciones\/\",\"logo\":{\"@type\":\"ImageObject\",\"inLanguage\":\"es\",\"@id\":\"https:\/\/mefp.grupopiquer.com\/inscripciones\/#\/schema\/logo\/image\/\",\"url\":\"\",\"contentUrl\":\"\",\"caption\":\"Contenidos Online\"},\"image\":{\"@id\":\"https:\/\/mefp.grupopiquer.com\/inscripciones\/#\/schema\/logo\/image\/\"}}]}<\/script>\n<!-- \/ Yoast SEO plugin. -->","yoast_head_json":{"title":"COMM0008 - Organizaci\u00f3n de Eventos y Protocolo (65 horas) - Contenidos Online","description":"Contenidos Online - COMM0008 - Organizaci\u00f3n de Eventos y Protocolo (65 horas) - Marketing y Relaciones P\u00fablicas","robots":{"index":"index","follow":"follow","max-snippet":"max-snippet:-1","max-image-preview":"max-image-preview:large","max-video-preview":"max-video-preview:-1"},"canonical":"https:\/\/mefp.grupopiquer.com\/inscripciones\/producto\/comm0008-organizacion-de-eventos-y-protocolo-80-horas\/","og_locale":"es_ES","og_type":"article","og_title":"COMM0008 - Organizaci\u00f3n de Eventos y Protocolo (65 horas) - Contenidos Online","og_description":"Contenidos Online - COMM0008 - Organizaci\u00f3n de Eventos y Protocolo (65 horas) - Marketing y Relaciones P\u00fablicas","og_url":"https:\/\/mefp.grupopiquer.com\/inscripciones\/producto\/comm0008-organizacion-de-eventos-y-protocolo-80-horas\/","og_site_name":"Contenidos Online","article_modified_time":"2023-12-27T11:43:46+00:00","og_image":[{"width":1400,"height":788,"url":"https:\/\/mefp.grupopiquer.com\/inscripciones\/wp-content\/uploads\/2023\/05\/lMGWUqEzxpPWJBWv_W7xEzFQnr16SdiKs.jpg","type":"image\/jpeg"}],"twitter_card":"summary_large_image","twitter_misc":{"Tiempo de lectura":"3 minutos"},"schema":{"@context":"https:\/\/schema.org","@graph":[{"@type":"WebPage","@id":"https:\/\/mefp.grupopiquer.com\/inscripciones\/producto\/comm0008-organizacion-de-eventos-y-protocolo-80-horas\/","url":"https:\/\/mefp.grupopiquer.com\/inscripciones\/producto\/comm0008-organizacion-de-eventos-y-protocolo-80-horas\/","name":"COMM0008 - Organizaci\u00f3n de Eventos y Protocolo (65 horas) - Contenidos Online","isPartOf":{"@id":"https:\/\/mefp.grupopiquer.com\/inscripciones\/#website"},"primaryImageOfPage":{"@id":"https:\/\/mefp.grupopiquer.com\/inscripciones\/producto\/comm0008-organizacion-de-eventos-y-protocolo-80-horas\/#primaryimage"},"image":{"@id":"https:\/\/mefp.grupopiquer.com\/inscripciones\/producto\/comm0008-organizacion-de-eventos-y-protocolo-80-horas\/#primaryimage"},"thumbnailUrl":"https:\/\/mefp.grupopiquer.com\/inscripciones\/wp-content\/uploads\/2023\/05\/lMGWUqEzxpPWJBWv_W7xEzFQnr16SdiKs.jpg","datePublished":"2023-10-10T16:34:59+00:00","dateModified":"2023-12-27T11:43:46+00:00","description":"Contenidos Online - COMM0008 - Organizaci\u00f3n de Eventos y Protocolo (65 horas) - Marketing y Relaciones P\u00fablicas","breadcrumb":{"@id":"https:\/\/mefp.grupopiquer.com\/inscripciones\/producto\/comm0008-organizacion-de-eventos-y-protocolo-80-horas\/#breadcrumb"},"inLanguage":"es","potentialAction":[{"@type":"ReadAction","target":["https:\/\/mefp.grupopiquer.com\/inscripciones\/producto\/comm0008-organizacion-de-eventos-y-protocolo-80-horas\/"]}]},{"@type":"ImageObject","inLanguage":"es","@id":"https:\/\/mefp.grupopiquer.com\/inscripciones\/producto\/comm0008-organizacion-de-eventos-y-protocolo-80-horas\/#primaryimage","url":"https:\/\/mefp.grupopiquer.com\/inscripciones\/wp-content\/uploads\/2023\/05\/lMGWUqEzxpPWJBWv_W7xEzFQnr16SdiKs.jpg","contentUrl":"https:\/\/mefp.grupopiquer.com\/inscripciones\/wp-content\/uploads\/2023\/05\/lMGWUqEzxpPWJBWv_W7xEzFQnr16SdiKs.jpg","width":1400,"height":788},{"@type":"BreadcrumbList","@id":"https:\/\/mefp.grupopiquer.com\/inscripciones\/producto\/comm0008-organizacion-de-eventos-y-protocolo-80-horas\/#breadcrumb","itemListElement":[{"@type":"ListItem","position":1,"name":"Portada","item":"https:\/\/mefp.grupopiquer.com\/inscripciones\/"},{"@type":"ListItem","position":2,"name":"Tienda","item":"https:\/\/mefp.grupopiquer.com\/inscripciones\/tienda\/"},{"@type":"ListItem","position":3,"name":"COMM0008 &#8211; Organizaci\u00f3n de Eventos y Protocolo (65 horas)"}]},{"@type":"WebSite","@id":"https:\/\/mefp.grupopiquer.com\/inscripciones\/#website","url":"https:\/\/mefp.grupopiquer.com\/inscripciones\/","name":"Contenidos Online","description":"","publisher":{"@id":"https:\/\/mefp.grupopiquer.com\/inscripciones\/#organization"},"potentialAction":[{"@type":"SearchAction","target":{"@type":"EntryPoint","urlTemplate":"https:\/\/mefp.grupopiquer.com\/inscripciones\/?s={search_term_string}"},"query-input":{"@type":"PropertyValueSpecification","valueRequired":true,"valueName":"search_term_string"}}],"inLanguage":"es"},{"@type":"Organization","@id":"https:\/\/mefp.grupopiquer.com\/inscripciones\/#organization","name":"Contenidos Online","url":"https:\/\/mefp.grupopiquer.com\/inscripciones\/","logo":{"@type":"ImageObject","inLanguage":"es","@id":"https:\/\/mefp.grupopiquer.com\/inscripciones\/#\/schema\/logo\/image\/","url":"","contentUrl":"","caption":"Contenidos Online"},"image":{"@id":"https:\/\/mefp.grupopiquer.com\/inscripciones\/#\/schema\/logo\/image\/"}}]}},"_links":{"self":[{"href":"https:\/\/mefp.grupopiquer.com\/inscripciones\/wp-json\/wp\/v2\/product\/9050"}],"collection":[{"href":"https:\/\/mefp.grupopiquer.com\/inscripciones\/wp-json\/wp\/v2\/product"}],"about":[{"href":"https:\/\/mefp.grupopiquer.com\/inscripciones\/wp-json\/wp\/v2\/types\/product"}],"replies":[{"embeddable":true,"href":"https:\/\/mefp.grupopiquer.com\/inscripciones\/wp-json\/wp\/v2\/comments?post=9050"}],"wp:featuredmedia":[{"embeddable":true,"href":"https:\/\/mefp.grupopiquer.com\/inscripciones\/wp-json\/wp\/v2\/media\/5112"}],"wp:attachment":[{"href":"https:\/\/mefp.grupopiquer.com\/inscripciones\/wp-json\/wp\/v2\/media?parent=9050"}],"wp:term":[{"taxonomy":"product_cat","embeddable":true,"href":"https:\/\/mefp.grupopiquer.com\/inscripciones\/wp-json\/wp\/v2\/product_cat?post=9050"},{"taxonomy":"product_tag","embeddable":true,"href":"https:\/\/mefp.grupopiquer.com\/inscripciones\/wp-json\/wp\/v2\/product_tag?post=9050"}],"curies":[{"name":"wp","href":"https:\/\/api.w.org\/{rel}","templated":true}]}}