{"id":9049,"date":"2023-10-10T16:24:50","date_gmt":"2023-10-10T16:24:50","guid":{"rendered":"https:\/\/mefp.grupopiquer.com\/inscripciones\/?post_type=product&#038;p=9049"},"modified":"2023-12-27T11:44:54","modified_gmt":"2023-12-27T11:44:54","slug":"comm0006-marketing-on-line-diseno-y-promocion-de-sitios-web-30-horas","status":"publish","type":"product","link":"https:\/\/mefp.grupopiquer.com\/inscripciones\/producto\/comm0006-marketing-on-line-diseno-y-promocion-de-sitios-web-30-horas\/","title":{"rendered":"COMM0006 &#8211; Marketing On Line: Dise\u00f1o Y Promoci\u00f3n De Sitios Web (30 horas)"},"content":{"rendered":"<div id=\"accordion\">\n<h3>OBJETIVOS<\/h3>\n<div>Desarrollar operaciones b\u00e1sicas relacionadas con el dise\u00f1o y promoci\u00f3n de sitios web atendiendo al comportamiento del cliente en la Red, el funcionamiento en l\u00ednea y las t\u00e9cnicas de publicidad<br \/>\nbasadas en el marketing online.<\/div>\n<h3>CONTENIDOS<\/h3>\n<div>Modulo 1 &#8211; MARKETING ON LINE: DISE\u00d1O Y PROMOCI\u00d3N DE SITIOS WEB<br \/>\n\u2022 Conceptualizaci\u00f3n de Marketing en Internet: Herramientas principales<br \/>\n&#8211; Concepto de marketing.<br \/>\n&#8211; Etapa existente desde la orientaci\u00f3n hasta la producci\u00f3n.<br \/>\n&#8211; Etapa existente desde las ventas al marketing.<br \/>\n&#8211; Marketing en la actualidad de Internet.<br \/>\n&#8211; Historia de Internet.<br \/>\n&#8211; Usos de Internet y beneficios para el marketing.<br \/>\n&#8211; Diferencias existentes entre el marketing actual y el tradicional.<br \/>\n&#8211; Uso de cat\u00e1logos electr\u00f3nicos.<br \/>\n&#8211; Surgimiento del marketing electr\u00f3nico.<br \/>\n&#8211; Pautas para desarrollar un Electronic Marketing Plan (EMP).<br \/>\n\u2022 Aplicaci\u00f3n de un plan de Marketing<br \/>\n&#8211; Fases que componen un e-Marketing Plan (EMP).<br \/>\n&#8211; An\u00e1lisis de situaci\u00f3n.<br \/>\n&#8211; An\u00e1lisis dentro de la propia empresa.<br \/>\n&#8211; An\u00e1lisis del entorno.<br \/>\n&#8211; Entorno a desde un nivel general.<br \/>\n&#8211; Entorno desde un nivel comercial.<br \/>\n&#8211; Debilidades Fortalezas, amenazas y oportunidades (D.A.F.O).<br \/>\n&#8211; Modelo AIDA: Las variables del e-Marketing Mix.<br \/>\n\u2022 Conocimiento de los comportamientos del cliente en l\u00ednea<br \/>\n&#8211; Variables existentes en el comportamiento del consumidor<br \/>\n&#8211; Influencia de las variantes independientes.<br \/>\n\u2022 Definici\u00f3n de caracter\u00edsticas personales del cliente<br \/>\n&#8211; Caracter\u00edsticas ambientales.<br \/>\n&#8211; Variables intervinientes moderadas.<br \/>\n&#8211; Variables dependientes: Las decisiones a la hora de efectuar las compras.<br \/>\n&#8211; Proceso de toma de decisi\u00f3n desde la perspectiva del consumidor.<br \/>\n&#8211; Modelo gen\u00e9rico de decisi\u00f3n de compra.<br \/>\n\u2022 Creaci\u00f3n y construcci\u00f3n de un sitio web<br \/>\n&#8211; Plataforma: el proceso de construcci\u00f3n de un sitio web.<br \/>\n. Front-office y el Back-office.<br \/>\n&#8211; Fases proceso de construcci\u00f3n de un sitio web.<br \/>\n&#8211; Selecci\u00f3n de un modelo de hospedaje o alojamiento Web.<br \/>\n&#8211; Registro de un nombre de dominio.<br \/>\n&#8211; Pasos para la creaci\u00f3n y administraci\u00f3n del contenido.<br \/>\n&#8211; Dise\u00f1o de un sitio web.<br \/>\n&#8211; Pasos para la construcci\u00f3n y prueba de un sitio web.<br \/>\n&#8211; Presentaci\u00f3n: el dise\u00f1o efectivo de un sitio web WON versus WOE.<br \/>\n&#8211; Estructura de un sitio web.<br \/>\n&#8211; Estructura jer\u00e1rquica.<br \/>\n&#8211; Otras estructuras no jer\u00e1rquicas.<br \/>\n&#8211; P\u00e1gina de bienvenida (homepage).<br \/>\n\u2022 Conocimiento del concepto de navegaci\u00f3n<br \/>\n&#8211; Barras de navegaci\u00f3n.<br \/>\n&#8211; Mapas del sitio web.<br \/>\n&#8211; Herramientas de b\u00fasqueda y ayudas.<br \/>\n&#8211; Consistencia.<br \/>\n&#8211; Rendimiento.<br \/>\n&#8211; Apariencia.<br \/>\n&#8211; Control de la calidad.<br \/>\n\u2022 Estructuraci\u00f3n de un web site<br \/>\n&#8211; Contenidos.<br \/>\n&#8211; Cookies como herramientas de ayuda a la personalizaci\u00f3n de contenidos.<br \/>\n&#8211; Elementos para la atracci\u00f3n de navegantes al sitio web.<br \/>\n&#8211; Estrategias online 6.5. Posicionamientos de buscadores.<br \/>\n&#8211; Titles.<br \/>\n&#8211; META descripci\u00f3n.<br \/>\n&#8211; META keywords.<br \/>\n&#8211; HTML body structure.<br \/>\n\u2022 Explicaci\u00f3n de algunos consejos adicionales<br \/>\n&#8211; Publicidad on-Line.<br \/>\n&#8211; Banners.<br \/>\n&#8211; Alternativas a los banners convencionales.<br \/>\n&#8211; Contrataci\u00f3n de la publicidad online.<br \/>\n\u2022 Introducci\u00f3n a algunos conceptos relacionados con la publicidad online.<br \/>\n&#8211; Formas de contrataci\u00f3n de publicidad online.<br \/>\n&#8211; Programas de afiliaci\u00f3n.<br \/>\n&#8211; E-Mail marketing.<br \/>\n&#8211; Ventajas de la publicidad online.<br \/>\n&#8211; Estrategias offline.<\/div>\n<\/div>\n","protected":false},"excerpt":{"rendered":"<p>Desarrollar operaciones b\u00e1sicas relacionadas con el dise\u00f1o y promoci\u00f3n de sitios web atendiendo al comportamiento del cliente en la Red, el funcionamiento en l\u00ednea y las t\u00e9cnicas de publicidad basadas en el marketing online.<\/p>\n","protected":false},"featured_media":5127,"comment_status":"closed","ping_status":"closed","template":"","meta":[],"product_cat":[119],"product_tag":[],"class_list":{"0":"post-9049","1":"product","2":"type-product","3":"status-publish","4":"has-post-thumbnail","6":"product_cat-marketing-y-relaciones-publicas","8":"first","9":"instock","10":"taxable","11":"shipping-taxable","12":"purchasable","13":"product-type-simple"},"yoast_head":"<!-- This site is optimized with the Yoast SEO plugin v23.5 - https:\/\/yoast.com\/wordpress\/plugins\/seo\/ -->\n<title>COMM0006 - Marketing On Line: Dise\u00f1o Y Promoci\u00f3n De Sitios Web (30 horas) - Contenidos Online<\/title>\n<meta name=\"description\" content=\"Contenidos Online - COMM0006 - Marketing On Line: Dise\u00f1o Y Promoci\u00f3n De Sitios Web (30 horas) - Marketing y Relaciones P\u00fablicas\" \/>\n<meta name=\"robots\" content=\"index, follow, max-snippet:-1, max-image-preview:large, max-video-preview:-1\" \/>\n<link rel=\"canonical\" href=\"https:\/\/mefp.grupopiquer.com\/inscripciones\/producto\/comm0006-marketing-on-line-diseno-y-promocion-de-sitios-web-30-horas\/\" \/>\n<meta property=\"og:locale\" content=\"es_ES\" \/>\n<meta property=\"og:type\" content=\"article\" \/>\n<meta property=\"og:title\" content=\"COMM0006 - Marketing On Line: Dise\u00f1o Y Promoci\u00f3n De Sitios Web (30 horas) - Contenidos Online\" \/>\n<meta property=\"og:description\" content=\"Contenidos Online - COMM0006 - Marketing On Line: Dise\u00f1o Y Promoci\u00f3n De Sitios Web (30 horas) - Marketing y Relaciones P\u00fablicas\" \/>\n<meta property=\"og:url\" content=\"https:\/\/mefp.grupopiquer.com\/inscripciones\/producto\/comm0006-marketing-on-line-diseno-y-promocion-de-sitios-web-30-horas\/\" \/>\n<meta property=\"og:site_name\" content=\"Contenidos Online\" \/>\n<meta property=\"article:modified_time\" content=\"2023-12-27T11:44:54+00:00\" \/>\n<meta property=\"og:image\" content=\"https:\/\/mefp.grupopiquer.com\/inscripciones\/wp-content\/uploads\/2023\/05\/2LJOh_sgHpvGuMYO_10Io6hdYySucFz3Z-e1683214068225.jpg\" \/>\n\t<meta property=\"og:image:width\" content=\"1600\" \/>\n\t<meta property=\"og:image:height\" content=\"900\" \/>\n\t<meta property=\"og:image:type\" content=\"image\/jpeg\" \/>\n<meta name=\"twitter:card\" content=\"summary_large_image\" \/>\n<meta name=\"twitter:label1\" content=\"Tiempo de lectura\" \/>\n\t<meta name=\"twitter:data1\" content=\"3 minutos\" \/>\n<script type=\"application\/ld+json\" class=\"yoast-schema-graph\">{\"@context\":\"https:\/\/schema.org\",\"@graph\":[{\"@type\":\"WebPage\",\"@id\":\"https:\/\/mefp.grupopiquer.com\/inscripciones\/producto\/comm0006-marketing-on-line-diseno-y-promocion-de-sitios-web-30-horas\/\",\"url\":\"https:\/\/mefp.grupopiquer.com\/inscripciones\/producto\/comm0006-marketing-on-line-diseno-y-promocion-de-sitios-web-30-horas\/\",\"name\":\"COMM0006 - Marketing On Line: Dise\u00f1o Y Promoci\u00f3n De Sitios Web (30 horas) - Contenidos Online\",\"isPartOf\":{\"@id\":\"https:\/\/mefp.grupopiquer.com\/inscripciones\/#website\"},\"primaryImageOfPage\":{\"@id\":\"https:\/\/mefp.grupopiquer.com\/inscripciones\/producto\/comm0006-marketing-on-line-diseno-y-promocion-de-sitios-web-30-horas\/#primaryimage\"},\"image\":{\"@id\":\"https:\/\/mefp.grupopiquer.com\/inscripciones\/producto\/comm0006-marketing-on-line-diseno-y-promocion-de-sitios-web-30-horas\/#primaryimage\"},\"thumbnailUrl\":\"https:\/\/mefp.grupopiquer.com\/inscripciones\/wp-content\/uploads\/2023\/05\/2LJOh_sgHpvGuMYO_10Io6hdYySucFz3Z-e1683214068225.jpg\",\"datePublished\":\"2023-10-10T16:24:50+00:00\",\"dateModified\":\"2023-12-27T11:44:54+00:00\",\"description\":\"Contenidos Online - COMM0006 - Marketing On Line: Dise\u00f1o Y Promoci\u00f3n De Sitios Web (30 horas) - Marketing y Relaciones P\u00fablicas\",\"breadcrumb\":{\"@id\":\"https:\/\/mefp.grupopiquer.com\/inscripciones\/producto\/comm0006-marketing-on-line-diseno-y-promocion-de-sitios-web-30-horas\/#breadcrumb\"},\"inLanguage\":\"es\",\"potentialAction\":[{\"@type\":\"ReadAction\",\"target\":[\"https:\/\/mefp.grupopiquer.com\/inscripciones\/producto\/comm0006-marketing-on-line-diseno-y-promocion-de-sitios-web-30-horas\/\"]}]},{\"@type\":\"ImageObject\",\"inLanguage\":\"es\",\"@id\":\"https:\/\/mefp.grupopiquer.com\/inscripciones\/producto\/comm0006-marketing-on-line-diseno-y-promocion-de-sitios-web-30-horas\/#primaryimage\",\"url\":\"https:\/\/mefp.grupopiquer.com\/inscripciones\/wp-content\/uploads\/2023\/05\/2LJOh_sgHpvGuMYO_10Io6hdYySucFz3Z-e1683214068225.jpg\",\"contentUrl\":\"https:\/\/mefp.grupopiquer.com\/inscripciones\/wp-content\/uploads\/2023\/05\/2LJOh_sgHpvGuMYO_10Io6hdYySucFz3Z-e1683214068225.jpg\",\"width\":1600,\"height\":900},{\"@type\":\"BreadcrumbList\",\"@id\":\"https:\/\/mefp.grupopiquer.com\/inscripciones\/producto\/comm0006-marketing-on-line-diseno-y-promocion-de-sitios-web-30-horas\/#breadcrumb\",\"itemListElement\":[{\"@type\":\"ListItem\",\"position\":1,\"name\":\"Portada\",\"item\":\"https:\/\/mefp.grupopiquer.com\/inscripciones\/\"},{\"@type\":\"ListItem\",\"position\":2,\"name\":\"Tienda\",\"item\":\"https:\/\/mefp.grupopiquer.com\/inscripciones\/tienda\/\"},{\"@type\":\"ListItem\",\"position\":3,\"name\":\"COMM0006 &#8211; Marketing On Line: Dise\u00f1o Y Promoci\u00f3n De Sitios Web (30 horas)\"}]},{\"@type\":\"WebSite\",\"@id\":\"https:\/\/mefp.grupopiquer.com\/inscripciones\/#website\",\"url\":\"https:\/\/mefp.grupopiquer.com\/inscripciones\/\",\"name\":\"Contenidos Online\",\"description\":\"\",\"publisher\":{\"@id\":\"https:\/\/mefp.grupopiquer.com\/inscripciones\/#organization\"},\"potentialAction\":[{\"@type\":\"SearchAction\",\"target\":{\"@type\":\"EntryPoint\",\"urlTemplate\":\"https:\/\/mefp.grupopiquer.com\/inscripciones\/?s={search_term_string}\"},\"query-input\":{\"@type\":\"PropertyValueSpecification\",\"valueRequired\":true,\"valueName\":\"search_term_string\"}}],\"inLanguage\":\"es\"},{\"@type\":\"Organization\",\"@id\":\"https:\/\/mefp.grupopiquer.com\/inscripciones\/#organization\",\"name\":\"Contenidos Online\",\"url\":\"https:\/\/mefp.grupopiquer.com\/inscripciones\/\",\"logo\":{\"@type\":\"ImageObject\",\"inLanguage\":\"es\",\"@id\":\"https:\/\/mefp.grupopiquer.com\/inscripciones\/#\/schema\/logo\/image\/\",\"url\":\"\",\"contentUrl\":\"\",\"caption\":\"Contenidos Online\"},\"image\":{\"@id\":\"https:\/\/mefp.grupopiquer.com\/inscripciones\/#\/schema\/logo\/image\/\"}}]}<\/script>\n<!-- \/ Yoast SEO plugin. -->","yoast_head_json":{"title":"COMM0006 - Marketing On Line: Dise\u00f1o Y Promoci\u00f3n De Sitios Web (30 horas) - Contenidos Online","description":"Contenidos Online - COMM0006 - Marketing On Line: Dise\u00f1o Y Promoci\u00f3n De Sitios Web (30 horas) - Marketing y Relaciones P\u00fablicas","robots":{"index":"index","follow":"follow","max-snippet":"max-snippet:-1","max-image-preview":"max-image-preview:large","max-video-preview":"max-video-preview:-1"},"canonical":"https:\/\/mefp.grupopiquer.com\/inscripciones\/producto\/comm0006-marketing-on-line-diseno-y-promocion-de-sitios-web-30-horas\/","og_locale":"es_ES","og_type":"article","og_title":"COMM0006 - Marketing On Line: Dise\u00f1o Y Promoci\u00f3n De Sitios Web (30 horas) - Contenidos Online","og_description":"Contenidos Online - COMM0006 - Marketing On Line: Dise\u00f1o Y Promoci\u00f3n De Sitios Web (30 horas) - Marketing y Relaciones P\u00fablicas","og_url":"https:\/\/mefp.grupopiquer.com\/inscripciones\/producto\/comm0006-marketing-on-line-diseno-y-promocion-de-sitios-web-30-horas\/","og_site_name":"Contenidos Online","article_modified_time":"2023-12-27T11:44:54+00:00","og_image":[{"width":1600,"height":900,"url":"https:\/\/mefp.grupopiquer.com\/inscripciones\/wp-content\/uploads\/2023\/05\/2LJOh_sgHpvGuMYO_10Io6hdYySucFz3Z-e1683214068225.jpg","type":"image\/jpeg"}],"twitter_card":"summary_large_image","twitter_misc":{"Tiempo de lectura":"3 minutos"},"schema":{"@context":"https:\/\/schema.org","@graph":[{"@type":"WebPage","@id":"https:\/\/mefp.grupopiquer.com\/inscripciones\/producto\/comm0006-marketing-on-line-diseno-y-promocion-de-sitios-web-30-horas\/","url":"https:\/\/mefp.grupopiquer.com\/inscripciones\/producto\/comm0006-marketing-on-line-diseno-y-promocion-de-sitios-web-30-horas\/","name":"COMM0006 - Marketing On Line: Dise\u00f1o Y Promoci\u00f3n De Sitios Web (30 horas) - Contenidos Online","isPartOf":{"@id":"https:\/\/mefp.grupopiquer.com\/inscripciones\/#website"},"primaryImageOfPage":{"@id":"https:\/\/mefp.grupopiquer.com\/inscripciones\/producto\/comm0006-marketing-on-line-diseno-y-promocion-de-sitios-web-30-horas\/#primaryimage"},"image":{"@id":"https:\/\/mefp.grupopiquer.com\/inscripciones\/producto\/comm0006-marketing-on-line-diseno-y-promocion-de-sitios-web-30-horas\/#primaryimage"},"thumbnailUrl":"https:\/\/mefp.grupopiquer.com\/inscripciones\/wp-content\/uploads\/2023\/05\/2LJOh_sgHpvGuMYO_10Io6hdYySucFz3Z-e1683214068225.jpg","datePublished":"2023-10-10T16:24:50+00:00","dateModified":"2023-12-27T11:44:54+00:00","description":"Contenidos Online - COMM0006 - Marketing On Line: Dise\u00f1o Y Promoci\u00f3n De Sitios Web (30 horas) - Marketing y Relaciones P\u00fablicas","breadcrumb":{"@id":"https:\/\/mefp.grupopiquer.com\/inscripciones\/producto\/comm0006-marketing-on-line-diseno-y-promocion-de-sitios-web-30-horas\/#breadcrumb"},"inLanguage":"es","potentialAction":[{"@type":"ReadAction","target":["https:\/\/mefp.grupopiquer.com\/inscripciones\/producto\/comm0006-marketing-on-line-diseno-y-promocion-de-sitios-web-30-horas\/"]}]},{"@type":"ImageObject","inLanguage":"es","@id":"https:\/\/mefp.grupopiquer.com\/inscripciones\/producto\/comm0006-marketing-on-line-diseno-y-promocion-de-sitios-web-30-horas\/#primaryimage","url":"https:\/\/mefp.grupopiquer.com\/inscripciones\/wp-content\/uploads\/2023\/05\/2LJOh_sgHpvGuMYO_10Io6hdYySucFz3Z-e1683214068225.jpg","contentUrl":"https:\/\/mefp.grupopiquer.com\/inscripciones\/wp-content\/uploads\/2023\/05\/2LJOh_sgHpvGuMYO_10Io6hdYySucFz3Z-e1683214068225.jpg","width":1600,"height":900},{"@type":"BreadcrumbList","@id":"https:\/\/mefp.grupopiquer.com\/inscripciones\/producto\/comm0006-marketing-on-line-diseno-y-promocion-de-sitios-web-30-horas\/#breadcrumb","itemListElement":[{"@type":"ListItem","position":1,"name":"Portada","item":"https:\/\/mefp.grupopiquer.com\/inscripciones\/"},{"@type":"ListItem","position":2,"name":"Tienda","item":"https:\/\/mefp.grupopiquer.com\/inscripciones\/tienda\/"},{"@type":"ListItem","position":3,"name":"COMM0006 &#8211; Marketing On Line: Dise\u00f1o Y Promoci\u00f3n De Sitios Web (30 horas)"}]},{"@type":"WebSite","@id":"https:\/\/mefp.grupopiquer.com\/inscripciones\/#website","url":"https:\/\/mefp.grupopiquer.com\/inscripciones\/","name":"Contenidos Online","description":"","publisher":{"@id":"https:\/\/mefp.grupopiquer.com\/inscripciones\/#organization"},"potentialAction":[{"@type":"SearchAction","target":{"@type":"EntryPoint","urlTemplate":"https:\/\/mefp.grupopiquer.com\/inscripciones\/?s={search_term_string}"},"query-input":{"@type":"PropertyValueSpecification","valueRequired":true,"valueName":"search_term_string"}}],"inLanguage":"es"},{"@type":"Organization","@id":"https:\/\/mefp.grupopiquer.com\/inscripciones\/#organization","name":"Contenidos Online","url":"https:\/\/mefp.grupopiquer.com\/inscripciones\/","logo":{"@type":"ImageObject","inLanguage":"es","@id":"https:\/\/mefp.grupopiquer.com\/inscripciones\/#\/schema\/logo\/image\/","url":"","contentUrl":"","caption":"Contenidos Online"},"image":{"@id":"https:\/\/mefp.grupopiquer.com\/inscripciones\/#\/schema\/logo\/image\/"}}]}},"_links":{"self":[{"href":"https:\/\/mefp.grupopiquer.com\/inscripciones\/wp-json\/wp\/v2\/product\/9049"}],"collection":[{"href":"https:\/\/mefp.grupopiquer.com\/inscripciones\/wp-json\/wp\/v2\/product"}],"about":[{"href":"https:\/\/mefp.grupopiquer.com\/inscripciones\/wp-json\/wp\/v2\/types\/product"}],"replies":[{"embeddable":true,"href":"https:\/\/mefp.grupopiquer.com\/inscripciones\/wp-json\/wp\/v2\/comments?post=9049"}],"wp:featuredmedia":[{"embeddable":true,"href":"https:\/\/mefp.grupopiquer.com\/inscripciones\/wp-json\/wp\/v2\/media\/5127"}],"wp:attachment":[{"href":"https:\/\/mefp.grupopiquer.com\/inscripciones\/wp-json\/wp\/v2\/media?parent=9049"}],"wp:term":[{"taxonomy":"product_cat","embeddable":true,"href":"https:\/\/mefp.grupopiquer.com\/inscripciones\/wp-json\/wp\/v2\/product_cat?post=9049"},{"taxonomy":"product_tag","embeddable":true,"href":"https:\/\/mefp.grupopiquer.com\/inscripciones\/wp-json\/wp\/v2\/product_tag?post=9049"}],"curies":[{"name":"wp","href":"https:\/\/api.w.org\/{rel}","templated":true}]}}