{"id":9047,"date":"2023-10-10T16:12:51","date_gmt":"2023-10-10T16:12:51","guid":{"rendered":"https:\/\/mefp.grupopiquer.com\/inscripciones\/?post_type=product&#038;p=9047"},"modified":"2023-12-27T11:45:53","modified_gmt":"2023-12-27T11:45:53","slug":"coml0006po-gestion-logistica-150-horas","status":"publish","type":"product","link":"https:\/\/mefp.grupopiquer.com\/inscripciones\/producto\/coml0006po-gestion-logistica-150-horas\/","title":{"rendered":"COML0006PO &#8211; Gesti\u00f3n Log\u00edstica (150 horas)"},"content":{"rendered":"<div id=\"accordion\">\n<h3>OBJETIVOS<\/h3>\n<div>Desempe\u00f1ar las funciones de t\u00e9cnico en log\u00edstica con la eficacia requerida, as\u00ed como manejar los<br \/>\nsistemas de informaci\u00f3n y distribuci\u00f3n conforme a la necesidad de la empresa, controlando los<br \/>\ncanales de distribuci\u00f3n espa\u00f1ol y europeos y poder planificar la estrategia log\u00edstica y gestionarla<br \/>\nadecuadamente.<\/div>\n<h3>CONTENIDOS<\/h3>\n<div>M\u00f3dulo 1 FUNDAMENTOS E INTEGRACIONES<br \/>\n\u2022 Comprender el concepto de log\u00edstica empresarial.<br \/>\n&#8211; Comprender su \u00e1mbito de influencia.<br \/>\n&#8211; Identificaci\u00f3n de las actividades en log\u00edstica empresarial.<br \/>\n&#8211; Identificaci\u00f3n de los objetivos en la log\u00edstica:<br \/>\no Gesti\u00f3n del coste de la distribuci\u00f3n.<br \/>\no Conocimiento acerca de los costos variables.<br \/>\no Conocimiento acerca de los costos fijos.<br \/>\no Definici\u00f3n de proceso log\u00edstico.<br \/>\no Definici\u00f3n de escalonamiento.<br \/>\no Gesti\u00f3n de almacenes centrales.<br \/>\no Gesti\u00f3n de los Almacenes reguladores o secundarios.<br \/>\no Gesti\u00f3n de dep\u00f3sitos.<br \/>\no Gesti\u00f3n de Parques o espacios de espera.<br \/>\no Uso de Buffers o pulmones.<br \/>\n&#8211; Aplicaci\u00f3n del dise\u00f1o del proceso log\u00edstico.<br \/>\n&#8211; Posici\u00f3n de la log\u00edstica en la empresa.<br \/>\n&#8211; Comprensi\u00f3n de la log\u00edstica funcional.<br \/>\n&#8211; Distribuci\u00f3n f\u00edsica.<br \/>\n\u2022 Asimilaci\u00f3n del sistema de informaci\u00f3n log\u00edstica y t\u00e9cnicas de integraci\u00f3n.<br \/>\n&#8211; Comprensi\u00f3n acerca del sistema de informaci\u00f3n log\u00edstico.<br \/>\n&#8211; Definici\u00f3n.<br \/>\n&#8211; Identificaci\u00f3n de funciones b\u00e1sicas del sistema de informaci\u00f3n.<br \/>\n&#8211; Integraci\u00f3n del sistema log\u00edstico.<br \/>\n&#8211; Asimilaci\u00f3n del concepto de distribuci\u00f3n como un sistema integrado.<br \/>\n&#8211; Asimilaci\u00f3n del concepto de sistema.<br \/>\n&#8211; Gesti\u00f3n de centros de actividad del sistema de distribuci\u00f3n.<br \/>\nM\u00d3DULO DE FORMACI\u00d3N 2: SISTEMAS DISTRIBUTIVOS<br \/>\n\u2022 Conocimiento del sistema distributivo espa\u00f1ol<br \/>\n&#8211; Identificaci\u00f3n de las caracter\u00edsticas del sistema distributivo espa\u00f1ol.<br \/>\n&#8211; Conocimiento sobre el hipermercado.<br \/>\n&#8211; Identificaci\u00f3n de los elementos end\u00f3genos que explican el fen\u00f3meno<br \/>\nhipermercado en Espa\u00f1a.<br \/>\n&#8211; Conocimiento acerca del cliente del hipermercado.<br \/>\n&#8211; Identificaci\u00f3n de las caracter\u00edsticas del supermercado.<br \/>\n&#8211; Identificaci\u00f3n de los diferentes tipos de supermercado.<br \/>\n&#8211; Previsi\u00f3n de su evoluci\u00f3n y futuro.<br \/>\n&#8211; Identificaci\u00f3n de agrupaciones de detallistas.<br \/>\n&#8211; Identificaci\u00f3n de los grupos de compras.<br \/>\n&#8211; Identificaci\u00f3n de las centrales de compra.<br \/>\n&#8211; Identificaci\u00f3n de las centrales de servicios.<br \/>\n\u2022 Distribuci\u00f3n europea<br \/>\n&#8211; Identificaci\u00f3n de las claves para la expansi\u00f3n.<br \/>\n&#8211; Identificaci\u00f3n de los costes.<br \/>\n&#8211; An\u00e1lisis del entorno.<br \/>\n&#8211; Gesti\u00f3n del control.<br \/>\n&#8211; Uso de la moneda.<br \/>\n&#8211; Establecimiento de las comunicaciones.<br \/>\n&#8211; Elaboraci\u00f3n de las estrategias europeas de los distribuidores f\u00edsicos.<br \/>\n&#8211; Aplicaci\u00f3n de los servicios de log\u00edstica.<br \/>\n&#8211; Conocimiento de la pol\u00edtica en materia de distribuci\u00f3n f\u00edsica.<br \/>\n\u2022 Distribuci\u00f3n comercial y canales de distribuci\u00f3n<br \/>\n&#8211; Identificaci\u00f3n de la funci\u00f3n comercial en la empresa.<br \/>\n&#8211; Comprensi\u00f3n de la Direcci\u00f3n Comercial.<br \/>\n&#8211; Realizaci\u00f3n de la organizaci\u00f3n comercial.<br \/>\n&#8211; Distribuci\u00f3n total y canales de distribuci\u00f3n.<br \/>\n&#8211; Distribuci\u00f3n indirecta.<br \/>\n&#8211; Identificaci\u00f3n de las ventajas de utilizar intermediarios.<br \/>\n&#8211; Identificaci\u00f3n de las desventajas en el uso de intermediarios.<br \/>\n&#8211; Conocimiento de la distribuci\u00f3n directa e indirecta.<br \/>\n&#8211; Identificaci\u00f3n de tipos de intermediarios.<br \/>\n&#8211; Desarrollo de la franquicia comercial.<br \/>\n&#8211; Desarrollo del Franchising en Espa\u00f1a.<br \/>\n&#8211; Identificaci\u00f3n de los tipos de franquicia.<br \/>\n&#8211; Identificaci\u00f3n de las caracter\u00edsticas de la franquicia de servicios.<br \/>\n&#8211; Implementaci\u00f3n de la distribuci\u00f3n.<br \/>\nM\u00d3DULO DE FORMACI\u00d3N 3: PLANIFICACI\u00d3N ESTRAT\u00c9GICA COMERCIAL<br \/>\n\u2022 Planificaci\u00f3n estrat\u00e9gica log\u00edstica<br \/>\n&#8211; Identificaci\u00f3n de las fases del plan estrat\u00e9gico log\u00edstico.<br \/>\n&#8211; An\u00e1lisis de la situaci\u00f3n inicial.<br \/>\n&#8211; Estudio del entorno y su evoluci\u00f3n.<br \/>\n&#8211; Realizaci\u00f3n del dise\u00f1o de los objetivos a largo plazo.<br \/>\n&#8211; Determinaci\u00f3n de los objetivos concretos.<br \/>\n&#8211; Identificaci\u00f3n de las acciones concretas para conseguir los objetivos.<br \/>\n&#8211; Identificaci\u00f3n de las personas concretas responsables de las acciones.<br \/>\n&#8211; Identificaci\u00f3n de las alternativas para nosotros y nuestros competidores.<br \/>\n&#8211; Evaluaci\u00f3n del plan.<br \/>\n&#8211; Control del plan.<br \/>\n&#8211; Definici\u00f3n de la Direcci\u00f3n de la distribuci\u00f3n f\u00edsica.<br \/>\n&#8211; Conocimiento de la responsabilidad del dise\u00f1o de un sistema.<br \/>\n&#8211; Conocimiento de la responsabilidad de la administraci\u00f3n del sistema.<br \/>\n&#8211; Identificaci\u00f3n del perfil del director de log\u00edstica.<br \/>\n\u2022 Gesti\u00f3n log\u00edstica y toma de decisiones<br \/>\n&#8211; Conceptualizaci\u00f3n del problema log\u00edstico.<br \/>\n&#8211; Establecimiento de la red log\u00edstica.<br \/>\n&#8211; Comprensi\u00f3n de los factores de coste.<br \/>\n&#8211; Conocimiento del proceso de gesti\u00f3n.<br \/>\n&#8211; Gesti\u00f3n del entorno log\u00edstico.<br \/>\n&#8211; Gesti\u00f3n y trato del producto.<br \/>\n&#8211; Gesti\u00f3n del sistema de transporte.<br \/>\n&#8211; Gesti\u00f3n del sistema de almacenamiento.<br \/>\n&#8211; Establecimiento de metas.<br \/>\n&#8211; Establecimiento de objetivos del servicio log\u00edstico al cliente.<br \/>\n&#8211; Identificaci\u00f3n de la prospectiva de futuro.<br \/>\n&#8211; Establecimiento del an\u00e1lisis.<br \/>\n&#8211; Gesti\u00f3n del control log\u00edstico.<br \/>\n&#8211; Gesti\u00f3n de las entradas, el proceso y la salida.<br \/>\n&#8211; Identificaci\u00f3n de Niveles est\u00e1ndar y objetivos.<br \/>\n&#8211; Gesti\u00f3n del monitor.<br \/>\n&#8211; Elaboraci\u00f3n de presupuestos.<br \/>\n&#8211; Identificaci\u00f3n de objetivos en el servicio al cliente.<br \/>\n&#8211; Definici\u00f3n del concepto de centro de beneficios.<br \/>\n&#8211; Identificaci\u00f3n de los sistemas de apoyo a las decisiones.<br \/>\n&#8211; Realizaci\u00f3n de auditor\u00edas log\u00edsticas.<br \/>\n&#8211; Realizaci\u00f3n de la auditor\u00eda global.<br \/>\n&#8211; Gesti\u00f3n de la demanda.<br \/>\n&#8211; Gesti\u00f3n del servicio al cliente.<br \/>\n&#8211; Comprensi\u00f3n de las caracter\u00edsticas del producto.<br \/>\n&#8211; Identificaci\u00f3n de los costes log\u00edsticos.<br \/>\n&#8211; Conocimiento y aplicaci\u00f3n de la pol\u00edtica de precios.<br \/>\nM\u00d3DULO DE FORMACI\u00d3N 4: ALMAC\u00c9N<br \/>\n\u2022 Gesti\u00f3n del almac\u00e9n<br \/>\n&#8211; Evoluci\u00f3n del almacenaje.<br \/>\n&#8211; Clasificaci\u00f3n de los almacenes.<br \/>\n&#8211; Realizaci\u00f3n del dise\u00f1o del almac\u00e9n.<br \/>\n&#8211; Organizaci\u00f3n del almac\u00e9n.<br \/>\n&#8211; Gesti\u00f3n de costes y aprovechamiento del almac\u00e9n.<br \/>\n\u2022 Control del inventario<br \/>\n&#8211; Identificaci\u00f3n de los problemas de financiaci\u00f3n.<br \/>\n&#8211; Identificaci\u00f3n de niveles y control de existencias.<br \/>\n&#8211; Aplicaci\u00f3n de la toma de decisiones sobre niveles de existencia.<br \/>\n&#8211; Realizaci\u00f3n de an\u00e1lisis de la categor\u00eda de los productos.<br \/>\n&#8211; Fijaci\u00f3n de niveles de existencias.<br \/>\n&#8211; Identificaci\u00f3n de m\u00e9todos de reaprovisionamiento.<br \/>\n&#8211; Gesti\u00f3n del stock de seguridad.<br \/>\n&#8211; Estimaci\u00f3n de la serie econ\u00f3mica.<br \/>\n\u2022 Localizaci\u00f3n de almacenes<br \/>\n&#8211; Conocimiento de la pol\u00edtica de almacenaje.<br \/>\n&#8211; Gesti\u00f3n de almacenes propios o compartidos.<br \/>\n&#8211; Enumeraci\u00f3n de almacenes.<br \/>\n&#8211; Dimensionamiento de las unidades de producci\u00f3n.<br \/>\n&#8211; Repartici\u00f3n geogr\u00e1fica.<br \/>\n&#8211; Adaptaci\u00f3n a la demanda.<br \/>\n&#8211; Optimizaci\u00f3n de la dimensi\u00f3n.<br \/>\n&#8211; Estimaci\u00f3n de los recursos necesarios.<br \/>\n&#8211; Localizaci\u00f3n de las unidades de producci\u00f3n.<br \/>\n&#8211; Identificaci\u00f3n de m\u00e9todos de localizaci\u00f3n de almacenes.<br \/>\n&#8211; Determinaci\u00f3n de los niveles de distribuci\u00f3n.<br \/>\n&#8211; Aplicaci\u00f3n del m\u00e9todo de la distancia menor.<br \/>\n&#8211; Aplicaci\u00f3n del m\u00e9todo de analog\u00eda mec\u00e1nica.<br \/>\n&#8211; Aplicaci\u00f3n del m\u00e9todo num\u00e9rico anal\u00edtico.<br \/>\nM\u00d3DULO DE FORMACI\u00d3N 5: MATERIALES Y TRANSPORTES<br \/>\n\u2022 Manipulaci\u00f3n de materiales<br \/>\n&#8211; Identificaci\u00f3n de los objetivos y caracter\u00edsticas del sistema.<br \/>\n&#8211; Clasificaci\u00f3n de los sistemas de manipulaci\u00f3n.<br \/>\n&#8211; Automatizaci\u00f3n de la manutenci\u00f3n.<br \/>\n&#8211; Aplicaci\u00f3n de los sistemas de embalaje.<br \/>\n&#8211; Agrupaci\u00f3n de carga.<br \/>\n&#8211; Manipulaci\u00f3n de paletas.<br \/>\n&#8211; Manipulaci\u00f3n de contenedores.<br \/>\n&#8211; Manipulaci\u00f3n de los equipos de manutenci\u00f3n.<br \/>\n\u2022 Gesti\u00f3n del sistema de transporte<br \/>\n&#8211; Identificaci\u00f3n de los principales medios de transporte.<br \/>\n&#8211; Conocimiento de los sistemas viales.<br \/>\n&#8211; La gesti\u00f3n del ferrocarril.<br \/>\n&#8211; Gesti\u00f3n de transporte fluvial.<br \/>\n&#8211; Gesti\u00f3n de transporte mar\u00edtimo.<br \/>\n&#8211; Gesti\u00f3n del transporte a\u00e9reo.<br \/>\n&#8211; Manipulaci\u00f3n de tuber\u00edas y cintas transportadoras.<br \/>\n&#8211; Conocimiento acerca de las tendencias en el transporte.<br \/>\n&#8211; Gesti\u00f3n del transporte por cuenta propia o por contrato.<br \/>\n&#8211; Evaluaci\u00f3n de los costes.<br \/>\n&#8211; Identificaci\u00f3n de los criterios de decisi\u00f3n.<br \/>\n&#8211; Gesti\u00f3n del control del sistema.<br \/>\n\u2022 Programaci\u00f3n de los transportes<br \/>\n&#8211; Comprensi\u00f3n de la naturaleza de los problemas de transporte.<br \/>\n&#8211; Aplicaci\u00f3n del m\u00e9todo de costo m\u00ednimo.<br \/>\n&#8211; Aplicaci\u00f3n del m\u00e9todo de la esquina noroeste.<br \/>\n&#8211; Aplicaci\u00f3n del m\u00e9todo de Vogel.<br \/>\n&#8211; Aplicaci\u00f3n del m\u00e9todo de la distribuci\u00f3n modificada.<br \/>\n&#8211; Ejecuci\u00f3n del c\u00e1lculo de la ruta m\u00e1s econ\u00f3mica.<br \/>\n&#8211; Secuenciaci\u00f3n de veh\u00edculos.<br \/>\n&#8211; Secuenciaci\u00f3n de rutas. M\u00e9todo de ahorro.<br \/>\n&#8211; Identificaci\u00f3n del tama\u00f1o de la flota de veh\u00edculos.<br \/>\nM\u00d3DULO DE FORMACI\u00d3N 6: LOG\u00cdSTICA Y COMPRAS<br \/>\n\u2022 Realizaci\u00f3n de la log\u00edstica de aprovechamiento<br \/>\n&#8211; Amortizaci\u00f3n de las compras.<br \/>\n&#8211; Disminuci\u00f3n del precio de compra.<br \/>\n&#8211; Disminuci\u00f3n de los costes de compra.<br \/>\n&#8211; Disminuci\u00f3n de los costes de existencias.<br \/>\n&#8211; Gesti\u00f3n de contingencias en las compras.<br \/>\n&#8211; Identificaci\u00f3n de los objetivos generales y espec\u00edficos de la gesti\u00f3n de<br \/>\nmateriales.<br \/>\n&#8211; Selecci\u00f3n de objetivos.<br \/>\n&#8211; Identificaci\u00f3n de las funciones de la gesti\u00f3n de aprovisionamiento.<br \/>\n&#8211; Definici\u00f3n de las necesidades.<br \/>\n&#8211; Estimaci\u00f3n acerca de la compra o fabricaci\u00f3n.<br \/>\n&#8211; Selecci\u00f3n de proveedores.<br \/>\n&#8211; Realizaci\u00f3n del an\u00e1lisis de ofertas.<br \/>\n&#8211; Puesta a disposici\u00f3n.<br \/>\n&#8211; Aplicaci\u00f3n del control de calidad.<br \/>\n\u2022 Organizaci\u00f3n compras y direcci\u00f3n de materiales<br \/>\n&#8211; Identificaci\u00f3n de las formas de organizar la funci\u00f3n de compras.<br \/>\n&#8211; Direcci\u00f3n de compras y unidades organizativas<br \/>\n&#8211; Programaci\u00f3n y control de producci\u00f3n.<br \/>\n&#8211; Gesti\u00f3n del almac\u00e9n de pedidos.<br \/>\n&#8211; Gesti\u00f3n del departamento de compras.<br \/>\n&#8211; Gesti\u00f3n del departamento de tr\u00e1fico.<br \/>\n&#8211; Realizaci\u00f3n de la distribuci\u00f3n.<br \/>\n&#8211; Evoluci\u00f3n de la gesti\u00f3n de compras.<br \/>\n&#8211; Ejecuci\u00f3n de los procedimientos b\u00e1sicos de actuaci\u00f3n.<br \/>\n&#8211; Gesti\u00f3n del sistema de informaci\u00f3n de compras.<br \/>\n\u2022 Funcionamiento de la log\u00edstica de planta<br \/>\n&#8211; Log\u00edstica interna.<br \/>\n&#8211; Unidades de carga.<br \/>\n&#8211; Aspectos de dise\u00f1o.<br \/>\n&#8211; El contenedor en producci\u00f3n y montaje.<br \/>\n&#8211; Normalizaci\u00f3n.<br \/>\n&#8211; Manipulaci\u00f3n, manutenci\u00f3n y transporte.<br \/>\n&#8211; Gesti\u00f3n del equipo sin restricciones de movimiento.<br \/>\n&#8211; Gesti\u00f3n del equipo con restricciones a un \u00e1rea.<br \/>\n&#8211; Gesti\u00f3n de un equipo con restricciones a una l\u00ednea.<br \/>\n&#8211; Manipulaci\u00f3n de Robots fijos y m\u00f3viles.<br \/>\n&#8211; Gesti\u00f3n de los almacenes internos<br \/>\n&#8211; Gesti\u00f3n del proceso de paletizaci\u00f3n.<br \/>\n&#8211; Realizaci\u00f3n del mantenimiento y log\u00edstica.<\/div>\n<\/div>\n","protected":false},"excerpt":{"rendered":"<p>Desempe\u00f1ar las funciones de t\u00e9cnico en log\u00edstica con la eficacia requerida, as\u00ed como manejar los sistemas de informaci\u00f3n y distribuci\u00f3n conforme a la necesidad de la empresa, controlando los canales de distribuci\u00f3n espa\u00f1ol y europeos y poder planificar la estrategia log\u00edstica y gestionarla adecuadamente.<\/p>\n","protected":false},"featured_media":5142,"comment_status":"closed","ping_status":"closed","template":"","meta":[],"product_cat":[120],"product_tag":[],"class_list":{"0":"post-9047","1":"product","2":"type-product","3":"status-publish","4":"has-post-thumbnail","6":"product_cat-logistica-comercial-y-gestion-del-transporte","8":"first","9":"instock","10":"taxable","11":"shipping-taxable","12":"purchasable","13":"product-type-simple"},"yoast_head":"<!-- This site is optimized with the Yoast SEO plugin v23.5 - https:\/\/yoast.com\/wordpress\/plugins\/seo\/ -->\n<title>COML0006PO - Gesti\u00f3n Log\u00edstica (150 horas) - Contenidos Online<\/title>\n<meta name=\"description\" content=\"Contenidos Online - COML0006PO - Gesti\u00f3n Log\u00edstica (150 horas) - Log\u00edstica Comercial y Gesti\u00f3n del Transporte\" \/>\n<meta name=\"robots\" content=\"index, follow, max-snippet:-1, max-image-preview:large, max-video-preview:-1\" \/>\n<link rel=\"canonical\" href=\"https:\/\/mefp.grupopiquer.com\/inscripciones\/producto\/coml0006po-gestion-logistica-150-horas\/\" \/>\n<meta property=\"og:locale\" content=\"es_ES\" \/>\n<meta property=\"og:type\" content=\"article\" \/>\n<meta property=\"og:title\" content=\"COML0006PO - Gesti\u00f3n Log\u00edstica (150 horas) - Contenidos Online\" \/>\n<meta property=\"og:description\" content=\"Contenidos Online - COML0006PO - Gesti\u00f3n Log\u00edstica (150 horas) - Log\u00edstica Comercial y Gesti\u00f3n del Transporte\" \/>\n<meta property=\"og:url\" content=\"https:\/\/mefp.grupopiquer.com\/inscripciones\/producto\/coml0006po-gestion-logistica-150-horas\/\" \/>\n<meta property=\"og:site_name\" content=\"Contenidos Online\" \/>\n<meta property=\"article:modified_time\" content=\"2023-12-27T11:45:53+00:00\" \/>\n<meta property=\"og:image\" content=\"https:\/\/mefp.grupopiquer.com\/inscripciones\/wp-content\/uploads\/2023\/05\/portada-curso-2-e1683214974714.jpg\" \/>\n\t<meta property=\"og:image:width\" content=\"727\" \/>\n\t<meta property=\"og:image:height\" content=\"409\" \/>\n\t<meta property=\"og:image:type\" content=\"image\/jpeg\" \/>\n<meta name=\"twitter:card\" content=\"summary_large_image\" \/>\n<meta name=\"twitter:label1\" content=\"Tiempo de lectura\" \/>\n\t<meta name=\"twitter:data1\" content=\"7 minutos\" \/>\n<script type=\"application\/ld+json\" class=\"yoast-schema-graph\">{\"@context\":\"https:\/\/schema.org\",\"@graph\":[{\"@type\":\"WebPage\",\"@id\":\"https:\/\/mefp.grupopiquer.com\/inscripciones\/producto\/coml0006po-gestion-logistica-150-horas\/\",\"url\":\"https:\/\/mefp.grupopiquer.com\/inscripciones\/producto\/coml0006po-gestion-logistica-150-horas\/\",\"name\":\"COML0006PO - Gesti\u00f3n Log\u00edstica (150 horas) - Contenidos Online\",\"isPartOf\":{\"@id\":\"https:\/\/mefp.grupopiquer.com\/inscripciones\/#website\"},\"primaryImageOfPage\":{\"@id\":\"https:\/\/mefp.grupopiquer.com\/inscripciones\/producto\/coml0006po-gestion-logistica-150-horas\/#primaryimage\"},\"image\":{\"@id\":\"https:\/\/mefp.grupopiquer.com\/inscripciones\/producto\/coml0006po-gestion-logistica-150-horas\/#primaryimage\"},\"thumbnailUrl\":\"https:\/\/mefp.grupopiquer.com\/inscripciones\/wp-content\/uploads\/2023\/05\/portada-curso-2-e1683214974714.jpg\",\"datePublished\":\"2023-10-10T16:12:51+00:00\",\"dateModified\":\"2023-12-27T11:45:53+00:00\",\"description\":\"Contenidos Online - COML0006PO - Gesti\u00f3n Log\u00edstica (150 horas) - Log\u00edstica Comercial y Gesti\u00f3n del Transporte\",\"breadcrumb\":{\"@id\":\"https:\/\/mefp.grupopiquer.com\/inscripciones\/producto\/coml0006po-gestion-logistica-150-horas\/#breadcrumb\"},\"inLanguage\":\"es\",\"potentialAction\":[{\"@type\":\"ReadAction\",\"target\":[\"https:\/\/mefp.grupopiquer.com\/inscripciones\/producto\/coml0006po-gestion-logistica-150-horas\/\"]}]},{\"@type\":\"ImageObject\",\"inLanguage\":\"es\",\"@id\":\"https:\/\/mefp.grupopiquer.com\/inscripciones\/producto\/coml0006po-gestion-logistica-150-horas\/#primaryimage\",\"url\":\"https:\/\/mefp.grupopiquer.com\/inscripciones\/wp-content\/uploads\/2023\/05\/portada-curso-2-e1683214974714.jpg\",\"contentUrl\":\"https:\/\/mefp.grupopiquer.com\/inscripciones\/wp-content\/uploads\/2023\/05\/portada-curso-2-e1683214974714.jpg\",\"width\":727,\"height\":409},{\"@type\":\"BreadcrumbList\",\"@id\":\"https:\/\/mefp.grupopiquer.com\/inscripciones\/producto\/coml0006po-gestion-logistica-150-horas\/#breadcrumb\",\"itemListElement\":[{\"@type\":\"ListItem\",\"position\":1,\"name\":\"Portada\",\"item\":\"https:\/\/mefp.grupopiquer.com\/inscripciones\/\"},{\"@type\":\"ListItem\",\"position\":2,\"name\":\"Tienda\",\"item\":\"https:\/\/mefp.grupopiquer.com\/inscripciones\/tienda\/\"},{\"@type\":\"ListItem\",\"position\":3,\"name\":\"COML0006PO &#8211; Gesti\u00f3n Log\u00edstica (150 horas)\"}]},{\"@type\":\"WebSite\",\"@id\":\"https:\/\/mefp.grupopiquer.com\/inscripciones\/#website\",\"url\":\"https:\/\/mefp.grupopiquer.com\/inscripciones\/\",\"name\":\"Contenidos Online\",\"description\":\"\",\"publisher\":{\"@id\":\"https:\/\/mefp.grupopiquer.com\/inscripciones\/#organization\"},\"potentialAction\":[{\"@type\":\"SearchAction\",\"target\":{\"@type\":\"EntryPoint\",\"urlTemplate\":\"https:\/\/mefp.grupopiquer.com\/inscripciones\/?s={search_term_string}\"},\"query-input\":{\"@type\":\"PropertyValueSpecification\",\"valueRequired\":true,\"valueName\":\"search_term_string\"}}],\"inLanguage\":\"es\"},{\"@type\":\"Organization\",\"@id\":\"https:\/\/mefp.grupopiquer.com\/inscripciones\/#organization\",\"name\":\"Contenidos Online\",\"url\":\"https:\/\/mefp.grupopiquer.com\/inscripciones\/\",\"logo\":{\"@type\":\"ImageObject\",\"inLanguage\":\"es\",\"@id\":\"https:\/\/mefp.grupopiquer.com\/inscripciones\/#\/schema\/logo\/image\/\",\"url\":\"\",\"contentUrl\":\"\",\"caption\":\"Contenidos Online\"},\"image\":{\"@id\":\"https:\/\/mefp.grupopiquer.com\/inscripciones\/#\/schema\/logo\/image\/\"}}]}<\/script>\n<!-- \/ Yoast SEO plugin. -->","yoast_head_json":{"title":"COML0006PO - Gesti\u00f3n Log\u00edstica (150 horas) - Contenidos Online","description":"Contenidos Online - COML0006PO - Gesti\u00f3n Log\u00edstica (150 horas) - Log\u00edstica Comercial y Gesti\u00f3n del Transporte","robots":{"index":"index","follow":"follow","max-snippet":"max-snippet:-1","max-image-preview":"max-image-preview:large","max-video-preview":"max-video-preview:-1"},"canonical":"https:\/\/mefp.grupopiquer.com\/inscripciones\/producto\/coml0006po-gestion-logistica-150-horas\/","og_locale":"es_ES","og_type":"article","og_title":"COML0006PO - Gesti\u00f3n Log\u00edstica (150 horas) - Contenidos Online","og_description":"Contenidos Online - COML0006PO - Gesti\u00f3n Log\u00edstica (150 horas) - Log\u00edstica Comercial y Gesti\u00f3n del Transporte","og_url":"https:\/\/mefp.grupopiquer.com\/inscripciones\/producto\/coml0006po-gestion-logistica-150-horas\/","og_site_name":"Contenidos Online","article_modified_time":"2023-12-27T11:45:53+00:00","og_image":[{"width":727,"height":409,"url":"https:\/\/mefp.grupopiquer.com\/inscripciones\/wp-content\/uploads\/2023\/05\/portada-curso-2-e1683214974714.jpg","type":"image\/jpeg"}],"twitter_card":"summary_large_image","twitter_misc":{"Tiempo de lectura":"7 minutos"},"schema":{"@context":"https:\/\/schema.org","@graph":[{"@type":"WebPage","@id":"https:\/\/mefp.grupopiquer.com\/inscripciones\/producto\/coml0006po-gestion-logistica-150-horas\/","url":"https:\/\/mefp.grupopiquer.com\/inscripciones\/producto\/coml0006po-gestion-logistica-150-horas\/","name":"COML0006PO - Gesti\u00f3n Log\u00edstica (150 horas) - Contenidos Online","isPartOf":{"@id":"https:\/\/mefp.grupopiquer.com\/inscripciones\/#website"},"primaryImageOfPage":{"@id":"https:\/\/mefp.grupopiquer.com\/inscripciones\/producto\/coml0006po-gestion-logistica-150-horas\/#primaryimage"},"image":{"@id":"https:\/\/mefp.grupopiquer.com\/inscripciones\/producto\/coml0006po-gestion-logistica-150-horas\/#primaryimage"},"thumbnailUrl":"https:\/\/mefp.grupopiquer.com\/inscripciones\/wp-content\/uploads\/2023\/05\/portada-curso-2-e1683214974714.jpg","datePublished":"2023-10-10T16:12:51+00:00","dateModified":"2023-12-27T11:45:53+00:00","description":"Contenidos Online - COML0006PO - Gesti\u00f3n Log\u00edstica (150 horas) - Log\u00edstica Comercial y Gesti\u00f3n del Transporte","breadcrumb":{"@id":"https:\/\/mefp.grupopiquer.com\/inscripciones\/producto\/coml0006po-gestion-logistica-150-horas\/#breadcrumb"},"inLanguage":"es","potentialAction":[{"@type":"ReadAction","target":["https:\/\/mefp.grupopiquer.com\/inscripciones\/producto\/coml0006po-gestion-logistica-150-horas\/"]}]},{"@type":"ImageObject","inLanguage":"es","@id":"https:\/\/mefp.grupopiquer.com\/inscripciones\/producto\/coml0006po-gestion-logistica-150-horas\/#primaryimage","url":"https:\/\/mefp.grupopiquer.com\/inscripciones\/wp-content\/uploads\/2023\/05\/portada-curso-2-e1683214974714.jpg","contentUrl":"https:\/\/mefp.grupopiquer.com\/inscripciones\/wp-content\/uploads\/2023\/05\/portada-curso-2-e1683214974714.jpg","width":727,"height":409},{"@type":"BreadcrumbList","@id":"https:\/\/mefp.grupopiquer.com\/inscripciones\/producto\/coml0006po-gestion-logistica-150-horas\/#breadcrumb","itemListElement":[{"@type":"ListItem","position":1,"name":"Portada","item":"https:\/\/mefp.grupopiquer.com\/inscripciones\/"},{"@type":"ListItem","position":2,"name":"Tienda","item":"https:\/\/mefp.grupopiquer.com\/inscripciones\/tienda\/"},{"@type":"ListItem","position":3,"name":"COML0006PO &#8211; Gesti\u00f3n Log\u00edstica (150 horas)"}]},{"@type":"WebSite","@id":"https:\/\/mefp.grupopiquer.com\/inscripciones\/#website","url":"https:\/\/mefp.grupopiquer.com\/inscripciones\/","name":"Contenidos Online","description":"","publisher":{"@id":"https:\/\/mefp.grupopiquer.com\/inscripciones\/#organization"},"potentialAction":[{"@type":"SearchAction","target":{"@type":"EntryPoint","urlTemplate":"https:\/\/mefp.grupopiquer.com\/inscripciones\/?s={search_term_string}"},"query-input":{"@type":"PropertyValueSpecification","valueRequired":true,"valueName":"search_term_string"}}],"inLanguage":"es"},{"@type":"Organization","@id":"https:\/\/mefp.grupopiquer.com\/inscripciones\/#organization","name":"Contenidos Online","url":"https:\/\/mefp.grupopiquer.com\/inscripciones\/","logo":{"@type":"ImageObject","inLanguage":"es","@id":"https:\/\/mefp.grupopiquer.com\/inscripciones\/#\/schema\/logo\/image\/","url":"","contentUrl":"","caption":"Contenidos Online"},"image":{"@id":"https:\/\/mefp.grupopiquer.com\/inscripciones\/#\/schema\/logo\/image\/"}}]}},"_links":{"self":[{"href":"https:\/\/mefp.grupopiquer.com\/inscripciones\/wp-json\/wp\/v2\/product\/9047"}],"collection":[{"href":"https:\/\/mefp.grupopiquer.com\/inscripciones\/wp-json\/wp\/v2\/product"}],"about":[{"href":"https:\/\/mefp.grupopiquer.com\/inscripciones\/wp-json\/wp\/v2\/types\/product"}],"replies":[{"embeddable":true,"href":"https:\/\/mefp.grupopiquer.com\/inscripciones\/wp-json\/wp\/v2\/comments?post=9047"}],"wp:featuredmedia":[{"embeddable":true,"href":"https:\/\/mefp.grupopiquer.com\/inscripciones\/wp-json\/wp\/v2\/media\/5142"}],"wp:attachment":[{"href":"https:\/\/mefp.grupopiquer.com\/inscripciones\/wp-json\/wp\/v2\/media?parent=9047"}],"wp:term":[{"taxonomy":"product_cat","embeddable":true,"href":"https:\/\/mefp.grupopiquer.com\/inscripciones\/wp-json\/wp\/v2\/product_cat?post=9047"},{"taxonomy":"product_tag","embeddable":true,"href":"https:\/\/mefp.grupopiquer.com\/inscripciones\/wp-json\/wp\/v2\/product_tag?post=9047"}],"curies":[{"name":"wp","href":"https:\/\/api.w.org\/{rel}","templated":true}]}}