{"id":9032,"date":"2023-10-09T16:49:56","date_gmt":"2023-10-09T16:49:56","guid":{"rendered":"https:\/\/mefp.grupopiquer.com\/inscripciones\/?post_type=product&#038;p=9032"},"modified":"2023-12-27T12:06:52","modified_gmt":"2023-12-27T12:06:52","slug":"adgn001po-accidentes-de-trabajo-gestion-80-horas","status":"publish","type":"product","link":"https:\/\/mefp.grupopiquer.com\/inscripciones\/producto\/adgn001po-accidentes-de-trabajo-gestion-80-horas\/","title":{"rendered":"ADGN001PO &#8211; Accidentes de Trabajo: Gesti\u00f3n (56 horas)"},"content":{"rendered":"<div id=\"accordion\">\n<h3>Objetivos<\/h3>\n<div>Adquirir los conocimientos b\u00e1sicos que conforman y definen el proceso de gesti\u00f3n del accidente de trabajo; y desarrollar las t\u00e9cnicas y procedimientos que inciden en la mejora de su gesti\u00f3n y de la enfermedad profesional.<\/div>\n<h3>Contenidos<\/h3>\n<p>1. EL SISTEMA ESPA\u00d1OL DE SEGURIDAD SOCIAL.<br \/>\n2. LAS MUTUAS DE ACCIDENTES DE TRABAJO Y ENFERMEDADES PROFESIONALES DE LA<br \/>\nSEGURIDAD SOCIAL.<br \/>\n3. EL ACCIDENTE DE TRABAJO Y LA ENFERMEDAD PROFESIONAL.<br \/>\n4. LAS PRESTACIONES DERIVADAS DEL ACCIDENTE Y LA ENFERMEDAD PROFESIONAL.<br \/>\n5. LA GESTI\u00d3N DE LA INCAPACIDAD TEMPORAL EN ACCIDENTE DE TRABAJO Y ENFERMEDAD<br \/>\nPROFESIONAL.<br \/>\n6. GESTI\u00d3N DE LA INCAPACIDAD PERMANENTE EN ACCIDENTE DE TRABAJO Y ENFERMEDAD<br \/>\nPROFESIONAL.<br \/>\n7. LAS OBLIGACIONES DE LAS EMPRESAS Y SU RESPONSABILIDAD (I).<br \/>\n8. LAS OBLIGACIONES DE LAS EMPRESAS Y SU RESPONSABILIDAD (II)<\/p>\n<\/div>\n","protected":false},"excerpt":{"rendered":"<p>Adquirir los conocimientos b\u00e1sicos que conforman y definen el proceso de gesti\u00f3n del accidente de trabajo; y desarrollar las t\u00e9cnicas y procedimientos que inciden en la mejora de su gesti\u00f3n y de la enfermedad profesional.<\/p>\n","protected":false},"featured_media":9038,"comment_status":"closed","ping_status":"closed","template":"","meta":[],"product_cat":[124],"product_tag":[],"class_list":{"0":"post-9032","1":"product","2":"type-product","3":"status-publish","4":"has-post-thumbnail","6":"product_cat-finanzas-y-seguros","8":"first","9":"instock","10":"taxable","11":"shipping-taxable","12":"purchasable","13":"product-type-simple"},"yoast_head":"<!-- This site is optimized with the Yoast SEO plugin v23.5 - https:\/\/yoast.com\/wordpress\/plugins\/seo\/ -->\n<title>ADGN001PO - Accidentes de Trabajo: Gesti\u00f3n (56 horas) - Contenidos Online<\/title>\n<meta name=\"description\" content=\"Contenidos Online - ADGN001PO - Accidentes de Trabajo: Gesti\u00f3n (56 horas) - Finanzas y Seguros\" \/>\n<meta name=\"robots\" content=\"index, follow, max-snippet:-1, max-image-preview:large, max-video-preview:-1\" \/>\n<link rel=\"canonical\" href=\"https:\/\/mefp.grupopiquer.com\/inscripciones\/producto\/adgn001po-accidentes-de-trabajo-gestion-80-horas\/\" \/>\n<meta property=\"og:locale\" content=\"es_ES\" \/>\n<meta property=\"og:type\" content=\"article\" \/>\n<meta property=\"og:title\" content=\"ADGN001PO - Accidentes de Trabajo: Gesti\u00f3n (56 horas) - Contenidos Online\" \/>\n<meta property=\"og:description\" content=\"Contenidos Online - ADGN001PO - Accidentes de Trabajo: Gesti\u00f3n (56 horas) - Finanzas y Seguros\" \/>\n<meta property=\"og:url\" content=\"https:\/\/mefp.grupopiquer.com\/inscripciones\/producto\/adgn001po-accidentes-de-trabajo-gestion-80-horas\/\" \/>\n<meta property=\"og:site_name\" content=\"Contenidos Online\" \/>\n<meta property=\"article:modified_time\" content=\"2023-12-27T12:06:52+00:00\" \/>\n<meta property=\"og:image\" content=\"https:\/\/mefp.grupopiquer.com\/inscripciones\/wp-content\/uploads\/2023\/10\/dasdadsa-1.jpg\" \/>\n\t<meta property=\"og:image:width\" content=\"976\" \/>\n\t<meta property=\"og:image:height\" content=\"535\" \/>\n\t<meta property=\"og:image:type\" content=\"image\/jpeg\" \/>\n<meta name=\"twitter:card\" content=\"summary_large_image\" \/>\n<meta name=\"twitter:label1\" content=\"Tiempo de lectura\" \/>\n\t<meta name=\"twitter:data1\" content=\"1 minuto\" \/>\n<script type=\"application\/ld+json\" class=\"yoast-schema-graph\">{\"@context\":\"https:\/\/schema.org\",\"@graph\":[{\"@type\":\"WebPage\",\"@id\":\"https:\/\/mefp.grupopiquer.com\/inscripciones\/producto\/adgn001po-accidentes-de-trabajo-gestion-80-horas\/\",\"url\":\"https:\/\/mefp.grupopiquer.com\/inscripciones\/producto\/adgn001po-accidentes-de-trabajo-gestion-80-horas\/\",\"name\":\"ADGN001PO - Accidentes de Trabajo: Gesti\u00f3n (56 horas) - Contenidos Online\",\"isPartOf\":{\"@id\":\"https:\/\/mefp.grupopiquer.com\/inscripciones\/#website\"},\"primaryImageOfPage\":{\"@id\":\"https:\/\/mefp.grupopiquer.com\/inscripciones\/producto\/adgn001po-accidentes-de-trabajo-gestion-80-horas\/#primaryimage\"},\"image\":{\"@id\":\"https:\/\/mefp.grupopiquer.com\/inscripciones\/producto\/adgn001po-accidentes-de-trabajo-gestion-80-horas\/#primaryimage\"},\"thumbnailUrl\":\"https:\/\/mefp.grupopiquer.com\/inscripciones\/wp-content\/uploads\/2023\/10\/dasdadsa-1.jpg\",\"datePublished\":\"2023-10-09T16:49:56+00:00\",\"dateModified\":\"2023-12-27T12:06:52+00:00\",\"description\":\"Contenidos Online - ADGN001PO - Accidentes de Trabajo: Gesti\u00f3n (56 horas) - Finanzas y Seguros\",\"breadcrumb\":{\"@id\":\"https:\/\/mefp.grupopiquer.com\/inscripciones\/producto\/adgn001po-accidentes-de-trabajo-gestion-80-horas\/#breadcrumb\"},\"inLanguage\":\"es\",\"potentialAction\":[{\"@type\":\"ReadAction\",\"target\":[\"https:\/\/mefp.grupopiquer.com\/inscripciones\/producto\/adgn001po-accidentes-de-trabajo-gestion-80-horas\/\"]}]},{\"@type\":\"ImageObject\",\"inLanguage\":\"es\",\"@id\":\"https:\/\/mefp.grupopiquer.com\/inscripciones\/producto\/adgn001po-accidentes-de-trabajo-gestion-80-horas\/#primaryimage\",\"url\":\"https:\/\/mefp.grupopiquer.com\/inscripciones\/wp-content\/uploads\/2023\/10\/dasdadsa-1.jpg\",\"contentUrl\":\"https:\/\/mefp.grupopiquer.com\/inscripciones\/wp-content\/uploads\/2023\/10\/dasdadsa-1.jpg\",\"width\":976,\"height\":535},{\"@type\":\"BreadcrumbList\",\"@id\":\"https:\/\/mefp.grupopiquer.com\/inscripciones\/producto\/adgn001po-accidentes-de-trabajo-gestion-80-horas\/#breadcrumb\",\"itemListElement\":[{\"@type\":\"ListItem\",\"position\":1,\"name\":\"Portada\",\"item\":\"https:\/\/mefp.grupopiquer.com\/inscripciones\/\"},{\"@type\":\"ListItem\",\"position\":2,\"name\":\"Tienda\",\"item\":\"https:\/\/mefp.grupopiquer.com\/inscripciones\/tienda\/\"},{\"@type\":\"ListItem\",\"position\":3,\"name\":\"ADGN001PO &#8211; Accidentes de Trabajo: Gesti\u00f3n (56 horas)\"}]},{\"@type\":\"WebSite\",\"@id\":\"https:\/\/mefp.grupopiquer.com\/inscripciones\/#website\",\"url\":\"https:\/\/mefp.grupopiquer.com\/inscripciones\/\",\"name\":\"Contenidos Online\",\"description\":\"\",\"publisher\":{\"@id\":\"https:\/\/mefp.grupopiquer.com\/inscripciones\/#organization\"},\"potentialAction\":[{\"@type\":\"SearchAction\",\"target\":{\"@type\":\"EntryPoint\",\"urlTemplate\":\"https:\/\/mefp.grupopiquer.com\/inscripciones\/?s={search_term_string}\"},\"query-input\":{\"@type\":\"PropertyValueSpecification\",\"valueRequired\":true,\"valueName\":\"search_term_string\"}}],\"inLanguage\":\"es\"},{\"@type\":\"Organization\",\"@id\":\"https:\/\/mefp.grupopiquer.com\/inscripciones\/#organization\",\"name\":\"Contenidos Online\",\"url\":\"https:\/\/mefp.grupopiquer.com\/inscripciones\/\",\"logo\":{\"@type\":\"ImageObject\",\"inLanguage\":\"es\",\"@id\":\"https:\/\/mefp.grupopiquer.com\/inscripciones\/#\/schema\/logo\/image\/\",\"url\":\"\",\"contentUrl\":\"\",\"caption\":\"Contenidos Online\"},\"image\":{\"@id\":\"https:\/\/mefp.grupopiquer.com\/inscripciones\/#\/schema\/logo\/image\/\"}}]}<\/script>\n<!-- \/ Yoast SEO plugin. -->","yoast_head_json":{"title":"ADGN001PO - Accidentes de Trabajo: Gesti\u00f3n (56 horas) - Contenidos Online","description":"Contenidos Online - ADGN001PO - Accidentes de Trabajo: Gesti\u00f3n (56 horas) - Finanzas y Seguros","robots":{"index":"index","follow":"follow","max-snippet":"max-snippet:-1","max-image-preview":"max-image-preview:large","max-video-preview":"max-video-preview:-1"},"canonical":"https:\/\/mefp.grupopiquer.com\/inscripciones\/producto\/adgn001po-accidentes-de-trabajo-gestion-80-horas\/","og_locale":"es_ES","og_type":"article","og_title":"ADGN001PO - Accidentes de Trabajo: Gesti\u00f3n (56 horas) - Contenidos Online","og_description":"Contenidos Online - ADGN001PO - Accidentes de Trabajo: Gesti\u00f3n (56 horas) - Finanzas y Seguros","og_url":"https:\/\/mefp.grupopiquer.com\/inscripciones\/producto\/adgn001po-accidentes-de-trabajo-gestion-80-horas\/","og_site_name":"Contenidos Online","article_modified_time":"2023-12-27T12:06:52+00:00","og_image":[{"width":976,"height":535,"url":"https:\/\/mefp.grupopiquer.com\/inscripciones\/wp-content\/uploads\/2023\/10\/dasdadsa-1.jpg","type":"image\/jpeg"}],"twitter_card":"summary_large_image","twitter_misc":{"Tiempo de lectura":"1 minuto"},"schema":{"@context":"https:\/\/schema.org","@graph":[{"@type":"WebPage","@id":"https:\/\/mefp.grupopiquer.com\/inscripciones\/producto\/adgn001po-accidentes-de-trabajo-gestion-80-horas\/","url":"https:\/\/mefp.grupopiquer.com\/inscripciones\/producto\/adgn001po-accidentes-de-trabajo-gestion-80-horas\/","name":"ADGN001PO - Accidentes de Trabajo: Gesti\u00f3n (56 horas) - Contenidos Online","isPartOf":{"@id":"https:\/\/mefp.grupopiquer.com\/inscripciones\/#website"},"primaryImageOfPage":{"@id":"https:\/\/mefp.grupopiquer.com\/inscripciones\/producto\/adgn001po-accidentes-de-trabajo-gestion-80-horas\/#primaryimage"},"image":{"@id":"https:\/\/mefp.grupopiquer.com\/inscripciones\/producto\/adgn001po-accidentes-de-trabajo-gestion-80-horas\/#primaryimage"},"thumbnailUrl":"https:\/\/mefp.grupopiquer.com\/inscripciones\/wp-content\/uploads\/2023\/10\/dasdadsa-1.jpg","datePublished":"2023-10-09T16:49:56+00:00","dateModified":"2023-12-27T12:06:52+00:00","description":"Contenidos Online - ADGN001PO - Accidentes de Trabajo: Gesti\u00f3n (56 horas) - Finanzas y Seguros","breadcrumb":{"@id":"https:\/\/mefp.grupopiquer.com\/inscripciones\/producto\/adgn001po-accidentes-de-trabajo-gestion-80-horas\/#breadcrumb"},"inLanguage":"es","potentialAction":[{"@type":"ReadAction","target":["https:\/\/mefp.grupopiquer.com\/inscripciones\/producto\/adgn001po-accidentes-de-trabajo-gestion-80-horas\/"]}]},{"@type":"ImageObject","inLanguage":"es","@id":"https:\/\/mefp.grupopiquer.com\/inscripciones\/producto\/adgn001po-accidentes-de-trabajo-gestion-80-horas\/#primaryimage","url":"https:\/\/mefp.grupopiquer.com\/inscripciones\/wp-content\/uploads\/2023\/10\/dasdadsa-1.jpg","contentUrl":"https:\/\/mefp.grupopiquer.com\/inscripciones\/wp-content\/uploads\/2023\/10\/dasdadsa-1.jpg","width":976,"height":535},{"@type":"BreadcrumbList","@id":"https:\/\/mefp.grupopiquer.com\/inscripciones\/producto\/adgn001po-accidentes-de-trabajo-gestion-80-horas\/#breadcrumb","itemListElement":[{"@type":"ListItem","position":1,"name":"Portada","item":"https:\/\/mefp.grupopiquer.com\/inscripciones\/"},{"@type":"ListItem","position":2,"name":"Tienda","item":"https:\/\/mefp.grupopiquer.com\/inscripciones\/tienda\/"},{"@type":"ListItem","position":3,"name":"ADGN001PO &#8211; Accidentes de Trabajo: Gesti\u00f3n (56 horas)"}]},{"@type":"WebSite","@id":"https:\/\/mefp.grupopiquer.com\/inscripciones\/#website","url":"https:\/\/mefp.grupopiquer.com\/inscripciones\/","name":"Contenidos Online","description":"","publisher":{"@id":"https:\/\/mefp.grupopiquer.com\/inscripciones\/#organization"},"potentialAction":[{"@type":"SearchAction","target":{"@type":"EntryPoint","urlTemplate":"https:\/\/mefp.grupopiquer.com\/inscripciones\/?s={search_term_string}"},"query-input":{"@type":"PropertyValueSpecification","valueRequired":true,"valueName":"search_term_string"}}],"inLanguage":"es"},{"@type":"Organization","@id":"https:\/\/mefp.grupopiquer.com\/inscripciones\/#organization","name":"Contenidos Online","url":"https:\/\/mefp.grupopiquer.com\/inscripciones\/","logo":{"@type":"ImageObject","inLanguage":"es","@id":"https:\/\/mefp.grupopiquer.com\/inscripciones\/#\/schema\/logo\/image\/","url":"","contentUrl":"","caption":"Contenidos Online"},"image":{"@id":"https:\/\/mefp.grupopiquer.com\/inscripciones\/#\/schema\/logo\/image\/"}}]}},"_links":{"self":[{"href":"https:\/\/mefp.grupopiquer.com\/inscripciones\/wp-json\/wp\/v2\/product\/9032"}],"collection":[{"href":"https:\/\/mefp.grupopiquer.com\/inscripciones\/wp-json\/wp\/v2\/product"}],"about":[{"href":"https:\/\/mefp.grupopiquer.com\/inscripciones\/wp-json\/wp\/v2\/types\/product"}],"replies":[{"embeddable":true,"href":"https:\/\/mefp.grupopiquer.com\/inscripciones\/wp-json\/wp\/v2\/comments?post=9032"}],"wp:featuredmedia":[{"embeddable":true,"href":"https:\/\/mefp.grupopiquer.com\/inscripciones\/wp-json\/wp\/v2\/media\/9038"}],"wp:attachment":[{"href":"https:\/\/mefp.grupopiquer.com\/inscripciones\/wp-json\/wp\/v2\/media?parent=9032"}],"wp:term":[{"taxonomy":"product_cat","embeddable":true,"href":"https:\/\/mefp.grupopiquer.com\/inscripciones\/wp-json\/wp\/v2\/product_cat?post=9032"},{"taxonomy":"product_tag","embeddable":true,"href":"https:\/\/mefp.grupopiquer.com\/inscripciones\/wp-json\/wp\/v2\/product_tag?post=9032"}],"curies":[{"name":"wp","href":"https:\/\/api.w.org\/{rel}","templated":true}]}}