{"id":9029,"date":"2023-10-09T16:38:27","date_gmt":"2023-10-09T16:38:27","guid":{"rendered":"https:\/\/mefp.grupopiquer.com\/inscripciones\/?post_type=product&#038;p=9029"},"modified":"2024-02-15T15:28:09","modified_gmt":"2024-02-15T15:28:09","slug":"adgd223po-protocolos-de-gestion-de-la-incapacidad-laboral-80-horas","status":"publish","type":"product","link":"https:\/\/mefp.grupopiquer.com\/inscripciones\/producto\/adgd223po-protocolos-de-gestion-de-la-incapacidad-laboral-80-horas\/","title":{"rendered":"ADGD223PO &#8211; Protocolos de Gesti\u00f3n de la Incapacidad Laboral (80 horas)"},"content":{"rendered":"<div id=\"accordion\">\n<h3>Objetivos<\/h3>\n<div>Adquirir conocimientos sobre las caracter\u00edsticas de la incapacidad temporal y gestionar y tramitar la prestaci\u00f3n econ\u00f3mica por incapacidad temporal, tanto en el r\u00e9gimen general como en los reg\u00edmenes especiales de la seguridad social.<\/div>\n<h3>Contenidos<\/h3>\n<div>1. INTRODUCCI\u00d3N<br \/>\n1.1. La incapacidad temporal<br \/>\n1.2. Marco regulatorio<br \/>\n1.3. Entidades intervinientes en los procesos: INSS, ISM, SPS, INGESA, MCSS<\/p>\n<p>2. LA INCAPACIDAD TEMPORAL DERIVADA DE CONTINGENCIAS PROFESIONALES (I)<br \/>\n2.1. Concepto de IT derivada de contingencias profesionales<br \/>\n2.2. Coberturas<br \/>\n2.3. Sujetos protegidos<br \/>\n2.4. Requisitos de los beneficiarios<br \/>\n2.5. Nacimiento, duraci\u00f3n y extinci\u00f3n del derecho al subsidio DE IT<br \/>\n2.6. Denegaci\u00f3n, anulaci\u00f3n y suspensi\u00f3n del derecho al subsidio de IT<br \/>\n2.7. Reconocimiento y pago del subsidio de IT<\/p>\n<p>3. LA INCAPACIDAD TEMPORAL DERIVADA DE CONTINGENCIAS PROFESIONALES (I)<br \/>\n3.1. Declaraciones m\u00e9dicas de baja y confirmaci\u00f3n de baja<br \/>\n3.2. Informes m\u00e9dicos complementarios y de control<br \/>\n3.3. Declaraciones m\u00e9dicas de alta<br \/>\n3.4. Tramitaci\u00f3n de partes m\u00e9dicos y expedici\u00f3n de altas<br \/>\n3.5. Seguimiento y control de las situaciones de IT y de la prestaci\u00f3n econ\u00f3mica<br \/>\n3.6. Cooperaci\u00f3n y coordinaci\u00f3n en la gesti\u00f3n de la IT<br \/>\n3.7. Otros aspectos de inter\u00e9s relacionados con la ITCP<\/p>\n<p>4. LA INCAPACIDAD TEMPORAL DERIVADA DE CONTINGENCIAS COMUNES (I)<br \/>\n4.1. Concepto de IT derivada de contingencias comunes<br \/>\n4.2. Coberturas<br \/>\n4.3. Sujetos protegidos<br \/>\n4.4. Requisitos de los beneficiarios<br \/>\n4.5. Nacimiento, duraci\u00f3n y extinci\u00f3n del derecho al subsidio de IT<br \/>\n4.6. Denegaci\u00f3n, anulaci\u00f3n y suspensi\u00f3n del derecho al subsidio de IT<br \/>\n4.7. Reconocimiento y pago del subsidio de IT<\/p>\n<p>5. LA INCAPACIDAD TEMPORAL DERIVADA DE CONTINGENCIAS COMUNES (II)<br \/>\n5.1. Determinaci\u00f3n inicial de la contingencia com\u00fan por la mutua. Declaraciones m\u00e9dicas de baja y confirmaci\u00f3n de baja<br \/>\n5.2. Informes m\u00e9dicos complementarios y de control<br \/>\n5.3. Declaraciones m\u00e9dicas de alta<br \/>\n5.4. Propuestas de alta de las mutuas<br \/>\n5.5. Prestaci\u00f3n econ\u00f3mica<br \/>\n5.6. Tramitaci\u00f3n de partes m\u00e9dicos y expedici\u00f3n de altas<br \/>\n5.7. Seguimiento y control de las situaciones de IT y de la prestaci\u00f3n econ\u00f3mica<br \/>\n5.10. Requerimientos a los trabajadores para reconocimiento m\u00e9dico<br \/>\n5.11. Cooperaci\u00f3n y coordinaci\u00f3n en la gesti\u00f3n de la IT<br \/>\n5.12. Otros aspectos de inter\u00e9s relacionados con la ITCC<\/p><\/div>\n<\/div>\n","protected":false},"excerpt":{"rendered":"<p>Adquirir conocimientos sobre las caracter\u00edsticas de la incapacidad temporal y gestionar y tramitar la prestaci\u00f3n econ\u00f3mica por incapacidad temporal, tanto en el r\u00e9gimen general como en los reg\u00edmenes especiales de la seguridad social.<\/p>\n","protected":false},"featured_media":9026,"comment_status":"closed","ping_status":"closed","template":"","meta":[],"product_cat":[126],"product_tag":[],"class_list":{"0":"post-9029","1":"product","2":"type-product","3":"status-publish","4":"has-post-thumbnail","6":"product_cat-administracion-y-auditoria","8":"first","9":"instock","10":"taxable","11":"shipping-taxable","12":"purchasable","13":"product-type-simple"},"yoast_head":"<!-- This site is optimized with the Yoast SEO plugin v23.5 - https:\/\/yoast.com\/wordpress\/plugins\/seo\/ -->\n<title>ADGD223PO - Protocolos de Gesti\u00f3n de la Incapacidad Laboral (80 horas) - Contenidos Online<\/title>\n<meta name=\"description\" content=\"Contenidos Online - ADGD223PO - Protocolos de Gesti\u00f3n de la Incapacidad Laboral (80 horas) - Administraci\u00f3n y Auditor\u00eda\" \/>\n<meta name=\"robots\" content=\"index, follow, max-snippet:-1, max-image-preview:large, max-video-preview:-1\" \/>\n<link rel=\"canonical\" href=\"https:\/\/mefp.grupopiquer.com\/inscripciones\/producto\/adgd223po-protocolos-de-gestion-de-la-incapacidad-laboral-80-horas\/\" \/>\n<meta property=\"og:locale\" content=\"es_ES\" \/>\n<meta property=\"og:type\" content=\"article\" \/>\n<meta property=\"og:title\" content=\"ADGD223PO - Protocolos de Gesti\u00f3n de la Incapacidad Laboral (80 horas) - Contenidos Online\" \/>\n<meta property=\"og:description\" content=\"Contenidos Online - ADGD223PO - Protocolos de Gesti\u00f3n de la Incapacidad Laboral (80 horas) - Administraci\u00f3n y Auditor\u00eda\" \/>\n<meta property=\"og:url\" content=\"https:\/\/mefp.grupopiquer.com\/inscripciones\/producto\/adgd223po-protocolos-de-gestion-de-la-incapacidad-laboral-80-horas\/\" \/>\n<meta property=\"og:site_name\" content=\"Contenidos Online\" \/>\n<meta property=\"article:modified_time\" content=\"2024-02-15T15:28:09+00:00\" \/>\n<meta property=\"og:image\" content=\"https:\/\/mefp.grupopiquer.com\/inscripciones\/wp-content\/uploads\/2023\/10\/kPhgRODCITJKSDPK_bPYrUuCzMCvFuxlH-e1696609981669.jpg\" \/>\n\t<meta property=\"og:image:width\" content=\"754\" \/>\n\t<meta property=\"og:image:height\" content=\"424\" \/>\n\t<meta property=\"og:image:type\" content=\"image\/jpeg\" \/>\n<meta name=\"twitter:card\" content=\"summary_large_image\" \/>\n<meta name=\"twitter:label1\" content=\"Tiempo de lectura\" \/>\n\t<meta name=\"twitter:data1\" content=\"2 minutos\" \/>\n<script type=\"application\/ld+json\" class=\"yoast-schema-graph\">{\"@context\":\"https:\/\/schema.org\",\"@graph\":[{\"@type\":\"WebPage\",\"@id\":\"https:\/\/mefp.grupopiquer.com\/inscripciones\/producto\/adgd223po-protocolos-de-gestion-de-la-incapacidad-laboral-80-horas\/\",\"url\":\"https:\/\/mefp.grupopiquer.com\/inscripciones\/producto\/adgd223po-protocolos-de-gestion-de-la-incapacidad-laboral-80-horas\/\",\"name\":\"ADGD223PO - Protocolos de Gesti\u00f3n de la Incapacidad Laboral (80 horas) - Contenidos Online\",\"isPartOf\":{\"@id\":\"https:\/\/mefp.grupopiquer.com\/inscripciones\/#website\"},\"primaryImageOfPage\":{\"@id\":\"https:\/\/mefp.grupopiquer.com\/inscripciones\/producto\/adgd223po-protocolos-de-gestion-de-la-incapacidad-laboral-80-horas\/#primaryimage\"},\"image\":{\"@id\":\"https:\/\/mefp.grupopiquer.com\/inscripciones\/producto\/adgd223po-protocolos-de-gestion-de-la-incapacidad-laboral-80-horas\/#primaryimage\"},\"thumbnailUrl\":\"https:\/\/mefp.grupopiquer.com\/inscripciones\/wp-content\/uploads\/2023\/10\/kPhgRODCITJKSDPK_bPYrUuCzMCvFuxlH-e1696609981669.jpg\",\"datePublished\":\"2023-10-09T16:38:27+00:00\",\"dateModified\":\"2024-02-15T15:28:09+00:00\",\"description\":\"Contenidos Online - ADGD223PO - Protocolos de Gesti\u00f3n de la Incapacidad Laboral (80 horas) - Administraci\u00f3n y Auditor\u00eda\",\"breadcrumb\":{\"@id\":\"https:\/\/mefp.grupopiquer.com\/inscripciones\/producto\/adgd223po-protocolos-de-gestion-de-la-incapacidad-laboral-80-horas\/#breadcrumb\"},\"inLanguage\":\"es\",\"potentialAction\":[{\"@type\":\"ReadAction\",\"target\":[\"https:\/\/mefp.grupopiquer.com\/inscripciones\/producto\/adgd223po-protocolos-de-gestion-de-la-incapacidad-laboral-80-horas\/\"]}]},{\"@type\":\"ImageObject\",\"inLanguage\":\"es\",\"@id\":\"https:\/\/mefp.grupopiquer.com\/inscripciones\/producto\/adgd223po-protocolos-de-gestion-de-la-incapacidad-laboral-80-horas\/#primaryimage\",\"url\":\"https:\/\/mefp.grupopiquer.com\/inscripciones\/wp-content\/uploads\/2023\/10\/kPhgRODCITJKSDPK_bPYrUuCzMCvFuxlH-e1696609981669.jpg\",\"contentUrl\":\"https:\/\/mefp.grupopiquer.com\/inscripciones\/wp-content\/uploads\/2023\/10\/kPhgRODCITJKSDPK_bPYrUuCzMCvFuxlH-e1696609981669.jpg\",\"width\":754,\"height\":424},{\"@type\":\"BreadcrumbList\",\"@id\":\"https:\/\/mefp.grupopiquer.com\/inscripciones\/producto\/adgd223po-protocolos-de-gestion-de-la-incapacidad-laboral-80-horas\/#breadcrumb\",\"itemListElement\":[{\"@type\":\"ListItem\",\"position\":1,\"name\":\"Portada\",\"item\":\"https:\/\/mefp.grupopiquer.com\/inscripciones\/\"},{\"@type\":\"ListItem\",\"position\":2,\"name\":\"Tienda\",\"item\":\"https:\/\/mefp.grupopiquer.com\/inscripciones\/tienda\/\"},{\"@type\":\"ListItem\",\"position\":3,\"name\":\"ADGD223PO &#8211; Protocolos de Gesti\u00f3n de la Incapacidad Laboral (80 horas)\"}]},{\"@type\":\"WebSite\",\"@id\":\"https:\/\/mefp.grupopiquer.com\/inscripciones\/#website\",\"url\":\"https:\/\/mefp.grupopiquer.com\/inscripciones\/\",\"name\":\"Contenidos Online\",\"description\":\"\",\"publisher\":{\"@id\":\"https:\/\/mefp.grupopiquer.com\/inscripciones\/#organization\"},\"potentialAction\":[{\"@type\":\"SearchAction\",\"target\":{\"@type\":\"EntryPoint\",\"urlTemplate\":\"https:\/\/mefp.grupopiquer.com\/inscripciones\/?s={search_term_string}\"},\"query-input\":{\"@type\":\"PropertyValueSpecification\",\"valueRequired\":true,\"valueName\":\"search_term_string\"}}],\"inLanguage\":\"es\"},{\"@type\":\"Organization\",\"@id\":\"https:\/\/mefp.grupopiquer.com\/inscripciones\/#organization\",\"name\":\"Contenidos Online\",\"url\":\"https:\/\/mefp.grupopiquer.com\/inscripciones\/\",\"logo\":{\"@type\":\"ImageObject\",\"inLanguage\":\"es\",\"@id\":\"https:\/\/mefp.grupopiquer.com\/inscripciones\/#\/schema\/logo\/image\/\",\"url\":\"\",\"contentUrl\":\"\",\"caption\":\"Contenidos Online\"},\"image\":{\"@id\":\"https:\/\/mefp.grupopiquer.com\/inscripciones\/#\/schema\/logo\/image\/\"}}]}<\/script>\n<!-- \/ Yoast SEO plugin. -->","yoast_head_json":{"title":"ADGD223PO - Protocolos de Gesti\u00f3n de la Incapacidad Laboral (80 horas) - Contenidos Online","description":"Contenidos Online - ADGD223PO - Protocolos de Gesti\u00f3n de la Incapacidad Laboral (80 horas) - Administraci\u00f3n y Auditor\u00eda","robots":{"index":"index","follow":"follow","max-snippet":"max-snippet:-1","max-image-preview":"max-image-preview:large","max-video-preview":"max-video-preview:-1"},"canonical":"https:\/\/mefp.grupopiquer.com\/inscripciones\/producto\/adgd223po-protocolos-de-gestion-de-la-incapacidad-laboral-80-horas\/","og_locale":"es_ES","og_type":"article","og_title":"ADGD223PO - Protocolos de Gesti\u00f3n de la Incapacidad Laboral (80 horas) - Contenidos Online","og_description":"Contenidos Online - ADGD223PO - Protocolos de Gesti\u00f3n de la Incapacidad Laboral (80 horas) - Administraci\u00f3n y Auditor\u00eda","og_url":"https:\/\/mefp.grupopiquer.com\/inscripciones\/producto\/adgd223po-protocolos-de-gestion-de-la-incapacidad-laboral-80-horas\/","og_site_name":"Contenidos Online","article_modified_time":"2024-02-15T15:28:09+00:00","og_image":[{"width":754,"height":424,"url":"https:\/\/mefp.grupopiquer.com\/inscripciones\/wp-content\/uploads\/2023\/10\/kPhgRODCITJKSDPK_bPYrUuCzMCvFuxlH-e1696609981669.jpg","type":"image\/jpeg"}],"twitter_card":"summary_large_image","twitter_misc":{"Tiempo de lectura":"2 minutos"},"schema":{"@context":"https:\/\/schema.org","@graph":[{"@type":"WebPage","@id":"https:\/\/mefp.grupopiquer.com\/inscripciones\/producto\/adgd223po-protocolos-de-gestion-de-la-incapacidad-laboral-80-horas\/","url":"https:\/\/mefp.grupopiquer.com\/inscripciones\/producto\/adgd223po-protocolos-de-gestion-de-la-incapacidad-laboral-80-horas\/","name":"ADGD223PO - Protocolos de Gesti\u00f3n de la Incapacidad Laboral (80 horas) - Contenidos Online","isPartOf":{"@id":"https:\/\/mefp.grupopiquer.com\/inscripciones\/#website"},"primaryImageOfPage":{"@id":"https:\/\/mefp.grupopiquer.com\/inscripciones\/producto\/adgd223po-protocolos-de-gestion-de-la-incapacidad-laboral-80-horas\/#primaryimage"},"image":{"@id":"https:\/\/mefp.grupopiquer.com\/inscripciones\/producto\/adgd223po-protocolos-de-gestion-de-la-incapacidad-laboral-80-horas\/#primaryimage"},"thumbnailUrl":"https:\/\/mefp.grupopiquer.com\/inscripciones\/wp-content\/uploads\/2023\/10\/kPhgRODCITJKSDPK_bPYrUuCzMCvFuxlH-e1696609981669.jpg","datePublished":"2023-10-09T16:38:27+00:00","dateModified":"2024-02-15T15:28:09+00:00","description":"Contenidos Online - ADGD223PO - Protocolos de Gesti\u00f3n de la Incapacidad Laboral (80 horas) - Administraci\u00f3n y Auditor\u00eda","breadcrumb":{"@id":"https:\/\/mefp.grupopiquer.com\/inscripciones\/producto\/adgd223po-protocolos-de-gestion-de-la-incapacidad-laboral-80-horas\/#breadcrumb"},"inLanguage":"es","potentialAction":[{"@type":"ReadAction","target":["https:\/\/mefp.grupopiquer.com\/inscripciones\/producto\/adgd223po-protocolos-de-gestion-de-la-incapacidad-laboral-80-horas\/"]}]},{"@type":"ImageObject","inLanguage":"es","@id":"https:\/\/mefp.grupopiquer.com\/inscripciones\/producto\/adgd223po-protocolos-de-gestion-de-la-incapacidad-laboral-80-horas\/#primaryimage","url":"https:\/\/mefp.grupopiquer.com\/inscripciones\/wp-content\/uploads\/2023\/10\/kPhgRODCITJKSDPK_bPYrUuCzMCvFuxlH-e1696609981669.jpg","contentUrl":"https:\/\/mefp.grupopiquer.com\/inscripciones\/wp-content\/uploads\/2023\/10\/kPhgRODCITJKSDPK_bPYrUuCzMCvFuxlH-e1696609981669.jpg","width":754,"height":424},{"@type":"BreadcrumbList","@id":"https:\/\/mefp.grupopiquer.com\/inscripciones\/producto\/adgd223po-protocolos-de-gestion-de-la-incapacidad-laboral-80-horas\/#breadcrumb","itemListElement":[{"@type":"ListItem","position":1,"name":"Portada","item":"https:\/\/mefp.grupopiquer.com\/inscripciones\/"},{"@type":"ListItem","position":2,"name":"Tienda","item":"https:\/\/mefp.grupopiquer.com\/inscripciones\/tienda\/"},{"@type":"ListItem","position":3,"name":"ADGD223PO &#8211; Protocolos de Gesti\u00f3n de la Incapacidad Laboral (80 horas)"}]},{"@type":"WebSite","@id":"https:\/\/mefp.grupopiquer.com\/inscripciones\/#website","url":"https:\/\/mefp.grupopiquer.com\/inscripciones\/","name":"Contenidos Online","description":"","publisher":{"@id":"https:\/\/mefp.grupopiquer.com\/inscripciones\/#organization"},"potentialAction":[{"@type":"SearchAction","target":{"@type":"EntryPoint","urlTemplate":"https:\/\/mefp.grupopiquer.com\/inscripciones\/?s={search_term_string}"},"query-input":{"@type":"PropertyValueSpecification","valueRequired":true,"valueName":"search_term_string"}}],"inLanguage":"es"},{"@type":"Organization","@id":"https:\/\/mefp.grupopiquer.com\/inscripciones\/#organization","name":"Contenidos Online","url":"https:\/\/mefp.grupopiquer.com\/inscripciones\/","logo":{"@type":"ImageObject","inLanguage":"es","@id":"https:\/\/mefp.grupopiquer.com\/inscripciones\/#\/schema\/logo\/image\/","url":"","contentUrl":"","caption":"Contenidos Online"},"image":{"@id":"https:\/\/mefp.grupopiquer.com\/inscripciones\/#\/schema\/logo\/image\/"}}]}},"_links":{"self":[{"href":"https:\/\/mefp.grupopiquer.com\/inscripciones\/wp-json\/wp\/v2\/product\/9029"}],"collection":[{"href":"https:\/\/mefp.grupopiquer.com\/inscripciones\/wp-json\/wp\/v2\/product"}],"about":[{"href":"https:\/\/mefp.grupopiquer.com\/inscripciones\/wp-json\/wp\/v2\/types\/product"}],"replies":[{"embeddable":true,"href":"https:\/\/mefp.grupopiquer.com\/inscripciones\/wp-json\/wp\/v2\/comments?post=9029"}],"wp:featuredmedia":[{"embeddable":true,"href":"https:\/\/mefp.grupopiquer.com\/inscripciones\/wp-json\/wp\/v2\/media\/9026"}],"wp:attachment":[{"href":"https:\/\/mefp.grupopiquer.com\/inscripciones\/wp-json\/wp\/v2\/media?parent=9029"}],"wp:term":[{"taxonomy":"product_cat","embeddable":true,"href":"https:\/\/mefp.grupopiquer.com\/inscripciones\/wp-json\/wp\/v2\/product_cat?post=9029"},{"taxonomy":"product_tag","embeddable":true,"href":"https:\/\/mefp.grupopiquer.com\/inscripciones\/wp-json\/wp\/v2\/product_tag?post=9029"}],"curies":[{"name":"wp","href":"https:\/\/api.w.org\/{rel}","templated":true}]}}