{"id":9025,"date":"2023-10-06T16:26:22","date_gmt":"2023-10-06T16:26:22","guid":{"rendered":"https:\/\/mefp.grupopiquer.com\/inscripciones\/?post_type=product&#038;p=9025"},"modified":"2024-02-15T15:33:10","modified_gmt":"2024-02-15T15:33:10","slug":"adgd251po-motivacion-humana-en-los-grupos-de-trabajo-50-horas","status":"publish","type":"product","link":"https:\/\/mefp.grupopiquer.com\/inscripciones\/producto\/adgd251po-motivacion-humana-en-los-grupos-de-trabajo-50-horas\/","title":{"rendered":"ADGD251PO &#8211; Sistema de la Seguridad Social (70 horas)"},"content":{"rendered":"<div id=\"accordion\">\n<h3>Objetivos<\/h3>\n<div>Adquirir conocimientos sobre las bases del sistema de Seguridad Social y sus fuentes de financiaci\u00f3n, as\u00ed como analizar los reg\u00edmenes m\u00e1s importantes de la Seguridad Social.<\/div>\n<h3>Contenidos<\/h3>\n<p>1. HIST\u00d3RIA DE LA SEGURIDAD SOCIAL EN EUROPA Y ESPA\u00d1A.<br \/>\n1.1. Los comienzos de la Revoluci\u00f3n Industrial: mutualismo obrero y leyes de accidentes de trabajo.<br \/>\n1.2. De los Seguros Sociales a la Seguridad Social.<br \/>\n1.3. La protecci\u00f3n social en el marco constitucional y del estado del bienestar.<br \/>\n2. LA SEGURIDAD SOCIAL Y EL ESTADO DEL BIENESTAR.<br \/>\n2.1. Estado del Bienestar y Estado Social.<br \/>\n2.2. Contenido del Estado Social: la redistribuci\u00f3n de la riqueza.<br \/>\n2.3. El gasto social: promoci\u00f3n social y protecci\u00f3n social. La Seguridad Social.<br \/>\n3. LOS RECURSOS FINANCIEROS DEL SISTEMA DE SEGURIDAD SOCIAL<br \/>\n3.1. Los principios financieros del sistema.<br \/>\n3.2. Afiliaci\u00f3n, cotizaci\u00f3n y recaudaci\u00f3n.<br \/>\n3.3. Responsabilidades empresariales por incumplimiento de las obligaciones de filiaci\u00f3n y cotizaci\u00f3n.<br \/>\n4. LA GESTI\u00d3N DEL SISTEMA DE SEGURIDAD SOCIAL.<br \/>\n4.1. Accidentes de trabajo y enfermedades profesionales.<br \/>\n4.2. Entidades gestoras y la colaboraci\u00f3n en la gesti\u00f3n de la Seguridad Social.<br \/>\n4.3. Las Mutuas Colaboradoras con la Seguridad Social.<br \/>\n4.4 Tesorer\u00eda General de la Seguridad Social.<br \/>\n5. ESTRUCTURA ADMINISTRATIVA DEL SISTEMA DE LA SEGURIDAD SOCIAL.<br \/>\n5.1. Competencias estatales.<br \/>\n5.2. Gesti\u00f3n CC.AA.<br \/>\n5.3 Instituciones: INSS, IMSERSO.<br \/>\n6. REG\u00cdMENES DE LA SEGURIDAD SOCIAL.<br \/>\n6.1. R\u00e9gimen General.<br \/>\n6.2. Reg\u00edmenes Especiales: aut\u00f3nomos, agrario, etc.<br \/>\n7. PRESTACIONES DEL SISTEMA.<br \/>\n7.1. Asistencia sanitaria.<br \/>\n7.2. La incapacidad temporal.<br \/>\n7.3. La incapacidad permanente.<br \/>\n7.4. Jubilaci\u00f3n.<br \/>\n7.5. Muerte y supervivencia.<br \/>\n7.6 Riesgo Durante el Embarazo<br \/>\n7.7 Riesgo Durante la Lactancia<br \/>\n7.8. Pensiones no contributivas de invalidez y jubilaci\u00f3n.<br \/>\n7.9. Desempleo.<br \/>\n7.10. La protecci\u00f3n de la dependencia y otros servicios sociales.<br \/>\n7.11. La asistencia social y las rentas de inserci\u00f3n.<br \/>\n7.12. Otros temas de la acci\u00f3n protectora del sistema de Seguridad Social<\/p>\n<\/div>\n","protected":false},"excerpt":{"rendered":"<p>Adquirir conocimientos sobre las bases del sistema de Seguridad Social y sus fuentes de financiaci\u00f3n, as\u00ed como analizar los reg\u00edmenes m\u00e1s importantes de la Seguridad Social.<\/p>\n","protected":false},"featured_media":9028,"comment_status":"closed","ping_status":"closed","template":"","meta":[],"product_cat":[126],"product_tag":[],"class_list":{"0":"post-9025","1":"product","2":"type-product","3":"status-publish","4":"has-post-thumbnail","6":"product_cat-administracion-y-auditoria","8":"first","9":"instock","10":"taxable","11":"shipping-taxable","12":"purchasable","13":"product-type-simple"},"yoast_head":"<!-- This site is optimized with the Yoast SEO plugin v23.5 - https:\/\/yoast.com\/wordpress\/plugins\/seo\/ -->\n<title>ADGD251PO - Sistema de la Seguridad Social (70 horas) - Contenidos Online<\/title>\n<meta name=\"description\" content=\"Contenidos Online - ADGD251PO - Sistema de la Seguridad Social (70 horas) - Administraci\u00f3n y Auditor\u00eda\" \/>\n<meta name=\"robots\" content=\"index, follow, max-snippet:-1, max-image-preview:large, max-video-preview:-1\" \/>\n<link rel=\"canonical\" href=\"https:\/\/mefp.grupopiquer.com\/inscripciones\/producto\/adgd251po-motivacion-humana-en-los-grupos-de-trabajo-50-horas\/\" \/>\n<meta property=\"og:locale\" content=\"es_ES\" \/>\n<meta property=\"og:type\" content=\"article\" \/>\n<meta property=\"og:title\" content=\"ADGD251PO - Sistema de la Seguridad Social (70 horas) - Contenidos Online\" \/>\n<meta property=\"og:description\" content=\"Contenidos Online - ADGD251PO - Sistema de la Seguridad Social (70 horas) - Administraci\u00f3n y Auditor\u00eda\" \/>\n<meta property=\"og:url\" content=\"https:\/\/mefp.grupopiquer.com\/inscripciones\/producto\/adgd251po-motivacion-humana-en-los-grupos-de-trabajo-50-horas\/\" \/>\n<meta property=\"og:site_name\" content=\"Contenidos Online\" \/>\n<meta property=\"article:modified_time\" content=\"2024-02-15T15:33:10+00:00\" \/>\n<meta property=\"og:image\" content=\"https:\/\/mefp.grupopiquer.com\/inscripciones\/wp-content\/uploads\/2023\/10\/SgVV8bbr0dSKAyV4_fpcNUyAevbu6OeL_-e1696610766649.jpg\" \/>\n\t<meta property=\"og:image:width\" content=\"653\" \/>\n\t<meta property=\"og:image:height\" content=\"367\" \/>\n\t<meta property=\"og:image:type\" content=\"image\/jpeg\" \/>\n<meta name=\"twitter:card\" content=\"summary_large_image\" \/>\n<meta name=\"twitter:label1\" content=\"Tiempo de lectura\" \/>\n\t<meta name=\"twitter:data1\" content=\"2 minutos\" \/>\n<script type=\"application\/ld+json\" class=\"yoast-schema-graph\">{\"@context\":\"https:\/\/schema.org\",\"@graph\":[{\"@type\":\"WebPage\",\"@id\":\"https:\/\/mefp.grupopiquer.com\/inscripciones\/producto\/adgd251po-motivacion-humana-en-los-grupos-de-trabajo-50-horas\/\",\"url\":\"https:\/\/mefp.grupopiquer.com\/inscripciones\/producto\/adgd251po-motivacion-humana-en-los-grupos-de-trabajo-50-horas\/\",\"name\":\"ADGD251PO - Sistema de la Seguridad Social (70 horas) - Contenidos Online\",\"isPartOf\":{\"@id\":\"https:\/\/mefp.grupopiquer.com\/inscripciones\/#website\"},\"primaryImageOfPage\":{\"@id\":\"https:\/\/mefp.grupopiquer.com\/inscripciones\/producto\/adgd251po-motivacion-humana-en-los-grupos-de-trabajo-50-horas\/#primaryimage\"},\"image\":{\"@id\":\"https:\/\/mefp.grupopiquer.com\/inscripciones\/producto\/adgd251po-motivacion-humana-en-los-grupos-de-trabajo-50-horas\/#primaryimage\"},\"thumbnailUrl\":\"https:\/\/mefp.grupopiquer.com\/inscripciones\/wp-content\/uploads\/2023\/10\/SgVV8bbr0dSKAyV4_fpcNUyAevbu6OeL_-e1696610766649.jpg\",\"datePublished\":\"2023-10-06T16:26:22+00:00\",\"dateModified\":\"2024-02-15T15:33:10+00:00\",\"description\":\"Contenidos Online - ADGD251PO - Sistema de la Seguridad Social (70 horas) - Administraci\u00f3n y Auditor\u00eda\",\"breadcrumb\":{\"@id\":\"https:\/\/mefp.grupopiquer.com\/inscripciones\/producto\/adgd251po-motivacion-humana-en-los-grupos-de-trabajo-50-horas\/#breadcrumb\"},\"inLanguage\":\"es\",\"potentialAction\":[{\"@type\":\"ReadAction\",\"target\":[\"https:\/\/mefp.grupopiquer.com\/inscripciones\/producto\/adgd251po-motivacion-humana-en-los-grupos-de-trabajo-50-horas\/\"]}]},{\"@type\":\"ImageObject\",\"inLanguage\":\"es\",\"@id\":\"https:\/\/mefp.grupopiquer.com\/inscripciones\/producto\/adgd251po-motivacion-humana-en-los-grupos-de-trabajo-50-horas\/#primaryimage\",\"url\":\"https:\/\/mefp.grupopiquer.com\/inscripciones\/wp-content\/uploads\/2023\/10\/SgVV8bbr0dSKAyV4_fpcNUyAevbu6OeL_-e1696610766649.jpg\",\"contentUrl\":\"https:\/\/mefp.grupopiquer.com\/inscripciones\/wp-content\/uploads\/2023\/10\/SgVV8bbr0dSKAyV4_fpcNUyAevbu6OeL_-e1696610766649.jpg\",\"width\":653,\"height\":367},{\"@type\":\"BreadcrumbList\",\"@id\":\"https:\/\/mefp.grupopiquer.com\/inscripciones\/producto\/adgd251po-motivacion-humana-en-los-grupos-de-trabajo-50-horas\/#breadcrumb\",\"itemListElement\":[{\"@type\":\"ListItem\",\"position\":1,\"name\":\"Portada\",\"item\":\"https:\/\/mefp.grupopiquer.com\/inscripciones\/\"},{\"@type\":\"ListItem\",\"position\":2,\"name\":\"Tienda\",\"item\":\"https:\/\/mefp.grupopiquer.com\/inscripciones\/tienda\/\"},{\"@type\":\"ListItem\",\"position\":3,\"name\":\"ADGD251PO &#8211; Sistema de la Seguridad Social (70 horas)\"}]},{\"@type\":\"WebSite\",\"@id\":\"https:\/\/mefp.grupopiquer.com\/inscripciones\/#website\",\"url\":\"https:\/\/mefp.grupopiquer.com\/inscripciones\/\",\"name\":\"Contenidos Online\",\"description\":\"\",\"publisher\":{\"@id\":\"https:\/\/mefp.grupopiquer.com\/inscripciones\/#organization\"},\"potentialAction\":[{\"@type\":\"SearchAction\",\"target\":{\"@type\":\"EntryPoint\",\"urlTemplate\":\"https:\/\/mefp.grupopiquer.com\/inscripciones\/?s={search_term_string}\"},\"query-input\":{\"@type\":\"PropertyValueSpecification\",\"valueRequired\":true,\"valueName\":\"search_term_string\"}}],\"inLanguage\":\"es\"},{\"@type\":\"Organization\",\"@id\":\"https:\/\/mefp.grupopiquer.com\/inscripciones\/#organization\",\"name\":\"Contenidos Online\",\"url\":\"https:\/\/mefp.grupopiquer.com\/inscripciones\/\",\"logo\":{\"@type\":\"ImageObject\",\"inLanguage\":\"es\",\"@id\":\"https:\/\/mefp.grupopiquer.com\/inscripciones\/#\/schema\/logo\/image\/\",\"url\":\"\",\"contentUrl\":\"\",\"caption\":\"Contenidos Online\"},\"image\":{\"@id\":\"https:\/\/mefp.grupopiquer.com\/inscripciones\/#\/schema\/logo\/image\/\"}}]}<\/script>\n<!-- \/ Yoast SEO plugin. -->","yoast_head_json":{"title":"ADGD251PO - Sistema de la Seguridad Social (70 horas) - Contenidos Online","description":"Contenidos Online - ADGD251PO - Sistema de la Seguridad Social (70 horas) - Administraci\u00f3n y Auditor\u00eda","robots":{"index":"index","follow":"follow","max-snippet":"max-snippet:-1","max-image-preview":"max-image-preview:large","max-video-preview":"max-video-preview:-1"},"canonical":"https:\/\/mefp.grupopiquer.com\/inscripciones\/producto\/adgd251po-motivacion-humana-en-los-grupos-de-trabajo-50-horas\/","og_locale":"es_ES","og_type":"article","og_title":"ADGD251PO - Sistema de la Seguridad Social (70 horas) - Contenidos Online","og_description":"Contenidos Online - ADGD251PO - Sistema de la Seguridad Social (70 horas) - Administraci\u00f3n y Auditor\u00eda","og_url":"https:\/\/mefp.grupopiquer.com\/inscripciones\/producto\/adgd251po-motivacion-humana-en-los-grupos-de-trabajo-50-horas\/","og_site_name":"Contenidos Online","article_modified_time":"2024-02-15T15:33:10+00:00","og_image":[{"width":653,"height":367,"url":"https:\/\/mefp.grupopiquer.com\/inscripciones\/wp-content\/uploads\/2023\/10\/SgVV8bbr0dSKAyV4_fpcNUyAevbu6OeL_-e1696610766649.jpg","type":"image\/jpeg"}],"twitter_card":"summary_large_image","twitter_misc":{"Tiempo de lectura":"2 minutos"},"schema":{"@context":"https:\/\/schema.org","@graph":[{"@type":"WebPage","@id":"https:\/\/mefp.grupopiquer.com\/inscripciones\/producto\/adgd251po-motivacion-humana-en-los-grupos-de-trabajo-50-horas\/","url":"https:\/\/mefp.grupopiquer.com\/inscripciones\/producto\/adgd251po-motivacion-humana-en-los-grupos-de-trabajo-50-horas\/","name":"ADGD251PO - Sistema de la Seguridad Social (70 horas) - Contenidos Online","isPartOf":{"@id":"https:\/\/mefp.grupopiquer.com\/inscripciones\/#website"},"primaryImageOfPage":{"@id":"https:\/\/mefp.grupopiquer.com\/inscripciones\/producto\/adgd251po-motivacion-humana-en-los-grupos-de-trabajo-50-horas\/#primaryimage"},"image":{"@id":"https:\/\/mefp.grupopiquer.com\/inscripciones\/producto\/adgd251po-motivacion-humana-en-los-grupos-de-trabajo-50-horas\/#primaryimage"},"thumbnailUrl":"https:\/\/mefp.grupopiquer.com\/inscripciones\/wp-content\/uploads\/2023\/10\/SgVV8bbr0dSKAyV4_fpcNUyAevbu6OeL_-e1696610766649.jpg","datePublished":"2023-10-06T16:26:22+00:00","dateModified":"2024-02-15T15:33:10+00:00","description":"Contenidos Online - ADGD251PO - Sistema de la Seguridad Social (70 horas) - Administraci\u00f3n y Auditor\u00eda","breadcrumb":{"@id":"https:\/\/mefp.grupopiquer.com\/inscripciones\/producto\/adgd251po-motivacion-humana-en-los-grupos-de-trabajo-50-horas\/#breadcrumb"},"inLanguage":"es","potentialAction":[{"@type":"ReadAction","target":["https:\/\/mefp.grupopiquer.com\/inscripciones\/producto\/adgd251po-motivacion-humana-en-los-grupos-de-trabajo-50-horas\/"]}]},{"@type":"ImageObject","inLanguage":"es","@id":"https:\/\/mefp.grupopiquer.com\/inscripciones\/producto\/adgd251po-motivacion-humana-en-los-grupos-de-trabajo-50-horas\/#primaryimage","url":"https:\/\/mefp.grupopiquer.com\/inscripciones\/wp-content\/uploads\/2023\/10\/SgVV8bbr0dSKAyV4_fpcNUyAevbu6OeL_-e1696610766649.jpg","contentUrl":"https:\/\/mefp.grupopiquer.com\/inscripciones\/wp-content\/uploads\/2023\/10\/SgVV8bbr0dSKAyV4_fpcNUyAevbu6OeL_-e1696610766649.jpg","width":653,"height":367},{"@type":"BreadcrumbList","@id":"https:\/\/mefp.grupopiquer.com\/inscripciones\/producto\/adgd251po-motivacion-humana-en-los-grupos-de-trabajo-50-horas\/#breadcrumb","itemListElement":[{"@type":"ListItem","position":1,"name":"Portada","item":"https:\/\/mefp.grupopiquer.com\/inscripciones\/"},{"@type":"ListItem","position":2,"name":"Tienda","item":"https:\/\/mefp.grupopiquer.com\/inscripciones\/tienda\/"},{"@type":"ListItem","position":3,"name":"ADGD251PO &#8211; Sistema de la Seguridad Social (70 horas)"}]},{"@type":"WebSite","@id":"https:\/\/mefp.grupopiquer.com\/inscripciones\/#website","url":"https:\/\/mefp.grupopiquer.com\/inscripciones\/","name":"Contenidos Online","description":"","publisher":{"@id":"https:\/\/mefp.grupopiquer.com\/inscripciones\/#organization"},"potentialAction":[{"@type":"SearchAction","target":{"@type":"EntryPoint","urlTemplate":"https:\/\/mefp.grupopiquer.com\/inscripciones\/?s={search_term_string}"},"query-input":{"@type":"PropertyValueSpecification","valueRequired":true,"valueName":"search_term_string"}}],"inLanguage":"es"},{"@type":"Organization","@id":"https:\/\/mefp.grupopiquer.com\/inscripciones\/#organization","name":"Contenidos Online","url":"https:\/\/mefp.grupopiquer.com\/inscripciones\/","logo":{"@type":"ImageObject","inLanguage":"es","@id":"https:\/\/mefp.grupopiquer.com\/inscripciones\/#\/schema\/logo\/image\/","url":"","contentUrl":"","caption":"Contenidos Online"},"image":{"@id":"https:\/\/mefp.grupopiquer.com\/inscripciones\/#\/schema\/logo\/image\/"}}]}},"_links":{"self":[{"href":"https:\/\/mefp.grupopiquer.com\/inscripciones\/wp-json\/wp\/v2\/product\/9025"}],"collection":[{"href":"https:\/\/mefp.grupopiquer.com\/inscripciones\/wp-json\/wp\/v2\/product"}],"about":[{"href":"https:\/\/mefp.grupopiquer.com\/inscripciones\/wp-json\/wp\/v2\/types\/product"}],"replies":[{"embeddable":true,"href":"https:\/\/mefp.grupopiquer.com\/inscripciones\/wp-json\/wp\/v2\/comments?post=9025"}],"wp:featuredmedia":[{"embeddable":true,"href":"https:\/\/mefp.grupopiquer.com\/inscripciones\/wp-json\/wp\/v2\/media\/9028"}],"wp:attachment":[{"href":"https:\/\/mefp.grupopiquer.com\/inscripciones\/wp-json\/wp\/v2\/media?parent=9025"}],"wp:term":[{"taxonomy":"product_cat","embeddable":true,"href":"https:\/\/mefp.grupopiquer.com\/inscripciones\/wp-json\/wp\/v2\/product_cat?post=9025"},{"taxonomy":"product_tag","embeddable":true,"href":"https:\/\/mefp.grupopiquer.com\/inscripciones\/wp-json\/wp\/v2\/product_tag?post=9025"}],"curies":[{"name":"wp","href":"https:\/\/api.w.org\/{rel}","templated":true}]}}