{"id":9023,"date":"2023-10-06T16:17:47","date_gmt":"2023-10-06T16:17:47","guid":{"rendered":"https:\/\/mefp.grupopiquer.com\/inscripciones\/?post_type=product&#038;p=9023"},"modified":"2023-12-27T12:43:31","modified_gmt":"2023-12-27T12:43:31","slug":"adgd183po-motivacion-humana-en-los-grupos-de-trabajo-50-horas","status":"publish","type":"product","link":"https:\/\/mefp.grupopiquer.com\/inscripciones\/producto\/adgd183po-motivacion-humana-en-los-grupos-de-trabajo-50-horas\/","title":{"rendered":"ADGD183PO &#8211; Motivaci\u00f3n Humana en los Grupos de Trabajo (50 horas)"},"content":{"rendered":"<div id=\"accordion\">\n<h3>Objetivos<\/h3>\n<div>Adquirir conocimiento del significado y fuente de la motivaci\u00f3n con el fin de promover la participaci\u00f3n activa de los trabajadores de una empresa.<\/div>\n<h3>Contenidos<\/h3>\n<p>1. CONCEPTOS B\u00c1SICOS<br \/>\n1.1. Motivaci\u00f3n y satisfacci\u00f3n de necesidades<br \/>\n1.2. Principales teor\u00edas<br \/>\n1.3. Motivaci\u00f3n intr\u00ednseca Vs extr\u00ednseca<br \/>\n1.4. Biolog\u00eda de la motivaci\u00f3n<br \/>\n2.CARACTER\u00cdSTICAS DE LA ORGANIZACI\u00d3N Y PERSONAS MOTIVADORAS<br \/>\n2.1. Caracter\u00edsticas de la organizaci\u00f3n y su equipo<br \/>\n2.2. Relaciones individuo- organizaci\u00f3n<br \/>\n2.3. El directivo y su efecto en la motivaci\u00f3n<br \/>\n2.4. Tipos de liderazgo<br \/>\n3. INTERCAMBIO DE RECURSOS EN LAS RELACIONES PROFESIONALES. NECESIDAD DE<br \/>\nRECONOCIMIENTO<br \/>\n3.1. El refuerzo<br \/>\n3.2. Reconocimiento y cr\u00edtica<br \/>\n3.3. La disciplina<br \/>\n4. RECOMPENSAS INTR\u00cdNSECAS DEL TRABAJO.<br \/>\n4.1. Satisfacci\u00f3n psicol\u00f3gica<br \/>\n4.2. Motivaci\u00f3n intr\u00ednseca en el trabajo<br \/>\n5. DAR SENTIDO AL TRABAJO<br \/>\n5.1. Marcarse una direcci\u00f3n.<br \/>\n5.2. El sentido del trabajo humano.<br \/>\n6. INCREMENTO DE PARTICIPACI\u00d3N ACTIVA. CLIMA LABORAL DE MOTIVACI\u00d3N.<br \/>\n6.1. Habilidades y estrategias de motivaci\u00f3n<br \/>\n6.2. La comunicaci\u00f3n<br \/>\n6.3. Proceso de soluci\u00f3n de problemas<br \/>\n6.4. Mantenimiento de la moral del grupo. Influencia de las expectativas.<br \/>\n7. SENTIRSE COMPETENTE EN EL TRABAJO<br \/>\n7.1. La carrera profesional<br \/>\n7.2. Autogesti\u00f3n<br \/>\n7.3. Autoestima<\/p>\n<\/div>\n","protected":false},"excerpt":{"rendered":"<p>Adquirir conocimiento del significado y fuente de la motivaci\u00f3n con el fin de promover la participaci\u00f3n activa de los trabajadores de una empresa.<\/p>\n","protected":false},"featured_media":9024,"comment_status":"closed","ping_status":"closed","template":"","meta":[],"product_cat":[126],"product_tag":[],"class_list":{"0":"post-9023","1":"product","2":"type-product","3":"status-publish","4":"has-post-thumbnail","6":"product_cat-administracion-y-auditoria","8":"first","9":"instock","10":"taxable","11":"shipping-taxable","12":"purchasable","13":"product-type-simple"},"yoast_head":"<!-- This site is optimized with the Yoast SEO plugin v23.5 - https:\/\/yoast.com\/wordpress\/plugins\/seo\/ -->\n<title>ADGD183PO - Motivaci\u00f3n Humana en los Grupos de Trabajo (50 horas) - Contenidos Online<\/title>\n<meta name=\"description\" content=\"Contenidos Online - ADGD183PO - Motivaci\u00f3n Humana en los Grupos de Trabajo (50 horas) - Administraci\u00f3n y Auditor\u00eda\" \/>\n<meta name=\"robots\" content=\"index, follow, max-snippet:-1, max-image-preview:large, max-video-preview:-1\" \/>\n<link rel=\"canonical\" href=\"https:\/\/mefp.grupopiquer.com\/inscripciones\/producto\/adgd183po-motivacion-humana-en-los-grupos-de-trabajo-50-horas\/\" \/>\n<meta property=\"og:locale\" content=\"es_ES\" \/>\n<meta property=\"og:type\" content=\"article\" \/>\n<meta property=\"og:title\" content=\"ADGD183PO - Motivaci\u00f3n Humana en los Grupos de Trabajo (50 horas) - Contenidos Online\" \/>\n<meta property=\"og:description\" content=\"Contenidos Online - ADGD183PO - Motivaci\u00f3n Humana en los Grupos de Trabajo (50 horas) - Administraci\u00f3n y Auditor\u00eda\" \/>\n<meta property=\"og:url\" content=\"https:\/\/mefp.grupopiquer.com\/inscripciones\/producto\/adgd183po-motivacion-humana-en-los-grupos-de-trabajo-50-horas\/\" \/>\n<meta property=\"og:site_name\" content=\"Contenidos Online\" \/>\n<meta property=\"article:modified_time\" content=\"2023-12-27T12:43:31+00:00\" \/>\n<meta property=\"og:image\" content=\"https:\/\/mefp.grupopiquer.com\/inscripciones\/wp-content\/uploads\/2023\/10\/M-_X50hJ_GDedOnz_YR4j_igOPXlVQOVg-e1696609386197.jpg\" \/>\n\t<meta property=\"og:image:width\" content=\"1680\" \/>\n\t<meta property=\"og:image:height\" content=\"946\" \/>\n\t<meta property=\"og:image:type\" content=\"image\/jpeg\" \/>\n<meta name=\"twitter:card\" content=\"summary_large_image\" \/>\n<meta name=\"twitter:label1\" content=\"Tiempo de lectura\" \/>\n\t<meta name=\"twitter:data1\" content=\"2 minutos\" \/>\n<script type=\"application\/ld+json\" class=\"yoast-schema-graph\">{\"@context\":\"https:\/\/schema.org\",\"@graph\":[{\"@type\":\"WebPage\",\"@id\":\"https:\/\/mefp.grupopiquer.com\/inscripciones\/producto\/adgd183po-motivacion-humana-en-los-grupos-de-trabajo-50-horas\/\",\"url\":\"https:\/\/mefp.grupopiquer.com\/inscripciones\/producto\/adgd183po-motivacion-humana-en-los-grupos-de-trabajo-50-horas\/\",\"name\":\"ADGD183PO - Motivaci\u00f3n Humana en los Grupos de Trabajo (50 horas) - Contenidos Online\",\"isPartOf\":{\"@id\":\"https:\/\/mefp.grupopiquer.com\/inscripciones\/#website\"},\"primaryImageOfPage\":{\"@id\":\"https:\/\/mefp.grupopiquer.com\/inscripciones\/producto\/adgd183po-motivacion-humana-en-los-grupos-de-trabajo-50-horas\/#primaryimage\"},\"image\":{\"@id\":\"https:\/\/mefp.grupopiquer.com\/inscripciones\/producto\/adgd183po-motivacion-humana-en-los-grupos-de-trabajo-50-horas\/#primaryimage\"},\"thumbnailUrl\":\"https:\/\/mefp.grupopiquer.com\/inscripciones\/wp-content\/uploads\/2023\/10\/M-_X50hJ_GDedOnz_YR4j_igOPXlVQOVg-e1696609386197.jpg\",\"datePublished\":\"2023-10-06T16:17:47+00:00\",\"dateModified\":\"2023-12-27T12:43:31+00:00\",\"description\":\"Contenidos Online - ADGD183PO - Motivaci\u00f3n Humana en los Grupos de Trabajo (50 horas) - Administraci\u00f3n y Auditor\u00eda\",\"breadcrumb\":{\"@id\":\"https:\/\/mefp.grupopiquer.com\/inscripciones\/producto\/adgd183po-motivacion-humana-en-los-grupos-de-trabajo-50-horas\/#breadcrumb\"},\"inLanguage\":\"es\",\"potentialAction\":[{\"@type\":\"ReadAction\",\"target\":[\"https:\/\/mefp.grupopiquer.com\/inscripciones\/producto\/adgd183po-motivacion-humana-en-los-grupos-de-trabajo-50-horas\/\"]}]},{\"@type\":\"ImageObject\",\"inLanguage\":\"es\",\"@id\":\"https:\/\/mefp.grupopiquer.com\/inscripciones\/producto\/adgd183po-motivacion-humana-en-los-grupos-de-trabajo-50-horas\/#primaryimage\",\"url\":\"https:\/\/mefp.grupopiquer.com\/inscripciones\/wp-content\/uploads\/2023\/10\/M-_X50hJ_GDedOnz_YR4j_igOPXlVQOVg-e1696609386197.jpg\",\"contentUrl\":\"https:\/\/mefp.grupopiquer.com\/inscripciones\/wp-content\/uploads\/2023\/10\/M-_X50hJ_GDedOnz_YR4j_igOPXlVQOVg-e1696609386197.jpg\",\"width\":1680,\"height\":946},{\"@type\":\"BreadcrumbList\",\"@id\":\"https:\/\/mefp.grupopiquer.com\/inscripciones\/producto\/adgd183po-motivacion-humana-en-los-grupos-de-trabajo-50-horas\/#breadcrumb\",\"itemListElement\":[{\"@type\":\"ListItem\",\"position\":1,\"name\":\"Portada\",\"item\":\"https:\/\/mefp.grupopiquer.com\/inscripciones\/\"},{\"@type\":\"ListItem\",\"position\":2,\"name\":\"Tienda\",\"item\":\"https:\/\/mefp.grupopiquer.com\/inscripciones\/tienda\/\"},{\"@type\":\"ListItem\",\"position\":3,\"name\":\"ADGD183PO &#8211; Motivaci\u00f3n Humana en los Grupos de Trabajo (50 horas)\"}]},{\"@type\":\"WebSite\",\"@id\":\"https:\/\/mefp.grupopiquer.com\/inscripciones\/#website\",\"url\":\"https:\/\/mefp.grupopiquer.com\/inscripciones\/\",\"name\":\"Contenidos Online\",\"description\":\"\",\"publisher\":{\"@id\":\"https:\/\/mefp.grupopiquer.com\/inscripciones\/#organization\"},\"potentialAction\":[{\"@type\":\"SearchAction\",\"target\":{\"@type\":\"EntryPoint\",\"urlTemplate\":\"https:\/\/mefp.grupopiquer.com\/inscripciones\/?s={search_term_string}\"},\"query-input\":{\"@type\":\"PropertyValueSpecification\",\"valueRequired\":true,\"valueName\":\"search_term_string\"}}],\"inLanguage\":\"es\"},{\"@type\":\"Organization\",\"@id\":\"https:\/\/mefp.grupopiquer.com\/inscripciones\/#organization\",\"name\":\"Contenidos Online\",\"url\":\"https:\/\/mefp.grupopiquer.com\/inscripciones\/\",\"logo\":{\"@type\":\"ImageObject\",\"inLanguage\":\"es\",\"@id\":\"https:\/\/mefp.grupopiquer.com\/inscripciones\/#\/schema\/logo\/image\/\",\"url\":\"\",\"contentUrl\":\"\",\"caption\":\"Contenidos Online\"},\"image\":{\"@id\":\"https:\/\/mefp.grupopiquer.com\/inscripciones\/#\/schema\/logo\/image\/\"}}]}<\/script>\n<!-- \/ Yoast SEO plugin. -->","yoast_head_json":{"title":"ADGD183PO - Motivaci\u00f3n Humana en los Grupos de Trabajo (50 horas) - Contenidos Online","description":"Contenidos Online - ADGD183PO - Motivaci\u00f3n Humana en los Grupos de Trabajo (50 horas) - Administraci\u00f3n y Auditor\u00eda","robots":{"index":"index","follow":"follow","max-snippet":"max-snippet:-1","max-image-preview":"max-image-preview:large","max-video-preview":"max-video-preview:-1"},"canonical":"https:\/\/mefp.grupopiquer.com\/inscripciones\/producto\/adgd183po-motivacion-humana-en-los-grupos-de-trabajo-50-horas\/","og_locale":"es_ES","og_type":"article","og_title":"ADGD183PO - Motivaci\u00f3n Humana en los Grupos de Trabajo (50 horas) - Contenidos Online","og_description":"Contenidos Online - ADGD183PO - Motivaci\u00f3n Humana en los Grupos de Trabajo (50 horas) - Administraci\u00f3n y Auditor\u00eda","og_url":"https:\/\/mefp.grupopiquer.com\/inscripciones\/producto\/adgd183po-motivacion-humana-en-los-grupos-de-trabajo-50-horas\/","og_site_name":"Contenidos Online","article_modified_time":"2023-12-27T12:43:31+00:00","og_image":[{"width":1680,"height":946,"url":"https:\/\/mefp.grupopiquer.com\/inscripciones\/wp-content\/uploads\/2023\/10\/M-_X50hJ_GDedOnz_YR4j_igOPXlVQOVg-e1696609386197.jpg","type":"image\/jpeg"}],"twitter_card":"summary_large_image","twitter_misc":{"Tiempo de lectura":"2 minutos"},"schema":{"@context":"https:\/\/schema.org","@graph":[{"@type":"WebPage","@id":"https:\/\/mefp.grupopiquer.com\/inscripciones\/producto\/adgd183po-motivacion-humana-en-los-grupos-de-trabajo-50-horas\/","url":"https:\/\/mefp.grupopiquer.com\/inscripciones\/producto\/adgd183po-motivacion-humana-en-los-grupos-de-trabajo-50-horas\/","name":"ADGD183PO - Motivaci\u00f3n Humana en los Grupos de Trabajo (50 horas) - Contenidos Online","isPartOf":{"@id":"https:\/\/mefp.grupopiquer.com\/inscripciones\/#website"},"primaryImageOfPage":{"@id":"https:\/\/mefp.grupopiquer.com\/inscripciones\/producto\/adgd183po-motivacion-humana-en-los-grupos-de-trabajo-50-horas\/#primaryimage"},"image":{"@id":"https:\/\/mefp.grupopiquer.com\/inscripciones\/producto\/adgd183po-motivacion-humana-en-los-grupos-de-trabajo-50-horas\/#primaryimage"},"thumbnailUrl":"https:\/\/mefp.grupopiquer.com\/inscripciones\/wp-content\/uploads\/2023\/10\/M-_X50hJ_GDedOnz_YR4j_igOPXlVQOVg-e1696609386197.jpg","datePublished":"2023-10-06T16:17:47+00:00","dateModified":"2023-12-27T12:43:31+00:00","description":"Contenidos Online - ADGD183PO - Motivaci\u00f3n Humana en los Grupos de Trabajo (50 horas) - Administraci\u00f3n y Auditor\u00eda","breadcrumb":{"@id":"https:\/\/mefp.grupopiquer.com\/inscripciones\/producto\/adgd183po-motivacion-humana-en-los-grupos-de-trabajo-50-horas\/#breadcrumb"},"inLanguage":"es","potentialAction":[{"@type":"ReadAction","target":["https:\/\/mefp.grupopiquer.com\/inscripciones\/producto\/adgd183po-motivacion-humana-en-los-grupos-de-trabajo-50-horas\/"]}]},{"@type":"ImageObject","inLanguage":"es","@id":"https:\/\/mefp.grupopiquer.com\/inscripciones\/producto\/adgd183po-motivacion-humana-en-los-grupos-de-trabajo-50-horas\/#primaryimage","url":"https:\/\/mefp.grupopiquer.com\/inscripciones\/wp-content\/uploads\/2023\/10\/M-_X50hJ_GDedOnz_YR4j_igOPXlVQOVg-e1696609386197.jpg","contentUrl":"https:\/\/mefp.grupopiquer.com\/inscripciones\/wp-content\/uploads\/2023\/10\/M-_X50hJ_GDedOnz_YR4j_igOPXlVQOVg-e1696609386197.jpg","width":1680,"height":946},{"@type":"BreadcrumbList","@id":"https:\/\/mefp.grupopiquer.com\/inscripciones\/producto\/adgd183po-motivacion-humana-en-los-grupos-de-trabajo-50-horas\/#breadcrumb","itemListElement":[{"@type":"ListItem","position":1,"name":"Portada","item":"https:\/\/mefp.grupopiquer.com\/inscripciones\/"},{"@type":"ListItem","position":2,"name":"Tienda","item":"https:\/\/mefp.grupopiquer.com\/inscripciones\/tienda\/"},{"@type":"ListItem","position":3,"name":"ADGD183PO &#8211; Motivaci\u00f3n Humana en los Grupos de Trabajo (50 horas)"}]},{"@type":"WebSite","@id":"https:\/\/mefp.grupopiquer.com\/inscripciones\/#website","url":"https:\/\/mefp.grupopiquer.com\/inscripciones\/","name":"Contenidos Online","description":"","publisher":{"@id":"https:\/\/mefp.grupopiquer.com\/inscripciones\/#organization"},"potentialAction":[{"@type":"SearchAction","target":{"@type":"EntryPoint","urlTemplate":"https:\/\/mefp.grupopiquer.com\/inscripciones\/?s={search_term_string}"},"query-input":{"@type":"PropertyValueSpecification","valueRequired":true,"valueName":"search_term_string"}}],"inLanguage":"es"},{"@type":"Organization","@id":"https:\/\/mefp.grupopiquer.com\/inscripciones\/#organization","name":"Contenidos Online","url":"https:\/\/mefp.grupopiquer.com\/inscripciones\/","logo":{"@type":"ImageObject","inLanguage":"es","@id":"https:\/\/mefp.grupopiquer.com\/inscripciones\/#\/schema\/logo\/image\/","url":"","contentUrl":"","caption":"Contenidos Online"},"image":{"@id":"https:\/\/mefp.grupopiquer.com\/inscripciones\/#\/schema\/logo\/image\/"}}]}},"_links":{"self":[{"href":"https:\/\/mefp.grupopiquer.com\/inscripciones\/wp-json\/wp\/v2\/product\/9023"}],"collection":[{"href":"https:\/\/mefp.grupopiquer.com\/inscripciones\/wp-json\/wp\/v2\/product"}],"about":[{"href":"https:\/\/mefp.grupopiquer.com\/inscripciones\/wp-json\/wp\/v2\/types\/product"}],"replies":[{"embeddable":true,"href":"https:\/\/mefp.grupopiquer.com\/inscripciones\/wp-json\/wp\/v2\/comments?post=9023"}],"wp:featuredmedia":[{"embeddable":true,"href":"https:\/\/mefp.grupopiquer.com\/inscripciones\/wp-json\/wp\/v2\/media\/9024"}],"wp:attachment":[{"href":"https:\/\/mefp.grupopiquer.com\/inscripciones\/wp-json\/wp\/v2\/media?parent=9023"}],"wp:term":[{"taxonomy":"product_cat","embeddable":true,"href":"https:\/\/mefp.grupopiquer.com\/inscripciones\/wp-json\/wp\/v2\/product_cat?post=9023"},{"taxonomy":"product_tag","embeddable":true,"href":"https:\/\/mefp.grupopiquer.com\/inscripciones\/wp-json\/wp\/v2\/product_tag?post=9023"}],"curies":[{"name":"wp","href":"https:\/\/api.w.org\/{rel}","templated":true}]}}