{"id":8933,"date":"2023-07-20T10:30:50","date_gmt":"2023-07-20T10:30:50","guid":{"rendered":"https:\/\/mefp.grupopiquer.com\/inscripciones\/?post_type=product&#038;p=8933"},"modified":"2023-12-27T15:20:57","modified_gmt":"2023-12-27T15:20:57","slug":"sant012po-auxiliar-de-enfermeria-en-el-servicio-de-urgencias-60-horas","status":"publish","type":"product","link":"https:\/\/mefp.grupopiquer.com\/inscripciones\/producto\/sant012po-auxiliar-de-enfermeria-en-el-servicio-de-urgencias-60-horas\/","title":{"rendered":"SANT012PO &#8211; Auxiliar de Enfermer\u00eda en el Servicio de Urgencias (60 horas)"},"content":{"rendered":"<div id=\"accordion\">\n<h3>Objetivos<\/h3>\n<div>Tomar conciencia de la importancia de las t\u00e9cnicas adecuadas a las necesidades del paciente ingresado en el Servicio de Urgencias, desde un enfoque multidisciplinario, distinguiendo en funci\u00f3n del tipo de t\u00e9cnicas a realizar, el material que se debe preparar y manejando de forma correcta los signos y s\u00edntomas que puedan hacer pensar en un problema de salud relacionado con la t\u00e9cnica realizada en el paciente.<\/div>\n<h3>Contenidos<\/h3>\n<div>1. EL SERVICIO DE URGENCIAS. GENERALIDADES Y PAPEL DEL AUXILIAR DE ENFERMER\u00cdA EN EL<br \/>\nEQUIPO DE TRABAJO<br \/>\n1.1. Actuaciones del equipo de enfermer\u00eda en hospitalizaci\u00f3n<br \/>\n1.2. Evoluci\u00f3n de la Atenci\u00f3n Especializada<br \/>\n1.3. Contenido esencial de la Asistencia Especializada Sanitaria<br \/>\n1.4. Oferta de servicios de la Atenci\u00f3n Especializada<br \/>\n1.5. El Servicio de Urgencias Hospitalarias<br \/>\n1.6. Conceptos<br \/>\n1.7. Organizaci\u00f3n y estructura del servicio de Urgencias<br \/>\n1.8. Relaciones con el entorno de urgencias<br \/>\n1.9. Triaje o clasificaci\u00f3n del paciente en el Servicio de Urgencias<br \/>\n1.9.1. Nivel de gravedad<br \/>\n1.9.2. Nivel de triaje y tiempo de atenci\u00f3n m\u00e9dica recomendada<br \/>\n1.9.3. Recepci\u00f3n, Acogida y Clasificaci\u00f3n de pacientes (RAC)<br \/>\n1.9.4. Procedimiento de recepci\u00f3n, acogida y clasificaci\u00f3n<br \/>\n2. CUIDADOS Y T\u00c9CNICAS B\u00c1SICAS DE ENFERMER\u00cdA EN EL SERVICIO DE URGENCIAS.<br \/>\nACTUACI\u00d3N DEL AUXILIAR DE ENFERMER\u00cdA<br \/>\n2.1. Acogida al paciente<br \/>\n2.2. Administraci\u00f3n de enemas<br \/>\n2.3. Aspiraci\u00f3n de secreciones<br \/>\n2.4. Balance de l\u00edquidos<br \/>\n2.5. Canalizaci\u00f3n de v\u00eda perif\u00e9rica<br \/>\n2.6. Toma de constantes vitales<br \/>\n2.6.1. Frecuencia Card\u00edaca: n\u00famero de latidos cardiacos por minuto<br \/>\n2.6.2. Frecuencia Respiratoria: ciclo respiratorio que realiza el paciente en un tiempo determinado<br \/>\n2.6.3. Presi\u00f3n Arterial<br \/>\n2.6.4. Temperatura<br \/>\n2.6.5. Saturaci\u00f3n de ox\u00edgeno<br \/>\n2.7. Cuidados post-morten<br \/>\n2.8. Realizaci\u00f3n de electrocardiograma<br \/>\n2.9. Hemocultivos<br \/>\n2.10. Higiene del paciente<br \/>\n2.11. Lavado de manos<br \/>\n2.12. Oxigenoterapia<br \/>\n2.13. Paracentesis<br \/>\n2.14. Sondaje nasog\u00e1strico<br \/>\n2.15. Toracocentesis<br \/>\n3. REANIMACI\u00d3N CARDIOPULMONAR (RCP)<br \/>\n3.1. Introducci\u00f3n<br \/>\n3.2. Definici\u00f3n de PCR<br \/>\n3.3. Cadena de Supervivencia<br \/>\n3.3.1. Alerta sin demora \/ Activaci\u00f3n precoz del SEM<br \/>\n3.3.2. RCP b\u00e1sica inmediata<br \/>\n3.3.3. RCP instrumentalizada temprana<br \/>\n3.3.4. SVA precoz<br \/>\n3.4. Aspectos \u00e9ticos de la RCP<br \/>\n3.5. Algoritmo de actuaci\u00f3n en RCP b\u00e1sica<br \/>\n3.5.1. Aproximaci\u00f3n a la v\u00edctima y analizar conciencia<br \/>\n3.5.2. Abrir la v\u00eda a\u00e9rea<br \/>\n3.5.3. Analizar la respiraci\u00f3n<br \/>\n3.5.4. Masaje card\u00edaco externo<br \/>\n3.5.5. Ventilaci\u00f3n boca-boca<br \/>\n3.6. Otras t\u00e9cnicas de soporte vital<br \/>\n3.6.1. Control de hemorragias<br \/>\n3.6.2. Asfixia por cuerpo extra\u00f1o (atragantamiento, obstrucci\u00f3n de la v\u00eda a\u00e9rea)<br \/>\n3.6.3. RCP en accidentados<\/div>\n<\/div>\n","protected":false},"excerpt":{"rendered":"<p>Tomar conciencia de la importancia de las t\u00e9cnicas adecuadas a las necesidades del paciente ingresado en el Servicio de Urgencias, desde un enfoque multidisciplinario, distinguiendo en funci\u00f3n del tipo de t\u00e9cnicas a realizar, el material que se debe preparar y manejando de forma correcta los signos y s\u00edntomas que puedan hacer pensar en un problema de salud relacionado con la t\u00e9cnica realizada en el paciente.<\/p>\n","protected":false},"featured_media":8934,"comment_status":"closed","ping_status":"closed","template":"","meta":[],"product_cat":[128],"product_tag":[],"class_list":{"0":"post-8933","1":"product","2":"type-product","3":"status-publish","4":"has-post-thumbnail","6":"product_cat-servicios-y-productos-sanitarios","8":"first","9":"instock","10":"taxable","11":"shipping-taxable","12":"purchasable","13":"product-type-simple"},"yoast_head":"<!-- This site is optimized with the Yoast SEO plugin v23.5 - https:\/\/yoast.com\/wordpress\/plugins\/seo\/ -->\n<title>SANT012PO - Auxiliar de Enfermer\u00eda en el Servicio de Urgencias (60 horas) - Contenidos Online<\/title>\n<meta name=\"description\" content=\"Contenidos Online - SANT012PO - Auxiliar de Enfermer\u00eda en el Servicio de Urgencias (60 horas) - Servicios y Productos Sanitarios\" \/>\n<meta name=\"robots\" content=\"index, follow, max-snippet:-1, max-image-preview:large, max-video-preview:-1\" \/>\n<link rel=\"canonical\" href=\"https:\/\/mefp.grupopiquer.com\/inscripciones\/producto\/sant012po-auxiliar-de-enfermeria-en-el-servicio-de-urgencias-60-horas\/\" \/>\n<meta property=\"og:locale\" content=\"es_ES\" \/>\n<meta property=\"og:type\" content=\"article\" \/>\n<meta property=\"og:title\" content=\"SANT012PO - Auxiliar de Enfermer\u00eda en el Servicio de Urgencias (60 horas) - Contenidos Online\" \/>\n<meta property=\"og:description\" content=\"Contenidos Online - SANT012PO - Auxiliar de Enfermer\u00eda en el Servicio de Urgencias (60 horas) - Servicios y Productos Sanitarios\" \/>\n<meta property=\"og:url\" content=\"https:\/\/mefp.grupopiquer.com\/inscripciones\/producto\/sant012po-auxiliar-de-enfermeria-en-el-servicio-de-urgencias-60-horas\/\" \/>\n<meta property=\"og:site_name\" content=\"Contenidos Online\" \/>\n<meta property=\"article:modified_time\" content=\"2023-12-27T15:20:57+00:00\" \/>\n<meta property=\"og:image\" content=\"https:\/\/mefp.grupopiquer.com\/inscripciones\/wp-content\/uploads\/2023\/07\/pexels-andrea-piacquadio-3769151-e1689850243614.jpg\" \/>\n\t<meta property=\"og:image:width\" content=\"1919\" \/>\n\t<meta property=\"og:image:height\" content=\"1079\" \/>\n\t<meta property=\"og:image:type\" content=\"image\/jpeg\" \/>\n<meta name=\"twitter:card\" content=\"summary_large_image\" \/>\n<meta name=\"twitter:label1\" content=\"Tiempo de lectura\" \/>\n\t<meta name=\"twitter:data1\" content=\"2 minutos\" \/>\n<script type=\"application\/ld+json\" class=\"yoast-schema-graph\">{\"@context\":\"https:\/\/schema.org\",\"@graph\":[{\"@type\":\"WebPage\",\"@id\":\"https:\/\/mefp.grupopiquer.com\/inscripciones\/producto\/sant012po-auxiliar-de-enfermeria-en-el-servicio-de-urgencias-60-horas\/\",\"url\":\"https:\/\/mefp.grupopiquer.com\/inscripciones\/producto\/sant012po-auxiliar-de-enfermeria-en-el-servicio-de-urgencias-60-horas\/\",\"name\":\"SANT012PO - Auxiliar de Enfermer\u00eda en el Servicio de Urgencias (60 horas) - Contenidos Online\",\"isPartOf\":{\"@id\":\"https:\/\/mefp.grupopiquer.com\/inscripciones\/#website\"},\"primaryImageOfPage\":{\"@id\":\"https:\/\/mefp.grupopiquer.com\/inscripciones\/producto\/sant012po-auxiliar-de-enfermeria-en-el-servicio-de-urgencias-60-horas\/#primaryimage\"},\"image\":{\"@id\":\"https:\/\/mefp.grupopiquer.com\/inscripciones\/producto\/sant012po-auxiliar-de-enfermeria-en-el-servicio-de-urgencias-60-horas\/#primaryimage\"},\"thumbnailUrl\":\"https:\/\/mefp.grupopiquer.com\/inscripciones\/wp-content\/uploads\/2023\/07\/pexels-andrea-piacquadio-3769151-e1689850243614.jpg\",\"datePublished\":\"2023-07-20T10:30:50+00:00\",\"dateModified\":\"2023-12-27T15:20:57+00:00\",\"description\":\"Contenidos Online - SANT012PO - Auxiliar de Enfermer\u00eda en el Servicio de Urgencias (60 horas) - Servicios y Productos Sanitarios\",\"breadcrumb\":{\"@id\":\"https:\/\/mefp.grupopiquer.com\/inscripciones\/producto\/sant012po-auxiliar-de-enfermeria-en-el-servicio-de-urgencias-60-horas\/#breadcrumb\"},\"inLanguage\":\"es\",\"potentialAction\":[{\"@type\":\"ReadAction\",\"target\":[\"https:\/\/mefp.grupopiquer.com\/inscripciones\/producto\/sant012po-auxiliar-de-enfermeria-en-el-servicio-de-urgencias-60-horas\/\"]}]},{\"@type\":\"ImageObject\",\"inLanguage\":\"es\",\"@id\":\"https:\/\/mefp.grupopiquer.com\/inscripciones\/producto\/sant012po-auxiliar-de-enfermeria-en-el-servicio-de-urgencias-60-horas\/#primaryimage\",\"url\":\"https:\/\/mefp.grupopiquer.com\/inscripciones\/wp-content\/uploads\/2023\/07\/pexels-andrea-piacquadio-3769151-e1689850243614.jpg\",\"contentUrl\":\"https:\/\/mefp.grupopiquer.com\/inscripciones\/wp-content\/uploads\/2023\/07\/pexels-andrea-piacquadio-3769151-e1689850243614.jpg\",\"width\":1919,\"height\":1079},{\"@type\":\"BreadcrumbList\",\"@id\":\"https:\/\/mefp.grupopiquer.com\/inscripciones\/producto\/sant012po-auxiliar-de-enfermeria-en-el-servicio-de-urgencias-60-horas\/#breadcrumb\",\"itemListElement\":[{\"@type\":\"ListItem\",\"position\":1,\"name\":\"Portada\",\"item\":\"https:\/\/mefp.grupopiquer.com\/inscripciones\/\"},{\"@type\":\"ListItem\",\"position\":2,\"name\":\"Tienda\",\"item\":\"https:\/\/mefp.grupopiquer.com\/inscripciones\/tienda\/\"},{\"@type\":\"ListItem\",\"position\":3,\"name\":\"SANT012PO &#8211; Auxiliar de Enfermer\u00eda en el Servicio de Urgencias (60 horas)\"}]},{\"@type\":\"WebSite\",\"@id\":\"https:\/\/mefp.grupopiquer.com\/inscripciones\/#website\",\"url\":\"https:\/\/mefp.grupopiquer.com\/inscripciones\/\",\"name\":\"Contenidos Online\",\"description\":\"\",\"publisher\":{\"@id\":\"https:\/\/mefp.grupopiquer.com\/inscripciones\/#organization\"},\"potentialAction\":[{\"@type\":\"SearchAction\",\"target\":{\"@type\":\"EntryPoint\",\"urlTemplate\":\"https:\/\/mefp.grupopiquer.com\/inscripciones\/?s={search_term_string}\"},\"query-input\":{\"@type\":\"PropertyValueSpecification\",\"valueRequired\":true,\"valueName\":\"search_term_string\"}}],\"inLanguage\":\"es\"},{\"@type\":\"Organization\",\"@id\":\"https:\/\/mefp.grupopiquer.com\/inscripciones\/#organization\",\"name\":\"Contenidos Online\",\"url\":\"https:\/\/mefp.grupopiquer.com\/inscripciones\/\",\"logo\":{\"@type\":\"ImageObject\",\"inLanguage\":\"es\",\"@id\":\"https:\/\/mefp.grupopiquer.com\/inscripciones\/#\/schema\/logo\/image\/\",\"url\":\"\",\"contentUrl\":\"\",\"caption\":\"Contenidos Online\"},\"image\":{\"@id\":\"https:\/\/mefp.grupopiquer.com\/inscripciones\/#\/schema\/logo\/image\/\"}}]}<\/script>\n<!-- \/ Yoast SEO plugin. -->","yoast_head_json":{"title":"SANT012PO - Auxiliar de Enfermer\u00eda en el Servicio de Urgencias (60 horas) - Contenidos Online","description":"Contenidos Online - SANT012PO - Auxiliar de Enfermer\u00eda en el Servicio de Urgencias (60 horas) - Servicios y Productos Sanitarios","robots":{"index":"index","follow":"follow","max-snippet":"max-snippet:-1","max-image-preview":"max-image-preview:large","max-video-preview":"max-video-preview:-1"},"canonical":"https:\/\/mefp.grupopiquer.com\/inscripciones\/producto\/sant012po-auxiliar-de-enfermeria-en-el-servicio-de-urgencias-60-horas\/","og_locale":"es_ES","og_type":"article","og_title":"SANT012PO - Auxiliar de Enfermer\u00eda en el Servicio de Urgencias (60 horas) - Contenidos Online","og_description":"Contenidos Online - SANT012PO - Auxiliar de Enfermer\u00eda en el Servicio de Urgencias (60 horas) - Servicios y Productos Sanitarios","og_url":"https:\/\/mefp.grupopiquer.com\/inscripciones\/producto\/sant012po-auxiliar-de-enfermeria-en-el-servicio-de-urgencias-60-horas\/","og_site_name":"Contenidos Online","article_modified_time":"2023-12-27T15:20:57+00:00","og_image":[{"width":1919,"height":1079,"url":"https:\/\/mefp.grupopiquer.com\/inscripciones\/wp-content\/uploads\/2023\/07\/pexels-andrea-piacquadio-3769151-e1689850243614.jpg","type":"image\/jpeg"}],"twitter_card":"summary_large_image","twitter_misc":{"Tiempo de lectura":"2 minutos"},"schema":{"@context":"https:\/\/schema.org","@graph":[{"@type":"WebPage","@id":"https:\/\/mefp.grupopiquer.com\/inscripciones\/producto\/sant012po-auxiliar-de-enfermeria-en-el-servicio-de-urgencias-60-horas\/","url":"https:\/\/mefp.grupopiquer.com\/inscripciones\/producto\/sant012po-auxiliar-de-enfermeria-en-el-servicio-de-urgencias-60-horas\/","name":"SANT012PO - Auxiliar de Enfermer\u00eda en el Servicio de Urgencias (60 horas) - Contenidos Online","isPartOf":{"@id":"https:\/\/mefp.grupopiquer.com\/inscripciones\/#website"},"primaryImageOfPage":{"@id":"https:\/\/mefp.grupopiquer.com\/inscripciones\/producto\/sant012po-auxiliar-de-enfermeria-en-el-servicio-de-urgencias-60-horas\/#primaryimage"},"image":{"@id":"https:\/\/mefp.grupopiquer.com\/inscripciones\/producto\/sant012po-auxiliar-de-enfermeria-en-el-servicio-de-urgencias-60-horas\/#primaryimage"},"thumbnailUrl":"https:\/\/mefp.grupopiquer.com\/inscripciones\/wp-content\/uploads\/2023\/07\/pexels-andrea-piacquadio-3769151-e1689850243614.jpg","datePublished":"2023-07-20T10:30:50+00:00","dateModified":"2023-12-27T15:20:57+00:00","description":"Contenidos Online - SANT012PO - Auxiliar de Enfermer\u00eda en el Servicio de Urgencias (60 horas) - Servicios y Productos Sanitarios","breadcrumb":{"@id":"https:\/\/mefp.grupopiquer.com\/inscripciones\/producto\/sant012po-auxiliar-de-enfermeria-en-el-servicio-de-urgencias-60-horas\/#breadcrumb"},"inLanguage":"es","potentialAction":[{"@type":"ReadAction","target":["https:\/\/mefp.grupopiquer.com\/inscripciones\/producto\/sant012po-auxiliar-de-enfermeria-en-el-servicio-de-urgencias-60-horas\/"]}]},{"@type":"ImageObject","inLanguage":"es","@id":"https:\/\/mefp.grupopiquer.com\/inscripciones\/producto\/sant012po-auxiliar-de-enfermeria-en-el-servicio-de-urgencias-60-horas\/#primaryimage","url":"https:\/\/mefp.grupopiquer.com\/inscripciones\/wp-content\/uploads\/2023\/07\/pexels-andrea-piacquadio-3769151-e1689850243614.jpg","contentUrl":"https:\/\/mefp.grupopiquer.com\/inscripciones\/wp-content\/uploads\/2023\/07\/pexels-andrea-piacquadio-3769151-e1689850243614.jpg","width":1919,"height":1079},{"@type":"BreadcrumbList","@id":"https:\/\/mefp.grupopiquer.com\/inscripciones\/producto\/sant012po-auxiliar-de-enfermeria-en-el-servicio-de-urgencias-60-horas\/#breadcrumb","itemListElement":[{"@type":"ListItem","position":1,"name":"Portada","item":"https:\/\/mefp.grupopiquer.com\/inscripciones\/"},{"@type":"ListItem","position":2,"name":"Tienda","item":"https:\/\/mefp.grupopiquer.com\/inscripciones\/tienda\/"},{"@type":"ListItem","position":3,"name":"SANT012PO &#8211; Auxiliar de Enfermer\u00eda en el Servicio de Urgencias (60 horas)"}]},{"@type":"WebSite","@id":"https:\/\/mefp.grupopiquer.com\/inscripciones\/#website","url":"https:\/\/mefp.grupopiquer.com\/inscripciones\/","name":"Contenidos Online","description":"","publisher":{"@id":"https:\/\/mefp.grupopiquer.com\/inscripciones\/#organization"},"potentialAction":[{"@type":"SearchAction","target":{"@type":"EntryPoint","urlTemplate":"https:\/\/mefp.grupopiquer.com\/inscripciones\/?s={search_term_string}"},"query-input":{"@type":"PropertyValueSpecification","valueRequired":true,"valueName":"search_term_string"}}],"inLanguage":"es"},{"@type":"Organization","@id":"https:\/\/mefp.grupopiquer.com\/inscripciones\/#organization","name":"Contenidos Online","url":"https:\/\/mefp.grupopiquer.com\/inscripciones\/","logo":{"@type":"ImageObject","inLanguage":"es","@id":"https:\/\/mefp.grupopiquer.com\/inscripciones\/#\/schema\/logo\/image\/","url":"","contentUrl":"","caption":"Contenidos Online"},"image":{"@id":"https:\/\/mefp.grupopiquer.com\/inscripciones\/#\/schema\/logo\/image\/"}}]}},"_links":{"self":[{"href":"https:\/\/mefp.grupopiquer.com\/inscripciones\/wp-json\/wp\/v2\/product\/8933"}],"collection":[{"href":"https:\/\/mefp.grupopiquer.com\/inscripciones\/wp-json\/wp\/v2\/product"}],"about":[{"href":"https:\/\/mefp.grupopiquer.com\/inscripciones\/wp-json\/wp\/v2\/types\/product"}],"replies":[{"embeddable":true,"href":"https:\/\/mefp.grupopiquer.com\/inscripciones\/wp-json\/wp\/v2\/comments?post=8933"}],"wp:featuredmedia":[{"embeddable":true,"href":"https:\/\/mefp.grupopiquer.com\/inscripciones\/wp-json\/wp\/v2\/media\/8934"}],"wp:attachment":[{"href":"https:\/\/mefp.grupopiquer.com\/inscripciones\/wp-json\/wp\/v2\/media?parent=8933"}],"wp:term":[{"taxonomy":"product_cat","embeddable":true,"href":"https:\/\/mefp.grupopiquer.com\/inscripciones\/wp-json\/wp\/v2\/product_cat?post=8933"},{"taxonomy":"product_tag","embeddable":true,"href":"https:\/\/mefp.grupopiquer.com\/inscripciones\/wp-json\/wp\/v2\/product_tag?post=8933"}],"curies":[{"name":"wp","href":"https:\/\/api.w.org\/{rel}","templated":true}]}}