{"id":4702,"date":"2023-05-02T11:22:37","date_gmt":"2023-05-02T11:22:37","guid":{"rendered":"https:\/\/mefp.grupopiquer.com\/inscripciones\/producto\/tmvi033po-tacografo-digital-30-horas\/"},"modified":"2023-05-16T10:17:55","modified_gmt":"2023-05-16T10:17:55","slug":"tmvi033po-tacografo-digital-30-horas","status":"publish","type":"product","link":"https:\/\/mefp.grupopiquer.com\/inscripciones\/producto\/tmvi033po-tacografo-digital-30-horas\/","title":{"rendered":"TMVI033PO &#8211; Tac\u00f3grafo Digital (30 horas)"},"content":{"rendered":"<div id=\"accordion\">\n<h3>Objetivos<\/h3>\n<div>Conocer en profundidad el manejo y funcionamiento del Tac\u00f3grafo Digital, as\u00ed como el conocimiento de la normativa sobre tiempos de conducci\u00f3n y descanso.<\/div>\n<h3>Contenidos<\/h3>\n<div>1. ASPECTOS LEGALES Y REGIMEN SANCIONADOR<br \/>\n1.1. Informaci\u00f3n b\u00e1sica de la legislaci\u00f3n actual.<br \/>\n1.2. Normativa social relativa a conductores y el aparato de control.<br \/>\n1.3. Legislaci\u00f3n social europea: Jornada de trabajo, funciones del tac\u00f3grafo digital.<br \/>\n1.4. R\u00e9gimen sancionador y sanciones m\u00e1s frecuentes.2. PICTOGRAMAS<br \/>\n2.1. Definici\u00f3n de pictograma.<br \/>\n2.2. Pictogramas b\u00e1sicos y espec\u00edficos.<br \/>\n2.3. Combinaciones de pictogramas, otras informaciones que aparecen en pantalla .<\/p>\n<p>3. TAC\u00d3GRAFO<br \/>\n3.1. Concepto.<br \/>\n3.2. Instalaci\u00f3n.<br \/>\n3.3. Funcionamiento: La hoja de registro.<br \/>\n3.4. El disco diagrama.<br \/>\n3.5. Pautas de actuaci\u00f3n ante el cambio de veh\u00edculo durante el servicio.<br \/>\n3.6. Actuaciones en caso de aver\u00eda.<br \/>\n3.7. Hechos sancionables.<br \/>\n3.8. Diferencias entre el tac\u00f3grafo anal\u00f3gico y digital.<br \/>\n3.9. Motivos que Promueven el Cambio del Tac\u00f3grafo Anal\u00f3gico al Digital.<\/p>\n<p>4. TARJETAS<br \/>\n4.1. Tipos de tarjetas.<br \/>\n4.2. Elementos principales de la tarjeta digital.<br \/>\n4.3. Requerimientos principales para la expedici\u00f3n de la tarjeta digital.<br \/>\n4.4. Per\u00edodos de validez y uso.<br \/>\n4.5. Acciones responsables en caso de p\u00e9rdida, robo o sustracci\u00f3n.<\/p>\n<p>5. TICKETS<br \/>\n5.1. 24 horas de actividad del conductor.<br \/>\n5.2. Incidentes y fallos del veh\u00edculo.<br \/>\n5.3. Excesos de velocidad.<br \/>\n5.4. Datos t\u00e9cnicos.<br \/>\n5.5. Perfiles de velocidad.<br \/>\n5.6. Perfiles de revoluciones<br \/>\n5.7. Impresi\u00f3n de tickest.<\/p>\n<p>6. OBLIGACIONES RELATIVAS AL TRATAMIENTO DE LA INFORMACI\u00d3N<br \/>\n6.1. Volcado de la informaci\u00f3n.<br \/>\n6.2. Verificaci\u00f3n de la informaci\u00f3n.<br \/>\n6.3. Almacenamiento y custodia de la informaci\u00f3n.<br \/>\n6.4. Transmisi\u00f3n de la informaci\u00f3n.<br \/>\n6.5. Otros aspectos (gesti\u00f3n, an\u00e1lisis, etc.).<\/p>\n<p>7. VOLCADO DE DATOS<\/p>\n<p>8. TIEMPOS DE CONDUCCI\u00d3N Y DESCANSO<br \/>\n8.1. Tiempos de conducci\u00f3n: Conducci\u00f3n ininterrumpida, diaria, semanal, bisemanal. Casos especiales.<br \/>\n8.2. Tiempos de descanso:<br \/>\nDescanso entre per\u00edodos de conducci\u00f3n.<br \/>\nDescanso diario entre jornadas, semana en curso.<br \/>\nDescanso diario entre jornadas, semana siguiente.<br \/>\nDescanso semanal, semana en curso y tres semanas Siguientes.<\/p>\n<\/div>\n<\/div>\n","protected":false},"excerpt":{"rendered":"<p>Conocer en profundidad el manejo y funcionamiento del Tac\u00f3grafo Digital, as\u00ed como el conocimiento de la normativa sobre tiempos de conducci\u00f3n y descanso.<\/p>\n","protected":false},"featured_media":4879,"comment_status":"closed","ping_status":"closed","template":"","meta":[],"product_cat":[100],"product_tag":[],"class_list":{"0":"post-4702","1":"product","2":"type-product","3":"status-publish","4":"has-post-thumbnail","6":"product_cat-conduccion-de-vehiculos-por-carretera","8":"first","9":"instock","10":"taxable","11":"shipping-taxable","12":"purchasable","13":"product-type-simple"},"yoast_head":"<!-- This site is optimized with the Yoast SEO plugin v23.5 - https:\/\/yoast.com\/wordpress\/plugins\/seo\/ -->\n<title>TMVI033PO - Tac\u00f3grafo Digital (30 horas) - Contenidos Online<\/title>\n<meta name=\"robots\" content=\"index, follow, max-snippet:-1, max-image-preview:large, max-video-preview:-1\" \/>\n<link rel=\"canonical\" href=\"https:\/\/mefp.grupopiquer.com\/inscripciones\/producto\/tmvi033po-tacografo-digital-30-horas\/\" \/>\n<meta property=\"og:locale\" content=\"es_ES\" \/>\n<meta property=\"og:type\" content=\"article\" \/>\n<meta property=\"og:title\" content=\"TMVI033PO - Tac\u00f3grafo Digital (30 horas) - Contenidos Online\" \/>\n<meta property=\"og:description\" content=\"Conocer en profundidad el manejo y funcionamiento del Tac\u00f3grafo Digital, as\u00ed como el conocimiento de la normativa sobre tiempos de conducci\u00f3n y descanso.\" \/>\n<meta property=\"og:url\" content=\"https:\/\/mefp.grupopiquer.com\/inscripciones\/producto\/tmvi033po-tacografo-digital-30-horas\/\" \/>\n<meta property=\"og:site_name\" content=\"Contenidos Online\" \/>\n<meta property=\"article:modified_time\" content=\"2023-05-16T10:17:55+00:00\" \/>\n<meta property=\"og:image\" content=\"https:\/\/mefp.grupopiquer.com\/inscripciones\/wp-content\/uploads\/2023\/05\/zMAN0TNWQdph9SuG_tEv7IOn8swgADiWK-e1683188816836.jpg\" \/>\n\t<meta property=\"og:image:width\" content=\"1680\" \/>\n\t<meta property=\"og:image:height\" content=\"945\" \/>\n\t<meta property=\"og:image:type\" content=\"image\/jpeg\" \/>\n<meta name=\"twitter:card\" content=\"summary_large_image\" \/>\n<meta name=\"twitter:label1\" content=\"Tiempo de lectura\" \/>\n\t<meta name=\"twitter:data1\" content=\"2 minutos\" \/>\n<script type=\"application\/ld+json\" class=\"yoast-schema-graph\">{\"@context\":\"https:\/\/schema.org\",\"@graph\":[{\"@type\":\"WebPage\",\"@id\":\"https:\/\/mefp.grupopiquer.com\/inscripciones\/producto\/tmvi033po-tacografo-digital-30-horas\/\",\"url\":\"https:\/\/mefp.grupopiquer.com\/inscripciones\/producto\/tmvi033po-tacografo-digital-30-horas\/\",\"name\":\"TMVI033PO - Tac\u00f3grafo Digital (30 horas) - Contenidos Online\",\"isPartOf\":{\"@id\":\"https:\/\/mefp.grupopiquer.com\/inscripciones\/#website\"},\"primaryImageOfPage\":{\"@id\":\"https:\/\/mefp.grupopiquer.com\/inscripciones\/producto\/tmvi033po-tacografo-digital-30-horas\/#primaryimage\"},\"image\":{\"@id\":\"https:\/\/mefp.grupopiquer.com\/inscripciones\/producto\/tmvi033po-tacografo-digital-30-horas\/#primaryimage\"},\"thumbnailUrl\":\"https:\/\/mefp.grupopiquer.com\/inscripciones\/wp-content\/uploads\/2023\/05\/zMAN0TNWQdph9SuG_tEv7IOn8swgADiWK-e1683188816836.jpg\",\"datePublished\":\"2023-05-02T11:22:37+00:00\",\"dateModified\":\"2023-05-16T10:17:55+00:00\",\"breadcrumb\":{\"@id\":\"https:\/\/mefp.grupopiquer.com\/inscripciones\/producto\/tmvi033po-tacografo-digital-30-horas\/#breadcrumb\"},\"inLanguage\":\"es\",\"potentialAction\":[{\"@type\":\"ReadAction\",\"target\":[\"https:\/\/mefp.grupopiquer.com\/inscripciones\/producto\/tmvi033po-tacografo-digital-30-horas\/\"]}]},{\"@type\":\"ImageObject\",\"inLanguage\":\"es\",\"@id\":\"https:\/\/mefp.grupopiquer.com\/inscripciones\/producto\/tmvi033po-tacografo-digital-30-horas\/#primaryimage\",\"url\":\"https:\/\/mefp.grupopiquer.com\/inscripciones\/wp-content\/uploads\/2023\/05\/zMAN0TNWQdph9SuG_tEv7IOn8swgADiWK-e1683188816836.jpg\",\"contentUrl\":\"https:\/\/mefp.grupopiquer.com\/inscripciones\/wp-content\/uploads\/2023\/05\/zMAN0TNWQdph9SuG_tEv7IOn8swgADiWK-e1683188816836.jpg\",\"width\":1680,\"height\":945},{\"@type\":\"BreadcrumbList\",\"@id\":\"https:\/\/mefp.grupopiquer.com\/inscripciones\/producto\/tmvi033po-tacografo-digital-30-horas\/#breadcrumb\",\"itemListElement\":[{\"@type\":\"ListItem\",\"position\":1,\"name\":\"Portada\",\"item\":\"https:\/\/mefp.grupopiquer.com\/inscripciones\/\"},{\"@type\":\"ListItem\",\"position\":2,\"name\":\"Tienda\",\"item\":\"https:\/\/mefp.grupopiquer.com\/inscripciones\/tienda\/\"},{\"@type\":\"ListItem\",\"position\":3,\"name\":\"TMVI033PO &#8211; Tac\u00f3grafo Digital (30 horas)\"}]},{\"@type\":\"WebSite\",\"@id\":\"https:\/\/mefp.grupopiquer.com\/inscripciones\/#website\",\"url\":\"https:\/\/mefp.grupopiquer.com\/inscripciones\/\",\"name\":\"Contenidos Online\",\"description\":\"\",\"publisher\":{\"@id\":\"https:\/\/mefp.grupopiquer.com\/inscripciones\/#organization\"},\"potentialAction\":[{\"@type\":\"SearchAction\",\"target\":{\"@type\":\"EntryPoint\",\"urlTemplate\":\"https:\/\/mefp.grupopiquer.com\/inscripciones\/?s={search_term_string}\"},\"query-input\":{\"@type\":\"PropertyValueSpecification\",\"valueRequired\":true,\"valueName\":\"search_term_string\"}}],\"inLanguage\":\"es\"},{\"@type\":\"Organization\",\"@id\":\"https:\/\/mefp.grupopiquer.com\/inscripciones\/#organization\",\"name\":\"Contenidos Online\",\"url\":\"https:\/\/mefp.grupopiquer.com\/inscripciones\/\",\"logo\":{\"@type\":\"ImageObject\",\"inLanguage\":\"es\",\"@id\":\"https:\/\/mefp.grupopiquer.com\/inscripciones\/#\/schema\/logo\/image\/\",\"url\":\"\",\"contentUrl\":\"\",\"caption\":\"Contenidos Online\"},\"image\":{\"@id\":\"https:\/\/mefp.grupopiquer.com\/inscripciones\/#\/schema\/logo\/image\/\"}}]}<\/script>\n<!-- \/ Yoast SEO plugin. -->","yoast_head_json":{"title":"TMVI033PO - Tac\u00f3grafo Digital (30 horas) - Contenidos Online","robots":{"index":"index","follow":"follow","max-snippet":"max-snippet:-1","max-image-preview":"max-image-preview:large","max-video-preview":"max-video-preview:-1"},"canonical":"https:\/\/mefp.grupopiquer.com\/inscripciones\/producto\/tmvi033po-tacografo-digital-30-horas\/","og_locale":"es_ES","og_type":"article","og_title":"TMVI033PO - Tac\u00f3grafo Digital (30 horas) - Contenidos Online","og_description":"Conocer en profundidad el manejo y funcionamiento del Tac\u00f3grafo Digital, as\u00ed como el conocimiento de la normativa sobre tiempos de conducci\u00f3n y descanso.","og_url":"https:\/\/mefp.grupopiquer.com\/inscripciones\/producto\/tmvi033po-tacografo-digital-30-horas\/","og_site_name":"Contenidos Online","article_modified_time":"2023-05-16T10:17:55+00:00","og_image":[{"width":1680,"height":945,"url":"https:\/\/mefp.grupopiquer.com\/inscripciones\/wp-content\/uploads\/2023\/05\/zMAN0TNWQdph9SuG_tEv7IOn8swgADiWK-e1683188816836.jpg","type":"image\/jpeg"}],"twitter_card":"summary_large_image","twitter_misc":{"Tiempo de lectura":"2 minutos"},"schema":{"@context":"https:\/\/schema.org","@graph":[{"@type":"WebPage","@id":"https:\/\/mefp.grupopiquer.com\/inscripciones\/producto\/tmvi033po-tacografo-digital-30-horas\/","url":"https:\/\/mefp.grupopiquer.com\/inscripciones\/producto\/tmvi033po-tacografo-digital-30-horas\/","name":"TMVI033PO - Tac\u00f3grafo Digital (30 horas) - Contenidos Online","isPartOf":{"@id":"https:\/\/mefp.grupopiquer.com\/inscripciones\/#website"},"primaryImageOfPage":{"@id":"https:\/\/mefp.grupopiquer.com\/inscripciones\/producto\/tmvi033po-tacografo-digital-30-horas\/#primaryimage"},"image":{"@id":"https:\/\/mefp.grupopiquer.com\/inscripciones\/producto\/tmvi033po-tacografo-digital-30-horas\/#primaryimage"},"thumbnailUrl":"https:\/\/mefp.grupopiquer.com\/inscripciones\/wp-content\/uploads\/2023\/05\/zMAN0TNWQdph9SuG_tEv7IOn8swgADiWK-e1683188816836.jpg","datePublished":"2023-05-02T11:22:37+00:00","dateModified":"2023-05-16T10:17:55+00:00","breadcrumb":{"@id":"https:\/\/mefp.grupopiquer.com\/inscripciones\/producto\/tmvi033po-tacografo-digital-30-horas\/#breadcrumb"},"inLanguage":"es","potentialAction":[{"@type":"ReadAction","target":["https:\/\/mefp.grupopiquer.com\/inscripciones\/producto\/tmvi033po-tacografo-digital-30-horas\/"]}]},{"@type":"ImageObject","inLanguage":"es","@id":"https:\/\/mefp.grupopiquer.com\/inscripciones\/producto\/tmvi033po-tacografo-digital-30-horas\/#primaryimage","url":"https:\/\/mefp.grupopiquer.com\/inscripciones\/wp-content\/uploads\/2023\/05\/zMAN0TNWQdph9SuG_tEv7IOn8swgADiWK-e1683188816836.jpg","contentUrl":"https:\/\/mefp.grupopiquer.com\/inscripciones\/wp-content\/uploads\/2023\/05\/zMAN0TNWQdph9SuG_tEv7IOn8swgADiWK-e1683188816836.jpg","width":1680,"height":945},{"@type":"BreadcrumbList","@id":"https:\/\/mefp.grupopiquer.com\/inscripciones\/producto\/tmvi033po-tacografo-digital-30-horas\/#breadcrumb","itemListElement":[{"@type":"ListItem","position":1,"name":"Portada","item":"https:\/\/mefp.grupopiquer.com\/inscripciones\/"},{"@type":"ListItem","position":2,"name":"Tienda","item":"https:\/\/mefp.grupopiquer.com\/inscripciones\/tienda\/"},{"@type":"ListItem","position":3,"name":"TMVI033PO &#8211; Tac\u00f3grafo Digital (30 horas)"}]},{"@type":"WebSite","@id":"https:\/\/mefp.grupopiquer.com\/inscripciones\/#website","url":"https:\/\/mefp.grupopiquer.com\/inscripciones\/","name":"Contenidos Online","description":"","publisher":{"@id":"https:\/\/mefp.grupopiquer.com\/inscripciones\/#organization"},"potentialAction":[{"@type":"SearchAction","target":{"@type":"EntryPoint","urlTemplate":"https:\/\/mefp.grupopiquer.com\/inscripciones\/?s={search_term_string}"},"query-input":{"@type":"PropertyValueSpecification","valueRequired":true,"valueName":"search_term_string"}}],"inLanguage":"es"},{"@type":"Organization","@id":"https:\/\/mefp.grupopiquer.com\/inscripciones\/#organization","name":"Contenidos Online","url":"https:\/\/mefp.grupopiquer.com\/inscripciones\/","logo":{"@type":"ImageObject","inLanguage":"es","@id":"https:\/\/mefp.grupopiquer.com\/inscripciones\/#\/schema\/logo\/image\/","url":"","contentUrl":"","caption":"Contenidos Online"},"image":{"@id":"https:\/\/mefp.grupopiquer.com\/inscripciones\/#\/schema\/logo\/image\/"}}]}},"_links":{"self":[{"href":"https:\/\/mefp.grupopiquer.com\/inscripciones\/wp-json\/wp\/v2\/product\/4702"}],"collection":[{"href":"https:\/\/mefp.grupopiquer.com\/inscripciones\/wp-json\/wp\/v2\/product"}],"about":[{"href":"https:\/\/mefp.grupopiquer.com\/inscripciones\/wp-json\/wp\/v2\/types\/product"}],"replies":[{"embeddable":true,"href":"https:\/\/mefp.grupopiquer.com\/inscripciones\/wp-json\/wp\/v2\/comments?post=4702"}],"wp:featuredmedia":[{"embeddable":true,"href":"https:\/\/mefp.grupopiquer.com\/inscripciones\/wp-json\/wp\/v2\/media\/4879"}],"wp:attachment":[{"href":"https:\/\/mefp.grupopiquer.com\/inscripciones\/wp-json\/wp\/v2\/media?parent=4702"}],"wp:term":[{"taxonomy":"product_cat","embeddable":true,"href":"https:\/\/mefp.grupopiquer.com\/inscripciones\/wp-json\/wp\/v2\/product_cat?post=4702"},{"taxonomy":"product_tag","embeddable":true,"href":"https:\/\/mefp.grupopiquer.com\/inscripciones\/wp-json\/wp\/v2\/product_tag?post=4702"}],"curies":[{"name":"wp","href":"https:\/\/api.w.org\/{rel}","templated":true}]}}