{"id":4695,"date":"2023-05-02T11:21:56","date_gmt":"2023-05-02T11:21:56","guid":{"rendered":"https:\/\/mefp.grupopiquer.com\/inscripciones\/producto\/sscg076po-violencia-de-genero-50-horas\/"},"modified":"2023-05-15T07:58:24","modified_gmt":"2023-05-15T07:58:24","slug":"sscg076po-violencia-de-genero-50-horas","status":"publish","type":"product","link":"https:\/\/mefp.grupopiquer.com\/inscripciones\/producto\/sscg076po-violencia-de-genero-50-horas\/","title":{"rendered":"SSCG076PO &#8211; Violencia de G\u00e9nero (50 horas)"},"content":{"rendered":"<div id=\"accordion\">\n<h3>Objetivos<\/h3>\n<div>Analizar las caracter\u00edsticas de la violencia de g\u00e9nero y determinar las estrategias a seguir en los diferentes \u00e1mbitos.<\/div>\n<h3>Contenidos<\/h3>\n<div>\n1. VIOLENCIA DE G\u00c9NERO: CONCEPTO Y TIPOLOG\u00cdA<br \/>\n1.1. Introducci\u00f3n.<br \/>\n1.2. Definici\u00f3n y tipolog\u00eda.<br \/>\n1.3. \u00c1mbitos de la violencia de g\u00e9nero.<br \/>\n1.4. Caracter\u00edsticas.<br \/>\n1.4.1. Estrategias.<br \/>\n1.5. \u00c1mbitos de actuaci\u00f3n.<br \/>\n1.6. Orden de protecci\u00f3n.<\/p>\n<p>2. INTRODUCCI\u00d3N A LA LOVG, MEDIDAS Y DERECHOS<br \/>\n2.1. Ley Org\u00e1nica de Medidas de Protecci\u00f3n Integral contra la Violencia de G\u00e9nero.<br \/>\n2.2. T\u00edtulo Preliminar.<br \/>\n2.3. T\u00edtulo I: Medidas de sensibilizaci\u00f3n, prevenci\u00f3n y detecci\u00f3n.<br \/>\n2.4. T\u00edtulo II: Derechos de las mujeres v\u00edctimas de la violencia de g\u00e9nero.<\/p>\n<p>3. TUTELA INSTITUCIONAL, PENAL Y JUDICIAL<br \/>\n3.1. Tutela Institucional.<br \/>\n3.2. T\u00edtulo IV: Tutela Penal.<br \/>\n3.3. T\u00edtulo V: Tutela Judicial.<br \/>\n3.4. Disposiciones Adicionales.<br \/>\n3.5. Taller de An\u00e1lisis Penal Ley 1\/2004<\/p>\n<p>4. G\u00c9NERO Y PERSPECTIVA DE G\u00c9NERO<br \/>\n4.1. M\u00e9todos de detecci\u00f3n, evaluaci\u00f3n y diagn\u00f3stico<br \/>\n4.2. Mujeres drogodependientes y maltratadas<br \/>\n4.3. Procesos de intervenci\u00f3n en la violencia de g\u00e9nero.<br \/>\n4.4. Respuesta institucional y recursos ante las v\u00edctimas y agresores.<\/p><\/div>\n<\/div>\n","protected":false},"excerpt":{"rendered":"<p>Analizar las caracter\u00edsticas de la violencia de g\u00e9nero y determinar las estrategias a seguir en los diferentes \u00e1mbitos.<\/p>\n","protected":false},"featured_media":4882,"comment_status":"closed","ping_status":"closed","template":"","meta":[],"product_cat":[102],"product_tag":[],"class_list":{"0":"post-4695","1":"product","2":"type-product","3":"status-publish","4":"has-post-thumbnail","6":"product_cat-atencion-social","8":"first","9":"instock","10":"taxable","11":"shipping-taxable","12":"purchasable","13":"product-type-simple"},"yoast_head":"<!-- This site is optimized with the Yoast SEO plugin v23.5 - https:\/\/yoast.com\/wordpress\/plugins\/seo\/ -->\n<title>SSCG076PO - Violencia de G\u00e9nero (50 horas) - Contenidos Online<\/title>\n<meta name=\"robots\" content=\"index, follow, max-snippet:-1, max-image-preview:large, max-video-preview:-1\" \/>\n<link rel=\"canonical\" href=\"https:\/\/mefp.grupopiquer.com\/inscripciones\/producto\/sscg076po-violencia-de-genero-50-horas\/\" \/>\n<meta property=\"og:locale\" content=\"es_ES\" \/>\n<meta property=\"og:type\" content=\"article\" \/>\n<meta property=\"og:title\" content=\"SSCG076PO - Violencia de G\u00e9nero (50 horas) - Contenidos Online\" \/>\n<meta property=\"og:description\" content=\"Analizar las caracter\u00edsticas de la violencia de g\u00e9nero y determinar las estrategias a seguir en los diferentes \u00e1mbitos.\" \/>\n<meta property=\"og:url\" content=\"https:\/\/mefp.grupopiquer.com\/inscripciones\/producto\/sscg076po-violencia-de-genero-50-horas\/\" \/>\n<meta property=\"og:site_name\" content=\"Contenidos Online\" \/>\n<meta property=\"article:modified_time\" content=\"2023-05-15T07:58:24+00:00\" \/>\n<meta property=\"og:image\" content=\"https:\/\/mefp.grupopiquer.com\/inscripciones\/wp-content\/uploads\/2023\/05\/M5WuQ4GkiVxAaNZF_DFdS7zDwgl73x6eq-e1683189513215.jpg\" \/>\n\t<meta property=\"og:image:width\" content=\"1680\" \/>\n\t<meta property=\"og:image:height\" content=\"945\" \/>\n\t<meta property=\"og:image:type\" content=\"image\/jpeg\" \/>\n<meta name=\"twitter:card\" content=\"summary_large_image\" \/>\n<meta name=\"twitter:label1\" content=\"Tiempo de lectura\" \/>\n\t<meta name=\"twitter:data1\" content=\"1 minuto\" \/>\n<script type=\"application\/ld+json\" class=\"yoast-schema-graph\">{\"@context\":\"https:\/\/schema.org\",\"@graph\":[{\"@type\":\"WebPage\",\"@id\":\"https:\/\/mefp.grupopiquer.com\/inscripciones\/producto\/sscg076po-violencia-de-genero-50-horas\/\",\"url\":\"https:\/\/mefp.grupopiquer.com\/inscripciones\/producto\/sscg076po-violencia-de-genero-50-horas\/\",\"name\":\"SSCG076PO - Violencia de G\u00e9nero (50 horas) - Contenidos Online\",\"isPartOf\":{\"@id\":\"https:\/\/mefp.grupopiquer.com\/inscripciones\/#website\"},\"primaryImageOfPage\":{\"@id\":\"https:\/\/mefp.grupopiquer.com\/inscripciones\/producto\/sscg076po-violencia-de-genero-50-horas\/#primaryimage\"},\"image\":{\"@id\":\"https:\/\/mefp.grupopiquer.com\/inscripciones\/producto\/sscg076po-violencia-de-genero-50-horas\/#primaryimage\"},\"thumbnailUrl\":\"https:\/\/mefp.grupopiquer.com\/inscripciones\/wp-content\/uploads\/2023\/05\/M5WuQ4GkiVxAaNZF_DFdS7zDwgl73x6eq-e1683189513215.jpg\",\"datePublished\":\"2023-05-02T11:21:56+00:00\",\"dateModified\":\"2023-05-15T07:58:24+00:00\",\"breadcrumb\":{\"@id\":\"https:\/\/mefp.grupopiquer.com\/inscripciones\/producto\/sscg076po-violencia-de-genero-50-horas\/#breadcrumb\"},\"inLanguage\":\"es\",\"potentialAction\":[{\"@type\":\"ReadAction\",\"target\":[\"https:\/\/mefp.grupopiquer.com\/inscripciones\/producto\/sscg076po-violencia-de-genero-50-horas\/\"]}]},{\"@type\":\"ImageObject\",\"inLanguage\":\"es\",\"@id\":\"https:\/\/mefp.grupopiquer.com\/inscripciones\/producto\/sscg076po-violencia-de-genero-50-horas\/#primaryimage\",\"url\":\"https:\/\/mefp.grupopiquer.com\/inscripciones\/wp-content\/uploads\/2023\/05\/M5WuQ4GkiVxAaNZF_DFdS7zDwgl73x6eq-e1683189513215.jpg\",\"contentUrl\":\"https:\/\/mefp.grupopiquer.com\/inscripciones\/wp-content\/uploads\/2023\/05\/M5WuQ4GkiVxAaNZF_DFdS7zDwgl73x6eq-e1683189513215.jpg\",\"width\":1680,\"height\":945},{\"@type\":\"BreadcrumbList\",\"@id\":\"https:\/\/mefp.grupopiquer.com\/inscripciones\/producto\/sscg076po-violencia-de-genero-50-horas\/#breadcrumb\",\"itemListElement\":[{\"@type\":\"ListItem\",\"position\":1,\"name\":\"Portada\",\"item\":\"https:\/\/mefp.grupopiquer.com\/inscripciones\/\"},{\"@type\":\"ListItem\",\"position\":2,\"name\":\"Tienda\",\"item\":\"https:\/\/mefp.grupopiquer.com\/inscripciones\/tienda\/\"},{\"@type\":\"ListItem\",\"position\":3,\"name\":\"SSCG076PO &#8211; Violencia de G\u00e9nero (50 horas)\"}]},{\"@type\":\"WebSite\",\"@id\":\"https:\/\/mefp.grupopiquer.com\/inscripciones\/#website\",\"url\":\"https:\/\/mefp.grupopiquer.com\/inscripciones\/\",\"name\":\"Contenidos Online\",\"description\":\"\",\"publisher\":{\"@id\":\"https:\/\/mefp.grupopiquer.com\/inscripciones\/#organization\"},\"potentialAction\":[{\"@type\":\"SearchAction\",\"target\":{\"@type\":\"EntryPoint\",\"urlTemplate\":\"https:\/\/mefp.grupopiquer.com\/inscripciones\/?s={search_term_string}\"},\"query-input\":{\"@type\":\"PropertyValueSpecification\",\"valueRequired\":true,\"valueName\":\"search_term_string\"}}],\"inLanguage\":\"es\"},{\"@type\":\"Organization\",\"@id\":\"https:\/\/mefp.grupopiquer.com\/inscripciones\/#organization\",\"name\":\"Contenidos Online\",\"url\":\"https:\/\/mefp.grupopiquer.com\/inscripciones\/\",\"logo\":{\"@type\":\"ImageObject\",\"inLanguage\":\"es\",\"@id\":\"https:\/\/mefp.grupopiquer.com\/inscripciones\/#\/schema\/logo\/image\/\",\"url\":\"\",\"contentUrl\":\"\",\"caption\":\"Contenidos Online\"},\"image\":{\"@id\":\"https:\/\/mefp.grupopiquer.com\/inscripciones\/#\/schema\/logo\/image\/\"}}]}<\/script>\n<!-- \/ Yoast SEO plugin. -->","yoast_head_json":{"title":"SSCG076PO - Violencia de G\u00e9nero (50 horas) - Contenidos Online","robots":{"index":"index","follow":"follow","max-snippet":"max-snippet:-1","max-image-preview":"max-image-preview:large","max-video-preview":"max-video-preview:-1"},"canonical":"https:\/\/mefp.grupopiquer.com\/inscripciones\/producto\/sscg076po-violencia-de-genero-50-horas\/","og_locale":"es_ES","og_type":"article","og_title":"SSCG076PO - Violencia de G\u00e9nero (50 horas) - Contenidos Online","og_description":"Analizar las caracter\u00edsticas de la violencia de g\u00e9nero y determinar las estrategias a seguir en los diferentes \u00e1mbitos.","og_url":"https:\/\/mefp.grupopiquer.com\/inscripciones\/producto\/sscg076po-violencia-de-genero-50-horas\/","og_site_name":"Contenidos Online","article_modified_time":"2023-05-15T07:58:24+00:00","og_image":[{"width":1680,"height":945,"url":"https:\/\/mefp.grupopiquer.com\/inscripciones\/wp-content\/uploads\/2023\/05\/M5WuQ4GkiVxAaNZF_DFdS7zDwgl73x6eq-e1683189513215.jpg","type":"image\/jpeg"}],"twitter_card":"summary_large_image","twitter_misc":{"Tiempo de lectura":"1 minuto"},"schema":{"@context":"https:\/\/schema.org","@graph":[{"@type":"WebPage","@id":"https:\/\/mefp.grupopiquer.com\/inscripciones\/producto\/sscg076po-violencia-de-genero-50-horas\/","url":"https:\/\/mefp.grupopiquer.com\/inscripciones\/producto\/sscg076po-violencia-de-genero-50-horas\/","name":"SSCG076PO - Violencia de G\u00e9nero (50 horas) - Contenidos Online","isPartOf":{"@id":"https:\/\/mefp.grupopiquer.com\/inscripciones\/#website"},"primaryImageOfPage":{"@id":"https:\/\/mefp.grupopiquer.com\/inscripciones\/producto\/sscg076po-violencia-de-genero-50-horas\/#primaryimage"},"image":{"@id":"https:\/\/mefp.grupopiquer.com\/inscripciones\/producto\/sscg076po-violencia-de-genero-50-horas\/#primaryimage"},"thumbnailUrl":"https:\/\/mefp.grupopiquer.com\/inscripciones\/wp-content\/uploads\/2023\/05\/M5WuQ4GkiVxAaNZF_DFdS7zDwgl73x6eq-e1683189513215.jpg","datePublished":"2023-05-02T11:21:56+00:00","dateModified":"2023-05-15T07:58:24+00:00","breadcrumb":{"@id":"https:\/\/mefp.grupopiquer.com\/inscripciones\/producto\/sscg076po-violencia-de-genero-50-horas\/#breadcrumb"},"inLanguage":"es","potentialAction":[{"@type":"ReadAction","target":["https:\/\/mefp.grupopiquer.com\/inscripciones\/producto\/sscg076po-violencia-de-genero-50-horas\/"]}]},{"@type":"ImageObject","inLanguage":"es","@id":"https:\/\/mefp.grupopiquer.com\/inscripciones\/producto\/sscg076po-violencia-de-genero-50-horas\/#primaryimage","url":"https:\/\/mefp.grupopiquer.com\/inscripciones\/wp-content\/uploads\/2023\/05\/M5WuQ4GkiVxAaNZF_DFdS7zDwgl73x6eq-e1683189513215.jpg","contentUrl":"https:\/\/mefp.grupopiquer.com\/inscripciones\/wp-content\/uploads\/2023\/05\/M5WuQ4GkiVxAaNZF_DFdS7zDwgl73x6eq-e1683189513215.jpg","width":1680,"height":945},{"@type":"BreadcrumbList","@id":"https:\/\/mefp.grupopiquer.com\/inscripciones\/producto\/sscg076po-violencia-de-genero-50-horas\/#breadcrumb","itemListElement":[{"@type":"ListItem","position":1,"name":"Portada","item":"https:\/\/mefp.grupopiquer.com\/inscripciones\/"},{"@type":"ListItem","position":2,"name":"Tienda","item":"https:\/\/mefp.grupopiquer.com\/inscripciones\/tienda\/"},{"@type":"ListItem","position":3,"name":"SSCG076PO &#8211; Violencia de G\u00e9nero (50 horas)"}]},{"@type":"WebSite","@id":"https:\/\/mefp.grupopiquer.com\/inscripciones\/#website","url":"https:\/\/mefp.grupopiquer.com\/inscripciones\/","name":"Contenidos Online","description":"","publisher":{"@id":"https:\/\/mefp.grupopiquer.com\/inscripciones\/#organization"},"potentialAction":[{"@type":"SearchAction","target":{"@type":"EntryPoint","urlTemplate":"https:\/\/mefp.grupopiquer.com\/inscripciones\/?s={search_term_string}"},"query-input":{"@type":"PropertyValueSpecification","valueRequired":true,"valueName":"search_term_string"}}],"inLanguage":"es"},{"@type":"Organization","@id":"https:\/\/mefp.grupopiquer.com\/inscripciones\/#organization","name":"Contenidos Online","url":"https:\/\/mefp.grupopiquer.com\/inscripciones\/","logo":{"@type":"ImageObject","inLanguage":"es","@id":"https:\/\/mefp.grupopiquer.com\/inscripciones\/#\/schema\/logo\/image\/","url":"","contentUrl":"","caption":"Contenidos Online"},"image":{"@id":"https:\/\/mefp.grupopiquer.com\/inscripciones\/#\/schema\/logo\/image\/"}}]}},"_links":{"self":[{"href":"https:\/\/mefp.grupopiquer.com\/inscripciones\/wp-json\/wp\/v2\/product\/4695"}],"collection":[{"href":"https:\/\/mefp.grupopiquer.com\/inscripciones\/wp-json\/wp\/v2\/product"}],"about":[{"href":"https:\/\/mefp.grupopiquer.com\/inscripciones\/wp-json\/wp\/v2\/types\/product"}],"replies":[{"embeddable":true,"href":"https:\/\/mefp.grupopiquer.com\/inscripciones\/wp-json\/wp\/v2\/comments?post=4695"}],"wp:featuredmedia":[{"embeddable":true,"href":"https:\/\/mefp.grupopiquer.com\/inscripciones\/wp-json\/wp\/v2\/media\/4882"}],"wp:attachment":[{"href":"https:\/\/mefp.grupopiquer.com\/inscripciones\/wp-json\/wp\/v2\/media?parent=4695"}],"wp:term":[{"taxonomy":"product_cat","embeddable":true,"href":"https:\/\/mefp.grupopiquer.com\/inscripciones\/wp-json\/wp\/v2\/product_cat?post=4695"},{"taxonomy":"product_tag","embeddable":true,"href":"https:\/\/mefp.grupopiquer.com\/inscripciones\/wp-json\/wp\/v2\/product_tag?post=4695"}],"curies":[{"name":"wp","href":"https:\/\/api.w.org\/{rel}","templated":true}]}}