{"id":4691,"date":"2023-05-02T11:21:39","date_gmt":"2023-05-02T11:21:39","guid":{"rendered":"https:\/\/mefp.grupopiquer.com\/inscripciones\/producto\/sscg060po-orientacion-e-insercion-profesional-85-horas\/"},"modified":"2023-05-16T10:26:59","modified_gmt":"2023-05-16T10:26:59","slug":"sscg060po-orientacion-e-insercion-profesional-85-horas","status":"publish","type":"product","link":"https:\/\/mefp.grupopiquer.com\/inscripciones\/producto\/sscg060po-orientacion-e-insercion-profesional-85-horas\/","title":{"rendered":"SSCG060PO &#8211; Orientaci\u00f3n e Inserci\u00f3n Profesional (85 horas)"},"content":{"rendered":"<div id=\"accordion\">\n<h3>Objetivos<\/h3>\n<div>Orientar en el proceso de reconocimiento y acreditaci\u00f3n de las competencias profesionales, identificando las variables implicadas en la empleabilidad y las pol\u00edticas actuales de empleo, educaci\u00f3n y formaci\u00f3n para el empleo.<\/div>\n<h3>Contenidos<\/h3>\n<div>\n1. EL SNCF: LA INFORMACI\u00d3N Y LA ORIENTACI\u00d3N EN EL PROCESO DE RECONOCIMIENTO Y ACREDITACI\u00d3N DE LAS COMPETENCIAS PROFESIONALES<br \/>\n1.1. El Cat\u00e1logo Nacional de Cualificaciones.<br \/>\n1.2. Las Cualificaciones Profesionales.<br \/>\n1.3. Las Unidades de Competencia.<br \/>\n1.4. Observatorio ocupacional del INCUAL.<br \/>\n1.5. El reconocimiento y la acreditaci\u00f3n.<br \/>\n1.6. Marco europeo para la validaci\u00f3n del aprendizaje.<br \/>\n1.7. Marco espa\u00f1ol para la validaci\u00f3n del aprendizaje.<br \/>\n1.8. EL SNCF y el proceso de orientaci\u00f3n.<\/p>\n<p>2. AN\u00c1LISIS DE MERCADO DE TRABAJO<br \/>\n2.1. Fuentes de informaci\u00f3n.<br \/>\n2.2. Caracterizaci\u00f3n del mercado desde el punto de vista de la orientaci\u00f3n.<br \/>\n2.3. Tendencias y problem\u00e1tica actual del mercado de trabajo.<\/p>\n<p>3. EMPLEABILIDAD Y TIPOLOGIAS DE EMPLEO<br \/>\n3.1. Empleabilidad.<br \/>\n3.1.1. Concepto de empleabilidad.<br \/>\n3.1.2. Factores que determinan la empleabilidad.<br \/>\n3.1.3. El diagn\u00f3stico de la empleabilidad.<br \/>\n3.1.4. El desarrollo de la empleabilidad.<br \/>\n3.2. Tipolog\u00edas de Empleo.<br \/>\n3.2.1. Trabajo y empleo.<br \/>\n3.2.2. Empleo por cuenta ajena.<br \/>\n3.2.3. Empleo por cuenta propia.<\/p>\n<p>4. POL\u00cdTICAS ACTUALES DE EMPLEO, EDUCACI\u00d3N Y FORMACI\u00d3N PARA EL EMPLEO<br \/>\n4.1. Los Servicios de Orientaci\u00f3n en Espa\u00f1a.<br \/>\n4.1.1. Servicios educativos.<br \/>\n4.1.2. Servicio P\u00fablico de Empleo Estatal. Iniciativa privada.<br \/>\n4.1.3. Servicios P\u00fablicos de Empleo en las Comunidades Aut\u00f3nomas.<br \/>\n4.2. Los Servicios de Orientaci\u00f3n en el marco europeo.<br \/>\n4.2.1. Servicios de orientaci\u00f3n de empleo en Europa.<br \/>\n4.2.2. Plataformas y redes transnacionales.<br \/>\n4.2.3. Proyectos europeos de orientaci\u00f3n para el empleo.<br \/>\n4.3. Marco normativo en el \u00e1mbito laboral, de la orientaci\u00f3n profesional y del empleo.<\/p>\n<\/div>\n<\/div>\n","protected":false},"excerpt":{"rendered":"<p>Orientar en el proceso de reconocimiento y acreditaci\u00f3n de las competencias profesionales, identificando las variables implicadas en la empleabilidad y las pol\u00edticas actuales de empleo, educaci\u00f3n y formaci\u00f3n para el empleo.<\/p>\n","protected":false},"featured_media":4884,"comment_status":"closed","ping_status":"closed","template":"","meta":[],"product_cat":[102],"product_tag":[],"class_list":{"0":"post-4691","1":"product","2":"type-product","3":"status-publish","4":"has-post-thumbnail","6":"product_cat-atencion-social","8":"first","9":"instock","10":"taxable","11":"shipping-taxable","12":"purchasable","13":"product-type-simple"},"yoast_head":"<!-- This site is optimized with the Yoast SEO plugin v23.5 - https:\/\/yoast.com\/wordpress\/plugins\/seo\/ -->\n<title>SSCG060PO - Orientaci\u00f3n e Inserci\u00f3n Profesional (85 horas) - Contenidos Online<\/title>\n<meta name=\"robots\" content=\"index, follow, max-snippet:-1, max-image-preview:large, max-video-preview:-1\" \/>\n<link rel=\"canonical\" href=\"https:\/\/mefp.grupopiquer.com\/inscripciones\/producto\/sscg060po-orientacion-e-insercion-profesional-85-horas\/\" \/>\n<meta property=\"og:locale\" content=\"es_ES\" \/>\n<meta property=\"og:type\" content=\"article\" \/>\n<meta property=\"og:title\" content=\"SSCG060PO - Orientaci\u00f3n e Inserci\u00f3n Profesional (85 horas) - Contenidos Online\" \/>\n<meta property=\"og:description\" content=\"Orientar en el proceso de reconocimiento y acreditaci\u00f3n de las competencias profesionales, identificando las variables implicadas en la empleabilidad y las pol\u00edticas actuales de empleo, educaci\u00f3n y formaci\u00f3n para el empleo.\" \/>\n<meta property=\"og:url\" content=\"https:\/\/mefp.grupopiquer.com\/inscripciones\/producto\/sscg060po-orientacion-e-insercion-profesional-85-horas\/\" \/>\n<meta property=\"og:site_name\" content=\"Contenidos Online\" \/>\n<meta property=\"article:modified_time\" content=\"2023-05-16T10:26:59+00:00\" \/>\n<meta property=\"og:image\" content=\"https:\/\/mefp.grupopiquer.com\/inscripciones\/wp-content\/uploads\/2023\/05\/OrkslnCLzIPZxB64_pg50HuDpaRK_JEbz-e1683189786196.jpg\" \/>\n\t<meta property=\"og:image:width\" content=\"1680\" \/>\n\t<meta property=\"og:image:height\" content=\"945\" \/>\n\t<meta property=\"og:image:type\" content=\"image\/jpeg\" \/>\n<meta name=\"twitter:card\" content=\"summary_large_image\" \/>\n<meta name=\"twitter:label1\" content=\"Tiempo de lectura\" \/>\n\t<meta name=\"twitter:data1\" content=\"2 minutos\" \/>\n<script type=\"application\/ld+json\" class=\"yoast-schema-graph\">{\"@context\":\"https:\/\/schema.org\",\"@graph\":[{\"@type\":\"WebPage\",\"@id\":\"https:\/\/mefp.grupopiquer.com\/inscripciones\/producto\/sscg060po-orientacion-e-insercion-profesional-85-horas\/\",\"url\":\"https:\/\/mefp.grupopiquer.com\/inscripciones\/producto\/sscg060po-orientacion-e-insercion-profesional-85-horas\/\",\"name\":\"SSCG060PO - Orientaci\u00f3n e Inserci\u00f3n Profesional (85 horas) - Contenidos Online\",\"isPartOf\":{\"@id\":\"https:\/\/mefp.grupopiquer.com\/inscripciones\/#website\"},\"primaryImageOfPage\":{\"@id\":\"https:\/\/mefp.grupopiquer.com\/inscripciones\/producto\/sscg060po-orientacion-e-insercion-profesional-85-horas\/#primaryimage\"},\"image\":{\"@id\":\"https:\/\/mefp.grupopiquer.com\/inscripciones\/producto\/sscg060po-orientacion-e-insercion-profesional-85-horas\/#primaryimage\"},\"thumbnailUrl\":\"https:\/\/mefp.grupopiquer.com\/inscripciones\/wp-content\/uploads\/2023\/05\/OrkslnCLzIPZxB64_pg50HuDpaRK_JEbz-e1683189786196.jpg\",\"datePublished\":\"2023-05-02T11:21:39+00:00\",\"dateModified\":\"2023-05-16T10:26:59+00:00\",\"breadcrumb\":{\"@id\":\"https:\/\/mefp.grupopiquer.com\/inscripciones\/producto\/sscg060po-orientacion-e-insercion-profesional-85-horas\/#breadcrumb\"},\"inLanguage\":\"es\",\"potentialAction\":[{\"@type\":\"ReadAction\",\"target\":[\"https:\/\/mefp.grupopiquer.com\/inscripciones\/producto\/sscg060po-orientacion-e-insercion-profesional-85-horas\/\"]}]},{\"@type\":\"ImageObject\",\"inLanguage\":\"es\",\"@id\":\"https:\/\/mefp.grupopiquer.com\/inscripciones\/producto\/sscg060po-orientacion-e-insercion-profesional-85-horas\/#primaryimage\",\"url\":\"https:\/\/mefp.grupopiquer.com\/inscripciones\/wp-content\/uploads\/2023\/05\/OrkslnCLzIPZxB64_pg50HuDpaRK_JEbz-e1683189786196.jpg\",\"contentUrl\":\"https:\/\/mefp.grupopiquer.com\/inscripciones\/wp-content\/uploads\/2023\/05\/OrkslnCLzIPZxB64_pg50HuDpaRK_JEbz-e1683189786196.jpg\",\"width\":1680,\"height\":945},{\"@type\":\"BreadcrumbList\",\"@id\":\"https:\/\/mefp.grupopiquer.com\/inscripciones\/producto\/sscg060po-orientacion-e-insercion-profesional-85-horas\/#breadcrumb\",\"itemListElement\":[{\"@type\":\"ListItem\",\"position\":1,\"name\":\"Portada\",\"item\":\"https:\/\/mefp.grupopiquer.com\/inscripciones\/\"},{\"@type\":\"ListItem\",\"position\":2,\"name\":\"Tienda\",\"item\":\"https:\/\/mefp.grupopiquer.com\/inscripciones\/tienda\/\"},{\"@type\":\"ListItem\",\"position\":3,\"name\":\"SSCG060PO &#8211; Orientaci\u00f3n e Inserci\u00f3n Profesional (85 horas)\"}]},{\"@type\":\"WebSite\",\"@id\":\"https:\/\/mefp.grupopiquer.com\/inscripciones\/#website\",\"url\":\"https:\/\/mefp.grupopiquer.com\/inscripciones\/\",\"name\":\"Contenidos Online\",\"description\":\"\",\"publisher\":{\"@id\":\"https:\/\/mefp.grupopiquer.com\/inscripciones\/#organization\"},\"potentialAction\":[{\"@type\":\"SearchAction\",\"target\":{\"@type\":\"EntryPoint\",\"urlTemplate\":\"https:\/\/mefp.grupopiquer.com\/inscripciones\/?s={search_term_string}\"},\"query-input\":{\"@type\":\"PropertyValueSpecification\",\"valueRequired\":true,\"valueName\":\"search_term_string\"}}],\"inLanguage\":\"es\"},{\"@type\":\"Organization\",\"@id\":\"https:\/\/mefp.grupopiquer.com\/inscripciones\/#organization\",\"name\":\"Contenidos Online\",\"url\":\"https:\/\/mefp.grupopiquer.com\/inscripciones\/\",\"logo\":{\"@type\":\"ImageObject\",\"inLanguage\":\"es\",\"@id\":\"https:\/\/mefp.grupopiquer.com\/inscripciones\/#\/schema\/logo\/image\/\",\"url\":\"\",\"contentUrl\":\"\",\"caption\":\"Contenidos Online\"},\"image\":{\"@id\":\"https:\/\/mefp.grupopiquer.com\/inscripciones\/#\/schema\/logo\/image\/\"}}]}<\/script>\n<!-- \/ Yoast SEO plugin. -->","yoast_head_json":{"title":"SSCG060PO - Orientaci\u00f3n e Inserci\u00f3n Profesional (85 horas) - Contenidos Online","robots":{"index":"index","follow":"follow","max-snippet":"max-snippet:-1","max-image-preview":"max-image-preview:large","max-video-preview":"max-video-preview:-1"},"canonical":"https:\/\/mefp.grupopiquer.com\/inscripciones\/producto\/sscg060po-orientacion-e-insercion-profesional-85-horas\/","og_locale":"es_ES","og_type":"article","og_title":"SSCG060PO - Orientaci\u00f3n e Inserci\u00f3n Profesional (85 horas) - Contenidos Online","og_description":"Orientar en el proceso de reconocimiento y acreditaci\u00f3n de las competencias profesionales, identificando las variables implicadas en la empleabilidad y las pol\u00edticas actuales de empleo, educaci\u00f3n y formaci\u00f3n para el empleo.","og_url":"https:\/\/mefp.grupopiquer.com\/inscripciones\/producto\/sscg060po-orientacion-e-insercion-profesional-85-horas\/","og_site_name":"Contenidos Online","article_modified_time":"2023-05-16T10:26:59+00:00","og_image":[{"width":1680,"height":945,"url":"https:\/\/mefp.grupopiquer.com\/inscripciones\/wp-content\/uploads\/2023\/05\/OrkslnCLzIPZxB64_pg50HuDpaRK_JEbz-e1683189786196.jpg","type":"image\/jpeg"}],"twitter_card":"summary_large_image","twitter_misc":{"Tiempo de lectura":"2 minutos"},"schema":{"@context":"https:\/\/schema.org","@graph":[{"@type":"WebPage","@id":"https:\/\/mefp.grupopiquer.com\/inscripciones\/producto\/sscg060po-orientacion-e-insercion-profesional-85-horas\/","url":"https:\/\/mefp.grupopiquer.com\/inscripciones\/producto\/sscg060po-orientacion-e-insercion-profesional-85-horas\/","name":"SSCG060PO - Orientaci\u00f3n e Inserci\u00f3n Profesional (85 horas) - Contenidos Online","isPartOf":{"@id":"https:\/\/mefp.grupopiquer.com\/inscripciones\/#website"},"primaryImageOfPage":{"@id":"https:\/\/mefp.grupopiquer.com\/inscripciones\/producto\/sscg060po-orientacion-e-insercion-profesional-85-horas\/#primaryimage"},"image":{"@id":"https:\/\/mefp.grupopiquer.com\/inscripciones\/producto\/sscg060po-orientacion-e-insercion-profesional-85-horas\/#primaryimage"},"thumbnailUrl":"https:\/\/mefp.grupopiquer.com\/inscripciones\/wp-content\/uploads\/2023\/05\/OrkslnCLzIPZxB64_pg50HuDpaRK_JEbz-e1683189786196.jpg","datePublished":"2023-05-02T11:21:39+00:00","dateModified":"2023-05-16T10:26:59+00:00","breadcrumb":{"@id":"https:\/\/mefp.grupopiquer.com\/inscripciones\/producto\/sscg060po-orientacion-e-insercion-profesional-85-horas\/#breadcrumb"},"inLanguage":"es","potentialAction":[{"@type":"ReadAction","target":["https:\/\/mefp.grupopiquer.com\/inscripciones\/producto\/sscg060po-orientacion-e-insercion-profesional-85-horas\/"]}]},{"@type":"ImageObject","inLanguage":"es","@id":"https:\/\/mefp.grupopiquer.com\/inscripciones\/producto\/sscg060po-orientacion-e-insercion-profesional-85-horas\/#primaryimage","url":"https:\/\/mefp.grupopiquer.com\/inscripciones\/wp-content\/uploads\/2023\/05\/OrkslnCLzIPZxB64_pg50HuDpaRK_JEbz-e1683189786196.jpg","contentUrl":"https:\/\/mefp.grupopiquer.com\/inscripciones\/wp-content\/uploads\/2023\/05\/OrkslnCLzIPZxB64_pg50HuDpaRK_JEbz-e1683189786196.jpg","width":1680,"height":945},{"@type":"BreadcrumbList","@id":"https:\/\/mefp.grupopiquer.com\/inscripciones\/producto\/sscg060po-orientacion-e-insercion-profesional-85-horas\/#breadcrumb","itemListElement":[{"@type":"ListItem","position":1,"name":"Portada","item":"https:\/\/mefp.grupopiquer.com\/inscripciones\/"},{"@type":"ListItem","position":2,"name":"Tienda","item":"https:\/\/mefp.grupopiquer.com\/inscripciones\/tienda\/"},{"@type":"ListItem","position":3,"name":"SSCG060PO &#8211; Orientaci\u00f3n e Inserci\u00f3n Profesional (85 horas)"}]},{"@type":"WebSite","@id":"https:\/\/mefp.grupopiquer.com\/inscripciones\/#website","url":"https:\/\/mefp.grupopiquer.com\/inscripciones\/","name":"Contenidos Online","description":"","publisher":{"@id":"https:\/\/mefp.grupopiquer.com\/inscripciones\/#organization"},"potentialAction":[{"@type":"SearchAction","target":{"@type":"EntryPoint","urlTemplate":"https:\/\/mefp.grupopiquer.com\/inscripciones\/?s={search_term_string}"},"query-input":{"@type":"PropertyValueSpecification","valueRequired":true,"valueName":"search_term_string"}}],"inLanguage":"es"},{"@type":"Organization","@id":"https:\/\/mefp.grupopiquer.com\/inscripciones\/#organization","name":"Contenidos Online","url":"https:\/\/mefp.grupopiquer.com\/inscripciones\/","logo":{"@type":"ImageObject","inLanguage":"es","@id":"https:\/\/mefp.grupopiquer.com\/inscripciones\/#\/schema\/logo\/image\/","url":"","contentUrl":"","caption":"Contenidos Online"},"image":{"@id":"https:\/\/mefp.grupopiquer.com\/inscripciones\/#\/schema\/logo\/image\/"}}]}},"_links":{"self":[{"href":"https:\/\/mefp.grupopiquer.com\/inscripciones\/wp-json\/wp\/v2\/product\/4691"}],"collection":[{"href":"https:\/\/mefp.grupopiquer.com\/inscripciones\/wp-json\/wp\/v2\/product"}],"about":[{"href":"https:\/\/mefp.grupopiquer.com\/inscripciones\/wp-json\/wp\/v2\/types\/product"}],"replies":[{"embeddable":true,"href":"https:\/\/mefp.grupopiquer.com\/inscripciones\/wp-json\/wp\/v2\/comments?post=4691"}],"wp:featuredmedia":[{"embeddable":true,"href":"https:\/\/mefp.grupopiquer.com\/inscripciones\/wp-json\/wp\/v2\/media\/4884"}],"wp:attachment":[{"href":"https:\/\/mefp.grupopiquer.com\/inscripciones\/wp-json\/wp\/v2\/media?parent=4691"}],"wp:term":[{"taxonomy":"product_cat","embeddable":true,"href":"https:\/\/mefp.grupopiquer.com\/inscripciones\/wp-json\/wp\/v2\/product_cat?post=4691"},{"taxonomy":"product_tag","embeddable":true,"href":"https:\/\/mefp.grupopiquer.com\/inscripciones\/wp-json\/wp\/v2\/product_tag?post=4691"}],"curies":[{"name":"wp","href":"https:\/\/api.w.org\/{rel}","templated":true}]}}