{"id":4679,"date":"2023-05-02T11:20:50","date_gmt":"2023-05-02T11:20:50","guid":{"rendered":"https:\/\/mefp.grupopiquer.com\/inscripciones\/producto\/ssce155po-acompanante-de-transporte-escolar-30-horas\/"},"modified":"2023-05-15T08:06:32","modified_gmt":"2023-05-15T08:06:32","slug":"ssce155po-acompanante-de-transporte-escolar-30-horas","status":"publish","type":"product","link":"https:\/\/mefp.grupopiquer.com\/inscripciones\/producto\/ssce155po-acompanante-de-transporte-escolar-30-horas\/","title":{"rendered":"SSCE155PO &#8211; Acompa\u00f1ante de Transporte Escolar (30 horas)"},"content":{"rendered":"<div id=\"accordion\">\n<h3>Objetivos<\/h3>\n<div>Conocer la normativa sobre el Transporte escolar y de menores, su contenido y correcto uso, as\u00ed como las t\u00e9cnicas adecuadas para una conducci\u00f3n preventiva y actuaci\u00f3n, en caso de accidente.<\/div>\n<h3>Contenidos<\/h3>\n<div>\n1. TIPOS DE TRANSPORTE ESCOLAR Y DE MENORES.<br \/>\n1.1. Introducci\u00f3n.<br \/>\n1.2. Clasificaci\u00f3n del transporte escolar y de menores.<br \/>\n1.3. Transportes regulares de uso especial.<br \/>\n1.4. Transportes regulares de uso general.<br \/>\n1.5. Transportes discrecionales.<br \/>\n1.6. Transportes privados complementarios.<\/p>\n<p>2. SEGURIDAD EN EL TRANSPORTE ESCOLAR Y DE MENORES.<br \/>\n2.1. Antig\u00fcedad de los veh\u00edculos.<br \/>\n2.2. Requisitos de construcci\u00f3n y de equipamiento.<br \/>\n2.3. Otros requisitos.<br \/>\n2.4. Distintivo de transporte de menores.<br \/>\n2.5. Inspecci\u00f3n t\u00e9cnica de los veh\u00edculos.<br \/>\n2.6. Conductores.<br \/>\n2.7. Acompa\u00f1ante.<br \/>\n2.8. Limitaci\u00f3n de velocidad.<br \/>\n2.9. Itinerarios y paradas.<br \/>\n2.10. Duraci\u00f3n m\u00e1xima del viaje.<br \/>\n2.11. Seguros.<br \/>\n2.11.1. El seguro obligatorio de circulaci\u00f3n.<br \/>\n2.11.2. Seguro obligatorio de viajeros.<br \/>\n2.12. Obligaciones de la entidad organizadora del transporte.<br \/>\n2.13. Infracciones y sanciones.<br \/>\n2.13.1. Introducci\u00f3n.<br \/>\n2.13.2. Infracciones leves (art\u00edculo 142 del LOTT).<br \/>\n2.13.3. Infracciones graves (art\u00edculo 141 del LOTT).<br \/>\n2.13.4. Infracciones muy graves (art\u00edculo 140 del LOTT).<br \/>\n2.14. \u00c1mbito de aplicaci\u00f3n de las condiciones de seguridad.<br \/>\n2.15. Excepciones de aplicaci\u00f3n de la normativa.<\/p>\n<p>3. FUNCIONES DEL CONDUCTOR.<br \/>\n3.1. Antes de salir: \u00bfQu\u00e9 debe hacer el conductor? Comprobaciones generales sobre el veh\u00edculo.<br \/>\n3.1.1. Revisi\u00f3n general del veh\u00edculo.<br \/>\n3.1.2. Cuadro de instrumentos, mecanismos auxiliares y reposados del veh\u00edculo.<br \/>\n3.1.3. Comprobaci\u00f3n de la documentaci\u00f3n del veh\u00edculo.<br \/>\n3.2. Conducci\u00f3n profesional del autocar.<br \/>\n3.2.1. En ruta.<br \/>\n3.2.2. En las paradas.<br \/>\n3.2.3. Vigilancia del buen funcionamiento de los mecanismos del veh\u00edculo.<br \/>\n3.3. Control y seguimiento.<br \/>\n3.3.1. Introducci\u00f3n.<br \/>\n3.3.2. Organizaci\u00f3n del trabajo.<br \/>\n3.3.3. Consejos para aumentar la seguridad en el transporte escolar y de menores.<br \/>\n3.4. Obligaciones del acompa\u00f1ante.<br \/>\n3.4.1. Introducci\u00f3n.<br \/>\n3.4.2. Funciones y obligaciones del acompa\u00f1ante.<br \/>\n3.5. Derechos y deberes de los escolares y menores.<br \/>\n3.5.1. Deberes.<br \/>\n3.5.1.1. Al ir a la parada.<br \/>\n3.5.1.2. Al subir al autob\u00fas.<br \/>\n3.5.1.3. Dentro del autob\u00fas.<br \/>\n3.5.1.4. Al bajar del autob\u00fas.<br \/>\n3 5.2. Derechos.<br \/>\n3.6. Orientaci\u00f3n a la familia.<br \/>\n3.7. Psicolog\u00eda y relaciones.<br \/>\n3.7.1 Introducci\u00f3n.<br \/>\n3.7.2 Desarrollo de habilidades sociales.<\/p>\n<p>4. INSTRUCCIONES PARA EL CASO DE PRODUCIRSE UN ACCIDENTE O UNA ANORMALIDAD TANTO EN EL TRANSPORTE DE VIAJEROS COMO EN EL TRANSPORTE ESCOLAR Y DE MENORES.<br \/>\n4.1. Incidente o anormalidad que supone una aver\u00eda mec\u00e1nica, pinchazo o revent\u00f3n de neum\u00e1tico o de otro tipo similar.<br \/>\n4.2. Bloqueo de puertas y evacuaci\u00f3n por ventanas de socorro o trampillas de evacuaci\u00f3n.<br \/>\n4.3. Incendio de motor o de otras partes del veh\u00edculo la evacuaci\u00f3n ser\u00e1, bien por puertas de acceso, puertas de socorro, ventanas de socorro o trampillas de evacuaci\u00f3n.<br \/>\n4.4. Choque, vuelco del veh\u00edculo, ca\u00edda al agua y evacuaci\u00f3n.<br \/>\n4.5. Vuelco parcial o total del veh\u00edculo y evacuaci\u00f3n.<br \/>\n4.6. Ca\u00edda al agua y evacuaci\u00f3n.<br \/>\n4.7. Si un viajero se hace da\u00f1o y queda herido o bien se pone enfermo.<br \/>\n4.8. Contenido del botiqu\u00edn de primeros auxilios.<br \/>\n4.9. Actuaciones ante accidentes y\/o incidentes de los menores y escolares.<br \/>\n4.9.1. Introducci\u00f3n.<br \/>\n4.9.2. Heridas.<br \/>\n4.9.3. Ca\u00eddas y golpes.<br \/>\n4.9.4. Hemorragias.<br \/>\n4.9.5. Obstrucci\u00f3n v\u00edas respiratorias.<br \/>\n4.9.6. Fiebre.<br \/>\n4.9.7. Quemaduras.<\/p>\n<\/div>\n<\/div>\n","protected":false},"excerpt":{"rendered":"<p>Conocer la normativa sobre el Transporte escolar y de menores, su contenido y correcto uso, as\u00ed como las t\u00e9cnicas adecuadas para una conducci\u00f3n preventiva y actuaci\u00f3n, en caso de accidente.<\/p>\n","protected":false},"featured_media":4889,"comment_status":"closed","ping_status":"closed","template":"","meta":[],"product_cat":[103],"product_tag":[],"class_list":{"0":"post-4679","1":"product","2":"type-product","3":"status-publish","4":"has-post-thumbnail","6":"product_cat-formacion-y-educacion","8":"first","9":"instock","10":"taxable","11":"shipping-taxable","12":"purchasable","13":"product-type-simple"},"yoast_head":"<!-- This site is optimized with the Yoast SEO plugin v23.5 - https:\/\/yoast.com\/wordpress\/plugins\/seo\/ -->\n<title>SSCE155PO - Acompa\u00f1ante de Transporte Escolar (30 horas) - Contenidos Online<\/title>\n<meta name=\"robots\" content=\"index, follow, max-snippet:-1, max-image-preview:large, max-video-preview:-1\" \/>\n<link rel=\"canonical\" href=\"https:\/\/mefp.grupopiquer.com\/inscripciones\/producto\/ssce155po-acompanante-de-transporte-escolar-30-horas\/\" \/>\n<meta property=\"og:locale\" content=\"es_ES\" \/>\n<meta property=\"og:type\" content=\"article\" \/>\n<meta property=\"og:title\" content=\"SSCE155PO - Acompa\u00f1ante de Transporte Escolar (30 horas) - Contenidos Online\" \/>\n<meta property=\"og:description\" content=\"Conocer la normativa sobre el Transporte escolar y de menores, su contenido y correcto uso, as\u00ed como las t\u00e9cnicas adecuadas para una conducci\u00f3n preventiva y actuaci\u00f3n, en caso de accidente.\" \/>\n<meta property=\"og:url\" content=\"https:\/\/mefp.grupopiquer.com\/inscripciones\/producto\/ssce155po-acompanante-de-transporte-escolar-30-horas\/\" \/>\n<meta property=\"og:site_name\" content=\"Contenidos Online\" \/>\n<meta property=\"article:modified_time\" content=\"2023-05-15T08:06:32+00:00\" \/>\n<meta property=\"og:image\" content=\"https:\/\/mefp.grupopiquer.com\/inscripciones\/wp-content\/uploads\/2023\/05\/fJBd0m4NsCXk1w10_Q68c7G05qDEEYgF2-e1683190451367.jpg\" \/>\n\t<meta property=\"og:image:width\" content=\"1680\" \/>\n\t<meta property=\"og:image:height\" content=\"945\" \/>\n\t<meta property=\"og:image:type\" content=\"image\/jpeg\" \/>\n<meta name=\"twitter:card\" content=\"summary_large_image\" \/>\n<meta name=\"twitter:label1\" content=\"Tiempo de lectura\" \/>\n\t<meta name=\"twitter:data1\" content=\"3 minutos\" \/>\n<script type=\"application\/ld+json\" class=\"yoast-schema-graph\">{\"@context\":\"https:\/\/schema.org\",\"@graph\":[{\"@type\":\"WebPage\",\"@id\":\"https:\/\/mefp.grupopiquer.com\/inscripciones\/producto\/ssce155po-acompanante-de-transporte-escolar-30-horas\/\",\"url\":\"https:\/\/mefp.grupopiquer.com\/inscripciones\/producto\/ssce155po-acompanante-de-transporte-escolar-30-horas\/\",\"name\":\"SSCE155PO - Acompa\u00f1ante de Transporte Escolar (30 horas) - Contenidos Online\",\"isPartOf\":{\"@id\":\"https:\/\/mefp.grupopiquer.com\/inscripciones\/#website\"},\"primaryImageOfPage\":{\"@id\":\"https:\/\/mefp.grupopiquer.com\/inscripciones\/producto\/ssce155po-acompanante-de-transporte-escolar-30-horas\/#primaryimage\"},\"image\":{\"@id\":\"https:\/\/mefp.grupopiquer.com\/inscripciones\/producto\/ssce155po-acompanante-de-transporte-escolar-30-horas\/#primaryimage\"},\"thumbnailUrl\":\"https:\/\/mefp.grupopiquer.com\/inscripciones\/wp-content\/uploads\/2023\/05\/fJBd0m4NsCXk1w10_Q68c7G05qDEEYgF2-e1683190451367.jpg\",\"datePublished\":\"2023-05-02T11:20:50+00:00\",\"dateModified\":\"2023-05-15T08:06:32+00:00\",\"breadcrumb\":{\"@id\":\"https:\/\/mefp.grupopiquer.com\/inscripciones\/producto\/ssce155po-acompanante-de-transporte-escolar-30-horas\/#breadcrumb\"},\"inLanguage\":\"es\",\"potentialAction\":[{\"@type\":\"ReadAction\",\"target\":[\"https:\/\/mefp.grupopiquer.com\/inscripciones\/producto\/ssce155po-acompanante-de-transporte-escolar-30-horas\/\"]}]},{\"@type\":\"ImageObject\",\"inLanguage\":\"es\",\"@id\":\"https:\/\/mefp.grupopiquer.com\/inscripciones\/producto\/ssce155po-acompanante-de-transporte-escolar-30-horas\/#primaryimage\",\"url\":\"https:\/\/mefp.grupopiquer.com\/inscripciones\/wp-content\/uploads\/2023\/05\/fJBd0m4NsCXk1w10_Q68c7G05qDEEYgF2-e1683190451367.jpg\",\"contentUrl\":\"https:\/\/mefp.grupopiquer.com\/inscripciones\/wp-content\/uploads\/2023\/05\/fJBd0m4NsCXk1w10_Q68c7G05qDEEYgF2-e1683190451367.jpg\",\"width\":1680,\"height\":945},{\"@type\":\"BreadcrumbList\",\"@id\":\"https:\/\/mefp.grupopiquer.com\/inscripciones\/producto\/ssce155po-acompanante-de-transporte-escolar-30-horas\/#breadcrumb\",\"itemListElement\":[{\"@type\":\"ListItem\",\"position\":1,\"name\":\"Portada\",\"item\":\"https:\/\/mefp.grupopiquer.com\/inscripciones\/\"},{\"@type\":\"ListItem\",\"position\":2,\"name\":\"Tienda\",\"item\":\"https:\/\/mefp.grupopiquer.com\/inscripciones\/tienda\/\"},{\"@type\":\"ListItem\",\"position\":3,\"name\":\"SSCE155PO &#8211; Acompa\u00f1ante de Transporte Escolar (30 horas)\"}]},{\"@type\":\"WebSite\",\"@id\":\"https:\/\/mefp.grupopiquer.com\/inscripciones\/#website\",\"url\":\"https:\/\/mefp.grupopiquer.com\/inscripciones\/\",\"name\":\"Contenidos Online\",\"description\":\"\",\"publisher\":{\"@id\":\"https:\/\/mefp.grupopiquer.com\/inscripciones\/#organization\"},\"potentialAction\":[{\"@type\":\"SearchAction\",\"target\":{\"@type\":\"EntryPoint\",\"urlTemplate\":\"https:\/\/mefp.grupopiquer.com\/inscripciones\/?s={search_term_string}\"},\"query-input\":{\"@type\":\"PropertyValueSpecification\",\"valueRequired\":true,\"valueName\":\"search_term_string\"}}],\"inLanguage\":\"es\"},{\"@type\":\"Organization\",\"@id\":\"https:\/\/mefp.grupopiquer.com\/inscripciones\/#organization\",\"name\":\"Contenidos Online\",\"url\":\"https:\/\/mefp.grupopiquer.com\/inscripciones\/\",\"logo\":{\"@type\":\"ImageObject\",\"inLanguage\":\"es\",\"@id\":\"https:\/\/mefp.grupopiquer.com\/inscripciones\/#\/schema\/logo\/image\/\",\"url\":\"\",\"contentUrl\":\"\",\"caption\":\"Contenidos Online\"},\"image\":{\"@id\":\"https:\/\/mefp.grupopiquer.com\/inscripciones\/#\/schema\/logo\/image\/\"}}]}<\/script>\n<!-- \/ Yoast SEO plugin. -->","yoast_head_json":{"title":"SSCE155PO - Acompa\u00f1ante de Transporte Escolar (30 horas) - Contenidos Online","robots":{"index":"index","follow":"follow","max-snippet":"max-snippet:-1","max-image-preview":"max-image-preview:large","max-video-preview":"max-video-preview:-1"},"canonical":"https:\/\/mefp.grupopiquer.com\/inscripciones\/producto\/ssce155po-acompanante-de-transporte-escolar-30-horas\/","og_locale":"es_ES","og_type":"article","og_title":"SSCE155PO - Acompa\u00f1ante de Transporte Escolar (30 horas) - Contenidos Online","og_description":"Conocer la normativa sobre el Transporte escolar y de menores, su contenido y correcto uso, as\u00ed como las t\u00e9cnicas adecuadas para una conducci\u00f3n preventiva y actuaci\u00f3n, en caso de accidente.","og_url":"https:\/\/mefp.grupopiquer.com\/inscripciones\/producto\/ssce155po-acompanante-de-transporte-escolar-30-horas\/","og_site_name":"Contenidos Online","article_modified_time":"2023-05-15T08:06:32+00:00","og_image":[{"width":1680,"height":945,"url":"https:\/\/mefp.grupopiquer.com\/inscripciones\/wp-content\/uploads\/2023\/05\/fJBd0m4NsCXk1w10_Q68c7G05qDEEYgF2-e1683190451367.jpg","type":"image\/jpeg"}],"twitter_card":"summary_large_image","twitter_misc":{"Tiempo de lectura":"3 minutos"},"schema":{"@context":"https:\/\/schema.org","@graph":[{"@type":"WebPage","@id":"https:\/\/mefp.grupopiquer.com\/inscripciones\/producto\/ssce155po-acompanante-de-transporte-escolar-30-horas\/","url":"https:\/\/mefp.grupopiquer.com\/inscripciones\/producto\/ssce155po-acompanante-de-transporte-escolar-30-horas\/","name":"SSCE155PO - Acompa\u00f1ante de Transporte Escolar (30 horas) - Contenidos Online","isPartOf":{"@id":"https:\/\/mefp.grupopiquer.com\/inscripciones\/#website"},"primaryImageOfPage":{"@id":"https:\/\/mefp.grupopiquer.com\/inscripciones\/producto\/ssce155po-acompanante-de-transporte-escolar-30-horas\/#primaryimage"},"image":{"@id":"https:\/\/mefp.grupopiquer.com\/inscripciones\/producto\/ssce155po-acompanante-de-transporte-escolar-30-horas\/#primaryimage"},"thumbnailUrl":"https:\/\/mefp.grupopiquer.com\/inscripciones\/wp-content\/uploads\/2023\/05\/fJBd0m4NsCXk1w10_Q68c7G05qDEEYgF2-e1683190451367.jpg","datePublished":"2023-05-02T11:20:50+00:00","dateModified":"2023-05-15T08:06:32+00:00","breadcrumb":{"@id":"https:\/\/mefp.grupopiquer.com\/inscripciones\/producto\/ssce155po-acompanante-de-transporte-escolar-30-horas\/#breadcrumb"},"inLanguage":"es","potentialAction":[{"@type":"ReadAction","target":["https:\/\/mefp.grupopiquer.com\/inscripciones\/producto\/ssce155po-acompanante-de-transporte-escolar-30-horas\/"]}]},{"@type":"ImageObject","inLanguage":"es","@id":"https:\/\/mefp.grupopiquer.com\/inscripciones\/producto\/ssce155po-acompanante-de-transporte-escolar-30-horas\/#primaryimage","url":"https:\/\/mefp.grupopiquer.com\/inscripciones\/wp-content\/uploads\/2023\/05\/fJBd0m4NsCXk1w10_Q68c7G05qDEEYgF2-e1683190451367.jpg","contentUrl":"https:\/\/mefp.grupopiquer.com\/inscripciones\/wp-content\/uploads\/2023\/05\/fJBd0m4NsCXk1w10_Q68c7G05qDEEYgF2-e1683190451367.jpg","width":1680,"height":945},{"@type":"BreadcrumbList","@id":"https:\/\/mefp.grupopiquer.com\/inscripciones\/producto\/ssce155po-acompanante-de-transporte-escolar-30-horas\/#breadcrumb","itemListElement":[{"@type":"ListItem","position":1,"name":"Portada","item":"https:\/\/mefp.grupopiquer.com\/inscripciones\/"},{"@type":"ListItem","position":2,"name":"Tienda","item":"https:\/\/mefp.grupopiquer.com\/inscripciones\/tienda\/"},{"@type":"ListItem","position":3,"name":"SSCE155PO &#8211; Acompa\u00f1ante de Transporte Escolar (30 horas)"}]},{"@type":"WebSite","@id":"https:\/\/mefp.grupopiquer.com\/inscripciones\/#website","url":"https:\/\/mefp.grupopiquer.com\/inscripciones\/","name":"Contenidos Online","description":"","publisher":{"@id":"https:\/\/mefp.grupopiquer.com\/inscripciones\/#organization"},"potentialAction":[{"@type":"SearchAction","target":{"@type":"EntryPoint","urlTemplate":"https:\/\/mefp.grupopiquer.com\/inscripciones\/?s={search_term_string}"},"query-input":{"@type":"PropertyValueSpecification","valueRequired":true,"valueName":"search_term_string"}}],"inLanguage":"es"},{"@type":"Organization","@id":"https:\/\/mefp.grupopiquer.com\/inscripciones\/#organization","name":"Contenidos Online","url":"https:\/\/mefp.grupopiquer.com\/inscripciones\/","logo":{"@type":"ImageObject","inLanguage":"es","@id":"https:\/\/mefp.grupopiquer.com\/inscripciones\/#\/schema\/logo\/image\/","url":"","contentUrl":"","caption":"Contenidos Online"},"image":{"@id":"https:\/\/mefp.grupopiquer.com\/inscripciones\/#\/schema\/logo\/image\/"}}]}},"_links":{"self":[{"href":"https:\/\/mefp.grupopiquer.com\/inscripciones\/wp-json\/wp\/v2\/product\/4679"}],"collection":[{"href":"https:\/\/mefp.grupopiquer.com\/inscripciones\/wp-json\/wp\/v2\/product"}],"about":[{"href":"https:\/\/mefp.grupopiquer.com\/inscripciones\/wp-json\/wp\/v2\/types\/product"}],"replies":[{"embeddable":true,"href":"https:\/\/mefp.grupopiquer.com\/inscripciones\/wp-json\/wp\/v2\/comments?post=4679"}],"wp:featuredmedia":[{"embeddable":true,"href":"https:\/\/mefp.grupopiquer.com\/inscripciones\/wp-json\/wp\/v2\/media\/4889"}],"wp:attachment":[{"href":"https:\/\/mefp.grupopiquer.com\/inscripciones\/wp-json\/wp\/v2\/media?parent=4679"}],"wp:term":[{"taxonomy":"product_cat","embeddable":true,"href":"https:\/\/mefp.grupopiquer.com\/inscripciones\/wp-json\/wp\/v2\/product_cat?post=4679"},{"taxonomy":"product_tag","embeddable":true,"href":"https:\/\/mefp.grupopiquer.com\/inscripciones\/wp-json\/wp\/v2\/product_tag?post=4679"}],"curies":[{"name":"wp","href":"https:\/\/api.w.org\/{rel}","templated":true}]}}