{"id":4674,"date":"2023-05-02T11:20:40","date_gmt":"2023-05-02T11:20:40","guid":{"rendered":"https:\/\/mefp.grupopiquer.com\/inscripciones\/producto\/ssce138po-recursos-web-2-0-35-horas\/"},"modified":"2023-05-15T08:09:08","modified_gmt":"2023-05-15T08:09:08","slug":"ssce138po-recursos-web-2-0-35-horas","status":"publish","type":"product","link":"https:\/\/mefp.grupopiquer.com\/inscripciones\/producto\/ssce138po-recursos-web-2-0-35-horas\/","title":{"rendered":"SSCE138PO &#8211; Recursos Web 2.0 (35 horas)"},"content":{"rendered":"<div id=\"accordion\">\n<h3>Objetivos<\/h3>\n<div>Utilizar la web 2.0 como recurso educativo.<\/div>\n<h3>Contenidos<\/h3>\n<div>\n<p>1. INTRODUCCI\u00d3N A LAS NUEVAS TECNOLOG\u00cdAS APLICADAS A LA EDUCACI\u00d3N. USO DE INTERNET, REDES SOCIALES Y SU APLICACI\u00d3N DOCENTE. WEB 2.0.<\/p>\n<p>2. CREAR UNA CUENTA GMAIL. HERRAMIENTAS DEL GMAIL, VARIAS APLICACIONES DE GOOGLE. EXPLORAR LAS POSIBILIDADES DE GOOGLE MAPS.<\/p>\n<p>3. EDITAR CON EL GOOGLE SITIES UN ESPACIO PARA TRABAJAR LOS SIGUIENTES TEMAS: EXPLORACI\u00d3N DE LAS POSIBILIDADES DEL GOOGLE APPS PARA CONFECCIONAR Y HACER USO DE LOS SERVICIOS QUE ACAD\u00c9MICOS QUE FACILITA, HACIENDO USO DE LA DIRECCI\u00d3N DE CORREO ASOCIADA A UN DOMINIO DETERMINADO DEL CENTRO.<\/p>\n<p>4. ESPACIOS WEB: MOODLE Y \u00c1GORA. FUNCIONAMIENTO Y ESTRUCTURA.<\/p>\n<p>5. PR\u00c1CTICAS CON GOOGLE SITIES Y MOODLE.<\/p>\n<p>6. ESTRUCTURACI\u00d3N DE UNA PROPUESTA DE CATALOGACI\u00d3N DE RECURSOS A PARTIR DE HERRAMIENTAS DE ETIQUETADO SOCIAL COMO DELICIOUS Y MR. WONG.<\/p>\n<p>7. GOOGLE WAVE Y SUS POSIBLES APLICACIONES EDUCATIVAS.<\/p>\n<p>8. REDES SOCIALES: FUNCIONAMIENTO, APLICACIONES, PRIVACIDAD&#8230;<\/p>\n<p>9. EDICI\u00d3N DE BLOGS Y SUS POSIBILIDADES EDUCATIVAS.<\/p>\n<p>10. SOFTWARE LIBRE (TIPOS DE PROGRAMAS M\u00c1S UTILIZADOS EN LA ESCUELA Y SU FUNCIONAMIENTO). SISTEMA OPERATIVO LINUX.<\/p>\n<p>11. PR\u00c1CTICAS CON SOFTWARE LIBRE.<\/p>\n<p>12. COMPRAR POR INTERNET: ANALIZAR LAS MEJORES WEBS. COMO REALIZAR ESTAS OPERACIONES DE UNA FORMA SEGURA.<\/p>\n<\/div>\n<\/div>\n","protected":false},"excerpt":{"rendered":"<p>Utilizar la web 2.0 como recurso educativo.<\/p>\n","protected":false},"featured_media":4890,"comment_status":"closed","ping_status":"closed","template":"","meta":[],"product_cat":[103],"product_tag":[],"class_list":{"0":"post-4674","1":"product","2":"type-product","3":"status-publish","4":"has-post-thumbnail","6":"product_cat-formacion-y-educacion","8":"first","9":"instock","10":"taxable","11":"shipping-taxable","12":"purchasable","13":"product-type-simple"},"yoast_head":"<!-- This site is optimized with the Yoast SEO plugin v23.5 - https:\/\/yoast.com\/wordpress\/plugins\/seo\/ -->\n<title>SSCE138PO - Recursos Web 2.0 (35 horas) - Contenidos Online<\/title>\n<meta name=\"robots\" content=\"index, follow, max-snippet:-1, max-image-preview:large, max-video-preview:-1\" \/>\n<link rel=\"canonical\" href=\"https:\/\/mefp.grupopiquer.com\/inscripciones\/producto\/ssce138po-recursos-web-2-0-35-horas\/\" \/>\n<meta property=\"og:locale\" content=\"es_ES\" \/>\n<meta property=\"og:type\" content=\"article\" \/>\n<meta property=\"og:title\" content=\"SSCE138PO - Recursos Web 2.0 (35 horas) - Contenidos Online\" \/>\n<meta property=\"og:description\" content=\"Utilizar la web 2.0 como recurso educativo.\" \/>\n<meta property=\"og:url\" content=\"https:\/\/mefp.grupopiquer.com\/inscripciones\/producto\/ssce138po-recursos-web-2-0-35-horas\/\" \/>\n<meta property=\"og:site_name\" content=\"Contenidos Online\" \/>\n<meta property=\"article:modified_time\" content=\"2023-05-15T08:09:08+00:00\" \/>\n<meta property=\"og:image\" content=\"https:\/\/mefp.grupopiquer.com\/inscripciones\/wp-content\/uploads\/2023\/05\/uLWle_5YcputRJMz_D8miwBXBQyRPNLnM-stock-image-e1683190613538.jpg\" \/>\n\t<meta property=\"og:image:width\" content=\"1680\" \/>\n\t<meta property=\"og:image:height\" content=\"945\" \/>\n\t<meta property=\"og:image:type\" content=\"image\/jpeg\" \/>\n<meta name=\"twitter:card\" content=\"summary_large_image\" \/>\n<meta name=\"twitter:label1\" content=\"Tiempo de lectura\" \/>\n\t<meta name=\"twitter:data1\" content=\"1 minuto\" \/>\n<script type=\"application\/ld+json\" class=\"yoast-schema-graph\">{\"@context\":\"https:\/\/schema.org\",\"@graph\":[{\"@type\":\"WebPage\",\"@id\":\"https:\/\/mefp.grupopiquer.com\/inscripciones\/producto\/ssce138po-recursos-web-2-0-35-horas\/\",\"url\":\"https:\/\/mefp.grupopiquer.com\/inscripciones\/producto\/ssce138po-recursos-web-2-0-35-horas\/\",\"name\":\"SSCE138PO - Recursos Web 2.0 (35 horas) - Contenidos Online\",\"isPartOf\":{\"@id\":\"https:\/\/mefp.grupopiquer.com\/inscripciones\/#website\"},\"primaryImageOfPage\":{\"@id\":\"https:\/\/mefp.grupopiquer.com\/inscripciones\/producto\/ssce138po-recursos-web-2-0-35-horas\/#primaryimage\"},\"image\":{\"@id\":\"https:\/\/mefp.grupopiquer.com\/inscripciones\/producto\/ssce138po-recursos-web-2-0-35-horas\/#primaryimage\"},\"thumbnailUrl\":\"https:\/\/mefp.grupopiquer.com\/inscripciones\/wp-content\/uploads\/2023\/05\/uLWle_5YcputRJMz_D8miwBXBQyRPNLnM-stock-image-e1683190613538.jpg\",\"datePublished\":\"2023-05-02T11:20:40+00:00\",\"dateModified\":\"2023-05-15T08:09:08+00:00\",\"breadcrumb\":{\"@id\":\"https:\/\/mefp.grupopiquer.com\/inscripciones\/producto\/ssce138po-recursos-web-2-0-35-horas\/#breadcrumb\"},\"inLanguage\":\"es\",\"potentialAction\":[{\"@type\":\"ReadAction\",\"target\":[\"https:\/\/mefp.grupopiquer.com\/inscripciones\/producto\/ssce138po-recursos-web-2-0-35-horas\/\"]}]},{\"@type\":\"ImageObject\",\"inLanguage\":\"es\",\"@id\":\"https:\/\/mefp.grupopiquer.com\/inscripciones\/producto\/ssce138po-recursos-web-2-0-35-horas\/#primaryimage\",\"url\":\"https:\/\/mefp.grupopiquer.com\/inscripciones\/wp-content\/uploads\/2023\/05\/uLWle_5YcputRJMz_D8miwBXBQyRPNLnM-stock-image-e1683190613538.jpg\",\"contentUrl\":\"https:\/\/mefp.grupopiquer.com\/inscripciones\/wp-content\/uploads\/2023\/05\/uLWle_5YcputRJMz_D8miwBXBQyRPNLnM-stock-image-e1683190613538.jpg\",\"width\":1680,\"height\":945},{\"@type\":\"BreadcrumbList\",\"@id\":\"https:\/\/mefp.grupopiquer.com\/inscripciones\/producto\/ssce138po-recursos-web-2-0-35-horas\/#breadcrumb\",\"itemListElement\":[{\"@type\":\"ListItem\",\"position\":1,\"name\":\"Portada\",\"item\":\"https:\/\/mefp.grupopiquer.com\/inscripciones\/\"},{\"@type\":\"ListItem\",\"position\":2,\"name\":\"Tienda\",\"item\":\"https:\/\/mefp.grupopiquer.com\/inscripciones\/tienda\/\"},{\"@type\":\"ListItem\",\"position\":3,\"name\":\"SSCE138PO &#8211; Recursos Web 2.0 (35 horas)\"}]},{\"@type\":\"WebSite\",\"@id\":\"https:\/\/mefp.grupopiquer.com\/inscripciones\/#website\",\"url\":\"https:\/\/mefp.grupopiquer.com\/inscripciones\/\",\"name\":\"Contenidos Online\",\"description\":\"\",\"publisher\":{\"@id\":\"https:\/\/mefp.grupopiquer.com\/inscripciones\/#organization\"},\"potentialAction\":[{\"@type\":\"SearchAction\",\"target\":{\"@type\":\"EntryPoint\",\"urlTemplate\":\"https:\/\/mefp.grupopiquer.com\/inscripciones\/?s={search_term_string}\"},\"query-input\":{\"@type\":\"PropertyValueSpecification\",\"valueRequired\":true,\"valueName\":\"search_term_string\"}}],\"inLanguage\":\"es\"},{\"@type\":\"Organization\",\"@id\":\"https:\/\/mefp.grupopiquer.com\/inscripciones\/#organization\",\"name\":\"Contenidos Online\",\"url\":\"https:\/\/mefp.grupopiquer.com\/inscripciones\/\",\"logo\":{\"@type\":\"ImageObject\",\"inLanguage\":\"es\",\"@id\":\"https:\/\/mefp.grupopiquer.com\/inscripciones\/#\/schema\/logo\/image\/\",\"url\":\"\",\"contentUrl\":\"\",\"caption\":\"Contenidos Online\"},\"image\":{\"@id\":\"https:\/\/mefp.grupopiquer.com\/inscripciones\/#\/schema\/logo\/image\/\"}}]}<\/script>\n<!-- \/ Yoast SEO plugin. -->","yoast_head_json":{"title":"SSCE138PO - Recursos Web 2.0 (35 horas) - Contenidos Online","robots":{"index":"index","follow":"follow","max-snippet":"max-snippet:-1","max-image-preview":"max-image-preview:large","max-video-preview":"max-video-preview:-1"},"canonical":"https:\/\/mefp.grupopiquer.com\/inscripciones\/producto\/ssce138po-recursos-web-2-0-35-horas\/","og_locale":"es_ES","og_type":"article","og_title":"SSCE138PO - Recursos Web 2.0 (35 horas) - Contenidos Online","og_description":"Utilizar la web 2.0 como recurso educativo.","og_url":"https:\/\/mefp.grupopiquer.com\/inscripciones\/producto\/ssce138po-recursos-web-2-0-35-horas\/","og_site_name":"Contenidos Online","article_modified_time":"2023-05-15T08:09:08+00:00","og_image":[{"width":1680,"height":945,"url":"https:\/\/mefp.grupopiquer.com\/inscripciones\/wp-content\/uploads\/2023\/05\/uLWle_5YcputRJMz_D8miwBXBQyRPNLnM-stock-image-e1683190613538.jpg","type":"image\/jpeg"}],"twitter_card":"summary_large_image","twitter_misc":{"Tiempo de lectura":"1 minuto"},"schema":{"@context":"https:\/\/schema.org","@graph":[{"@type":"WebPage","@id":"https:\/\/mefp.grupopiquer.com\/inscripciones\/producto\/ssce138po-recursos-web-2-0-35-horas\/","url":"https:\/\/mefp.grupopiquer.com\/inscripciones\/producto\/ssce138po-recursos-web-2-0-35-horas\/","name":"SSCE138PO - Recursos Web 2.0 (35 horas) - Contenidos Online","isPartOf":{"@id":"https:\/\/mefp.grupopiquer.com\/inscripciones\/#website"},"primaryImageOfPage":{"@id":"https:\/\/mefp.grupopiquer.com\/inscripciones\/producto\/ssce138po-recursos-web-2-0-35-horas\/#primaryimage"},"image":{"@id":"https:\/\/mefp.grupopiquer.com\/inscripciones\/producto\/ssce138po-recursos-web-2-0-35-horas\/#primaryimage"},"thumbnailUrl":"https:\/\/mefp.grupopiquer.com\/inscripciones\/wp-content\/uploads\/2023\/05\/uLWle_5YcputRJMz_D8miwBXBQyRPNLnM-stock-image-e1683190613538.jpg","datePublished":"2023-05-02T11:20:40+00:00","dateModified":"2023-05-15T08:09:08+00:00","breadcrumb":{"@id":"https:\/\/mefp.grupopiquer.com\/inscripciones\/producto\/ssce138po-recursos-web-2-0-35-horas\/#breadcrumb"},"inLanguage":"es","potentialAction":[{"@type":"ReadAction","target":["https:\/\/mefp.grupopiquer.com\/inscripciones\/producto\/ssce138po-recursos-web-2-0-35-horas\/"]}]},{"@type":"ImageObject","inLanguage":"es","@id":"https:\/\/mefp.grupopiquer.com\/inscripciones\/producto\/ssce138po-recursos-web-2-0-35-horas\/#primaryimage","url":"https:\/\/mefp.grupopiquer.com\/inscripciones\/wp-content\/uploads\/2023\/05\/uLWle_5YcputRJMz_D8miwBXBQyRPNLnM-stock-image-e1683190613538.jpg","contentUrl":"https:\/\/mefp.grupopiquer.com\/inscripciones\/wp-content\/uploads\/2023\/05\/uLWle_5YcputRJMz_D8miwBXBQyRPNLnM-stock-image-e1683190613538.jpg","width":1680,"height":945},{"@type":"BreadcrumbList","@id":"https:\/\/mefp.grupopiquer.com\/inscripciones\/producto\/ssce138po-recursos-web-2-0-35-horas\/#breadcrumb","itemListElement":[{"@type":"ListItem","position":1,"name":"Portada","item":"https:\/\/mefp.grupopiquer.com\/inscripciones\/"},{"@type":"ListItem","position":2,"name":"Tienda","item":"https:\/\/mefp.grupopiquer.com\/inscripciones\/tienda\/"},{"@type":"ListItem","position":3,"name":"SSCE138PO &#8211; Recursos Web 2.0 (35 horas)"}]},{"@type":"WebSite","@id":"https:\/\/mefp.grupopiquer.com\/inscripciones\/#website","url":"https:\/\/mefp.grupopiquer.com\/inscripciones\/","name":"Contenidos Online","description":"","publisher":{"@id":"https:\/\/mefp.grupopiquer.com\/inscripciones\/#organization"},"potentialAction":[{"@type":"SearchAction","target":{"@type":"EntryPoint","urlTemplate":"https:\/\/mefp.grupopiquer.com\/inscripciones\/?s={search_term_string}"},"query-input":{"@type":"PropertyValueSpecification","valueRequired":true,"valueName":"search_term_string"}}],"inLanguage":"es"},{"@type":"Organization","@id":"https:\/\/mefp.grupopiquer.com\/inscripciones\/#organization","name":"Contenidos Online","url":"https:\/\/mefp.grupopiquer.com\/inscripciones\/","logo":{"@type":"ImageObject","inLanguage":"es","@id":"https:\/\/mefp.grupopiquer.com\/inscripciones\/#\/schema\/logo\/image\/","url":"","contentUrl":"","caption":"Contenidos Online"},"image":{"@id":"https:\/\/mefp.grupopiquer.com\/inscripciones\/#\/schema\/logo\/image\/"}}]}},"_links":{"self":[{"href":"https:\/\/mefp.grupopiquer.com\/inscripciones\/wp-json\/wp\/v2\/product\/4674"}],"collection":[{"href":"https:\/\/mefp.grupopiquer.com\/inscripciones\/wp-json\/wp\/v2\/product"}],"about":[{"href":"https:\/\/mefp.grupopiquer.com\/inscripciones\/wp-json\/wp\/v2\/types\/product"}],"replies":[{"embeddable":true,"href":"https:\/\/mefp.grupopiquer.com\/inscripciones\/wp-json\/wp\/v2\/comments?post=4674"}],"wp:featuredmedia":[{"embeddable":true,"href":"https:\/\/mefp.grupopiquer.com\/inscripciones\/wp-json\/wp\/v2\/media\/4890"}],"wp:attachment":[{"href":"https:\/\/mefp.grupopiquer.com\/inscripciones\/wp-json\/wp\/v2\/media?parent=4674"}],"wp:term":[{"taxonomy":"product_cat","embeddable":true,"href":"https:\/\/mefp.grupopiquer.com\/inscripciones\/wp-json\/wp\/v2\/product_cat?post=4674"},{"taxonomy":"product_tag","embeddable":true,"href":"https:\/\/mefp.grupopiquer.com\/inscripciones\/wp-json\/wp\/v2\/product_tag?post=4674"}],"curies":[{"name":"wp","href":"https:\/\/api.w.org\/{rel}","templated":true}]}}