{"id":4666,"date":"2023-05-02T11:19:53","date_gmt":"2023-05-02T11:19:53","guid":{"rendered":"https:\/\/mefp.grupopiquer.com\/inscripciones\/producto\/ssce088po-inteligencia-emocional-para-docentes-60-horas\/"},"modified":"2023-06-01T11:03:59","modified_gmt":"2023-06-01T11:03:59","slug":"ssce088po-inteligencia-emocional-para-docentes-60-horas","status":"publish","type":"product","link":"https:\/\/mefp.grupopiquer.com\/inscripciones\/producto\/ssce088po-inteligencia-emocional-para-docentes-60-horas\/","title":{"rendered":"SSCE088PO &#8211; Inteligencia Emocional para Docentes (60 horas)"},"content":{"rendered":"<div id=\"accordion\">\n<h3>Objetivos<\/h3>\n<div>Utilizar eficazmente los modelos, instrumentos de evaluaci\u00f3n y tratamiento de la inteligencia emocional en el aula.<\/div>\n<h3>Contenidos<\/h3>\n<div>\n<p>1.-CONCEPTUALIZACION DE INTELIGENCIA EMOCIONAL<br \/>\n1.1. El origen de la inteligencia emocional.<br \/>\n1.2. Componentes de las emociones.<br \/>\n1.3. Las emociones en el aprendizaje.<br \/>\n1.4.- Aprendizaje cooperativo: ventajas acad\u00e9micas y afectivas. T\u00e9cnicas de aprendizaje cooperativo.<\/p>\n<p>2. EMOCIONES, INTELIGENCIA Y EDUCACI\u00d3N EMOCIONAL<br \/>\n2.1. El estallido emocional: la estructura del cerebro. &#8211; El cerebro emocional.<br \/>\n2.2. Entendiendo el miedo, la ira, la depresi\u00f3n, tristeza y apat\u00eda.<br \/>\n2.3. T\u00e9cnicas para el control emocional<\/p>\n<p>3. MODELOS TE\u00d3RICOS EN INTELIGENCIA EMOCIONAL<br \/>\n3.1. Los componentes de la motivaci\u00f3n. &#8211; Las claves de la motivaci\u00f3n: autoestima, valores y afecto. &#8211;<br \/>\nT\u00e9cnicas de automotivaci\u00f3n. &#8211; C\u00f3mo motivar para el estudio y el aprendizaje.<br \/>\n3.2. La empat\u00eda &#8211; El lenguaje de los sentimientos y las emociones: tres herramientas para la empat\u00eda. &#8211; El lenguaje no verbal. &#8211; Las emociones primarias y secundarias. &#8211; T\u00e9cnicas de escucha emp\u00e1tica. &#8211; Escucha activa y asertividad.<\/p>\n<p>4.-INTELIGENCIA EMOCIONAL Y RENDIMIENTO ESCOLAR<\/p>\n<p>5.-LA EDUCACI\u00d3N EMOCIONAL EN EDUCACI\u00d3N INFANTIL<\/p>\n<p>6.-LA EDUCACI\u00d3N EMOCIONAL EN EDUCACI\u00d3N PRIMARIA<\/p>\n<p>7. LA EDUCACI\u00d3N EMOCIONAL EN EDUCACI\u00d3N SECUNDARIA<\/p>\n<p>8. LOS PADRES Y LOS DOCENTES, LOS PRIMEROS LA COMUNICACI\u00d3N EN EL APRENDIZAJE. &#8211;<br \/>\nAprender a discutir. &#8211; Los conflictos en el aula. &#8211; T\u00e9cnicas para manejar conflictos y negociaciones. &#8211;<br \/>\nAprendiendo a emprender: responsabilidad compartida. &#8211; Liderazgo.<\/p>\n<p>9. EVALUACI\u00d3N DE LA INTELIGENCIA EMOCIONAL<\/p>\n<p>10.-INTERVENCION EN EL AULA.<\/p>\n<\/div>\n<\/div>\n","protected":false},"excerpt":{"rendered":"<p>Utilizar eficazmente los modelos, instrumentos de evaluaci\u00f3n y tratamiento de la inteligencia emocional en el aula.<\/p>\n","protected":false},"featured_media":4896,"comment_status":"closed","ping_status":"closed","template":"","meta":[],"product_cat":[103],"product_tag":[],"class_list":{"0":"post-4666","1":"product","2":"type-product","3":"status-publish","4":"has-post-thumbnail","6":"product_cat-formacion-y-educacion","8":"first","9":"instock","10":"taxable","11":"shipping-taxable","12":"purchasable","13":"product-type-simple"},"yoast_head":"<!-- This site is optimized with the Yoast SEO plugin v23.5 - https:\/\/yoast.com\/wordpress\/plugins\/seo\/ -->\n<title>SSCE088PO - Inteligencia Emocional para Docentes (60 horas) - Contenidos Online<\/title>\n<meta name=\"robots\" content=\"index, follow, max-snippet:-1, max-image-preview:large, max-video-preview:-1\" \/>\n<link rel=\"canonical\" href=\"https:\/\/mefp.grupopiquer.com\/inscripciones\/producto\/ssce088po-inteligencia-emocional-para-docentes-60-horas\/\" \/>\n<meta property=\"og:locale\" content=\"es_ES\" \/>\n<meta property=\"og:type\" content=\"article\" \/>\n<meta property=\"og:title\" content=\"SSCE088PO - Inteligencia Emocional para Docentes (60 horas) - Contenidos Online\" \/>\n<meta property=\"og:description\" content=\"Utilizar eficazmente los modelos, instrumentos de evaluaci\u00f3n y tratamiento de la inteligencia emocional en el aula.\" \/>\n<meta property=\"og:url\" content=\"https:\/\/mefp.grupopiquer.com\/inscripciones\/producto\/ssce088po-inteligencia-emocional-para-docentes-60-horas\/\" \/>\n<meta property=\"og:site_name\" content=\"Contenidos Online\" \/>\n<meta property=\"article:modified_time\" content=\"2023-06-01T11:03:59+00:00\" \/>\n<meta property=\"og:image\" content=\"https:\/\/mefp.grupopiquer.com\/inscripciones\/wp-content\/uploads\/2023\/05\/hMBn6yFcqJxaurzF_RS8HyDbfFL2IHUeM.jpg\" \/>\n\t<meta property=\"og:image:width\" content=\"1680\" \/>\n\t<meta property=\"og:image:height\" content=\"945\" \/>\n\t<meta property=\"og:image:type\" content=\"image\/jpeg\" \/>\n<meta name=\"twitter:card\" content=\"summary_large_image\" \/>\n<meta name=\"twitter:label1\" content=\"Tiempo de lectura\" \/>\n\t<meta name=\"twitter:data1\" content=\"1 minuto\" \/>\n<script type=\"application\/ld+json\" class=\"yoast-schema-graph\">{\"@context\":\"https:\/\/schema.org\",\"@graph\":[{\"@type\":\"WebPage\",\"@id\":\"https:\/\/mefp.grupopiquer.com\/inscripciones\/producto\/ssce088po-inteligencia-emocional-para-docentes-60-horas\/\",\"url\":\"https:\/\/mefp.grupopiquer.com\/inscripciones\/producto\/ssce088po-inteligencia-emocional-para-docentes-60-horas\/\",\"name\":\"SSCE088PO - Inteligencia Emocional para Docentes (60 horas) - Contenidos Online\",\"isPartOf\":{\"@id\":\"https:\/\/mefp.grupopiquer.com\/inscripciones\/#website\"},\"primaryImageOfPage\":{\"@id\":\"https:\/\/mefp.grupopiquer.com\/inscripciones\/producto\/ssce088po-inteligencia-emocional-para-docentes-60-horas\/#primaryimage\"},\"image\":{\"@id\":\"https:\/\/mefp.grupopiquer.com\/inscripciones\/producto\/ssce088po-inteligencia-emocional-para-docentes-60-horas\/#primaryimage\"},\"thumbnailUrl\":\"https:\/\/mefp.grupopiquer.com\/inscripciones\/wp-content\/uploads\/2023\/05\/hMBn6yFcqJxaurzF_RS8HyDbfFL2IHUeM.jpg\",\"datePublished\":\"2023-05-02T11:19:53+00:00\",\"dateModified\":\"2023-06-01T11:03:59+00:00\",\"breadcrumb\":{\"@id\":\"https:\/\/mefp.grupopiquer.com\/inscripciones\/producto\/ssce088po-inteligencia-emocional-para-docentes-60-horas\/#breadcrumb\"},\"inLanguage\":\"es\",\"potentialAction\":[{\"@type\":\"ReadAction\",\"target\":[\"https:\/\/mefp.grupopiquer.com\/inscripciones\/producto\/ssce088po-inteligencia-emocional-para-docentes-60-horas\/\"]}]},{\"@type\":\"ImageObject\",\"inLanguage\":\"es\",\"@id\":\"https:\/\/mefp.grupopiquer.com\/inscripciones\/producto\/ssce088po-inteligencia-emocional-para-docentes-60-horas\/#primaryimage\",\"url\":\"https:\/\/mefp.grupopiquer.com\/inscripciones\/wp-content\/uploads\/2023\/05\/hMBn6yFcqJxaurzF_RS8HyDbfFL2IHUeM.jpg\",\"contentUrl\":\"https:\/\/mefp.grupopiquer.com\/inscripciones\/wp-content\/uploads\/2023\/05\/hMBn6yFcqJxaurzF_RS8HyDbfFL2IHUeM.jpg\",\"width\":1680,\"height\":945},{\"@type\":\"BreadcrumbList\",\"@id\":\"https:\/\/mefp.grupopiquer.com\/inscripciones\/producto\/ssce088po-inteligencia-emocional-para-docentes-60-horas\/#breadcrumb\",\"itemListElement\":[{\"@type\":\"ListItem\",\"position\":1,\"name\":\"Portada\",\"item\":\"https:\/\/mefp.grupopiquer.com\/inscripciones\/\"},{\"@type\":\"ListItem\",\"position\":2,\"name\":\"Tienda\",\"item\":\"https:\/\/mefp.grupopiquer.com\/inscripciones\/tienda\/\"},{\"@type\":\"ListItem\",\"position\":3,\"name\":\"SSCE088PO &#8211; Inteligencia Emocional para Docentes (60 horas)\"}]},{\"@type\":\"WebSite\",\"@id\":\"https:\/\/mefp.grupopiquer.com\/inscripciones\/#website\",\"url\":\"https:\/\/mefp.grupopiquer.com\/inscripciones\/\",\"name\":\"Contenidos Online\",\"description\":\"\",\"publisher\":{\"@id\":\"https:\/\/mefp.grupopiquer.com\/inscripciones\/#organization\"},\"potentialAction\":[{\"@type\":\"SearchAction\",\"target\":{\"@type\":\"EntryPoint\",\"urlTemplate\":\"https:\/\/mefp.grupopiquer.com\/inscripciones\/?s={search_term_string}\"},\"query-input\":{\"@type\":\"PropertyValueSpecification\",\"valueRequired\":true,\"valueName\":\"search_term_string\"}}],\"inLanguage\":\"es\"},{\"@type\":\"Organization\",\"@id\":\"https:\/\/mefp.grupopiquer.com\/inscripciones\/#organization\",\"name\":\"Contenidos Online\",\"url\":\"https:\/\/mefp.grupopiquer.com\/inscripciones\/\",\"logo\":{\"@type\":\"ImageObject\",\"inLanguage\":\"es\",\"@id\":\"https:\/\/mefp.grupopiquer.com\/inscripciones\/#\/schema\/logo\/image\/\",\"url\":\"\",\"contentUrl\":\"\",\"caption\":\"Contenidos Online\"},\"image\":{\"@id\":\"https:\/\/mefp.grupopiquer.com\/inscripciones\/#\/schema\/logo\/image\/\"}}]}<\/script>\n<!-- \/ Yoast SEO plugin. -->","yoast_head_json":{"title":"SSCE088PO - Inteligencia Emocional para Docentes (60 horas) - Contenidos Online","robots":{"index":"index","follow":"follow","max-snippet":"max-snippet:-1","max-image-preview":"max-image-preview:large","max-video-preview":"max-video-preview:-1"},"canonical":"https:\/\/mefp.grupopiquer.com\/inscripciones\/producto\/ssce088po-inteligencia-emocional-para-docentes-60-horas\/","og_locale":"es_ES","og_type":"article","og_title":"SSCE088PO - Inteligencia Emocional para Docentes (60 horas) - Contenidos Online","og_description":"Utilizar eficazmente los modelos, instrumentos de evaluaci\u00f3n y tratamiento de la inteligencia emocional en el aula.","og_url":"https:\/\/mefp.grupopiquer.com\/inscripciones\/producto\/ssce088po-inteligencia-emocional-para-docentes-60-horas\/","og_site_name":"Contenidos Online","article_modified_time":"2023-06-01T11:03:59+00:00","og_image":[{"width":1680,"height":945,"url":"https:\/\/mefp.grupopiquer.com\/inscripciones\/wp-content\/uploads\/2023\/05\/hMBn6yFcqJxaurzF_RS8HyDbfFL2IHUeM.jpg","type":"image\/jpeg"}],"twitter_card":"summary_large_image","twitter_misc":{"Tiempo de lectura":"1 minuto"},"schema":{"@context":"https:\/\/schema.org","@graph":[{"@type":"WebPage","@id":"https:\/\/mefp.grupopiquer.com\/inscripciones\/producto\/ssce088po-inteligencia-emocional-para-docentes-60-horas\/","url":"https:\/\/mefp.grupopiquer.com\/inscripciones\/producto\/ssce088po-inteligencia-emocional-para-docentes-60-horas\/","name":"SSCE088PO - Inteligencia Emocional para Docentes (60 horas) - Contenidos Online","isPartOf":{"@id":"https:\/\/mefp.grupopiquer.com\/inscripciones\/#website"},"primaryImageOfPage":{"@id":"https:\/\/mefp.grupopiquer.com\/inscripciones\/producto\/ssce088po-inteligencia-emocional-para-docentes-60-horas\/#primaryimage"},"image":{"@id":"https:\/\/mefp.grupopiquer.com\/inscripciones\/producto\/ssce088po-inteligencia-emocional-para-docentes-60-horas\/#primaryimage"},"thumbnailUrl":"https:\/\/mefp.grupopiquer.com\/inscripciones\/wp-content\/uploads\/2023\/05\/hMBn6yFcqJxaurzF_RS8HyDbfFL2IHUeM.jpg","datePublished":"2023-05-02T11:19:53+00:00","dateModified":"2023-06-01T11:03:59+00:00","breadcrumb":{"@id":"https:\/\/mefp.grupopiquer.com\/inscripciones\/producto\/ssce088po-inteligencia-emocional-para-docentes-60-horas\/#breadcrumb"},"inLanguage":"es","potentialAction":[{"@type":"ReadAction","target":["https:\/\/mefp.grupopiquer.com\/inscripciones\/producto\/ssce088po-inteligencia-emocional-para-docentes-60-horas\/"]}]},{"@type":"ImageObject","inLanguage":"es","@id":"https:\/\/mefp.grupopiquer.com\/inscripciones\/producto\/ssce088po-inteligencia-emocional-para-docentes-60-horas\/#primaryimage","url":"https:\/\/mefp.grupopiquer.com\/inscripciones\/wp-content\/uploads\/2023\/05\/hMBn6yFcqJxaurzF_RS8HyDbfFL2IHUeM.jpg","contentUrl":"https:\/\/mefp.grupopiquer.com\/inscripciones\/wp-content\/uploads\/2023\/05\/hMBn6yFcqJxaurzF_RS8HyDbfFL2IHUeM.jpg","width":1680,"height":945},{"@type":"BreadcrumbList","@id":"https:\/\/mefp.grupopiquer.com\/inscripciones\/producto\/ssce088po-inteligencia-emocional-para-docentes-60-horas\/#breadcrumb","itemListElement":[{"@type":"ListItem","position":1,"name":"Portada","item":"https:\/\/mefp.grupopiquer.com\/inscripciones\/"},{"@type":"ListItem","position":2,"name":"Tienda","item":"https:\/\/mefp.grupopiquer.com\/inscripciones\/tienda\/"},{"@type":"ListItem","position":3,"name":"SSCE088PO &#8211; Inteligencia Emocional para Docentes (60 horas)"}]},{"@type":"WebSite","@id":"https:\/\/mefp.grupopiquer.com\/inscripciones\/#website","url":"https:\/\/mefp.grupopiquer.com\/inscripciones\/","name":"Contenidos Online","description":"","publisher":{"@id":"https:\/\/mefp.grupopiquer.com\/inscripciones\/#organization"},"potentialAction":[{"@type":"SearchAction","target":{"@type":"EntryPoint","urlTemplate":"https:\/\/mefp.grupopiquer.com\/inscripciones\/?s={search_term_string}"},"query-input":{"@type":"PropertyValueSpecification","valueRequired":true,"valueName":"search_term_string"}}],"inLanguage":"es"},{"@type":"Organization","@id":"https:\/\/mefp.grupopiquer.com\/inscripciones\/#organization","name":"Contenidos Online","url":"https:\/\/mefp.grupopiquer.com\/inscripciones\/","logo":{"@type":"ImageObject","inLanguage":"es","@id":"https:\/\/mefp.grupopiquer.com\/inscripciones\/#\/schema\/logo\/image\/","url":"","contentUrl":"","caption":"Contenidos Online"},"image":{"@id":"https:\/\/mefp.grupopiquer.com\/inscripciones\/#\/schema\/logo\/image\/"}}]}},"_links":{"self":[{"href":"https:\/\/mefp.grupopiquer.com\/inscripciones\/wp-json\/wp\/v2\/product\/4666"}],"collection":[{"href":"https:\/\/mefp.grupopiquer.com\/inscripciones\/wp-json\/wp\/v2\/product"}],"about":[{"href":"https:\/\/mefp.grupopiquer.com\/inscripciones\/wp-json\/wp\/v2\/types\/product"}],"replies":[{"embeddable":true,"href":"https:\/\/mefp.grupopiquer.com\/inscripciones\/wp-json\/wp\/v2\/comments?post=4666"}],"wp:featuredmedia":[{"embeddable":true,"href":"https:\/\/mefp.grupopiquer.com\/inscripciones\/wp-json\/wp\/v2\/media\/4896"}],"wp:attachment":[{"href":"https:\/\/mefp.grupopiquer.com\/inscripciones\/wp-json\/wp\/v2\/media?parent=4666"}],"wp:term":[{"taxonomy":"product_cat","embeddable":true,"href":"https:\/\/mefp.grupopiquer.com\/inscripciones\/wp-json\/wp\/v2\/product_cat?post=4666"},{"taxonomy":"product_tag","embeddable":true,"href":"https:\/\/mefp.grupopiquer.com\/inscripciones\/wp-json\/wp\/v2\/product_tag?post=4666"}],"curies":[{"name":"wp","href":"https:\/\/api.w.org\/{rel}","templated":true}]}}