{"id":4662,"date":"2023-05-02T11:19:40","date_gmt":"2023-05-02T11:19:40","guid":{"rendered":"https:\/\/mefp.grupopiquer.com\/inscripciones\/producto\/ssce075po-formacion-de-formadores-en-e-learning-120-horas\/"},"modified":"2023-05-16T10:37:50","modified_gmt":"2023-05-16T10:37:50","slug":"ssce075po-formacion-de-formadores-en-e-learning-120-horas","status":"publish","type":"product","link":"https:\/\/mefp.grupopiquer.com\/inscripciones\/producto\/ssce075po-formacion-de-formadores-en-e-learning-120-horas\/","title":{"rendered":"SSCE075PO &#8211; Formaci\u00f3n de Formadores en E-Learning (120 horas)"},"content":{"rendered":"<div id=\"accordion\">\n<h3>Objetivos<\/h3>\n<div>Aplicar los recursos que ofrece la red como medio para favorecer el aprendizaje en la formaci\u00f3n E-Learning.<\/div>\n<h3>Contenidos<\/h3>\n<div>\n1. LA FORMACI\u00d3N PROFESIONAL Y SU ORGANIZACI\u00d3N<\/p>\n<p>2. LAS NUEVAS TECNOLOG\u00cdAS COMO HERRAMIENTAS DE FORMACI\u00d3N: LA FORMACI\u00d3N ELEARNING<br \/>\n2.1. La educaci\u00f3n de adultos en Espa\u00f1a.<br \/>\n2.2. Nacimiento de la educaci\u00f3n a distancia y la formaci\u00f3n E-Learning.<br \/>\n2.3. Las posibilidades de Internet en la formaci\u00f3n: las plataformas virtuales de formaci\u00f3n.<\/p>\n<p>3. CREACI\u00d3N DE UN CURSO E-LEARNING: PLANIFICACI\u00d3N FORMATIVA<br \/>\n3.1. Introducci\u00f3n.<br \/>\n3.2. Determinaci\u00f3n y desarrollo de objetivos formativos.<br \/>\n3.3. Selecci\u00f3n y secuenciaci\u00f3n de contenidos.<br \/>\n3.4. Estrategias metodol\u00f3gicas.<br \/>\n3.5. Dise\u00f1o de actividades: Creaci\u00f3n de grupos de trabajo en la formaci\u00f3n On-line.<br \/>\n3.6. La documentaci\u00f3n en la Educaci\u00f3n a distancia.<\/p>\n<p>4. EL PAPEL DE LA COMUNICACI\u00d3N EN ENTORNOS VIRTUALES DE APRENDIZAJE<br \/>\n4.1. Teor\u00edas de aprendizaje y su aplicaci\u00f3n en la formaci\u00f3n e-Learning.<br \/>\n4.2. Funciones del formador: el formador como organizador y dinamizador del aula virtual.<br \/>\n4.3. El estilo de aprendizaje y su influencia en los procesos de formaci\u00f3n.<br \/>\n4.4. La comunicaci\u00f3n y la ense\u00f1anza en l\u00ednea: el feedback y la socializaci\u00f3n a trav\u00e9s de la red.<\/p>\n<p>5. LA EVALUACI\u00d3N EN ENTORNOS VIRTUALES DE APRENDIZAJE.<br \/>\n5.1. Necesidad de evaluar: concepto y utilidad.<br \/>\n5.2. Planificaci\u00f3n de la evaluaci\u00f3n.<br \/>\n5.3. Aspectos a evaluar: calidad de la formaci\u00f3n y grado de aprendizaje.<\/p>\n<p>6. HERRAMIENTAS MULTIMEDIA. C\u00d3MO CREAR TU PROPIO CURSO E-LEARNING<\/p>\n<p>ANEXO I. GUIA DE APRENDIZAJE DE DREAMWEAVER<br \/>\nANEXO II. TUTORIAL DE INICIACI\u00d3N A FLASH<\/p>\n<\/div>\n<\/div>\n","protected":false},"excerpt":{"rendered":"<p>Aplicar los recursos que ofrece la red como medio para favorecer el aprendizaje en la formaci\u00f3n E-Learning.<\/p>\n","protected":false},"featured_media":4899,"comment_status":"closed","ping_status":"closed","template":"","meta":[],"product_cat":[103],"product_tag":[],"class_list":{"0":"post-4662","1":"product","2":"type-product","3":"status-publish","4":"has-post-thumbnail","6":"product_cat-formacion-y-educacion","8":"first","9":"instock","10":"taxable","11":"shipping-taxable","12":"purchasable","13":"product-type-simple"},"yoast_head":"<!-- This site is optimized with the Yoast SEO plugin v23.5 - https:\/\/yoast.com\/wordpress\/plugins\/seo\/ -->\n<title>SSCE075PO - Formaci\u00f3n de Formadores en E-Learning (120 horas) - Contenidos Online<\/title>\n<meta name=\"robots\" content=\"index, follow, max-snippet:-1, max-image-preview:large, max-video-preview:-1\" \/>\n<link rel=\"canonical\" href=\"https:\/\/mefp.grupopiquer.com\/inscripciones\/producto\/ssce075po-formacion-de-formadores-en-e-learning-120-horas\/\" \/>\n<meta property=\"og:locale\" content=\"es_ES\" \/>\n<meta property=\"og:type\" content=\"article\" \/>\n<meta property=\"og:title\" content=\"SSCE075PO - Formaci\u00f3n de Formadores en E-Learning (120 horas) - Contenidos Online\" \/>\n<meta property=\"og:description\" content=\"Aplicar los recursos que ofrece la red como medio para favorecer el aprendizaje en la formaci\u00f3n E-Learning.\" \/>\n<meta property=\"og:url\" content=\"https:\/\/mefp.grupopiquer.com\/inscripciones\/producto\/ssce075po-formacion-de-formadores-en-e-learning-120-horas\/\" \/>\n<meta property=\"og:site_name\" content=\"Contenidos Online\" \/>\n<meta property=\"article:modified_time\" content=\"2023-05-16T10:37:50+00:00\" \/>\n<meta property=\"og:image\" content=\"https:\/\/mefp.grupopiquer.com\/inscripciones\/wp-content\/uploads\/2023\/05\/EOchqAJLFKt7mMCI_6ZkTzIq2Kyj1rFHA-e1683191542655.jpg\" \/>\n\t<meta property=\"og:image:width\" content=\"1280\" \/>\n\t<meta property=\"og:image:height\" content=\"720\" \/>\n\t<meta property=\"og:image:type\" content=\"image\/jpeg\" \/>\n<meta name=\"twitter:card\" content=\"summary_large_image\" \/>\n<meta name=\"twitter:label1\" content=\"Tiempo de lectura\" \/>\n\t<meta name=\"twitter:data1\" content=\"2 minutos\" \/>\n<script type=\"application\/ld+json\" class=\"yoast-schema-graph\">{\"@context\":\"https:\/\/schema.org\",\"@graph\":[{\"@type\":\"WebPage\",\"@id\":\"https:\/\/mefp.grupopiquer.com\/inscripciones\/producto\/ssce075po-formacion-de-formadores-en-e-learning-120-horas\/\",\"url\":\"https:\/\/mefp.grupopiquer.com\/inscripciones\/producto\/ssce075po-formacion-de-formadores-en-e-learning-120-horas\/\",\"name\":\"SSCE075PO - Formaci\u00f3n de Formadores en E-Learning (120 horas) - Contenidos Online\",\"isPartOf\":{\"@id\":\"https:\/\/mefp.grupopiquer.com\/inscripciones\/#website\"},\"primaryImageOfPage\":{\"@id\":\"https:\/\/mefp.grupopiquer.com\/inscripciones\/producto\/ssce075po-formacion-de-formadores-en-e-learning-120-horas\/#primaryimage\"},\"image\":{\"@id\":\"https:\/\/mefp.grupopiquer.com\/inscripciones\/producto\/ssce075po-formacion-de-formadores-en-e-learning-120-horas\/#primaryimage\"},\"thumbnailUrl\":\"https:\/\/mefp.grupopiquer.com\/inscripciones\/wp-content\/uploads\/2023\/05\/EOchqAJLFKt7mMCI_6ZkTzIq2Kyj1rFHA-e1683191542655.jpg\",\"datePublished\":\"2023-05-02T11:19:40+00:00\",\"dateModified\":\"2023-05-16T10:37:50+00:00\",\"breadcrumb\":{\"@id\":\"https:\/\/mefp.grupopiquer.com\/inscripciones\/producto\/ssce075po-formacion-de-formadores-en-e-learning-120-horas\/#breadcrumb\"},\"inLanguage\":\"es\",\"potentialAction\":[{\"@type\":\"ReadAction\",\"target\":[\"https:\/\/mefp.grupopiquer.com\/inscripciones\/producto\/ssce075po-formacion-de-formadores-en-e-learning-120-horas\/\"]}]},{\"@type\":\"ImageObject\",\"inLanguage\":\"es\",\"@id\":\"https:\/\/mefp.grupopiquer.com\/inscripciones\/producto\/ssce075po-formacion-de-formadores-en-e-learning-120-horas\/#primaryimage\",\"url\":\"https:\/\/mefp.grupopiquer.com\/inscripciones\/wp-content\/uploads\/2023\/05\/EOchqAJLFKt7mMCI_6ZkTzIq2Kyj1rFHA-e1683191542655.jpg\",\"contentUrl\":\"https:\/\/mefp.grupopiquer.com\/inscripciones\/wp-content\/uploads\/2023\/05\/EOchqAJLFKt7mMCI_6ZkTzIq2Kyj1rFHA-e1683191542655.jpg\",\"width\":1280,\"height\":720},{\"@type\":\"BreadcrumbList\",\"@id\":\"https:\/\/mefp.grupopiquer.com\/inscripciones\/producto\/ssce075po-formacion-de-formadores-en-e-learning-120-horas\/#breadcrumb\",\"itemListElement\":[{\"@type\":\"ListItem\",\"position\":1,\"name\":\"Portada\",\"item\":\"https:\/\/mefp.grupopiquer.com\/inscripciones\/\"},{\"@type\":\"ListItem\",\"position\":2,\"name\":\"Tienda\",\"item\":\"https:\/\/mefp.grupopiquer.com\/inscripciones\/tienda\/\"},{\"@type\":\"ListItem\",\"position\":3,\"name\":\"SSCE075PO &#8211; Formaci\u00f3n de Formadores en E-Learning (120 horas)\"}]},{\"@type\":\"WebSite\",\"@id\":\"https:\/\/mefp.grupopiquer.com\/inscripciones\/#website\",\"url\":\"https:\/\/mefp.grupopiquer.com\/inscripciones\/\",\"name\":\"Contenidos Online\",\"description\":\"\",\"publisher\":{\"@id\":\"https:\/\/mefp.grupopiquer.com\/inscripciones\/#organization\"},\"potentialAction\":[{\"@type\":\"SearchAction\",\"target\":{\"@type\":\"EntryPoint\",\"urlTemplate\":\"https:\/\/mefp.grupopiquer.com\/inscripciones\/?s={search_term_string}\"},\"query-input\":{\"@type\":\"PropertyValueSpecification\",\"valueRequired\":true,\"valueName\":\"search_term_string\"}}],\"inLanguage\":\"es\"},{\"@type\":\"Organization\",\"@id\":\"https:\/\/mefp.grupopiquer.com\/inscripciones\/#organization\",\"name\":\"Contenidos Online\",\"url\":\"https:\/\/mefp.grupopiquer.com\/inscripciones\/\",\"logo\":{\"@type\":\"ImageObject\",\"inLanguage\":\"es\",\"@id\":\"https:\/\/mefp.grupopiquer.com\/inscripciones\/#\/schema\/logo\/image\/\",\"url\":\"\",\"contentUrl\":\"\",\"caption\":\"Contenidos Online\"},\"image\":{\"@id\":\"https:\/\/mefp.grupopiquer.com\/inscripciones\/#\/schema\/logo\/image\/\"}}]}<\/script>\n<!-- \/ Yoast SEO plugin. -->","yoast_head_json":{"title":"SSCE075PO - Formaci\u00f3n de Formadores en E-Learning (120 horas) - Contenidos Online","robots":{"index":"index","follow":"follow","max-snippet":"max-snippet:-1","max-image-preview":"max-image-preview:large","max-video-preview":"max-video-preview:-1"},"canonical":"https:\/\/mefp.grupopiquer.com\/inscripciones\/producto\/ssce075po-formacion-de-formadores-en-e-learning-120-horas\/","og_locale":"es_ES","og_type":"article","og_title":"SSCE075PO - Formaci\u00f3n de Formadores en E-Learning (120 horas) - Contenidos Online","og_description":"Aplicar los recursos que ofrece la red como medio para favorecer el aprendizaje en la formaci\u00f3n E-Learning.","og_url":"https:\/\/mefp.grupopiquer.com\/inscripciones\/producto\/ssce075po-formacion-de-formadores-en-e-learning-120-horas\/","og_site_name":"Contenidos Online","article_modified_time":"2023-05-16T10:37:50+00:00","og_image":[{"width":1280,"height":720,"url":"https:\/\/mefp.grupopiquer.com\/inscripciones\/wp-content\/uploads\/2023\/05\/EOchqAJLFKt7mMCI_6ZkTzIq2Kyj1rFHA-e1683191542655.jpg","type":"image\/jpeg"}],"twitter_card":"summary_large_image","twitter_misc":{"Tiempo de lectura":"2 minutos"},"schema":{"@context":"https:\/\/schema.org","@graph":[{"@type":"WebPage","@id":"https:\/\/mefp.grupopiquer.com\/inscripciones\/producto\/ssce075po-formacion-de-formadores-en-e-learning-120-horas\/","url":"https:\/\/mefp.grupopiquer.com\/inscripciones\/producto\/ssce075po-formacion-de-formadores-en-e-learning-120-horas\/","name":"SSCE075PO - Formaci\u00f3n de Formadores en E-Learning (120 horas) - Contenidos Online","isPartOf":{"@id":"https:\/\/mefp.grupopiquer.com\/inscripciones\/#website"},"primaryImageOfPage":{"@id":"https:\/\/mefp.grupopiquer.com\/inscripciones\/producto\/ssce075po-formacion-de-formadores-en-e-learning-120-horas\/#primaryimage"},"image":{"@id":"https:\/\/mefp.grupopiquer.com\/inscripciones\/producto\/ssce075po-formacion-de-formadores-en-e-learning-120-horas\/#primaryimage"},"thumbnailUrl":"https:\/\/mefp.grupopiquer.com\/inscripciones\/wp-content\/uploads\/2023\/05\/EOchqAJLFKt7mMCI_6ZkTzIq2Kyj1rFHA-e1683191542655.jpg","datePublished":"2023-05-02T11:19:40+00:00","dateModified":"2023-05-16T10:37:50+00:00","breadcrumb":{"@id":"https:\/\/mefp.grupopiquer.com\/inscripciones\/producto\/ssce075po-formacion-de-formadores-en-e-learning-120-horas\/#breadcrumb"},"inLanguage":"es","potentialAction":[{"@type":"ReadAction","target":["https:\/\/mefp.grupopiquer.com\/inscripciones\/producto\/ssce075po-formacion-de-formadores-en-e-learning-120-horas\/"]}]},{"@type":"ImageObject","inLanguage":"es","@id":"https:\/\/mefp.grupopiquer.com\/inscripciones\/producto\/ssce075po-formacion-de-formadores-en-e-learning-120-horas\/#primaryimage","url":"https:\/\/mefp.grupopiquer.com\/inscripciones\/wp-content\/uploads\/2023\/05\/EOchqAJLFKt7mMCI_6ZkTzIq2Kyj1rFHA-e1683191542655.jpg","contentUrl":"https:\/\/mefp.grupopiquer.com\/inscripciones\/wp-content\/uploads\/2023\/05\/EOchqAJLFKt7mMCI_6ZkTzIq2Kyj1rFHA-e1683191542655.jpg","width":1280,"height":720},{"@type":"BreadcrumbList","@id":"https:\/\/mefp.grupopiquer.com\/inscripciones\/producto\/ssce075po-formacion-de-formadores-en-e-learning-120-horas\/#breadcrumb","itemListElement":[{"@type":"ListItem","position":1,"name":"Portada","item":"https:\/\/mefp.grupopiquer.com\/inscripciones\/"},{"@type":"ListItem","position":2,"name":"Tienda","item":"https:\/\/mefp.grupopiquer.com\/inscripciones\/tienda\/"},{"@type":"ListItem","position":3,"name":"SSCE075PO &#8211; Formaci\u00f3n de Formadores en E-Learning (120 horas)"}]},{"@type":"WebSite","@id":"https:\/\/mefp.grupopiquer.com\/inscripciones\/#website","url":"https:\/\/mefp.grupopiquer.com\/inscripciones\/","name":"Contenidos Online","description":"","publisher":{"@id":"https:\/\/mefp.grupopiquer.com\/inscripciones\/#organization"},"potentialAction":[{"@type":"SearchAction","target":{"@type":"EntryPoint","urlTemplate":"https:\/\/mefp.grupopiquer.com\/inscripciones\/?s={search_term_string}"},"query-input":{"@type":"PropertyValueSpecification","valueRequired":true,"valueName":"search_term_string"}}],"inLanguage":"es"},{"@type":"Organization","@id":"https:\/\/mefp.grupopiquer.com\/inscripciones\/#organization","name":"Contenidos Online","url":"https:\/\/mefp.grupopiquer.com\/inscripciones\/","logo":{"@type":"ImageObject","inLanguage":"es","@id":"https:\/\/mefp.grupopiquer.com\/inscripciones\/#\/schema\/logo\/image\/","url":"","contentUrl":"","caption":"Contenidos Online"},"image":{"@id":"https:\/\/mefp.grupopiquer.com\/inscripciones\/#\/schema\/logo\/image\/"}}]}},"_links":{"self":[{"href":"https:\/\/mefp.grupopiquer.com\/inscripciones\/wp-json\/wp\/v2\/product\/4662"}],"collection":[{"href":"https:\/\/mefp.grupopiquer.com\/inscripciones\/wp-json\/wp\/v2\/product"}],"about":[{"href":"https:\/\/mefp.grupopiquer.com\/inscripciones\/wp-json\/wp\/v2\/types\/product"}],"replies":[{"embeddable":true,"href":"https:\/\/mefp.grupopiquer.com\/inscripciones\/wp-json\/wp\/v2\/comments?post=4662"}],"wp:featuredmedia":[{"embeddable":true,"href":"https:\/\/mefp.grupopiquer.com\/inscripciones\/wp-json\/wp\/v2\/media\/4899"}],"wp:attachment":[{"href":"https:\/\/mefp.grupopiquer.com\/inscripciones\/wp-json\/wp\/v2\/media?parent=4662"}],"wp:term":[{"taxonomy":"product_cat","embeddable":true,"href":"https:\/\/mefp.grupopiquer.com\/inscripciones\/wp-json\/wp\/v2\/product_cat?post=4662"},{"taxonomy":"product_tag","embeddable":true,"href":"https:\/\/mefp.grupopiquer.com\/inscripciones\/wp-json\/wp\/v2\/product_tag?post=4662"}],"curies":[{"name":"wp","href":"https:\/\/api.w.org\/{rel}","templated":true}]}}