{"id":4654,"date":"2023-05-02T11:18:47","date_gmt":"2023-05-02T11:18:47","guid":{"rendered":"https:\/\/mefp.grupopiquer.com\/inscripciones\/producto\/ssce028po-creacion-y-dinamizacion-de-comunidades-virtuales-en-entornos-educativos-60-horas\/"},"modified":"2023-05-16T10:44:18","modified_gmt":"2023-05-16T10:44:18","slug":"ssce028po-creacion-y-dinamizacion-de-comunidades-virtuales-en-entornos-educativos-60-horas","status":"publish","type":"product","link":"https:\/\/mefp.grupopiquer.com\/inscripciones\/producto\/ssce028po-creacion-y-dinamizacion-de-comunidades-virtuales-en-entornos-educativos-60-horas\/","title":{"rendered":"SSCE028PO &#8211; Creaci\u00f3n y Dinamizaci\u00f3n de Comunidades Virtuales en Entornos Educativos (60 horas)"},"content":{"rendered":"<div id=\"accordion\">\n<h3>OBJETIVOS<\/h3>\n<div>Adquirir las competencias necesarias para aplicar el desarrollo de las comunidades virtuales como herramienta innovadora en el contexto educativo.<\/div>\n<h3>CONTENIDOS<\/h3>\n<div>\n1. INTRODUCCI\u00d3N: LAS TIC\u00b4S EN EL ENTORNO EDUCATIVO<br \/>\n1.1. El impacto de las TICs en la educaci\u00f3n.<br \/>\n1.2. Funciones de las TICs en el \u00e1mbito educativo.<br \/>\n1.3. Ventajas e inconvenientes de las TICs.<br \/>\n1.4. Factores que favorecen la incorporaci\u00f3n de internet y las TICs en el entorno educativo<br \/>\n1.5. Identificaci\u00f3n de los componentes b\u00e1sicos de las TICs.<br \/>\n1.6. Utilizaci\u00f3n de las funciones de las TICs en el \u00e1mbito educativo.<\/p>\n<p>2. COMUNIDADES VIRTUALES Y APRENDIZAJE DIGITAL<br \/>\n2.1. Definici\u00f3n de Comunidad Virtual. Tipos.<br \/>\n2.2. Elementos que definen una comunidad virtual.<br \/>\n2.3. Funci\u00f3n de las comunidades virtuales como innovaci\u00f3n en un entorno educativo.<br \/>\n2.4. Procesos de aprendizaje y comunidades virtuales.<br \/>\n2.5. Estrategias para la interacci\u00f3n en las comunidades virtuales.<br \/>\n2.6. Moderaci\u00f3n de una comunidad virtual.<br \/>\n2.7. Nuevos roles: Generaci\u00f3n de sinergias entre los integrantes de las comunidades virtuales educativas.<br \/>\n2.8. Identificaci\u00f3n de las caracter\u00edsticas b\u00e1sicas que debe cumplir una comunidad virtual.<br \/>\n2.9. An\u00e1lisis de las estrategias necesarias para obtener una correcta interacci\u00f3n en las comunidades virtuales.<\/p>\n<p>3. DINAMIZACI\u00d3N DE LAS COMUNIDADES VIRTUALES COMO INNOVACI\u00d3N EN EL \u00c1MBITO EDUCATIVO<br \/>\n3.1. Perfil del dinamizador.<br \/>\n3.2. Competencias.<br \/>\n3.3. Funciones del dinamizador.<br \/>\n3.4. Estrategias de dinamizaci\u00f3n.<br \/>\n3.5. Creatividad e innovaci\u00f3n.<br \/>\n3.6. Plan de dinamizaci\u00f3n versus plan de innovaci\u00f3n.<br \/>\n3.7. Herramientas y procesos de gesti\u00f3n innovadores.<br \/>\n3.8. Elementos de participaci\u00f3n y fidelizaci\u00f3n.<br \/>\n3.9. Acompa\u00f1amiento de las din\u00e1micas virtuales.<br \/>\n3.10. An\u00e1lisis de las competencias y funciones de un dinamizador.<br \/>\n3.11. Implementaci\u00f3n de un plan de dinamizaci\u00f3n.<\/p>\n<p>4. LAS REDES SOCIALES<br \/>\n4.1. Contenidos te\u00f3ricos.<br \/>\n4.2. Las redes sociales aplicadas a la educaci\u00f3n.<br \/>\n4.3. Servicios y tipos de redes sociales.<br \/>\n4.4. An\u00e1lisis y utilizaci\u00f3n de las Redes Sociales como innovaci\u00f3n en el contexto educativo.<br \/>\n4.5. Privacidad, intimidad y protecci\u00f3n.<br \/>\n4.6. La legalidad de los contenidos y las nuevas tipolog\u00edas de propiedad intelectual.<br \/>\n4.7. An\u00e1lisis de las principales Redes Sociales en un contexto educativo.<br \/>\n4.8. Aplicaci\u00f3n de las Redes Sociales en los procesos de innovaci\u00f3n en el \u00e1mbito educativo.<br \/>\n4.9. Aplicaci\u00f3n de las medidas de seguridad necesarias para evitar violaciones de la privacidad de los usuarios de las redes sociales.<\/p>\n<p>5. ENTORNOS VIRTUALES DE APRENDIZAJE EN LA WEB<br \/>\n5.1. Introducci\u00f3n.<br \/>\n5.2. La biblioteca y la WEB 2.0.<br \/>\n5.3. Concepto de biblioteca 2.0.<br \/>\n5.4. Concepto de Web 2.0.<br \/>\n5.5. Tecnolog\u00edas y servicios 2.0.<br \/>\n5.6. Perspectiva hacia los usuarios en la web 2.0.<br \/>\n5.7. Evoluci\u00f3n: LA WEB 3.0.<br \/>\n5.8. Caracterizaci\u00f3n de la evoluci\u00f3n de la webs y su aplicaci\u00f3n en los procesos de innovaci\u00f3n en el \u00e1mbito educativo.<\/p>\n<p>6. LAS WEBBLOGS<br \/>\n6.1. Concepto de Blog.<br \/>\n6.2. Principios y t\u00e9cnicas de trabajo con blogs.<br \/>\n6.3. Terminolog\u00eda con blogging.<br \/>\n6.4. Pautas para el desarrollo de un blog.<br \/>\n6.5. Determinaci\u00f3n de las caracter\u00edsticas que debe cumplir un blog educativo.<br \/>\n6.6. Elaboraci\u00f3n de un blog en el \u00e1mbito educativo.<\/p>\n<p>7. PLATAFORMAS PARA WIKIS<br \/>\n7.1. El origen de Wiki. Caracter\u00edsticas.<br \/>\n7.2. Wikis como herramienta educativa.<br \/>\n7.3. Configurar y editar una wiki.<br \/>\n7.4. Plataformas de wikis.<br \/>\n7.5. Sindicaci\u00f3n de contenidos.<br \/>\n7.6. Configuraci\u00f3n de una Wiki.<\/p>\n<p>8. PLATAFORMAS E-LEARNING<\/p>\n<\/div>\n<\/div>\n","protected":false},"excerpt":{"rendered":"<p>Adquirir las competencias necesarias para aplicar el desarrollo de las comunidades virtuales como herramienta innovadora en el contexto educativo.<\/p>\n","protected":false},"featured_media":4903,"comment_status":"closed","ping_status":"closed","template":"","meta":[],"product_cat":[103],"product_tag":[],"class_list":{"0":"post-4654","1":"product","2":"type-product","3":"status-publish","4":"has-post-thumbnail","6":"product_cat-formacion-y-educacion","8":"first","9":"instock","10":"taxable","11":"shipping-taxable","12":"purchasable","13":"product-type-simple"},"yoast_head":"<!-- This site is optimized with the Yoast SEO plugin v23.5 - https:\/\/yoast.com\/wordpress\/plugins\/seo\/ -->\n<title>SSCE028PO - Creaci\u00f3n y Dinamizaci\u00f3n de Comunidades Virtuales en Entornos Educativos (60 horas) - Contenidos Online<\/title>\n<meta name=\"robots\" content=\"index, follow, max-snippet:-1, max-image-preview:large, max-video-preview:-1\" \/>\n<link rel=\"canonical\" href=\"https:\/\/mefp.grupopiquer.com\/inscripciones\/producto\/ssce028po-creacion-y-dinamizacion-de-comunidades-virtuales-en-entornos-educativos-60-horas\/\" \/>\n<meta property=\"og:locale\" content=\"es_ES\" \/>\n<meta property=\"og:type\" content=\"article\" \/>\n<meta property=\"og:title\" content=\"SSCE028PO - Creaci\u00f3n y Dinamizaci\u00f3n de Comunidades Virtuales en Entornos Educativos (60 horas) - Contenidos Online\" \/>\n<meta property=\"og:description\" content=\"Adquirir las competencias necesarias para aplicar el desarrollo de las comunidades virtuales como herramienta innovadora en el contexto educativo.\" \/>\n<meta property=\"og:url\" content=\"https:\/\/mefp.grupopiquer.com\/inscripciones\/producto\/ssce028po-creacion-y-dinamizacion-de-comunidades-virtuales-en-entornos-educativos-60-horas\/\" \/>\n<meta property=\"og:site_name\" content=\"Contenidos Online\" \/>\n<meta property=\"article:modified_time\" content=\"2023-05-16T10:44:18+00:00\" \/>\n<meta property=\"og:image\" content=\"https:\/\/mefp.grupopiquer.com\/inscripciones\/wp-content\/uploads\/2023\/05\/CO4ZcX-xBAd1RHF4_Hq0MW1Lt5Q2uQzQh-e1683192282959.jpg\" \/>\n\t<meta property=\"og:image:width\" content=\"1500\" \/>\n\t<meta property=\"og:image:height\" content=\"843\" \/>\n\t<meta property=\"og:image:type\" content=\"image\/jpeg\" \/>\n<meta name=\"twitter:card\" content=\"summary_large_image\" \/>\n<meta name=\"twitter:label1\" content=\"Tiempo de lectura\" \/>\n\t<meta name=\"twitter:data1\" content=\"3 minutos\" \/>\n<script type=\"application\/ld+json\" class=\"yoast-schema-graph\">{\"@context\":\"https:\/\/schema.org\",\"@graph\":[{\"@type\":\"WebPage\",\"@id\":\"https:\/\/mefp.grupopiquer.com\/inscripciones\/producto\/ssce028po-creacion-y-dinamizacion-de-comunidades-virtuales-en-entornos-educativos-60-horas\/\",\"url\":\"https:\/\/mefp.grupopiquer.com\/inscripciones\/producto\/ssce028po-creacion-y-dinamizacion-de-comunidades-virtuales-en-entornos-educativos-60-horas\/\",\"name\":\"SSCE028PO - Creaci\u00f3n y Dinamizaci\u00f3n de Comunidades Virtuales en Entornos Educativos (60 horas) - Contenidos Online\",\"isPartOf\":{\"@id\":\"https:\/\/mefp.grupopiquer.com\/inscripciones\/#website\"},\"primaryImageOfPage\":{\"@id\":\"https:\/\/mefp.grupopiquer.com\/inscripciones\/producto\/ssce028po-creacion-y-dinamizacion-de-comunidades-virtuales-en-entornos-educativos-60-horas\/#primaryimage\"},\"image\":{\"@id\":\"https:\/\/mefp.grupopiquer.com\/inscripciones\/producto\/ssce028po-creacion-y-dinamizacion-de-comunidades-virtuales-en-entornos-educativos-60-horas\/#primaryimage\"},\"thumbnailUrl\":\"https:\/\/mefp.grupopiquer.com\/inscripciones\/wp-content\/uploads\/2023\/05\/CO4ZcX-xBAd1RHF4_Hq0MW1Lt5Q2uQzQh-e1683192282959.jpg\",\"datePublished\":\"2023-05-02T11:18:47+00:00\",\"dateModified\":\"2023-05-16T10:44:18+00:00\",\"breadcrumb\":{\"@id\":\"https:\/\/mefp.grupopiquer.com\/inscripciones\/producto\/ssce028po-creacion-y-dinamizacion-de-comunidades-virtuales-en-entornos-educativos-60-horas\/#breadcrumb\"},\"inLanguage\":\"es\",\"potentialAction\":[{\"@type\":\"ReadAction\",\"target\":[\"https:\/\/mefp.grupopiquer.com\/inscripciones\/producto\/ssce028po-creacion-y-dinamizacion-de-comunidades-virtuales-en-entornos-educativos-60-horas\/\"]}]},{\"@type\":\"ImageObject\",\"inLanguage\":\"es\",\"@id\":\"https:\/\/mefp.grupopiquer.com\/inscripciones\/producto\/ssce028po-creacion-y-dinamizacion-de-comunidades-virtuales-en-entornos-educativos-60-horas\/#primaryimage\",\"url\":\"https:\/\/mefp.grupopiquer.com\/inscripciones\/wp-content\/uploads\/2023\/05\/CO4ZcX-xBAd1RHF4_Hq0MW1Lt5Q2uQzQh-e1683192282959.jpg\",\"contentUrl\":\"https:\/\/mefp.grupopiquer.com\/inscripciones\/wp-content\/uploads\/2023\/05\/CO4ZcX-xBAd1RHF4_Hq0MW1Lt5Q2uQzQh-e1683192282959.jpg\",\"width\":1500,\"height\":843},{\"@type\":\"BreadcrumbList\",\"@id\":\"https:\/\/mefp.grupopiquer.com\/inscripciones\/producto\/ssce028po-creacion-y-dinamizacion-de-comunidades-virtuales-en-entornos-educativos-60-horas\/#breadcrumb\",\"itemListElement\":[{\"@type\":\"ListItem\",\"position\":1,\"name\":\"Portada\",\"item\":\"https:\/\/mefp.grupopiquer.com\/inscripciones\/\"},{\"@type\":\"ListItem\",\"position\":2,\"name\":\"Tienda\",\"item\":\"https:\/\/mefp.grupopiquer.com\/inscripciones\/tienda\/\"},{\"@type\":\"ListItem\",\"position\":3,\"name\":\"SSCE028PO &#8211; Creaci\u00f3n y Dinamizaci\u00f3n de Comunidades Virtuales en Entornos Educativos (60 horas)\"}]},{\"@type\":\"WebSite\",\"@id\":\"https:\/\/mefp.grupopiquer.com\/inscripciones\/#website\",\"url\":\"https:\/\/mefp.grupopiquer.com\/inscripciones\/\",\"name\":\"Contenidos Online\",\"description\":\"\",\"publisher\":{\"@id\":\"https:\/\/mefp.grupopiquer.com\/inscripciones\/#organization\"},\"potentialAction\":[{\"@type\":\"SearchAction\",\"target\":{\"@type\":\"EntryPoint\",\"urlTemplate\":\"https:\/\/mefp.grupopiquer.com\/inscripciones\/?s={search_term_string}\"},\"query-input\":{\"@type\":\"PropertyValueSpecification\",\"valueRequired\":true,\"valueName\":\"search_term_string\"}}],\"inLanguage\":\"es\"},{\"@type\":\"Organization\",\"@id\":\"https:\/\/mefp.grupopiquer.com\/inscripciones\/#organization\",\"name\":\"Contenidos Online\",\"url\":\"https:\/\/mefp.grupopiquer.com\/inscripciones\/\",\"logo\":{\"@type\":\"ImageObject\",\"inLanguage\":\"es\",\"@id\":\"https:\/\/mefp.grupopiquer.com\/inscripciones\/#\/schema\/logo\/image\/\",\"url\":\"\",\"contentUrl\":\"\",\"caption\":\"Contenidos Online\"},\"image\":{\"@id\":\"https:\/\/mefp.grupopiquer.com\/inscripciones\/#\/schema\/logo\/image\/\"}}]}<\/script>\n<!-- \/ Yoast SEO plugin. -->","yoast_head_json":{"title":"SSCE028PO - Creaci\u00f3n y Dinamizaci\u00f3n de Comunidades Virtuales en Entornos Educativos (60 horas) - Contenidos Online","robots":{"index":"index","follow":"follow","max-snippet":"max-snippet:-1","max-image-preview":"max-image-preview:large","max-video-preview":"max-video-preview:-1"},"canonical":"https:\/\/mefp.grupopiquer.com\/inscripciones\/producto\/ssce028po-creacion-y-dinamizacion-de-comunidades-virtuales-en-entornos-educativos-60-horas\/","og_locale":"es_ES","og_type":"article","og_title":"SSCE028PO - Creaci\u00f3n y Dinamizaci\u00f3n de Comunidades Virtuales en Entornos Educativos (60 horas) - Contenidos Online","og_description":"Adquirir las competencias necesarias para aplicar el desarrollo de las comunidades virtuales como herramienta innovadora en el contexto educativo.","og_url":"https:\/\/mefp.grupopiquer.com\/inscripciones\/producto\/ssce028po-creacion-y-dinamizacion-de-comunidades-virtuales-en-entornos-educativos-60-horas\/","og_site_name":"Contenidos Online","article_modified_time":"2023-05-16T10:44:18+00:00","og_image":[{"width":1500,"height":843,"url":"https:\/\/mefp.grupopiquer.com\/inscripciones\/wp-content\/uploads\/2023\/05\/CO4ZcX-xBAd1RHF4_Hq0MW1Lt5Q2uQzQh-e1683192282959.jpg","type":"image\/jpeg"}],"twitter_card":"summary_large_image","twitter_misc":{"Tiempo de lectura":"3 minutos"},"schema":{"@context":"https:\/\/schema.org","@graph":[{"@type":"WebPage","@id":"https:\/\/mefp.grupopiquer.com\/inscripciones\/producto\/ssce028po-creacion-y-dinamizacion-de-comunidades-virtuales-en-entornos-educativos-60-horas\/","url":"https:\/\/mefp.grupopiquer.com\/inscripciones\/producto\/ssce028po-creacion-y-dinamizacion-de-comunidades-virtuales-en-entornos-educativos-60-horas\/","name":"SSCE028PO - Creaci\u00f3n y Dinamizaci\u00f3n de Comunidades Virtuales en Entornos Educativos (60 horas) - Contenidos Online","isPartOf":{"@id":"https:\/\/mefp.grupopiquer.com\/inscripciones\/#website"},"primaryImageOfPage":{"@id":"https:\/\/mefp.grupopiquer.com\/inscripciones\/producto\/ssce028po-creacion-y-dinamizacion-de-comunidades-virtuales-en-entornos-educativos-60-horas\/#primaryimage"},"image":{"@id":"https:\/\/mefp.grupopiquer.com\/inscripciones\/producto\/ssce028po-creacion-y-dinamizacion-de-comunidades-virtuales-en-entornos-educativos-60-horas\/#primaryimage"},"thumbnailUrl":"https:\/\/mefp.grupopiquer.com\/inscripciones\/wp-content\/uploads\/2023\/05\/CO4ZcX-xBAd1RHF4_Hq0MW1Lt5Q2uQzQh-e1683192282959.jpg","datePublished":"2023-05-02T11:18:47+00:00","dateModified":"2023-05-16T10:44:18+00:00","breadcrumb":{"@id":"https:\/\/mefp.grupopiquer.com\/inscripciones\/producto\/ssce028po-creacion-y-dinamizacion-de-comunidades-virtuales-en-entornos-educativos-60-horas\/#breadcrumb"},"inLanguage":"es","potentialAction":[{"@type":"ReadAction","target":["https:\/\/mefp.grupopiquer.com\/inscripciones\/producto\/ssce028po-creacion-y-dinamizacion-de-comunidades-virtuales-en-entornos-educativos-60-horas\/"]}]},{"@type":"ImageObject","inLanguage":"es","@id":"https:\/\/mefp.grupopiquer.com\/inscripciones\/producto\/ssce028po-creacion-y-dinamizacion-de-comunidades-virtuales-en-entornos-educativos-60-horas\/#primaryimage","url":"https:\/\/mefp.grupopiquer.com\/inscripciones\/wp-content\/uploads\/2023\/05\/CO4ZcX-xBAd1RHF4_Hq0MW1Lt5Q2uQzQh-e1683192282959.jpg","contentUrl":"https:\/\/mefp.grupopiquer.com\/inscripciones\/wp-content\/uploads\/2023\/05\/CO4ZcX-xBAd1RHF4_Hq0MW1Lt5Q2uQzQh-e1683192282959.jpg","width":1500,"height":843},{"@type":"BreadcrumbList","@id":"https:\/\/mefp.grupopiquer.com\/inscripciones\/producto\/ssce028po-creacion-y-dinamizacion-de-comunidades-virtuales-en-entornos-educativos-60-horas\/#breadcrumb","itemListElement":[{"@type":"ListItem","position":1,"name":"Portada","item":"https:\/\/mefp.grupopiquer.com\/inscripciones\/"},{"@type":"ListItem","position":2,"name":"Tienda","item":"https:\/\/mefp.grupopiquer.com\/inscripciones\/tienda\/"},{"@type":"ListItem","position":3,"name":"SSCE028PO &#8211; Creaci\u00f3n y Dinamizaci\u00f3n de Comunidades Virtuales en Entornos Educativos (60 horas)"}]},{"@type":"WebSite","@id":"https:\/\/mefp.grupopiquer.com\/inscripciones\/#website","url":"https:\/\/mefp.grupopiquer.com\/inscripciones\/","name":"Contenidos Online","description":"","publisher":{"@id":"https:\/\/mefp.grupopiquer.com\/inscripciones\/#organization"},"potentialAction":[{"@type":"SearchAction","target":{"@type":"EntryPoint","urlTemplate":"https:\/\/mefp.grupopiquer.com\/inscripciones\/?s={search_term_string}"},"query-input":{"@type":"PropertyValueSpecification","valueRequired":true,"valueName":"search_term_string"}}],"inLanguage":"es"},{"@type":"Organization","@id":"https:\/\/mefp.grupopiquer.com\/inscripciones\/#organization","name":"Contenidos Online","url":"https:\/\/mefp.grupopiquer.com\/inscripciones\/","logo":{"@type":"ImageObject","inLanguage":"es","@id":"https:\/\/mefp.grupopiquer.com\/inscripciones\/#\/schema\/logo\/image\/","url":"","contentUrl":"","caption":"Contenidos Online"},"image":{"@id":"https:\/\/mefp.grupopiquer.com\/inscripciones\/#\/schema\/logo\/image\/"}}]}},"_links":{"self":[{"href":"https:\/\/mefp.grupopiquer.com\/inscripciones\/wp-json\/wp\/v2\/product\/4654"}],"collection":[{"href":"https:\/\/mefp.grupopiquer.com\/inscripciones\/wp-json\/wp\/v2\/product"}],"about":[{"href":"https:\/\/mefp.grupopiquer.com\/inscripciones\/wp-json\/wp\/v2\/types\/product"}],"replies":[{"embeddable":true,"href":"https:\/\/mefp.grupopiquer.com\/inscripciones\/wp-json\/wp\/v2\/comments?post=4654"}],"wp:featuredmedia":[{"embeddable":true,"href":"https:\/\/mefp.grupopiquer.com\/inscripciones\/wp-json\/wp\/v2\/media\/4903"}],"wp:attachment":[{"href":"https:\/\/mefp.grupopiquer.com\/inscripciones\/wp-json\/wp\/v2\/media?parent=4654"}],"wp:term":[{"taxonomy":"product_cat","embeddable":true,"href":"https:\/\/mefp.grupopiquer.com\/inscripciones\/wp-json\/wp\/v2\/product_cat?post=4654"},{"taxonomy":"product_tag","embeddable":true,"href":"https:\/\/mefp.grupopiquer.com\/inscripciones\/wp-json\/wp\/v2\/product_tag?post=4654"}],"curies":[{"name":"wp","href":"https:\/\/api.w.org\/{rel}","templated":true}]}}