{"id":4644,"date":"2023-05-02T11:17:59","date_gmt":"2023-05-02T11:17:59","guid":{"rendered":"https:\/\/mefp.grupopiquer.com\/inscripciones\/producto\/ssce010po-aplicacion-de-las-herramientas-digitales-en-la-innovacion-educativa-50-horas\/"},"modified":"2023-06-01T10:09:35","modified_gmt":"2023-06-01T10:09:35","slug":"ssce010po-aplicacion-de-las-herramientas-digitales-en-la-innovacion-educativa-50-horas","status":"publish","type":"product","link":"https:\/\/mefp.grupopiquer.com\/inscripciones\/producto\/ssce010po-aplicacion-de-las-herramientas-digitales-en-la-innovacion-educativa-50-horas\/","title":{"rendered":"SSCE010PO &#8211; Aplicaci\u00f3n de las Herramientas Digitales en la Innovaci\u00f3n Educativa (50 horas)"},"content":{"rendered":"<div id=\"accordion\">\n<h3>OBJETIVOS<\/h3>\n<div>Identificar el potencial de las RRSS para el \u00e1mbito educativo.<br \/>\nConocer los Entornos Virtuales de Aprendizaje (EVA) en la web.<br \/>\nUtilizar las weblogs como recurso did\u00e1ctico.<br \/>\nUtilizar las wikis como recurso did\u00e1ctico.<br \/>\nConocer las plataformas e-Learning y sus posibilidades en el entorno educativo.<\/div>\n<h3>CONTENIDOS<\/h3>\n<div>\n<div>1. APLICACI\u00d3N DE LAS HERRAMIENTAS DIGITALES EN LA INNOVACI\u00d3N EDUCATIVA.<\/div>\n<div>1.1. Las Redes Sociales.<\/div>\n<div>1.1.1.Las redes sociales aplicadas a la educaci\u00f3n.<\/div>\n<div>1.1.2.Servicios y tipos de redes sociales.<\/div>\n<div>1.1.3.An\u00e1lisis y utilizaci\u00f3n de las redes sociales como innovaci\u00f3n en el contexto educativo. 1.1.4.Privacidad, intimidad y protecci\u00f3n.<\/div>\n<div>1.1.5.La legalidad de los contenidos y las nuevas tipolog\u00edas de propiedad intelectual. 1.1.6.Investigaci\u00f3n y an\u00e1lisis de casos de \u00e9xito en las redes sociales.<\/div>\n<div>1.1.7.Lectura documental sobre los beneficios que provocan las redes sociales en la educaci\u00f3n. 1.1.8.B\u00fasqueda de informaci\u00f3n en Internet sobre casos de proyectos innovadores en educaci\u00f3n. Puesta en com\u00fan a trav\u00e9s del foro<\/div>\n<div>1.1.9.Realizaci\u00f3n de un esquema en el que se establezcan las diferentes medidas para garantizar la privacidad, intimidad y protecci\u00f3n en las redes sociales.<\/div>\n<div>1.1.10.Elaboraci\u00f3n de un dossier donde se recopilen las diferentes p\u00e1ginas Web que nos sirven como recurso para ampliar informaci\u00f3n.<\/div>\n<div>1.2. Entornos Virtuales de Aprendizaje en la Web.<\/div>\n<div>1.2.1.Introducci\u00f3n a la Web 2.0.<\/div>\n<div>1.2.2.La biblioteca y la Web 2.0.<\/div>\n<div>1.2.3.Evoluci\u00f3n: la web 3.0.<\/div>\n<div>1.2.4.Definici\u00f3n de las caracter\u00edsticas de la biblioteca 2.0 \/ web 2.0 \/ 3.0.<\/div>\n<div>1.2.5.B\u00fasqueda en Internet de casos de \u00e9xito de bibliotecas virtuales. Posterior puesta en com\u00fan a trav\u00e9s del foro.<\/div>\n<div>1.2.6.Visualizaci\u00f3n de un v\u00eddeo explicativo sobre la evoluci\u00f3n tecnol\u00f3gica de la Web.<\/div>\n<div>1.2.7.An\u00e1lisis de las diferencias entre las Web 1.0, 2.0 y 3.0.<\/div>\n<div>1.2.8.Elaboraci\u00f3n de un dossier donde se recopilen las diferentes p\u00e1ginas web que nos sirven como recurso para ampliar informaci\u00f3n.<\/div>\n<div>1.3. Las Webblogs.<\/div>\n<div>1.3.1.Concepto de blog.<\/div>\n<div>1.3.2.Principios y t\u00e9cnicas de trabajo con blogs.<\/div>\n<div>1.3.3.Terminolog\u00eda con blogging.<\/div>\n<div>1.3.4.Pautas para el desarrollo de un blog.<\/div>\n<div>1.3.5.Realizaci\u00f3n de un esquema en el que se incluya la informaci\u00f3n relativa a los diferentes tipos de blogs estableciendo sus caracter\u00edsticas propias.<\/div>\n<div>1.3.6.Elaboraci\u00f3n de un listado con la terminolog\u00eda blogging m\u00e1s empleada.<\/div>\n<div>1.3.7.Lectura de documentaci\u00f3n sobre los principios y t\u00e9cnicas de trabajo con blogs. 1.3.8.Colaboraci\u00f3n en el dise\u00f1o de un blog educativo utilizando las distintas herramientas de la Web.<\/div>\n<div>1.3.9.Elaboraci\u00f3n de un dossier donde se recopilen las diferentes p\u00e1ginas web que nos sirven como recurso para ampliar informaci\u00f3n.<\/div>\n<div>1.4. Plataformas para Wikis.<\/div>\n<div>1.4.1.El origen de wiki. Caracter\u00edsticas.<\/div>\n<div>1.4.2.Wikis como herramienta educativa.<\/div>\n<div>1.4.3.Configurar y editar un wiki.<\/div>\n<div>1.4.4.Plataformas de wikis.<\/div>\n<div>1.4.5.Sindicaci\u00f3n de contenidos.<\/div>\n<div>1.4.6.Identificaci\u00f3n de las caracter\u00edsticas de las wikis a trav\u00e9s de un ejercicio pr\u00e1ctico.<\/div>\n<div>1.4.7.An\u00e1lisis de las plataformas de wikis existentes en la red a trav\u00e9s del acceso a las mismas. 1.4.8.Desarrollo de los procesos de configuraci\u00f3n y edici\u00f3n de una wiki mediante un ejercicio pr\u00e1ctico.<\/div>\n<div>1.4.9.Descripci\u00f3n de ventajas e inconvenientes que proporciona la sindicaci\u00f3n de contenidos. 1.4.10.Elaboraci\u00f3n de un dossier donde se recopilen las diferentes p\u00e1ginas web que nos sirven como recurso para ampliar informaci\u00f3n.<\/div>\n<div>1.5. Plataformas E-Learning.<\/div>\n<div>1.5.1.Definici\u00f3n y tipos de plataformas e-learning.<\/div>\n<div>1.5.2.Uso de las plataformas e-learning como innovaci\u00f3n en el campus virtual.<\/div>\n<div>1.5.3.La plataforma Moodle.<\/div>\n<div>1.5.4.Realizaci\u00f3n de un ejercicio pr\u00e1ctico en el que se definan e identifiquen los diferentes tipos de plataformas e-learning.<\/div>\n<div>1.5.5.Instalaci\u00f3n y exploraci\u00f3n de las plataformas educativas e-learning, especialmente la plataforma Moodle.<\/div>\n<div>1.5.6.An\u00e1lisis de los elementos importantes a la hora de gestionar y desarrollar un curso en Moodle a trav\u00e9s de la realizaci\u00f3n de un ejercicio pr\u00e1ctico.<\/div>\n<div>1.5.7.Elaboraci\u00f3n de un dossier donde se recopilen las diferentes p\u00e1ginas web que nos sirven como recurso para ampliar informaci\u00f3n.<\/div>\n<\/div>\n<\/div>\n","protected":false},"excerpt":{"rendered":"<p>Identificar el potencial de las RRSS para el \u00e1mbito educativo.<br \/>\nConocer los Entornos Virtuales de Aprendizaje (EVA) en la web.<br \/>\nUtilizar las weblogs como recurso did\u00e1ctico.<br \/>\nUtilizar las wikis como recurso did\u00e1ctico.<br \/>\nConocer las plataformas e-Learning y sus posibilidades en el entorno educativo.<\/p>\n","protected":false},"featured_media":4909,"comment_status":"closed","ping_status":"closed","template":"","meta":[],"product_cat":[103],"product_tag":[],"class_list":{"0":"post-4644","1":"product","2":"type-product","3":"status-publish","4":"has-post-thumbnail","6":"product_cat-formacion-y-educacion","8":"first","9":"instock","10":"taxable","11":"shipping-taxable","12":"purchasable","13":"product-type-simple"},"yoast_head":"<!-- This site is optimized with the Yoast SEO plugin v23.5 - https:\/\/yoast.com\/wordpress\/plugins\/seo\/ -->\n<title>SSCE010PO - Aplicaci\u00f3n de las Herramientas Digitales en la Innovaci\u00f3n Educativa (50 horas) - Contenidos Online<\/title>\n<meta name=\"robots\" content=\"index, follow, max-snippet:-1, max-image-preview:large, max-video-preview:-1\" \/>\n<link rel=\"canonical\" href=\"https:\/\/mefp.grupopiquer.com\/inscripciones\/producto\/ssce010po-aplicacion-de-las-herramientas-digitales-en-la-innovacion-educativa-50-horas\/\" \/>\n<meta property=\"og:locale\" content=\"es_ES\" \/>\n<meta property=\"og:type\" content=\"article\" \/>\n<meta property=\"og:title\" content=\"SSCE010PO - Aplicaci\u00f3n de las Herramientas Digitales en la Innovaci\u00f3n Educativa (50 horas) - Contenidos Online\" \/>\n<meta property=\"og:description\" content=\"Identificar el potencial de las RRSS para el \u00e1mbito educativo. Conocer los Entornos Virtuales de Aprendizaje (EVA) en la web. Utilizar las weblogs como recurso did\u00e1ctico. Utilizar las wikis como recurso did\u00e1ctico. Conocer las plataformas e-Learning y sus posibilidades en el entorno educativo.\" \/>\n<meta property=\"og:url\" content=\"https:\/\/mefp.grupopiquer.com\/inscripciones\/producto\/ssce010po-aplicacion-de-las-herramientas-digitales-en-la-innovacion-educativa-50-horas\/\" \/>\n<meta property=\"og:site_name\" content=\"Contenidos Online\" \/>\n<meta property=\"article:modified_time\" content=\"2023-06-01T10:09:35+00:00\" \/>\n<meta property=\"og:image\" content=\"https:\/\/mefp.grupopiquer.com\/inscripciones\/wp-content\/uploads\/2023\/05\/mkdxXdo9pXvpQqK3_xQecd5GI-_yQZplM-stock_image-1-e1683193084732.jpg\" \/>\n\t<meta property=\"og:image:width\" content=\"1680\" \/>\n\t<meta property=\"og:image:height\" content=\"945\" \/>\n\t<meta property=\"og:image:type\" content=\"image\/jpeg\" \/>\n<meta name=\"twitter:card\" content=\"summary_large_image\" \/>\n<meta name=\"twitter:label1\" content=\"Tiempo de lectura\" \/>\n\t<meta name=\"twitter:data1\" content=\"3 minutos\" \/>\n<script type=\"application\/ld+json\" class=\"yoast-schema-graph\">{\"@context\":\"https:\/\/schema.org\",\"@graph\":[{\"@type\":\"WebPage\",\"@id\":\"https:\/\/mefp.grupopiquer.com\/inscripciones\/producto\/ssce010po-aplicacion-de-las-herramientas-digitales-en-la-innovacion-educativa-50-horas\/\",\"url\":\"https:\/\/mefp.grupopiquer.com\/inscripciones\/producto\/ssce010po-aplicacion-de-las-herramientas-digitales-en-la-innovacion-educativa-50-horas\/\",\"name\":\"SSCE010PO - Aplicaci\u00f3n de las Herramientas Digitales en la Innovaci\u00f3n Educativa (50 horas) - Contenidos Online\",\"isPartOf\":{\"@id\":\"https:\/\/mefp.grupopiquer.com\/inscripciones\/#website\"},\"primaryImageOfPage\":{\"@id\":\"https:\/\/mefp.grupopiquer.com\/inscripciones\/producto\/ssce010po-aplicacion-de-las-herramientas-digitales-en-la-innovacion-educativa-50-horas\/#primaryimage\"},\"image\":{\"@id\":\"https:\/\/mefp.grupopiquer.com\/inscripciones\/producto\/ssce010po-aplicacion-de-las-herramientas-digitales-en-la-innovacion-educativa-50-horas\/#primaryimage\"},\"thumbnailUrl\":\"https:\/\/mefp.grupopiquer.com\/inscripciones\/wp-content\/uploads\/2023\/05\/mkdxXdo9pXvpQqK3_xQecd5GI-_yQZplM-stock_image-1-e1683193084732.jpg\",\"datePublished\":\"2023-05-02T11:17:59+00:00\",\"dateModified\":\"2023-06-01T10:09:35+00:00\",\"breadcrumb\":{\"@id\":\"https:\/\/mefp.grupopiquer.com\/inscripciones\/producto\/ssce010po-aplicacion-de-las-herramientas-digitales-en-la-innovacion-educativa-50-horas\/#breadcrumb\"},\"inLanguage\":\"es\",\"potentialAction\":[{\"@type\":\"ReadAction\",\"target\":[\"https:\/\/mefp.grupopiquer.com\/inscripciones\/producto\/ssce010po-aplicacion-de-las-herramientas-digitales-en-la-innovacion-educativa-50-horas\/\"]}]},{\"@type\":\"ImageObject\",\"inLanguage\":\"es\",\"@id\":\"https:\/\/mefp.grupopiquer.com\/inscripciones\/producto\/ssce010po-aplicacion-de-las-herramientas-digitales-en-la-innovacion-educativa-50-horas\/#primaryimage\",\"url\":\"https:\/\/mefp.grupopiquer.com\/inscripciones\/wp-content\/uploads\/2023\/05\/mkdxXdo9pXvpQqK3_xQecd5GI-_yQZplM-stock_image-1-e1683193084732.jpg\",\"contentUrl\":\"https:\/\/mefp.grupopiquer.com\/inscripciones\/wp-content\/uploads\/2023\/05\/mkdxXdo9pXvpQqK3_xQecd5GI-_yQZplM-stock_image-1-e1683193084732.jpg\",\"width\":1680,\"height\":945},{\"@type\":\"BreadcrumbList\",\"@id\":\"https:\/\/mefp.grupopiquer.com\/inscripciones\/producto\/ssce010po-aplicacion-de-las-herramientas-digitales-en-la-innovacion-educativa-50-horas\/#breadcrumb\",\"itemListElement\":[{\"@type\":\"ListItem\",\"position\":1,\"name\":\"Portada\",\"item\":\"https:\/\/mefp.grupopiquer.com\/inscripciones\/\"},{\"@type\":\"ListItem\",\"position\":2,\"name\":\"Tienda\",\"item\":\"https:\/\/mefp.grupopiquer.com\/inscripciones\/tienda\/\"},{\"@type\":\"ListItem\",\"position\":3,\"name\":\"SSCE010PO &#8211; Aplicaci\u00f3n de las Herramientas Digitales en la Innovaci\u00f3n Educativa (50 horas)\"}]},{\"@type\":\"WebSite\",\"@id\":\"https:\/\/mefp.grupopiquer.com\/inscripciones\/#website\",\"url\":\"https:\/\/mefp.grupopiquer.com\/inscripciones\/\",\"name\":\"Contenidos Online\",\"description\":\"\",\"publisher\":{\"@id\":\"https:\/\/mefp.grupopiquer.com\/inscripciones\/#organization\"},\"potentialAction\":[{\"@type\":\"SearchAction\",\"target\":{\"@type\":\"EntryPoint\",\"urlTemplate\":\"https:\/\/mefp.grupopiquer.com\/inscripciones\/?s={search_term_string}\"},\"query-input\":{\"@type\":\"PropertyValueSpecification\",\"valueRequired\":true,\"valueName\":\"search_term_string\"}}],\"inLanguage\":\"es\"},{\"@type\":\"Organization\",\"@id\":\"https:\/\/mefp.grupopiquer.com\/inscripciones\/#organization\",\"name\":\"Contenidos Online\",\"url\":\"https:\/\/mefp.grupopiquer.com\/inscripciones\/\",\"logo\":{\"@type\":\"ImageObject\",\"inLanguage\":\"es\",\"@id\":\"https:\/\/mefp.grupopiquer.com\/inscripciones\/#\/schema\/logo\/image\/\",\"url\":\"\",\"contentUrl\":\"\",\"caption\":\"Contenidos Online\"},\"image\":{\"@id\":\"https:\/\/mefp.grupopiquer.com\/inscripciones\/#\/schema\/logo\/image\/\"}}]}<\/script>\n<!-- \/ Yoast SEO plugin. -->","yoast_head_json":{"title":"SSCE010PO - Aplicaci\u00f3n de las Herramientas Digitales en la Innovaci\u00f3n Educativa (50 horas) - Contenidos Online","robots":{"index":"index","follow":"follow","max-snippet":"max-snippet:-1","max-image-preview":"max-image-preview:large","max-video-preview":"max-video-preview:-1"},"canonical":"https:\/\/mefp.grupopiquer.com\/inscripciones\/producto\/ssce010po-aplicacion-de-las-herramientas-digitales-en-la-innovacion-educativa-50-horas\/","og_locale":"es_ES","og_type":"article","og_title":"SSCE010PO - Aplicaci\u00f3n de las Herramientas Digitales en la Innovaci\u00f3n Educativa (50 horas) - Contenidos Online","og_description":"Identificar el potencial de las RRSS para el \u00e1mbito educativo. Conocer los Entornos Virtuales de Aprendizaje (EVA) en la web. Utilizar las weblogs como recurso did\u00e1ctico. Utilizar las wikis como recurso did\u00e1ctico. Conocer las plataformas e-Learning y sus posibilidades en el entorno educativo.","og_url":"https:\/\/mefp.grupopiquer.com\/inscripciones\/producto\/ssce010po-aplicacion-de-las-herramientas-digitales-en-la-innovacion-educativa-50-horas\/","og_site_name":"Contenidos Online","article_modified_time":"2023-06-01T10:09:35+00:00","og_image":[{"width":1680,"height":945,"url":"https:\/\/mefp.grupopiquer.com\/inscripciones\/wp-content\/uploads\/2023\/05\/mkdxXdo9pXvpQqK3_xQecd5GI-_yQZplM-stock_image-1-e1683193084732.jpg","type":"image\/jpeg"}],"twitter_card":"summary_large_image","twitter_misc":{"Tiempo de lectura":"3 minutos"},"schema":{"@context":"https:\/\/schema.org","@graph":[{"@type":"WebPage","@id":"https:\/\/mefp.grupopiquer.com\/inscripciones\/producto\/ssce010po-aplicacion-de-las-herramientas-digitales-en-la-innovacion-educativa-50-horas\/","url":"https:\/\/mefp.grupopiquer.com\/inscripciones\/producto\/ssce010po-aplicacion-de-las-herramientas-digitales-en-la-innovacion-educativa-50-horas\/","name":"SSCE010PO - Aplicaci\u00f3n de las Herramientas Digitales en la Innovaci\u00f3n Educativa (50 horas) - Contenidos Online","isPartOf":{"@id":"https:\/\/mefp.grupopiquer.com\/inscripciones\/#website"},"primaryImageOfPage":{"@id":"https:\/\/mefp.grupopiquer.com\/inscripciones\/producto\/ssce010po-aplicacion-de-las-herramientas-digitales-en-la-innovacion-educativa-50-horas\/#primaryimage"},"image":{"@id":"https:\/\/mefp.grupopiquer.com\/inscripciones\/producto\/ssce010po-aplicacion-de-las-herramientas-digitales-en-la-innovacion-educativa-50-horas\/#primaryimage"},"thumbnailUrl":"https:\/\/mefp.grupopiquer.com\/inscripciones\/wp-content\/uploads\/2023\/05\/mkdxXdo9pXvpQqK3_xQecd5GI-_yQZplM-stock_image-1-e1683193084732.jpg","datePublished":"2023-05-02T11:17:59+00:00","dateModified":"2023-06-01T10:09:35+00:00","breadcrumb":{"@id":"https:\/\/mefp.grupopiquer.com\/inscripciones\/producto\/ssce010po-aplicacion-de-las-herramientas-digitales-en-la-innovacion-educativa-50-horas\/#breadcrumb"},"inLanguage":"es","potentialAction":[{"@type":"ReadAction","target":["https:\/\/mefp.grupopiquer.com\/inscripciones\/producto\/ssce010po-aplicacion-de-las-herramientas-digitales-en-la-innovacion-educativa-50-horas\/"]}]},{"@type":"ImageObject","inLanguage":"es","@id":"https:\/\/mefp.grupopiquer.com\/inscripciones\/producto\/ssce010po-aplicacion-de-las-herramientas-digitales-en-la-innovacion-educativa-50-horas\/#primaryimage","url":"https:\/\/mefp.grupopiquer.com\/inscripciones\/wp-content\/uploads\/2023\/05\/mkdxXdo9pXvpQqK3_xQecd5GI-_yQZplM-stock_image-1-e1683193084732.jpg","contentUrl":"https:\/\/mefp.grupopiquer.com\/inscripciones\/wp-content\/uploads\/2023\/05\/mkdxXdo9pXvpQqK3_xQecd5GI-_yQZplM-stock_image-1-e1683193084732.jpg","width":1680,"height":945},{"@type":"BreadcrumbList","@id":"https:\/\/mefp.grupopiquer.com\/inscripciones\/producto\/ssce010po-aplicacion-de-las-herramientas-digitales-en-la-innovacion-educativa-50-horas\/#breadcrumb","itemListElement":[{"@type":"ListItem","position":1,"name":"Portada","item":"https:\/\/mefp.grupopiquer.com\/inscripciones\/"},{"@type":"ListItem","position":2,"name":"Tienda","item":"https:\/\/mefp.grupopiquer.com\/inscripciones\/tienda\/"},{"@type":"ListItem","position":3,"name":"SSCE010PO &#8211; Aplicaci\u00f3n de las Herramientas Digitales en la Innovaci\u00f3n Educativa (50 horas)"}]},{"@type":"WebSite","@id":"https:\/\/mefp.grupopiquer.com\/inscripciones\/#website","url":"https:\/\/mefp.grupopiquer.com\/inscripciones\/","name":"Contenidos Online","description":"","publisher":{"@id":"https:\/\/mefp.grupopiquer.com\/inscripciones\/#organization"},"potentialAction":[{"@type":"SearchAction","target":{"@type":"EntryPoint","urlTemplate":"https:\/\/mefp.grupopiquer.com\/inscripciones\/?s={search_term_string}"},"query-input":{"@type":"PropertyValueSpecification","valueRequired":true,"valueName":"search_term_string"}}],"inLanguage":"es"},{"@type":"Organization","@id":"https:\/\/mefp.grupopiquer.com\/inscripciones\/#organization","name":"Contenidos Online","url":"https:\/\/mefp.grupopiquer.com\/inscripciones\/","logo":{"@type":"ImageObject","inLanguage":"es","@id":"https:\/\/mefp.grupopiquer.com\/inscripciones\/#\/schema\/logo\/image\/","url":"","contentUrl":"","caption":"Contenidos Online"},"image":{"@id":"https:\/\/mefp.grupopiquer.com\/inscripciones\/#\/schema\/logo\/image\/"}}]}},"_links":{"self":[{"href":"https:\/\/mefp.grupopiquer.com\/inscripciones\/wp-json\/wp\/v2\/product\/4644"}],"collection":[{"href":"https:\/\/mefp.grupopiquer.com\/inscripciones\/wp-json\/wp\/v2\/product"}],"about":[{"href":"https:\/\/mefp.grupopiquer.com\/inscripciones\/wp-json\/wp\/v2\/types\/product"}],"replies":[{"embeddable":true,"href":"https:\/\/mefp.grupopiquer.com\/inscripciones\/wp-json\/wp\/v2\/comments?post=4644"}],"wp:featuredmedia":[{"embeddable":true,"href":"https:\/\/mefp.grupopiquer.com\/inscripciones\/wp-json\/wp\/v2\/media\/4909"}],"wp:attachment":[{"href":"https:\/\/mefp.grupopiquer.com\/inscripciones\/wp-json\/wp\/v2\/media?parent=4644"}],"wp:term":[{"taxonomy":"product_cat","embeddable":true,"href":"https:\/\/mefp.grupopiquer.com\/inscripciones\/wp-json\/wp\/v2\/product_cat?post=4644"},{"taxonomy":"product_tag","embeddable":true,"href":"https:\/\/mefp.grupopiquer.com\/inscripciones\/wp-json\/wp\/v2\/product_tag?post=4644"}],"curies":[{"name":"wp","href":"https:\/\/api.w.org\/{rel}","templated":true}]}}