{"id":4642,"date":"2023-05-02T11:17:52","date_gmt":"2023-05-02T11:17:52","guid":{"rendered":"https:\/\/mefp.grupopiquer.com\/inscripciones\/producto\/ssce01-ingles-a1-150-horas\/"},"modified":"2024-01-17T14:20:33","modified_gmt":"2024-01-17T14:20:33","slug":"ssce01-ingles-a1-150-horas","status":"publish","type":"product","link":"https:\/\/mefp.grupopiquer.com\/inscripciones\/producto\/ssce01-ingles-a1-150-horas\/","title":{"rendered":"SSCE01 &#8211; Ingl\u00e9s A1 (150 horas)"},"content":{"rendered":"<div id=\"accordion\">\n<h3>OBJETIVOS<\/h3>\n<div>\n<p>Conseguir un nivel elemental de comprensi\u00f3n oral y escrita y en expresi\u00f3n e interacci\u00f3n oral y escrita que permita a los alumnos intercambios comunicativos muy simples y controlados sobre temas familiares y habituales destinados a satisfacer necesidades de tipo inmediato, con hablantes que se esfuerzan en hacerse entender. Este programa formativo proporcionar\u00e1 a los alumnos la formaci\u00f3n y el aprendizaje en lengua inglesa necesaria para que puedan presentarse a las pruebas de acreditaci\u00f3n oficial del nivel A1 del Marco Com\u00fan Europeo de Referencia para las Lenguas (MCERL).<\/p>\n<\/div>\n<h3>CONTENIDOS<\/h3>\n<div>\n<ul>\n<li>A. COMPETENCIAS LING\u00dc\u00cdSTICAS\n<p>A.1 Contenidos l\u00e9xico-sem\u00e1nticos<\/p>\n<p>1. Vocabulario b\u00e1sico relacionado con:<br \/>\n&#8211; Identificaci\u00f3n personal: datos personales necesarios para identificarse y<br \/>\ndesenvolverse en los \u00e1mbitos personal y p\u00fablico en situaciones cotidianas y en<br \/>\nvisitas tur\u00edsticas a pa\u00edses extranjeros.<br \/>\n&#8211; Vivienda, hogar y entorno: la vivienda (tipos, servicios, habitaciones, muebles, ropa<br \/>\nde casa, instalaciones y \u00fatiles del hogar, reparaciones), ciudad \/ campo, zona en la<br \/>\nque vive (el barrio y la ciudad), regi\u00f3n, pa\u00eds.<br \/>\n&#8211; Actividades de la vida diaria: en casa y en el trabajo, la rutina diaria, profesiones,<br \/>\ntrabajo: caracter\u00edsticas, horario y actividad diaria, cualificaci\u00f3n profesional, salario.<br \/>\n&#8211; Tiempo libre y ocio: aficiones, intereses personales, actividades de tiempo libre:<br \/>\nactividades intelectuales y art\u00edsticas, deportes, fiestas, la m\u00fasica, instrumentos<br \/>\nmusicales.<br \/>\n&#8211; Viajes: transporte p\u00fablico: aeropuerto, estaciones de tren, autob\u00fas, metro, taxi.<br \/>\nBilletes, precios y horarios. Turismo: campo, playa, monta\u00f1a. Vacaciones, tipos de<br \/>\nalojamiento (alquiler, hotel, campismo), documentos, equipaje.<\/p>\n<p>&#8211; Relaciones humanas y sociales: familia, amistades, vida social: citas, reuniones,<br \/>\ninvitaciones, contactos por correspondencia.<br \/>\n&#8211; Educaci\u00f3n y formaci\u00f3n: estudios, asignaturas, tipos de centros (colegio, instituto,<br \/>\nuniversidad).<br \/>\n&#8211; Compras y actividades comerciales: tiendas, grandes almacenes, mercados, la<br \/>\nropa (tallas y colores), enseres b\u00e1sicos (casa, colegio, trabajo), precios, moneda, los<br \/>\nbancos, restaurantes, bares, formas de pago.<br \/>\n&#8211; Alimentaci\u00f3n: tipos de comida y bebida, platos t\u00edpicos, h\u00e1bitos diet\u00e9ticos, comida<br \/>\nsana\/comida basura, men\u00fas, locales de comidas y bebidas.<br \/>\n&#8211; Bienes y servicios: transportes, hospitales, centros educativos, talleres mec\u00e1nicos,<br \/>\nestaciones de servicio, polic\u00eda, correos, tel\u00e9fonos, oficinas de informaci\u00f3n tur\u00edstica.<br \/>\n&#8211; Lengua y comunicaci\u00f3n: la lengua que se estudia y su lugar en el mundo, los<br \/>\nidiomas, las tecnolog\u00edas de la informaci\u00f3n y la comunicaci\u00f3n.<br \/>\n&#8211; Clima, condiciones atmosf\u00e9ricas y medio ambiente: estaciones, temperatura,<br \/>\nfen\u00f3menos atmosf\u00e9ricos m\u00e1s comunes.<\/p>\n<p>2. Formaci\u00f3n de palabras muy frecuentes: girlfriend, policeman.<\/p>\n<p>3. Afijos m\u00e1s frecuentes: cleaner, unhappy, imposible.<\/p>\n<p>4. Presentaci\u00f3n de ant\u00f3nimos (tall-short) y palabras de significado pr\u00f3ximo (table, desk).<\/p>\n<p>5. Falsos amigos m\u00e1s frecuentes (conductor, library).<\/p>\n<p>6. Abreviaci\u00f3n de palabras de uso frecuente (bike, fridge).<\/p>\n<p>7. Verbos con part\u00edcula de uso muy frecuente (get up, come in).<\/p>\n<p>8. Iniciaci\u00f3n de algunas colocaciones b\u00e1sicas: make a mistake, ask a question.<\/p>\n<p>A.2 Contenidos gramaticales<\/p>\n<p>1. Oraci\u00f3n<br \/>\n&#8211; Concordancia sujeto- verbo en n\u00famero<br \/>\n&#8211; Presentaci\u00f3n e iniciaci\u00f3n de oraciones declarativas afirmativas y negativas;<br \/>\ninterrogativas (con y sin part\u00edculas) y respuestas breves (Yes, I am. No, she doesn\u00b4t)<br \/>\nen los tiempos verbales estudiados.<br \/>\n&#8211; Orden de los elementos: sujeto, verbo y complementos; posici\u00f3n de la negaci\u00f3n.<br \/>\n&#8211; Oraciones imperativas (sit down, please).<br \/>\n&#8211; Introducci\u00f3n a las oraciones exclamativas (That\u00b4s wonderful!)<br \/>\n&#8211; Coordinaci\u00f3n: conjunciones m\u00e1s frecuentes (and, but, or).<br \/>\n&#8211; Subordinaci\u00f3n: oraciones causales (because), temporales (when).<\/p>\n<p>2. Nombres y adjetivos<br \/>\n&#8211; El n\u00famero del nombre: formaci\u00f3n del plural + (e)s; plurales irregulares (women, men);<br \/>\nnombres que se usan solo en plural (people).<br \/>\n&#8211; El g\u00e9nero del nombre de personas: palabras diferentes para el masculino\/femenino<br \/>\n(boy-girl); palabras comunes para ambos (teacher); sufijo \u2013ess para formar el<br \/>\nfemenino de algunos nombres (waiter-waitress).<br \/>\n&#8211; Nombres contables e incontables y consolidaci\u00f3n de casos que presentan m\u00e1s<br \/>\ndificultad (people, money, paper&#8230;).<br \/>\n&#8211; El genitivo \u00b4s \/ s\u00b4 (Jane\u00b4s sister, my parents\u00b4car)<br \/>\n&#8211; El adjetivo: formas, uso y posici\u00f3n en la oraci\u00f3n. Invariabilidad para g\u00e9nero y n\u00famero.<br \/>\n&#8211; El adjetivo modificado por el adverbio (very easy, too small).<br \/>\n&#8211; La comparaci\u00f3n: adj + -er \/ more + adj \/ more + nombre.<br \/>\n&#8211; El grado superlativo adj + est \/the most + adj. Superlativos irregulares (best, worst,<br \/>\nmost).<\/p>\n<p>3. Determinantes<br \/>\n&#8211; El art\u00edculo determinado e indeterminado. Usos m\u00e1s comunes y omisi\u00f3n.<br \/>\n&#8211; Demostrativos y concordancia en n\u00famero con el nombre: That car is very fast<br \/>\n&#8211; Interrogativos: What (What colour is it?).<br \/>\n&#8211; Numerales cardinales hasta tres d\u00edgitos.<br \/>\n&#8211; Posesivos: my, your, his, her, our, their<br \/>\n&#8211; Indefinidos m\u00e1s frecuentes: some, any, no, much, many (I had some tea).<\/p>\n<p>4. Pronombres<br \/>\n&#8211; Pronombres personales sujeto y complemento, impersonales, demostrativos,<br \/>\ninterrogativos e indefinidos.<br \/>\n&#8211; Uso de one(s): the red one<br \/>\n&#8211; Pronombres indefinidos m\u00e1s frecuentes compuestos de some-, any-.<br \/>\n&#8211; Pronombres impersonales: it, there (it\u00b4s raining).<\/p>\n<p>5. Verbos<br \/>\n&#8211; Formas y usos del verbo be en presente.<br \/>\n&#8211; Verbos auxiliares do y be. Caracter\u00edsticas y uso.<br \/>\n&#8211; Presente simple de los verbos m\u00e1s frecuentes. Presentaci\u00f3n e iniciaci\u00f3n<br \/>\n&#8211; Imperativo (Listen. Don\u00b4t write).<br \/>\n&#8211; Formas y usos del verbo be en pasado.<br \/>\n&#8211; El Presente Simple y el Presente Continuo de los verbos m\u00e1s frecuentes. Contraste<br \/>\nentre ambos tiempos.<br \/>\n&#8211; El Pasado simple. Formas regulares e irregulares de los verbos del nivel. Usos.<br \/>\n&#8211; Introducci\u00f3n a los verbos modales: can y could. Caracter\u00edsticas y usos.<br \/>\n&#8211; Formas impersonales del verbo be (It\u00b4s three o\u00b4clock. There are no apples)<br \/>\n&#8211; La forma be going to para expresar planes futuros.<br \/>\n&#8211; Introducci\u00f3n de will\/ \u2018ll como forma de futuro y ofrecimiento\/promesa (I\u00b4ll leave on<br \/>\nMonday; I\u00b4ll open the door for you; Don\u00b4t worry, I\u00b4ll do it).<br \/>\n&#8211; Formas impersonales del verbo be en pasado (There was a match on TV).<br \/>\n&#8211; Iniciaci\u00f3n al presente perfecto para experiencias pasadas y contraste con el pasado<br \/>\nsimple (Have you ever been to London? Yes, I went there last summer).<br \/>\n&#8211; Contraste de verbos comunes que rigen infinitivo (Would like\/ want) frente a otros que<br \/>\nrigen gerundio (like\/hate).<\/p>\n<p>6. Adverbios<br \/>\n&#8211; Interrogativos: Where, When, How, Why.<br \/>\n&#8211; Afirmaci\u00f3n y negaci\u00f3n (yes, no).<br \/>\n&#8211; &#8211; Formaci\u00f3n del adverbio a partir del adjetivo. Excepciones: hard, fast, well.<br \/>\n&#8211; Forma, uso y posici\u00f3n m\u00e1s frecuente de los adverbios y locuciones adverbiales para<br \/>\nindicar: lugar y direcci\u00f3n, modo, tiempo, cantidad, probabilidad (perhaps, maybe) y<br \/>\nfrecuencia.<br \/>\n&#8211; El adverbio modificado por otros adverbios (very slowly).<\/p>\n<p>7. Enlaces<br \/>\n&#8211; Uso de las preposiciones m\u00e1s frecuentes de lugar, direcci\u00f3n y tiempo.<br \/>\n&#8211; Presentaci\u00f3n de otras preposiciones (with, without, about).<br \/>\n&#8211; Preposiciones que preceden a ciertos nombres (by car, at work, on holiday).<br \/>\n&#8211; Iniciaci\u00f3n en el uso de algunas conjunciones de uso m\u00e1s frecuente: and, but, or,<br \/>\nbecause.<\/p>\n<p>A.3 Contenidos ortogr\u00e1ficos<br \/>\n1. El alfabeto. Deletreo.<br \/>\n2. Representaci\u00f3n gr\u00e1fica de fonemas y sonidos:<br \/>\n&#8211; Correspondencias m\u00e1s frecuentes entre graf\u00edas y fonemas. Correspondencias<br \/>\ninusuales en palabras de uso frecuente.<br \/>\n&#8211; Vocales mudas y su posible valor fonol\u00f3gico. Consonantes mudas.<br \/>\n&#8211; Cambios ortogr\u00e1ficos ante inflexiones.<br \/>\n3. Uso de may\u00fasculas en nombres propios de personas, lugares y otros: d\u00edas de la semana,<br \/>\nmeses, nacionalidades e idiomas.<br \/>\n4. Uso b\u00e1sico de los signos ortogr\u00e1ficos: punto, dos puntos, coma, interrogaci\u00f3n,<br \/>\nexclamaci\u00f3n, ap\u00f3strofo y gui\u00f3n.<br \/>\n5. Formas de contracci\u00f3n (didn\u00b4t, can\u00b4t)<br \/>\n6. Signos de uso com\u00fan: @, \u20ac, \u00a3, $<\/p>\n<p>A.4 Contenidos fon\u00e9ticos y fonol\u00f3gicos<br \/>\n1. Sonidos y fonemas voc\u00e1licos.<br \/>\nSistema voc\u00e1lico: Las vocales: contraste entre vocales largas y cortas.<br \/>\n2. Sonidos y fonemas conson\u00e1nticos.<br \/>\nSistema conson\u00e1ntico: Secuencias iniciales y finales: pronunciaci\u00f3n de grupos<br \/>\nconson\u00e1nticos (\u201cconsonant clusters\u201d)<br \/>\n3. Procesos fonol\u00f3gicos: ensordecimiento, sonorizaci\u00f3n, enlace, asimilaci\u00f3n y elisi\u00f3n<br \/>\n4. Acento y atonicidad: patrones tonales en el sintagma. Pautas b\u00e1sicas del ritmo y la<br \/>\nentonaci\u00f3n.<br \/>\n12<\/p>\n<p>B. COMPETENCIAS SOCIOLING\u00dc\u00cdSTICAS Y SOCIOCULTURALES<br \/>\nContenidos socioling\u00fc\u00edsticos y socioculturales<br \/>\nMarcadores ling\u00fc\u00edsticos de relaciones sociales, normas de cortes\u00eda, estereotipos e introducci\u00f3n<br \/>\nb\u00e1sica a las variedades geogr\u00e1ficas y de registro.<\/p>\n<p>C. COMPETENCIAS PRAGM\u00c1TICAS<\/p>\n<p>C.1 Contenidos funcionales<br \/>\n1. Actos asertivos: funciones o actos de habla relacionados con la expresi\u00f3n del<br \/>\nconocimiento, la opini\u00f3n, la creencia y la conjetura: afirmar, anunciar, asentir, clasificar,<br \/>\ndescribir: educaci\u00f3n, trabajo, personas, car\u00e1cter, significado, experiencias, acciones y<br \/>\nproyectos referidos al momento presente, al pasado y al futuro, disentir, expresar acuerdo y<br \/>\ndesacuerdo, expresar desconocimiento, expresar una opini\u00f3n, formular hip\u00f3tesis, expresar<br \/>\ngrados de certeza, identificar\/ se, informar sobre rutinas y h\u00e1bitos, gustos, planes,<br \/>\ndecisiones, presentar\/se, recordar algo a alguien, rectificar, corregir informaci\u00f3n.<br \/>\n2. Actos compromisivos: funciones o actos de habla relacionados con la expresi\u00f3n de<br \/>\nofrecimiento, intenci\u00f3n, voluntad y decisi\u00f3n: expresar la intenci\u00f3n, la decisi\u00f3n o la voluntad<br \/>\nde hacer o no hacer algo, invitar, ofrecer algo o ayuda, ofrecerse a hacer algo.<br \/>\n3. Actos directivos: funciones o actos de habla que tienen como finalidad que el destinatario<br \/>\nhaga o no haga algo, tanto si esto es, a su vez, un acto verbal como una acci\u00f3n de otra<br \/>\n\u00edndole: aconsejar, alertar, dar instrucciones o permiso, pedir: algo, ayuda, confirmaci\u00f3n,<br \/>\ninformaci\u00f3n, instrucciones, opini\u00f3n, permiso, que alguien haga algo; prohibir o denegar,<br \/>\nproponer, permitir, ordenar, solicitar, aceptar y rechazar.<br \/>\n4. Actos f\u00e1ticos y solidarios: funciones o actos de habla que se realizan para establecer o<br \/>\nmantener el contacto social y expresar actitudes con respecto a los dem\u00e1s: aceptar o<br \/>\ndeclinar una invitaci\u00f3n, ayuda u ofrecimiento, agradecer, atraer la atenci\u00f3n, dar la<br \/>\nbienvenida, despedirse, expresar aprobaci\u00f3n, felicitar, interesarse por alguien o algo,<br \/>\nlamentar, pedir y aceptar disculpas, rehusar, saludar y responder a saludos.<br \/>\n5. Actos expresivos: funciones o actos de habla que expresan actitudes y sentimientos ante<br \/>\ndeterminadas situaciones: expresar alegr\u00eda\/felicidad, aprecio\/simpat\u00eda, decepci\u00f3n,<br \/>\ndesinter\u00e9s, duda, esperanza, preferencia, satisfacci\u00f3n, tristeza y enfado.<\/p>\n<p>C.2 Contenidos discursivos<br \/>\n1. Iniciaci\u00f3n de f\u00f3rmulas b\u00e1sicas relacionadas con el control de la comunicaci\u00f3n: pedir que<br \/>\nrepitan que hablen m\u00e1s alto, pedir aclaraciones, etc,<br \/>\n2. F\u00f3rmulas de cortes\u00eda (Excuse me; Please; Thank you; Sorry)<br \/>\n3. Marcadores conversacionales para saludar presentarse, dirigirse a alguien, despedirse,<br \/>\ninteractuar, solicitar ayuda (Hi; Excuse me; See you; Can you help me?).<br \/>\n4. Consolidaci\u00f3n de ciertos marcadores para ordenar el discurso y recursos para<br \/>\ncontextualizar en el espacio y en el tiempo (Then; after that; later&#8230;).<br \/>\n5. Conectores m\u00e1s frecuentes. (V\u00e9ase \u201cconjunciones\u201d dentro de \u201cEnlaces\u201d).<br \/>\n6. Iniciaci\u00f3n al contraste de registros formal e informal con algunas f\u00f3rmulas frecuentes.<br \/>\n7. Elipsis de los elementos conocidos (I get up at seven and (I) have breakfast<br \/>\n8. Entonaci\u00f3n y puntuaci\u00f3n discursiva b\u00e1sicaS.<br \/>\n8.1. Evaluaci\u00f3n del potencial.<br \/>\n8.1.1. \u00c1reas de evaluaci\u00f3n del potencial.<br \/>\n8.1.2. Instrumentos y t\u00e9cnicas para la evaluaci\u00f3n de potencial.<br \/>\n8.1.3. Implantaci\u00f3n de un sistema de evaluaci\u00f3n del potencial en la empresa.<br \/>\n8.2. El plan de carrera.<br \/>\n8.2.1. Desarrollo del personal en las organizaciones.<br \/>\n8.2.2. El plan de carrera organizacional.<br \/>\n8.2.3. Concepto y caracter\u00edsticas.<br \/>\n8.2.4. Integraci\u00f3n del plan de carrera en la cultura y estrategia de la organizaci\u00f3n.<br \/>\n8.3. Fases en la planificaci\u00f3n de carreras.<br \/>\n8.3.1. Dise\u00f1o<br \/>\n8.3.2. Desarrollo<br \/>\n8.3.3. Evaluaci\u00f3n<\/li>\n<\/ul>\n<\/div>\n<\/div>\n","protected":false},"excerpt":{"rendered":"<p>Conseguir un nivel elemental de comprensi\u00f3n oral y escrita y en expresi\u00f3n e interacci\u00f3n oral y escrita que permita a los alumnos intercambios comunicativos muy simples y controlados sobre temas familiares y habituales destinados a satisfacer necesidades de tipo inmediato, con hablantes que se esfuerzan en hacerse entender.<\/p>\n<p>Este programa formativo proporcionar\u00e1 a los alumnos la formaci\u00f3n y el aprendizaje en lengua inglesa necesaria para que puedan presentarse a las pruebas de acreditaci\u00f3n oficial del nivel A1 del Marco Com\u00fan Europeo de Referencia para las Lenguas (MCERL).<\/p>\n","protected":false},"featured_media":4910,"comment_status":"closed","ping_status":"closed","template":"","meta":[],"product_cat":[103,117],"product_tag":[],"class_list":{"0":"post-4642","1":"product","2":"type-product","3":"status-publish","4":"has-post-thumbnail","6":"product_cat-formacion-y-educacion","7":"product_cat-lenguas-extranjeras","9":"first","10":"instock","11":"taxable","12":"shipping-taxable","13":"purchasable","14":"product-type-simple"},"yoast_head":"<!-- This site is optimized with the Yoast SEO plugin v23.5 - https:\/\/yoast.com\/wordpress\/plugins\/seo\/ -->\n<title>SSCE01 - Ingl\u00e9s A1 (150 horas) - Contenidos Online<\/title>\n<meta name=\"robots\" content=\"index, follow, max-snippet:-1, max-image-preview:large, max-video-preview:-1\" \/>\n<link rel=\"canonical\" href=\"https:\/\/mefp.grupopiquer.com\/inscripciones\/producto\/ssce01-ingles-a1-150-horas\/\" \/>\n<meta property=\"og:locale\" content=\"es_ES\" \/>\n<meta property=\"og:type\" content=\"article\" \/>\n<meta property=\"og:title\" content=\"SSCE01 - Ingl\u00e9s A1 (150 horas) - Contenidos Online\" \/>\n<meta property=\"og:description\" content=\"Conseguir un nivel elemental de comprensi\u00f3n oral y escrita y en expresi\u00f3n e interacci\u00f3n oral y escrita que permita a los alumnos intercambios comunicativos muy simples y controlados sobre temas familiares y habituales destinados a satisfacer necesidades de tipo inmediato, con hablantes que se esfuerzan en hacerse entender.  Este programa formativo proporcionar\u00e1 a los alumnos la formaci\u00f3n y el aprendizaje en lengua inglesa necesaria para que puedan presentarse a las pruebas de acreditaci\u00f3n oficial del nivel A1 del Marco Com\u00fan Europeo de Referencia para las Lenguas (MCERL).\" \/>\n<meta property=\"og:url\" content=\"https:\/\/mefp.grupopiquer.com\/inscripciones\/producto\/ssce01-ingles-a1-150-horas\/\" \/>\n<meta property=\"og:site_name\" content=\"Contenidos Online\" \/>\n<meta property=\"article:modified_time\" content=\"2024-01-17T14:20:33+00:00\" \/>\n<meta property=\"og:image\" content=\"https:\/\/mefp.grupopiquer.com\/inscripciones\/wp-content\/uploads\/2023\/05\/phone-booth-203492_1920-e1683193251640.jpg\" \/>\n\t<meta property=\"og:image:width\" content=\"1920\" \/>\n\t<meta property=\"og:image:height\" content=\"1079\" \/>\n\t<meta property=\"og:image:type\" content=\"image\/jpeg\" \/>\n<meta name=\"twitter:card\" content=\"summary_large_image\" \/>\n<meta name=\"twitter:label1\" content=\"Tiempo de lectura\" \/>\n\t<meta name=\"twitter:data1\" content=\"8 minutos\" \/>\n<script type=\"application\/ld+json\" class=\"yoast-schema-graph\">{\"@context\":\"https:\/\/schema.org\",\"@graph\":[{\"@type\":\"WebPage\",\"@id\":\"https:\/\/mefp.grupopiquer.com\/inscripciones\/producto\/ssce01-ingles-a1-150-horas\/\",\"url\":\"https:\/\/mefp.grupopiquer.com\/inscripciones\/producto\/ssce01-ingles-a1-150-horas\/\",\"name\":\"SSCE01 - Ingl\u00e9s A1 (150 horas) - Contenidos Online\",\"isPartOf\":{\"@id\":\"https:\/\/mefp.grupopiquer.com\/inscripciones\/#website\"},\"primaryImageOfPage\":{\"@id\":\"https:\/\/mefp.grupopiquer.com\/inscripciones\/producto\/ssce01-ingles-a1-150-horas\/#primaryimage\"},\"image\":{\"@id\":\"https:\/\/mefp.grupopiquer.com\/inscripciones\/producto\/ssce01-ingles-a1-150-horas\/#primaryimage\"},\"thumbnailUrl\":\"https:\/\/mefp.grupopiquer.com\/inscripciones\/wp-content\/uploads\/2023\/05\/phone-booth-203492_1920-e1683193251640.jpg\",\"datePublished\":\"2023-05-02T11:17:52+00:00\",\"dateModified\":\"2024-01-17T14:20:33+00:00\",\"breadcrumb\":{\"@id\":\"https:\/\/mefp.grupopiquer.com\/inscripciones\/producto\/ssce01-ingles-a1-150-horas\/#breadcrumb\"},\"inLanguage\":\"es\",\"potentialAction\":[{\"@type\":\"ReadAction\",\"target\":[\"https:\/\/mefp.grupopiquer.com\/inscripciones\/producto\/ssce01-ingles-a1-150-horas\/\"]}]},{\"@type\":\"ImageObject\",\"inLanguage\":\"es\",\"@id\":\"https:\/\/mefp.grupopiquer.com\/inscripciones\/producto\/ssce01-ingles-a1-150-horas\/#primaryimage\",\"url\":\"https:\/\/mefp.grupopiquer.com\/inscripciones\/wp-content\/uploads\/2023\/05\/phone-booth-203492_1920-e1683193251640.jpg\",\"contentUrl\":\"https:\/\/mefp.grupopiquer.com\/inscripciones\/wp-content\/uploads\/2023\/05\/phone-booth-203492_1920-e1683193251640.jpg\",\"width\":1920,\"height\":1079},{\"@type\":\"BreadcrumbList\",\"@id\":\"https:\/\/mefp.grupopiquer.com\/inscripciones\/producto\/ssce01-ingles-a1-150-horas\/#breadcrumb\",\"itemListElement\":[{\"@type\":\"ListItem\",\"position\":1,\"name\":\"Portada\",\"item\":\"https:\/\/mefp.grupopiquer.com\/inscripciones\/\"},{\"@type\":\"ListItem\",\"position\":2,\"name\":\"Tienda\",\"item\":\"https:\/\/mefp.grupopiquer.com\/inscripciones\/tienda\/\"},{\"@type\":\"ListItem\",\"position\":3,\"name\":\"SSCE01 &#8211; Ingl\u00e9s A1 (150 horas)\"}]},{\"@type\":\"WebSite\",\"@id\":\"https:\/\/mefp.grupopiquer.com\/inscripciones\/#website\",\"url\":\"https:\/\/mefp.grupopiquer.com\/inscripciones\/\",\"name\":\"Contenidos Online\",\"description\":\"\",\"publisher\":{\"@id\":\"https:\/\/mefp.grupopiquer.com\/inscripciones\/#organization\"},\"potentialAction\":[{\"@type\":\"SearchAction\",\"target\":{\"@type\":\"EntryPoint\",\"urlTemplate\":\"https:\/\/mefp.grupopiquer.com\/inscripciones\/?s={search_term_string}\"},\"query-input\":{\"@type\":\"PropertyValueSpecification\",\"valueRequired\":true,\"valueName\":\"search_term_string\"}}],\"inLanguage\":\"es\"},{\"@type\":\"Organization\",\"@id\":\"https:\/\/mefp.grupopiquer.com\/inscripciones\/#organization\",\"name\":\"Contenidos Online\",\"url\":\"https:\/\/mefp.grupopiquer.com\/inscripciones\/\",\"logo\":{\"@type\":\"ImageObject\",\"inLanguage\":\"es\",\"@id\":\"https:\/\/mefp.grupopiquer.com\/inscripciones\/#\/schema\/logo\/image\/\",\"url\":\"\",\"contentUrl\":\"\",\"caption\":\"Contenidos Online\"},\"image\":{\"@id\":\"https:\/\/mefp.grupopiquer.com\/inscripciones\/#\/schema\/logo\/image\/\"}}]}<\/script>\n<!-- \/ Yoast SEO plugin. -->","yoast_head_json":{"title":"SSCE01 - Ingl\u00e9s A1 (150 horas) - Contenidos Online","robots":{"index":"index","follow":"follow","max-snippet":"max-snippet:-1","max-image-preview":"max-image-preview:large","max-video-preview":"max-video-preview:-1"},"canonical":"https:\/\/mefp.grupopiquer.com\/inscripciones\/producto\/ssce01-ingles-a1-150-horas\/","og_locale":"es_ES","og_type":"article","og_title":"SSCE01 - Ingl\u00e9s A1 (150 horas) - Contenidos Online","og_description":"Conseguir un nivel elemental de comprensi\u00f3n oral y escrita y en expresi\u00f3n e interacci\u00f3n oral y escrita que permita a los alumnos intercambios comunicativos muy simples y controlados sobre temas familiares y habituales destinados a satisfacer necesidades de tipo inmediato, con hablantes que se esfuerzan en hacerse entender.  Este programa formativo proporcionar\u00e1 a los alumnos la formaci\u00f3n y el aprendizaje en lengua inglesa necesaria para que puedan presentarse a las pruebas de acreditaci\u00f3n oficial del nivel A1 del Marco Com\u00fan Europeo de Referencia para las Lenguas (MCERL).","og_url":"https:\/\/mefp.grupopiquer.com\/inscripciones\/producto\/ssce01-ingles-a1-150-horas\/","og_site_name":"Contenidos Online","article_modified_time":"2024-01-17T14:20:33+00:00","og_image":[{"width":1920,"height":1079,"url":"https:\/\/mefp.grupopiquer.com\/inscripciones\/wp-content\/uploads\/2023\/05\/phone-booth-203492_1920-e1683193251640.jpg","type":"image\/jpeg"}],"twitter_card":"summary_large_image","twitter_misc":{"Tiempo de lectura":"8 minutos"},"schema":{"@context":"https:\/\/schema.org","@graph":[{"@type":"WebPage","@id":"https:\/\/mefp.grupopiquer.com\/inscripciones\/producto\/ssce01-ingles-a1-150-horas\/","url":"https:\/\/mefp.grupopiquer.com\/inscripciones\/producto\/ssce01-ingles-a1-150-horas\/","name":"SSCE01 - Ingl\u00e9s A1 (150 horas) - Contenidos Online","isPartOf":{"@id":"https:\/\/mefp.grupopiquer.com\/inscripciones\/#website"},"primaryImageOfPage":{"@id":"https:\/\/mefp.grupopiquer.com\/inscripciones\/producto\/ssce01-ingles-a1-150-horas\/#primaryimage"},"image":{"@id":"https:\/\/mefp.grupopiquer.com\/inscripciones\/producto\/ssce01-ingles-a1-150-horas\/#primaryimage"},"thumbnailUrl":"https:\/\/mefp.grupopiquer.com\/inscripciones\/wp-content\/uploads\/2023\/05\/phone-booth-203492_1920-e1683193251640.jpg","datePublished":"2023-05-02T11:17:52+00:00","dateModified":"2024-01-17T14:20:33+00:00","breadcrumb":{"@id":"https:\/\/mefp.grupopiquer.com\/inscripciones\/producto\/ssce01-ingles-a1-150-horas\/#breadcrumb"},"inLanguage":"es","potentialAction":[{"@type":"ReadAction","target":["https:\/\/mefp.grupopiquer.com\/inscripciones\/producto\/ssce01-ingles-a1-150-horas\/"]}]},{"@type":"ImageObject","inLanguage":"es","@id":"https:\/\/mefp.grupopiquer.com\/inscripciones\/producto\/ssce01-ingles-a1-150-horas\/#primaryimage","url":"https:\/\/mefp.grupopiquer.com\/inscripciones\/wp-content\/uploads\/2023\/05\/phone-booth-203492_1920-e1683193251640.jpg","contentUrl":"https:\/\/mefp.grupopiquer.com\/inscripciones\/wp-content\/uploads\/2023\/05\/phone-booth-203492_1920-e1683193251640.jpg","width":1920,"height":1079},{"@type":"BreadcrumbList","@id":"https:\/\/mefp.grupopiquer.com\/inscripciones\/producto\/ssce01-ingles-a1-150-horas\/#breadcrumb","itemListElement":[{"@type":"ListItem","position":1,"name":"Portada","item":"https:\/\/mefp.grupopiquer.com\/inscripciones\/"},{"@type":"ListItem","position":2,"name":"Tienda","item":"https:\/\/mefp.grupopiquer.com\/inscripciones\/tienda\/"},{"@type":"ListItem","position":3,"name":"SSCE01 &#8211; Ingl\u00e9s A1 (150 horas)"}]},{"@type":"WebSite","@id":"https:\/\/mefp.grupopiquer.com\/inscripciones\/#website","url":"https:\/\/mefp.grupopiquer.com\/inscripciones\/","name":"Contenidos Online","description":"","publisher":{"@id":"https:\/\/mefp.grupopiquer.com\/inscripciones\/#organization"},"potentialAction":[{"@type":"SearchAction","target":{"@type":"EntryPoint","urlTemplate":"https:\/\/mefp.grupopiquer.com\/inscripciones\/?s={search_term_string}"},"query-input":{"@type":"PropertyValueSpecification","valueRequired":true,"valueName":"search_term_string"}}],"inLanguage":"es"},{"@type":"Organization","@id":"https:\/\/mefp.grupopiquer.com\/inscripciones\/#organization","name":"Contenidos Online","url":"https:\/\/mefp.grupopiquer.com\/inscripciones\/","logo":{"@type":"ImageObject","inLanguage":"es","@id":"https:\/\/mefp.grupopiquer.com\/inscripciones\/#\/schema\/logo\/image\/","url":"","contentUrl":"","caption":"Contenidos Online"},"image":{"@id":"https:\/\/mefp.grupopiquer.com\/inscripciones\/#\/schema\/logo\/image\/"}}]}},"_links":{"self":[{"href":"https:\/\/mefp.grupopiquer.com\/inscripciones\/wp-json\/wp\/v2\/product\/4642"}],"collection":[{"href":"https:\/\/mefp.grupopiquer.com\/inscripciones\/wp-json\/wp\/v2\/product"}],"about":[{"href":"https:\/\/mefp.grupopiquer.com\/inscripciones\/wp-json\/wp\/v2\/types\/product"}],"replies":[{"embeddable":true,"href":"https:\/\/mefp.grupopiquer.com\/inscripciones\/wp-json\/wp\/v2\/comments?post=4642"}],"wp:featuredmedia":[{"embeddable":true,"href":"https:\/\/mefp.grupopiquer.com\/inscripciones\/wp-json\/wp\/v2\/media\/4910"}],"wp:attachment":[{"href":"https:\/\/mefp.grupopiquer.com\/inscripciones\/wp-json\/wp\/v2\/media?parent=4642"}],"wp:term":[{"taxonomy":"product_cat","embeddable":true,"href":"https:\/\/mefp.grupopiquer.com\/inscripciones\/wp-json\/wp\/v2\/product_cat?post=4642"},{"taxonomy":"product_tag","embeddable":true,"href":"https:\/\/mefp.grupopiquer.com\/inscripciones\/wp-json\/wp\/v2\/product_tag?post=4642"}],"curies":[{"name":"wp","href":"https:\/\/api.w.org\/{rel}","templated":true}]}}