{"id":4630,"date":"2023-05-02T11:16:43","date_gmt":"2023-05-02T11:16:43","guid":{"rendered":"https:\/\/mefp.grupopiquer.com\/inscripciones\/producto\/sead221po-equipos-de-proteccion-individual-epi-10-horas\/"},"modified":"2023-05-16T11:16:50","modified_gmt":"2023-05-16T11:16:50","slug":"sead221po-equipos-de-proteccion-individual-epi-10-horas","status":"publish","type":"product","link":"https:\/\/mefp.grupopiquer.com\/inscripciones\/producto\/sead221po-equipos-de-proteccion-individual-epi-10-horas\/","title":{"rendered":"SEAD221PO &#8211; Equipos de Protecci\u00f3n Individual (EPI) (10 horas)"},"content":{"rendered":"<div id=\"accordion\">\n<h3>OBJETIVOS<\/h3>\n<div>Describir y seleccionar los Equipos de Protecci\u00f3n Individual necesarios en funci\u00f3n de la actividad laboral desarrollada y elaborar gu\u00edas de uso y mantenimiento de los mismos.<\/div>\n<h3>CONTENIDOS<\/h3>\n<div>1. PROTECCI\u00d3N DE LA CABEZA, CARA, OJOS Y O\u00cdDO<br \/>\n1.1 Descripci\u00f3n de los cascos.<br \/>\n1.2 Selecci\u00f3n de la protecci\u00f3n de la cabeza.<br \/>\n1.2.1 Uso de los cascos.<br \/>\n1.2.2 Mantenimiento de los cascos.<br \/>\n1.3 Descripci\u00f3n de los protectores faciales y oculares.<br \/>\n1.3.1 Selecci\u00f3n de los protectores faciales y oculares.<br \/>\n1.3.2 Uso de los protectores faciales y oculares.<br \/>\n1.4 Descripci\u00f3n de los protectores auditivos<br \/>\n1.4.1 Selecci\u00f3n y uso de los protectores auditivos.<br \/>\n1.4.2 Mantenimiento de los protectores auditivos<\/p>\n<p>2. PROTECCI\u00d3N RESPIRATORIA<br \/>\n2.1 Descripci\u00f3n de los equipos de protecci\u00f3n respiratoria.<br \/>\n2.2 Selecci\u00f3n de los equipos de protecci\u00f3n respiratoria.<br \/>\n2.3 Uso de los equipos de protecci\u00f3n respiratoria.<br \/>\n2.4 Mantenimiento de los equipos de protecci\u00f3n respiratoria.<\/p>\n<p>3. PROTECCI\u00d3N DE EXTREMIDADES<br \/>\n3.1 Descripci\u00f3n de los guantes de protecci\u00f3n.<br \/>\n3.2 Selecci\u00f3n de los guantes de protecci\u00f3n.<br \/>\n3.3 Uso y Mantenimiento de los guantes de protecci\u00f3n.<br \/>\n3.4 Descripci\u00f3n de los protectores de pies y piernas.<br \/>\n3.5 Selecci\u00f3n de los protectores de pies y piernas.<br \/>\n3.6 Uso y mantenimiento de los protectores de pies y piernas.<\/p>\n<p>4. VESTUARIO DE PROTECCI\u00d3N<br \/>\n4.1 Descripci\u00f3n del vestuario de protecci\u00f3n.<br \/>\n4.2 Selecci\u00f3n del vestuario de protecci\u00f3n.<br \/>\n4.3 Uso y mantenimiento del vestuario de protecci\u00f3n.<\/p>\n<p>5. PROTECCI\u00d3N CONTRA CA\u00cdDAS<br \/>\n5.1 Descripci\u00f3n de los equipos de protecci\u00f3n contra ca\u00eddas.<br \/>\n5.2 Selecci\u00f3n de los equipos de protecci\u00f3n contra ca\u00eddas.<br \/>\n5.3 Uso de los equipos de protecci\u00f3n contra ca\u00eddas.<\/p>\n<p>6. TIPOS DE PROTECCI\u00d3N ASOCIADOS AL SECTOR<\/p>\n<\/div>\n<\/div>\n","protected":false},"excerpt":{"rendered":"<p>Describir y seleccionar los Equipos de Protecci\u00f3n Individual necesarios en funci\u00f3n de la actividad laboral desarrollada y elaborar gu\u00edas de uso y mantenimiento de los mismos<\/p>\n","protected":false},"featured_media":4918,"comment_status":"closed","ping_status":"closed","template":"","meta":[],"product_cat":[106],"product_tag":[],"class_list":{"0":"post-4630","1":"product","2":"type-product","3":"status-publish","4":"has-post-thumbnail","6":"product_cat-seguridad-y-prevencion","8":"first","9":"instock","10":"taxable","11":"shipping-taxable","12":"purchasable","13":"product-type-simple"},"yoast_head":"<!-- This site is optimized with the Yoast SEO plugin v23.5 - https:\/\/yoast.com\/wordpress\/plugins\/seo\/ -->\n<title>SEAD221PO - Equipos de Protecci\u00f3n Individual (EPI) (10 horas) - Contenidos Online<\/title>\n<meta name=\"robots\" content=\"index, follow, max-snippet:-1, max-image-preview:large, max-video-preview:-1\" \/>\n<link rel=\"canonical\" href=\"https:\/\/mefp.grupopiquer.com\/inscripciones\/producto\/sead221po-equipos-de-proteccion-individual-epi-10-horas\/\" \/>\n<meta property=\"og:locale\" content=\"es_ES\" \/>\n<meta property=\"og:type\" content=\"article\" \/>\n<meta property=\"og:title\" content=\"SEAD221PO - Equipos de Protecci\u00f3n Individual (EPI) (10 horas) - Contenidos Online\" \/>\n<meta property=\"og:description\" content=\"Describir y seleccionar los Equipos de Protecci\u00f3n Individual necesarios en funci\u00f3n de la actividad laboral desarrollada y elaborar gu\u00edas de uso y mantenimiento de los mismos\" \/>\n<meta property=\"og:url\" content=\"https:\/\/mefp.grupopiquer.com\/inscripciones\/producto\/sead221po-equipos-de-proteccion-individual-epi-10-horas\/\" \/>\n<meta property=\"og:site_name\" content=\"Contenidos Online\" \/>\n<meta property=\"article:modified_time\" content=\"2023-05-16T11:16:50+00:00\" \/>\n<meta property=\"og:image\" content=\"https:\/\/mefp.grupopiquer.com\/inscripciones\/wp-content\/uploads\/2023\/05\/zgtQEoSmjwZkn9MV_IakEpIvx3S4Z22iS-stock-image-e1683194337993.jpg\" \/>\n\t<meta property=\"og:image:width\" content=\"1680\" \/>\n\t<meta property=\"og:image:height\" content=\"945\" \/>\n\t<meta property=\"og:image:type\" content=\"image\/jpeg\" \/>\n<meta name=\"twitter:card\" content=\"summary_large_image\" \/>\n<meta name=\"twitter:label1\" content=\"Tiempo de lectura\" \/>\n\t<meta name=\"twitter:data1\" content=\"2 minutos\" \/>\n<script type=\"application\/ld+json\" class=\"yoast-schema-graph\">{\"@context\":\"https:\/\/schema.org\",\"@graph\":[{\"@type\":\"WebPage\",\"@id\":\"https:\/\/mefp.grupopiquer.com\/inscripciones\/producto\/sead221po-equipos-de-proteccion-individual-epi-10-horas\/\",\"url\":\"https:\/\/mefp.grupopiquer.com\/inscripciones\/producto\/sead221po-equipos-de-proteccion-individual-epi-10-horas\/\",\"name\":\"SEAD221PO - Equipos de Protecci\u00f3n Individual (EPI) (10 horas) - Contenidos Online\",\"isPartOf\":{\"@id\":\"https:\/\/mefp.grupopiquer.com\/inscripciones\/#website\"},\"primaryImageOfPage\":{\"@id\":\"https:\/\/mefp.grupopiquer.com\/inscripciones\/producto\/sead221po-equipos-de-proteccion-individual-epi-10-horas\/#primaryimage\"},\"image\":{\"@id\":\"https:\/\/mefp.grupopiquer.com\/inscripciones\/producto\/sead221po-equipos-de-proteccion-individual-epi-10-horas\/#primaryimage\"},\"thumbnailUrl\":\"https:\/\/mefp.grupopiquer.com\/inscripciones\/wp-content\/uploads\/2023\/05\/zgtQEoSmjwZkn9MV_IakEpIvx3S4Z22iS-stock-image-e1683194337993.jpg\",\"datePublished\":\"2023-05-02T11:16:43+00:00\",\"dateModified\":\"2023-05-16T11:16:50+00:00\",\"breadcrumb\":{\"@id\":\"https:\/\/mefp.grupopiquer.com\/inscripciones\/producto\/sead221po-equipos-de-proteccion-individual-epi-10-horas\/#breadcrumb\"},\"inLanguage\":\"es\",\"potentialAction\":[{\"@type\":\"ReadAction\",\"target\":[\"https:\/\/mefp.grupopiquer.com\/inscripciones\/producto\/sead221po-equipos-de-proteccion-individual-epi-10-horas\/\"]}]},{\"@type\":\"ImageObject\",\"inLanguage\":\"es\",\"@id\":\"https:\/\/mefp.grupopiquer.com\/inscripciones\/producto\/sead221po-equipos-de-proteccion-individual-epi-10-horas\/#primaryimage\",\"url\":\"https:\/\/mefp.grupopiquer.com\/inscripciones\/wp-content\/uploads\/2023\/05\/zgtQEoSmjwZkn9MV_IakEpIvx3S4Z22iS-stock-image-e1683194337993.jpg\",\"contentUrl\":\"https:\/\/mefp.grupopiquer.com\/inscripciones\/wp-content\/uploads\/2023\/05\/zgtQEoSmjwZkn9MV_IakEpIvx3S4Z22iS-stock-image-e1683194337993.jpg\",\"width\":1680,\"height\":945},{\"@type\":\"BreadcrumbList\",\"@id\":\"https:\/\/mefp.grupopiquer.com\/inscripciones\/producto\/sead221po-equipos-de-proteccion-individual-epi-10-horas\/#breadcrumb\",\"itemListElement\":[{\"@type\":\"ListItem\",\"position\":1,\"name\":\"Portada\",\"item\":\"https:\/\/mefp.grupopiquer.com\/inscripciones\/\"},{\"@type\":\"ListItem\",\"position\":2,\"name\":\"Tienda\",\"item\":\"https:\/\/mefp.grupopiquer.com\/inscripciones\/tienda\/\"},{\"@type\":\"ListItem\",\"position\":3,\"name\":\"SEAD221PO &#8211; Equipos de Protecci\u00f3n Individual (EPI) (10 horas)\"}]},{\"@type\":\"WebSite\",\"@id\":\"https:\/\/mefp.grupopiquer.com\/inscripciones\/#website\",\"url\":\"https:\/\/mefp.grupopiquer.com\/inscripciones\/\",\"name\":\"Contenidos Online\",\"description\":\"\",\"publisher\":{\"@id\":\"https:\/\/mefp.grupopiquer.com\/inscripciones\/#organization\"},\"potentialAction\":[{\"@type\":\"SearchAction\",\"target\":{\"@type\":\"EntryPoint\",\"urlTemplate\":\"https:\/\/mefp.grupopiquer.com\/inscripciones\/?s={search_term_string}\"},\"query-input\":{\"@type\":\"PropertyValueSpecification\",\"valueRequired\":true,\"valueName\":\"search_term_string\"}}],\"inLanguage\":\"es\"},{\"@type\":\"Organization\",\"@id\":\"https:\/\/mefp.grupopiquer.com\/inscripciones\/#organization\",\"name\":\"Contenidos Online\",\"url\":\"https:\/\/mefp.grupopiquer.com\/inscripciones\/\",\"logo\":{\"@type\":\"ImageObject\",\"inLanguage\":\"es\",\"@id\":\"https:\/\/mefp.grupopiquer.com\/inscripciones\/#\/schema\/logo\/image\/\",\"url\":\"\",\"contentUrl\":\"\",\"caption\":\"Contenidos Online\"},\"image\":{\"@id\":\"https:\/\/mefp.grupopiquer.com\/inscripciones\/#\/schema\/logo\/image\/\"}}]}<\/script>\n<!-- \/ Yoast SEO plugin. -->","yoast_head_json":{"title":"SEAD221PO - Equipos de Protecci\u00f3n Individual (EPI) (10 horas) - Contenidos Online","robots":{"index":"index","follow":"follow","max-snippet":"max-snippet:-1","max-image-preview":"max-image-preview:large","max-video-preview":"max-video-preview:-1"},"canonical":"https:\/\/mefp.grupopiquer.com\/inscripciones\/producto\/sead221po-equipos-de-proteccion-individual-epi-10-horas\/","og_locale":"es_ES","og_type":"article","og_title":"SEAD221PO - Equipos de Protecci\u00f3n Individual (EPI) (10 horas) - Contenidos Online","og_description":"Describir y seleccionar los Equipos de Protecci\u00f3n Individual necesarios en funci\u00f3n de la actividad laboral desarrollada y elaborar gu\u00edas de uso y mantenimiento de los mismos","og_url":"https:\/\/mefp.grupopiquer.com\/inscripciones\/producto\/sead221po-equipos-de-proteccion-individual-epi-10-horas\/","og_site_name":"Contenidos Online","article_modified_time":"2023-05-16T11:16:50+00:00","og_image":[{"width":1680,"height":945,"url":"https:\/\/mefp.grupopiquer.com\/inscripciones\/wp-content\/uploads\/2023\/05\/zgtQEoSmjwZkn9MV_IakEpIvx3S4Z22iS-stock-image-e1683194337993.jpg","type":"image\/jpeg"}],"twitter_card":"summary_large_image","twitter_misc":{"Tiempo de lectura":"2 minutos"},"schema":{"@context":"https:\/\/schema.org","@graph":[{"@type":"WebPage","@id":"https:\/\/mefp.grupopiquer.com\/inscripciones\/producto\/sead221po-equipos-de-proteccion-individual-epi-10-horas\/","url":"https:\/\/mefp.grupopiquer.com\/inscripciones\/producto\/sead221po-equipos-de-proteccion-individual-epi-10-horas\/","name":"SEAD221PO - Equipos de Protecci\u00f3n Individual (EPI) (10 horas) - Contenidos Online","isPartOf":{"@id":"https:\/\/mefp.grupopiquer.com\/inscripciones\/#website"},"primaryImageOfPage":{"@id":"https:\/\/mefp.grupopiquer.com\/inscripciones\/producto\/sead221po-equipos-de-proteccion-individual-epi-10-horas\/#primaryimage"},"image":{"@id":"https:\/\/mefp.grupopiquer.com\/inscripciones\/producto\/sead221po-equipos-de-proteccion-individual-epi-10-horas\/#primaryimage"},"thumbnailUrl":"https:\/\/mefp.grupopiquer.com\/inscripciones\/wp-content\/uploads\/2023\/05\/zgtQEoSmjwZkn9MV_IakEpIvx3S4Z22iS-stock-image-e1683194337993.jpg","datePublished":"2023-05-02T11:16:43+00:00","dateModified":"2023-05-16T11:16:50+00:00","breadcrumb":{"@id":"https:\/\/mefp.grupopiquer.com\/inscripciones\/producto\/sead221po-equipos-de-proteccion-individual-epi-10-horas\/#breadcrumb"},"inLanguage":"es","potentialAction":[{"@type":"ReadAction","target":["https:\/\/mefp.grupopiquer.com\/inscripciones\/producto\/sead221po-equipos-de-proteccion-individual-epi-10-horas\/"]}]},{"@type":"ImageObject","inLanguage":"es","@id":"https:\/\/mefp.grupopiquer.com\/inscripciones\/producto\/sead221po-equipos-de-proteccion-individual-epi-10-horas\/#primaryimage","url":"https:\/\/mefp.grupopiquer.com\/inscripciones\/wp-content\/uploads\/2023\/05\/zgtQEoSmjwZkn9MV_IakEpIvx3S4Z22iS-stock-image-e1683194337993.jpg","contentUrl":"https:\/\/mefp.grupopiquer.com\/inscripciones\/wp-content\/uploads\/2023\/05\/zgtQEoSmjwZkn9MV_IakEpIvx3S4Z22iS-stock-image-e1683194337993.jpg","width":1680,"height":945},{"@type":"BreadcrumbList","@id":"https:\/\/mefp.grupopiquer.com\/inscripciones\/producto\/sead221po-equipos-de-proteccion-individual-epi-10-horas\/#breadcrumb","itemListElement":[{"@type":"ListItem","position":1,"name":"Portada","item":"https:\/\/mefp.grupopiquer.com\/inscripciones\/"},{"@type":"ListItem","position":2,"name":"Tienda","item":"https:\/\/mefp.grupopiquer.com\/inscripciones\/tienda\/"},{"@type":"ListItem","position":3,"name":"SEAD221PO &#8211; Equipos de Protecci\u00f3n Individual (EPI) (10 horas)"}]},{"@type":"WebSite","@id":"https:\/\/mefp.grupopiquer.com\/inscripciones\/#website","url":"https:\/\/mefp.grupopiquer.com\/inscripciones\/","name":"Contenidos Online","description":"","publisher":{"@id":"https:\/\/mefp.grupopiquer.com\/inscripciones\/#organization"},"potentialAction":[{"@type":"SearchAction","target":{"@type":"EntryPoint","urlTemplate":"https:\/\/mefp.grupopiquer.com\/inscripciones\/?s={search_term_string}"},"query-input":{"@type":"PropertyValueSpecification","valueRequired":true,"valueName":"search_term_string"}}],"inLanguage":"es"},{"@type":"Organization","@id":"https:\/\/mefp.grupopiquer.com\/inscripciones\/#organization","name":"Contenidos Online","url":"https:\/\/mefp.grupopiquer.com\/inscripciones\/","logo":{"@type":"ImageObject","inLanguage":"es","@id":"https:\/\/mefp.grupopiquer.com\/inscripciones\/#\/schema\/logo\/image\/","url":"","contentUrl":"","caption":"Contenidos Online"},"image":{"@id":"https:\/\/mefp.grupopiquer.com\/inscripciones\/#\/schema\/logo\/image\/"}}]}},"_links":{"self":[{"href":"https:\/\/mefp.grupopiquer.com\/inscripciones\/wp-json\/wp\/v2\/product\/4630"}],"collection":[{"href":"https:\/\/mefp.grupopiquer.com\/inscripciones\/wp-json\/wp\/v2\/product"}],"about":[{"href":"https:\/\/mefp.grupopiquer.com\/inscripciones\/wp-json\/wp\/v2\/types\/product"}],"replies":[{"embeddable":true,"href":"https:\/\/mefp.grupopiquer.com\/inscripciones\/wp-json\/wp\/v2\/comments?post=4630"}],"wp:featuredmedia":[{"embeddable":true,"href":"https:\/\/mefp.grupopiquer.com\/inscripciones\/wp-json\/wp\/v2\/media\/4918"}],"wp:attachment":[{"href":"https:\/\/mefp.grupopiquer.com\/inscripciones\/wp-json\/wp\/v2\/media?parent=4630"}],"wp:term":[{"taxonomy":"product_cat","embeddable":true,"href":"https:\/\/mefp.grupopiquer.com\/inscripciones\/wp-json\/wp\/v2\/product_cat?post=4630"},{"taxonomy":"product_tag","embeddable":true,"href":"https:\/\/mefp.grupopiquer.com\/inscripciones\/wp-json\/wp\/v2\/product_tag?post=4630"}],"curies":[{"name":"wp","href":"https:\/\/api.w.org\/{rel}","templated":true}]}}