{"id":4622,"date":"2023-05-02T11:15:55","date_gmt":"2023-05-02T11:15:55","guid":{"rendered":"https:\/\/mefp.grupopiquer.com\/inscripciones\/producto\/sead076po-f-e-v-s-vigilancia-en-centros-hospitalarios-10-horas\/"},"modified":"2023-05-16T11:25:40","modified_gmt":"2023-05-16T11:25:40","slug":"sead076po-f-e-v-s-vigilancia-en-centros-hospitalarios-10-horas","status":"publish","type":"product","link":"https:\/\/mefp.grupopiquer.com\/inscripciones\/producto\/sead076po-f-e-v-s-vigilancia-en-centros-hospitalarios-10-horas\/","title":{"rendered":"SEAD076PO &#8211; F.E.V.S.: Vigilancia en Centros Hospitalarios (10 horas)"},"content":{"rendered":"<div id=\"accordion\">\n<h3>OBJETIVOS<\/h3>\n<div>Actualizar a los vigilantes de seguridad que prestan servicios de seguridad en centros hospitalarios, que requieren de una mayor especializaci\u00f3n, conforme a la Resoluci\u00f3n de 12 de noviembre de 2012 de la Secretar\u00eda de Estado de Seguridad.<\/div>\n<h3>CONTENIDOS<\/h3>\n<div>1. LA SEGURIDAD EN CENTROS HOSPITALARIOS<br \/>\n1.1. Caracter\u00edsticas generales.<br \/>\n1.2. Zonas y \u00e1reas de seguridad.<br \/>\n1.3. Protecci\u00f3n de edificios.<br \/>\n1.4. An\u00e1lisis de riesgos y amenazas.<\/p>\n<p>2. CARACTER\u00cdSTICAS DEL SERVICIO DE SEGURIDAD<br \/>\n2.1. Sala de control.<br \/>\n2.2. \u00c1reas controladas.<br \/>\n2.3. Circuito cerrado de vigilancia.<br \/>\n2.4. Sistemas de almacenamiento digital de im\u00e1genes.<br \/>\n2.5. Cerramiento y control de dependencias.<\/p>\n<p>3. ORGANIZACI\u00d3N DE LA SEGURIDAD Y PROCEDIMIENTO DE ACTUACI\u00d3N<br \/>\n3.1. Control de accesos de personas.<br \/>\n3.2. Control de veh\u00edculos.<br \/>\n3.3. Estacionamientos exteriores.<br \/>\n3.4. Control de llaves. Control de paqueter\u00eda y mercanc\u00edas.<br \/>\n3.5. Control de sistemas de seguridad.<br \/>\n3.6. Actuaci\u00f3n ante riesgos excepcionales: intrusi\u00f3n en \u00e1rea restringida.<br \/>\n3.7. Intrusi\u00f3n en un \u00e1rea vital.<\/p>\n<p>4. MEDIDAS PREVENTIVAS ANTE SITUACIONES DE EMERGENCIA<br \/>\n4.1. Tipos de emergencia.<br \/>\n4.2. Actuaci\u00f3n ante mensajes de alerta y alarma.<br \/>\n4.3. Planes de evacuaci\u00f3n.<br \/>\n4.4. Prioridades en la evacuaci\u00f3n.<br \/>\n4.5. El comportamiento humano en situaciones de emergencia.<\/p>\n<p>5. PREVENCI\u00d3N DE RIESGOS LABORALES<br \/>\n5.1. \u00c1reas hospitalarias.<br \/>\n5.2. Especial consideraci\u00f3n a la exposici\u00f3n a contaminantes qu\u00edmicos, biol\u00f3gicos o radiol\u00f3gicos.<\/p>\n<p>6. COLABORACI\u00d3N CON LAS FUERZAS Y CUERPOS DE SEGURIDAD<\/p>\n<\/div>\n<\/div>\n","protected":false},"excerpt":{"rendered":"<p>Actualizar a los vigilantes de seguridad que prestan servicios de seguridad en centros hospitalarios, que requieren de una mayor especializaci\u00f3n, conforme a la Resoluci\u00f3n de 12 de noviembre de 2012 de la Secretar\u00eda de Estado de Seguridad.<\/p>\n","protected":false},"featured_media":4923,"comment_status":"closed","ping_status":"closed","template":"","meta":[],"product_cat":[106],"product_tag":[],"class_list":{"0":"post-4622","1":"product","2":"type-product","3":"status-publish","4":"has-post-thumbnail","6":"product_cat-seguridad-y-prevencion","8":"first","9":"instock","10":"taxable","11":"shipping-taxable","12":"purchasable","13":"product-type-simple"},"yoast_head":"<!-- This site is optimized with the Yoast SEO plugin v23.5 - https:\/\/yoast.com\/wordpress\/plugins\/seo\/ -->\n<title>SEAD076PO - F.E.V.S.: Vigilancia en Centros Hospitalarios (10 horas) - Contenidos Online<\/title>\n<meta name=\"robots\" content=\"index, follow, max-snippet:-1, max-image-preview:large, max-video-preview:-1\" \/>\n<link rel=\"canonical\" href=\"https:\/\/mefp.grupopiquer.com\/inscripciones\/producto\/sead076po-f-e-v-s-vigilancia-en-centros-hospitalarios-10-horas\/\" \/>\n<meta property=\"og:locale\" content=\"es_ES\" \/>\n<meta property=\"og:type\" content=\"article\" \/>\n<meta property=\"og:title\" content=\"SEAD076PO - F.E.V.S.: Vigilancia en Centros Hospitalarios (10 horas) - Contenidos Online\" \/>\n<meta property=\"og:description\" content=\"Actualizar a los vigilantes de seguridad que prestan servicios de seguridad en centros hospitalarios, que requieren de una mayor especializaci\u00f3n, conforme a la Resoluci\u00f3n de 12 de noviembre de 2012 de la Secretar\u00eda de Estado de Seguridad.\" \/>\n<meta property=\"og:url\" content=\"https:\/\/mefp.grupopiquer.com\/inscripciones\/producto\/sead076po-f-e-v-s-vigilancia-en-centros-hospitalarios-10-horas\/\" \/>\n<meta property=\"og:site_name\" content=\"Contenidos Online\" \/>\n<meta property=\"article:modified_time\" content=\"2023-05-16T11:25:40+00:00\" \/>\n<meta property=\"og:image\" content=\"https:\/\/mefp.grupopiquer.com\/inscripciones\/wp-content\/uploads\/2023\/05\/9Bz9JEJItEMbM-GU_Ei2SWNp1VRoBS_Zk-e1683194809578.jpg\" \/>\n\t<meta property=\"og:image:width\" content=\"1500\" \/>\n\t<meta property=\"og:image:height\" content=\"843\" \/>\n\t<meta property=\"og:image:type\" content=\"image\/jpeg\" \/>\n<meta name=\"twitter:card\" content=\"summary_large_image\" \/>\n<meta name=\"twitter:label1\" content=\"Tiempo de lectura\" \/>\n\t<meta name=\"twitter:data1\" content=\"1 minuto\" \/>\n<script type=\"application\/ld+json\" class=\"yoast-schema-graph\">{\"@context\":\"https:\/\/schema.org\",\"@graph\":[{\"@type\":\"WebPage\",\"@id\":\"https:\/\/mefp.grupopiquer.com\/inscripciones\/producto\/sead076po-f-e-v-s-vigilancia-en-centros-hospitalarios-10-horas\/\",\"url\":\"https:\/\/mefp.grupopiquer.com\/inscripciones\/producto\/sead076po-f-e-v-s-vigilancia-en-centros-hospitalarios-10-horas\/\",\"name\":\"SEAD076PO - F.E.V.S.: Vigilancia en Centros Hospitalarios (10 horas) - Contenidos Online\",\"isPartOf\":{\"@id\":\"https:\/\/mefp.grupopiquer.com\/inscripciones\/#website\"},\"primaryImageOfPage\":{\"@id\":\"https:\/\/mefp.grupopiquer.com\/inscripciones\/producto\/sead076po-f-e-v-s-vigilancia-en-centros-hospitalarios-10-horas\/#primaryimage\"},\"image\":{\"@id\":\"https:\/\/mefp.grupopiquer.com\/inscripciones\/producto\/sead076po-f-e-v-s-vigilancia-en-centros-hospitalarios-10-horas\/#primaryimage\"},\"thumbnailUrl\":\"https:\/\/mefp.grupopiquer.com\/inscripciones\/wp-content\/uploads\/2023\/05\/9Bz9JEJItEMbM-GU_Ei2SWNp1VRoBS_Zk-e1683194809578.jpg\",\"datePublished\":\"2023-05-02T11:15:55+00:00\",\"dateModified\":\"2023-05-16T11:25:40+00:00\",\"breadcrumb\":{\"@id\":\"https:\/\/mefp.grupopiquer.com\/inscripciones\/producto\/sead076po-f-e-v-s-vigilancia-en-centros-hospitalarios-10-horas\/#breadcrumb\"},\"inLanguage\":\"es\",\"potentialAction\":[{\"@type\":\"ReadAction\",\"target\":[\"https:\/\/mefp.grupopiquer.com\/inscripciones\/producto\/sead076po-f-e-v-s-vigilancia-en-centros-hospitalarios-10-horas\/\"]}]},{\"@type\":\"ImageObject\",\"inLanguage\":\"es\",\"@id\":\"https:\/\/mefp.grupopiquer.com\/inscripciones\/producto\/sead076po-f-e-v-s-vigilancia-en-centros-hospitalarios-10-horas\/#primaryimage\",\"url\":\"https:\/\/mefp.grupopiquer.com\/inscripciones\/wp-content\/uploads\/2023\/05\/9Bz9JEJItEMbM-GU_Ei2SWNp1VRoBS_Zk-e1683194809578.jpg\",\"contentUrl\":\"https:\/\/mefp.grupopiquer.com\/inscripciones\/wp-content\/uploads\/2023\/05\/9Bz9JEJItEMbM-GU_Ei2SWNp1VRoBS_Zk-e1683194809578.jpg\",\"width\":1500,\"height\":843},{\"@type\":\"BreadcrumbList\",\"@id\":\"https:\/\/mefp.grupopiquer.com\/inscripciones\/producto\/sead076po-f-e-v-s-vigilancia-en-centros-hospitalarios-10-horas\/#breadcrumb\",\"itemListElement\":[{\"@type\":\"ListItem\",\"position\":1,\"name\":\"Portada\",\"item\":\"https:\/\/mefp.grupopiquer.com\/inscripciones\/\"},{\"@type\":\"ListItem\",\"position\":2,\"name\":\"Tienda\",\"item\":\"https:\/\/mefp.grupopiquer.com\/inscripciones\/tienda\/\"},{\"@type\":\"ListItem\",\"position\":3,\"name\":\"SEAD076PO &#8211; F.E.V.S.: Vigilancia en Centros Hospitalarios (10 horas)\"}]},{\"@type\":\"WebSite\",\"@id\":\"https:\/\/mefp.grupopiquer.com\/inscripciones\/#website\",\"url\":\"https:\/\/mefp.grupopiquer.com\/inscripciones\/\",\"name\":\"Contenidos Online\",\"description\":\"\",\"publisher\":{\"@id\":\"https:\/\/mefp.grupopiquer.com\/inscripciones\/#organization\"},\"potentialAction\":[{\"@type\":\"SearchAction\",\"target\":{\"@type\":\"EntryPoint\",\"urlTemplate\":\"https:\/\/mefp.grupopiquer.com\/inscripciones\/?s={search_term_string}\"},\"query-input\":{\"@type\":\"PropertyValueSpecification\",\"valueRequired\":true,\"valueName\":\"search_term_string\"}}],\"inLanguage\":\"es\"},{\"@type\":\"Organization\",\"@id\":\"https:\/\/mefp.grupopiquer.com\/inscripciones\/#organization\",\"name\":\"Contenidos Online\",\"url\":\"https:\/\/mefp.grupopiquer.com\/inscripciones\/\",\"logo\":{\"@type\":\"ImageObject\",\"inLanguage\":\"es\",\"@id\":\"https:\/\/mefp.grupopiquer.com\/inscripciones\/#\/schema\/logo\/image\/\",\"url\":\"\",\"contentUrl\":\"\",\"caption\":\"Contenidos Online\"},\"image\":{\"@id\":\"https:\/\/mefp.grupopiquer.com\/inscripciones\/#\/schema\/logo\/image\/\"}}]}<\/script>\n<!-- \/ Yoast SEO plugin. -->","yoast_head_json":{"title":"SEAD076PO - F.E.V.S.: Vigilancia en Centros Hospitalarios (10 horas) - Contenidos Online","robots":{"index":"index","follow":"follow","max-snippet":"max-snippet:-1","max-image-preview":"max-image-preview:large","max-video-preview":"max-video-preview:-1"},"canonical":"https:\/\/mefp.grupopiquer.com\/inscripciones\/producto\/sead076po-f-e-v-s-vigilancia-en-centros-hospitalarios-10-horas\/","og_locale":"es_ES","og_type":"article","og_title":"SEAD076PO - F.E.V.S.: Vigilancia en Centros Hospitalarios (10 horas) - Contenidos Online","og_description":"Actualizar a los vigilantes de seguridad que prestan servicios de seguridad en centros hospitalarios, que requieren de una mayor especializaci\u00f3n, conforme a la Resoluci\u00f3n de 12 de noviembre de 2012 de la Secretar\u00eda de Estado de Seguridad.","og_url":"https:\/\/mefp.grupopiquer.com\/inscripciones\/producto\/sead076po-f-e-v-s-vigilancia-en-centros-hospitalarios-10-horas\/","og_site_name":"Contenidos Online","article_modified_time":"2023-05-16T11:25:40+00:00","og_image":[{"width":1500,"height":843,"url":"https:\/\/mefp.grupopiquer.com\/inscripciones\/wp-content\/uploads\/2023\/05\/9Bz9JEJItEMbM-GU_Ei2SWNp1VRoBS_Zk-e1683194809578.jpg","type":"image\/jpeg"}],"twitter_card":"summary_large_image","twitter_misc":{"Tiempo de lectura":"1 minuto"},"schema":{"@context":"https:\/\/schema.org","@graph":[{"@type":"WebPage","@id":"https:\/\/mefp.grupopiquer.com\/inscripciones\/producto\/sead076po-f-e-v-s-vigilancia-en-centros-hospitalarios-10-horas\/","url":"https:\/\/mefp.grupopiquer.com\/inscripciones\/producto\/sead076po-f-e-v-s-vigilancia-en-centros-hospitalarios-10-horas\/","name":"SEAD076PO - F.E.V.S.: Vigilancia en Centros Hospitalarios (10 horas) - Contenidos Online","isPartOf":{"@id":"https:\/\/mefp.grupopiquer.com\/inscripciones\/#website"},"primaryImageOfPage":{"@id":"https:\/\/mefp.grupopiquer.com\/inscripciones\/producto\/sead076po-f-e-v-s-vigilancia-en-centros-hospitalarios-10-horas\/#primaryimage"},"image":{"@id":"https:\/\/mefp.grupopiquer.com\/inscripciones\/producto\/sead076po-f-e-v-s-vigilancia-en-centros-hospitalarios-10-horas\/#primaryimage"},"thumbnailUrl":"https:\/\/mefp.grupopiquer.com\/inscripciones\/wp-content\/uploads\/2023\/05\/9Bz9JEJItEMbM-GU_Ei2SWNp1VRoBS_Zk-e1683194809578.jpg","datePublished":"2023-05-02T11:15:55+00:00","dateModified":"2023-05-16T11:25:40+00:00","breadcrumb":{"@id":"https:\/\/mefp.grupopiquer.com\/inscripciones\/producto\/sead076po-f-e-v-s-vigilancia-en-centros-hospitalarios-10-horas\/#breadcrumb"},"inLanguage":"es","potentialAction":[{"@type":"ReadAction","target":["https:\/\/mefp.grupopiquer.com\/inscripciones\/producto\/sead076po-f-e-v-s-vigilancia-en-centros-hospitalarios-10-horas\/"]}]},{"@type":"ImageObject","inLanguage":"es","@id":"https:\/\/mefp.grupopiquer.com\/inscripciones\/producto\/sead076po-f-e-v-s-vigilancia-en-centros-hospitalarios-10-horas\/#primaryimage","url":"https:\/\/mefp.grupopiquer.com\/inscripciones\/wp-content\/uploads\/2023\/05\/9Bz9JEJItEMbM-GU_Ei2SWNp1VRoBS_Zk-e1683194809578.jpg","contentUrl":"https:\/\/mefp.grupopiquer.com\/inscripciones\/wp-content\/uploads\/2023\/05\/9Bz9JEJItEMbM-GU_Ei2SWNp1VRoBS_Zk-e1683194809578.jpg","width":1500,"height":843},{"@type":"BreadcrumbList","@id":"https:\/\/mefp.grupopiquer.com\/inscripciones\/producto\/sead076po-f-e-v-s-vigilancia-en-centros-hospitalarios-10-horas\/#breadcrumb","itemListElement":[{"@type":"ListItem","position":1,"name":"Portada","item":"https:\/\/mefp.grupopiquer.com\/inscripciones\/"},{"@type":"ListItem","position":2,"name":"Tienda","item":"https:\/\/mefp.grupopiquer.com\/inscripciones\/tienda\/"},{"@type":"ListItem","position":3,"name":"SEAD076PO &#8211; F.E.V.S.: Vigilancia en Centros Hospitalarios (10 horas)"}]},{"@type":"WebSite","@id":"https:\/\/mefp.grupopiquer.com\/inscripciones\/#website","url":"https:\/\/mefp.grupopiquer.com\/inscripciones\/","name":"Contenidos Online","description":"","publisher":{"@id":"https:\/\/mefp.grupopiquer.com\/inscripciones\/#organization"},"potentialAction":[{"@type":"SearchAction","target":{"@type":"EntryPoint","urlTemplate":"https:\/\/mefp.grupopiquer.com\/inscripciones\/?s={search_term_string}"},"query-input":{"@type":"PropertyValueSpecification","valueRequired":true,"valueName":"search_term_string"}}],"inLanguage":"es"},{"@type":"Organization","@id":"https:\/\/mefp.grupopiquer.com\/inscripciones\/#organization","name":"Contenidos Online","url":"https:\/\/mefp.grupopiquer.com\/inscripciones\/","logo":{"@type":"ImageObject","inLanguage":"es","@id":"https:\/\/mefp.grupopiquer.com\/inscripciones\/#\/schema\/logo\/image\/","url":"","contentUrl":"","caption":"Contenidos Online"},"image":{"@id":"https:\/\/mefp.grupopiquer.com\/inscripciones\/#\/schema\/logo\/image\/"}}]}},"_links":{"self":[{"href":"https:\/\/mefp.grupopiquer.com\/inscripciones\/wp-json\/wp\/v2\/product\/4622"}],"collection":[{"href":"https:\/\/mefp.grupopiquer.com\/inscripciones\/wp-json\/wp\/v2\/product"}],"about":[{"href":"https:\/\/mefp.grupopiquer.com\/inscripciones\/wp-json\/wp\/v2\/types\/product"}],"replies":[{"embeddable":true,"href":"https:\/\/mefp.grupopiquer.com\/inscripciones\/wp-json\/wp\/v2\/comments?post=4622"}],"wp:featuredmedia":[{"embeddable":true,"href":"https:\/\/mefp.grupopiquer.com\/inscripciones\/wp-json\/wp\/v2\/media\/4923"}],"wp:attachment":[{"href":"https:\/\/mefp.grupopiquer.com\/inscripciones\/wp-json\/wp\/v2\/media?parent=4622"}],"wp:term":[{"taxonomy":"product_cat","embeddable":true,"href":"https:\/\/mefp.grupopiquer.com\/inscripciones\/wp-json\/wp\/v2\/product_cat?post=4622"},{"taxonomy":"product_tag","embeddable":true,"href":"https:\/\/mefp.grupopiquer.com\/inscripciones\/wp-json\/wp\/v2\/product_tag?post=4622"}],"curies":[{"name":"wp","href":"https:\/\/api.w.org\/{rel}","templated":true}]}}