{"id":4614,"date":"2023-05-02T11:15:15","date_gmt":"2023-05-02T11:15:15","guid":{"rendered":"https:\/\/mefp.grupopiquer.com\/inscripciones\/producto\/sead069po-f-e-v-s-servicio-de-vigilancia-en-eventos-deportivos-y-espectaculos-publicos-10-horas\/"},"modified":"2023-05-16T11:30:00","modified_gmt":"2023-05-16T11:30:00","slug":"sead069po-f-e-v-s-servicio-de-vigilancia-en-eventos-deportivos-y-espectaculos-publicos-10-horas","status":"publish","type":"product","link":"https:\/\/mefp.grupopiquer.com\/inscripciones\/producto\/sead069po-f-e-v-s-servicio-de-vigilancia-en-eventos-deportivos-y-espectaculos-publicos-10-horas\/","title":{"rendered":"SEAD069PO &#8211; F.E.V.S. Servicio de Vigilancia en Enventos Deportivos y Espect\u00e1culos P\u00fablicos (10 horas)"},"content":{"rendered":"<div id=\"accordion\">\n<h3>OBJETIVOS<\/h3>\n<div>Actualizar a los vigilantes de seguridad en las funciones de control de accesos, control de permanencia y situaciones cr\u00edticas como avalanchas o evacuaciones, en eventos deportivos y espect\u00e1culos, conforme a la Resoluci\u00f3n de 12 de noviembre de 2012 de la Secretar\u00eda de Estado de Seguridad.<\/div>\n<h3>CONTENIDOS<\/h3>\n<div>1. NORMATIVA REGULADORA DE EVENTOS DEPORTIVOS Y ESPECT\u00c1CULOS P\u00daBLICOS<br \/>\n1.1. Legislaci\u00f3n sobre planes de autoprotecci\u00f3n y emergencias.<br \/>\n1.2. Legislaci\u00f3n en prevenci\u00f3n de riesgos laborales.<\/p>\n<p>2. LA SEGURIDAD EN EVENTOS DEPORTIVOS<br \/>\n2.1. Caracter\u00edsticas del servicio.<br \/>\n2.2. Unidad de control operativo y circuito cerrado de televisi\u00f3n.<br \/>\n2.3. El coordinador de seguridad.<br \/>\n2.4. Funciones de los vigilantes de seguridad y del personal auxiliar.<\/p>\n<p>3. EL TRABAJO DE SEGURIDAD EN EVENTOS DEPORTIVOS Y ESPECT\u00c1CULOS P\u00daBLICOS<br \/>\n3.1. Procedimientos operativos de actuaci\u00f3n.<br \/>\n3.1.1. Control de accesos.<br \/>\n3.1.2. Control de permanencia.<br \/>\n3.1.3. Expulsi\u00f3n de asistentes.<\/p>\n<p>4. CONCEPTO, CARACTER\u00cdSTICAS Y TIPOS DE MASAS<\/p>\n<p>5. ESPECIAL CONSIDERACI\u00d3N A SITUACIONES CR\u00cdTICAS<br \/>\n5.1. Avalanchas.<br \/>\n5.2. Invasiones de campo.<br \/>\n5.3. Evacuaciones.<br \/>\n5.4. Incendios.<\/p>\n<p>6. ACTUACIONES DE ESPACIAL CONSIDERACI\u00d3N<br \/>\n6.1. Consumo de estupefacientes.<br \/>\n6.2. Consumo de alcohol por parte de espectadores.<br \/>\n6.3. Presencia de grupos radicales.<\/p>\n<p>7. LAS HABILIDADES SOCIALES<br \/>\n7.1. La conducta asertiva.<br \/>\n7.2. Empat\u00eda y escucha activa.<br \/>\n7.3. Autocontrol y gesti\u00f3n del estr\u00e9s.<\/p>\n<p>8. ESPECIAL CONSIDERACI\u00d3N A UNIFORMIDAD, ELEMENTOS DE PROTECCI\u00d3N Y DEFENSA Y ARMAMENTO<\/p>\n<p>9. T\u00c9CNICAS DE PRIMEROS AUXILIOS<\/p>\n<p>10. COLABORACI\u00d3N CON LAS FUERZAS Y CUERPOS DE SEGURIDAD<\/p>\n<\/div>\n<\/div>\n","protected":false},"excerpt":{"rendered":"<p>Actualizar a los vigilantes de seguridad en las funciones de control de accesos, control de permanencia y situaciones cr\u00edticas como avalanchas o evacuaciones, en eventos deportivos y espect\u00e1culos, conforme a la Resoluci\u00f3n de 12 de noviembre de 2012 de la<br \/>\nSecretar\u00eda de Estado de Seguridad.<\/p>\n","protected":false},"featured_media":4926,"comment_status":"closed","ping_status":"closed","template":"","meta":[],"product_cat":[106],"product_tag":[],"class_list":{"0":"post-4614","1":"product","2":"type-product","3":"status-publish","4":"has-post-thumbnail","6":"product_cat-seguridad-y-prevencion","8":"first","9":"instock","10":"taxable","11":"shipping-taxable","12":"purchasable","13":"product-type-simple"},"yoast_head":"<!-- This site is optimized with the Yoast SEO plugin v23.5 - https:\/\/yoast.com\/wordpress\/plugins\/seo\/ -->\n<title>SEAD069PO - F.E.V.S. Servicio de Vigilancia en Enventos Deportivos y Espect\u00e1culos P\u00fablicos (10 horas) - Contenidos Online<\/title>\n<meta name=\"robots\" content=\"index, follow, max-snippet:-1, max-image-preview:large, max-video-preview:-1\" \/>\n<link rel=\"canonical\" href=\"https:\/\/mefp.grupopiquer.com\/inscripciones\/producto\/sead069po-f-e-v-s-servicio-de-vigilancia-en-eventos-deportivos-y-espectaculos-publicos-10-horas\/\" \/>\n<meta property=\"og:locale\" content=\"es_ES\" \/>\n<meta property=\"og:type\" content=\"article\" \/>\n<meta property=\"og:title\" content=\"SEAD069PO - F.E.V.S. Servicio de Vigilancia en Enventos Deportivos y Espect\u00e1culos P\u00fablicos (10 horas) - Contenidos Online\" \/>\n<meta property=\"og:description\" content=\"Actualizar a los vigilantes de seguridad en las funciones de control de accesos, control de permanencia y situaciones cr\u00edticas como avalanchas o evacuaciones, en eventos deportivos y espect\u00e1culos, conforme a la Resoluci\u00f3n de 12 de noviembre de 2012 de la Secretar\u00eda de Estado de Seguridad.\" \/>\n<meta property=\"og:url\" content=\"https:\/\/mefp.grupopiquer.com\/inscripciones\/producto\/sead069po-f-e-v-s-servicio-de-vigilancia-en-eventos-deportivos-y-espectaculos-publicos-10-horas\/\" \/>\n<meta property=\"og:site_name\" content=\"Contenidos Online\" \/>\n<meta property=\"article:modified_time\" content=\"2023-05-16T11:30:00+00:00\" \/>\n<meta property=\"og:image\" content=\"https:\/\/mefp.grupopiquer.com\/inscripciones\/wp-content\/uploads\/2023\/05\/cYaHH9zUpozdNaIR_fcUXuIf0zR1dA9Lw-e1683195189592.jpg\" \/>\n\t<meta property=\"og:image:width\" content=\"1680\" \/>\n\t<meta property=\"og:image:height\" content=\"945\" \/>\n\t<meta property=\"og:image:type\" content=\"image\/jpeg\" \/>\n<meta name=\"twitter:card\" content=\"summary_large_image\" \/>\n<meta name=\"twitter:label1\" content=\"Tiempo de lectura\" \/>\n\t<meta name=\"twitter:data1\" content=\"2 minutos\" \/>\n<script type=\"application\/ld+json\" class=\"yoast-schema-graph\">{\"@context\":\"https:\/\/schema.org\",\"@graph\":[{\"@type\":\"WebPage\",\"@id\":\"https:\/\/mefp.grupopiquer.com\/inscripciones\/producto\/sead069po-f-e-v-s-servicio-de-vigilancia-en-eventos-deportivos-y-espectaculos-publicos-10-horas\/\",\"url\":\"https:\/\/mefp.grupopiquer.com\/inscripciones\/producto\/sead069po-f-e-v-s-servicio-de-vigilancia-en-eventos-deportivos-y-espectaculos-publicos-10-horas\/\",\"name\":\"SEAD069PO - F.E.V.S. Servicio de Vigilancia en Enventos Deportivos y Espect\u00e1culos P\u00fablicos (10 horas) - Contenidos Online\",\"isPartOf\":{\"@id\":\"https:\/\/mefp.grupopiquer.com\/inscripciones\/#website\"},\"primaryImageOfPage\":{\"@id\":\"https:\/\/mefp.grupopiquer.com\/inscripciones\/producto\/sead069po-f-e-v-s-servicio-de-vigilancia-en-eventos-deportivos-y-espectaculos-publicos-10-horas\/#primaryimage\"},\"image\":{\"@id\":\"https:\/\/mefp.grupopiquer.com\/inscripciones\/producto\/sead069po-f-e-v-s-servicio-de-vigilancia-en-eventos-deportivos-y-espectaculos-publicos-10-horas\/#primaryimage\"},\"thumbnailUrl\":\"https:\/\/mefp.grupopiquer.com\/inscripciones\/wp-content\/uploads\/2023\/05\/cYaHH9zUpozdNaIR_fcUXuIf0zR1dA9Lw-e1683195189592.jpg\",\"datePublished\":\"2023-05-02T11:15:15+00:00\",\"dateModified\":\"2023-05-16T11:30:00+00:00\",\"breadcrumb\":{\"@id\":\"https:\/\/mefp.grupopiquer.com\/inscripciones\/producto\/sead069po-f-e-v-s-servicio-de-vigilancia-en-eventos-deportivos-y-espectaculos-publicos-10-horas\/#breadcrumb\"},\"inLanguage\":\"es\",\"potentialAction\":[{\"@type\":\"ReadAction\",\"target\":[\"https:\/\/mefp.grupopiquer.com\/inscripciones\/producto\/sead069po-f-e-v-s-servicio-de-vigilancia-en-eventos-deportivos-y-espectaculos-publicos-10-horas\/\"]}]},{\"@type\":\"ImageObject\",\"inLanguage\":\"es\",\"@id\":\"https:\/\/mefp.grupopiquer.com\/inscripciones\/producto\/sead069po-f-e-v-s-servicio-de-vigilancia-en-eventos-deportivos-y-espectaculos-publicos-10-horas\/#primaryimage\",\"url\":\"https:\/\/mefp.grupopiquer.com\/inscripciones\/wp-content\/uploads\/2023\/05\/cYaHH9zUpozdNaIR_fcUXuIf0zR1dA9Lw-e1683195189592.jpg\",\"contentUrl\":\"https:\/\/mefp.grupopiquer.com\/inscripciones\/wp-content\/uploads\/2023\/05\/cYaHH9zUpozdNaIR_fcUXuIf0zR1dA9Lw-e1683195189592.jpg\",\"width\":1680,\"height\":945},{\"@type\":\"BreadcrumbList\",\"@id\":\"https:\/\/mefp.grupopiquer.com\/inscripciones\/producto\/sead069po-f-e-v-s-servicio-de-vigilancia-en-eventos-deportivos-y-espectaculos-publicos-10-horas\/#breadcrumb\",\"itemListElement\":[{\"@type\":\"ListItem\",\"position\":1,\"name\":\"Portada\",\"item\":\"https:\/\/mefp.grupopiquer.com\/inscripciones\/\"},{\"@type\":\"ListItem\",\"position\":2,\"name\":\"Tienda\",\"item\":\"https:\/\/mefp.grupopiquer.com\/inscripciones\/tienda\/\"},{\"@type\":\"ListItem\",\"position\":3,\"name\":\"SEAD069PO &#8211; F.E.V.S. Servicio de Vigilancia en Enventos Deportivos y Espect\u00e1culos P\u00fablicos (10 horas)\"}]},{\"@type\":\"WebSite\",\"@id\":\"https:\/\/mefp.grupopiquer.com\/inscripciones\/#website\",\"url\":\"https:\/\/mefp.grupopiquer.com\/inscripciones\/\",\"name\":\"Contenidos Online\",\"description\":\"\",\"publisher\":{\"@id\":\"https:\/\/mefp.grupopiquer.com\/inscripciones\/#organization\"},\"potentialAction\":[{\"@type\":\"SearchAction\",\"target\":{\"@type\":\"EntryPoint\",\"urlTemplate\":\"https:\/\/mefp.grupopiquer.com\/inscripciones\/?s={search_term_string}\"},\"query-input\":{\"@type\":\"PropertyValueSpecification\",\"valueRequired\":true,\"valueName\":\"search_term_string\"}}],\"inLanguage\":\"es\"},{\"@type\":\"Organization\",\"@id\":\"https:\/\/mefp.grupopiquer.com\/inscripciones\/#organization\",\"name\":\"Contenidos Online\",\"url\":\"https:\/\/mefp.grupopiquer.com\/inscripciones\/\",\"logo\":{\"@type\":\"ImageObject\",\"inLanguage\":\"es\",\"@id\":\"https:\/\/mefp.grupopiquer.com\/inscripciones\/#\/schema\/logo\/image\/\",\"url\":\"\",\"contentUrl\":\"\",\"caption\":\"Contenidos Online\"},\"image\":{\"@id\":\"https:\/\/mefp.grupopiquer.com\/inscripciones\/#\/schema\/logo\/image\/\"}}]}<\/script>\n<!-- \/ Yoast SEO plugin. -->","yoast_head_json":{"title":"SEAD069PO - F.E.V.S. Servicio de Vigilancia en Enventos Deportivos y Espect\u00e1culos P\u00fablicos (10 horas) - Contenidos Online","robots":{"index":"index","follow":"follow","max-snippet":"max-snippet:-1","max-image-preview":"max-image-preview:large","max-video-preview":"max-video-preview:-1"},"canonical":"https:\/\/mefp.grupopiquer.com\/inscripciones\/producto\/sead069po-f-e-v-s-servicio-de-vigilancia-en-eventos-deportivos-y-espectaculos-publicos-10-horas\/","og_locale":"es_ES","og_type":"article","og_title":"SEAD069PO - F.E.V.S. Servicio de Vigilancia en Enventos Deportivos y Espect\u00e1culos P\u00fablicos (10 horas) - Contenidos Online","og_description":"Actualizar a los vigilantes de seguridad en las funciones de control de accesos, control de permanencia y situaciones cr\u00edticas como avalanchas o evacuaciones, en eventos deportivos y espect\u00e1culos, conforme a la Resoluci\u00f3n de 12 de noviembre de 2012 de la Secretar\u00eda de Estado de Seguridad.","og_url":"https:\/\/mefp.grupopiquer.com\/inscripciones\/producto\/sead069po-f-e-v-s-servicio-de-vigilancia-en-eventos-deportivos-y-espectaculos-publicos-10-horas\/","og_site_name":"Contenidos Online","article_modified_time":"2023-05-16T11:30:00+00:00","og_image":[{"width":1680,"height":945,"url":"https:\/\/mefp.grupopiquer.com\/inscripciones\/wp-content\/uploads\/2023\/05\/cYaHH9zUpozdNaIR_fcUXuIf0zR1dA9Lw-e1683195189592.jpg","type":"image\/jpeg"}],"twitter_card":"summary_large_image","twitter_misc":{"Tiempo de lectura":"2 minutos"},"schema":{"@context":"https:\/\/schema.org","@graph":[{"@type":"WebPage","@id":"https:\/\/mefp.grupopiquer.com\/inscripciones\/producto\/sead069po-f-e-v-s-servicio-de-vigilancia-en-eventos-deportivos-y-espectaculos-publicos-10-horas\/","url":"https:\/\/mefp.grupopiquer.com\/inscripciones\/producto\/sead069po-f-e-v-s-servicio-de-vigilancia-en-eventos-deportivos-y-espectaculos-publicos-10-horas\/","name":"SEAD069PO - F.E.V.S. Servicio de Vigilancia en Enventos Deportivos y Espect\u00e1culos P\u00fablicos (10 horas) - Contenidos Online","isPartOf":{"@id":"https:\/\/mefp.grupopiquer.com\/inscripciones\/#website"},"primaryImageOfPage":{"@id":"https:\/\/mefp.grupopiquer.com\/inscripciones\/producto\/sead069po-f-e-v-s-servicio-de-vigilancia-en-eventos-deportivos-y-espectaculos-publicos-10-horas\/#primaryimage"},"image":{"@id":"https:\/\/mefp.grupopiquer.com\/inscripciones\/producto\/sead069po-f-e-v-s-servicio-de-vigilancia-en-eventos-deportivos-y-espectaculos-publicos-10-horas\/#primaryimage"},"thumbnailUrl":"https:\/\/mefp.grupopiquer.com\/inscripciones\/wp-content\/uploads\/2023\/05\/cYaHH9zUpozdNaIR_fcUXuIf0zR1dA9Lw-e1683195189592.jpg","datePublished":"2023-05-02T11:15:15+00:00","dateModified":"2023-05-16T11:30:00+00:00","breadcrumb":{"@id":"https:\/\/mefp.grupopiquer.com\/inscripciones\/producto\/sead069po-f-e-v-s-servicio-de-vigilancia-en-eventos-deportivos-y-espectaculos-publicos-10-horas\/#breadcrumb"},"inLanguage":"es","potentialAction":[{"@type":"ReadAction","target":["https:\/\/mefp.grupopiquer.com\/inscripciones\/producto\/sead069po-f-e-v-s-servicio-de-vigilancia-en-eventos-deportivos-y-espectaculos-publicos-10-horas\/"]}]},{"@type":"ImageObject","inLanguage":"es","@id":"https:\/\/mefp.grupopiquer.com\/inscripciones\/producto\/sead069po-f-e-v-s-servicio-de-vigilancia-en-eventos-deportivos-y-espectaculos-publicos-10-horas\/#primaryimage","url":"https:\/\/mefp.grupopiquer.com\/inscripciones\/wp-content\/uploads\/2023\/05\/cYaHH9zUpozdNaIR_fcUXuIf0zR1dA9Lw-e1683195189592.jpg","contentUrl":"https:\/\/mefp.grupopiquer.com\/inscripciones\/wp-content\/uploads\/2023\/05\/cYaHH9zUpozdNaIR_fcUXuIf0zR1dA9Lw-e1683195189592.jpg","width":1680,"height":945},{"@type":"BreadcrumbList","@id":"https:\/\/mefp.grupopiquer.com\/inscripciones\/producto\/sead069po-f-e-v-s-servicio-de-vigilancia-en-eventos-deportivos-y-espectaculos-publicos-10-horas\/#breadcrumb","itemListElement":[{"@type":"ListItem","position":1,"name":"Portada","item":"https:\/\/mefp.grupopiquer.com\/inscripciones\/"},{"@type":"ListItem","position":2,"name":"Tienda","item":"https:\/\/mefp.grupopiquer.com\/inscripciones\/tienda\/"},{"@type":"ListItem","position":3,"name":"SEAD069PO &#8211; F.E.V.S. Servicio de Vigilancia en Enventos Deportivos y Espect\u00e1culos P\u00fablicos (10 horas)"}]},{"@type":"WebSite","@id":"https:\/\/mefp.grupopiquer.com\/inscripciones\/#website","url":"https:\/\/mefp.grupopiquer.com\/inscripciones\/","name":"Contenidos Online","description":"","publisher":{"@id":"https:\/\/mefp.grupopiquer.com\/inscripciones\/#organization"},"potentialAction":[{"@type":"SearchAction","target":{"@type":"EntryPoint","urlTemplate":"https:\/\/mefp.grupopiquer.com\/inscripciones\/?s={search_term_string}"},"query-input":{"@type":"PropertyValueSpecification","valueRequired":true,"valueName":"search_term_string"}}],"inLanguage":"es"},{"@type":"Organization","@id":"https:\/\/mefp.grupopiquer.com\/inscripciones\/#organization","name":"Contenidos Online","url":"https:\/\/mefp.grupopiquer.com\/inscripciones\/","logo":{"@type":"ImageObject","inLanguage":"es","@id":"https:\/\/mefp.grupopiquer.com\/inscripciones\/#\/schema\/logo\/image\/","url":"","contentUrl":"","caption":"Contenidos Online"},"image":{"@id":"https:\/\/mefp.grupopiquer.com\/inscripciones\/#\/schema\/logo\/image\/"}}]}},"_links":{"self":[{"href":"https:\/\/mefp.grupopiquer.com\/inscripciones\/wp-json\/wp\/v2\/product\/4614"}],"collection":[{"href":"https:\/\/mefp.grupopiquer.com\/inscripciones\/wp-json\/wp\/v2\/product"}],"about":[{"href":"https:\/\/mefp.grupopiquer.com\/inscripciones\/wp-json\/wp\/v2\/types\/product"}],"replies":[{"embeddable":true,"href":"https:\/\/mefp.grupopiquer.com\/inscripciones\/wp-json\/wp\/v2\/comments?post=4614"}],"wp:featuredmedia":[{"embeddable":true,"href":"https:\/\/mefp.grupopiquer.com\/inscripciones\/wp-json\/wp\/v2\/media\/4926"}],"wp:attachment":[{"href":"https:\/\/mefp.grupopiquer.com\/inscripciones\/wp-json\/wp\/v2\/media?parent=4614"}],"wp:term":[{"taxonomy":"product_cat","embeddable":true,"href":"https:\/\/mefp.grupopiquer.com\/inscripciones\/wp-json\/wp\/v2\/product_cat?post=4614"},{"taxonomy":"product_tag","embeddable":true,"href":"https:\/\/mefp.grupopiquer.com\/inscripciones\/wp-json\/wp\/v2\/product_tag?post=4614"}],"curies":[{"name":"wp","href":"https:\/\/api.w.org\/{rel}","templated":true}]}}