{"id":4612,"date":"2023-05-02T11:15:03","date_gmt":"2023-05-02T11:15:03","guid":{"rendered":"https:\/\/mefp.grupopiquer.com\/inscripciones\/producto\/sead062po-especialista-en-scanner-20-horas\/"},"modified":"2023-05-16T11:31:40","modified_gmt":"2023-05-16T11:31:40","slug":"sead062po-especialista-en-scanner-20-horas","status":"publish","type":"product","link":"https:\/\/mefp.grupopiquer.com\/inscripciones\/producto\/sead062po-especialista-en-scanner-20-horas\/","title":{"rendered":"SEAD062PO &#8211; Especialista en Scanner (20 horas)"},"content":{"rendered":"<div id=\"accordion\">\n<h3>OBJETIVOS<\/h3>\n<div>Aplicar correctamente, las t\u00e9cnicas de detecci\u00f3n de explosivos mediante scanner.<\/div>\n<h3>CONTENIDOS<\/h3>\n<div>1. ATENCI\u00d3N AL PASAJERO<br \/>\n1.1. El servicio.<br \/>\n1.2. La comunicaci\u00f3n.<br \/>\n1.3. Atenci\u00f3n al cliente.<br \/>\n1.4. La comunicaci\u00f3n no verbal.<\/p>\n<p>2. PSICOLOG\u00cdA ATENCI\u00d3N- PERCEPCI\u00d3N Y NORMAS B\u00c1SICAS<\/p>\n<p>3. ARTEFACTOS EXPLOSIVOS<br \/>\n3.1. Paquetes bombas, composici\u00f3n sistemas empleados para provocar la explosi\u00f3n.<br \/>\n3.2. Sistemas de mandos a distancia.<br \/>\n3.3. Bombas trampas, sistemas de fuego combinado.<\/p>\n<p>4. DETECCI\u00d3N DE ART\u00cdCULOS EXPLOSIVOS MEDIANTE SCANNER. LA AMENAZA DE BOMBA<br \/>\n4.1. Amenaza telef\u00f3nica de bomba.<br \/>\n4.2. Lista de datos a registrar sobre la amenaza.<br \/>\n4.3. Localizaci\u00f3n de artefactos explosivos. Pautas a seguir. B\u00fasqueda por zonas.<br \/>\n4.4. Utilizaci\u00f3n de detectores explosivos, inspecci\u00f3n visual, detector de metales.<\/p>\n<p>5. ACTIVACI\u00d3N DEL PLAN DE EMERGENCIA<\/p>\n<p>6. MANTENIMIENTO DE SCANNER<\/p>\n<p>7. RESUMEN Y CONCLUSIONES<\/p>\n<p>8. USO DE CONCEPTOS, HERRAMIENTAS Y MODOS DE TRABAJO NUEVOS EN ESPECIALISTA EN SCANNER<\/p>\n<p>9. REFERENCIAS BIBLIOGRAFICAS<\/p>\n<\/div>\n<\/div>\n","protected":false},"excerpt":{"rendered":"<p>Aplicar correctamente, las t\u00e9cnicas de detecci\u00f3n de explosivos mediante scanner.<\/p>\n","protected":false},"featured_media":4922,"comment_status":"closed","ping_status":"closed","template":"","meta":[],"product_cat":[106],"product_tag":[],"class_list":{"0":"post-4612","1":"product","2":"type-product","3":"status-publish","4":"has-post-thumbnail","6":"product_cat-seguridad-y-prevencion","8":"first","9":"instock","10":"taxable","11":"shipping-taxable","12":"purchasable","13":"product-type-simple"},"yoast_head":"<!-- This site is optimized with the Yoast SEO plugin v23.5 - https:\/\/yoast.com\/wordpress\/plugins\/seo\/ -->\n<title>SEAD062PO - Especialista en Scanner (20 horas) - Contenidos Online<\/title>\n<meta name=\"robots\" content=\"index, follow, max-snippet:-1, max-image-preview:large, max-video-preview:-1\" \/>\n<link rel=\"canonical\" href=\"https:\/\/mefp.grupopiquer.com\/inscripciones\/producto\/sead062po-especialista-en-scanner-20-horas\/\" \/>\n<meta property=\"og:locale\" content=\"es_ES\" \/>\n<meta property=\"og:type\" content=\"article\" \/>\n<meta property=\"og:title\" content=\"SEAD062PO - Especialista en Scanner (20 horas) - Contenidos Online\" \/>\n<meta property=\"og:description\" content=\"Aplicar correctamente, las t\u00e9cnicas de detecci\u00f3n de explosivos mediante scanner.\" \/>\n<meta property=\"og:url\" content=\"https:\/\/mefp.grupopiquer.com\/inscripciones\/producto\/sead062po-especialista-en-scanner-20-horas\/\" \/>\n<meta property=\"og:site_name\" content=\"Contenidos Online\" \/>\n<meta property=\"article:modified_time\" content=\"2023-05-16T11:31:40+00:00\" \/>\n<meta property=\"og:image\" content=\"https:\/\/mefp.grupopiquer.com\/inscripciones\/wp-content\/uploads\/2023\/05\/bSAdrchYRWRCVSQq_rDMd00hroLj47_y_-e1683194734857.jpg\" \/>\n\t<meta property=\"og:image:width\" content=\"1500\" \/>\n\t<meta property=\"og:image:height\" content=\"843\" \/>\n\t<meta property=\"og:image:type\" content=\"image\/jpeg\" \/>\n<meta name=\"twitter:card\" content=\"summary_large_image\" \/>\n<meta name=\"twitter:label1\" content=\"Tiempo de lectura\" \/>\n\t<meta name=\"twitter:data1\" content=\"1 minuto\" \/>\n<script type=\"application\/ld+json\" class=\"yoast-schema-graph\">{\"@context\":\"https:\/\/schema.org\",\"@graph\":[{\"@type\":\"WebPage\",\"@id\":\"https:\/\/mefp.grupopiquer.com\/inscripciones\/producto\/sead062po-especialista-en-scanner-20-horas\/\",\"url\":\"https:\/\/mefp.grupopiquer.com\/inscripciones\/producto\/sead062po-especialista-en-scanner-20-horas\/\",\"name\":\"SEAD062PO - Especialista en Scanner (20 horas) - Contenidos Online\",\"isPartOf\":{\"@id\":\"https:\/\/mefp.grupopiquer.com\/inscripciones\/#website\"},\"primaryImageOfPage\":{\"@id\":\"https:\/\/mefp.grupopiquer.com\/inscripciones\/producto\/sead062po-especialista-en-scanner-20-horas\/#primaryimage\"},\"image\":{\"@id\":\"https:\/\/mefp.grupopiquer.com\/inscripciones\/producto\/sead062po-especialista-en-scanner-20-horas\/#primaryimage\"},\"thumbnailUrl\":\"https:\/\/mefp.grupopiquer.com\/inscripciones\/wp-content\/uploads\/2023\/05\/bSAdrchYRWRCVSQq_rDMd00hroLj47_y_-e1683194734857.jpg\",\"datePublished\":\"2023-05-02T11:15:03+00:00\",\"dateModified\":\"2023-05-16T11:31:40+00:00\",\"breadcrumb\":{\"@id\":\"https:\/\/mefp.grupopiquer.com\/inscripciones\/producto\/sead062po-especialista-en-scanner-20-horas\/#breadcrumb\"},\"inLanguage\":\"es\",\"potentialAction\":[{\"@type\":\"ReadAction\",\"target\":[\"https:\/\/mefp.grupopiquer.com\/inscripciones\/producto\/sead062po-especialista-en-scanner-20-horas\/\"]}]},{\"@type\":\"ImageObject\",\"inLanguage\":\"es\",\"@id\":\"https:\/\/mefp.grupopiquer.com\/inscripciones\/producto\/sead062po-especialista-en-scanner-20-horas\/#primaryimage\",\"url\":\"https:\/\/mefp.grupopiquer.com\/inscripciones\/wp-content\/uploads\/2023\/05\/bSAdrchYRWRCVSQq_rDMd00hroLj47_y_-e1683194734857.jpg\",\"contentUrl\":\"https:\/\/mefp.grupopiquer.com\/inscripciones\/wp-content\/uploads\/2023\/05\/bSAdrchYRWRCVSQq_rDMd00hroLj47_y_-e1683194734857.jpg\",\"width\":1500,\"height\":843},{\"@type\":\"BreadcrumbList\",\"@id\":\"https:\/\/mefp.grupopiquer.com\/inscripciones\/producto\/sead062po-especialista-en-scanner-20-horas\/#breadcrumb\",\"itemListElement\":[{\"@type\":\"ListItem\",\"position\":1,\"name\":\"Portada\",\"item\":\"https:\/\/mefp.grupopiquer.com\/inscripciones\/\"},{\"@type\":\"ListItem\",\"position\":2,\"name\":\"Tienda\",\"item\":\"https:\/\/mefp.grupopiquer.com\/inscripciones\/tienda\/\"},{\"@type\":\"ListItem\",\"position\":3,\"name\":\"SEAD062PO &#8211; Especialista en Scanner (20 horas)\"}]},{\"@type\":\"WebSite\",\"@id\":\"https:\/\/mefp.grupopiquer.com\/inscripciones\/#website\",\"url\":\"https:\/\/mefp.grupopiquer.com\/inscripciones\/\",\"name\":\"Contenidos Online\",\"description\":\"\",\"publisher\":{\"@id\":\"https:\/\/mefp.grupopiquer.com\/inscripciones\/#organization\"},\"potentialAction\":[{\"@type\":\"SearchAction\",\"target\":{\"@type\":\"EntryPoint\",\"urlTemplate\":\"https:\/\/mefp.grupopiquer.com\/inscripciones\/?s={search_term_string}\"},\"query-input\":{\"@type\":\"PropertyValueSpecification\",\"valueRequired\":true,\"valueName\":\"search_term_string\"}}],\"inLanguage\":\"es\"},{\"@type\":\"Organization\",\"@id\":\"https:\/\/mefp.grupopiquer.com\/inscripciones\/#organization\",\"name\":\"Contenidos Online\",\"url\":\"https:\/\/mefp.grupopiquer.com\/inscripciones\/\",\"logo\":{\"@type\":\"ImageObject\",\"inLanguage\":\"es\",\"@id\":\"https:\/\/mefp.grupopiquer.com\/inscripciones\/#\/schema\/logo\/image\/\",\"url\":\"\",\"contentUrl\":\"\",\"caption\":\"Contenidos Online\"},\"image\":{\"@id\":\"https:\/\/mefp.grupopiquer.com\/inscripciones\/#\/schema\/logo\/image\/\"}}]}<\/script>\n<!-- \/ Yoast SEO plugin. -->","yoast_head_json":{"title":"SEAD062PO - Especialista en Scanner (20 horas) - Contenidos Online","robots":{"index":"index","follow":"follow","max-snippet":"max-snippet:-1","max-image-preview":"max-image-preview:large","max-video-preview":"max-video-preview:-1"},"canonical":"https:\/\/mefp.grupopiquer.com\/inscripciones\/producto\/sead062po-especialista-en-scanner-20-horas\/","og_locale":"es_ES","og_type":"article","og_title":"SEAD062PO - Especialista en Scanner (20 horas) - Contenidos Online","og_description":"Aplicar correctamente, las t\u00e9cnicas de detecci\u00f3n de explosivos mediante scanner.","og_url":"https:\/\/mefp.grupopiquer.com\/inscripciones\/producto\/sead062po-especialista-en-scanner-20-horas\/","og_site_name":"Contenidos Online","article_modified_time":"2023-05-16T11:31:40+00:00","og_image":[{"width":1500,"height":843,"url":"https:\/\/mefp.grupopiquer.com\/inscripciones\/wp-content\/uploads\/2023\/05\/bSAdrchYRWRCVSQq_rDMd00hroLj47_y_-e1683194734857.jpg","type":"image\/jpeg"}],"twitter_card":"summary_large_image","twitter_misc":{"Tiempo de lectura":"1 minuto"},"schema":{"@context":"https:\/\/schema.org","@graph":[{"@type":"WebPage","@id":"https:\/\/mefp.grupopiquer.com\/inscripciones\/producto\/sead062po-especialista-en-scanner-20-horas\/","url":"https:\/\/mefp.grupopiquer.com\/inscripciones\/producto\/sead062po-especialista-en-scanner-20-horas\/","name":"SEAD062PO - Especialista en Scanner (20 horas) - Contenidos Online","isPartOf":{"@id":"https:\/\/mefp.grupopiquer.com\/inscripciones\/#website"},"primaryImageOfPage":{"@id":"https:\/\/mefp.grupopiquer.com\/inscripciones\/producto\/sead062po-especialista-en-scanner-20-horas\/#primaryimage"},"image":{"@id":"https:\/\/mefp.grupopiquer.com\/inscripciones\/producto\/sead062po-especialista-en-scanner-20-horas\/#primaryimage"},"thumbnailUrl":"https:\/\/mefp.grupopiquer.com\/inscripciones\/wp-content\/uploads\/2023\/05\/bSAdrchYRWRCVSQq_rDMd00hroLj47_y_-e1683194734857.jpg","datePublished":"2023-05-02T11:15:03+00:00","dateModified":"2023-05-16T11:31:40+00:00","breadcrumb":{"@id":"https:\/\/mefp.grupopiquer.com\/inscripciones\/producto\/sead062po-especialista-en-scanner-20-horas\/#breadcrumb"},"inLanguage":"es","potentialAction":[{"@type":"ReadAction","target":["https:\/\/mefp.grupopiquer.com\/inscripciones\/producto\/sead062po-especialista-en-scanner-20-horas\/"]}]},{"@type":"ImageObject","inLanguage":"es","@id":"https:\/\/mefp.grupopiquer.com\/inscripciones\/producto\/sead062po-especialista-en-scanner-20-horas\/#primaryimage","url":"https:\/\/mefp.grupopiquer.com\/inscripciones\/wp-content\/uploads\/2023\/05\/bSAdrchYRWRCVSQq_rDMd00hroLj47_y_-e1683194734857.jpg","contentUrl":"https:\/\/mefp.grupopiquer.com\/inscripciones\/wp-content\/uploads\/2023\/05\/bSAdrchYRWRCVSQq_rDMd00hroLj47_y_-e1683194734857.jpg","width":1500,"height":843},{"@type":"BreadcrumbList","@id":"https:\/\/mefp.grupopiquer.com\/inscripciones\/producto\/sead062po-especialista-en-scanner-20-horas\/#breadcrumb","itemListElement":[{"@type":"ListItem","position":1,"name":"Portada","item":"https:\/\/mefp.grupopiquer.com\/inscripciones\/"},{"@type":"ListItem","position":2,"name":"Tienda","item":"https:\/\/mefp.grupopiquer.com\/inscripciones\/tienda\/"},{"@type":"ListItem","position":3,"name":"SEAD062PO &#8211; Especialista en Scanner (20 horas)"}]},{"@type":"WebSite","@id":"https:\/\/mefp.grupopiquer.com\/inscripciones\/#website","url":"https:\/\/mefp.grupopiquer.com\/inscripciones\/","name":"Contenidos Online","description":"","publisher":{"@id":"https:\/\/mefp.grupopiquer.com\/inscripciones\/#organization"},"potentialAction":[{"@type":"SearchAction","target":{"@type":"EntryPoint","urlTemplate":"https:\/\/mefp.grupopiquer.com\/inscripciones\/?s={search_term_string}"},"query-input":{"@type":"PropertyValueSpecification","valueRequired":true,"valueName":"search_term_string"}}],"inLanguage":"es"},{"@type":"Organization","@id":"https:\/\/mefp.grupopiquer.com\/inscripciones\/#organization","name":"Contenidos Online","url":"https:\/\/mefp.grupopiquer.com\/inscripciones\/","logo":{"@type":"ImageObject","inLanguage":"es","@id":"https:\/\/mefp.grupopiquer.com\/inscripciones\/#\/schema\/logo\/image\/","url":"","contentUrl":"","caption":"Contenidos Online"},"image":{"@id":"https:\/\/mefp.grupopiquer.com\/inscripciones\/#\/schema\/logo\/image\/"}}]}},"_links":{"self":[{"href":"https:\/\/mefp.grupopiquer.com\/inscripciones\/wp-json\/wp\/v2\/product\/4612"}],"collection":[{"href":"https:\/\/mefp.grupopiquer.com\/inscripciones\/wp-json\/wp\/v2\/product"}],"about":[{"href":"https:\/\/mefp.grupopiquer.com\/inscripciones\/wp-json\/wp\/v2\/types\/product"}],"replies":[{"embeddable":true,"href":"https:\/\/mefp.grupopiquer.com\/inscripciones\/wp-json\/wp\/v2\/comments?post=4612"}],"wp:featuredmedia":[{"embeddable":true,"href":"https:\/\/mefp.grupopiquer.com\/inscripciones\/wp-json\/wp\/v2\/media\/4922"}],"wp:attachment":[{"href":"https:\/\/mefp.grupopiquer.com\/inscripciones\/wp-json\/wp\/v2\/media?parent=4612"}],"wp:term":[{"taxonomy":"product_cat","embeddable":true,"href":"https:\/\/mefp.grupopiquer.com\/inscripciones\/wp-json\/wp\/v2\/product_cat?post=4612"},{"taxonomy":"product_tag","embeddable":true,"href":"https:\/\/mefp.grupopiquer.com\/inscripciones\/wp-json\/wp\/v2\/product_tag?post=4612"}],"curies":[{"name":"wp","href":"https:\/\/api.w.org\/{rel}","templated":true}]}}