{"id":4602,"date":"2023-05-02T11:14:11","date_gmt":"2023-05-02T11:14:11","guid":{"rendered":"https:\/\/mefp.grupopiquer.com\/inscripciones\/producto\/inad016po-formacion-basica-en-higiene-alimentaria-food-defense-appcc-limpieza-y-desinfeccion-10-horas\/"},"modified":"2023-05-15T09:16:09","modified_gmt":"2023-05-15T09:16:09","slug":"inad016po-formacion-basica-en-higiene-alimentaria-food-defense-appcc-limpieza-y-desinfeccion-10-horas","status":"publish","type":"product","link":"https:\/\/mefp.grupopiquer.com\/inscripciones\/producto\/inad016po-formacion-basica-en-higiene-alimentaria-food-defense-appcc-limpieza-y-desinfeccion-10-horas\/","title":{"rendered":"INAD016PO &#8211; Formaci\u00f3n B\u00e1sica en Higiene Alimentaria: Food Defense, APPCC, Limpieza y Desinfecci\u00f3n (10 horas)"},"content":{"rendered":"<div id=\"accordion\">\n<h3>OBJETIVOS<\/h3>\n<div>Identificar los conceptos b\u00e1sicos de Food defense, APPCC y limpieza y desinfecci\u00f3n en los productos hortofrut\u00edcolas.<\/div>\n<h3>CONTENIDOS<\/h3>\n<div>\n<p>1. HIGIENE ALIMENTARIA<\/p>\n<p>2. ALTERACI\u00d3N Y CONTAMINACI\u00d3N DE LOS ALIMENTOS<\/p>\n<p>3. LOS G\u00c9RMENES<\/p>\n<p>4. MEDIDAS DE HIGIENE PERSONAL Y H\u00c1BITOS CORRECTOS<\/p>\n<p>5. TOXXINFECCIONES ALIMENTARIAS<\/p>\n<p>6. TRATAMIENTOS DE CONSERVACI\u00d3N DE LOS ALIMENTOS<\/p>\n<p>7. HIGIENE DE LAS INSTALACIONES, M\u00c1QUINAS Y \u00daTILES DE TRABAJO. ALMACENAMIENTO Y TRANSPORTE<\/p>\n<p>8. APLICACI\u00d3N DEL SISTEMA APPCC<\/p>\n<p>9. HIGIENE ALIMENTARIA DEL SECTOR DE MANIPULADO DE PRODUCTOS HORTOFRUT\u00cdCOLAS<\/p>\n<p>10. APPCC<br \/>\n10.1. Introducci\u00f3n<br \/>\n10.2. Historia del APPCC<br \/>\n10.3. Ventajas del APPCC<br \/>\n10.4. Definiciones<br \/>\n10.5. Principios del APPCC<br \/>\n10.6. Aplicaci\u00f3n del sistema APPCC<br \/>\n10.7. Requisitos previos a la implantaci\u00f3n del sistema APPCC<\/p>\n<p>11. PLAN DE LIMPIEZA Y DESINFECCI\u00d3N<br \/>\n11.1. Limpieza y desinfecci\u00f3n<br \/>\n11.2. El Plan de limpieza y desinfecci\u00f3n de empresa<\/p>\n<p>12. FOOD DEFENSE<br \/>\n12.1. Introducci\u00f3n a Food Defense<br \/>\n12.2. Papel de las empresas en la defensa de los alimentos (Food defense)<br \/>\n12.3. El operario y la defensa alimentaria (Food Defense)<br \/>\n12.4. Medidas de control en la defensa alimentaria (Food Defense)<br \/>\n12.5. Presencia de Food Defense en las normas de seguridad alimentaria<\/p>\n<\/div>\n<\/div>\n","protected":false},"excerpt":{"rendered":"<p>Identificar los conceptos b\u00e1sicos de Food defense, APPCC y limpieza y desinfecci\u00f3n en los productos hortofrut\u00edcolas.<\/p>\n","protected":false},"featured_media":4931,"comment_status":"closed","ping_status":"closed","template":"","meta":[],"product_cat":[108],"product_tag":[],"class_list":{"0":"post-4602","1":"product","2":"type-product","3":"status-publish","4":"has-post-thumbnail","6":"product_cat-alimentos-diversos","8":"first","9":"instock","10":"taxable","11":"shipping-taxable","12":"purchasable","13":"product-type-simple"},"yoast_head":"<!-- This site is optimized with the Yoast SEO plugin v23.5 - https:\/\/yoast.com\/wordpress\/plugins\/seo\/ -->\n<title>INAD016PO - Formaci\u00f3n B\u00e1sica en Higiene Alimentaria: Food Defense, APPCC, Limpieza y Desinfecci\u00f3n (10 horas) - Contenidos Online<\/title>\n<meta name=\"robots\" content=\"index, follow, max-snippet:-1, max-image-preview:large, max-video-preview:-1\" \/>\n<link rel=\"canonical\" href=\"https:\/\/mefp.grupopiquer.com\/inscripciones\/producto\/inad016po-formacion-basica-en-higiene-alimentaria-food-defense-appcc-limpieza-y-desinfeccion-10-horas\/\" \/>\n<meta property=\"og:locale\" content=\"es_ES\" \/>\n<meta property=\"og:type\" content=\"article\" \/>\n<meta property=\"og:title\" content=\"INAD016PO - Formaci\u00f3n B\u00e1sica en Higiene Alimentaria: Food Defense, APPCC, Limpieza y Desinfecci\u00f3n (10 horas) - Contenidos Online\" \/>\n<meta property=\"og:description\" content=\"Identificar los conceptos b\u00e1sicos de Food defense, APPCC y limpieza y desinfecci\u00f3n en los productos hortofrut\u00edcolas.\" \/>\n<meta property=\"og:url\" content=\"https:\/\/mefp.grupopiquer.com\/inscripciones\/producto\/inad016po-formacion-basica-en-higiene-alimentaria-food-defense-appcc-limpieza-y-desinfeccion-10-horas\/\" \/>\n<meta property=\"og:site_name\" content=\"Contenidos Online\" \/>\n<meta property=\"article:modified_time\" content=\"2023-05-15T09:16:09+00:00\" \/>\n<meta property=\"og:image\" content=\"https:\/\/mefp.grupopiquer.com\/inscripciones\/wp-content\/uploads\/2023\/05\/VeI0uICSPXh5KTOY_RXuB9OMN8e4h3AGX-stock_image-e1683195884752.jpg\" \/>\n\t<meta property=\"og:image:width\" content=\"1680\" \/>\n\t<meta property=\"og:image:height\" content=\"945\" \/>\n\t<meta property=\"og:image:type\" content=\"image\/jpeg\" \/>\n<meta name=\"twitter:card\" content=\"summary_large_image\" \/>\n<meta name=\"twitter:label1\" content=\"Tiempo de lectura\" \/>\n\t<meta name=\"twitter:data1\" content=\"1 minuto\" \/>\n<script type=\"application\/ld+json\" class=\"yoast-schema-graph\">{\"@context\":\"https:\/\/schema.org\",\"@graph\":[{\"@type\":\"WebPage\",\"@id\":\"https:\/\/mefp.grupopiquer.com\/inscripciones\/producto\/inad016po-formacion-basica-en-higiene-alimentaria-food-defense-appcc-limpieza-y-desinfeccion-10-horas\/\",\"url\":\"https:\/\/mefp.grupopiquer.com\/inscripciones\/producto\/inad016po-formacion-basica-en-higiene-alimentaria-food-defense-appcc-limpieza-y-desinfeccion-10-horas\/\",\"name\":\"INAD016PO - Formaci\u00f3n B\u00e1sica en Higiene Alimentaria: Food Defense, APPCC, Limpieza y Desinfecci\u00f3n (10 horas) - Contenidos Online\",\"isPartOf\":{\"@id\":\"https:\/\/mefp.grupopiquer.com\/inscripciones\/#website\"},\"primaryImageOfPage\":{\"@id\":\"https:\/\/mefp.grupopiquer.com\/inscripciones\/producto\/inad016po-formacion-basica-en-higiene-alimentaria-food-defense-appcc-limpieza-y-desinfeccion-10-horas\/#primaryimage\"},\"image\":{\"@id\":\"https:\/\/mefp.grupopiquer.com\/inscripciones\/producto\/inad016po-formacion-basica-en-higiene-alimentaria-food-defense-appcc-limpieza-y-desinfeccion-10-horas\/#primaryimage\"},\"thumbnailUrl\":\"https:\/\/mefp.grupopiquer.com\/inscripciones\/wp-content\/uploads\/2023\/05\/VeI0uICSPXh5KTOY_RXuB9OMN8e4h3AGX-stock_image-e1683195884752.jpg\",\"datePublished\":\"2023-05-02T11:14:11+00:00\",\"dateModified\":\"2023-05-15T09:16:09+00:00\",\"breadcrumb\":{\"@id\":\"https:\/\/mefp.grupopiquer.com\/inscripciones\/producto\/inad016po-formacion-basica-en-higiene-alimentaria-food-defense-appcc-limpieza-y-desinfeccion-10-horas\/#breadcrumb\"},\"inLanguage\":\"es\",\"potentialAction\":[{\"@type\":\"ReadAction\",\"target\":[\"https:\/\/mefp.grupopiquer.com\/inscripciones\/producto\/inad016po-formacion-basica-en-higiene-alimentaria-food-defense-appcc-limpieza-y-desinfeccion-10-horas\/\"]}]},{\"@type\":\"ImageObject\",\"inLanguage\":\"es\",\"@id\":\"https:\/\/mefp.grupopiquer.com\/inscripciones\/producto\/inad016po-formacion-basica-en-higiene-alimentaria-food-defense-appcc-limpieza-y-desinfeccion-10-horas\/#primaryimage\",\"url\":\"https:\/\/mefp.grupopiquer.com\/inscripciones\/wp-content\/uploads\/2023\/05\/VeI0uICSPXh5KTOY_RXuB9OMN8e4h3AGX-stock_image-e1683195884752.jpg\",\"contentUrl\":\"https:\/\/mefp.grupopiquer.com\/inscripciones\/wp-content\/uploads\/2023\/05\/VeI0uICSPXh5KTOY_RXuB9OMN8e4h3AGX-stock_image-e1683195884752.jpg\",\"width\":1680,\"height\":945},{\"@type\":\"BreadcrumbList\",\"@id\":\"https:\/\/mefp.grupopiquer.com\/inscripciones\/producto\/inad016po-formacion-basica-en-higiene-alimentaria-food-defense-appcc-limpieza-y-desinfeccion-10-horas\/#breadcrumb\",\"itemListElement\":[{\"@type\":\"ListItem\",\"position\":1,\"name\":\"Portada\",\"item\":\"https:\/\/mefp.grupopiquer.com\/inscripciones\/\"},{\"@type\":\"ListItem\",\"position\":2,\"name\":\"Tienda\",\"item\":\"https:\/\/mefp.grupopiquer.com\/inscripciones\/tienda\/\"},{\"@type\":\"ListItem\",\"position\":3,\"name\":\"INAD016PO &#8211; Formaci\u00f3n B\u00e1sica en Higiene Alimentaria: Food Defense, APPCC, Limpieza y Desinfecci\u00f3n (10 horas)\"}]},{\"@type\":\"WebSite\",\"@id\":\"https:\/\/mefp.grupopiquer.com\/inscripciones\/#website\",\"url\":\"https:\/\/mefp.grupopiquer.com\/inscripciones\/\",\"name\":\"Contenidos Online\",\"description\":\"\",\"publisher\":{\"@id\":\"https:\/\/mefp.grupopiquer.com\/inscripciones\/#organization\"},\"potentialAction\":[{\"@type\":\"SearchAction\",\"target\":{\"@type\":\"EntryPoint\",\"urlTemplate\":\"https:\/\/mefp.grupopiquer.com\/inscripciones\/?s={search_term_string}\"},\"query-input\":{\"@type\":\"PropertyValueSpecification\",\"valueRequired\":true,\"valueName\":\"search_term_string\"}}],\"inLanguage\":\"es\"},{\"@type\":\"Organization\",\"@id\":\"https:\/\/mefp.grupopiquer.com\/inscripciones\/#organization\",\"name\":\"Contenidos Online\",\"url\":\"https:\/\/mefp.grupopiquer.com\/inscripciones\/\",\"logo\":{\"@type\":\"ImageObject\",\"inLanguage\":\"es\",\"@id\":\"https:\/\/mefp.grupopiquer.com\/inscripciones\/#\/schema\/logo\/image\/\",\"url\":\"\",\"contentUrl\":\"\",\"caption\":\"Contenidos Online\"},\"image\":{\"@id\":\"https:\/\/mefp.grupopiquer.com\/inscripciones\/#\/schema\/logo\/image\/\"}}]}<\/script>\n<!-- \/ Yoast SEO plugin. -->","yoast_head_json":{"title":"INAD016PO - Formaci\u00f3n B\u00e1sica en Higiene Alimentaria: Food Defense, APPCC, Limpieza y Desinfecci\u00f3n (10 horas) - Contenidos Online","robots":{"index":"index","follow":"follow","max-snippet":"max-snippet:-1","max-image-preview":"max-image-preview:large","max-video-preview":"max-video-preview:-1"},"canonical":"https:\/\/mefp.grupopiquer.com\/inscripciones\/producto\/inad016po-formacion-basica-en-higiene-alimentaria-food-defense-appcc-limpieza-y-desinfeccion-10-horas\/","og_locale":"es_ES","og_type":"article","og_title":"INAD016PO - Formaci\u00f3n B\u00e1sica en Higiene Alimentaria: Food Defense, APPCC, Limpieza y Desinfecci\u00f3n (10 horas) - Contenidos Online","og_description":"Identificar los conceptos b\u00e1sicos de Food defense, APPCC y limpieza y desinfecci\u00f3n en los productos hortofrut\u00edcolas.","og_url":"https:\/\/mefp.grupopiquer.com\/inscripciones\/producto\/inad016po-formacion-basica-en-higiene-alimentaria-food-defense-appcc-limpieza-y-desinfeccion-10-horas\/","og_site_name":"Contenidos Online","article_modified_time":"2023-05-15T09:16:09+00:00","og_image":[{"width":1680,"height":945,"url":"https:\/\/mefp.grupopiquer.com\/inscripciones\/wp-content\/uploads\/2023\/05\/VeI0uICSPXh5KTOY_RXuB9OMN8e4h3AGX-stock_image-e1683195884752.jpg","type":"image\/jpeg"}],"twitter_card":"summary_large_image","twitter_misc":{"Tiempo de lectura":"1 minuto"},"schema":{"@context":"https:\/\/schema.org","@graph":[{"@type":"WebPage","@id":"https:\/\/mefp.grupopiquer.com\/inscripciones\/producto\/inad016po-formacion-basica-en-higiene-alimentaria-food-defense-appcc-limpieza-y-desinfeccion-10-horas\/","url":"https:\/\/mefp.grupopiquer.com\/inscripciones\/producto\/inad016po-formacion-basica-en-higiene-alimentaria-food-defense-appcc-limpieza-y-desinfeccion-10-horas\/","name":"INAD016PO - Formaci\u00f3n B\u00e1sica en Higiene Alimentaria: Food Defense, APPCC, Limpieza y Desinfecci\u00f3n (10 horas) - Contenidos Online","isPartOf":{"@id":"https:\/\/mefp.grupopiquer.com\/inscripciones\/#website"},"primaryImageOfPage":{"@id":"https:\/\/mefp.grupopiquer.com\/inscripciones\/producto\/inad016po-formacion-basica-en-higiene-alimentaria-food-defense-appcc-limpieza-y-desinfeccion-10-horas\/#primaryimage"},"image":{"@id":"https:\/\/mefp.grupopiquer.com\/inscripciones\/producto\/inad016po-formacion-basica-en-higiene-alimentaria-food-defense-appcc-limpieza-y-desinfeccion-10-horas\/#primaryimage"},"thumbnailUrl":"https:\/\/mefp.grupopiquer.com\/inscripciones\/wp-content\/uploads\/2023\/05\/VeI0uICSPXh5KTOY_RXuB9OMN8e4h3AGX-stock_image-e1683195884752.jpg","datePublished":"2023-05-02T11:14:11+00:00","dateModified":"2023-05-15T09:16:09+00:00","breadcrumb":{"@id":"https:\/\/mefp.grupopiquer.com\/inscripciones\/producto\/inad016po-formacion-basica-en-higiene-alimentaria-food-defense-appcc-limpieza-y-desinfeccion-10-horas\/#breadcrumb"},"inLanguage":"es","potentialAction":[{"@type":"ReadAction","target":["https:\/\/mefp.grupopiquer.com\/inscripciones\/producto\/inad016po-formacion-basica-en-higiene-alimentaria-food-defense-appcc-limpieza-y-desinfeccion-10-horas\/"]}]},{"@type":"ImageObject","inLanguage":"es","@id":"https:\/\/mefp.grupopiquer.com\/inscripciones\/producto\/inad016po-formacion-basica-en-higiene-alimentaria-food-defense-appcc-limpieza-y-desinfeccion-10-horas\/#primaryimage","url":"https:\/\/mefp.grupopiquer.com\/inscripciones\/wp-content\/uploads\/2023\/05\/VeI0uICSPXh5KTOY_RXuB9OMN8e4h3AGX-stock_image-e1683195884752.jpg","contentUrl":"https:\/\/mefp.grupopiquer.com\/inscripciones\/wp-content\/uploads\/2023\/05\/VeI0uICSPXh5KTOY_RXuB9OMN8e4h3AGX-stock_image-e1683195884752.jpg","width":1680,"height":945},{"@type":"BreadcrumbList","@id":"https:\/\/mefp.grupopiquer.com\/inscripciones\/producto\/inad016po-formacion-basica-en-higiene-alimentaria-food-defense-appcc-limpieza-y-desinfeccion-10-horas\/#breadcrumb","itemListElement":[{"@type":"ListItem","position":1,"name":"Portada","item":"https:\/\/mefp.grupopiquer.com\/inscripciones\/"},{"@type":"ListItem","position":2,"name":"Tienda","item":"https:\/\/mefp.grupopiquer.com\/inscripciones\/tienda\/"},{"@type":"ListItem","position":3,"name":"INAD016PO &#8211; Formaci\u00f3n B\u00e1sica en Higiene Alimentaria: Food Defense, APPCC, Limpieza y Desinfecci\u00f3n (10 horas)"}]},{"@type":"WebSite","@id":"https:\/\/mefp.grupopiquer.com\/inscripciones\/#website","url":"https:\/\/mefp.grupopiquer.com\/inscripciones\/","name":"Contenidos Online","description":"","publisher":{"@id":"https:\/\/mefp.grupopiquer.com\/inscripciones\/#organization"},"potentialAction":[{"@type":"SearchAction","target":{"@type":"EntryPoint","urlTemplate":"https:\/\/mefp.grupopiquer.com\/inscripciones\/?s={search_term_string}"},"query-input":{"@type":"PropertyValueSpecification","valueRequired":true,"valueName":"search_term_string"}}],"inLanguage":"es"},{"@type":"Organization","@id":"https:\/\/mefp.grupopiquer.com\/inscripciones\/#organization","name":"Contenidos Online","url":"https:\/\/mefp.grupopiquer.com\/inscripciones\/","logo":{"@type":"ImageObject","inLanguage":"es","@id":"https:\/\/mefp.grupopiquer.com\/inscripciones\/#\/schema\/logo\/image\/","url":"","contentUrl":"","caption":"Contenidos Online"},"image":{"@id":"https:\/\/mefp.grupopiquer.com\/inscripciones\/#\/schema\/logo\/image\/"}}]}},"_links":{"self":[{"href":"https:\/\/mefp.grupopiquer.com\/inscripciones\/wp-json\/wp\/v2\/product\/4602"}],"collection":[{"href":"https:\/\/mefp.grupopiquer.com\/inscripciones\/wp-json\/wp\/v2\/product"}],"about":[{"href":"https:\/\/mefp.grupopiquer.com\/inscripciones\/wp-json\/wp\/v2\/types\/product"}],"replies":[{"embeddable":true,"href":"https:\/\/mefp.grupopiquer.com\/inscripciones\/wp-json\/wp\/v2\/comments?post=4602"}],"wp:featuredmedia":[{"embeddable":true,"href":"https:\/\/mefp.grupopiquer.com\/inscripciones\/wp-json\/wp\/v2\/media\/4931"}],"wp:attachment":[{"href":"https:\/\/mefp.grupopiquer.com\/inscripciones\/wp-json\/wp\/v2\/media?parent=4602"}],"wp:term":[{"taxonomy":"product_cat","embeddable":true,"href":"https:\/\/mefp.grupopiquer.com\/inscripciones\/wp-json\/wp\/v2\/product_cat?post=4602"},{"taxonomy":"product_tag","embeddable":true,"href":"https:\/\/mefp.grupopiquer.com\/inscripciones\/wp-json\/wp\/v2\/product_tag?post=4602"}],"curies":[{"name":"wp","href":"https:\/\/api.w.org\/{rel}","templated":true}]}}