{"id":4600,"date":"2023-05-02T11:13:59","date_gmt":"2023-05-02T11:13:59","guid":{"rendered":"https:\/\/mefp.grupopiquer.com\/inscripciones\/producto\/inad012po-envasado-acondicionado-y-embalaje-de-productos-alimentarios-50-horas\/"},"modified":"2023-05-16T11:42:21","modified_gmt":"2023-05-16T11:42:21","slug":"inad012po-envasado-acondicionado-y-embalaje-de-productos-alimentarios-50-horas","status":"publish","type":"product","link":"https:\/\/mefp.grupopiquer.com\/inscripciones\/producto\/inad012po-envasado-acondicionado-y-embalaje-de-productos-alimentarios-50-horas\/","title":{"rendered":"INAD012PO &#8211; Envasado, Acondicionado y Embalaje de Productos Alimentarios (50 horas)"},"content":{"rendered":"<div id=\"accordion\">\n<h3>OBJETIVOS<\/h3>\n<div>Identificar los envases y materiales, as\u00ed como aplicar las operaciones autom\u00e1ticas para el envasado, acondicionado y embalaje de productos alimentarios.<\/div>\n<h3>CONTENIDOS<\/h3>\n<div>1. CONCEPTOS B\u00c1SICOS DEL ENVASADO EN LA INDUSTRIA ALIMENTARIA<br \/>\n1.1. Funciones y efectos del envasado de los productos alimentarios.<br \/>\n1.2. Caracter\u00edsticas y propiedades necesarias de los materiales utilizados para el envasado de productos alimentarios.<br \/>\n1.3. Tipos y modalidades de envasado de productos alimentarios.<br \/>\n1.3.1. Envasado as\u00e9ptico.<br \/>\n1.3.2. Envasado con aire.<br \/>\n1.3.3. Envasado al vac\u00edo.<br \/>\n1.3.4. Envasado con atm\u00f3sfera modificada.<br \/>\n1.3.5. Envasado activo.<\/p>\n<p>2. MATERIALES Y PRODUCTOS PARA EL ENVASADO EN LA INDUSTRIA ALIMENTARIA<br \/>\n2.1. Principales tipos y modalidades de envasado de productos alimentarios<br \/>\n2.1.1. Envases met\u00e1licos: aluminio, hojalata. Constituci\u00f3n y propiedades.<br \/>\n2.1.2. Envases de vidrio y cer\u00e1mica: Propiedades. Tipos: frascos, botellas y garrafas.<br \/>\n2.1.3. Envases de papel y cart\u00f3n: Propiedades. Tipos: brik, cartones y papel.<br \/>\n2.1.4. Envases de materiales pl\u00e1sticos y complejos: Naturaleza y propiedades. Tipos: bolsas, bolsas microperforadas, bandejas, flexibles esterilizados, termoformados.<br \/>\n2.1.5. Otros tipos de envases.<br \/>\n2.2. Envolturas diversas.<br \/>\n2.3. Productos y materias de acompa\u00f1amiento y presentaci\u00f3n.<br \/>\n2.4. Recubrimientos y pel\u00edculas comestibles.<br \/>\n2.5. Etiquetas, rotulaci\u00f3n y elementos de identificaci\u00f3n e informaci\u00f3n.<br \/>\n2.6. Requisitos legales de acondicionado de productos.<\/p>\n<p>3. MATERIALES DE EMBALAJE Y EMBASADO<br \/>\n3.1 .Papeles, cartones y pl\u00e1sticos. &#8211; Flejes, cintas y cuerdas.<br \/>\n3.2. Bandejas y otros soportes de embalaje.<br \/>\n3.3. Gomas y colas.<br \/>\n3.4. Aditivos, grapas y sellos.<br \/>\n3.5. Otros materiales auxiliares.<\/p>\n<p>4. DESCRIPCI\u00d3N DE LAS OPERACIONES DE ENVASADO, ACONDICIONADO Y EMBALAJE<br \/>\n4.1. Formaci\u00f3n de envases in-situ.<br \/>\n4.2. Manipulaci\u00f3n y preparaci\u00f3n de envases.<br \/>\n4.3. Limpieza de envases.<br \/>\n4.4. Procedimientos de llenado y dosificaci\u00f3n.<br \/>\n4.5. Tipos o sistemas de cerrado.<br \/>\n4.6. Procedimiento de acondicionado e identificaci\u00f3n.<br \/>\n4.7. Operaciones de envasado, regulaci\u00f3n y manejo.<br \/>\n4.8. Envasado en atm\u00f3sfera modificada.<br \/>\n4.9. Manipulaci\u00f3n y preparaci\u00f3n de materiales de embalaje.<br \/>\n4.10. Procedimientos de empaquetado, retractilado, orientaci\u00f3n y formaci\u00f3n de lotes.<br \/>\n4.11. Rotulaci\u00f3n e identificaci\u00f3n de lotes.<br \/>\n4.12. Paletizaci\u00f3n y movimientos de palets.<br \/>\n4.13. Destino y ubicaci\u00f3n de sobrantes y desechos de envasado, acondicionado y embalaje.<br \/>\n4.14. Anotaciones y registros de consumos y producci\u00f3n.<br \/>\n4.15. Seguridad e higiene en el envasado y embalaje de productos alimentarios.<\/p>\n<p>5. FUNCIONAMIENTO B\u00c1SICO DE LA MAQUINARIA DE ENVASADO, ACONDICIONADO Y EMBALAJE<br \/>\n5.1. Tipos b\u00e1sicos, principales compuestos y funcionamiento del envasado.<br \/>\n5.2. Equipos auxiliares.<br \/>\n5.3. Mantenimiento elemental puesta a punto.<br \/>\n5.4. M\u00e1quinas manuales de envasado y acondicionado. Tipos de cerraduras. M\u00e1quinas autom\u00e1ticas de envasado y acondicionado.<br \/>\n5.5. L\u00edneas automatizadas integrales.<br \/>\n5.6. M\u00e1quinas de embalaje. Tipos b\u00e1sicos, principales compuestos y funcionamiento del embalaje. Equipos auxiliares de embalaje.<br \/>\n5.7. Mantenimiento elemental y puesta a punto. M\u00e1quinas manuales de embalaje.<\/p>\n<\/div>\n<\/div>\n","protected":false},"excerpt":{"rendered":"<p>Identificar los envases y materiales, as\u00ed como aplicar las operaciones autom\u00e1ticas para el envasado, acondicionado y embalaje de productos alimentarios.<\/p>\n","protected":false},"featured_media":4932,"comment_status":"closed","ping_status":"closed","template":"","meta":[],"product_cat":[108],"product_tag":[],"class_list":{"0":"post-4600","1":"product","2":"type-product","3":"status-publish","4":"has-post-thumbnail","6":"product_cat-alimentos-diversos","8":"first","9":"instock","10":"taxable","11":"shipping-taxable","12":"purchasable","13":"product-type-simple"},"yoast_head":"<!-- This site is optimized with the Yoast SEO plugin v23.5 - https:\/\/yoast.com\/wordpress\/plugins\/seo\/ -->\n<title>INAD012PO - Envasado, Acondicionado y Embalaje de Productos Alimentarios (50 horas) - Contenidos Online<\/title>\n<meta name=\"robots\" content=\"index, follow, max-snippet:-1, max-image-preview:large, max-video-preview:-1\" \/>\n<link rel=\"canonical\" href=\"https:\/\/mefp.grupopiquer.com\/inscripciones\/producto\/inad012po-envasado-acondicionado-y-embalaje-de-productos-alimentarios-50-horas\/\" \/>\n<meta property=\"og:locale\" content=\"es_ES\" \/>\n<meta property=\"og:type\" content=\"article\" \/>\n<meta property=\"og:title\" content=\"INAD012PO - Envasado, Acondicionado y Embalaje de Productos Alimentarios (50 horas) - Contenidos Online\" \/>\n<meta property=\"og:description\" content=\"Identificar los envases y materiales, as\u00ed como aplicar las operaciones autom\u00e1ticas para el envasado, acondicionado y embalaje de productos alimentarios.\" \/>\n<meta property=\"og:url\" content=\"https:\/\/mefp.grupopiquer.com\/inscripciones\/producto\/inad012po-envasado-acondicionado-y-embalaje-de-productos-alimentarios-50-horas\/\" \/>\n<meta property=\"og:site_name\" content=\"Contenidos Online\" \/>\n<meta property=\"article:modified_time\" content=\"2023-05-16T11:42:21+00:00\" \/>\n<meta property=\"og:image\" content=\"https:\/\/mefp.grupopiquer.com\/inscripciones\/wp-content\/uploads\/2023\/05\/ICM5U1eBQ_wBr5AJ_PSYu7pXyJBitFfKz-e1683196090992.jpg\" \/>\n\t<meta property=\"og:image:width\" content=\"1680\" \/>\n\t<meta property=\"og:image:height\" content=\"945\" \/>\n\t<meta property=\"og:image:type\" content=\"image\/jpeg\" \/>\n<meta name=\"twitter:card\" content=\"summary_large_image\" \/>\n<meta name=\"twitter:label1\" content=\"Tiempo de lectura\" \/>\n\t<meta name=\"twitter:data1\" content=\"2 minutos\" \/>\n<script type=\"application\/ld+json\" class=\"yoast-schema-graph\">{\"@context\":\"https:\/\/schema.org\",\"@graph\":[{\"@type\":\"WebPage\",\"@id\":\"https:\/\/mefp.grupopiquer.com\/inscripciones\/producto\/inad012po-envasado-acondicionado-y-embalaje-de-productos-alimentarios-50-horas\/\",\"url\":\"https:\/\/mefp.grupopiquer.com\/inscripciones\/producto\/inad012po-envasado-acondicionado-y-embalaje-de-productos-alimentarios-50-horas\/\",\"name\":\"INAD012PO - Envasado, Acondicionado y Embalaje de Productos Alimentarios (50 horas) - Contenidos Online\",\"isPartOf\":{\"@id\":\"https:\/\/mefp.grupopiquer.com\/inscripciones\/#website\"},\"primaryImageOfPage\":{\"@id\":\"https:\/\/mefp.grupopiquer.com\/inscripciones\/producto\/inad012po-envasado-acondicionado-y-embalaje-de-productos-alimentarios-50-horas\/#primaryimage\"},\"image\":{\"@id\":\"https:\/\/mefp.grupopiquer.com\/inscripciones\/producto\/inad012po-envasado-acondicionado-y-embalaje-de-productos-alimentarios-50-horas\/#primaryimage\"},\"thumbnailUrl\":\"https:\/\/mefp.grupopiquer.com\/inscripciones\/wp-content\/uploads\/2023\/05\/ICM5U1eBQ_wBr5AJ_PSYu7pXyJBitFfKz-e1683196090992.jpg\",\"datePublished\":\"2023-05-02T11:13:59+00:00\",\"dateModified\":\"2023-05-16T11:42:21+00:00\",\"breadcrumb\":{\"@id\":\"https:\/\/mefp.grupopiquer.com\/inscripciones\/producto\/inad012po-envasado-acondicionado-y-embalaje-de-productos-alimentarios-50-horas\/#breadcrumb\"},\"inLanguage\":\"es\",\"potentialAction\":[{\"@type\":\"ReadAction\",\"target\":[\"https:\/\/mefp.grupopiquer.com\/inscripciones\/producto\/inad012po-envasado-acondicionado-y-embalaje-de-productos-alimentarios-50-horas\/\"]}]},{\"@type\":\"ImageObject\",\"inLanguage\":\"es\",\"@id\":\"https:\/\/mefp.grupopiquer.com\/inscripciones\/producto\/inad012po-envasado-acondicionado-y-embalaje-de-productos-alimentarios-50-horas\/#primaryimage\",\"url\":\"https:\/\/mefp.grupopiquer.com\/inscripciones\/wp-content\/uploads\/2023\/05\/ICM5U1eBQ_wBr5AJ_PSYu7pXyJBitFfKz-e1683196090992.jpg\",\"contentUrl\":\"https:\/\/mefp.grupopiquer.com\/inscripciones\/wp-content\/uploads\/2023\/05\/ICM5U1eBQ_wBr5AJ_PSYu7pXyJBitFfKz-e1683196090992.jpg\",\"width\":1680,\"height\":945},{\"@type\":\"BreadcrumbList\",\"@id\":\"https:\/\/mefp.grupopiquer.com\/inscripciones\/producto\/inad012po-envasado-acondicionado-y-embalaje-de-productos-alimentarios-50-horas\/#breadcrumb\",\"itemListElement\":[{\"@type\":\"ListItem\",\"position\":1,\"name\":\"Portada\",\"item\":\"https:\/\/mefp.grupopiquer.com\/inscripciones\/\"},{\"@type\":\"ListItem\",\"position\":2,\"name\":\"Tienda\",\"item\":\"https:\/\/mefp.grupopiquer.com\/inscripciones\/tienda\/\"},{\"@type\":\"ListItem\",\"position\":3,\"name\":\"INAD012PO &#8211; Envasado, Acondicionado y Embalaje de Productos Alimentarios (50 horas)\"}]},{\"@type\":\"WebSite\",\"@id\":\"https:\/\/mefp.grupopiquer.com\/inscripciones\/#website\",\"url\":\"https:\/\/mefp.grupopiquer.com\/inscripciones\/\",\"name\":\"Contenidos Online\",\"description\":\"\",\"publisher\":{\"@id\":\"https:\/\/mefp.grupopiquer.com\/inscripciones\/#organization\"},\"potentialAction\":[{\"@type\":\"SearchAction\",\"target\":{\"@type\":\"EntryPoint\",\"urlTemplate\":\"https:\/\/mefp.grupopiquer.com\/inscripciones\/?s={search_term_string}\"},\"query-input\":{\"@type\":\"PropertyValueSpecification\",\"valueRequired\":true,\"valueName\":\"search_term_string\"}}],\"inLanguage\":\"es\"},{\"@type\":\"Organization\",\"@id\":\"https:\/\/mefp.grupopiquer.com\/inscripciones\/#organization\",\"name\":\"Contenidos Online\",\"url\":\"https:\/\/mefp.grupopiquer.com\/inscripciones\/\",\"logo\":{\"@type\":\"ImageObject\",\"inLanguage\":\"es\",\"@id\":\"https:\/\/mefp.grupopiquer.com\/inscripciones\/#\/schema\/logo\/image\/\",\"url\":\"\",\"contentUrl\":\"\",\"caption\":\"Contenidos Online\"},\"image\":{\"@id\":\"https:\/\/mefp.grupopiquer.com\/inscripciones\/#\/schema\/logo\/image\/\"}}]}<\/script>\n<!-- \/ Yoast SEO plugin. -->","yoast_head_json":{"title":"INAD012PO - Envasado, Acondicionado y Embalaje de Productos Alimentarios (50 horas) - Contenidos Online","robots":{"index":"index","follow":"follow","max-snippet":"max-snippet:-1","max-image-preview":"max-image-preview:large","max-video-preview":"max-video-preview:-1"},"canonical":"https:\/\/mefp.grupopiquer.com\/inscripciones\/producto\/inad012po-envasado-acondicionado-y-embalaje-de-productos-alimentarios-50-horas\/","og_locale":"es_ES","og_type":"article","og_title":"INAD012PO - Envasado, Acondicionado y Embalaje de Productos Alimentarios (50 horas) - Contenidos Online","og_description":"Identificar los envases y materiales, as\u00ed como aplicar las operaciones autom\u00e1ticas para el envasado, acondicionado y embalaje de productos alimentarios.","og_url":"https:\/\/mefp.grupopiquer.com\/inscripciones\/producto\/inad012po-envasado-acondicionado-y-embalaje-de-productos-alimentarios-50-horas\/","og_site_name":"Contenidos Online","article_modified_time":"2023-05-16T11:42:21+00:00","og_image":[{"width":1680,"height":945,"url":"https:\/\/mefp.grupopiquer.com\/inscripciones\/wp-content\/uploads\/2023\/05\/ICM5U1eBQ_wBr5AJ_PSYu7pXyJBitFfKz-e1683196090992.jpg","type":"image\/jpeg"}],"twitter_card":"summary_large_image","twitter_misc":{"Tiempo de lectura":"2 minutos"},"schema":{"@context":"https:\/\/schema.org","@graph":[{"@type":"WebPage","@id":"https:\/\/mefp.grupopiquer.com\/inscripciones\/producto\/inad012po-envasado-acondicionado-y-embalaje-de-productos-alimentarios-50-horas\/","url":"https:\/\/mefp.grupopiquer.com\/inscripciones\/producto\/inad012po-envasado-acondicionado-y-embalaje-de-productos-alimentarios-50-horas\/","name":"INAD012PO - Envasado, Acondicionado y Embalaje de Productos Alimentarios (50 horas) - Contenidos Online","isPartOf":{"@id":"https:\/\/mefp.grupopiquer.com\/inscripciones\/#website"},"primaryImageOfPage":{"@id":"https:\/\/mefp.grupopiquer.com\/inscripciones\/producto\/inad012po-envasado-acondicionado-y-embalaje-de-productos-alimentarios-50-horas\/#primaryimage"},"image":{"@id":"https:\/\/mefp.grupopiquer.com\/inscripciones\/producto\/inad012po-envasado-acondicionado-y-embalaje-de-productos-alimentarios-50-horas\/#primaryimage"},"thumbnailUrl":"https:\/\/mefp.grupopiquer.com\/inscripciones\/wp-content\/uploads\/2023\/05\/ICM5U1eBQ_wBr5AJ_PSYu7pXyJBitFfKz-e1683196090992.jpg","datePublished":"2023-05-02T11:13:59+00:00","dateModified":"2023-05-16T11:42:21+00:00","breadcrumb":{"@id":"https:\/\/mefp.grupopiquer.com\/inscripciones\/producto\/inad012po-envasado-acondicionado-y-embalaje-de-productos-alimentarios-50-horas\/#breadcrumb"},"inLanguage":"es","potentialAction":[{"@type":"ReadAction","target":["https:\/\/mefp.grupopiquer.com\/inscripciones\/producto\/inad012po-envasado-acondicionado-y-embalaje-de-productos-alimentarios-50-horas\/"]}]},{"@type":"ImageObject","inLanguage":"es","@id":"https:\/\/mefp.grupopiquer.com\/inscripciones\/producto\/inad012po-envasado-acondicionado-y-embalaje-de-productos-alimentarios-50-horas\/#primaryimage","url":"https:\/\/mefp.grupopiquer.com\/inscripciones\/wp-content\/uploads\/2023\/05\/ICM5U1eBQ_wBr5AJ_PSYu7pXyJBitFfKz-e1683196090992.jpg","contentUrl":"https:\/\/mefp.grupopiquer.com\/inscripciones\/wp-content\/uploads\/2023\/05\/ICM5U1eBQ_wBr5AJ_PSYu7pXyJBitFfKz-e1683196090992.jpg","width":1680,"height":945},{"@type":"BreadcrumbList","@id":"https:\/\/mefp.grupopiquer.com\/inscripciones\/producto\/inad012po-envasado-acondicionado-y-embalaje-de-productos-alimentarios-50-horas\/#breadcrumb","itemListElement":[{"@type":"ListItem","position":1,"name":"Portada","item":"https:\/\/mefp.grupopiquer.com\/inscripciones\/"},{"@type":"ListItem","position":2,"name":"Tienda","item":"https:\/\/mefp.grupopiquer.com\/inscripciones\/tienda\/"},{"@type":"ListItem","position":3,"name":"INAD012PO &#8211; Envasado, Acondicionado y Embalaje de Productos Alimentarios (50 horas)"}]},{"@type":"WebSite","@id":"https:\/\/mefp.grupopiquer.com\/inscripciones\/#website","url":"https:\/\/mefp.grupopiquer.com\/inscripciones\/","name":"Contenidos Online","description":"","publisher":{"@id":"https:\/\/mefp.grupopiquer.com\/inscripciones\/#organization"},"potentialAction":[{"@type":"SearchAction","target":{"@type":"EntryPoint","urlTemplate":"https:\/\/mefp.grupopiquer.com\/inscripciones\/?s={search_term_string}"},"query-input":{"@type":"PropertyValueSpecification","valueRequired":true,"valueName":"search_term_string"}}],"inLanguage":"es"},{"@type":"Organization","@id":"https:\/\/mefp.grupopiquer.com\/inscripciones\/#organization","name":"Contenidos Online","url":"https:\/\/mefp.grupopiquer.com\/inscripciones\/","logo":{"@type":"ImageObject","inLanguage":"es","@id":"https:\/\/mefp.grupopiquer.com\/inscripciones\/#\/schema\/logo\/image\/","url":"","contentUrl":"","caption":"Contenidos Online"},"image":{"@id":"https:\/\/mefp.grupopiquer.com\/inscripciones\/#\/schema\/logo\/image\/"}}]}},"_links":{"self":[{"href":"https:\/\/mefp.grupopiquer.com\/inscripciones\/wp-json\/wp\/v2\/product\/4600"}],"collection":[{"href":"https:\/\/mefp.grupopiquer.com\/inscripciones\/wp-json\/wp\/v2\/product"}],"about":[{"href":"https:\/\/mefp.grupopiquer.com\/inscripciones\/wp-json\/wp\/v2\/types\/product"}],"replies":[{"embeddable":true,"href":"https:\/\/mefp.grupopiquer.com\/inscripciones\/wp-json\/wp\/v2\/comments?post=4600"}],"wp:featuredmedia":[{"embeddable":true,"href":"https:\/\/mefp.grupopiquer.com\/inscripciones\/wp-json\/wp\/v2\/media\/4932"}],"wp:attachment":[{"href":"https:\/\/mefp.grupopiquer.com\/inscripciones\/wp-json\/wp\/v2\/media?parent=4600"}],"wp:term":[{"taxonomy":"product_cat","embeddable":true,"href":"https:\/\/mefp.grupopiquer.com\/inscripciones\/wp-json\/wp\/v2\/product_cat?post=4600"},{"taxonomy":"product_tag","embeddable":true,"href":"https:\/\/mefp.grupopiquer.com\/inscripciones\/wp-json\/wp\/v2\/product_tag?post=4600"}],"curies":[{"name":"wp","href":"https:\/\/api.w.org\/{rel}","templated":true}]}}