{"id":4598,"date":"2023-05-02T11:13:48","date_gmt":"2023-05-02T11:13:48","guid":{"rendered":"https:\/\/mefp.grupopiquer.com\/inscripciones\/producto\/impe009po-personal-shopper-en-comercio-80-horas\/"},"modified":"2023-05-16T11:46:30","modified_gmt":"2023-05-16T11:46:30","slug":"impe009po-personal-shopper-en-comercio-80-horas","status":"publish","type":"product","link":"https:\/\/mefp.grupopiquer.com\/inscripciones\/producto\/impe009po-personal-shopper-en-comercio-80-horas\/","title":{"rendered":"IMPE009PO &#8211; Personal Shopper en Comercio (80 horas)"},"content":{"rendered":"<div id=\"accordion\">\n<h3>OBJETIVOS<\/h3>\n<div>Adquirir conocimientos sobre como potenciar la imagen personal, conociendo las caracter\u00edsticas de cada cliente y aportar la capacidad de combinar colores, tejidos, formas, estilos y tendencias, as\u00ed como diferenciar los tipos de complementos y prendas de vestir femeninas y masculinas. Tambi\u00e9n adecuar la imagen a los distintos tipos de actos, eventos o situaciones y organizar las compras inteligentemente para obtener la m\u00e1xima rentabilidad en el guardarropa.<\/div>\n<h3>CONTENIDOS<\/h3>\n<div>1. \u00bfQU\u00c9 ES LA IMAGEN PERSONAL?<br \/>\n1.1. Conceptos b\u00e1sicos.<br \/>\n1.2. M\u00e9todo de asesoramiento de imagen.<\/p>\n<p>2. CONCEPTOS B\u00c1SICOS DE: ESTILO, ELEGANCIA, SABER ESTAR Y BUENA PRESENCIA<br \/>\n2.1. El estilo.<br \/>\n2.2. La buena presencia.<br \/>\n2.3. Saber estar.<br \/>\n2.4. La elegancia.<\/p>\n<p>3. ICONOLOG\u00cdA DE LA IMAGEN<br \/>\n3.1. Concepto.<br \/>\n3.2. L\u00edneas.<br \/>\n3.3. Formas.<br \/>\n3.4. Los vol\u00famenes.<br \/>\n3.5. Armon\u00eda y contraste.<\/p>\n<p>4. COLOR<br \/>\n4.1. Introducci\u00f3n.<br \/>\n4.2. Propiedades del color.<br \/>\n4.3. Clasificaci\u00f3n del color.<br \/>\n4.4. Simbolog\u00eda y significado del color.<br \/>\n4.5. Armon\u00eda de color.<br \/>\n4.6. Combinaci\u00f3n del color en el vestir.<br \/>\n4.7. Teor\u00eda de las estaciones.<\/p>\n<p>5. TEJIDOS<br \/>\n5.1. Fibras textiles.<br \/>\n5.2. Tipos de tejidos.<\/p>\n<p>6. VISAGISMO. PROPORCI\u00d3N DEL ROSTRO<br \/>\n6.1. Visagismo.<br \/>\n6.2. Rostros femeninos.<br \/>\n6.3. Rostros masculinos.<\/p>\n<p>7. LAS PROPORCIONES DE LA SILUETA<br \/>\n7.1. Silueta femenina.<br \/>\n7.2. Tipos de silueta femenina.<br \/>\n7.3. Silueta masculina.<br \/>\n7.4. Tipos de silueta masculina.<\/p>\n<p>8. INESTETISMOS CORPORALES. C\u00d3MO SACAR PARTIDO A LA FIGURA<br \/>\n8.1. Introducci\u00f3n.<br \/>\n8.2. Desproporciones en la relaci\u00f3n talle, cintura y piernas.<br \/>\n8.3. Inestetismos femeninos.<br \/>\n8.4. Inestetismos masculinos.<\/p>\n<p>9. VALORACI\u00d3N DE LAS PRENDAS DE VESTIR FEMENINAS<br \/>\n9.1. Conceptos b\u00e1sicos.<br \/>\n9.2. Tipos de prendas de vestir femeninas.<\/p>\n<p>10. LOS COMPLEMENTOS FEMENINOS<br \/>\n10.1. Complementos femeninos.<br \/>\n10.2. Zapatos.<br \/>\n10.3. Bolsos.<br \/>\n10.4 cintur\u00f3n.<br \/>\n10.5. Pendientes.<br \/>\n10.6. Collares.<br \/>\n10.7. Anillos.<br \/>\n10.8. Reloj.<br \/>\n10.9. Broche<br \/>\n10.10. Pa\u00f1uelos, pashminas, fulares, bufandas.<br \/>\n10.11. Sombreros.<br \/>\n10.12. Recomendaciones generales.<\/p>\n<p>11. VALORACI\u00d3N DE LAS PRENDAS DE VESTIR MASCULINAS: EL TRAJE<br \/>\n11.1. Estilos de trajes.<br \/>\n11.2. Tipos de cuellos.<br \/>\n11.3. Recomendaciones en el uso del traje.<br \/>\n11.4. Tipos de nudos de corbata.<br \/>\n11.5. El color en la vestimenta masculina.<\/p>\n<p>12. COMPLEMENTOS MASCULINOS<br \/>\n12.1. Introducci\u00f3n.<br \/>\n12.2. Gafas.<br \/>\n12.3. Sombrero.<br \/>\n12.4. Corbata.<br \/>\n12.5. El calzado.<br \/>\n12.6. El cintur\u00f3n.<br \/>\n12.7. Pa\u00f1uelos y bufandas.<br \/>\n12.8. Reloj.<br \/>\n12.9. Los gemelos.<\/p>\n<p>13. ETIQUETA MASCULINA<br \/>\n13.1. Etiqueta masculina.<br \/>\n13.2. Frac.<br \/>\n13.3. Chaqu\u00e9.<br \/>\n13.4. Esmoquin.<br \/>\n13.5. Traje cl\u00e1sico oscuro.<br \/>\n13.6. Recomendaciones.<\/p>\n<p>14. ETIQUETA FEMENINA<br \/>\n14.1. La etiqueta femenina.<br \/>\n14.2. Vestido largo o de noche.<br \/>\n14.3. Vestido corto.<br \/>\n14.4. Vestido c\u00f3ctel.<br \/>\n14.5. Recomendaciones finales.<\/p>\n<p>15. SABER VESTIR EN DISTINTAS OCASIONES<br \/>\n15.1. Introducci\u00f3n.<br \/>\n15.2. Ir a la oficina.<br \/>\n15.3. Ir a una entrevista de trabajo.<br \/>\n15.4. C\u00f3mo vestir en una boda.<br \/>\n15.5. C\u00f3mo vestir para una fiesta.<\/p>\n<p>16. EL GUARDARROPA PERFECTO Y COMPRAS INTELIGENTES<br \/>\n16.1. An\u00e1lisis del armario.<br \/>\n16.2. Fondo de armario y compra inteligente.<br \/>\n16.3. Fondo de armario femenino.<br \/>\n16.4. Fondo de armario masculino.<\/p>\n<\/div>\n<\/div>\n","protected":false},"excerpt":{"rendered":"<p>Adquirir conocimientos sobre como potenciar la imagen personal, conociendo las caracter\u00edsticas de cada cliente y aportar la capacidad de combinar colores, tejidos, formas, estilos y tendencias, as\u00ed como diferenciar los tipos de complementos y prendas de vestir femeninas y masculinas. Tambi\u00e9n adecuar la imagen a los distintos tipos de actos, eventos o situaciones y organizar las compras inteligentemente para obtener la m\u00e1xima rentabilidad en el guardarropa.<\/p>\n","protected":false},"featured_media":4933,"comment_status":"closed","ping_status":"closed","template":"","meta":[],"product_cat":[109],"product_tag":[],"class_list":{"0":"post-4598","1":"product","2":"type-product","3":"status-publish","4":"has-post-thumbnail","6":"product_cat-estetica","8":"first","9":"instock","10":"taxable","11":"shipping-taxable","12":"purchasable","13":"product-type-simple"},"yoast_head":"<!-- This site is optimized with the Yoast SEO plugin v23.5 - https:\/\/yoast.com\/wordpress\/plugins\/seo\/ -->\n<title>IMPE009PO - Personal Shopper en Comercio (80 horas) - Contenidos Online<\/title>\n<meta name=\"robots\" content=\"index, follow, max-snippet:-1, max-image-preview:large, max-video-preview:-1\" \/>\n<link rel=\"canonical\" href=\"https:\/\/mefp.grupopiquer.com\/inscripciones\/producto\/impe009po-personal-shopper-en-comercio-80-horas\/\" \/>\n<meta property=\"og:locale\" content=\"es_ES\" \/>\n<meta property=\"og:type\" content=\"article\" \/>\n<meta property=\"og:title\" content=\"IMPE009PO - Personal Shopper en Comercio (80 horas) - Contenidos Online\" \/>\n<meta property=\"og:description\" content=\"Adquirir conocimientos sobre como potenciar la imagen personal, conociendo las caracter\u00edsticas de cada cliente y aportar la capacidad de combinar colores, tejidos, formas, estilos y tendencias, as\u00ed como diferenciar los tipos de complementos y prendas de vestir femeninas y masculinas. Tambi\u00e9n adecuar la imagen a los distintos tipos de actos, eventos o situaciones y organizar las compras inteligentemente para obtener la m\u00e1xima rentabilidad en el guardarropa.\" \/>\n<meta property=\"og:url\" content=\"https:\/\/mefp.grupopiquer.com\/inscripciones\/producto\/impe009po-personal-shopper-en-comercio-80-horas\/\" \/>\n<meta property=\"og:site_name\" content=\"Contenidos Online\" \/>\n<meta property=\"article:modified_time\" content=\"2023-05-16T11:46:30+00:00\" \/>\n<meta property=\"og:image\" content=\"https:\/\/mefp.grupopiquer.com\/inscripciones\/wp-content\/uploads\/2023\/05\/h8L2RW3ipUmWOOqK_pcLXx3uy5eQ10uuH-e1683196276366.jpg\" \/>\n\t<meta property=\"og:image:width\" content=\"1200\" \/>\n\t<meta property=\"og:image:height\" content=\"675\" \/>\n\t<meta property=\"og:image:type\" content=\"image\/jpeg\" \/>\n<meta name=\"twitter:card\" content=\"summary_large_image\" \/>\n<meta name=\"twitter:label1\" content=\"Tiempo de lectura\" \/>\n\t<meta name=\"twitter:data1\" content=\"3 minutos\" \/>\n<script type=\"application\/ld+json\" class=\"yoast-schema-graph\">{\"@context\":\"https:\/\/schema.org\",\"@graph\":[{\"@type\":\"WebPage\",\"@id\":\"https:\/\/mefp.grupopiquer.com\/inscripciones\/producto\/impe009po-personal-shopper-en-comercio-80-horas\/\",\"url\":\"https:\/\/mefp.grupopiquer.com\/inscripciones\/producto\/impe009po-personal-shopper-en-comercio-80-horas\/\",\"name\":\"IMPE009PO - Personal Shopper en Comercio (80 horas) - Contenidos Online\",\"isPartOf\":{\"@id\":\"https:\/\/mefp.grupopiquer.com\/inscripciones\/#website\"},\"primaryImageOfPage\":{\"@id\":\"https:\/\/mefp.grupopiquer.com\/inscripciones\/producto\/impe009po-personal-shopper-en-comercio-80-horas\/#primaryimage\"},\"image\":{\"@id\":\"https:\/\/mefp.grupopiquer.com\/inscripciones\/producto\/impe009po-personal-shopper-en-comercio-80-horas\/#primaryimage\"},\"thumbnailUrl\":\"https:\/\/mefp.grupopiquer.com\/inscripciones\/wp-content\/uploads\/2023\/05\/h8L2RW3ipUmWOOqK_pcLXx3uy5eQ10uuH-e1683196276366.jpg\",\"datePublished\":\"2023-05-02T11:13:48+00:00\",\"dateModified\":\"2023-05-16T11:46:30+00:00\",\"breadcrumb\":{\"@id\":\"https:\/\/mefp.grupopiquer.com\/inscripciones\/producto\/impe009po-personal-shopper-en-comercio-80-horas\/#breadcrumb\"},\"inLanguage\":\"es\",\"potentialAction\":[{\"@type\":\"ReadAction\",\"target\":[\"https:\/\/mefp.grupopiquer.com\/inscripciones\/producto\/impe009po-personal-shopper-en-comercio-80-horas\/\"]}]},{\"@type\":\"ImageObject\",\"inLanguage\":\"es\",\"@id\":\"https:\/\/mefp.grupopiquer.com\/inscripciones\/producto\/impe009po-personal-shopper-en-comercio-80-horas\/#primaryimage\",\"url\":\"https:\/\/mefp.grupopiquer.com\/inscripciones\/wp-content\/uploads\/2023\/05\/h8L2RW3ipUmWOOqK_pcLXx3uy5eQ10uuH-e1683196276366.jpg\",\"contentUrl\":\"https:\/\/mefp.grupopiquer.com\/inscripciones\/wp-content\/uploads\/2023\/05\/h8L2RW3ipUmWOOqK_pcLXx3uy5eQ10uuH-e1683196276366.jpg\",\"width\":1200,\"height\":675},{\"@type\":\"BreadcrumbList\",\"@id\":\"https:\/\/mefp.grupopiquer.com\/inscripciones\/producto\/impe009po-personal-shopper-en-comercio-80-horas\/#breadcrumb\",\"itemListElement\":[{\"@type\":\"ListItem\",\"position\":1,\"name\":\"Portada\",\"item\":\"https:\/\/mefp.grupopiquer.com\/inscripciones\/\"},{\"@type\":\"ListItem\",\"position\":2,\"name\":\"Tienda\",\"item\":\"https:\/\/mefp.grupopiquer.com\/inscripciones\/tienda\/\"},{\"@type\":\"ListItem\",\"position\":3,\"name\":\"IMPE009PO &#8211; Personal Shopper en Comercio (80 horas)\"}]},{\"@type\":\"WebSite\",\"@id\":\"https:\/\/mefp.grupopiquer.com\/inscripciones\/#website\",\"url\":\"https:\/\/mefp.grupopiquer.com\/inscripciones\/\",\"name\":\"Contenidos Online\",\"description\":\"\",\"publisher\":{\"@id\":\"https:\/\/mefp.grupopiquer.com\/inscripciones\/#organization\"},\"potentialAction\":[{\"@type\":\"SearchAction\",\"target\":{\"@type\":\"EntryPoint\",\"urlTemplate\":\"https:\/\/mefp.grupopiquer.com\/inscripciones\/?s={search_term_string}\"},\"query-input\":{\"@type\":\"PropertyValueSpecification\",\"valueRequired\":true,\"valueName\":\"search_term_string\"}}],\"inLanguage\":\"es\"},{\"@type\":\"Organization\",\"@id\":\"https:\/\/mefp.grupopiquer.com\/inscripciones\/#organization\",\"name\":\"Contenidos Online\",\"url\":\"https:\/\/mefp.grupopiquer.com\/inscripciones\/\",\"logo\":{\"@type\":\"ImageObject\",\"inLanguage\":\"es\",\"@id\":\"https:\/\/mefp.grupopiquer.com\/inscripciones\/#\/schema\/logo\/image\/\",\"url\":\"\",\"contentUrl\":\"\",\"caption\":\"Contenidos Online\"},\"image\":{\"@id\":\"https:\/\/mefp.grupopiquer.com\/inscripciones\/#\/schema\/logo\/image\/\"}}]}<\/script>\n<!-- \/ Yoast SEO plugin. -->","yoast_head_json":{"title":"IMPE009PO - Personal Shopper en Comercio (80 horas) - Contenidos Online","robots":{"index":"index","follow":"follow","max-snippet":"max-snippet:-1","max-image-preview":"max-image-preview:large","max-video-preview":"max-video-preview:-1"},"canonical":"https:\/\/mefp.grupopiquer.com\/inscripciones\/producto\/impe009po-personal-shopper-en-comercio-80-horas\/","og_locale":"es_ES","og_type":"article","og_title":"IMPE009PO - Personal Shopper en Comercio (80 horas) - Contenidos Online","og_description":"Adquirir conocimientos sobre como potenciar la imagen personal, conociendo las caracter\u00edsticas de cada cliente y aportar la capacidad de combinar colores, tejidos, formas, estilos y tendencias, as\u00ed como diferenciar los tipos de complementos y prendas de vestir femeninas y masculinas. Tambi\u00e9n adecuar la imagen a los distintos tipos de actos, eventos o situaciones y organizar las compras inteligentemente para obtener la m\u00e1xima rentabilidad en el guardarropa.","og_url":"https:\/\/mefp.grupopiquer.com\/inscripciones\/producto\/impe009po-personal-shopper-en-comercio-80-horas\/","og_site_name":"Contenidos Online","article_modified_time":"2023-05-16T11:46:30+00:00","og_image":[{"width":1200,"height":675,"url":"https:\/\/mefp.grupopiquer.com\/inscripciones\/wp-content\/uploads\/2023\/05\/h8L2RW3ipUmWOOqK_pcLXx3uy5eQ10uuH-e1683196276366.jpg","type":"image\/jpeg"}],"twitter_card":"summary_large_image","twitter_misc":{"Tiempo de lectura":"3 minutos"},"schema":{"@context":"https:\/\/schema.org","@graph":[{"@type":"WebPage","@id":"https:\/\/mefp.grupopiquer.com\/inscripciones\/producto\/impe009po-personal-shopper-en-comercio-80-horas\/","url":"https:\/\/mefp.grupopiquer.com\/inscripciones\/producto\/impe009po-personal-shopper-en-comercio-80-horas\/","name":"IMPE009PO - Personal Shopper en Comercio (80 horas) - Contenidos Online","isPartOf":{"@id":"https:\/\/mefp.grupopiquer.com\/inscripciones\/#website"},"primaryImageOfPage":{"@id":"https:\/\/mefp.grupopiquer.com\/inscripciones\/producto\/impe009po-personal-shopper-en-comercio-80-horas\/#primaryimage"},"image":{"@id":"https:\/\/mefp.grupopiquer.com\/inscripciones\/producto\/impe009po-personal-shopper-en-comercio-80-horas\/#primaryimage"},"thumbnailUrl":"https:\/\/mefp.grupopiquer.com\/inscripciones\/wp-content\/uploads\/2023\/05\/h8L2RW3ipUmWOOqK_pcLXx3uy5eQ10uuH-e1683196276366.jpg","datePublished":"2023-05-02T11:13:48+00:00","dateModified":"2023-05-16T11:46:30+00:00","breadcrumb":{"@id":"https:\/\/mefp.grupopiquer.com\/inscripciones\/producto\/impe009po-personal-shopper-en-comercio-80-horas\/#breadcrumb"},"inLanguage":"es","potentialAction":[{"@type":"ReadAction","target":["https:\/\/mefp.grupopiquer.com\/inscripciones\/producto\/impe009po-personal-shopper-en-comercio-80-horas\/"]}]},{"@type":"ImageObject","inLanguage":"es","@id":"https:\/\/mefp.grupopiquer.com\/inscripciones\/producto\/impe009po-personal-shopper-en-comercio-80-horas\/#primaryimage","url":"https:\/\/mefp.grupopiquer.com\/inscripciones\/wp-content\/uploads\/2023\/05\/h8L2RW3ipUmWOOqK_pcLXx3uy5eQ10uuH-e1683196276366.jpg","contentUrl":"https:\/\/mefp.grupopiquer.com\/inscripciones\/wp-content\/uploads\/2023\/05\/h8L2RW3ipUmWOOqK_pcLXx3uy5eQ10uuH-e1683196276366.jpg","width":1200,"height":675},{"@type":"BreadcrumbList","@id":"https:\/\/mefp.grupopiquer.com\/inscripciones\/producto\/impe009po-personal-shopper-en-comercio-80-horas\/#breadcrumb","itemListElement":[{"@type":"ListItem","position":1,"name":"Portada","item":"https:\/\/mefp.grupopiquer.com\/inscripciones\/"},{"@type":"ListItem","position":2,"name":"Tienda","item":"https:\/\/mefp.grupopiquer.com\/inscripciones\/tienda\/"},{"@type":"ListItem","position":3,"name":"IMPE009PO &#8211; Personal Shopper en Comercio (80 horas)"}]},{"@type":"WebSite","@id":"https:\/\/mefp.grupopiquer.com\/inscripciones\/#website","url":"https:\/\/mefp.grupopiquer.com\/inscripciones\/","name":"Contenidos Online","description":"","publisher":{"@id":"https:\/\/mefp.grupopiquer.com\/inscripciones\/#organization"},"potentialAction":[{"@type":"SearchAction","target":{"@type":"EntryPoint","urlTemplate":"https:\/\/mefp.grupopiquer.com\/inscripciones\/?s={search_term_string}"},"query-input":{"@type":"PropertyValueSpecification","valueRequired":true,"valueName":"search_term_string"}}],"inLanguage":"es"},{"@type":"Organization","@id":"https:\/\/mefp.grupopiquer.com\/inscripciones\/#organization","name":"Contenidos Online","url":"https:\/\/mefp.grupopiquer.com\/inscripciones\/","logo":{"@type":"ImageObject","inLanguage":"es","@id":"https:\/\/mefp.grupopiquer.com\/inscripciones\/#\/schema\/logo\/image\/","url":"","contentUrl":"","caption":"Contenidos Online"},"image":{"@id":"https:\/\/mefp.grupopiquer.com\/inscripciones\/#\/schema\/logo\/image\/"}}]}},"_links":{"self":[{"href":"https:\/\/mefp.grupopiquer.com\/inscripciones\/wp-json\/wp\/v2\/product\/4598"}],"collection":[{"href":"https:\/\/mefp.grupopiquer.com\/inscripciones\/wp-json\/wp\/v2\/product"}],"about":[{"href":"https:\/\/mefp.grupopiquer.com\/inscripciones\/wp-json\/wp\/v2\/types\/product"}],"replies":[{"embeddable":true,"href":"https:\/\/mefp.grupopiquer.com\/inscripciones\/wp-json\/wp\/v2\/comments?post=4598"}],"wp:featuredmedia":[{"embeddable":true,"href":"https:\/\/mefp.grupopiquer.com\/inscripciones\/wp-json\/wp\/v2\/media\/4933"}],"wp:attachment":[{"href":"https:\/\/mefp.grupopiquer.com\/inscripciones\/wp-json\/wp\/v2\/media?parent=4598"}],"wp:term":[{"taxonomy":"product_cat","embeddable":true,"href":"https:\/\/mefp.grupopiquer.com\/inscripciones\/wp-json\/wp\/v2\/product_cat?post=4598"},{"taxonomy":"product_tag","embeddable":true,"href":"https:\/\/mefp.grupopiquer.com\/inscripciones\/wp-json\/wp\/v2\/product_tag?post=4598"}],"curies":[{"name":"wp","href":"https:\/\/api.w.org\/{rel}","templated":true}]}}