{"id":4596,"date":"2023-05-02T11:13:38","date_gmt":"2023-05-02T11:13:38","guid":{"rendered":"https:\/\/mefp.grupopiquer.com\/inscripciones\/producto\/ifct46-competencias-digitales-avanzadas-60-horas\/"},"modified":"2023-05-16T11:47:26","modified_gmt":"2023-05-16T11:47:26","slug":"ifct46-competencias-digitales-avanzadas-60-horas","status":"publish","type":"product","link":"https:\/\/mefp.grupopiquer.com\/inscripciones\/producto\/ifct46-competencias-digitales-avanzadas-60-horas\/","title":{"rendered":"IFCT46 &#8211; Competencias Digitales Avanzadas (60 horas)"},"content":{"rendered":"<div id=\"accordion\">\n<h3>OBJETIVOS<\/h3>\n<div>Adquirir las competencias digitales avanzadas que permitan \u201caprovechar la riqueza de las nuevas posibilidades asociadas a las tecnolog\u00edas digitales\u201d de acuerdo con Recomendaci\u00f3n 2006\/962\/CE del Parlamento Europeo y del Consejo sobre las competencias clave para el aprendizaje permanente.<\/div>\n<h3>CONTENIDOS<\/h3>\n<div>1. CONFIGURACI\u00d3N B\u00c1SICA DEL SISTEMA OPERATIVO<br \/>\n1.1. Actualizaciones autom\u00e1ticas.<br \/>\n1.2. Instalaci\u00f3n de nuevos programas.<br \/>\n1.3. Instalaci\u00f3n de drivers de perif\u00e9ricos.<br \/>\n1.4. Instalaci\u00f3n de certificados digitales.<br \/>\n1.5. Configuraci\u00f3n de redes de datos.<\/p>\n<p>2. TRATAMIENTO DE LA INFORMACI\u00d3N<br \/>\n2.1. T\u00e9cnicas avanzadas de b\u00fasqueda.<br \/>\n2.1.1. Operadores de b\u00fasqueda en buscadores.<br \/>\n2.1.2. Otras fuentes de informaci\u00f3n.<br \/>\n2.2. Curaci\u00f3n de contenidos.<br \/>\n2.2.1. T\u00e9cnicas de detecci\u00f3n de veracidad de la informaci\u00f3n.<br \/>\n2.2.2. Fuentes de contenidos digitales abiertos.<br \/>\n2.3. Almacenamiento de contenido en la nube. (Dropbox, Google Drive, OneDrive de Microsoft).<\/p>\n<p>3. COMUNICACI\u00d3N<br \/>\n3.1. Compartir informaci\u00f3n.<br \/>\n3.1.1. Foros, Wikis, etc.<br \/>\n3.1.2. Uso b\u00e1sico de redes sociales como medio de comunicaci\u00f3n.<br \/>\n3.2. Comunicaci\u00f3n mediante tecnolog\u00edas digitales.<br \/>\n3.2.1. Comunicaci\u00f3n textual: chats, sistemas de mensajer\u00eda, etc.<br \/>\n3.2.2. Comunicaci\u00f3n audiovisual: videoconferencia (Skype, Google Hangouts, etc).<br \/>\n3.2.3. Herramientas colaborativas.<br \/>\n3.3. Normas de conducta y peligros.<br \/>\n3.3.1. Ciberacoso.<br \/>\n3.3.2. Suplantaci\u00f3n de identidad.<\/p>\n<p>4. CREACI\u00d3N DEL CONTENIDO<br \/>\n4.1. Herramientas ofim\u00e1ticas (hoja de c\u00e1lculo y base de datos).<br \/>\n4.2. Retoque b\u00e1sico de im\u00e1genes.<br \/>\n4.3. Derechos de autor y licencias.<\/p>\n<p>5. SEGURIDAD<br \/>\n5.1. Protecci\u00f3n del ordenador.<br \/>\n5.1.1. Antivirus.<br \/>\n5.1.2. Antimalware.<br \/>\n5.1.3. Firewall.<br \/>\n5.2. Protecci\u00f3n del dispositivo m\u00f3vil.<br \/>\n5.3. Protecci\u00f3n de la red de datos.<\/p>\n<p>6. RESOLUCI\u00d3N DE PROBLEMAS<br \/>\n6.1. Detecci\u00f3n y eliminaci\u00f3n de virus y troyanos.<\/p>\n<\/div>\n<\/div>\n","protected":false},"excerpt":{"rendered":"<p>Adquirir las competencias digitales avanzadas que permitan \u201caprovechar la riqueza de las nuevas posibilidades asociadas a las tecnolog\u00edas digitales\u201d de acuerdo con Recomendaci\u00f3n 2006\/962\/CE del Parlamento Europeo y del Consejo sobre las competencias clave para el aprendizaje permanente.<\/p>\n","protected":false},"featured_media":4934,"comment_status":"closed","ping_status":"closed","template":"","meta":[],"product_cat":[110],"product_tag":[],"class_list":{"0":"post-4596","1":"product","2":"type-product","3":"status-publish","4":"has-post-thumbnail","6":"product_cat-sistemas-y-telematica","8":"first","9":"instock","10":"taxable","11":"shipping-taxable","12":"purchasable","13":"product-type-simple"},"yoast_head":"<!-- This site is optimized with the Yoast SEO plugin v23.5 - https:\/\/yoast.com\/wordpress\/plugins\/seo\/ -->\n<title>IFCT46 - Competencias Digitales Avanzadas (60 horas) - Contenidos Online<\/title>\n<meta name=\"robots\" content=\"index, follow, max-snippet:-1, max-image-preview:large, max-video-preview:-1\" \/>\n<link rel=\"canonical\" href=\"https:\/\/mefp.grupopiquer.com\/inscripciones\/producto\/ifct46-competencias-digitales-avanzadas-60-horas\/\" \/>\n<meta property=\"og:locale\" content=\"es_ES\" \/>\n<meta property=\"og:type\" content=\"article\" \/>\n<meta property=\"og:title\" content=\"IFCT46 - Competencias Digitales Avanzadas (60 horas) - Contenidos Online\" \/>\n<meta property=\"og:description\" content=\"Adquirir las competencias digitales avanzadas que permitan \u201caprovechar la riqueza de las nuevas posibilidades asociadas a las tecnolog\u00edas digitales\u201d de acuerdo con Recomendaci\u00f3n 2006\/962\/CE del Parlamento Europeo y del Consejo sobre las competencias clave para el aprendizaje permanente.\" \/>\n<meta property=\"og:url\" content=\"https:\/\/mefp.grupopiquer.com\/inscripciones\/producto\/ifct46-competencias-digitales-avanzadas-60-horas\/\" \/>\n<meta property=\"og:site_name\" content=\"Contenidos Online\" \/>\n<meta property=\"article:modified_time\" content=\"2023-05-16T11:47:26+00:00\" \/>\n<meta property=\"og:image\" content=\"https:\/\/mefp.grupopiquer.com\/inscripciones\/wp-content\/uploads\/2023\/05\/hands-820272_1920-1-e1683196445349.jpg\" \/>\n\t<meta property=\"og:image:width\" content=\"1920\" \/>\n\t<meta property=\"og:image:height\" content=\"1080\" \/>\n\t<meta property=\"og:image:type\" content=\"image\/jpeg\" \/>\n<meta name=\"twitter:card\" content=\"summary_large_image\" \/>\n<meta name=\"twitter:label1\" content=\"Tiempo de lectura\" \/>\n\t<meta name=\"twitter:data1\" content=\"2 minutos\" \/>\n<script type=\"application\/ld+json\" class=\"yoast-schema-graph\">{\"@context\":\"https:\/\/schema.org\",\"@graph\":[{\"@type\":\"WebPage\",\"@id\":\"https:\/\/mefp.grupopiquer.com\/inscripciones\/producto\/ifct46-competencias-digitales-avanzadas-60-horas\/\",\"url\":\"https:\/\/mefp.grupopiquer.com\/inscripciones\/producto\/ifct46-competencias-digitales-avanzadas-60-horas\/\",\"name\":\"IFCT46 - Competencias Digitales Avanzadas (60 horas) - Contenidos Online\",\"isPartOf\":{\"@id\":\"https:\/\/mefp.grupopiquer.com\/inscripciones\/#website\"},\"primaryImageOfPage\":{\"@id\":\"https:\/\/mefp.grupopiquer.com\/inscripciones\/producto\/ifct46-competencias-digitales-avanzadas-60-horas\/#primaryimage\"},\"image\":{\"@id\":\"https:\/\/mefp.grupopiquer.com\/inscripciones\/producto\/ifct46-competencias-digitales-avanzadas-60-horas\/#primaryimage\"},\"thumbnailUrl\":\"https:\/\/mefp.grupopiquer.com\/inscripciones\/wp-content\/uploads\/2023\/05\/hands-820272_1920-1-e1683196445349.jpg\",\"datePublished\":\"2023-05-02T11:13:38+00:00\",\"dateModified\":\"2023-05-16T11:47:26+00:00\",\"breadcrumb\":{\"@id\":\"https:\/\/mefp.grupopiquer.com\/inscripciones\/producto\/ifct46-competencias-digitales-avanzadas-60-horas\/#breadcrumb\"},\"inLanguage\":\"es\",\"potentialAction\":[{\"@type\":\"ReadAction\",\"target\":[\"https:\/\/mefp.grupopiquer.com\/inscripciones\/producto\/ifct46-competencias-digitales-avanzadas-60-horas\/\"]}]},{\"@type\":\"ImageObject\",\"inLanguage\":\"es\",\"@id\":\"https:\/\/mefp.grupopiquer.com\/inscripciones\/producto\/ifct46-competencias-digitales-avanzadas-60-horas\/#primaryimage\",\"url\":\"https:\/\/mefp.grupopiquer.com\/inscripciones\/wp-content\/uploads\/2023\/05\/hands-820272_1920-1-e1683196445349.jpg\",\"contentUrl\":\"https:\/\/mefp.grupopiquer.com\/inscripciones\/wp-content\/uploads\/2023\/05\/hands-820272_1920-1-e1683196445349.jpg\",\"width\":1920,\"height\":1080},{\"@type\":\"BreadcrumbList\",\"@id\":\"https:\/\/mefp.grupopiquer.com\/inscripciones\/producto\/ifct46-competencias-digitales-avanzadas-60-horas\/#breadcrumb\",\"itemListElement\":[{\"@type\":\"ListItem\",\"position\":1,\"name\":\"Portada\",\"item\":\"https:\/\/mefp.grupopiquer.com\/inscripciones\/\"},{\"@type\":\"ListItem\",\"position\":2,\"name\":\"Tienda\",\"item\":\"https:\/\/mefp.grupopiquer.com\/inscripciones\/tienda\/\"},{\"@type\":\"ListItem\",\"position\":3,\"name\":\"IFCT46 &#8211; Competencias Digitales Avanzadas (60 horas)\"}]},{\"@type\":\"WebSite\",\"@id\":\"https:\/\/mefp.grupopiquer.com\/inscripciones\/#website\",\"url\":\"https:\/\/mefp.grupopiquer.com\/inscripciones\/\",\"name\":\"Contenidos Online\",\"description\":\"\",\"publisher\":{\"@id\":\"https:\/\/mefp.grupopiquer.com\/inscripciones\/#organization\"},\"potentialAction\":[{\"@type\":\"SearchAction\",\"target\":{\"@type\":\"EntryPoint\",\"urlTemplate\":\"https:\/\/mefp.grupopiquer.com\/inscripciones\/?s={search_term_string}\"},\"query-input\":{\"@type\":\"PropertyValueSpecification\",\"valueRequired\":true,\"valueName\":\"search_term_string\"}}],\"inLanguage\":\"es\"},{\"@type\":\"Organization\",\"@id\":\"https:\/\/mefp.grupopiquer.com\/inscripciones\/#organization\",\"name\":\"Contenidos Online\",\"url\":\"https:\/\/mefp.grupopiquer.com\/inscripciones\/\",\"logo\":{\"@type\":\"ImageObject\",\"inLanguage\":\"es\",\"@id\":\"https:\/\/mefp.grupopiquer.com\/inscripciones\/#\/schema\/logo\/image\/\",\"url\":\"\",\"contentUrl\":\"\",\"caption\":\"Contenidos Online\"},\"image\":{\"@id\":\"https:\/\/mefp.grupopiquer.com\/inscripciones\/#\/schema\/logo\/image\/\"}}]}<\/script>\n<!-- \/ Yoast SEO plugin. -->","yoast_head_json":{"title":"IFCT46 - Competencias Digitales Avanzadas (60 horas) - Contenidos Online","robots":{"index":"index","follow":"follow","max-snippet":"max-snippet:-1","max-image-preview":"max-image-preview:large","max-video-preview":"max-video-preview:-1"},"canonical":"https:\/\/mefp.grupopiquer.com\/inscripciones\/producto\/ifct46-competencias-digitales-avanzadas-60-horas\/","og_locale":"es_ES","og_type":"article","og_title":"IFCT46 - Competencias Digitales Avanzadas (60 horas) - Contenidos Online","og_description":"Adquirir las competencias digitales avanzadas que permitan \u201caprovechar la riqueza de las nuevas posibilidades asociadas a las tecnolog\u00edas digitales\u201d de acuerdo con Recomendaci\u00f3n 2006\/962\/CE del Parlamento Europeo y del Consejo sobre las competencias clave para el aprendizaje permanente.","og_url":"https:\/\/mefp.grupopiquer.com\/inscripciones\/producto\/ifct46-competencias-digitales-avanzadas-60-horas\/","og_site_name":"Contenidos Online","article_modified_time":"2023-05-16T11:47:26+00:00","og_image":[{"width":1920,"height":1080,"url":"https:\/\/mefp.grupopiquer.com\/inscripciones\/wp-content\/uploads\/2023\/05\/hands-820272_1920-1-e1683196445349.jpg","type":"image\/jpeg"}],"twitter_card":"summary_large_image","twitter_misc":{"Tiempo de lectura":"2 minutos"},"schema":{"@context":"https:\/\/schema.org","@graph":[{"@type":"WebPage","@id":"https:\/\/mefp.grupopiquer.com\/inscripciones\/producto\/ifct46-competencias-digitales-avanzadas-60-horas\/","url":"https:\/\/mefp.grupopiquer.com\/inscripciones\/producto\/ifct46-competencias-digitales-avanzadas-60-horas\/","name":"IFCT46 - Competencias Digitales Avanzadas (60 horas) - Contenidos Online","isPartOf":{"@id":"https:\/\/mefp.grupopiquer.com\/inscripciones\/#website"},"primaryImageOfPage":{"@id":"https:\/\/mefp.grupopiquer.com\/inscripciones\/producto\/ifct46-competencias-digitales-avanzadas-60-horas\/#primaryimage"},"image":{"@id":"https:\/\/mefp.grupopiquer.com\/inscripciones\/producto\/ifct46-competencias-digitales-avanzadas-60-horas\/#primaryimage"},"thumbnailUrl":"https:\/\/mefp.grupopiquer.com\/inscripciones\/wp-content\/uploads\/2023\/05\/hands-820272_1920-1-e1683196445349.jpg","datePublished":"2023-05-02T11:13:38+00:00","dateModified":"2023-05-16T11:47:26+00:00","breadcrumb":{"@id":"https:\/\/mefp.grupopiquer.com\/inscripciones\/producto\/ifct46-competencias-digitales-avanzadas-60-horas\/#breadcrumb"},"inLanguage":"es","potentialAction":[{"@type":"ReadAction","target":["https:\/\/mefp.grupopiquer.com\/inscripciones\/producto\/ifct46-competencias-digitales-avanzadas-60-horas\/"]}]},{"@type":"ImageObject","inLanguage":"es","@id":"https:\/\/mefp.grupopiquer.com\/inscripciones\/producto\/ifct46-competencias-digitales-avanzadas-60-horas\/#primaryimage","url":"https:\/\/mefp.grupopiquer.com\/inscripciones\/wp-content\/uploads\/2023\/05\/hands-820272_1920-1-e1683196445349.jpg","contentUrl":"https:\/\/mefp.grupopiquer.com\/inscripciones\/wp-content\/uploads\/2023\/05\/hands-820272_1920-1-e1683196445349.jpg","width":1920,"height":1080},{"@type":"BreadcrumbList","@id":"https:\/\/mefp.grupopiquer.com\/inscripciones\/producto\/ifct46-competencias-digitales-avanzadas-60-horas\/#breadcrumb","itemListElement":[{"@type":"ListItem","position":1,"name":"Portada","item":"https:\/\/mefp.grupopiquer.com\/inscripciones\/"},{"@type":"ListItem","position":2,"name":"Tienda","item":"https:\/\/mefp.grupopiquer.com\/inscripciones\/tienda\/"},{"@type":"ListItem","position":3,"name":"IFCT46 &#8211; Competencias Digitales Avanzadas (60 horas)"}]},{"@type":"WebSite","@id":"https:\/\/mefp.grupopiquer.com\/inscripciones\/#website","url":"https:\/\/mefp.grupopiquer.com\/inscripciones\/","name":"Contenidos Online","description":"","publisher":{"@id":"https:\/\/mefp.grupopiquer.com\/inscripciones\/#organization"},"potentialAction":[{"@type":"SearchAction","target":{"@type":"EntryPoint","urlTemplate":"https:\/\/mefp.grupopiquer.com\/inscripciones\/?s={search_term_string}"},"query-input":{"@type":"PropertyValueSpecification","valueRequired":true,"valueName":"search_term_string"}}],"inLanguage":"es"},{"@type":"Organization","@id":"https:\/\/mefp.grupopiquer.com\/inscripciones\/#organization","name":"Contenidos Online","url":"https:\/\/mefp.grupopiquer.com\/inscripciones\/","logo":{"@type":"ImageObject","inLanguage":"es","@id":"https:\/\/mefp.grupopiquer.com\/inscripciones\/#\/schema\/logo\/image\/","url":"","contentUrl":"","caption":"Contenidos Online"},"image":{"@id":"https:\/\/mefp.grupopiquer.com\/inscripciones\/#\/schema\/logo\/image\/"}}]}},"_links":{"self":[{"href":"https:\/\/mefp.grupopiquer.com\/inscripciones\/wp-json\/wp\/v2\/product\/4596"}],"collection":[{"href":"https:\/\/mefp.grupopiquer.com\/inscripciones\/wp-json\/wp\/v2\/product"}],"about":[{"href":"https:\/\/mefp.grupopiquer.com\/inscripciones\/wp-json\/wp\/v2\/types\/product"}],"replies":[{"embeddable":true,"href":"https:\/\/mefp.grupopiquer.com\/inscripciones\/wp-json\/wp\/v2\/comments?post=4596"}],"wp:featuredmedia":[{"embeddable":true,"href":"https:\/\/mefp.grupopiquer.com\/inscripciones\/wp-json\/wp\/v2\/media\/4934"}],"wp:attachment":[{"href":"https:\/\/mefp.grupopiquer.com\/inscripciones\/wp-json\/wp\/v2\/media?parent=4596"}],"wp:term":[{"taxonomy":"product_cat","embeddable":true,"href":"https:\/\/mefp.grupopiquer.com\/inscripciones\/wp-json\/wp\/v2\/product_cat?post=4596"},{"taxonomy":"product_tag","embeddable":true,"href":"https:\/\/mefp.grupopiquer.com\/inscripciones\/wp-json\/wp\/v2\/product_tag?post=4596"}],"curies":[{"name":"wp","href":"https:\/\/api.w.org\/{rel}","templated":true}]}}