{"id":4594,"date":"2023-05-02T11:13:32","date_gmt":"2023-05-02T11:13:32","guid":{"rendered":"https:\/\/mefp.grupopiquer.com\/inscripciones\/producto\/ifct45-competencias-digitales-basicas-60-horas\/"},"modified":"2024-02-15T16:11:34","modified_gmt":"2024-02-15T16:11:34","slug":"ifct45-competencias-digitales-basicas-60-horas","status":"publish","type":"product","link":"https:\/\/mefp.grupopiquer.com\/inscripciones\/producto\/ifct45-competencias-digitales-basicas-60-horas\/","title":{"rendered":"IFCT45 &#8211; Competencias Digitales B\u00e1sicas (60 horas)"},"content":{"rendered":"<div id=\"accordion\">\n<h3>OBJETIVOS<\/h3>\n<div>Adquirir las competencias digitales b\u00e1sicas que permitan \u201caprovechar la riqueza de las nuevas posibilidades asociadas a las tecnolog\u00edas digitales\u201d de acuerdo con Recomendaci\u00f3n 2006\/962\/CE del Parlamento Europeo y del Consejo sobre las competencias clave para el aprendizaje permanente.<\/div>\n<h3>CONTENIDOS<\/h3>\n<div>1. USO B\u00c1SICO DEL SISTEMA OPERATIVO<br \/>\n1.1. Diferentes versiones y sistemas operativos disponibles.<br \/>\n1.2. Inicio, apagado e hibernaci\u00f3n.<br \/>\n1.3. Programas b\u00e1sicos (navegador, explorador de archivos, visor de im\u00e1genes,\u2026).<br \/>\n1.4. Gesti\u00f3n de archivos y carpetas.2. TRATAMIENTO DE LA INFORMACI\u00d3N<br \/>\n2.1. Navegaci\u00f3n.<br \/>\n2.1.1. Diferentes navegadores.<br \/>\n2.1.2. Utilizaci\u00f3n (Pesta\u00f1as, historial y favoritos)<br \/>\n2.1.3. Configuraci\u00f3n b\u00e1sica. (P\u00e1gina de inicio, buscador preferido, borrado de cach\u00e9)<br \/>\n2.2. B\u00fasqueda de informaci\u00f3n.<br \/>\n2.2.1. Los buscadores.<br \/>\n2.2.2. Fuentes RSS.<br \/>\n2.3. Almacenamiento y recuperaci\u00f3n de contenido digital.3. COMUNICACI\u00d3N<br \/>\n3.1. El correo electr\u00f3nico.<br \/>\n3.1.1. Webmails.<br \/>\n3.1.2. Configuraci\u00f3n de correo POP, IMAP y SMTP en clientes de correo para ordenadores y dispositivos m\u00f3viles.<br \/>\n3.2. Videoconferencias b\u00e1sicas (Skype, Hangouts,\u2026)<br \/>\n3.3. Identidad digital. Tu imagen personal en internet.<\/p>\n<p>4. CREACI\u00d3N DEL CONTENIDO<br \/>\n4.1. Herramientas ofim\u00e1ticas b\u00e1sicas (procesador de textos y presentaciones).<br \/>\n4.2. Permisos a la hora de utilizar informaci\u00f3n de Internet.<br \/>\n4.3. Conocimiento de los formatos de archivos (pdf, doc, docx, jpg, gif, png, \u2026)<\/p>\n<p>5. SEGURIDAD<br \/>\n5.1. Formas b\u00e1sicas de uso de medios inform\u00e1ticos para garantizar la seguridad. (tanto el ordenador como el dispositivo m\u00f3vil).<br \/>\n5.2. Rutinas para una navegaci\u00f3n segura.<br \/>\n5.3. El antivirus.<\/p>\n<p>6. RESOLUCI\u00d3N DE PROBLEMAS<br \/>\n6.1. Mantenimiento del sistema operativo (actualizaciones, escaneo de discos, desfragmentaci\u00f3n).<\/p>\n<\/div>\n<\/div>\n","protected":false},"excerpt":{"rendered":"<p>Adquirir las competencias digitales b\u00e1sicas que permitan \u201caprovechar la riqueza de las nuevas posibilidades asociadas a las tecnolog\u00edas digitales\u201d de acuerdo con Recomendaci\u00f3n 2006\/962\/CE del Parlamento Europeo y del Consejo sobre las competencias clave para el aprendizaje permanente.<\/p>\n","protected":false},"featured_media":9770,"comment_status":"closed","ping_status":"closed","template":"","meta":[],"product_cat":[110],"product_tag":[],"class_list":{"0":"post-4594","1":"product","2":"type-product","3":"status-publish","4":"has-post-thumbnail","6":"product_cat-sistemas-y-telematica","8":"first","9":"instock","10":"taxable","11":"shipping-taxable","12":"purchasable","13":"product-type-simple"},"yoast_head":"<!-- This site is optimized with the Yoast SEO plugin v23.5 - https:\/\/yoast.com\/wordpress\/plugins\/seo\/ -->\n<title>IFCT45 - Competencias Digitales B\u00e1sicas (60 horas) - Contenidos Online<\/title>\n<meta name=\"robots\" content=\"index, follow, max-snippet:-1, max-image-preview:large, max-video-preview:-1\" \/>\n<link rel=\"canonical\" href=\"https:\/\/mefp.grupopiquer.com\/inscripciones\/producto\/ifct45-competencias-digitales-basicas-60-horas\/\" \/>\n<meta property=\"og:locale\" content=\"es_ES\" \/>\n<meta property=\"og:type\" content=\"article\" \/>\n<meta property=\"og:title\" content=\"IFCT45 - Competencias Digitales B\u00e1sicas (60 horas) - Contenidos Online\" \/>\n<meta property=\"og:description\" content=\"Adquirir las competencias digitales b\u00e1sicas que permitan \u201caprovechar la riqueza de las nuevas posibilidades asociadas a las tecnolog\u00edas digitales\u201d de acuerdo con Recomendaci\u00f3n 2006\/962\/CE del Parlamento Europeo y del Consejo sobre las competencias clave para el aprendizaje permanente.\" \/>\n<meta property=\"og:url\" content=\"https:\/\/mefp.grupopiquer.com\/inscripciones\/producto\/ifct45-competencias-digitales-basicas-60-horas\/\" \/>\n<meta property=\"og:site_name\" content=\"Contenidos Online\" \/>\n<meta property=\"article:modified_time\" content=\"2024-02-15T16:11:34+00:00\" \/>\n<meta property=\"og:image\" content=\"https:\/\/mefp.grupopiquer.com\/inscripciones\/wp-content\/uploads\/2023\/05\/selrC5DsB6-PIryM_p0XhaNd7BBSjAbMJ-e1708013473615.jpg\" \/>\n\t<meta property=\"og:image:width\" content=\"1680\" \/>\n\t<meta property=\"og:image:height\" content=\"946\" \/>\n\t<meta property=\"og:image:type\" content=\"image\/jpeg\" \/>\n<meta name=\"twitter:card\" content=\"summary_large_image\" \/>\n<meta name=\"twitter:label1\" content=\"Tiempo de lectura\" \/>\n\t<meta name=\"twitter:data1\" content=\"2 minutos\" \/>\n<script type=\"application\/ld+json\" class=\"yoast-schema-graph\">{\"@context\":\"https:\/\/schema.org\",\"@graph\":[{\"@type\":\"WebPage\",\"@id\":\"https:\/\/mefp.grupopiquer.com\/inscripciones\/producto\/ifct45-competencias-digitales-basicas-60-horas\/\",\"url\":\"https:\/\/mefp.grupopiquer.com\/inscripciones\/producto\/ifct45-competencias-digitales-basicas-60-horas\/\",\"name\":\"IFCT45 - Competencias Digitales B\u00e1sicas (60 horas) - Contenidos Online\",\"isPartOf\":{\"@id\":\"https:\/\/mefp.grupopiquer.com\/inscripciones\/#website\"},\"primaryImageOfPage\":{\"@id\":\"https:\/\/mefp.grupopiquer.com\/inscripciones\/producto\/ifct45-competencias-digitales-basicas-60-horas\/#primaryimage\"},\"image\":{\"@id\":\"https:\/\/mefp.grupopiquer.com\/inscripciones\/producto\/ifct45-competencias-digitales-basicas-60-horas\/#primaryimage\"},\"thumbnailUrl\":\"https:\/\/mefp.grupopiquer.com\/inscripciones\/wp-content\/uploads\/2023\/05\/selrC5DsB6-PIryM_p0XhaNd7BBSjAbMJ-e1708013473615.jpg\",\"datePublished\":\"2023-05-02T11:13:32+00:00\",\"dateModified\":\"2024-02-15T16:11:34+00:00\",\"breadcrumb\":{\"@id\":\"https:\/\/mefp.grupopiquer.com\/inscripciones\/producto\/ifct45-competencias-digitales-basicas-60-horas\/#breadcrumb\"},\"inLanguage\":\"es\",\"potentialAction\":[{\"@type\":\"ReadAction\",\"target\":[\"https:\/\/mefp.grupopiquer.com\/inscripciones\/producto\/ifct45-competencias-digitales-basicas-60-horas\/\"]}]},{\"@type\":\"ImageObject\",\"inLanguage\":\"es\",\"@id\":\"https:\/\/mefp.grupopiquer.com\/inscripciones\/producto\/ifct45-competencias-digitales-basicas-60-horas\/#primaryimage\",\"url\":\"https:\/\/mefp.grupopiquer.com\/inscripciones\/wp-content\/uploads\/2023\/05\/selrC5DsB6-PIryM_p0XhaNd7BBSjAbMJ-e1708013473615.jpg\",\"contentUrl\":\"https:\/\/mefp.grupopiquer.com\/inscripciones\/wp-content\/uploads\/2023\/05\/selrC5DsB6-PIryM_p0XhaNd7BBSjAbMJ-e1708013473615.jpg\",\"width\":1680,\"height\":946},{\"@type\":\"BreadcrumbList\",\"@id\":\"https:\/\/mefp.grupopiquer.com\/inscripciones\/producto\/ifct45-competencias-digitales-basicas-60-horas\/#breadcrumb\",\"itemListElement\":[{\"@type\":\"ListItem\",\"position\":1,\"name\":\"Portada\",\"item\":\"https:\/\/mefp.grupopiquer.com\/inscripciones\/\"},{\"@type\":\"ListItem\",\"position\":2,\"name\":\"Tienda\",\"item\":\"https:\/\/mefp.grupopiquer.com\/inscripciones\/tienda\/\"},{\"@type\":\"ListItem\",\"position\":3,\"name\":\"IFCT45 &#8211; Competencias Digitales B\u00e1sicas (60 horas)\"}]},{\"@type\":\"WebSite\",\"@id\":\"https:\/\/mefp.grupopiquer.com\/inscripciones\/#website\",\"url\":\"https:\/\/mefp.grupopiquer.com\/inscripciones\/\",\"name\":\"Contenidos Online\",\"description\":\"\",\"publisher\":{\"@id\":\"https:\/\/mefp.grupopiquer.com\/inscripciones\/#organization\"},\"potentialAction\":[{\"@type\":\"SearchAction\",\"target\":{\"@type\":\"EntryPoint\",\"urlTemplate\":\"https:\/\/mefp.grupopiquer.com\/inscripciones\/?s={search_term_string}\"},\"query-input\":{\"@type\":\"PropertyValueSpecification\",\"valueRequired\":true,\"valueName\":\"search_term_string\"}}],\"inLanguage\":\"es\"},{\"@type\":\"Organization\",\"@id\":\"https:\/\/mefp.grupopiquer.com\/inscripciones\/#organization\",\"name\":\"Contenidos Online\",\"url\":\"https:\/\/mefp.grupopiquer.com\/inscripciones\/\",\"logo\":{\"@type\":\"ImageObject\",\"inLanguage\":\"es\",\"@id\":\"https:\/\/mefp.grupopiquer.com\/inscripciones\/#\/schema\/logo\/image\/\",\"url\":\"\",\"contentUrl\":\"\",\"caption\":\"Contenidos Online\"},\"image\":{\"@id\":\"https:\/\/mefp.grupopiquer.com\/inscripciones\/#\/schema\/logo\/image\/\"}}]}<\/script>\n<!-- \/ Yoast SEO plugin. -->","yoast_head_json":{"title":"IFCT45 - Competencias Digitales B\u00e1sicas (60 horas) - Contenidos Online","robots":{"index":"index","follow":"follow","max-snippet":"max-snippet:-1","max-image-preview":"max-image-preview:large","max-video-preview":"max-video-preview:-1"},"canonical":"https:\/\/mefp.grupopiquer.com\/inscripciones\/producto\/ifct45-competencias-digitales-basicas-60-horas\/","og_locale":"es_ES","og_type":"article","og_title":"IFCT45 - Competencias Digitales B\u00e1sicas (60 horas) - Contenidos Online","og_description":"Adquirir las competencias digitales b\u00e1sicas que permitan \u201caprovechar la riqueza de las nuevas posibilidades asociadas a las tecnolog\u00edas digitales\u201d de acuerdo con Recomendaci\u00f3n 2006\/962\/CE del Parlamento Europeo y del Consejo sobre las competencias clave para el aprendizaje permanente.","og_url":"https:\/\/mefp.grupopiquer.com\/inscripciones\/producto\/ifct45-competencias-digitales-basicas-60-horas\/","og_site_name":"Contenidos Online","article_modified_time":"2024-02-15T16:11:34+00:00","og_image":[{"width":1680,"height":946,"url":"https:\/\/mefp.grupopiquer.com\/inscripciones\/wp-content\/uploads\/2023\/05\/selrC5DsB6-PIryM_p0XhaNd7BBSjAbMJ-e1708013473615.jpg","type":"image\/jpeg"}],"twitter_card":"summary_large_image","twitter_misc":{"Tiempo de lectura":"2 minutos"},"schema":{"@context":"https:\/\/schema.org","@graph":[{"@type":"WebPage","@id":"https:\/\/mefp.grupopiquer.com\/inscripciones\/producto\/ifct45-competencias-digitales-basicas-60-horas\/","url":"https:\/\/mefp.grupopiquer.com\/inscripciones\/producto\/ifct45-competencias-digitales-basicas-60-horas\/","name":"IFCT45 - Competencias Digitales B\u00e1sicas (60 horas) - Contenidos Online","isPartOf":{"@id":"https:\/\/mefp.grupopiquer.com\/inscripciones\/#website"},"primaryImageOfPage":{"@id":"https:\/\/mefp.grupopiquer.com\/inscripciones\/producto\/ifct45-competencias-digitales-basicas-60-horas\/#primaryimage"},"image":{"@id":"https:\/\/mefp.grupopiquer.com\/inscripciones\/producto\/ifct45-competencias-digitales-basicas-60-horas\/#primaryimage"},"thumbnailUrl":"https:\/\/mefp.grupopiquer.com\/inscripciones\/wp-content\/uploads\/2023\/05\/selrC5DsB6-PIryM_p0XhaNd7BBSjAbMJ-e1708013473615.jpg","datePublished":"2023-05-02T11:13:32+00:00","dateModified":"2024-02-15T16:11:34+00:00","breadcrumb":{"@id":"https:\/\/mefp.grupopiquer.com\/inscripciones\/producto\/ifct45-competencias-digitales-basicas-60-horas\/#breadcrumb"},"inLanguage":"es","potentialAction":[{"@type":"ReadAction","target":["https:\/\/mefp.grupopiquer.com\/inscripciones\/producto\/ifct45-competencias-digitales-basicas-60-horas\/"]}]},{"@type":"ImageObject","inLanguage":"es","@id":"https:\/\/mefp.grupopiquer.com\/inscripciones\/producto\/ifct45-competencias-digitales-basicas-60-horas\/#primaryimage","url":"https:\/\/mefp.grupopiquer.com\/inscripciones\/wp-content\/uploads\/2023\/05\/selrC5DsB6-PIryM_p0XhaNd7BBSjAbMJ-e1708013473615.jpg","contentUrl":"https:\/\/mefp.grupopiquer.com\/inscripciones\/wp-content\/uploads\/2023\/05\/selrC5DsB6-PIryM_p0XhaNd7BBSjAbMJ-e1708013473615.jpg","width":1680,"height":946},{"@type":"BreadcrumbList","@id":"https:\/\/mefp.grupopiquer.com\/inscripciones\/producto\/ifct45-competencias-digitales-basicas-60-horas\/#breadcrumb","itemListElement":[{"@type":"ListItem","position":1,"name":"Portada","item":"https:\/\/mefp.grupopiquer.com\/inscripciones\/"},{"@type":"ListItem","position":2,"name":"Tienda","item":"https:\/\/mefp.grupopiquer.com\/inscripciones\/tienda\/"},{"@type":"ListItem","position":3,"name":"IFCT45 &#8211; Competencias Digitales B\u00e1sicas (60 horas)"}]},{"@type":"WebSite","@id":"https:\/\/mefp.grupopiquer.com\/inscripciones\/#website","url":"https:\/\/mefp.grupopiquer.com\/inscripciones\/","name":"Contenidos Online","description":"","publisher":{"@id":"https:\/\/mefp.grupopiquer.com\/inscripciones\/#organization"},"potentialAction":[{"@type":"SearchAction","target":{"@type":"EntryPoint","urlTemplate":"https:\/\/mefp.grupopiquer.com\/inscripciones\/?s={search_term_string}"},"query-input":{"@type":"PropertyValueSpecification","valueRequired":true,"valueName":"search_term_string"}}],"inLanguage":"es"},{"@type":"Organization","@id":"https:\/\/mefp.grupopiquer.com\/inscripciones\/#organization","name":"Contenidos Online","url":"https:\/\/mefp.grupopiquer.com\/inscripciones\/","logo":{"@type":"ImageObject","inLanguage":"es","@id":"https:\/\/mefp.grupopiquer.com\/inscripciones\/#\/schema\/logo\/image\/","url":"","contentUrl":"","caption":"Contenidos Online"},"image":{"@id":"https:\/\/mefp.grupopiquer.com\/inscripciones\/#\/schema\/logo\/image\/"}}]}},"_links":{"self":[{"href":"https:\/\/mefp.grupopiquer.com\/inscripciones\/wp-json\/wp\/v2\/product\/4594"}],"collection":[{"href":"https:\/\/mefp.grupopiquer.com\/inscripciones\/wp-json\/wp\/v2\/product"}],"about":[{"href":"https:\/\/mefp.grupopiquer.com\/inscripciones\/wp-json\/wp\/v2\/types\/product"}],"replies":[{"embeddable":true,"href":"https:\/\/mefp.grupopiquer.com\/inscripciones\/wp-json\/wp\/v2\/comments?post=4594"}],"wp:featuredmedia":[{"embeddable":true,"href":"https:\/\/mefp.grupopiquer.com\/inscripciones\/wp-json\/wp\/v2\/media\/9770"}],"wp:attachment":[{"href":"https:\/\/mefp.grupopiquer.com\/inscripciones\/wp-json\/wp\/v2\/media?parent=4594"}],"wp:term":[{"taxonomy":"product_cat","embeddable":true,"href":"https:\/\/mefp.grupopiquer.com\/inscripciones\/wp-json\/wp\/v2\/product_cat?post=4594"},{"taxonomy":"product_tag","embeddable":true,"href":"https:\/\/mefp.grupopiquer.com\/inscripciones\/wp-json\/wp\/v2\/product_tag?post=4594"}],"curies":[{"name":"wp","href":"https:\/\/api.w.org\/{rel}","templated":true}]}}