{"id":4586,"date":"2023-05-02T11:12:51","date_gmt":"2023-05-02T11:12:51","guid":{"rendered":"https:\/\/mefp.grupopiquer.com\/inscripciones\/producto\/ifct128po-big-data-60-horas\/"},"modified":"2023-05-16T13:28:10","modified_gmt":"2023-05-16T13:28:10","slug":"ifct128po-big-data-60-horas","status":"publish","type":"product","link":"https:\/\/mefp.grupopiquer.com\/inscripciones\/producto\/ifct128po-big-data-60-horas\/","title":{"rendered":"IFCT128PO &#8211; Big Data (60 horas)"},"content":{"rendered":"<div id=\"accordion\">\n<h3>OBJETIVOS<\/h3>\n<div>Conocer los antecedentes, definiciones y bases para un correcto entendimiento.<br \/>\nIdentificar la importancia del dato.<br \/>\nAprender algunos conceptos t\u00e9cnicos de la anal\u00edtica tradicional.<br \/>\nComprender la representaci\u00f3n de los datos.<br \/>\nIntroducirse en el Big Data.<br \/>\nConocer la anal\u00edtica avanzada.<\/div>\n<h3>CONTENIDOS<\/h3>\n<div>1. ANTECEDENTES, DEFINICIONES Y BASES PARA UN CORRECTO ENTENDIMIENTO<br \/>\n1.1. Antecedentes.<br \/>\n1.2 Conceptos para entender el Big Data.<br \/>\n1.3. Principales definiciones.<\/p>\n<p>2. LA IMPORTANCIA DEL DATO<br \/>\n2.1. Los datos.<br \/>\n2.2. Visualizaci\u00f3n de datos en Big Data.<br \/>\n2.3. Importancia de los datos.<br \/>\n2.4. Importancia de los datos para las empresas. Monetizaci\u00f3n de los datos.<br \/>\n2.5. Protecci\u00f3n de datos.<br \/>\n2.6. An\u00e1lisis de datos.<br \/>\n2.7. Calidad del dato.<br \/>\n2.8 Gesti\u00f3n de datos.<\/p>\n<p>3. ALGUNOS CONCEPTOS T\u00c9CNICOS DE LA ANAL\u00cdTICA TRADICIONAL<br \/>\n3.1. Nacimiento de la anal\u00edtica tradicional.<br \/>\n3.2 M\u00e9todos anal\u00edticos tradicionales.<br \/>\n3.3. T\u00e9cnicas tradicionales de an\u00e1lisis de datos.<br \/>\n3.4. Anal\u00edtica tradicional e investigaci\u00f3n de mercado.<br \/>\n3.5. T\u00e9cnicas de an\u00e1lisis de informaci\u00f3n.<\/p>\n<p>4. REPRESENTACI\u00d3N DE LOS DATOS<br \/>\n4.1. Representaci\u00f3n de los datos.<\/p>\n<p>5. INTRODUCCI\u00d3N AL BIG DATA<br \/>\n5.1. Big Data, nacimiento y evoluci\u00f3n.<br \/>\n5.2. Ejemplos reales de utilizaci\u00f3n del Big Data.<br \/>\n5.3. Herramientas.<br \/>\n5.4. Caracter\u00edsticas del Big Data.<br \/>\n5.5 Profesionales del Big Data.<br \/>\n5.6. Datos que utiliza el Big Data.<br \/>\n5.7. Curiosidades y an\u00e9cdotas gracias al Big Data.<\/p>\n<p>6. INTRODUCCI\u00d3N A LA ANAL\u00cdTICA AVANZADA<br \/>\n6.1. Concepto, novedades y beneficios del Business Intelligence de autoservicio.<br \/>\n6.2. Anal\u00edtica Avanzada en la Transformaci\u00f3n Digital.<br \/>\n6.3. Anal\u00edtica avanzada y negocios.<br \/>\n6.4. Anal\u00edtica avanzada del Big Data.<br \/>\n6.5 Inteligencia artificial y anal\u00edtica avanzada.<br \/>\n6.6. Presente y futuro.<br \/>\n6.7. T\u00e9rminos que hay que conocer.<\/p>\n<\/div>\n<\/div>\n","protected":false},"excerpt":{"rendered":"<p>Conocer los antecedentes, definiciones y bases para un correcto entendimiento.<br \/>\nIdentificar la importancia del dato.<br \/>\nAprender algunos conceptos t\u00e9cnicos de la anal\u00edtica tradicional.<br \/>\nComprender la representaci\u00f3n de los datos.<br \/>\nIntroducirse en el Big Data.<br \/>\nConocer la anal\u00edtica avanzada.<\/p>\n","protected":false},"featured_media":5008,"comment_status":"closed","ping_status":"closed","template":"","meta":[],"product_cat":[110],"product_tag":[],"class_list":{"0":"post-4586","1":"product","2":"type-product","3":"status-publish","4":"has-post-thumbnail","6":"product_cat-sistemas-y-telematica","8":"first","9":"instock","10":"taxable","11":"shipping-taxable","12":"purchasable","13":"product-type-simple"},"yoast_head":"<!-- This site is optimized with the Yoast SEO plugin v23.5 - https:\/\/yoast.com\/wordpress\/plugins\/seo\/ -->\n<title>IFCT128PO - Big Data (60 horas) - Contenidos Online<\/title>\n<meta name=\"robots\" content=\"index, follow, max-snippet:-1, max-image-preview:large, max-video-preview:-1\" \/>\n<link rel=\"canonical\" href=\"https:\/\/mefp.grupopiquer.com\/inscripciones\/producto\/ifct128po-big-data-60-horas\/\" \/>\n<meta property=\"og:locale\" content=\"es_ES\" \/>\n<meta property=\"og:type\" content=\"article\" \/>\n<meta property=\"og:title\" content=\"IFCT128PO - Big Data (60 horas) - Contenidos Online\" \/>\n<meta property=\"og:description\" content=\"Conocer los antecedentes, definiciones y bases para un correcto entendimiento. Identificar la importancia del dato. Aprender algunos conceptos t\u00e9cnicos de la anal\u00edtica tradicional. Comprender la representaci\u00f3n de los datos. Introducirse en el Big Data. Conocer la anal\u00edtica avanzada.\" \/>\n<meta property=\"og:url\" content=\"https:\/\/mefp.grupopiquer.com\/inscripciones\/producto\/ifct128po-big-data-60-horas\/\" \/>\n<meta property=\"og:site_name\" content=\"Contenidos Online\" \/>\n<meta property=\"article:modified_time\" content=\"2023-05-16T13:28:10+00:00\" \/>\n<meta property=\"og:image\" content=\"https:\/\/mefp.grupopiquer.com\/inscripciones\/wp-content\/uploads\/2023\/05\/Dg4ONUAjf0wRb-Ag_PCzWcIzugrk34F4R-1-e1683206997644.jpg\" \/>\n\t<meta property=\"og:image:width\" content=\"1680\" \/>\n\t<meta property=\"og:image:height\" content=\"945\" \/>\n\t<meta property=\"og:image:type\" content=\"image\/jpeg\" \/>\n<meta name=\"twitter:card\" content=\"summary_large_image\" \/>\n<meta name=\"twitter:label1\" content=\"Tiempo de lectura\" \/>\n\t<meta name=\"twitter:data1\" content=\"2 minutos\" \/>\n<script type=\"application\/ld+json\" class=\"yoast-schema-graph\">{\"@context\":\"https:\/\/schema.org\",\"@graph\":[{\"@type\":\"WebPage\",\"@id\":\"https:\/\/mefp.grupopiquer.com\/inscripciones\/producto\/ifct128po-big-data-60-horas\/\",\"url\":\"https:\/\/mefp.grupopiquer.com\/inscripciones\/producto\/ifct128po-big-data-60-horas\/\",\"name\":\"IFCT128PO - Big Data (60 horas) - Contenidos Online\",\"isPartOf\":{\"@id\":\"https:\/\/mefp.grupopiquer.com\/inscripciones\/#website\"},\"primaryImageOfPage\":{\"@id\":\"https:\/\/mefp.grupopiquer.com\/inscripciones\/producto\/ifct128po-big-data-60-horas\/#primaryimage\"},\"image\":{\"@id\":\"https:\/\/mefp.grupopiquer.com\/inscripciones\/producto\/ifct128po-big-data-60-horas\/#primaryimage\"},\"thumbnailUrl\":\"https:\/\/mefp.grupopiquer.com\/inscripciones\/wp-content\/uploads\/2023\/05\/Dg4ONUAjf0wRb-Ag_PCzWcIzugrk34F4R-1-e1683206997644.jpg\",\"datePublished\":\"2023-05-02T11:12:51+00:00\",\"dateModified\":\"2023-05-16T13:28:10+00:00\",\"breadcrumb\":{\"@id\":\"https:\/\/mefp.grupopiquer.com\/inscripciones\/producto\/ifct128po-big-data-60-horas\/#breadcrumb\"},\"inLanguage\":\"es\",\"potentialAction\":[{\"@type\":\"ReadAction\",\"target\":[\"https:\/\/mefp.grupopiquer.com\/inscripciones\/producto\/ifct128po-big-data-60-horas\/\"]}]},{\"@type\":\"ImageObject\",\"inLanguage\":\"es\",\"@id\":\"https:\/\/mefp.grupopiquer.com\/inscripciones\/producto\/ifct128po-big-data-60-horas\/#primaryimage\",\"url\":\"https:\/\/mefp.grupopiquer.com\/inscripciones\/wp-content\/uploads\/2023\/05\/Dg4ONUAjf0wRb-Ag_PCzWcIzugrk34F4R-1-e1683206997644.jpg\",\"contentUrl\":\"https:\/\/mefp.grupopiquer.com\/inscripciones\/wp-content\/uploads\/2023\/05\/Dg4ONUAjf0wRb-Ag_PCzWcIzugrk34F4R-1-e1683206997644.jpg\",\"width\":1680,\"height\":945},{\"@type\":\"BreadcrumbList\",\"@id\":\"https:\/\/mefp.grupopiquer.com\/inscripciones\/producto\/ifct128po-big-data-60-horas\/#breadcrumb\",\"itemListElement\":[{\"@type\":\"ListItem\",\"position\":1,\"name\":\"Portada\",\"item\":\"https:\/\/mefp.grupopiquer.com\/inscripciones\/\"},{\"@type\":\"ListItem\",\"position\":2,\"name\":\"Tienda\",\"item\":\"https:\/\/mefp.grupopiquer.com\/inscripciones\/tienda\/\"},{\"@type\":\"ListItem\",\"position\":3,\"name\":\"IFCT128PO &#8211; Big Data (60 horas)\"}]},{\"@type\":\"WebSite\",\"@id\":\"https:\/\/mefp.grupopiquer.com\/inscripciones\/#website\",\"url\":\"https:\/\/mefp.grupopiquer.com\/inscripciones\/\",\"name\":\"Contenidos Online\",\"description\":\"\",\"publisher\":{\"@id\":\"https:\/\/mefp.grupopiquer.com\/inscripciones\/#organization\"},\"potentialAction\":[{\"@type\":\"SearchAction\",\"target\":{\"@type\":\"EntryPoint\",\"urlTemplate\":\"https:\/\/mefp.grupopiquer.com\/inscripciones\/?s={search_term_string}\"},\"query-input\":{\"@type\":\"PropertyValueSpecification\",\"valueRequired\":true,\"valueName\":\"search_term_string\"}}],\"inLanguage\":\"es\"},{\"@type\":\"Organization\",\"@id\":\"https:\/\/mefp.grupopiquer.com\/inscripciones\/#organization\",\"name\":\"Contenidos Online\",\"url\":\"https:\/\/mefp.grupopiquer.com\/inscripciones\/\",\"logo\":{\"@type\":\"ImageObject\",\"inLanguage\":\"es\",\"@id\":\"https:\/\/mefp.grupopiquer.com\/inscripciones\/#\/schema\/logo\/image\/\",\"url\":\"\",\"contentUrl\":\"\",\"caption\":\"Contenidos Online\"},\"image\":{\"@id\":\"https:\/\/mefp.grupopiquer.com\/inscripciones\/#\/schema\/logo\/image\/\"}}]}<\/script>\n<!-- \/ Yoast SEO plugin. -->","yoast_head_json":{"title":"IFCT128PO - Big Data (60 horas) - Contenidos Online","robots":{"index":"index","follow":"follow","max-snippet":"max-snippet:-1","max-image-preview":"max-image-preview:large","max-video-preview":"max-video-preview:-1"},"canonical":"https:\/\/mefp.grupopiquer.com\/inscripciones\/producto\/ifct128po-big-data-60-horas\/","og_locale":"es_ES","og_type":"article","og_title":"IFCT128PO - Big Data (60 horas) - Contenidos Online","og_description":"Conocer los antecedentes, definiciones y bases para un correcto entendimiento. Identificar la importancia del dato. Aprender algunos conceptos t\u00e9cnicos de la anal\u00edtica tradicional. Comprender la representaci\u00f3n de los datos. Introducirse en el Big Data. Conocer la anal\u00edtica avanzada.","og_url":"https:\/\/mefp.grupopiquer.com\/inscripciones\/producto\/ifct128po-big-data-60-horas\/","og_site_name":"Contenidos Online","article_modified_time":"2023-05-16T13:28:10+00:00","og_image":[{"width":1680,"height":945,"url":"https:\/\/mefp.grupopiquer.com\/inscripciones\/wp-content\/uploads\/2023\/05\/Dg4ONUAjf0wRb-Ag_PCzWcIzugrk34F4R-1-e1683206997644.jpg","type":"image\/jpeg"}],"twitter_card":"summary_large_image","twitter_misc":{"Tiempo de lectura":"2 minutos"},"schema":{"@context":"https:\/\/schema.org","@graph":[{"@type":"WebPage","@id":"https:\/\/mefp.grupopiquer.com\/inscripciones\/producto\/ifct128po-big-data-60-horas\/","url":"https:\/\/mefp.grupopiquer.com\/inscripciones\/producto\/ifct128po-big-data-60-horas\/","name":"IFCT128PO - Big Data (60 horas) - Contenidos Online","isPartOf":{"@id":"https:\/\/mefp.grupopiquer.com\/inscripciones\/#website"},"primaryImageOfPage":{"@id":"https:\/\/mefp.grupopiquer.com\/inscripciones\/producto\/ifct128po-big-data-60-horas\/#primaryimage"},"image":{"@id":"https:\/\/mefp.grupopiquer.com\/inscripciones\/producto\/ifct128po-big-data-60-horas\/#primaryimage"},"thumbnailUrl":"https:\/\/mefp.grupopiquer.com\/inscripciones\/wp-content\/uploads\/2023\/05\/Dg4ONUAjf0wRb-Ag_PCzWcIzugrk34F4R-1-e1683206997644.jpg","datePublished":"2023-05-02T11:12:51+00:00","dateModified":"2023-05-16T13:28:10+00:00","breadcrumb":{"@id":"https:\/\/mefp.grupopiquer.com\/inscripciones\/producto\/ifct128po-big-data-60-horas\/#breadcrumb"},"inLanguage":"es","potentialAction":[{"@type":"ReadAction","target":["https:\/\/mefp.grupopiquer.com\/inscripciones\/producto\/ifct128po-big-data-60-horas\/"]}]},{"@type":"ImageObject","inLanguage":"es","@id":"https:\/\/mefp.grupopiquer.com\/inscripciones\/producto\/ifct128po-big-data-60-horas\/#primaryimage","url":"https:\/\/mefp.grupopiquer.com\/inscripciones\/wp-content\/uploads\/2023\/05\/Dg4ONUAjf0wRb-Ag_PCzWcIzugrk34F4R-1-e1683206997644.jpg","contentUrl":"https:\/\/mefp.grupopiquer.com\/inscripciones\/wp-content\/uploads\/2023\/05\/Dg4ONUAjf0wRb-Ag_PCzWcIzugrk34F4R-1-e1683206997644.jpg","width":1680,"height":945},{"@type":"BreadcrumbList","@id":"https:\/\/mefp.grupopiquer.com\/inscripciones\/producto\/ifct128po-big-data-60-horas\/#breadcrumb","itemListElement":[{"@type":"ListItem","position":1,"name":"Portada","item":"https:\/\/mefp.grupopiquer.com\/inscripciones\/"},{"@type":"ListItem","position":2,"name":"Tienda","item":"https:\/\/mefp.grupopiquer.com\/inscripciones\/tienda\/"},{"@type":"ListItem","position":3,"name":"IFCT128PO &#8211; Big Data (60 horas)"}]},{"@type":"WebSite","@id":"https:\/\/mefp.grupopiquer.com\/inscripciones\/#website","url":"https:\/\/mefp.grupopiquer.com\/inscripciones\/","name":"Contenidos Online","description":"","publisher":{"@id":"https:\/\/mefp.grupopiquer.com\/inscripciones\/#organization"},"potentialAction":[{"@type":"SearchAction","target":{"@type":"EntryPoint","urlTemplate":"https:\/\/mefp.grupopiquer.com\/inscripciones\/?s={search_term_string}"},"query-input":{"@type":"PropertyValueSpecification","valueRequired":true,"valueName":"search_term_string"}}],"inLanguage":"es"},{"@type":"Organization","@id":"https:\/\/mefp.grupopiquer.com\/inscripciones\/#organization","name":"Contenidos Online","url":"https:\/\/mefp.grupopiquer.com\/inscripciones\/","logo":{"@type":"ImageObject","inLanguage":"es","@id":"https:\/\/mefp.grupopiquer.com\/inscripciones\/#\/schema\/logo\/image\/","url":"","contentUrl":"","caption":"Contenidos Online"},"image":{"@id":"https:\/\/mefp.grupopiquer.com\/inscripciones\/#\/schema\/logo\/image\/"}}]}},"_links":{"self":[{"href":"https:\/\/mefp.grupopiquer.com\/inscripciones\/wp-json\/wp\/v2\/product\/4586"}],"collection":[{"href":"https:\/\/mefp.grupopiquer.com\/inscripciones\/wp-json\/wp\/v2\/product"}],"about":[{"href":"https:\/\/mefp.grupopiquer.com\/inscripciones\/wp-json\/wp\/v2\/types\/product"}],"replies":[{"embeddable":true,"href":"https:\/\/mefp.grupopiquer.com\/inscripciones\/wp-json\/wp\/v2\/comments?post=4586"}],"wp:featuredmedia":[{"embeddable":true,"href":"https:\/\/mefp.grupopiquer.com\/inscripciones\/wp-json\/wp\/v2\/media\/5008"}],"wp:attachment":[{"href":"https:\/\/mefp.grupopiquer.com\/inscripciones\/wp-json\/wp\/v2\/media?parent=4586"}],"wp:term":[{"taxonomy":"product_cat","embeddable":true,"href":"https:\/\/mefp.grupopiquer.com\/inscripciones\/wp-json\/wp\/v2\/product_cat?post=4586"},{"taxonomy":"product_tag","embeddable":true,"href":"https:\/\/mefp.grupopiquer.com\/inscripciones\/wp-json\/wp\/v2\/product_tag?post=4586"}],"curies":[{"name":"wp","href":"https:\/\/api.w.org\/{rel}","templated":true}]}}