{"id":4584,"date":"2023-05-02T11:12:39","date_gmt":"2023-05-02T11:12:39","guid":{"rendered":"https:\/\/mefp.grupopiquer.com\/inscripciones\/producto\/ifct057po-internet-seguro-50-horas\/"},"modified":"2023-05-16T09:12:12","modified_gmt":"2023-05-16T09:12:12","slug":"ifct057po-internet-seguro-50-horas","status":"publish","type":"product","link":"https:\/\/mefp.grupopiquer.com\/inscripciones\/producto\/ifct057po-internet-seguro-50-horas\/","title":{"rendered":"IFCT057PO &#8211; Internet Seguro (50 horas)"},"content":{"rendered":"<div id=\"accordion\">\n<h3>OBJETIVOS<\/h3>\n<div>Manejar servicios y programas para trabajar de forma segura en la red.<\/div>\n<h3>CONTENIDOS<\/h3>\n<div>1. INTRODUCCI\u00d3N Y ANTIVIRUS<br \/>\n1.1. Introducci\u00f3n a la seguridad.<br \/>\n1.2. Introducci\u00f3n a la seguridad.<br \/>\n1.3. Antivirus. Definici\u00f3n de virus. Tipos de virus.<br \/>\n1.4. Previo a instalar ning\u00fan programa.<br \/>\n1.5. Antivirus. Descarga e instalaci\u00f3n.<br \/>\n1.6. Otros programas recomendados.<br \/>\n1.7. Herramientas de desinfecci\u00f3n gratuitas.<br \/>\n1.8. T\u00e9cnico. Ejemplo de infecci\u00f3n por virus.<br \/>\n1.9. Anexo.<br \/>\n1.10. Referencias.<br \/>\n1.11. Tengo un mensaje de error \u00bfy ahora?<br \/>\n1.12. Monogr\u00e1ficos.<\/p>\n<p>2. ANTIVIRUS. CONFIGURACI\u00d3N, UTILIZACI\u00d3N<br \/>\n2.1. Test de conocimientos previos.<br \/>\n2.2. Antivirus. Configuraci\u00f3n.<br \/>\n2.3. Antivirus. Utilizaci\u00f3n.<br \/>\n2.4. Antivirus. Actualizaci\u00f3n.<br \/>\n2.5. Troyanos.<br \/>\n2.6. Pantalla t\u00edpica de un troyano cuando estamos a punto de infectarnos.<br \/>\n2.7. Esquema de seguridad.<br \/>\n2.8. T\u00e9cnico. Detalles del virus Sasser.<br \/>\n2.9. Anexo.<br \/>\n2.10. Referencias.<\/p>\n<p>3. CORTAFUEGOS<br \/>\n3.1. Test de conocimientos previos.<br \/>\n3.2. Cortafuegos. Definici\u00f3n.<br \/>\n3.3. Tipos de cortafuegos.<br \/>\n3.4. Concepto de puerto.<br \/>\n3.5. Tipos de cortafuegos.<br \/>\n3.6. Cortafuegos de Windows XP.<br \/>\n3.7. Cortafuegos de Windows 7.<br \/>\n3.8. Cortafuegos de Windows 8.<br \/>\n3.9. Limitaciones de los cortafuegos.<br \/>\n3.10. Descarga e instalaci\u00f3n. Zonealarm.<br \/>\n3.11. Configuraci\u00f3n.<br \/>\n3.12. Utilizaci\u00f3n.<br \/>\n3.13. Actualizaci\u00f3n.<br \/>\n3.14. Consola del sistema.<br \/>\n3.15. Otros programas recomendados.<br \/>\n3.16. Direcciones de comprobaci\u00f3n en l\u00ednea.<br \/>\n3.17. Esquema de seguridad.<br \/>\n3.18. Novedad. USB Firewall.<br \/>\n3.19. T\u00e9cnico. C\u00f3mo funciona un IDS (sistema de detecci\u00f3n de intrusos) Inal\u00e1mbricas.<br \/>\n3.20. Anexo.<br \/>\n3.21. Referencias.<\/p>\n<p>4. ANTIESP\u00cdAS<br \/>\n4.1. Test de conocimientos previos.<br \/>\n4.2. Definici\u00f3n de m\u00f3dulo esp\u00eda.<br \/>\n4.3. Tipos de esp\u00edas.<br \/>\n4.4. Cookies.<br \/>\n4.5. SpyBot.<br \/>\n4.6. Malwarebytes.<br \/>\n4.7. Spywareblaster.<br \/>\n4.8. Descarga e instalaci\u00f3n.<br \/>\n4.9. T\u00e9cnico. Evidence Eliminator, amenaza para que lo compres.<br \/>\n4.10. Anexo.<br \/>\n4.11. Referencias.<br \/>\n4.12. Glosario.<\/p>\n<p>5. ANTIESP\u00cdAS. CONFIGURACI\u00d3N, UTILIZACI\u00d3N<br \/>\n5.1. Test de conocimientos previos.<br \/>\n5.2. Configuraci\u00f3n.<br \/>\n5.3. Utilizaci\u00f3n.<br \/>\n5.4. Actualizaci\u00f3n.<br \/>\n5.5. Otros programas recomendados.<br \/>\n5.6. Direcciones de comprobaci\u00f3n en l\u00ednea.<br \/>\n5.7. C\u00f3mo eliminar los programas esp\u00eda de un sistema (Pasos).<br \/>\n5.8. Esquema de seguridad.<br \/>\n5.9. Kaspersky admite que est\u00e1n saturados de peligros en la red.<br \/>\n5.10. &#8220;Apple est\u00e1 10 a\u00f1os detr\u00e1s de Microsoft en materia de seguridad inform\u00e1tica&#8221;.<br \/>\n5.11. Anexo.<br \/>\n5.12. Referencias.<\/p>\n<p>6. ACTUALIZACI\u00d3N DEL SISTEMA OPERATIVO<br \/>\n6.1. Test de conocimientos previos.<br \/>\n6.2. WindowsUpdate.<br \/>\n6.3. Configuraciones de Windows Update.<br \/>\n6.4. M\u00f3dulos esp\u00eda en Windows XP.<br \/>\n6.5. SafeXP.<br \/>\n6.6. Objetos (o complementos) del Internet Explorer.<br \/>\n6.7. Navegadores alternativos.<br \/>\n6.8. Anexo.<br \/>\n6.9. Referencias.<\/p>\n<p>7. NAVEGADOR SEGURO. CERTIFICADOS<br \/>\n7.1. Test de conocimientos previos.<br \/>\n7.2. Navegador seguro.<br \/>\n7.3. Certificados.<br \/>\n7.4. Anexo. Tarjetas criptogr\u00e1ficas y Token USB.<br \/>\n7.5. T\u00e9cnico. \u00bfQu\u00e9 es un ataque de denegaci\u00f3n de servicio (Ddos)?<br \/>\n7.6. Anexo.<br \/>\n7.7. Referencias.<br \/>\n7.8. Anexo. DNI electr\u00f3nico (eDNI).<\/p>\n<p>8. CORREO SEGURO<br \/>\n8.1. Test de conocimientos previos.<br \/>\n8.2. Correo seguro.<br \/>\n8.3. Correo an\u00f3nimo.<br \/>\n8.4. T\u00e9cnico. Correo an\u00f3nimo.<br \/>\n8.5. Hushmail.<br \/>\n8.6. Esquema de seguridad.<br \/>\n8.7. Anexo.<br \/>\n8.8. Referencias.<\/p>\n<p>9. SEGURIDAD EN LAS REDES P2P<br \/>\n9.1. Test de conocimientos previos.<br \/>\n9.2. Seguridad en las redes P2P.<br \/>\n9.3. Peerguardian.<br \/>\n9.4. Seguridad al contactar con el Proveedor de Internet.<br \/>\n9.5. Checkdialer.<br \/>\n9.6. Esquema de seguridad.<br \/>\n9.7. T\u00e9cnico. Usuarios P2P prefieren anonimato a velocidad.<br \/>\n9.8. Espa\u00f1a se posiciona como uno de los pa\u00edses del mundo con m\u00e1s fraudes en Internet.<br \/>\n9.9. Esquema de funcionamiento de una red.<br \/>\n9.10. Anexo.<br \/>\n9.11. Referencias.<\/p>\n<p>10. COMPROBAR SEGURIDAD<br \/>\n10.1. Test de conocimientos previos.<br \/>\n10.2. Microsoft Baseline Security Analyzer.<br \/>\n10.3. Comprobaciones on-line de seguridad y antivirus.<br \/>\n10.4. T\u00e9cnico. Comprobar seguridad de un sistema Windows XP.<br \/>\n10.5. Anexo.<br \/>\n10.6. Referencias.<\/p>\n<p>11. VARIOS<br \/>\n11.1. Test de conocimientos previos.<br \/>\n11.2. Copias de seguridad.<br \/>\n11.3. Contrase\u00f1as.<br \/>\n11.4. Control remoto.<br \/>\n11.5. Mensajer\u00eda electr\u00f3nica.<br \/>\n11.6. Privacidad y anonimato.<br \/>\n11.7. Boletines electr\u00f3nicos.<br \/>\n11.8. Listas de seguridad.<br \/>\n11.9. Compras a trav\u00e9s de Internet.<br \/>\n11.10. Banca electr\u00f3nica.<br \/>\n11.11. Enlaces y noticias sobre seguridad inform\u00e1tica.<br \/>\n11.12. Anexo. Navegador Firefox.<br \/>\n11.13. Agenda de control.<br \/>\n11.14. T\u00e9cnico. PandaLabs descubre un nuevo troyano Briz que permite el control remoto del ordenador y realizar estafas online.<br \/>\n11.15. T\u00e9cnico. Seguridad en Linux.<br \/>\n11.16. Seguridad inal\u00e1mbrica (Wifi).<br \/>\n11.17. Referencias.<br \/>\n11.18. Glosario de palabras en ingl\u00e9s.\n<\/p><\/div>\n<\/div>\n","protected":false},"excerpt":{"rendered":"<p>Manejar servicios y programas para trabajar de forma segura en la red.<\/p>\n","protected":false},"featured_media":5010,"comment_status":"closed","ping_status":"closed","template":"","meta":[],"product_cat":[110],"product_tag":[],"class_list":{"0":"post-4584","1":"product","2":"type-product","3":"status-publish","4":"has-post-thumbnail","6":"product_cat-sistemas-y-telematica","8":"first","9":"instock","10":"taxable","11":"shipping-taxable","12":"purchasable","13":"product-type-simple"},"yoast_head":"<!-- This site is optimized with the Yoast SEO plugin v23.5 - https:\/\/yoast.com\/wordpress\/plugins\/seo\/ -->\n<title>IFCT057PO - Internet Seguro (50 horas) - Contenidos Online<\/title>\n<meta name=\"robots\" content=\"index, follow, max-snippet:-1, max-image-preview:large, max-video-preview:-1\" \/>\n<link rel=\"canonical\" href=\"https:\/\/mefp.grupopiquer.com\/inscripciones\/producto\/ifct057po-internet-seguro-50-horas\/\" \/>\n<meta property=\"og:locale\" content=\"es_ES\" \/>\n<meta property=\"og:type\" content=\"article\" \/>\n<meta property=\"og:title\" content=\"IFCT057PO - Internet Seguro (50 horas) - Contenidos Online\" \/>\n<meta property=\"og:description\" content=\"Manejar servicios y programas para trabajar de forma segura en la red.\" \/>\n<meta property=\"og:url\" content=\"https:\/\/mefp.grupopiquer.com\/inscripciones\/producto\/ifct057po-internet-seguro-50-horas\/\" \/>\n<meta property=\"og:site_name\" content=\"Contenidos Online\" \/>\n<meta property=\"article:modified_time\" content=\"2023-05-16T09:12:12+00:00\" \/>\n<meta property=\"og:image\" content=\"https:\/\/mefp.grupopiquer.com\/inscripciones\/wp-content\/uploads\/2023\/05\/earth-2254769_1920-e1683207259992.jpg\" \/>\n\t<meta property=\"og:image:width\" content=\"1920\" \/>\n\t<meta property=\"og:image:height\" content=\"1080\" \/>\n\t<meta property=\"og:image:type\" content=\"image\/jpeg\" \/>\n<meta name=\"twitter:card\" content=\"summary_large_image\" \/>\n<meta name=\"twitter:label1\" content=\"Tiempo de lectura\" \/>\n\t<meta name=\"twitter:data1\" content=\"3 minutos\" \/>\n<script type=\"application\/ld+json\" class=\"yoast-schema-graph\">{\"@context\":\"https:\/\/schema.org\",\"@graph\":[{\"@type\":\"WebPage\",\"@id\":\"https:\/\/mefp.grupopiquer.com\/inscripciones\/producto\/ifct057po-internet-seguro-50-horas\/\",\"url\":\"https:\/\/mefp.grupopiquer.com\/inscripciones\/producto\/ifct057po-internet-seguro-50-horas\/\",\"name\":\"IFCT057PO - Internet Seguro (50 horas) - Contenidos Online\",\"isPartOf\":{\"@id\":\"https:\/\/mefp.grupopiquer.com\/inscripciones\/#website\"},\"primaryImageOfPage\":{\"@id\":\"https:\/\/mefp.grupopiquer.com\/inscripciones\/producto\/ifct057po-internet-seguro-50-horas\/#primaryimage\"},\"image\":{\"@id\":\"https:\/\/mefp.grupopiquer.com\/inscripciones\/producto\/ifct057po-internet-seguro-50-horas\/#primaryimage\"},\"thumbnailUrl\":\"https:\/\/mefp.grupopiquer.com\/inscripciones\/wp-content\/uploads\/2023\/05\/earth-2254769_1920-e1683207259992.jpg\",\"datePublished\":\"2023-05-02T11:12:39+00:00\",\"dateModified\":\"2023-05-16T09:12:12+00:00\",\"breadcrumb\":{\"@id\":\"https:\/\/mefp.grupopiquer.com\/inscripciones\/producto\/ifct057po-internet-seguro-50-horas\/#breadcrumb\"},\"inLanguage\":\"es\",\"potentialAction\":[{\"@type\":\"ReadAction\",\"target\":[\"https:\/\/mefp.grupopiquer.com\/inscripciones\/producto\/ifct057po-internet-seguro-50-horas\/\"]}]},{\"@type\":\"ImageObject\",\"inLanguage\":\"es\",\"@id\":\"https:\/\/mefp.grupopiquer.com\/inscripciones\/producto\/ifct057po-internet-seguro-50-horas\/#primaryimage\",\"url\":\"https:\/\/mefp.grupopiquer.com\/inscripciones\/wp-content\/uploads\/2023\/05\/earth-2254769_1920-e1683207259992.jpg\",\"contentUrl\":\"https:\/\/mefp.grupopiquer.com\/inscripciones\/wp-content\/uploads\/2023\/05\/earth-2254769_1920-e1683207259992.jpg\",\"width\":1920,\"height\":1080},{\"@type\":\"BreadcrumbList\",\"@id\":\"https:\/\/mefp.grupopiquer.com\/inscripciones\/producto\/ifct057po-internet-seguro-50-horas\/#breadcrumb\",\"itemListElement\":[{\"@type\":\"ListItem\",\"position\":1,\"name\":\"Portada\",\"item\":\"https:\/\/mefp.grupopiquer.com\/inscripciones\/\"},{\"@type\":\"ListItem\",\"position\":2,\"name\":\"Tienda\",\"item\":\"https:\/\/mefp.grupopiquer.com\/inscripciones\/tienda\/\"},{\"@type\":\"ListItem\",\"position\":3,\"name\":\"IFCT057PO &#8211; Internet Seguro (50 horas)\"}]},{\"@type\":\"WebSite\",\"@id\":\"https:\/\/mefp.grupopiquer.com\/inscripciones\/#website\",\"url\":\"https:\/\/mefp.grupopiquer.com\/inscripciones\/\",\"name\":\"Contenidos Online\",\"description\":\"\",\"publisher\":{\"@id\":\"https:\/\/mefp.grupopiquer.com\/inscripciones\/#organization\"},\"potentialAction\":[{\"@type\":\"SearchAction\",\"target\":{\"@type\":\"EntryPoint\",\"urlTemplate\":\"https:\/\/mefp.grupopiquer.com\/inscripciones\/?s={search_term_string}\"},\"query-input\":{\"@type\":\"PropertyValueSpecification\",\"valueRequired\":true,\"valueName\":\"search_term_string\"}}],\"inLanguage\":\"es\"},{\"@type\":\"Organization\",\"@id\":\"https:\/\/mefp.grupopiquer.com\/inscripciones\/#organization\",\"name\":\"Contenidos Online\",\"url\":\"https:\/\/mefp.grupopiquer.com\/inscripciones\/\",\"logo\":{\"@type\":\"ImageObject\",\"inLanguage\":\"es\",\"@id\":\"https:\/\/mefp.grupopiquer.com\/inscripciones\/#\/schema\/logo\/image\/\",\"url\":\"\",\"contentUrl\":\"\",\"caption\":\"Contenidos Online\"},\"image\":{\"@id\":\"https:\/\/mefp.grupopiquer.com\/inscripciones\/#\/schema\/logo\/image\/\"}}]}<\/script>\n<!-- \/ Yoast SEO plugin. -->","yoast_head_json":{"title":"IFCT057PO - Internet Seguro (50 horas) - Contenidos Online","robots":{"index":"index","follow":"follow","max-snippet":"max-snippet:-1","max-image-preview":"max-image-preview:large","max-video-preview":"max-video-preview:-1"},"canonical":"https:\/\/mefp.grupopiquer.com\/inscripciones\/producto\/ifct057po-internet-seguro-50-horas\/","og_locale":"es_ES","og_type":"article","og_title":"IFCT057PO - Internet Seguro (50 horas) - Contenidos Online","og_description":"Manejar servicios y programas para trabajar de forma segura en la red.","og_url":"https:\/\/mefp.grupopiquer.com\/inscripciones\/producto\/ifct057po-internet-seguro-50-horas\/","og_site_name":"Contenidos Online","article_modified_time":"2023-05-16T09:12:12+00:00","og_image":[{"width":1920,"height":1080,"url":"https:\/\/mefp.grupopiquer.com\/inscripciones\/wp-content\/uploads\/2023\/05\/earth-2254769_1920-e1683207259992.jpg","type":"image\/jpeg"}],"twitter_card":"summary_large_image","twitter_misc":{"Tiempo de lectura":"3 minutos"},"schema":{"@context":"https:\/\/schema.org","@graph":[{"@type":"WebPage","@id":"https:\/\/mefp.grupopiquer.com\/inscripciones\/producto\/ifct057po-internet-seguro-50-horas\/","url":"https:\/\/mefp.grupopiquer.com\/inscripciones\/producto\/ifct057po-internet-seguro-50-horas\/","name":"IFCT057PO - Internet Seguro (50 horas) - Contenidos Online","isPartOf":{"@id":"https:\/\/mefp.grupopiquer.com\/inscripciones\/#website"},"primaryImageOfPage":{"@id":"https:\/\/mefp.grupopiquer.com\/inscripciones\/producto\/ifct057po-internet-seguro-50-horas\/#primaryimage"},"image":{"@id":"https:\/\/mefp.grupopiquer.com\/inscripciones\/producto\/ifct057po-internet-seguro-50-horas\/#primaryimage"},"thumbnailUrl":"https:\/\/mefp.grupopiquer.com\/inscripciones\/wp-content\/uploads\/2023\/05\/earth-2254769_1920-e1683207259992.jpg","datePublished":"2023-05-02T11:12:39+00:00","dateModified":"2023-05-16T09:12:12+00:00","breadcrumb":{"@id":"https:\/\/mefp.grupopiquer.com\/inscripciones\/producto\/ifct057po-internet-seguro-50-horas\/#breadcrumb"},"inLanguage":"es","potentialAction":[{"@type":"ReadAction","target":["https:\/\/mefp.grupopiquer.com\/inscripciones\/producto\/ifct057po-internet-seguro-50-horas\/"]}]},{"@type":"ImageObject","inLanguage":"es","@id":"https:\/\/mefp.grupopiquer.com\/inscripciones\/producto\/ifct057po-internet-seguro-50-horas\/#primaryimage","url":"https:\/\/mefp.grupopiquer.com\/inscripciones\/wp-content\/uploads\/2023\/05\/earth-2254769_1920-e1683207259992.jpg","contentUrl":"https:\/\/mefp.grupopiquer.com\/inscripciones\/wp-content\/uploads\/2023\/05\/earth-2254769_1920-e1683207259992.jpg","width":1920,"height":1080},{"@type":"BreadcrumbList","@id":"https:\/\/mefp.grupopiquer.com\/inscripciones\/producto\/ifct057po-internet-seguro-50-horas\/#breadcrumb","itemListElement":[{"@type":"ListItem","position":1,"name":"Portada","item":"https:\/\/mefp.grupopiquer.com\/inscripciones\/"},{"@type":"ListItem","position":2,"name":"Tienda","item":"https:\/\/mefp.grupopiquer.com\/inscripciones\/tienda\/"},{"@type":"ListItem","position":3,"name":"IFCT057PO &#8211; Internet Seguro (50 horas)"}]},{"@type":"WebSite","@id":"https:\/\/mefp.grupopiquer.com\/inscripciones\/#website","url":"https:\/\/mefp.grupopiquer.com\/inscripciones\/","name":"Contenidos Online","description":"","publisher":{"@id":"https:\/\/mefp.grupopiquer.com\/inscripciones\/#organization"},"potentialAction":[{"@type":"SearchAction","target":{"@type":"EntryPoint","urlTemplate":"https:\/\/mefp.grupopiquer.com\/inscripciones\/?s={search_term_string}"},"query-input":{"@type":"PropertyValueSpecification","valueRequired":true,"valueName":"search_term_string"}}],"inLanguage":"es"},{"@type":"Organization","@id":"https:\/\/mefp.grupopiquer.com\/inscripciones\/#organization","name":"Contenidos Online","url":"https:\/\/mefp.grupopiquer.com\/inscripciones\/","logo":{"@type":"ImageObject","inLanguage":"es","@id":"https:\/\/mefp.grupopiquer.com\/inscripciones\/#\/schema\/logo\/image\/","url":"","contentUrl":"","caption":"Contenidos Online"},"image":{"@id":"https:\/\/mefp.grupopiquer.com\/inscripciones\/#\/schema\/logo\/image\/"}}]}},"_links":{"self":[{"href":"https:\/\/mefp.grupopiquer.com\/inscripciones\/wp-json\/wp\/v2\/product\/4584"}],"collection":[{"href":"https:\/\/mefp.grupopiquer.com\/inscripciones\/wp-json\/wp\/v2\/product"}],"about":[{"href":"https:\/\/mefp.grupopiquer.com\/inscripciones\/wp-json\/wp\/v2\/types\/product"}],"replies":[{"embeddable":true,"href":"https:\/\/mefp.grupopiquer.com\/inscripciones\/wp-json\/wp\/v2\/comments?post=4584"}],"wp:featuredmedia":[{"embeddable":true,"href":"https:\/\/mefp.grupopiquer.com\/inscripciones\/wp-json\/wp\/v2\/media\/5010"}],"wp:attachment":[{"href":"https:\/\/mefp.grupopiquer.com\/inscripciones\/wp-json\/wp\/v2\/media?parent=4584"}],"wp:term":[{"taxonomy":"product_cat","embeddable":true,"href":"https:\/\/mefp.grupopiquer.com\/inscripciones\/wp-json\/wp\/v2\/product_cat?post=4584"},{"taxonomy":"product_tag","embeddable":true,"href":"https:\/\/mefp.grupopiquer.com\/inscripciones\/wp-json\/wp\/v2\/product_tag?post=4584"}],"curies":[{"name":"wp","href":"https:\/\/api.w.org\/{rel}","templated":true}]}}