{"id":4580,"date":"2023-05-02T11:12:16","date_gmt":"2023-05-02T11:12:16","guid":{"rendered":"https:\/\/mefp.grupopiquer.com\/inscripciones\/producto\/ifct021po-autocad-3d-70-horas\/"},"modified":"2023-05-16T13:35:05","modified_gmt":"2023-05-16T13:35:05","slug":"ifct021po-autocad-3d-70-horas","status":"publish","type":"product","link":"https:\/\/mefp.grupopiquer.com\/inscripciones\/producto\/ifct021po-autocad-3d-70-horas\/","title":{"rendered":"IFCT021PO &#8211; Autocad 3D (70 horas)"},"content":{"rendered":"<div id=\"accordion\">\n<h3>OBJETIVOS<\/h3>\n<div>Crear y modificar piezas del programa de dibujo inform\u00e1tico Autocad en 3D, conociendo los ficheros en tres dimensiones y las herramientas de trabajo m\u00e1s potentes y actuales en los procesos de dise\u00f1o, una vez que ya se disponen nociones b\u00e1sicas de modelado en 2D.<\/div>\n<h3>CONTENIDOS<\/h3>\n<div>1. OBJETOS EN 3D<br \/>\n1.1. Elevaci\u00f3n y altura.<br \/>\n1.2. Punto de vista.<br \/>\n1.3. Caras tridimensionales.<br \/>\n1.4. Mallas poligonales.<br \/>\n1.5. Superficie reglada.<\/p>\n<p>2. MALLAS Y SUPERFICIES<br \/>\n2.1. Comando suplados.<br \/>\n2.2. Desplazamiento de mallas.<br \/>\n2.3. Superficies de revoluci\u00f3n.<br \/>\n2.4. Sombrear objetos 3D.<br \/>\n2.5. Superficies predefinidas.<br \/>\n2.6. Comando suptab.<\/p>\n<p>3. SISTEMA DE COORDENADAS<br \/>\n3.1. El comando SCP.<br \/>\n3.2. Visualizaci\u00f3n de los ejes.<br \/>\n3.3. SCP predefinido.<br \/>\n3.4. Gesti\u00f3n del SCP.<br \/>\n3.5. Comando planta.<\/p>\n<p>4. VISTAS EN 3D<br \/>\n4.1. Zoom en tiempo real.<br \/>\n4.2. Obtener encuadres.<br \/>\n4.3. Vista a\u00e9rea.<br \/>\n4.4. Rotaci\u00f3n y tr\u00edpode.<br \/>\n4.5. Vistas predefinidas.<br \/>\n4.6. Manejo de la c\u00e1mara.<br \/>\n4.7. Tipos de proyecciones.<\/p>\n<p>5. VENTANAS M\u00daLTIPLES<br \/>\n5.1. Dividir en ventanas.<br \/>\n5.2. Planta, perfil y alzado.<br \/>\n5.3. Trabajando con ventanas.<br \/>\n5.4. Espacio modelo y papel.<br \/>\n5.5. Ventanas flotantes.<br \/>\n5.6. El comando VMULT.<\/p>\n<p>6. IMPRESI\u00d3N DEL DIBUJO<br \/>\n6.1. Configurar la presentaci\u00f3n.<br \/>\n6.2. El asistente de presentaciones.<br \/>\n6.3. Organizar las ventanas.<br \/>\n6.4. Ocultar objetos.<br \/>\n6.5. Imprimir a escala.<br \/>\n6.6. Dispositivo de impresi\u00f3n.<br \/>\n6.7. Modelado de s\u00f3lidos.<\/p>\n<p>7. S\u00d3LIDOS<br \/>\n7.1. Modelizaci\u00f3n avanzada.<br \/>\n7.2. Creaci\u00f3n de s\u00f3lidos.<br \/>\n7.3. Operaciones con s\u00f3lidos.<br \/>\n7.4. Chaflanes.<br \/>\n7.5. Diferencia de s\u00f3lidos.<br \/>\n7.6. Ocultaci\u00f3n y sombreado.<\/p>\n<p>8. TRABAJANDO CON S\u00d3LIDOS<br \/>\n8.1. Otros s\u00f3lidos b\u00e1sicos.<br \/>\n8.2. S\u00f3lidos por extrusi\u00f3n.<br \/>\n8.3. Revoluci\u00f3n de un perfil.<br \/>\n8.4. Girar objetos en 3D.<br \/>\n8.5. Matrices tridimensionales.<br \/>\n8.6. Empalmes en 3D.<\/p>\n<p>9. CORTAR Y SECCIONAR<br \/>\n9.1. Cambio de propiedades.<br \/>\n9.2. Propiedades f\u00edsicas.<br \/>\n9.3. Seccionar s\u00f3lidos.<br \/>\n9.4. Aplicar cortes.<br \/>\n9.5. Simetr\u00eda en s\u00f3lidos.<br \/>\n9.6. Posici\u00f3n de objetos en 3D.<br \/>\n9.7. Interferencias.<\/p>\n<p>10. MODIFICACI\u00d3N DE CARAS<br \/>\n10.1. Extrusi\u00f3n de caras.<br \/>\n10.2. Copia y desplazamiento.<br \/>\n10.3. Desfase, giro e inclinaci\u00f3n.<br \/>\n10.4. Colorear y estampar.<\/p>\n<p>11. MODELIZADO DE OBJETOS<br \/>\n11.1. Comando render.<br \/>\n11.2. Preferencias de modelizado.<br \/>\n11.3. Destino del modelizado.<br \/>\n11.4. La ventana render.<br \/>\n11.5. Iluminaci\u00f3n de la escena.<br \/>\n11.6. Luz distante.<\/p>\n<p>12. MATERIALES Y ESCENAS<br \/>\n12.1. Sombras en el modelizado.<br \/>\n12.2. Aplicar materiales.<br \/>\n12.3. Crear materiales.<br \/>\n12.4. Utilizaci\u00f3n de escenas.<br \/>\n12.5. Estad\u00edsticas.<\/p>\n<p>13. FONDOS Y PAISAJES<br \/>\n13.1. Proyectar en s\u00f3lidos.<br \/>\n13.2. Guardar im\u00e1genes.<br \/>\n13.3. Ver im\u00e1genes.<br \/>\n13.4. Incluir fondos.<br \/>\n13.5. Efecto de niebla.<br \/>\n13.6. Objetos paisaj\u00edsticos.<br \/>\n13.7. Edici\u00f3n de paisajes. Contenidos pr\u00e1cticos.<\/p>\n<\/div>\n<\/div>\n","protected":false},"excerpt":{"rendered":"<p>Crear y modificar piezas del programa de dibujo inform\u00e1tico Autocad en 3D, conociendo los ficheros en tres dimensiones y las herramientas de trabajo m\u00e1s potentes y actuales en los procesos de dise\u00f1o, una vez que ya se disponen nociones b\u00e1sicas de modelado en 2D.<\/p>\n","protected":false},"featured_media":5014,"comment_status":"closed","ping_status":"closed","template":"","meta":[],"product_cat":[110],"product_tag":[],"class_list":{"0":"post-4580","1":"product","2":"type-product","3":"status-publish","4":"has-post-thumbnail","6":"product_cat-sistemas-y-telematica","8":"first","9":"instock","10":"taxable","11":"shipping-taxable","12":"purchasable","13":"product-type-simple"},"yoast_head":"<!-- This site is optimized with the Yoast SEO plugin v23.5 - https:\/\/yoast.com\/wordpress\/plugins\/seo\/ -->\n<title>IFCT021PO - Autocad 3D (70 horas) - Contenidos Online<\/title>\n<meta name=\"robots\" content=\"index, follow, max-snippet:-1, max-image-preview:large, max-video-preview:-1\" \/>\n<link rel=\"canonical\" href=\"https:\/\/mefp.grupopiquer.com\/inscripciones\/producto\/ifct021po-autocad-3d-70-horas\/\" \/>\n<meta property=\"og:locale\" content=\"es_ES\" \/>\n<meta property=\"og:type\" content=\"article\" \/>\n<meta property=\"og:title\" content=\"IFCT021PO - Autocad 3D (70 horas) - Contenidos Online\" \/>\n<meta property=\"og:description\" content=\"Crear y modificar piezas del programa de dibujo inform\u00e1tico Autocad en 3D, conociendo los ficheros en tres dimensiones y las herramientas de trabajo m\u00e1s potentes y actuales en los procesos de dise\u00f1o, una vez que ya se disponen nociones b\u00e1sicas de modelado en 2D.\" \/>\n<meta property=\"og:url\" content=\"https:\/\/mefp.grupopiquer.com\/inscripciones\/producto\/ifct021po-autocad-3d-70-horas\/\" \/>\n<meta property=\"og:site_name\" content=\"Contenidos Online\" \/>\n<meta property=\"article:modified_time\" content=\"2023-05-16T13:35:05+00:00\" \/>\n<meta property=\"og:image\" content=\"https:\/\/mefp.grupopiquer.com\/inscripciones\/wp-content\/uploads\/2023\/05\/9-iN7XG6uKC4fppf_Hnq0TYeSlpLmBroE-e1683207487804.jpg\" \/>\n\t<meta property=\"og:image:width\" content=\"1680\" \/>\n\t<meta property=\"og:image:height\" content=\"945\" \/>\n\t<meta property=\"og:image:type\" content=\"image\/jpeg\" \/>\n<meta name=\"twitter:card\" content=\"summary_large_image\" \/>\n<meta name=\"twitter:label1\" content=\"Tiempo de lectura\" \/>\n\t<meta name=\"twitter:data1\" content=\"2 minutos\" \/>\n<script type=\"application\/ld+json\" class=\"yoast-schema-graph\">{\"@context\":\"https:\/\/schema.org\",\"@graph\":[{\"@type\":\"WebPage\",\"@id\":\"https:\/\/mefp.grupopiquer.com\/inscripciones\/producto\/ifct021po-autocad-3d-70-horas\/\",\"url\":\"https:\/\/mefp.grupopiquer.com\/inscripciones\/producto\/ifct021po-autocad-3d-70-horas\/\",\"name\":\"IFCT021PO - Autocad 3D (70 horas) - Contenidos Online\",\"isPartOf\":{\"@id\":\"https:\/\/mefp.grupopiquer.com\/inscripciones\/#website\"},\"primaryImageOfPage\":{\"@id\":\"https:\/\/mefp.grupopiquer.com\/inscripciones\/producto\/ifct021po-autocad-3d-70-horas\/#primaryimage\"},\"image\":{\"@id\":\"https:\/\/mefp.grupopiquer.com\/inscripciones\/producto\/ifct021po-autocad-3d-70-horas\/#primaryimage\"},\"thumbnailUrl\":\"https:\/\/mefp.grupopiquer.com\/inscripciones\/wp-content\/uploads\/2023\/05\/9-iN7XG6uKC4fppf_Hnq0TYeSlpLmBroE-e1683207487804.jpg\",\"datePublished\":\"2023-05-02T11:12:16+00:00\",\"dateModified\":\"2023-05-16T13:35:05+00:00\",\"breadcrumb\":{\"@id\":\"https:\/\/mefp.grupopiquer.com\/inscripciones\/producto\/ifct021po-autocad-3d-70-horas\/#breadcrumb\"},\"inLanguage\":\"es\",\"potentialAction\":[{\"@type\":\"ReadAction\",\"target\":[\"https:\/\/mefp.grupopiquer.com\/inscripciones\/producto\/ifct021po-autocad-3d-70-horas\/\"]}]},{\"@type\":\"ImageObject\",\"inLanguage\":\"es\",\"@id\":\"https:\/\/mefp.grupopiquer.com\/inscripciones\/producto\/ifct021po-autocad-3d-70-horas\/#primaryimage\",\"url\":\"https:\/\/mefp.grupopiquer.com\/inscripciones\/wp-content\/uploads\/2023\/05\/9-iN7XG6uKC4fppf_Hnq0TYeSlpLmBroE-e1683207487804.jpg\",\"contentUrl\":\"https:\/\/mefp.grupopiquer.com\/inscripciones\/wp-content\/uploads\/2023\/05\/9-iN7XG6uKC4fppf_Hnq0TYeSlpLmBroE-e1683207487804.jpg\",\"width\":1680,\"height\":945},{\"@type\":\"BreadcrumbList\",\"@id\":\"https:\/\/mefp.grupopiquer.com\/inscripciones\/producto\/ifct021po-autocad-3d-70-horas\/#breadcrumb\",\"itemListElement\":[{\"@type\":\"ListItem\",\"position\":1,\"name\":\"Portada\",\"item\":\"https:\/\/mefp.grupopiquer.com\/inscripciones\/\"},{\"@type\":\"ListItem\",\"position\":2,\"name\":\"Tienda\",\"item\":\"https:\/\/mefp.grupopiquer.com\/inscripciones\/tienda\/\"},{\"@type\":\"ListItem\",\"position\":3,\"name\":\"IFCT021PO &#8211; Autocad 3D (70 horas)\"}]},{\"@type\":\"WebSite\",\"@id\":\"https:\/\/mefp.grupopiquer.com\/inscripciones\/#website\",\"url\":\"https:\/\/mefp.grupopiquer.com\/inscripciones\/\",\"name\":\"Contenidos Online\",\"description\":\"\",\"publisher\":{\"@id\":\"https:\/\/mefp.grupopiquer.com\/inscripciones\/#organization\"},\"potentialAction\":[{\"@type\":\"SearchAction\",\"target\":{\"@type\":\"EntryPoint\",\"urlTemplate\":\"https:\/\/mefp.grupopiquer.com\/inscripciones\/?s={search_term_string}\"},\"query-input\":{\"@type\":\"PropertyValueSpecification\",\"valueRequired\":true,\"valueName\":\"search_term_string\"}}],\"inLanguage\":\"es\"},{\"@type\":\"Organization\",\"@id\":\"https:\/\/mefp.grupopiquer.com\/inscripciones\/#organization\",\"name\":\"Contenidos Online\",\"url\":\"https:\/\/mefp.grupopiquer.com\/inscripciones\/\",\"logo\":{\"@type\":\"ImageObject\",\"inLanguage\":\"es\",\"@id\":\"https:\/\/mefp.grupopiquer.com\/inscripciones\/#\/schema\/logo\/image\/\",\"url\":\"\",\"contentUrl\":\"\",\"caption\":\"Contenidos Online\"},\"image\":{\"@id\":\"https:\/\/mefp.grupopiquer.com\/inscripciones\/#\/schema\/logo\/image\/\"}}]}<\/script>\n<!-- \/ Yoast SEO plugin. -->","yoast_head_json":{"title":"IFCT021PO - Autocad 3D (70 horas) - Contenidos Online","robots":{"index":"index","follow":"follow","max-snippet":"max-snippet:-1","max-image-preview":"max-image-preview:large","max-video-preview":"max-video-preview:-1"},"canonical":"https:\/\/mefp.grupopiquer.com\/inscripciones\/producto\/ifct021po-autocad-3d-70-horas\/","og_locale":"es_ES","og_type":"article","og_title":"IFCT021PO - Autocad 3D (70 horas) - Contenidos Online","og_description":"Crear y modificar piezas del programa de dibujo inform\u00e1tico Autocad en 3D, conociendo los ficheros en tres dimensiones y las herramientas de trabajo m\u00e1s potentes y actuales en los procesos de dise\u00f1o, una vez que ya se disponen nociones b\u00e1sicas de modelado en 2D.","og_url":"https:\/\/mefp.grupopiquer.com\/inscripciones\/producto\/ifct021po-autocad-3d-70-horas\/","og_site_name":"Contenidos Online","article_modified_time":"2023-05-16T13:35:05+00:00","og_image":[{"width":1680,"height":945,"url":"https:\/\/mefp.grupopiquer.com\/inscripciones\/wp-content\/uploads\/2023\/05\/9-iN7XG6uKC4fppf_Hnq0TYeSlpLmBroE-e1683207487804.jpg","type":"image\/jpeg"}],"twitter_card":"summary_large_image","twitter_misc":{"Tiempo de lectura":"2 minutos"},"schema":{"@context":"https:\/\/schema.org","@graph":[{"@type":"WebPage","@id":"https:\/\/mefp.grupopiquer.com\/inscripciones\/producto\/ifct021po-autocad-3d-70-horas\/","url":"https:\/\/mefp.grupopiquer.com\/inscripciones\/producto\/ifct021po-autocad-3d-70-horas\/","name":"IFCT021PO - Autocad 3D (70 horas) - Contenidos Online","isPartOf":{"@id":"https:\/\/mefp.grupopiquer.com\/inscripciones\/#website"},"primaryImageOfPage":{"@id":"https:\/\/mefp.grupopiquer.com\/inscripciones\/producto\/ifct021po-autocad-3d-70-horas\/#primaryimage"},"image":{"@id":"https:\/\/mefp.grupopiquer.com\/inscripciones\/producto\/ifct021po-autocad-3d-70-horas\/#primaryimage"},"thumbnailUrl":"https:\/\/mefp.grupopiquer.com\/inscripciones\/wp-content\/uploads\/2023\/05\/9-iN7XG6uKC4fppf_Hnq0TYeSlpLmBroE-e1683207487804.jpg","datePublished":"2023-05-02T11:12:16+00:00","dateModified":"2023-05-16T13:35:05+00:00","breadcrumb":{"@id":"https:\/\/mefp.grupopiquer.com\/inscripciones\/producto\/ifct021po-autocad-3d-70-horas\/#breadcrumb"},"inLanguage":"es","potentialAction":[{"@type":"ReadAction","target":["https:\/\/mefp.grupopiquer.com\/inscripciones\/producto\/ifct021po-autocad-3d-70-horas\/"]}]},{"@type":"ImageObject","inLanguage":"es","@id":"https:\/\/mefp.grupopiquer.com\/inscripciones\/producto\/ifct021po-autocad-3d-70-horas\/#primaryimage","url":"https:\/\/mefp.grupopiquer.com\/inscripciones\/wp-content\/uploads\/2023\/05\/9-iN7XG6uKC4fppf_Hnq0TYeSlpLmBroE-e1683207487804.jpg","contentUrl":"https:\/\/mefp.grupopiquer.com\/inscripciones\/wp-content\/uploads\/2023\/05\/9-iN7XG6uKC4fppf_Hnq0TYeSlpLmBroE-e1683207487804.jpg","width":1680,"height":945},{"@type":"BreadcrumbList","@id":"https:\/\/mefp.grupopiquer.com\/inscripciones\/producto\/ifct021po-autocad-3d-70-horas\/#breadcrumb","itemListElement":[{"@type":"ListItem","position":1,"name":"Portada","item":"https:\/\/mefp.grupopiquer.com\/inscripciones\/"},{"@type":"ListItem","position":2,"name":"Tienda","item":"https:\/\/mefp.grupopiquer.com\/inscripciones\/tienda\/"},{"@type":"ListItem","position":3,"name":"IFCT021PO &#8211; Autocad 3D (70 horas)"}]},{"@type":"WebSite","@id":"https:\/\/mefp.grupopiquer.com\/inscripciones\/#website","url":"https:\/\/mefp.grupopiquer.com\/inscripciones\/","name":"Contenidos Online","description":"","publisher":{"@id":"https:\/\/mefp.grupopiquer.com\/inscripciones\/#organization"},"potentialAction":[{"@type":"SearchAction","target":{"@type":"EntryPoint","urlTemplate":"https:\/\/mefp.grupopiquer.com\/inscripciones\/?s={search_term_string}"},"query-input":{"@type":"PropertyValueSpecification","valueRequired":true,"valueName":"search_term_string"}}],"inLanguage":"es"},{"@type":"Organization","@id":"https:\/\/mefp.grupopiquer.com\/inscripciones\/#organization","name":"Contenidos Online","url":"https:\/\/mefp.grupopiquer.com\/inscripciones\/","logo":{"@type":"ImageObject","inLanguage":"es","@id":"https:\/\/mefp.grupopiquer.com\/inscripciones\/#\/schema\/logo\/image\/","url":"","contentUrl":"","caption":"Contenidos Online"},"image":{"@id":"https:\/\/mefp.grupopiquer.com\/inscripciones\/#\/schema\/logo\/image\/"}}]}},"_links":{"self":[{"href":"https:\/\/mefp.grupopiquer.com\/inscripciones\/wp-json\/wp\/v2\/product\/4580"}],"collection":[{"href":"https:\/\/mefp.grupopiquer.com\/inscripciones\/wp-json\/wp\/v2\/product"}],"about":[{"href":"https:\/\/mefp.grupopiquer.com\/inscripciones\/wp-json\/wp\/v2\/types\/product"}],"replies":[{"embeddable":true,"href":"https:\/\/mefp.grupopiquer.com\/inscripciones\/wp-json\/wp\/v2\/comments?post=4580"}],"wp:featuredmedia":[{"embeddable":true,"href":"https:\/\/mefp.grupopiquer.com\/inscripciones\/wp-json\/wp\/v2\/media\/5014"}],"wp:attachment":[{"href":"https:\/\/mefp.grupopiquer.com\/inscripciones\/wp-json\/wp\/v2\/media?parent=4580"}],"wp:term":[{"taxonomy":"product_cat","embeddable":true,"href":"https:\/\/mefp.grupopiquer.com\/inscripciones\/wp-json\/wp\/v2\/product_cat?post=4580"},{"taxonomy":"product_tag","embeddable":true,"href":"https:\/\/mefp.grupopiquer.com\/inscripciones\/wp-json\/wp\/v2\/product_tag?post=4580"}],"curies":[{"name":"wp","href":"https:\/\/api.w.org\/{rel}","templated":true}]}}