{"id":4578,"date":"2023-05-02T11:12:04","date_gmt":"2023-05-02T11:12:04","guid":{"rendered":"https:\/\/mefp.grupopiquer.com\/inscripciones\/producto\/ifcm039po-wordpress-30-horas\/"},"modified":"2023-05-16T13:38:03","modified_gmt":"2023-05-16T13:38:03","slug":"ifcm039po-wordpress-30-horas","status":"publish","type":"product","link":"https:\/\/mefp.grupopiquer.com\/inscripciones\/producto\/ifcm039po-wordpress-30-horas\/","title":{"rendered":"IFCM039PO &#8211; WordPress (30 horas)"},"content":{"rendered":"<div id=\"accordion\">\n<h3>OBJETIVOS<\/h3>\n<div>Conocer la herramienta WordPress para la creaci\u00f3n de blogs y crear una cuenta, y utilizar herramientas que ayuden a convertir nuestro WordPress en un website mucho m\u00e1s completo y \u00fatil.<\/div>\n<h3>CONTENIDOS<\/h3>\n<div>1. EL FEN\u00d3MENO BLOG. COMO CREAR UNA CUENTA EN WORDPRESS<br \/>\n1.1. Introducci\u00f3n y objetivos.<br \/>\n1.2. Introducci\u00f3n a Internet: un poco de historia.<br \/>\n1.3. Internet como nuevo canal de comunicaci\u00f3n.<br \/>\n1.3.1. Diferencia con los medios tradicionales de comunicaci\u00f3n.<br \/>\n1.3.2. Ventaja de Internet como medio de comunicaci\u00f3n.<br \/>\n1.3.3. El lector digital.<br \/>\n1.4. La p\u00e1gina web.<br \/>\n1.4.1. El sitio web.<br \/>\n1.4.2. Tipos de websites.<br \/>\n1.5. El fen\u00f3meno blog. El microblogging.<br \/>\n1.5.1. Definiciones de blogs.<br \/>\n1.5.2. El periodismo 2.0 o periodismo ciudadano.<br \/>\n1.5.3. Blogesfera.<br \/>\n1.5.4. Microblogs.<br \/>\n1.5.5. Particularidades.<br \/>\n1.5.6. Algunas pautas para el microblog.<br \/>\n1.5.7. Pautas para la redacci\u00f3n en Twitter.<br \/>\n1.6. Caracter\u00edsticas de un blog.<br \/>\n1.6.1. Or\u00edgenes del nombre.<br \/>\n1.6.2. Caracter\u00edsticas de un blog.<br \/>\n1.6.3. Caracter\u00edsticas sociales de los blogs.<br \/>\n1.7. Consejos para redactar un blog.<br \/>\n1.7.1. Principios de redacci\u00f3n.<br \/>\n1.7.2. Trucos para captar la atenci\u00f3n y aumentar las visitas.<br \/>\n1.8. Plataformas online para la creaci\u00f3n de blogs.<br \/>\n1.8.1. Introducci\u00f3n.<br \/>\n1.8.2. WordPress vs Blogger.<br \/>\n1.8.3. Herramientas CMS para la creaci\u00f3n de blogs.<br \/>\n1.8.4. Principales CMS.<br \/>\n1.9. WordPress.<br \/>\n1.9.1. \u00bfQu\u00e9 es WordPress?<br \/>\n1.9.2. Caracter\u00edsticas de WordPress.<br \/>\n1.9.3. \u00bfQu\u00e9 podemos construir con WordPress?<br \/>\n1.9.4. Creando una cuenta en wordpress.com.<\/p>\n<p>2. CONSTRUYENDO UN BLOG PROFESIONAL CON WORDPRESS<br \/>\n2.1. Introducci\u00f3n y objetivos.<br \/>\n2.2. Creando posts.<br \/>\n2.2.1. Los dos paneles de control de WordPress.<br \/>\n2.2.2. Panel de control moderno.<br \/>\n2.2.3. Panel de control antiguo wp-admin.<br \/>\n2.2.4. En el panel moderno.<br \/>\n2.2.5. Creaci\u00f3n de un nuevo post en el panel wp-admin.<br \/>\n2.2.6. Creaci\u00f3n de un nuevo post en el panel moderno.<br \/>\n2.3. Organizaci\u00f3n de los posts. Etiquetado.<br \/>\n2.3.1. Etiquetado en el panel wp-admin.<br \/>\n2.3.2. Etiquetas (tags).<br \/>\n2.3.3. Etiquetado en el panel moderno.<br \/>\n2.4. URL amigables.<br \/>\n2.4.1. URL amigables en el panel wp-admin.<br \/>\n2.4.2. URL amigables en el panel moderno.<br \/>\n2.5. Los temas en WordPress.<br \/>\n2.5.1. Concepto general.<br \/>\n2.5.2. Eligiendo un tema para nuestro blog (en el panel wp-admin ).<br \/>\n2.5.3. Personalizar nuestro blog.<br \/>\n2.5.4. Elecci\u00f3n de tema en el panel moderno.<br \/>\n2.5.5. Personalizaci\u00f3n del tema.<br \/>\n2.6. Dando vida a nuestros posts.<br \/>\n2.6.1. Formato de posts en el panel wp-admin.<br \/>\n2.6.2. Enlaces en los posts.<br \/>\n2.6.3. Im\u00e1genes en los posts.<br \/>\n2.7. P\u00e1ginas y men\u00fas con WordPress.<br \/>\n2.7.1. P\u00e1ginas y men\u00fas con el panel wp-admin.<br \/>\n2.7.2. C\u00f3mo ver nuestra p\u00e1gina.<br \/>\n2.7.3. Creando un men\u00fa.<br \/>\n2.7.4. Creando sitios panfleto.<br \/>\n2.7.5. P\u00e1ginas y men\u00fas con el panel moderno.<br \/>\n2.8. Comentarios en el blog.<br \/>\n2.8.1. Comentarios en el panel wp-admin.<br \/>\n2.8.2. Respondiendo a los comentarios.<br \/>\n2.8.3. C\u00f3mo conseguir comentarios.<br \/>\n2.8.4. Los comentarios en WordPress.<br \/>\n2.8.5. Dejando un comentario.<br \/>\n2.8.6. Backlinks.<br \/>\n2.8.7. La lucha contra el spam.<br \/>\n2.8.8. Comentarios en el panel moderno.<\/p>\n<p>3. CARACTER\u00cdSTICAS AVANZADAS CON WORDPRESS<br \/>\n3.1. Introducci\u00f3n y objetivos.<br \/>\n3.2. Pluggins en wordpress.com.<br \/>\n3.3. A\u00f1adiendo galer\u00edas de im\u00e1genes, v\u00eddeo y m\u00fasica.<br \/>\n3.3.1. Contenido embebido en WordPress.<br \/>\n3.3.2. Creando una galer\u00eda.<br \/>\n3.3.3. Incrustando una ventana de v\u00eddeo.<br \/>\n3.3.4. Reproduciendo archivos de audio.<br \/>\n3.4. WordPress y las redes sociales.<br \/>\n3.4.1. Twitter.<br \/>\n3.4.2. Facebook.<br \/>\n3.5. Creaci\u00f3n de un formulario en WordPress.<br \/>\n3.5.1. Conceptos previos.<br \/>\n3.5.2. Pasos a seguir.<br \/>\n3.6. Crear una encuesta en WordPress.<br \/>\n3.7. Blog colaborativo entre varios autores.<br \/>\n3.7.1. Los diferentes roles en WordPress.<br \/>\n3.7.2. Creando un nuevo usuario en WordPress.<br \/>\n3.8. Tipos para atraer a nuestros lectores.<br \/>\n3.8.1. Compartir nuestro blog.<br \/>\n3.8.2. Las Redes sociales.<br \/>\n3.8.3. Mantener a los lectores atrapados.<br \/>\n3.8.4. Suscripciones por correo a nuestro blog.<br \/>\n3.8.5. Redifusi\u00f3n del blog.<br \/>\n3.9. Posicionamiento en buscadores. SEO.<br \/>\n3.9.1. SEO onpage.<br \/>\n3.9.2. Factores de b\u00fasqueda.<br \/>\n3.9.3. Factores Off Page para el posicionamiento (para una web en general).<br \/>\n3.10. Estad\u00edsticas del blog.<br \/>\n3.10.1. Introducci\u00f3n.<br \/>\n3.10.2. Accediendo a las p\u00e1ginas de estad\u00edsticas Panel moderno.<br \/>\n3.11. Monetizaci\u00f3n del blog.<br \/>\n3.12. Recursos para WordPress.<\/p><\/div>\n<\/div>\n","protected":false},"excerpt":{"rendered":"<p>Conocer la herramienta Wordpress para la creaci\u00f3n de blogs y crear una cuenta, y utilizar herramientas que ayuden a convertir nuestro Wordpress en un website mucho m\u00e1s completo y \u00fatil.<\/p>\n","protected":false},"featured_media":5016,"comment_status":"closed","ping_status":"closed","template":"","meta":[],"product_cat":[111],"product_tag":[],"class_list":{"0":"post-4578","1":"product","2":"type-product","3":"status-publish","4":"has-post-thumbnail","6":"product_cat-comunicaciones","8":"first","9":"instock","10":"taxable","11":"shipping-taxable","12":"purchasable","13":"product-type-simple"},"yoast_head":"<!-- This site is optimized with the Yoast SEO plugin v23.5 - https:\/\/yoast.com\/wordpress\/plugins\/seo\/ -->\n<title>IFCM039PO - Wordpress (30 horas) - Contenidos Online<\/title>\n<meta name=\"robots\" content=\"index, follow, max-snippet:-1, max-image-preview:large, max-video-preview:-1\" \/>\n<link rel=\"canonical\" href=\"https:\/\/mefp.grupopiquer.com\/inscripciones\/producto\/ifcm039po-wordpress-30-horas\/\" \/>\n<meta property=\"og:locale\" content=\"es_ES\" \/>\n<meta property=\"og:type\" content=\"article\" \/>\n<meta property=\"og:title\" content=\"IFCM039PO - Wordpress (30 horas) - Contenidos Online\" \/>\n<meta property=\"og:description\" content=\"Conocer la herramienta Wordpress para la creaci\u00f3n de blogs y crear una cuenta, y utilizar herramientas que ayuden a convertir nuestro Wordpress en un website mucho m\u00e1s completo y \u00fatil.\" \/>\n<meta property=\"og:url\" content=\"https:\/\/mefp.grupopiquer.com\/inscripciones\/producto\/ifcm039po-wordpress-30-horas\/\" \/>\n<meta property=\"og:site_name\" content=\"Contenidos Online\" \/>\n<meta property=\"article:modified_time\" content=\"2023-05-16T13:38:03+00:00\" \/>\n<meta property=\"og:image\" content=\"https:\/\/mefp.grupopiquer.com\/inscripciones\/wp-content\/uploads\/2023\/05\/Wordpress_generica1-e1683207564809.jpg\" \/>\n\t<meta property=\"og:image:width\" content=\"2250\" \/>\n\t<meta property=\"og:image:height\" content=\"1265\" \/>\n\t<meta property=\"og:image:type\" content=\"image\/jpeg\" \/>\n<meta name=\"twitter:card\" content=\"summary_large_image\" \/>\n<meta name=\"twitter:label1\" content=\"Tiempo de lectura\" \/>\n\t<meta name=\"twitter:data1\" content=\"3 minutos\" \/>\n<script type=\"application\/ld+json\" class=\"yoast-schema-graph\">{\"@context\":\"https:\/\/schema.org\",\"@graph\":[{\"@type\":\"WebPage\",\"@id\":\"https:\/\/mefp.grupopiquer.com\/inscripciones\/producto\/ifcm039po-wordpress-30-horas\/\",\"url\":\"https:\/\/mefp.grupopiquer.com\/inscripciones\/producto\/ifcm039po-wordpress-30-horas\/\",\"name\":\"IFCM039PO - Wordpress (30 horas) - Contenidos Online\",\"isPartOf\":{\"@id\":\"https:\/\/mefp.grupopiquer.com\/inscripciones\/#website\"},\"primaryImageOfPage\":{\"@id\":\"https:\/\/mefp.grupopiquer.com\/inscripciones\/producto\/ifcm039po-wordpress-30-horas\/#primaryimage\"},\"image\":{\"@id\":\"https:\/\/mefp.grupopiquer.com\/inscripciones\/producto\/ifcm039po-wordpress-30-horas\/#primaryimage\"},\"thumbnailUrl\":\"https:\/\/mefp.grupopiquer.com\/inscripciones\/wp-content\/uploads\/2023\/05\/Wordpress_generica1-e1683207564809.jpg\",\"datePublished\":\"2023-05-02T11:12:04+00:00\",\"dateModified\":\"2023-05-16T13:38:03+00:00\",\"breadcrumb\":{\"@id\":\"https:\/\/mefp.grupopiquer.com\/inscripciones\/producto\/ifcm039po-wordpress-30-horas\/#breadcrumb\"},\"inLanguage\":\"es\",\"potentialAction\":[{\"@type\":\"ReadAction\",\"target\":[\"https:\/\/mefp.grupopiquer.com\/inscripciones\/producto\/ifcm039po-wordpress-30-horas\/\"]}]},{\"@type\":\"ImageObject\",\"inLanguage\":\"es\",\"@id\":\"https:\/\/mefp.grupopiquer.com\/inscripciones\/producto\/ifcm039po-wordpress-30-horas\/#primaryimage\",\"url\":\"https:\/\/mefp.grupopiquer.com\/inscripciones\/wp-content\/uploads\/2023\/05\/Wordpress_generica1-e1683207564809.jpg\",\"contentUrl\":\"https:\/\/mefp.grupopiquer.com\/inscripciones\/wp-content\/uploads\/2023\/05\/Wordpress_generica1-e1683207564809.jpg\",\"width\":2250,\"height\":1265},{\"@type\":\"BreadcrumbList\",\"@id\":\"https:\/\/mefp.grupopiquer.com\/inscripciones\/producto\/ifcm039po-wordpress-30-horas\/#breadcrumb\",\"itemListElement\":[{\"@type\":\"ListItem\",\"position\":1,\"name\":\"Portada\",\"item\":\"https:\/\/mefp.grupopiquer.com\/inscripciones\/\"},{\"@type\":\"ListItem\",\"position\":2,\"name\":\"Tienda\",\"item\":\"https:\/\/mefp.grupopiquer.com\/inscripciones\/tienda\/\"},{\"@type\":\"ListItem\",\"position\":3,\"name\":\"IFCM039PO &#8211; WordPress (30 horas)\"}]},{\"@type\":\"WebSite\",\"@id\":\"https:\/\/mefp.grupopiquer.com\/inscripciones\/#website\",\"url\":\"https:\/\/mefp.grupopiquer.com\/inscripciones\/\",\"name\":\"Contenidos Online\",\"description\":\"\",\"publisher\":{\"@id\":\"https:\/\/mefp.grupopiquer.com\/inscripciones\/#organization\"},\"potentialAction\":[{\"@type\":\"SearchAction\",\"target\":{\"@type\":\"EntryPoint\",\"urlTemplate\":\"https:\/\/mefp.grupopiquer.com\/inscripciones\/?s={search_term_string}\"},\"query-input\":{\"@type\":\"PropertyValueSpecification\",\"valueRequired\":true,\"valueName\":\"search_term_string\"}}],\"inLanguage\":\"es\"},{\"@type\":\"Organization\",\"@id\":\"https:\/\/mefp.grupopiquer.com\/inscripciones\/#organization\",\"name\":\"Contenidos Online\",\"url\":\"https:\/\/mefp.grupopiquer.com\/inscripciones\/\",\"logo\":{\"@type\":\"ImageObject\",\"inLanguage\":\"es\",\"@id\":\"https:\/\/mefp.grupopiquer.com\/inscripciones\/#\/schema\/logo\/image\/\",\"url\":\"\",\"contentUrl\":\"\",\"caption\":\"Contenidos Online\"},\"image\":{\"@id\":\"https:\/\/mefp.grupopiquer.com\/inscripciones\/#\/schema\/logo\/image\/\"}}]}<\/script>\n<!-- \/ Yoast SEO plugin. -->","yoast_head_json":{"title":"IFCM039PO - Wordpress (30 horas) - Contenidos Online","robots":{"index":"index","follow":"follow","max-snippet":"max-snippet:-1","max-image-preview":"max-image-preview:large","max-video-preview":"max-video-preview:-1"},"canonical":"https:\/\/mefp.grupopiquer.com\/inscripciones\/producto\/ifcm039po-wordpress-30-horas\/","og_locale":"es_ES","og_type":"article","og_title":"IFCM039PO - Wordpress (30 horas) - Contenidos Online","og_description":"Conocer la herramienta Wordpress para la creaci\u00f3n de blogs y crear una cuenta, y utilizar herramientas que ayuden a convertir nuestro Wordpress en un website mucho m\u00e1s completo y \u00fatil.","og_url":"https:\/\/mefp.grupopiquer.com\/inscripciones\/producto\/ifcm039po-wordpress-30-horas\/","og_site_name":"Contenidos Online","article_modified_time":"2023-05-16T13:38:03+00:00","og_image":[{"width":2250,"height":1265,"url":"https:\/\/mefp.grupopiquer.com\/inscripciones\/wp-content\/uploads\/2023\/05\/Wordpress_generica1-e1683207564809.jpg","type":"image\/jpeg"}],"twitter_card":"summary_large_image","twitter_misc":{"Tiempo de lectura":"3 minutos"},"schema":{"@context":"https:\/\/schema.org","@graph":[{"@type":"WebPage","@id":"https:\/\/mefp.grupopiquer.com\/inscripciones\/producto\/ifcm039po-wordpress-30-horas\/","url":"https:\/\/mefp.grupopiquer.com\/inscripciones\/producto\/ifcm039po-wordpress-30-horas\/","name":"IFCM039PO - Wordpress (30 horas) - Contenidos Online","isPartOf":{"@id":"https:\/\/mefp.grupopiquer.com\/inscripciones\/#website"},"primaryImageOfPage":{"@id":"https:\/\/mefp.grupopiquer.com\/inscripciones\/producto\/ifcm039po-wordpress-30-horas\/#primaryimage"},"image":{"@id":"https:\/\/mefp.grupopiquer.com\/inscripciones\/producto\/ifcm039po-wordpress-30-horas\/#primaryimage"},"thumbnailUrl":"https:\/\/mefp.grupopiquer.com\/inscripciones\/wp-content\/uploads\/2023\/05\/Wordpress_generica1-e1683207564809.jpg","datePublished":"2023-05-02T11:12:04+00:00","dateModified":"2023-05-16T13:38:03+00:00","breadcrumb":{"@id":"https:\/\/mefp.grupopiquer.com\/inscripciones\/producto\/ifcm039po-wordpress-30-horas\/#breadcrumb"},"inLanguage":"es","potentialAction":[{"@type":"ReadAction","target":["https:\/\/mefp.grupopiquer.com\/inscripciones\/producto\/ifcm039po-wordpress-30-horas\/"]}]},{"@type":"ImageObject","inLanguage":"es","@id":"https:\/\/mefp.grupopiquer.com\/inscripciones\/producto\/ifcm039po-wordpress-30-horas\/#primaryimage","url":"https:\/\/mefp.grupopiquer.com\/inscripciones\/wp-content\/uploads\/2023\/05\/Wordpress_generica1-e1683207564809.jpg","contentUrl":"https:\/\/mefp.grupopiquer.com\/inscripciones\/wp-content\/uploads\/2023\/05\/Wordpress_generica1-e1683207564809.jpg","width":2250,"height":1265},{"@type":"BreadcrumbList","@id":"https:\/\/mefp.grupopiquer.com\/inscripciones\/producto\/ifcm039po-wordpress-30-horas\/#breadcrumb","itemListElement":[{"@type":"ListItem","position":1,"name":"Portada","item":"https:\/\/mefp.grupopiquer.com\/inscripciones\/"},{"@type":"ListItem","position":2,"name":"Tienda","item":"https:\/\/mefp.grupopiquer.com\/inscripciones\/tienda\/"},{"@type":"ListItem","position":3,"name":"IFCM039PO &#8211; WordPress (30 horas)"}]},{"@type":"WebSite","@id":"https:\/\/mefp.grupopiquer.com\/inscripciones\/#website","url":"https:\/\/mefp.grupopiquer.com\/inscripciones\/","name":"Contenidos Online","description":"","publisher":{"@id":"https:\/\/mefp.grupopiquer.com\/inscripciones\/#organization"},"potentialAction":[{"@type":"SearchAction","target":{"@type":"EntryPoint","urlTemplate":"https:\/\/mefp.grupopiquer.com\/inscripciones\/?s={search_term_string}"},"query-input":{"@type":"PropertyValueSpecification","valueRequired":true,"valueName":"search_term_string"}}],"inLanguage":"es"},{"@type":"Organization","@id":"https:\/\/mefp.grupopiquer.com\/inscripciones\/#organization","name":"Contenidos Online","url":"https:\/\/mefp.grupopiquer.com\/inscripciones\/","logo":{"@type":"ImageObject","inLanguage":"es","@id":"https:\/\/mefp.grupopiquer.com\/inscripciones\/#\/schema\/logo\/image\/","url":"","contentUrl":"","caption":"Contenidos Online"},"image":{"@id":"https:\/\/mefp.grupopiquer.com\/inscripciones\/#\/schema\/logo\/image\/"}}]}},"_links":{"self":[{"href":"https:\/\/mefp.grupopiquer.com\/inscripciones\/wp-json\/wp\/v2\/product\/4578"}],"collection":[{"href":"https:\/\/mefp.grupopiquer.com\/inscripciones\/wp-json\/wp\/v2\/product"}],"about":[{"href":"https:\/\/mefp.grupopiquer.com\/inscripciones\/wp-json\/wp\/v2\/types\/product"}],"replies":[{"embeddable":true,"href":"https:\/\/mefp.grupopiquer.com\/inscripciones\/wp-json\/wp\/v2\/comments?post=4578"}],"wp:featuredmedia":[{"embeddable":true,"href":"https:\/\/mefp.grupopiquer.com\/inscripciones\/wp-json\/wp\/v2\/media\/5016"}],"wp:attachment":[{"href":"https:\/\/mefp.grupopiquer.com\/inscripciones\/wp-json\/wp\/v2\/media?parent=4578"}],"wp:term":[{"taxonomy":"product_cat","embeddable":true,"href":"https:\/\/mefp.grupopiquer.com\/inscripciones\/wp-json\/wp\/v2\/product_cat?post=4578"},{"taxonomy":"product_tag","embeddable":true,"href":"https:\/\/mefp.grupopiquer.com\/inscripciones\/wp-json\/wp\/v2\/product_tag?post=4578"}],"curies":[{"name":"wp","href":"https:\/\/api.w.org\/{rel}","templated":true}]}}