{"id":4576,"date":"2023-05-02T11:11:53","date_gmt":"2023-05-02T11:11:53","guid":{"rendered":"https:\/\/mefp.grupopiquer.com\/inscripciones\/producto\/ifcm037po-herramientas-google-30-horas\/"},"modified":"2023-05-16T13:41:47","modified_gmt":"2023-05-16T13:41:47","slug":"ifcm037po-herramientas-google-30-horas","status":"publish","type":"product","link":"https:\/\/mefp.grupopiquer.com\/inscripciones\/producto\/ifcm037po-herramientas-google-30-horas\/","title":{"rendered":"IFCM037PO &#8211; Herramientas Google (30 horas)"},"content":{"rendered":"<div id=\"accordion\">\n<h3>OBJETIVOS<\/h3>\n<div>Conocer las caracter\u00edsticas principales de las distintas herramientas de Google (buscador, Google Apps, Gmail, Google Drive, Google Calendar, Google Docs, Google Sites , Google Maps, Google Hangouts).<\/div>\n<h3>CONTENIDOS<\/h3>\n<div>1. BUSCADOR DE GOOGLE<br \/>\n1.1. Introducci\u00f3n y objetivos.<br \/>\n1.2. B\u00fasquedas en Google.<br \/>\n1.2.1. Googlebot y PageRank.<br \/>\n1.2.2. Sistemas de b\u00fasqueda.<br \/>\n1.3. B\u00fasqueda avanzada.<br \/>\n1.4. B\u00fasqueda avanzada de im\u00e1genes.<br \/>\n1.5. Resumen.<\/p>\n<p>2. GOOGLE APPS<br \/>\n2.1. Introducci\u00f3n y objetivos.<br \/>\n2.2. Ventajas y beneficios para la empresa.<br \/>\n2.3. Activar Google Apps.<br \/>\n2.3.1. Introducci\u00f3n.<br \/>\n2.3.2. Herramientas de G Suite.<br \/>\n2.3.3. Creaci\u00f3n y activaci\u00f3n de una cuenta en G Suite.<br \/>\n2.4. C\u00f3mo personalizar Google App.<br \/>\n2.4.1. La Consola de Administraci\u00f3n.<br \/>\n2.4.2. Ayuda para la configuraci\u00f3n.<br \/>\n2.4.3. Personalizaci\u00f3n de G Suite.<br \/>\n2.4.4. Resumen.<\/p>\n<p>3. GMAIL<br \/>\n3.1. Introducci\u00f3n y objetivos.<br \/>\n3.2. Servicios que ofrece Gmail para la empresa.<br \/>\n3.2.1. Ventajas de Gmail para empresas 3.2.2. Configurar Gmail en G Suite.<br \/>\n3.3. Resumen.<\/p>\n<p>4. DRIVE<br \/>\n4.1. Introducci\u00f3n y objetivos.<br \/>\n4.2. \u00bfQu\u00e9 es Google Drive?<br \/>\n4.3. Interface de Google Drive.<br \/>\n4.4. Configuraci\u00f3n de Google Drive.<br \/>\n4.5. Resumen.<\/p>\n<p>5. CALENDAR<br \/>\n5.1. Introducci\u00f3n y objetivos.<br \/>\n5.2. \u00bfQu\u00e9 es Google Calendar?<br \/>\n5.3. Interfaz de Google Calender.<br \/>\n5.4. Trabajo y calendario.<br \/>\n5.5. Sincronizaci\u00f3n.<br \/>\n5.5.1. Introducci\u00f3n.<br \/>\n5.5.2. Sincronizaci\u00f3n en distintos dispositivos.<br \/>\n5.5.3. Solucionar problemas de sincronizaci\u00f3n con Google Calendar.<br \/>\n5.6. Resumen.<\/p>\n<p>6: GOOGLE DOCS<br \/>\n6.1. Introducci\u00f3n y objetivos.<br \/>\n6.2. Google Docs para la empresa.<br \/>\n6.2.1. Introducci\u00f3n.<br \/>\n6.2.2. Caracter\u00edsticas.<br \/>\n6.2.3. Trabajar con Google Docs sin conexi\u00f3n.<br \/>\n6.2.4. Herramientas de Google Docs.<br \/>\n6.2.4.1. Ver los cambios de un archivo.<br \/>\n6.2.4.2. Buscar y sustituir.<br \/>\n6.2.4.3. Usar la revisi\u00f3n ortogr\u00e1fica y la autocorrecci\u00f3n.<br \/>\n6.2.4.4. Contar las palabras de un documento.<br \/>\n6.2.4.5. Traducir un documento.<br \/>\n6.2.4.6. Utilizar en un documento el contenido sugerido.<br \/>\n6.2.4.7. Escribir con tu voz 6.2.4.8. Usar Google Keep en tu documento.<br \/>\n6.2.5. Compartir archivos de Google Docs.<br \/>\n6.2.5.1. Introducci\u00f3n.<br \/>\n6.2.5.2. Compartir el documento con ciertas personas.<br \/>\n6.2.5.3. Compartir con cualquier usuario que reciba un enlace al documento.<br \/>\n6.2.5.4. Compartir un documento de forma p\u00fablica.<br \/>\n6.2.5.5. Dejar de compartir un archivo.<br \/>\n6.2.6. Comentarios en Google Docs.<br \/>\n6.2.6.1. Diferentes maneras de realizar un comentario.<br \/>\n6.2.6.2. Editar o eliminar un comentario y enviar un comentario a una persona espec\u00edfica.<br \/>\n6.3. Grupos de Google para la empresa.<br \/>\n6.3.1. Introducci\u00f3n.<br \/>\n6.3.2. Qu\u00e9 puedes hacer con Grupos de Google.<br \/>\n6.3.3. C\u00f3mo crear un grupo.<br \/>\n6.4. Google v\u00eddeos para la empresa.<br \/>\n6.5. Resumen.<\/p>\n<p>7. SITIOS Y BLOGS<br \/>\n7.1. Introducci\u00f3n y objetivos.<br \/>\n7.2. Google sites para la empresa.<br \/>\n7.2.1. Introducci\u00f3n.<br \/>\n7.2.2. Crear un sitio web con Google Sites.<br \/>\n7.2.3. A\u00f1adir, ordenar, anidar o eliminar p\u00e1ginas.<br \/>\n7.2.4. A\u00f1adir contenido a una p\u00e1gina de Sites.<br \/>\n7.2.4.1. Introducci\u00f3n.<br \/>\n7.2. 4.2. A\u00f1adir texto.<br \/>\n7.2.4.3. A\u00f1adir im\u00e1genes.<br \/>\n7.2.4.4. Insertar otro tipo de contenido en nuestro site.<br \/>\n7.5. Elegir un estilo para la web.<br \/>\n7.5.1. Introducci\u00f3n.<br \/>\n7.5.2. Obtener una vista previa del sitio web.<br \/>\n7.5.3. Publicar el sitio web en Internet.<br \/>\n7.5.4. Elegir qui\u00e9n puede editar un sitio web.<br \/>\n7.5.5. Combinaciones de teclas.<br \/>\n7.5.6. Eliminar un sitio web.<br \/>\n7.6. Resumen.<\/p>\n<p>8. GOOGLE +<br \/>\n8.1. Introducci\u00f3n y objetivos.<br \/>\n8.2. Google Hangouts.<br \/>\n8.3. Google Hangouts. Videoconferencias para la empresa.<br \/>\n8.3.1. Introducci\u00f3n.<br \/>\n8.3.2. Empezar a usar Hangouts.<br \/>\n8.3.3. Iniciar una videollamada.<\/p>\n<p>9. GOOGLE MAPS<br \/>\n9.1. \u00bfQu\u00e9 es Google Maps?<br \/>\n9.2. Funciones de Google Maps.<br \/>\n9.3. B\u00fasqueda b\u00e1sica de ubicaciones.<br \/>\n9.4 Ventana de informaci\u00f3n.<br \/>\n9.5 Capas de Google.<br \/>\n9.6 Opciones con el bot\u00f3n derecho.<br \/>\n9.7 Otras b\u00fasquedas en Google Maps.<br \/>\n9.7.1 Negocios.<br \/>\n9.7.2 Sitios.<br \/>\n9.7.3 Coordena.<br \/>\n9.7.4 Elementos geogr\u00e1ficos.<br \/>\n9.7.5 Acceso r\u00e1pido a Street View.<br \/>\n9.7.6 Creaci\u00f3n de rutas con Google Maps.<\/p>\n<p>10 YOUTUBE<br \/>\n10.1 Introducci\u00f3n.<br \/>\n10.2 B\u00fasqueda tem\u00e1tica en Youtube.<br \/>\n10.3 Otras plataformas de v\u00eddeos.<br \/>\n10.4 Resumen.<\/p>\n<\/div>\n<\/div>\n","protected":false},"excerpt":{"rendered":"<p>Conocer las caracter\u00edsticas principales de las distintas herramientas de Google (buscador, Google Apps, Gmail, Google Drive, Google Calendar, Google Docs, Google Sites , Google Maps, Google Hangouts).<\/p>\n","protected":false},"featured_media":5018,"comment_status":"closed","ping_status":"closed","template":"","meta":[],"product_cat":[111],"product_tag":[],"class_list":{"0":"post-4576","1":"product","2":"type-product","3":"status-publish","4":"has-post-thumbnail","6":"product_cat-comunicaciones","8":"first","9":"instock","10":"taxable","11":"shipping-taxable","12":"purchasable","13":"product-type-simple"},"yoast_head":"<!-- This site is optimized with the Yoast SEO plugin v23.5 - https:\/\/yoast.com\/wordpress\/plugins\/seo\/ -->\n<title>IFCM037PO - Herramientas Google (30 horas) - Contenidos Online<\/title>\n<meta name=\"robots\" content=\"index, follow, max-snippet:-1, max-image-preview:large, max-video-preview:-1\" \/>\n<link rel=\"canonical\" href=\"https:\/\/mefp.grupopiquer.com\/inscripciones\/producto\/ifcm037po-herramientas-google-30-horas\/\" \/>\n<meta property=\"og:locale\" content=\"es_ES\" \/>\n<meta property=\"og:type\" content=\"article\" \/>\n<meta property=\"og:title\" content=\"IFCM037PO - Herramientas Google (30 horas) - Contenidos Online\" \/>\n<meta property=\"og:description\" content=\"Conocer las caracter\u00edsticas principales de las distintas herramientas de Google (buscador, Google Apps, Gmail, Google Drive, Google Calendar, Google Docs, Google Sites , Google Maps, Google Hangouts).\" \/>\n<meta property=\"og:url\" content=\"https:\/\/mefp.grupopiquer.com\/inscripciones\/producto\/ifcm037po-herramientas-google-30-horas\/\" \/>\n<meta property=\"og:site_name\" content=\"Contenidos Online\" \/>\n<meta property=\"article:modified_time\" content=\"2023-05-16T13:41:47+00:00\" \/>\n<meta property=\"og:image\" content=\"https:\/\/mefp.grupopiquer.com\/inscripciones\/wp-content\/uploads\/2023\/05\/macbook-459196_1920-e1683207716659.jpg\" \/>\n\t<meta property=\"og:image:width\" content=\"1920\" \/>\n\t<meta property=\"og:image:height\" content=\"1080\" \/>\n\t<meta property=\"og:image:type\" content=\"image\/jpeg\" \/>\n<meta name=\"twitter:card\" content=\"summary_large_image\" \/>\n<meta name=\"twitter:label1\" content=\"Tiempo de lectura\" \/>\n\t<meta name=\"twitter:data1\" content=\"3 minutos\" \/>\n<script type=\"application\/ld+json\" class=\"yoast-schema-graph\">{\"@context\":\"https:\/\/schema.org\",\"@graph\":[{\"@type\":\"WebPage\",\"@id\":\"https:\/\/mefp.grupopiquer.com\/inscripciones\/producto\/ifcm037po-herramientas-google-30-horas\/\",\"url\":\"https:\/\/mefp.grupopiquer.com\/inscripciones\/producto\/ifcm037po-herramientas-google-30-horas\/\",\"name\":\"IFCM037PO - Herramientas Google (30 horas) - Contenidos Online\",\"isPartOf\":{\"@id\":\"https:\/\/mefp.grupopiquer.com\/inscripciones\/#website\"},\"primaryImageOfPage\":{\"@id\":\"https:\/\/mefp.grupopiquer.com\/inscripciones\/producto\/ifcm037po-herramientas-google-30-horas\/#primaryimage\"},\"image\":{\"@id\":\"https:\/\/mefp.grupopiquer.com\/inscripciones\/producto\/ifcm037po-herramientas-google-30-horas\/#primaryimage\"},\"thumbnailUrl\":\"https:\/\/mefp.grupopiquer.com\/inscripciones\/wp-content\/uploads\/2023\/05\/macbook-459196_1920-e1683207716659.jpg\",\"datePublished\":\"2023-05-02T11:11:53+00:00\",\"dateModified\":\"2023-05-16T13:41:47+00:00\",\"breadcrumb\":{\"@id\":\"https:\/\/mefp.grupopiquer.com\/inscripciones\/producto\/ifcm037po-herramientas-google-30-horas\/#breadcrumb\"},\"inLanguage\":\"es\",\"potentialAction\":[{\"@type\":\"ReadAction\",\"target\":[\"https:\/\/mefp.grupopiquer.com\/inscripciones\/producto\/ifcm037po-herramientas-google-30-horas\/\"]}]},{\"@type\":\"ImageObject\",\"inLanguage\":\"es\",\"@id\":\"https:\/\/mefp.grupopiquer.com\/inscripciones\/producto\/ifcm037po-herramientas-google-30-horas\/#primaryimage\",\"url\":\"https:\/\/mefp.grupopiquer.com\/inscripciones\/wp-content\/uploads\/2023\/05\/macbook-459196_1920-e1683207716659.jpg\",\"contentUrl\":\"https:\/\/mefp.grupopiquer.com\/inscripciones\/wp-content\/uploads\/2023\/05\/macbook-459196_1920-e1683207716659.jpg\",\"width\":1920,\"height\":1080},{\"@type\":\"BreadcrumbList\",\"@id\":\"https:\/\/mefp.grupopiquer.com\/inscripciones\/producto\/ifcm037po-herramientas-google-30-horas\/#breadcrumb\",\"itemListElement\":[{\"@type\":\"ListItem\",\"position\":1,\"name\":\"Portada\",\"item\":\"https:\/\/mefp.grupopiquer.com\/inscripciones\/\"},{\"@type\":\"ListItem\",\"position\":2,\"name\":\"Tienda\",\"item\":\"https:\/\/mefp.grupopiquer.com\/inscripciones\/tienda\/\"},{\"@type\":\"ListItem\",\"position\":3,\"name\":\"IFCM037PO &#8211; Herramientas Google (30 horas)\"}]},{\"@type\":\"WebSite\",\"@id\":\"https:\/\/mefp.grupopiquer.com\/inscripciones\/#website\",\"url\":\"https:\/\/mefp.grupopiquer.com\/inscripciones\/\",\"name\":\"Contenidos Online\",\"description\":\"\",\"publisher\":{\"@id\":\"https:\/\/mefp.grupopiquer.com\/inscripciones\/#organization\"},\"potentialAction\":[{\"@type\":\"SearchAction\",\"target\":{\"@type\":\"EntryPoint\",\"urlTemplate\":\"https:\/\/mefp.grupopiquer.com\/inscripciones\/?s={search_term_string}\"},\"query-input\":{\"@type\":\"PropertyValueSpecification\",\"valueRequired\":true,\"valueName\":\"search_term_string\"}}],\"inLanguage\":\"es\"},{\"@type\":\"Organization\",\"@id\":\"https:\/\/mefp.grupopiquer.com\/inscripciones\/#organization\",\"name\":\"Contenidos Online\",\"url\":\"https:\/\/mefp.grupopiquer.com\/inscripciones\/\",\"logo\":{\"@type\":\"ImageObject\",\"inLanguage\":\"es\",\"@id\":\"https:\/\/mefp.grupopiquer.com\/inscripciones\/#\/schema\/logo\/image\/\",\"url\":\"\",\"contentUrl\":\"\",\"caption\":\"Contenidos Online\"},\"image\":{\"@id\":\"https:\/\/mefp.grupopiquer.com\/inscripciones\/#\/schema\/logo\/image\/\"}}]}<\/script>\n<!-- \/ Yoast SEO plugin. -->","yoast_head_json":{"title":"IFCM037PO - Herramientas Google (30 horas) - Contenidos Online","robots":{"index":"index","follow":"follow","max-snippet":"max-snippet:-1","max-image-preview":"max-image-preview:large","max-video-preview":"max-video-preview:-1"},"canonical":"https:\/\/mefp.grupopiquer.com\/inscripciones\/producto\/ifcm037po-herramientas-google-30-horas\/","og_locale":"es_ES","og_type":"article","og_title":"IFCM037PO - Herramientas Google (30 horas) - Contenidos Online","og_description":"Conocer las caracter\u00edsticas principales de las distintas herramientas de Google (buscador, Google Apps, Gmail, Google Drive, Google Calendar, Google Docs, Google Sites , Google Maps, Google Hangouts).","og_url":"https:\/\/mefp.grupopiquer.com\/inscripciones\/producto\/ifcm037po-herramientas-google-30-horas\/","og_site_name":"Contenidos Online","article_modified_time":"2023-05-16T13:41:47+00:00","og_image":[{"width":1920,"height":1080,"url":"https:\/\/mefp.grupopiquer.com\/inscripciones\/wp-content\/uploads\/2023\/05\/macbook-459196_1920-e1683207716659.jpg","type":"image\/jpeg"}],"twitter_card":"summary_large_image","twitter_misc":{"Tiempo de lectura":"3 minutos"},"schema":{"@context":"https:\/\/schema.org","@graph":[{"@type":"WebPage","@id":"https:\/\/mefp.grupopiquer.com\/inscripciones\/producto\/ifcm037po-herramientas-google-30-horas\/","url":"https:\/\/mefp.grupopiquer.com\/inscripciones\/producto\/ifcm037po-herramientas-google-30-horas\/","name":"IFCM037PO - Herramientas Google (30 horas) - Contenidos Online","isPartOf":{"@id":"https:\/\/mefp.grupopiquer.com\/inscripciones\/#website"},"primaryImageOfPage":{"@id":"https:\/\/mefp.grupopiquer.com\/inscripciones\/producto\/ifcm037po-herramientas-google-30-horas\/#primaryimage"},"image":{"@id":"https:\/\/mefp.grupopiquer.com\/inscripciones\/producto\/ifcm037po-herramientas-google-30-horas\/#primaryimage"},"thumbnailUrl":"https:\/\/mefp.grupopiquer.com\/inscripciones\/wp-content\/uploads\/2023\/05\/macbook-459196_1920-e1683207716659.jpg","datePublished":"2023-05-02T11:11:53+00:00","dateModified":"2023-05-16T13:41:47+00:00","breadcrumb":{"@id":"https:\/\/mefp.grupopiquer.com\/inscripciones\/producto\/ifcm037po-herramientas-google-30-horas\/#breadcrumb"},"inLanguage":"es","potentialAction":[{"@type":"ReadAction","target":["https:\/\/mefp.grupopiquer.com\/inscripciones\/producto\/ifcm037po-herramientas-google-30-horas\/"]}]},{"@type":"ImageObject","inLanguage":"es","@id":"https:\/\/mefp.grupopiquer.com\/inscripciones\/producto\/ifcm037po-herramientas-google-30-horas\/#primaryimage","url":"https:\/\/mefp.grupopiquer.com\/inscripciones\/wp-content\/uploads\/2023\/05\/macbook-459196_1920-e1683207716659.jpg","contentUrl":"https:\/\/mefp.grupopiquer.com\/inscripciones\/wp-content\/uploads\/2023\/05\/macbook-459196_1920-e1683207716659.jpg","width":1920,"height":1080},{"@type":"BreadcrumbList","@id":"https:\/\/mefp.grupopiquer.com\/inscripciones\/producto\/ifcm037po-herramientas-google-30-horas\/#breadcrumb","itemListElement":[{"@type":"ListItem","position":1,"name":"Portada","item":"https:\/\/mefp.grupopiquer.com\/inscripciones\/"},{"@type":"ListItem","position":2,"name":"Tienda","item":"https:\/\/mefp.grupopiquer.com\/inscripciones\/tienda\/"},{"@type":"ListItem","position":3,"name":"IFCM037PO &#8211; Herramientas Google (30 horas)"}]},{"@type":"WebSite","@id":"https:\/\/mefp.grupopiquer.com\/inscripciones\/#website","url":"https:\/\/mefp.grupopiquer.com\/inscripciones\/","name":"Contenidos Online","description":"","publisher":{"@id":"https:\/\/mefp.grupopiquer.com\/inscripciones\/#organization"},"potentialAction":[{"@type":"SearchAction","target":{"@type":"EntryPoint","urlTemplate":"https:\/\/mefp.grupopiquer.com\/inscripciones\/?s={search_term_string}"},"query-input":{"@type":"PropertyValueSpecification","valueRequired":true,"valueName":"search_term_string"}}],"inLanguage":"es"},{"@type":"Organization","@id":"https:\/\/mefp.grupopiquer.com\/inscripciones\/#organization","name":"Contenidos Online","url":"https:\/\/mefp.grupopiquer.com\/inscripciones\/","logo":{"@type":"ImageObject","inLanguage":"es","@id":"https:\/\/mefp.grupopiquer.com\/inscripciones\/#\/schema\/logo\/image\/","url":"","contentUrl":"","caption":"Contenidos Online"},"image":{"@id":"https:\/\/mefp.grupopiquer.com\/inscripciones\/#\/schema\/logo\/image\/"}}]}},"_links":{"self":[{"href":"https:\/\/mefp.grupopiquer.com\/inscripciones\/wp-json\/wp\/v2\/product\/4576"}],"collection":[{"href":"https:\/\/mefp.grupopiquer.com\/inscripciones\/wp-json\/wp\/v2\/product"}],"about":[{"href":"https:\/\/mefp.grupopiquer.com\/inscripciones\/wp-json\/wp\/v2\/types\/product"}],"replies":[{"embeddable":true,"href":"https:\/\/mefp.grupopiquer.com\/inscripciones\/wp-json\/wp\/v2\/comments?post=4576"}],"wp:featuredmedia":[{"embeddable":true,"href":"https:\/\/mefp.grupopiquer.com\/inscripciones\/wp-json\/wp\/v2\/media\/5018"}],"wp:attachment":[{"href":"https:\/\/mefp.grupopiquer.com\/inscripciones\/wp-json\/wp\/v2\/media?parent=4576"}],"wp:term":[{"taxonomy":"product_cat","embeddable":true,"href":"https:\/\/mefp.grupopiquer.com\/inscripciones\/wp-json\/wp\/v2\/product_cat?post=4576"},{"taxonomy":"product_tag","embeddable":true,"href":"https:\/\/mefp.grupopiquer.com\/inscripciones\/wp-json\/wp\/v2\/product_tag?post=4576"}],"curies":[{"name":"wp","href":"https:\/\/api.w.org\/{rel}","templated":true}]}}