{"id":4572,"date":"2023-05-02T11:11:28","date_gmt":"2023-05-02T11:11:28","guid":{"rendered":"https:\/\/mefp.grupopiquer.com\/inscripciones\/producto\/ifcm007po-google-y-sus-aplicaciones-30-horas\/"},"modified":"2023-05-16T13:46:40","modified_gmt":"2023-05-16T13:46:40","slug":"ifcm007po-google-y-sus-aplicaciones-30-horas","status":"publish","type":"product","link":"https:\/\/mefp.grupopiquer.com\/inscripciones\/producto\/ifcm007po-google-y-sus-aplicaciones-30-horas\/","title":{"rendered":"IFCM007PO &#8211; Google y sus Aplicaciones (30 horas)"},"content":{"rendered":"<div id=\"accordion\">\n<h3>OBJETIVOS<\/h3>\n<div>Manejar las aplicaciones b\u00e1sicas que proporciona Google.<\/div>\n<h3>CONTENIDOS<\/h3>\n<div>1. LA COMUNICACI\u00d3N EN INTERNET<br \/>\n1.1. Introducci\u00f3n a Google como espacio com\u00fan para gesti\u00f3n de las comunicaciones.<\/p>\n<p>2. APLICACIONES PARA GESTI\u00d3N DE LAS COMUNICACIONES CON GOOGLE<\/p>\n<p>3. GMAIL: EL CORREO ELECTR\u00d3NICO DE GOOGLE<br \/>\n3.1. Herramientas y m\u00e9todos de gesti\u00f3n con Gmail.<\/p>\n<p>4. CONFIGURACI\u00d3N GENERAL BANDEJA DE ENTRADA, PERFILES Y PROPIEDADES<\/p>\n<p>5. CONTROL Y CONFIGURACI\u00d3N PARA EVITAR SPAM, VIRUS, ETC<\/p>\n<p>6. GESTI\u00d3N DE LA AGENDA Y CONTACTOS<\/p>\n<p>7. M\u00c9TODOS DE FILTRADO, CONTESTACI\u00d3N, ARCHIVO O ELIMINACI\u00d3N<br \/>\n7.1. M\u00e9todos de env\u00edo masivo a grupos y contactos.<\/p>\n<p>8. M\u00c9TODOS DE ORGANIZACI\u00d3N EFICAZ<br \/>\n8.1. M\u00e9todos de localizaci\u00f3n r\u00e1pida de la informaci\u00f3n en mensajes.<\/p>\n<p>9. GESTI\u00d3N EFICAZ DEL CORREO ELECTR\u00d3NICO DE USO PROFESIONAL<\/p>\n<p>10. ESTRATEGIAS DE GESTI\u00d3N ADECUADA DE COMUNICACIONES POR CORREO ELECTR\u00d3NICO, PARA EVITAR SATURACI\u00d3N O SOBREDIMENSIONAMIENTO DE LAS COMUNIDADES<br \/>\n10.1. Consulta efectiva y planificada del correo para evitar distracciones y adicci\u00f3n.<br \/>\n10.2. Recomendaciones pr\u00e1cticas para la redacci\u00f3n de mensajes.<\/p>\n<p>11. OTRAS APLICACIONES DE GOOGLE PARA GESTIONAR LAS COMUNICACIONES<br \/>\n11.1. Google Calendar.<br \/>\n11.1.1. Agenda compartida para grupos.<br \/>\n11.2. Google Docs.<br \/>\n11.2.1. Google documentos.<br \/>\n11.3. Compartir con grupos.<br \/>\n11.3.1. Google Groups para gestionar tareas compartidas en grupo y asociar documentos de Google Docs.<br \/>\n11.4. Google Hangout: correo electr\u00f3nico compartiendo una foto realizando un chat de v\u00eddeo o respondiendo a las publicaciones de Google+ directamente desde Gmail.<\/p>\n<\/div>\n<\/div>\n","protected":false},"excerpt":{"rendered":"<p>Manejar las aplicaciones b\u00e1sicas que proporciona Google.<\/p>\n","protected":false},"featured_media":5022,"comment_status":"closed","ping_status":"closed","template":"","meta":[],"product_cat":[111],"product_tag":[],"class_list":{"0":"post-4572","1":"product","2":"type-product","3":"status-publish","4":"has-post-thumbnail","6":"product_cat-comunicaciones","8":"first","9":"instock","10":"taxable","11":"shipping-taxable","12":"purchasable","13":"product-type-simple"},"yoast_head":"<!-- This site is optimized with the Yoast SEO plugin v23.5 - https:\/\/yoast.com\/wordpress\/plugins\/seo\/ -->\n<title>IFCM007PO - Google y sus Aplicaciones (30 horas) - Contenidos Online<\/title>\n<meta name=\"robots\" content=\"index, follow, max-snippet:-1, max-image-preview:large, max-video-preview:-1\" \/>\n<link rel=\"canonical\" href=\"https:\/\/mefp.grupopiquer.com\/inscripciones\/producto\/ifcm007po-google-y-sus-aplicaciones-30-horas\/\" \/>\n<meta property=\"og:locale\" content=\"es_ES\" \/>\n<meta property=\"og:type\" content=\"article\" \/>\n<meta property=\"og:title\" content=\"IFCM007PO - Google y sus Aplicaciones (30 horas) - Contenidos Online\" \/>\n<meta property=\"og:description\" content=\"Manejar las aplicaciones b\u00e1sicas que proporciona Google.\" \/>\n<meta property=\"og:url\" content=\"https:\/\/mefp.grupopiquer.com\/inscripciones\/producto\/ifcm007po-google-y-sus-aplicaciones-30-horas\/\" \/>\n<meta property=\"og:site_name\" content=\"Contenidos Online\" \/>\n<meta property=\"article:modified_time\" content=\"2023-05-16T13:46:40+00:00\" \/>\n<meta property=\"og:image\" content=\"https:\/\/mefp.grupopiquer.com\/inscripciones\/wp-content\/uploads\/2023\/05\/shutterstock_2325364901-e1683207950259.jpg\" \/>\n\t<meta property=\"og:image:width\" content=\"1000\" \/>\n\t<meta property=\"og:image:height\" content=\"562\" \/>\n\t<meta property=\"og:image:type\" content=\"image\/jpeg\" \/>\n<meta name=\"twitter:card\" content=\"summary_large_image\" \/>\n<meta name=\"twitter:label1\" content=\"Tiempo de lectura\" \/>\n\t<meta name=\"twitter:data1\" content=\"2 minutos\" \/>\n<script type=\"application\/ld+json\" class=\"yoast-schema-graph\">{\"@context\":\"https:\/\/schema.org\",\"@graph\":[{\"@type\":\"WebPage\",\"@id\":\"https:\/\/mefp.grupopiquer.com\/inscripciones\/producto\/ifcm007po-google-y-sus-aplicaciones-30-horas\/\",\"url\":\"https:\/\/mefp.grupopiquer.com\/inscripciones\/producto\/ifcm007po-google-y-sus-aplicaciones-30-horas\/\",\"name\":\"IFCM007PO - Google y sus Aplicaciones (30 horas) - Contenidos Online\",\"isPartOf\":{\"@id\":\"https:\/\/mefp.grupopiquer.com\/inscripciones\/#website\"},\"primaryImageOfPage\":{\"@id\":\"https:\/\/mefp.grupopiquer.com\/inscripciones\/producto\/ifcm007po-google-y-sus-aplicaciones-30-horas\/#primaryimage\"},\"image\":{\"@id\":\"https:\/\/mefp.grupopiquer.com\/inscripciones\/producto\/ifcm007po-google-y-sus-aplicaciones-30-horas\/#primaryimage\"},\"thumbnailUrl\":\"https:\/\/mefp.grupopiquer.com\/inscripciones\/wp-content\/uploads\/2023\/05\/shutterstock_2325364901-e1683207950259.jpg\",\"datePublished\":\"2023-05-02T11:11:28+00:00\",\"dateModified\":\"2023-05-16T13:46:40+00:00\",\"breadcrumb\":{\"@id\":\"https:\/\/mefp.grupopiquer.com\/inscripciones\/producto\/ifcm007po-google-y-sus-aplicaciones-30-horas\/#breadcrumb\"},\"inLanguage\":\"es\",\"potentialAction\":[{\"@type\":\"ReadAction\",\"target\":[\"https:\/\/mefp.grupopiquer.com\/inscripciones\/producto\/ifcm007po-google-y-sus-aplicaciones-30-horas\/\"]}]},{\"@type\":\"ImageObject\",\"inLanguage\":\"es\",\"@id\":\"https:\/\/mefp.grupopiquer.com\/inscripciones\/producto\/ifcm007po-google-y-sus-aplicaciones-30-horas\/#primaryimage\",\"url\":\"https:\/\/mefp.grupopiquer.com\/inscripciones\/wp-content\/uploads\/2023\/05\/shutterstock_2325364901-e1683207950259.jpg\",\"contentUrl\":\"https:\/\/mefp.grupopiquer.com\/inscripciones\/wp-content\/uploads\/2023\/05\/shutterstock_2325364901-e1683207950259.jpg\",\"width\":1000,\"height\":562},{\"@type\":\"BreadcrumbList\",\"@id\":\"https:\/\/mefp.grupopiquer.com\/inscripciones\/producto\/ifcm007po-google-y-sus-aplicaciones-30-horas\/#breadcrumb\",\"itemListElement\":[{\"@type\":\"ListItem\",\"position\":1,\"name\":\"Portada\",\"item\":\"https:\/\/mefp.grupopiquer.com\/inscripciones\/\"},{\"@type\":\"ListItem\",\"position\":2,\"name\":\"Tienda\",\"item\":\"https:\/\/mefp.grupopiquer.com\/inscripciones\/tienda\/\"},{\"@type\":\"ListItem\",\"position\":3,\"name\":\"IFCM007PO &#8211; Google y sus Aplicaciones (30 horas)\"}]},{\"@type\":\"WebSite\",\"@id\":\"https:\/\/mefp.grupopiquer.com\/inscripciones\/#website\",\"url\":\"https:\/\/mefp.grupopiquer.com\/inscripciones\/\",\"name\":\"Contenidos Online\",\"description\":\"\",\"publisher\":{\"@id\":\"https:\/\/mefp.grupopiquer.com\/inscripciones\/#organization\"},\"potentialAction\":[{\"@type\":\"SearchAction\",\"target\":{\"@type\":\"EntryPoint\",\"urlTemplate\":\"https:\/\/mefp.grupopiquer.com\/inscripciones\/?s={search_term_string}\"},\"query-input\":{\"@type\":\"PropertyValueSpecification\",\"valueRequired\":true,\"valueName\":\"search_term_string\"}}],\"inLanguage\":\"es\"},{\"@type\":\"Organization\",\"@id\":\"https:\/\/mefp.grupopiquer.com\/inscripciones\/#organization\",\"name\":\"Contenidos Online\",\"url\":\"https:\/\/mefp.grupopiquer.com\/inscripciones\/\",\"logo\":{\"@type\":\"ImageObject\",\"inLanguage\":\"es\",\"@id\":\"https:\/\/mefp.grupopiquer.com\/inscripciones\/#\/schema\/logo\/image\/\",\"url\":\"\",\"contentUrl\":\"\",\"caption\":\"Contenidos Online\"},\"image\":{\"@id\":\"https:\/\/mefp.grupopiquer.com\/inscripciones\/#\/schema\/logo\/image\/\"}}]}<\/script>\n<!-- \/ Yoast SEO plugin. -->","yoast_head_json":{"title":"IFCM007PO - Google y sus Aplicaciones (30 horas) - Contenidos Online","robots":{"index":"index","follow":"follow","max-snippet":"max-snippet:-1","max-image-preview":"max-image-preview:large","max-video-preview":"max-video-preview:-1"},"canonical":"https:\/\/mefp.grupopiquer.com\/inscripciones\/producto\/ifcm007po-google-y-sus-aplicaciones-30-horas\/","og_locale":"es_ES","og_type":"article","og_title":"IFCM007PO - Google y sus Aplicaciones (30 horas) - Contenidos Online","og_description":"Manejar las aplicaciones b\u00e1sicas que proporciona Google.","og_url":"https:\/\/mefp.grupopiquer.com\/inscripciones\/producto\/ifcm007po-google-y-sus-aplicaciones-30-horas\/","og_site_name":"Contenidos Online","article_modified_time":"2023-05-16T13:46:40+00:00","og_image":[{"width":1000,"height":562,"url":"https:\/\/mefp.grupopiquer.com\/inscripciones\/wp-content\/uploads\/2023\/05\/shutterstock_2325364901-e1683207950259.jpg","type":"image\/jpeg"}],"twitter_card":"summary_large_image","twitter_misc":{"Tiempo de lectura":"2 minutos"},"schema":{"@context":"https:\/\/schema.org","@graph":[{"@type":"WebPage","@id":"https:\/\/mefp.grupopiquer.com\/inscripciones\/producto\/ifcm007po-google-y-sus-aplicaciones-30-horas\/","url":"https:\/\/mefp.grupopiquer.com\/inscripciones\/producto\/ifcm007po-google-y-sus-aplicaciones-30-horas\/","name":"IFCM007PO - Google y sus Aplicaciones (30 horas) - Contenidos Online","isPartOf":{"@id":"https:\/\/mefp.grupopiquer.com\/inscripciones\/#website"},"primaryImageOfPage":{"@id":"https:\/\/mefp.grupopiquer.com\/inscripciones\/producto\/ifcm007po-google-y-sus-aplicaciones-30-horas\/#primaryimage"},"image":{"@id":"https:\/\/mefp.grupopiquer.com\/inscripciones\/producto\/ifcm007po-google-y-sus-aplicaciones-30-horas\/#primaryimage"},"thumbnailUrl":"https:\/\/mefp.grupopiquer.com\/inscripciones\/wp-content\/uploads\/2023\/05\/shutterstock_2325364901-e1683207950259.jpg","datePublished":"2023-05-02T11:11:28+00:00","dateModified":"2023-05-16T13:46:40+00:00","breadcrumb":{"@id":"https:\/\/mefp.grupopiquer.com\/inscripciones\/producto\/ifcm007po-google-y-sus-aplicaciones-30-horas\/#breadcrumb"},"inLanguage":"es","potentialAction":[{"@type":"ReadAction","target":["https:\/\/mefp.grupopiquer.com\/inscripciones\/producto\/ifcm007po-google-y-sus-aplicaciones-30-horas\/"]}]},{"@type":"ImageObject","inLanguage":"es","@id":"https:\/\/mefp.grupopiquer.com\/inscripciones\/producto\/ifcm007po-google-y-sus-aplicaciones-30-horas\/#primaryimage","url":"https:\/\/mefp.grupopiquer.com\/inscripciones\/wp-content\/uploads\/2023\/05\/shutterstock_2325364901-e1683207950259.jpg","contentUrl":"https:\/\/mefp.grupopiquer.com\/inscripciones\/wp-content\/uploads\/2023\/05\/shutterstock_2325364901-e1683207950259.jpg","width":1000,"height":562},{"@type":"BreadcrumbList","@id":"https:\/\/mefp.grupopiquer.com\/inscripciones\/producto\/ifcm007po-google-y-sus-aplicaciones-30-horas\/#breadcrumb","itemListElement":[{"@type":"ListItem","position":1,"name":"Portada","item":"https:\/\/mefp.grupopiquer.com\/inscripciones\/"},{"@type":"ListItem","position":2,"name":"Tienda","item":"https:\/\/mefp.grupopiquer.com\/inscripciones\/tienda\/"},{"@type":"ListItem","position":3,"name":"IFCM007PO &#8211; Google y sus Aplicaciones (30 horas)"}]},{"@type":"WebSite","@id":"https:\/\/mefp.grupopiquer.com\/inscripciones\/#website","url":"https:\/\/mefp.grupopiquer.com\/inscripciones\/","name":"Contenidos Online","description":"","publisher":{"@id":"https:\/\/mefp.grupopiquer.com\/inscripciones\/#organization"},"potentialAction":[{"@type":"SearchAction","target":{"@type":"EntryPoint","urlTemplate":"https:\/\/mefp.grupopiquer.com\/inscripciones\/?s={search_term_string}"},"query-input":{"@type":"PropertyValueSpecification","valueRequired":true,"valueName":"search_term_string"}}],"inLanguage":"es"},{"@type":"Organization","@id":"https:\/\/mefp.grupopiquer.com\/inscripciones\/#organization","name":"Contenidos Online","url":"https:\/\/mefp.grupopiquer.com\/inscripciones\/","logo":{"@type":"ImageObject","inLanguage":"es","@id":"https:\/\/mefp.grupopiquer.com\/inscripciones\/#\/schema\/logo\/image\/","url":"","contentUrl":"","caption":"Contenidos Online"},"image":{"@id":"https:\/\/mefp.grupopiquer.com\/inscripciones\/#\/schema\/logo\/image\/"}}]}},"_links":{"self":[{"href":"https:\/\/mefp.grupopiquer.com\/inscripciones\/wp-json\/wp\/v2\/product\/4572"}],"collection":[{"href":"https:\/\/mefp.grupopiquer.com\/inscripciones\/wp-json\/wp\/v2\/product"}],"about":[{"href":"https:\/\/mefp.grupopiquer.com\/inscripciones\/wp-json\/wp\/v2\/types\/product"}],"replies":[{"embeddable":true,"href":"https:\/\/mefp.grupopiquer.com\/inscripciones\/wp-json\/wp\/v2\/comments?post=4572"}],"wp:featuredmedia":[{"embeddable":true,"href":"https:\/\/mefp.grupopiquer.com\/inscripciones\/wp-json\/wp\/v2\/media\/5022"}],"wp:attachment":[{"href":"https:\/\/mefp.grupopiquer.com\/inscripciones\/wp-json\/wp\/v2\/media?parent=4572"}],"wp:term":[{"taxonomy":"product_cat","embeddable":true,"href":"https:\/\/mefp.grupopiquer.com\/inscripciones\/wp-json\/wp\/v2\/product_cat?post=4572"},{"taxonomy":"product_tag","embeddable":true,"href":"https:\/\/mefp.grupopiquer.com\/inscripciones\/wp-json\/wp\/v2\/product_tag?post=4572"}],"curies":[{"name":"wp","href":"https:\/\/api.w.org\/{rel}","templated":true}]}}