{"id":4563,"date":"2023-05-02T11:10:42","date_gmt":"2023-05-02T11:10:42","guid":{"rendered":"https:\/\/mefp.grupopiquer.com\/inscripciones\/producto\/hotr050po-logistica-en-bar-aprovisionamiento-y-almacenaje-de-alimentos-y-bebidas-35-horas\/"},"modified":"2023-05-16T14:04:03","modified_gmt":"2023-05-16T14:04:03","slug":"hotr050po-logistica-en-bar-aprovisionamiento-y-almacenaje-de-alimentos-y-bebidas-35-horas","status":"publish","type":"product","link":"https:\/\/mefp.grupopiquer.com\/inscripciones\/producto\/hotr050po-logistica-en-bar-aprovisionamiento-y-almacenaje-de-alimentos-y-bebidas-35-horas\/","title":{"rendered":"HOTR050PO &#8211; Log\u00edstica en Bar: Aprovisionamiento y Almacenaje de Alimentos y Bebidas  (35 horas)"},"content":{"rendered":"<div id=\"accordion\">\n<h3>OBJETIVOS<\/h3>\n<div>Analizar los diferentes procesos que intervienen en la gesti\u00f3n log\u00edstica, economato y bodega de un restaurante-bar, evitando los riesgos que puedan derivarse de la manipulaci\u00f3n de mercanc\u00edas.<\/div>\n<h3>CONTENIDOS<\/h3>\n<div>1. INTRODUCCI\u00d3N A LA GESTI\u00d3N LOG\u00cdSTICA: ASPECTOS GENERALE<br \/>\n1.1. La log\u00edstica dentro de la empresa.<br \/>\n1.2. An\u00e1lisis de costes log\u00edsticos.<br \/>\n1.3. Indicadores de la gesti\u00f3n log\u00edstica.<\/p>\n<p>2. LA GESTI\u00d3N Y ORGANIZACI\u00d3N DE LOS ALMACENES<br \/>\n2.1. Principios organizativos de almac\u00e9n.<br \/>\n2.2. El almac\u00e9n como parte integrante de nuestra tipolog\u00eda de productos.<br \/>\n2.3. Sistemas de almacenaje: introducci\u00f3n, topolog\u00edas.<br \/>\n2.4. El lay out de los almacenes,<br \/>\n2.5. Sistemas de gesti\u00f3n de almac\u00e9n informatizado: (sga)<\/p>\n<p>3. LA ORGANIZACI\u00d3N DEL STOCK<br \/>\n3.1. Introducci\u00f3n en la gesti\u00f3n de inventarios.<br \/>\n3.2. Clasificaci\u00f3n de stocks.<br \/>\n3.3. Rotaci\u00f3n de stocks.<br \/>\n3.4. Elementos integrantes de la composici\u00f3n de stock.<br \/>\n3.5. Clases de stocks.<br \/>\n3.6. Optimizaci\u00f3n de los costes de stock.<br \/>\n3.7. M\u00e9todo anal\u00edtico de valoraci\u00f3n a,b,c.<br \/>\n3.8. El c\u00e1lculo de la norma.<br \/>\n3.9. Flujos internos.<br \/>\n3.10. M\u00e9todos de valoraci\u00f3n de salidas de existencias: fifo, lifo, pmp.<\/p>\n<p>4. REALIZACI\u00d3N DE OPERACIONES SENCILLAS DE ECONOMATO Y BODEGA EN EL RESTAURANTE-BAR<br \/>\n4.1. Solicitud y recepci\u00f3n de g\u00e9neros culinarios y bebidas: m\u00e9todos sencillos, documentaci\u00f3n y aplicaciones.<br \/>\n4.1.1. Personal que interviene en la elaboraci\u00f3n de pedidos<br \/>\n4.1.2. Factores a tener en cuenta.<br \/>\n4.1.3. Trabajo con los distribuidores.<br \/>\n4.2. Almacenamiento: m\u00e9todos sencillos y aplicaciones<br \/>\n4.2.1. Recepci\u00f3n de mercanc\u00edas.<br \/>\n4.2.2. Almacenaje y control de evoluci\u00f3n de los g\u00e9neros.<br \/>\n4.2.3. Condiciones de conservaci\u00f3n de los productos.<br \/>\n4.3. Controles de almac\u00e9n.<br \/>\n4.3.1. Circuito documental.<br \/>\n4.3.2. Software.<br \/>\n4.3.3. Control de inventarios.<\/p>\n<p>5. UTILIZACI\u00d3N DE MATERIAS PRIMAS CULINARIAS Y G\u00c9NEROS DE USO COM\u00daN EN EL BAR<br \/>\n5.1. Clasificaci\u00f3n: variedades m\u00e1s importantes, caracterizaci\u00f3n cualidades y aplicaciones b\u00e1sicas.<br \/>\n5.1.1. Destilados.<br \/>\n5.1.2. Bebidas no alcoh\u00f3licas.<br \/>\n5.1.3. El vino.<br \/>\n5.1.4. Helados y semifr\u00edos.<br \/>\n5.1.5. Salsas.<br \/>\n5.2. Clasificaci\u00f3n comercial: formas de comercializaci\u00f3n y tratamientos habituales que le son inherentes; necesidades b\u00e1sicas de regeneraci\u00f3n y conservaci\u00f3n.<\/p>\n<p>6. DESARROLLO DEL PROCESO DE APROVISIONAMIENTO INTERNO EN EL RESTAURANTE-BAR<br \/>\n6.1. Formalizaci\u00f3n y traslado de solicitudes sencillas.<br \/>\n6.2. Ejecuci\u00f3n de operaciones en el tiempo y forma requeridos.<br \/>\n6.2.1. Compras.<br \/>\n6.2.2. Pedidos.<br \/>\n6.2.3. Postservicio.<br \/>\n6.2.4. Estudio de tiempos, recorridos y procesos.<br \/>\n6.2.5. Control de calidad.<\/p>\n<p>7. LA PREVENCI\u00d3N DE RIESGOS EN LA GESTI\u00d3N LOG\u00cdSTICA Y DE ALMACENES DE HOSTELER\u00cdA<br \/>\n7.1. El sector hostelero.<br \/>\n7.2. Factores de riesgo.<br \/>\n7.3. Riesgos y medidas preventivas en el sector.<br \/>\n7.4. Identificaci\u00f3n y prevenci\u00f3n de riesgos en los puestos de log\u00edstica de bar.<br \/>\n7.5. Control de las medidas implantadas.<\/p>\n<\/div>\n<\/div>\n","protected":false},"excerpt":{"rendered":"<p>Analizar los diferentes procesos que intervienen en la gesti\u00f3n log\u00edstica, economato y bodega de un restaurante-bar, evitando los riesgos que puedan derivarse de la manipulaci\u00f3n de mercanc\u00edas.<\/p>\n","protected":false},"featured_media":5031,"comment_status":"closed","ping_status":"closed","template":"","meta":[],"product_cat":[114],"product_tag":[],"class_list":{"0":"post-4563","1":"product","2":"type-product","3":"status-publish","4":"has-post-thumbnail","6":"product_cat-restauracion","8":"first","9":"instock","10":"taxable","11":"shipping-taxable","12":"purchasable","13":"product-type-simple"},"yoast_head":"<!-- This site is optimized with the Yoast SEO plugin v23.5 - https:\/\/yoast.com\/wordpress\/plugins\/seo\/ -->\n<title>HOTR050PO - Log\u00edstica en Bar: Aprovisionamiento y Almacenaje de Alimentos y Bebidas (35 horas) - Contenidos Online<\/title>\n<meta name=\"robots\" content=\"index, follow, max-snippet:-1, max-image-preview:large, max-video-preview:-1\" \/>\n<link rel=\"canonical\" href=\"https:\/\/mefp.grupopiquer.com\/inscripciones\/producto\/hotr050po-logistica-en-bar-aprovisionamiento-y-almacenaje-de-alimentos-y-bebidas-35-horas\/\" \/>\n<meta property=\"og:locale\" content=\"es_ES\" \/>\n<meta property=\"og:type\" content=\"article\" \/>\n<meta property=\"og:title\" content=\"HOTR050PO - Log\u00edstica en Bar: Aprovisionamiento y Almacenaje de Alimentos y Bebidas (35 horas) - Contenidos Online\" \/>\n<meta property=\"og:description\" content=\"Analizar los diferentes procesos que intervienen en la gesti\u00f3n log\u00edstica, economato y bodega de un restaurante-bar, evitando los riesgos que puedan derivarse de la manipulaci\u00f3n de mercanc\u00edas.\" \/>\n<meta property=\"og:url\" content=\"https:\/\/mefp.grupopiquer.com\/inscripciones\/producto\/hotr050po-logistica-en-bar-aprovisionamiento-y-almacenaje-de-alimentos-y-bebidas-35-horas\/\" \/>\n<meta property=\"og:site_name\" content=\"Contenidos Online\" \/>\n<meta property=\"article:modified_time\" content=\"2023-05-16T14:04:03+00:00\" \/>\n<meta property=\"og:image\" content=\"https:\/\/mefp.grupopiquer.com\/inscripciones\/wp-content\/uploads\/2023\/05\/9YTlpOzor2HHNyhp_SJYKQeHYab4WWDAf-stock-image-e1683208422167.jpg\" \/>\n\t<meta property=\"og:image:width\" content=\"1680\" \/>\n\t<meta property=\"og:image:height\" content=\"945\" \/>\n\t<meta property=\"og:image:type\" content=\"image\/jpeg\" \/>\n<meta name=\"twitter:card\" content=\"summary_large_image\" \/>\n<meta name=\"twitter:label1\" content=\"Tiempo de lectura\" \/>\n\t<meta name=\"twitter:data1\" content=\"2 minutos\" \/>\n<script type=\"application\/ld+json\" class=\"yoast-schema-graph\">{\"@context\":\"https:\/\/schema.org\",\"@graph\":[{\"@type\":\"WebPage\",\"@id\":\"https:\/\/mefp.grupopiquer.com\/inscripciones\/producto\/hotr050po-logistica-en-bar-aprovisionamiento-y-almacenaje-de-alimentos-y-bebidas-35-horas\/\",\"url\":\"https:\/\/mefp.grupopiquer.com\/inscripciones\/producto\/hotr050po-logistica-en-bar-aprovisionamiento-y-almacenaje-de-alimentos-y-bebidas-35-horas\/\",\"name\":\"HOTR050PO - Log\u00edstica en Bar: Aprovisionamiento y Almacenaje de Alimentos y Bebidas (35 horas) - Contenidos Online\",\"isPartOf\":{\"@id\":\"https:\/\/mefp.grupopiquer.com\/inscripciones\/#website\"},\"primaryImageOfPage\":{\"@id\":\"https:\/\/mefp.grupopiquer.com\/inscripciones\/producto\/hotr050po-logistica-en-bar-aprovisionamiento-y-almacenaje-de-alimentos-y-bebidas-35-horas\/#primaryimage\"},\"image\":{\"@id\":\"https:\/\/mefp.grupopiquer.com\/inscripciones\/producto\/hotr050po-logistica-en-bar-aprovisionamiento-y-almacenaje-de-alimentos-y-bebidas-35-horas\/#primaryimage\"},\"thumbnailUrl\":\"https:\/\/mefp.grupopiquer.com\/inscripciones\/wp-content\/uploads\/2023\/05\/9YTlpOzor2HHNyhp_SJYKQeHYab4WWDAf-stock-image-e1683208422167.jpg\",\"datePublished\":\"2023-05-02T11:10:42+00:00\",\"dateModified\":\"2023-05-16T14:04:03+00:00\",\"breadcrumb\":{\"@id\":\"https:\/\/mefp.grupopiquer.com\/inscripciones\/producto\/hotr050po-logistica-en-bar-aprovisionamiento-y-almacenaje-de-alimentos-y-bebidas-35-horas\/#breadcrumb\"},\"inLanguage\":\"es\",\"potentialAction\":[{\"@type\":\"ReadAction\",\"target\":[\"https:\/\/mefp.grupopiquer.com\/inscripciones\/producto\/hotr050po-logistica-en-bar-aprovisionamiento-y-almacenaje-de-alimentos-y-bebidas-35-horas\/\"]}]},{\"@type\":\"ImageObject\",\"inLanguage\":\"es\",\"@id\":\"https:\/\/mefp.grupopiquer.com\/inscripciones\/producto\/hotr050po-logistica-en-bar-aprovisionamiento-y-almacenaje-de-alimentos-y-bebidas-35-horas\/#primaryimage\",\"url\":\"https:\/\/mefp.grupopiquer.com\/inscripciones\/wp-content\/uploads\/2023\/05\/9YTlpOzor2HHNyhp_SJYKQeHYab4WWDAf-stock-image-e1683208422167.jpg\",\"contentUrl\":\"https:\/\/mefp.grupopiquer.com\/inscripciones\/wp-content\/uploads\/2023\/05\/9YTlpOzor2HHNyhp_SJYKQeHYab4WWDAf-stock-image-e1683208422167.jpg\",\"width\":1680,\"height\":945},{\"@type\":\"BreadcrumbList\",\"@id\":\"https:\/\/mefp.grupopiquer.com\/inscripciones\/producto\/hotr050po-logistica-en-bar-aprovisionamiento-y-almacenaje-de-alimentos-y-bebidas-35-horas\/#breadcrumb\",\"itemListElement\":[{\"@type\":\"ListItem\",\"position\":1,\"name\":\"Portada\",\"item\":\"https:\/\/mefp.grupopiquer.com\/inscripciones\/\"},{\"@type\":\"ListItem\",\"position\":2,\"name\":\"Tienda\",\"item\":\"https:\/\/mefp.grupopiquer.com\/inscripciones\/tienda\/\"},{\"@type\":\"ListItem\",\"position\":3,\"name\":\"HOTR050PO &#8211; Log\u00edstica en Bar: Aprovisionamiento y Almacenaje de Alimentos y Bebidas (35 horas)\"}]},{\"@type\":\"WebSite\",\"@id\":\"https:\/\/mefp.grupopiquer.com\/inscripciones\/#website\",\"url\":\"https:\/\/mefp.grupopiquer.com\/inscripciones\/\",\"name\":\"Contenidos Online\",\"description\":\"\",\"publisher\":{\"@id\":\"https:\/\/mefp.grupopiquer.com\/inscripciones\/#organization\"},\"potentialAction\":[{\"@type\":\"SearchAction\",\"target\":{\"@type\":\"EntryPoint\",\"urlTemplate\":\"https:\/\/mefp.grupopiquer.com\/inscripciones\/?s={search_term_string}\"},\"query-input\":{\"@type\":\"PropertyValueSpecification\",\"valueRequired\":true,\"valueName\":\"search_term_string\"}}],\"inLanguage\":\"es\"},{\"@type\":\"Organization\",\"@id\":\"https:\/\/mefp.grupopiquer.com\/inscripciones\/#organization\",\"name\":\"Contenidos Online\",\"url\":\"https:\/\/mefp.grupopiquer.com\/inscripciones\/\",\"logo\":{\"@type\":\"ImageObject\",\"inLanguage\":\"es\",\"@id\":\"https:\/\/mefp.grupopiquer.com\/inscripciones\/#\/schema\/logo\/image\/\",\"url\":\"\",\"contentUrl\":\"\",\"caption\":\"Contenidos Online\"},\"image\":{\"@id\":\"https:\/\/mefp.grupopiquer.com\/inscripciones\/#\/schema\/logo\/image\/\"}}]}<\/script>\n<!-- \/ Yoast SEO plugin. -->","yoast_head_json":{"title":"HOTR050PO - Log\u00edstica en Bar: Aprovisionamiento y Almacenaje de Alimentos y Bebidas (35 horas) - Contenidos Online","robots":{"index":"index","follow":"follow","max-snippet":"max-snippet:-1","max-image-preview":"max-image-preview:large","max-video-preview":"max-video-preview:-1"},"canonical":"https:\/\/mefp.grupopiquer.com\/inscripciones\/producto\/hotr050po-logistica-en-bar-aprovisionamiento-y-almacenaje-de-alimentos-y-bebidas-35-horas\/","og_locale":"es_ES","og_type":"article","og_title":"HOTR050PO - Log\u00edstica en Bar: Aprovisionamiento y Almacenaje de Alimentos y Bebidas (35 horas) - Contenidos Online","og_description":"Analizar los diferentes procesos que intervienen en la gesti\u00f3n log\u00edstica, economato y bodega de un restaurante-bar, evitando los riesgos que puedan derivarse de la manipulaci\u00f3n de mercanc\u00edas.","og_url":"https:\/\/mefp.grupopiquer.com\/inscripciones\/producto\/hotr050po-logistica-en-bar-aprovisionamiento-y-almacenaje-de-alimentos-y-bebidas-35-horas\/","og_site_name":"Contenidos Online","article_modified_time":"2023-05-16T14:04:03+00:00","og_image":[{"width":1680,"height":945,"url":"https:\/\/mefp.grupopiquer.com\/inscripciones\/wp-content\/uploads\/2023\/05\/9YTlpOzor2HHNyhp_SJYKQeHYab4WWDAf-stock-image-e1683208422167.jpg","type":"image\/jpeg"}],"twitter_card":"summary_large_image","twitter_misc":{"Tiempo de lectura":"2 minutos"},"schema":{"@context":"https:\/\/schema.org","@graph":[{"@type":"WebPage","@id":"https:\/\/mefp.grupopiquer.com\/inscripciones\/producto\/hotr050po-logistica-en-bar-aprovisionamiento-y-almacenaje-de-alimentos-y-bebidas-35-horas\/","url":"https:\/\/mefp.grupopiquer.com\/inscripciones\/producto\/hotr050po-logistica-en-bar-aprovisionamiento-y-almacenaje-de-alimentos-y-bebidas-35-horas\/","name":"HOTR050PO - Log\u00edstica en Bar: Aprovisionamiento y Almacenaje de Alimentos y Bebidas (35 horas) - Contenidos Online","isPartOf":{"@id":"https:\/\/mefp.grupopiquer.com\/inscripciones\/#website"},"primaryImageOfPage":{"@id":"https:\/\/mefp.grupopiquer.com\/inscripciones\/producto\/hotr050po-logistica-en-bar-aprovisionamiento-y-almacenaje-de-alimentos-y-bebidas-35-horas\/#primaryimage"},"image":{"@id":"https:\/\/mefp.grupopiquer.com\/inscripciones\/producto\/hotr050po-logistica-en-bar-aprovisionamiento-y-almacenaje-de-alimentos-y-bebidas-35-horas\/#primaryimage"},"thumbnailUrl":"https:\/\/mefp.grupopiquer.com\/inscripciones\/wp-content\/uploads\/2023\/05\/9YTlpOzor2HHNyhp_SJYKQeHYab4WWDAf-stock-image-e1683208422167.jpg","datePublished":"2023-05-02T11:10:42+00:00","dateModified":"2023-05-16T14:04:03+00:00","breadcrumb":{"@id":"https:\/\/mefp.grupopiquer.com\/inscripciones\/producto\/hotr050po-logistica-en-bar-aprovisionamiento-y-almacenaje-de-alimentos-y-bebidas-35-horas\/#breadcrumb"},"inLanguage":"es","potentialAction":[{"@type":"ReadAction","target":["https:\/\/mefp.grupopiquer.com\/inscripciones\/producto\/hotr050po-logistica-en-bar-aprovisionamiento-y-almacenaje-de-alimentos-y-bebidas-35-horas\/"]}]},{"@type":"ImageObject","inLanguage":"es","@id":"https:\/\/mefp.grupopiquer.com\/inscripciones\/producto\/hotr050po-logistica-en-bar-aprovisionamiento-y-almacenaje-de-alimentos-y-bebidas-35-horas\/#primaryimage","url":"https:\/\/mefp.grupopiquer.com\/inscripciones\/wp-content\/uploads\/2023\/05\/9YTlpOzor2HHNyhp_SJYKQeHYab4WWDAf-stock-image-e1683208422167.jpg","contentUrl":"https:\/\/mefp.grupopiquer.com\/inscripciones\/wp-content\/uploads\/2023\/05\/9YTlpOzor2HHNyhp_SJYKQeHYab4WWDAf-stock-image-e1683208422167.jpg","width":1680,"height":945},{"@type":"BreadcrumbList","@id":"https:\/\/mefp.grupopiquer.com\/inscripciones\/producto\/hotr050po-logistica-en-bar-aprovisionamiento-y-almacenaje-de-alimentos-y-bebidas-35-horas\/#breadcrumb","itemListElement":[{"@type":"ListItem","position":1,"name":"Portada","item":"https:\/\/mefp.grupopiquer.com\/inscripciones\/"},{"@type":"ListItem","position":2,"name":"Tienda","item":"https:\/\/mefp.grupopiquer.com\/inscripciones\/tienda\/"},{"@type":"ListItem","position":3,"name":"HOTR050PO &#8211; Log\u00edstica en Bar: Aprovisionamiento y Almacenaje de Alimentos y Bebidas (35 horas)"}]},{"@type":"WebSite","@id":"https:\/\/mefp.grupopiquer.com\/inscripciones\/#website","url":"https:\/\/mefp.grupopiquer.com\/inscripciones\/","name":"Contenidos Online","description":"","publisher":{"@id":"https:\/\/mefp.grupopiquer.com\/inscripciones\/#organization"},"potentialAction":[{"@type":"SearchAction","target":{"@type":"EntryPoint","urlTemplate":"https:\/\/mefp.grupopiquer.com\/inscripciones\/?s={search_term_string}"},"query-input":{"@type":"PropertyValueSpecification","valueRequired":true,"valueName":"search_term_string"}}],"inLanguage":"es"},{"@type":"Organization","@id":"https:\/\/mefp.grupopiquer.com\/inscripciones\/#organization","name":"Contenidos Online","url":"https:\/\/mefp.grupopiquer.com\/inscripciones\/","logo":{"@type":"ImageObject","inLanguage":"es","@id":"https:\/\/mefp.grupopiquer.com\/inscripciones\/#\/schema\/logo\/image\/","url":"","contentUrl":"","caption":"Contenidos Online"},"image":{"@id":"https:\/\/mefp.grupopiquer.com\/inscripciones\/#\/schema\/logo\/image\/"}}]}},"_links":{"self":[{"href":"https:\/\/mefp.grupopiquer.com\/inscripciones\/wp-json\/wp\/v2\/product\/4563"}],"collection":[{"href":"https:\/\/mefp.grupopiquer.com\/inscripciones\/wp-json\/wp\/v2\/product"}],"about":[{"href":"https:\/\/mefp.grupopiquer.com\/inscripciones\/wp-json\/wp\/v2\/types\/product"}],"replies":[{"embeddable":true,"href":"https:\/\/mefp.grupopiquer.com\/inscripciones\/wp-json\/wp\/v2\/comments?post=4563"}],"wp:featuredmedia":[{"embeddable":true,"href":"https:\/\/mefp.grupopiquer.com\/inscripciones\/wp-json\/wp\/v2\/media\/5031"}],"wp:attachment":[{"href":"https:\/\/mefp.grupopiquer.com\/inscripciones\/wp-json\/wp\/v2\/media?parent=4563"}],"wp:term":[{"taxonomy":"product_cat","embeddable":true,"href":"https:\/\/mefp.grupopiquer.com\/inscripciones\/wp-json\/wp\/v2\/product_cat?post=4563"},{"taxonomy":"product_tag","embeddable":true,"href":"https:\/\/mefp.grupopiquer.com\/inscripciones\/wp-json\/wp\/v2\/product_tag?post=4563"}],"curies":[{"name":"wp","href":"https:\/\/api.w.org\/{rel}","templated":true}]}}