{"id":4555,"date":"2023-05-02T11:09:53","date_gmt":"2023-05-02T11:09:53","guid":{"rendered":"https:\/\/mefp.grupopiquer.com\/inscripciones\/producto\/fcov012po-introduccion-a-las-normativas-que-afectan-a-la-publicidad-35-horas\/"},"modified":"2023-05-16T14:15:43","modified_gmt":"2023-05-16T14:15:43","slug":"fcov012po-introduccion-a-las-normativas-que-afectan-a-la-publicidad-35-horas","status":"publish","type":"product","link":"https:\/\/mefp.grupopiquer.com\/inscripciones\/producto\/fcov012po-introduccion-a-las-normativas-que-afectan-a-la-publicidad-35-horas\/","title":{"rendered":"FCOV012PO &#8211; Introducci\u00f3n a las Normativas que Afectan a la Publicidad (35 horas)"},"content":{"rendered":"<div id=\"accordion\">\n<h3>OBJETIVOS<\/h3>\n<div>Adquirir una visi\u00f3n panor\u00e1mica al conjunto de normas y leyes que afectan a la actividad diaria de las empresas de publicidad y que hay que tener en cuenta a la hora de elaborar y difundir campa\u00f1as.<\/div>\n<h3>CONTENIDOS<\/h3>\n<div>1. LEGISLACI\u00d3N PUBLICITARIA BASICA EN ESPA\u00d1A<br \/>\n1.1. La Ley General de Publicidad, Ley 34\/1988, de 11 de noviembre, LGP.<br \/>\n1.2. Directiva 2006\/114\/CE del Parlamento Europeo y del Consejo, de 12 de diciembre de 2006, sobre publicidad enga\u00f1osa y publicidad comparativa.<br \/>\n1.3. Ley 3\/1991, de 10 de enero, de Competencia Desleal (LCD).<br \/>\n1.4. Ley 7\/2010, de 31 de marzo, General de la Comunicaci\u00f3n Audiovisual (LGCA).<br \/>\n1.5. Real Decreto Legislativo 1\/2007, de 16 de noviembre, por el que se aprueba el texto refundido de la Ley General para la Defensa de los Consumidores y Usuarios.<\/p>\n<p>2. LEGISLACI\u00d3N QUE AFECTA A LA OBRA PUBLICITARIA<br \/>\n2.1. Ley Org\u00e1nica 1\/1982, de 5 de mayo, de protecci\u00f3n civil del derecho al honor, a la intimidad personal y familiar y a la propia imagen.<br \/>\n2.2. Real Decreto Legislativo 1\/1996, de 12 de abril, por el que se aprueba el texto refundido de la Ley de Propiedad Intelectual.<br \/>\n2.3. Ley 17\/2001, de 7 de diciembre, de Marcas.<\/p>\n<p>3. PROTECCI\u00d3N DE DATOS<br \/>\n3.1. REGLAMENTO (UE) 2016\/679 DEL PARLAMENTO EUROPEO Y DEL CONSEJO de 27 de abril de 2016 relativo a la protecci\u00f3n de las personas f\u00edsicas en lo que respecta al tratamiento de datos personales y a la libre circulaci\u00f3n de estos datos y por el que se deroga la Directiva 95\/46\/CE (Reglamento general de protecci\u00f3n de datos).<br \/>\n3.2. Ley Org\u00e1nica 15\/1999, de 13 de diciembre, de Protecci\u00f3n de Datos de Car\u00e1cter Personal (vigente en aquellos art\u00edculos que no contradigan el RGPD) y Real Decreto1720\/2007, de 21 de diciembre, por el que se aprueba el Reglamento de desarrollo de la Ley Org\u00e1nica 15\/1999 (vigente en aquellos art\u00edculos que no contradigan el RGPD).<\/p>\n<p>4. LEGISLACI\u00d3N QUE AFECTA A LA PUBLICIDAD DE DETERMINADOS PRODUCTOS Y SERVICIOS<br \/>\n4.1. Productos financieros.<br \/>\n4.2. Medicamentos con y sin prescripci\u00f3n.<br \/>\n4.3. Alimentos con alegaciones terap\u00e9uticas.<br \/>\n4.4. Bebidas alcoh\u00f3licas.<br \/>\n4.5. Veh\u00edculos a motor.<\/p>\n<p>5. JUEGOS Y SORTEOS PROMOCIONALES<\/p>\n<p>6. AUTOCONTROL Y LOS C\u00d3DIGOS SECTORIALES DE AUTORREGULACI\u00d3N PUBLICITARIA<br \/>\n6.1. La Asociaci\u00f3n para la Autorregulaci\u00f3n de la Publicidad, Autocontrol. Funcionamiento y jurado.<br \/>\n6.2. C\u00f3digos sectoriales.<\/p>\n<\/div>\n<\/div>\n","protected":false},"excerpt":{"rendered":"<p>Adquirir una visi\u00f3n panor\u00e1mica al conjunto de normas y leyes que afectan a la actividad diaria de las empresas de publicidad y que hay que tener en cuenta a la hora de elaborar y difundir campa\u00f1as.<\/p>\n","protected":false},"featured_media":5040,"comment_status":"closed","ping_status":"closed","template":"","meta":[],"product_cat":[115],"product_tag":[],"class_list":{"0":"post-4555","1":"product","2":"type-product","3":"status-publish","4":"has-post-thumbnail","6":"product_cat-competencias-clave","8":"first","9":"instock","10":"taxable","11":"shipping-taxable","12":"purchasable","13":"product-type-simple"},"yoast_head":"<!-- This site is optimized with the Yoast SEO plugin v23.5 - https:\/\/yoast.com\/wordpress\/plugins\/seo\/ -->\n<title>FCOV012PO - Introducci\u00f3n a las Normativas que Afectan a la Publicidad (35 horas) - Contenidos Online<\/title>\n<meta name=\"robots\" content=\"index, follow, max-snippet:-1, max-image-preview:large, max-video-preview:-1\" \/>\n<link rel=\"canonical\" href=\"https:\/\/mefp.grupopiquer.com\/inscripciones\/producto\/fcov012po-introduccion-a-las-normativas-que-afectan-a-la-publicidad-35-horas\/\" \/>\n<meta property=\"og:locale\" content=\"es_ES\" \/>\n<meta property=\"og:type\" content=\"article\" \/>\n<meta property=\"og:title\" content=\"FCOV012PO - Introducci\u00f3n a las Normativas que Afectan a la Publicidad (35 horas) - Contenidos Online\" \/>\n<meta property=\"og:description\" content=\"Adquirir una visi\u00f3n panor\u00e1mica al conjunto de normas y leyes que afectan a la actividad diaria de las empresas de publicidad y que hay que tener en cuenta a la hora de elaborar y difundir campa\u00f1as.\" \/>\n<meta property=\"og:url\" content=\"https:\/\/mefp.grupopiquer.com\/inscripciones\/producto\/fcov012po-introduccion-a-las-normativas-que-afectan-a-la-publicidad-35-horas\/\" \/>\n<meta property=\"og:site_name\" content=\"Contenidos Online\" \/>\n<meta property=\"article:modified_time\" content=\"2023-05-16T14:15:43+00:00\" \/>\n<meta property=\"og:image\" content=\"https:\/\/mefp.grupopiquer.com\/inscripciones\/wp-content\/uploads\/2023\/05\/Ek-JxSDnm3oI207k_i5pMYhyZtyibmBYE-e1683208870411.jpg\" \/>\n\t<meta property=\"og:image:width\" content=\"1680\" \/>\n\t<meta property=\"og:image:height\" content=\"945\" \/>\n\t<meta property=\"og:image:type\" content=\"image\/jpeg\" \/>\n<meta name=\"twitter:card\" content=\"summary_large_image\" \/>\n<meta name=\"twitter:label1\" content=\"Tiempo de lectura\" \/>\n\t<meta name=\"twitter:data1\" content=\"2 minutos\" \/>\n<script type=\"application\/ld+json\" class=\"yoast-schema-graph\">{\"@context\":\"https:\/\/schema.org\",\"@graph\":[{\"@type\":\"WebPage\",\"@id\":\"https:\/\/mefp.grupopiquer.com\/inscripciones\/producto\/fcov012po-introduccion-a-las-normativas-que-afectan-a-la-publicidad-35-horas\/\",\"url\":\"https:\/\/mefp.grupopiquer.com\/inscripciones\/producto\/fcov012po-introduccion-a-las-normativas-que-afectan-a-la-publicidad-35-horas\/\",\"name\":\"FCOV012PO - Introducci\u00f3n a las Normativas que Afectan a la Publicidad (35 horas) - Contenidos Online\",\"isPartOf\":{\"@id\":\"https:\/\/mefp.grupopiquer.com\/inscripciones\/#website\"},\"primaryImageOfPage\":{\"@id\":\"https:\/\/mefp.grupopiquer.com\/inscripciones\/producto\/fcov012po-introduccion-a-las-normativas-que-afectan-a-la-publicidad-35-horas\/#primaryimage\"},\"image\":{\"@id\":\"https:\/\/mefp.grupopiquer.com\/inscripciones\/producto\/fcov012po-introduccion-a-las-normativas-que-afectan-a-la-publicidad-35-horas\/#primaryimage\"},\"thumbnailUrl\":\"https:\/\/mefp.grupopiquer.com\/inscripciones\/wp-content\/uploads\/2023\/05\/Ek-JxSDnm3oI207k_i5pMYhyZtyibmBYE-e1683208870411.jpg\",\"datePublished\":\"2023-05-02T11:09:53+00:00\",\"dateModified\":\"2023-05-16T14:15:43+00:00\",\"breadcrumb\":{\"@id\":\"https:\/\/mefp.grupopiquer.com\/inscripciones\/producto\/fcov012po-introduccion-a-las-normativas-que-afectan-a-la-publicidad-35-horas\/#breadcrumb\"},\"inLanguage\":\"es\",\"potentialAction\":[{\"@type\":\"ReadAction\",\"target\":[\"https:\/\/mefp.grupopiquer.com\/inscripciones\/producto\/fcov012po-introduccion-a-las-normativas-que-afectan-a-la-publicidad-35-horas\/\"]}]},{\"@type\":\"ImageObject\",\"inLanguage\":\"es\",\"@id\":\"https:\/\/mefp.grupopiquer.com\/inscripciones\/producto\/fcov012po-introduccion-a-las-normativas-que-afectan-a-la-publicidad-35-horas\/#primaryimage\",\"url\":\"https:\/\/mefp.grupopiquer.com\/inscripciones\/wp-content\/uploads\/2023\/05\/Ek-JxSDnm3oI207k_i5pMYhyZtyibmBYE-e1683208870411.jpg\",\"contentUrl\":\"https:\/\/mefp.grupopiquer.com\/inscripciones\/wp-content\/uploads\/2023\/05\/Ek-JxSDnm3oI207k_i5pMYhyZtyibmBYE-e1683208870411.jpg\",\"width\":1680,\"height\":945},{\"@type\":\"BreadcrumbList\",\"@id\":\"https:\/\/mefp.grupopiquer.com\/inscripciones\/producto\/fcov012po-introduccion-a-las-normativas-que-afectan-a-la-publicidad-35-horas\/#breadcrumb\",\"itemListElement\":[{\"@type\":\"ListItem\",\"position\":1,\"name\":\"Portada\",\"item\":\"https:\/\/mefp.grupopiquer.com\/inscripciones\/\"},{\"@type\":\"ListItem\",\"position\":2,\"name\":\"Tienda\",\"item\":\"https:\/\/mefp.grupopiquer.com\/inscripciones\/tienda\/\"},{\"@type\":\"ListItem\",\"position\":3,\"name\":\"FCOV012PO &#8211; Introducci\u00f3n a las Normativas que Afectan a la Publicidad (35 horas)\"}]},{\"@type\":\"WebSite\",\"@id\":\"https:\/\/mefp.grupopiquer.com\/inscripciones\/#website\",\"url\":\"https:\/\/mefp.grupopiquer.com\/inscripciones\/\",\"name\":\"Contenidos Online\",\"description\":\"\",\"publisher\":{\"@id\":\"https:\/\/mefp.grupopiquer.com\/inscripciones\/#organization\"},\"potentialAction\":[{\"@type\":\"SearchAction\",\"target\":{\"@type\":\"EntryPoint\",\"urlTemplate\":\"https:\/\/mefp.grupopiquer.com\/inscripciones\/?s={search_term_string}\"},\"query-input\":{\"@type\":\"PropertyValueSpecification\",\"valueRequired\":true,\"valueName\":\"search_term_string\"}}],\"inLanguage\":\"es\"},{\"@type\":\"Organization\",\"@id\":\"https:\/\/mefp.grupopiquer.com\/inscripciones\/#organization\",\"name\":\"Contenidos Online\",\"url\":\"https:\/\/mefp.grupopiquer.com\/inscripciones\/\",\"logo\":{\"@type\":\"ImageObject\",\"inLanguage\":\"es\",\"@id\":\"https:\/\/mefp.grupopiquer.com\/inscripciones\/#\/schema\/logo\/image\/\",\"url\":\"\",\"contentUrl\":\"\",\"caption\":\"Contenidos Online\"},\"image\":{\"@id\":\"https:\/\/mefp.grupopiquer.com\/inscripciones\/#\/schema\/logo\/image\/\"}}]}<\/script>\n<!-- \/ Yoast SEO plugin. -->","yoast_head_json":{"title":"FCOV012PO - Introducci\u00f3n a las Normativas que Afectan a la Publicidad (35 horas) - Contenidos Online","robots":{"index":"index","follow":"follow","max-snippet":"max-snippet:-1","max-image-preview":"max-image-preview:large","max-video-preview":"max-video-preview:-1"},"canonical":"https:\/\/mefp.grupopiquer.com\/inscripciones\/producto\/fcov012po-introduccion-a-las-normativas-que-afectan-a-la-publicidad-35-horas\/","og_locale":"es_ES","og_type":"article","og_title":"FCOV012PO - Introducci\u00f3n a las Normativas que Afectan a la Publicidad (35 horas) - Contenidos Online","og_description":"Adquirir una visi\u00f3n panor\u00e1mica al conjunto de normas y leyes que afectan a la actividad diaria de las empresas de publicidad y que hay que tener en cuenta a la hora de elaborar y difundir campa\u00f1as.","og_url":"https:\/\/mefp.grupopiquer.com\/inscripciones\/producto\/fcov012po-introduccion-a-las-normativas-que-afectan-a-la-publicidad-35-horas\/","og_site_name":"Contenidos Online","article_modified_time":"2023-05-16T14:15:43+00:00","og_image":[{"width":1680,"height":945,"url":"https:\/\/mefp.grupopiquer.com\/inscripciones\/wp-content\/uploads\/2023\/05\/Ek-JxSDnm3oI207k_i5pMYhyZtyibmBYE-e1683208870411.jpg","type":"image\/jpeg"}],"twitter_card":"summary_large_image","twitter_misc":{"Tiempo de lectura":"2 minutos"},"schema":{"@context":"https:\/\/schema.org","@graph":[{"@type":"WebPage","@id":"https:\/\/mefp.grupopiquer.com\/inscripciones\/producto\/fcov012po-introduccion-a-las-normativas-que-afectan-a-la-publicidad-35-horas\/","url":"https:\/\/mefp.grupopiquer.com\/inscripciones\/producto\/fcov012po-introduccion-a-las-normativas-que-afectan-a-la-publicidad-35-horas\/","name":"FCOV012PO - Introducci\u00f3n a las Normativas que Afectan a la Publicidad (35 horas) - Contenidos Online","isPartOf":{"@id":"https:\/\/mefp.grupopiquer.com\/inscripciones\/#website"},"primaryImageOfPage":{"@id":"https:\/\/mefp.grupopiquer.com\/inscripciones\/producto\/fcov012po-introduccion-a-las-normativas-que-afectan-a-la-publicidad-35-horas\/#primaryimage"},"image":{"@id":"https:\/\/mefp.grupopiquer.com\/inscripciones\/producto\/fcov012po-introduccion-a-las-normativas-que-afectan-a-la-publicidad-35-horas\/#primaryimage"},"thumbnailUrl":"https:\/\/mefp.grupopiquer.com\/inscripciones\/wp-content\/uploads\/2023\/05\/Ek-JxSDnm3oI207k_i5pMYhyZtyibmBYE-e1683208870411.jpg","datePublished":"2023-05-02T11:09:53+00:00","dateModified":"2023-05-16T14:15:43+00:00","breadcrumb":{"@id":"https:\/\/mefp.grupopiquer.com\/inscripciones\/producto\/fcov012po-introduccion-a-las-normativas-que-afectan-a-la-publicidad-35-horas\/#breadcrumb"},"inLanguage":"es","potentialAction":[{"@type":"ReadAction","target":["https:\/\/mefp.grupopiquer.com\/inscripciones\/producto\/fcov012po-introduccion-a-las-normativas-que-afectan-a-la-publicidad-35-horas\/"]}]},{"@type":"ImageObject","inLanguage":"es","@id":"https:\/\/mefp.grupopiquer.com\/inscripciones\/producto\/fcov012po-introduccion-a-las-normativas-que-afectan-a-la-publicidad-35-horas\/#primaryimage","url":"https:\/\/mefp.grupopiquer.com\/inscripciones\/wp-content\/uploads\/2023\/05\/Ek-JxSDnm3oI207k_i5pMYhyZtyibmBYE-e1683208870411.jpg","contentUrl":"https:\/\/mefp.grupopiquer.com\/inscripciones\/wp-content\/uploads\/2023\/05\/Ek-JxSDnm3oI207k_i5pMYhyZtyibmBYE-e1683208870411.jpg","width":1680,"height":945},{"@type":"BreadcrumbList","@id":"https:\/\/mefp.grupopiquer.com\/inscripciones\/producto\/fcov012po-introduccion-a-las-normativas-que-afectan-a-la-publicidad-35-horas\/#breadcrumb","itemListElement":[{"@type":"ListItem","position":1,"name":"Portada","item":"https:\/\/mefp.grupopiquer.com\/inscripciones\/"},{"@type":"ListItem","position":2,"name":"Tienda","item":"https:\/\/mefp.grupopiquer.com\/inscripciones\/tienda\/"},{"@type":"ListItem","position":3,"name":"FCOV012PO &#8211; Introducci\u00f3n a las Normativas que Afectan a la Publicidad (35 horas)"}]},{"@type":"WebSite","@id":"https:\/\/mefp.grupopiquer.com\/inscripciones\/#website","url":"https:\/\/mefp.grupopiquer.com\/inscripciones\/","name":"Contenidos Online","description":"","publisher":{"@id":"https:\/\/mefp.grupopiquer.com\/inscripciones\/#organization"},"potentialAction":[{"@type":"SearchAction","target":{"@type":"EntryPoint","urlTemplate":"https:\/\/mefp.grupopiquer.com\/inscripciones\/?s={search_term_string}"},"query-input":{"@type":"PropertyValueSpecification","valueRequired":true,"valueName":"search_term_string"}}],"inLanguage":"es"},{"@type":"Organization","@id":"https:\/\/mefp.grupopiquer.com\/inscripciones\/#organization","name":"Contenidos Online","url":"https:\/\/mefp.grupopiquer.com\/inscripciones\/","logo":{"@type":"ImageObject","inLanguage":"es","@id":"https:\/\/mefp.grupopiquer.com\/inscripciones\/#\/schema\/logo\/image\/","url":"","contentUrl":"","caption":"Contenidos Online"},"image":{"@id":"https:\/\/mefp.grupopiquer.com\/inscripciones\/#\/schema\/logo\/image\/"}}]}},"_links":{"self":[{"href":"https:\/\/mefp.grupopiquer.com\/inscripciones\/wp-json\/wp\/v2\/product\/4555"}],"collection":[{"href":"https:\/\/mefp.grupopiquer.com\/inscripciones\/wp-json\/wp\/v2\/product"}],"about":[{"href":"https:\/\/mefp.grupopiquer.com\/inscripciones\/wp-json\/wp\/v2\/types\/product"}],"replies":[{"embeddable":true,"href":"https:\/\/mefp.grupopiquer.com\/inscripciones\/wp-json\/wp\/v2\/comments?post=4555"}],"wp:featuredmedia":[{"embeddable":true,"href":"https:\/\/mefp.grupopiquer.com\/inscripciones\/wp-json\/wp\/v2\/media\/5040"}],"wp:attachment":[{"href":"https:\/\/mefp.grupopiquer.com\/inscripciones\/wp-json\/wp\/v2\/media?parent=4555"}],"wp:term":[{"taxonomy":"product_cat","embeddable":true,"href":"https:\/\/mefp.grupopiquer.com\/inscripciones\/wp-json\/wp\/v2\/product_cat?post=4555"},{"taxonomy":"product_tag","embeddable":true,"href":"https:\/\/mefp.grupopiquer.com\/inscripciones\/wp-json\/wp\/v2\/product_tag?post=4555"}],"curies":[{"name":"wp","href":"https:\/\/api.w.org\/{rel}","templated":true}]}}