{"id":4533,"date":"2023-05-02T11:07:46","date_gmt":"2023-05-02T11:07:46","guid":{"rendered":"https:\/\/mefp.grupopiquer.com\/inscripciones\/producto\/comt105po-comt105po-venta-online-30-horas\/"},"modified":"2023-05-16T14:33:05","modified_gmt":"2023-05-16T14:33:05","slug":"comt105po-comt105po-venta-online-30-horas","status":"publish","type":"product","link":"https:\/\/mefp.grupopiquer.com\/inscripciones\/producto\/comt105po-comt105po-venta-online-30-horas\/","title":{"rendered":"COMT105PO &#8211; Venta Online (30 horas)"},"content":{"rendered":"<div id=\"accordion\">\n<h3>OBJETIVOS<\/h3>\n<div>Adoptar criterios comerciales en el dise\u00f1o de p\u00e1ginas en internet para la comercializaci\u00f3n aplicando las t\u00e9cnicas de venta adecuadas, as\u00ed como aplicar procedimientos de seguimiento y atenci\u00f3n al cliente siguiendo criterios y procedimientos establecidos en las situaciones comerciales online.<\/div>\n<h3>CONTENIDOS<\/h3>\n<div>1. INTERNET COMO CANAL DE VENTA<br \/>\n1.1. Las relaciones comerciales a trav\u00e9s de Internet.<br \/>\n1.1.1. B2B.<br \/>\n1.1.2. B2C.<br \/>\n1.1.3. B2A.<br \/>\n1.2. Utilidades de los sistemas online.<br \/>\n1.2.1. Navegadores: Uso de los principales navegadores.<br \/>\n1.2.2. Correo electr\u00f3nico.<br \/>\n1.2.3. Mensajer\u00eda instant\u00e1nea.<br \/>\n1.2.4. Teletrabajo.<br \/>\n1.2.5. Listas de distribuci\u00f3n y otras utilidades: gesti\u00f3n de la relaci\u00f3n con el cliente online.<br \/>\n1.3. Modelos de comercio a trav\u00e9s de Internet.<br \/>\n1.3.1. Ventajas.<br \/>\n1.3.2. Tipos.<br \/>\n1.3.3. Eficiencia y eficacia.<br \/>\n1.4. Servidores online.<br \/>\n1.4.1. Servidores gratuitos.<br \/>\n1.4.2. Coste y rentabilidad de la comercializaci\u00f3n online.<\/p>\n<p>2. DISE\u00d1O COMERCIAL DE P\u00c1GINAS WEB<br \/>\n2.1. El internauta como cliente potencial y real.<br \/>\n2.1.1. Perfil del internauta.<br \/>\n2.1.2. Comportamiento del cliente internauta.<br \/>\n2.1.3. Marketing viral: aplicaciones y buenas conductas.<br \/>\n2.2. Criterios comerciales en el dise\u00f1o comercial de p\u00e1ginas web.<br \/>\n2.2.1. Partes y elementos del dise\u00f1o de p\u00e1ginas web.<br \/>\n2.2.2. Criterios comerciales en el dise\u00f1o de p\u00e1ginas web.<br \/>\n2.2.3. Usabilidad de la p\u00e1gina web.<br \/>\n2.3. Tiendas virtuales.<br \/>\n2.3.1. Tipolog\u00eda de tiendas virtuales.<br \/>\n2.3.2. El escaparate virtual.<br \/>\n2.3.3. Visitas guiadas.<br \/>\n2.3.4. Acciones promocionales y banners.<br \/>\n2.4. Medios de pago en Internet. Seguridad y confidencialidad.<br \/>\n2.4.1. TPV virtual.<br \/>\n2.4.2. Transferencias.<br \/>\n2.4.3. Cobros contra reembolso.<br \/>\n2.5. Conflictos y reclamaciones de clientes.<br \/>\n2.5.1. Gesti\u00f3n online de reclamaciones.<br \/>\n2.5.2. Garant\u00edas de la comercializaci\u00f3n online.<br \/>\n2.5.3. Buenas pr\u00e1cticas en la comercializaci\u00f3n online.<br \/>\n2.6. Aplicaciones a nivel usuario para el dise\u00f1o de p\u00e1ginas web comerciales: gesti\u00f3n de contenidos.<\/p><\/div>\n<\/div>\n","protected":false},"excerpt":{"rendered":"<p>Adoptar criterios comerciales en el dise\u00f1o de p\u00e1ginas en internet para la comercializaci\u00f3n aplicando las t\u00e9cnicas de venta adecuadas, as\u00ed como aplicar procedimientos de seguimiento y atenci\u00f3n al cliente siguiendo criterios y procedimientos establecidos en las situaciones comerciales online.<\/p>\n","protected":false},"featured_media":5069,"comment_status":"closed","ping_status":"closed","template":"","meta":[],"product_cat":[118],"product_tag":[],"class_list":{"0":"post-4533","1":"product","2":"type-product","3":"status-publish","4":"has-post-thumbnail","6":"product_cat-compraventa","8":"first","9":"instock","10":"taxable","11":"shipping-taxable","12":"purchasable","13":"product-type-simple"},"yoast_head":"<!-- This site is optimized with the Yoast SEO plugin v23.5 - https:\/\/yoast.com\/wordpress\/plugins\/seo\/ -->\n<title>COMT105PO - Venta Online (30 horas) - Contenidos Online<\/title>\n<meta name=\"robots\" content=\"index, follow, max-snippet:-1, max-image-preview:large, max-video-preview:-1\" \/>\n<link rel=\"canonical\" href=\"https:\/\/mefp.grupopiquer.com\/inscripciones\/producto\/comt105po-comt105po-venta-online-30-horas\/\" \/>\n<meta property=\"og:locale\" content=\"es_ES\" \/>\n<meta property=\"og:type\" content=\"article\" \/>\n<meta property=\"og:title\" content=\"COMT105PO - Venta Online (30 horas) - Contenidos Online\" \/>\n<meta property=\"og:description\" content=\"Adoptar criterios comerciales en el dise\u00f1o de p\u00e1ginas en internet para la comercializaci\u00f3n aplicando las t\u00e9cnicas de venta adecuadas, as\u00ed como aplicar procedimientos de seguimiento y atenci\u00f3n al cliente siguiendo criterios y procedimientos establecidos en las situaciones comerciales online.\" \/>\n<meta property=\"og:url\" content=\"https:\/\/mefp.grupopiquer.com\/inscripciones\/producto\/comt105po-comt105po-venta-online-30-horas\/\" \/>\n<meta property=\"og:site_name\" content=\"Contenidos Online\" \/>\n<meta property=\"article:modified_time\" content=\"2023-05-16T14:33:05+00:00\" \/>\n<meta property=\"og:image\" content=\"https:\/\/mefp.grupopiquer.com\/inscripciones\/wp-content\/uploads\/2023\/05\/iDYwKEcD8z1iDPNE_lQSP71dlm0eZ1fE-stock-image-e1683210442954.jpg\" \/>\n\t<meta property=\"og:image:width\" content=\"1642\" \/>\n\t<meta property=\"og:image:height\" content=\"924\" \/>\n\t<meta property=\"og:image:type\" content=\"image\/jpeg\" \/>\n<meta name=\"twitter:card\" content=\"summary_large_image\" \/>\n<meta name=\"twitter:label1\" content=\"Tiempo de lectura\" \/>\n\t<meta name=\"twitter:data1\" content=\"2 minutos\" \/>\n<script type=\"application\/ld+json\" class=\"yoast-schema-graph\">{\"@context\":\"https:\/\/schema.org\",\"@graph\":[{\"@type\":\"WebPage\",\"@id\":\"https:\/\/mefp.grupopiquer.com\/inscripciones\/producto\/comt105po-comt105po-venta-online-30-horas\/\",\"url\":\"https:\/\/mefp.grupopiquer.com\/inscripciones\/producto\/comt105po-comt105po-venta-online-30-horas\/\",\"name\":\"COMT105PO - Venta Online (30 horas) - Contenidos Online\",\"isPartOf\":{\"@id\":\"https:\/\/mefp.grupopiquer.com\/inscripciones\/#website\"},\"primaryImageOfPage\":{\"@id\":\"https:\/\/mefp.grupopiquer.com\/inscripciones\/producto\/comt105po-comt105po-venta-online-30-horas\/#primaryimage\"},\"image\":{\"@id\":\"https:\/\/mefp.grupopiquer.com\/inscripciones\/producto\/comt105po-comt105po-venta-online-30-horas\/#primaryimage\"},\"thumbnailUrl\":\"https:\/\/mefp.grupopiquer.com\/inscripciones\/wp-content\/uploads\/2023\/05\/iDYwKEcD8z1iDPNE_lQSP71dlm0eZ1fE-stock-image-e1683210442954.jpg\",\"datePublished\":\"2023-05-02T11:07:46+00:00\",\"dateModified\":\"2023-05-16T14:33:05+00:00\",\"breadcrumb\":{\"@id\":\"https:\/\/mefp.grupopiquer.com\/inscripciones\/producto\/comt105po-comt105po-venta-online-30-horas\/#breadcrumb\"},\"inLanguage\":\"es\",\"potentialAction\":[{\"@type\":\"ReadAction\",\"target\":[\"https:\/\/mefp.grupopiquer.com\/inscripciones\/producto\/comt105po-comt105po-venta-online-30-horas\/\"]}]},{\"@type\":\"ImageObject\",\"inLanguage\":\"es\",\"@id\":\"https:\/\/mefp.grupopiquer.com\/inscripciones\/producto\/comt105po-comt105po-venta-online-30-horas\/#primaryimage\",\"url\":\"https:\/\/mefp.grupopiquer.com\/inscripciones\/wp-content\/uploads\/2023\/05\/iDYwKEcD8z1iDPNE_lQSP71dlm0eZ1fE-stock-image-e1683210442954.jpg\",\"contentUrl\":\"https:\/\/mefp.grupopiquer.com\/inscripciones\/wp-content\/uploads\/2023\/05\/iDYwKEcD8z1iDPNE_lQSP71dlm0eZ1fE-stock-image-e1683210442954.jpg\",\"width\":1642,\"height\":924},{\"@type\":\"BreadcrumbList\",\"@id\":\"https:\/\/mefp.grupopiquer.com\/inscripciones\/producto\/comt105po-comt105po-venta-online-30-horas\/#breadcrumb\",\"itemListElement\":[{\"@type\":\"ListItem\",\"position\":1,\"name\":\"Portada\",\"item\":\"https:\/\/mefp.grupopiquer.com\/inscripciones\/\"},{\"@type\":\"ListItem\",\"position\":2,\"name\":\"Tienda\",\"item\":\"https:\/\/mefp.grupopiquer.com\/inscripciones\/tienda\/\"},{\"@type\":\"ListItem\",\"position\":3,\"name\":\"COMT105PO &#8211; Venta Online (30 horas)\"}]},{\"@type\":\"WebSite\",\"@id\":\"https:\/\/mefp.grupopiquer.com\/inscripciones\/#website\",\"url\":\"https:\/\/mefp.grupopiquer.com\/inscripciones\/\",\"name\":\"Contenidos Online\",\"description\":\"\",\"publisher\":{\"@id\":\"https:\/\/mefp.grupopiquer.com\/inscripciones\/#organization\"},\"potentialAction\":[{\"@type\":\"SearchAction\",\"target\":{\"@type\":\"EntryPoint\",\"urlTemplate\":\"https:\/\/mefp.grupopiquer.com\/inscripciones\/?s={search_term_string}\"},\"query-input\":{\"@type\":\"PropertyValueSpecification\",\"valueRequired\":true,\"valueName\":\"search_term_string\"}}],\"inLanguage\":\"es\"},{\"@type\":\"Organization\",\"@id\":\"https:\/\/mefp.grupopiquer.com\/inscripciones\/#organization\",\"name\":\"Contenidos Online\",\"url\":\"https:\/\/mefp.grupopiquer.com\/inscripciones\/\",\"logo\":{\"@type\":\"ImageObject\",\"inLanguage\":\"es\",\"@id\":\"https:\/\/mefp.grupopiquer.com\/inscripciones\/#\/schema\/logo\/image\/\",\"url\":\"\",\"contentUrl\":\"\",\"caption\":\"Contenidos Online\"},\"image\":{\"@id\":\"https:\/\/mefp.grupopiquer.com\/inscripciones\/#\/schema\/logo\/image\/\"}}]}<\/script>\n<!-- \/ Yoast SEO plugin. -->","yoast_head_json":{"title":"COMT105PO - Venta Online (30 horas) - Contenidos Online","robots":{"index":"index","follow":"follow","max-snippet":"max-snippet:-1","max-image-preview":"max-image-preview:large","max-video-preview":"max-video-preview:-1"},"canonical":"https:\/\/mefp.grupopiquer.com\/inscripciones\/producto\/comt105po-comt105po-venta-online-30-horas\/","og_locale":"es_ES","og_type":"article","og_title":"COMT105PO - Venta Online (30 horas) - Contenidos Online","og_description":"Adoptar criterios comerciales en el dise\u00f1o de p\u00e1ginas en internet para la comercializaci\u00f3n aplicando las t\u00e9cnicas de venta adecuadas, as\u00ed como aplicar procedimientos de seguimiento y atenci\u00f3n al cliente siguiendo criterios y procedimientos establecidos en las situaciones comerciales online.","og_url":"https:\/\/mefp.grupopiquer.com\/inscripciones\/producto\/comt105po-comt105po-venta-online-30-horas\/","og_site_name":"Contenidos Online","article_modified_time":"2023-05-16T14:33:05+00:00","og_image":[{"width":1642,"height":924,"url":"https:\/\/mefp.grupopiquer.com\/inscripciones\/wp-content\/uploads\/2023\/05\/iDYwKEcD8z1iDPNE_lQSP71dlm0eZ1fE-stock-image-e1683210442954.jpg","type":"image\/jpeg"}],"twitter_card":"summary_large_image","twitter_misc":{"Tiempo de lectura":"2 minutos"},"schema":{"@context":"https:\/\/schema.org","@graph":[{"@type":"WebPage","@id":"https:\/\/mefp.grupopiquer.com\/inscripciones\/producto\/comt105po-comt105po-venta-online-30-horas\/","url":"https:\/\/mefp.grupopiquer.com\/inscripciones\/producto\/comt105po-comt105po-venta-online-30-horas\/","name":"COMT105PO - Venta Online (30 horas) - Contenidos Online","isPartOf":{"@id":"https:\/\/mefp.grupopiquer.com\/inscripciones\/#website"},"primaryImageOfPage":{"@id":"https:\/\/mefp.grupopiquer.com\/inscripciones\/producto\/comt105po-comt105po-venta-online-30-horas\/#primaryimage"},"image":{"@id":"https:\/\/mefp.grupopiquer.com\/inscripciones\/producto\/comt105po-comt105po-venta-online-30-horas\/#primaryimage"},"thumbnailUrl":"https:\/\/mefp.grupopiquer.com\/inscripciones\/wp-content\/uploads\/2023\/05\/iDYwKEcD8z1iDPNE_lQSP71dlm0eZ1fE-stock-image-e1683210442954.jpg","datePublished":"2023-05-02T11:07:46+00:00","dateModified":"2023-05-16T14:33:05+00:00","breadcrumb":{"@id":"https:\/\/mefp.grupopiquer.com\/inscripciones\/producto\/comt105po-comt105po-venta-online-30-horas\/#breadcrumb"},"inLanguage":"es","potentialAction":[{"@type":"ReadAction","target":["https:\/\/mefp.grupopiquer.com\/inscripciones\/producto\/comt105po-comt105po-venta-online-30-horas\/"]}]},{"@type":"ImageObject","inLanguage":"es","@id":"https:\/\/mefp.grupopiquer.com\/inscripciones\/producto\/comt105po-comt105po-venta-online-30-horas\/#primaryimage","url":"https:\/\/mefp.grupopiquer.com\/inscripciones\/wp-content\/uploads\/2023\/05\/iDYwKEcD8z1iDPNE_lQSP71dlm0eZ1fE-stock-image-e1683210442954.jpg","contentUrl":"https:\/\/mefp.grupopiquer.com\/inscripciones\/wp-content\/uploads\/2023\/05\/iDYwKEcD8z1iDPNE_lQSP71dlm0eZ1fE-stock-image-e1683210442954.jpg","width":1642,"height":924},{"@type":"BreadcrumbList","@id":"https:\/\/mefp.grupopiquer.com\/inscripciones\/producto\/comt105po-comt105po-venta-online-30-horas\/#breadcrumb","itemListElement":[{"@type":"ListItem","position":1,"name":"Portada","item":"https:\/\/mefp.grupopiquer.com\/inscripciones\/"},{"@type":"ListItem","position":2,"name":"Tienda","item":"https:\/\/mefp.grupopiquer.com\/inscripciones\/tienda\/"},{"@type":"ListItem","position":3,"name":"COMT105PO &#8211; Venta Online (30 horas)"}]},{"@type":"WebSite","@id":"https:\/\/mefp.grupopiquer.com\/inscripciones\/#website","url":"https:\/\/mefp.grupopiquer.com\/inscripciones\/","name":"Contenidos Online","description":"","publisher":{"@id":"https:\/\/mefp.grupopiquer.com\/inscripciones\/#organization"},"potentialAction":[{"@type":"SearchAction","target":{"@type":"EntryPoint","urlTemplate":"https:\/\/mefp.grupopiquer.com\/inscripciones\/?s={search_term_string}"},"query-input":{"@type":"PropertyValueSpecification","valueRequired":true,"valueName":"search_term_string"}}],"inLanguage":"es"},{"@type":"Organization","@id":"https:\/\/mefp.grupopiquer.com\/inscripciones\/#organization","name":"Contenidos Online","url":"https:\/\/mefp.grupopiquer.com\/inscripciones\/","logo":{"@type":"ImageObject","inLanguage":"es","@id":"https:\/\/mefp.grupopiquer.com\/inscripciones\/#\/schema\/logo\/image\/","url":"","contentUrl":"","caption":"Contenidos Online"},"image":{"@id":"https:\/\/mefp.grupopiquer.com\/inscripciones\/#\/schema\/logo\/image\/"}}]}},"_links":{"self":[{"href":"https:\/\/mefp.grupopiquer.com\/inscripciones\/wp-json\/wp\/v2\/product\/4533"}],"collection":[{"href":"https:\/\/mefp.grupopiquer.com\/inscripciones\/wp-json\/wp\/v2\/product"}],"about":[{"href":"https:\/\/mefp.grupopiquer.com\/inscripciones\/wp-json\/wp\/v2\/types\/product"}],"replies":[{"embeddable":true,"href":"https:\/\/mefp.grupopiquer.com\/inscripciones\/wp-json\/wp\/v2\/comments?post=4533"}],"wp:featuredmedia":[{"embeddable":true,"href":"https:\/\/mefp.grupopiquer.com\/inscripciones\/wp-json\/wp\/v2\/media\/5069"}],"wp:attachment":[{"href":"https:\/\/mefp.grupopiquer.com\/inscripciones\/wp-json\/wp\/v2\/media?parent=4533"}],"wp:term":[{"taxonomy":"product_cat","embeddable":true,"href":"https:\/\/mefp.grupopiquer.com\/inscripciones\/wp-json\/wp\/v2\/product_cat?post=4533"},{"taxonomy":"product_tag","embeddable":true,"href":"https:\/\/mefp.grupopiquer.com\/inscripciones\/wp-json\/wp\/v2\/product_tag?post=4533"}],"curies":[{"name":"wp","href":"https:\/\/api.w.org\/{rel}","templated":true}]}}