{"id":4531,"date":"2023-05-02T11:07:33","date_gmt":"2023-05-02T11:07:33","guid":{"rendered":"https:\/\/mefp.grupopiquer.com\/inscripciones\/producto\/comt104po-blog-para-la-comunicacion-en-negocios-20-horas\/"},"modified":"2023-05-15T10:26:50","modified_gmt":"2023-05-15T10:26:50","slug":"comt104po-blog-para-la-comunicacion-en-negocios-20-horas","status":"publish","type":"product","link":"https:\/\/mefp.grupopiquer.com\/inscripciones\/producto\/comt104po-blog-para-la-comunicacion-en-negocios-20-horas\/","title":{"rendered":"COMT104PO &#8211; Blog para la Comunicaci\u00f3n en Negocios (20 horas)"},"content":{"rendered":"<div id=\"accordion\">\n<h3>OBJETIVOS<\/h3>\n<div>Crear un blog como herramienta b\u00e1sica de comunicaci\u00f3n en el mundo 2.0 y aplicar las herramientas de software que existen a disposici\u00f3n de las PYME para la iniciaci\u00f3n en el dise\u00f1o y creaci\u00f3n del mismo. As\u00ed mismo descubrir las posibilidades de di\u00e1logo que ofrecen al p\u00fablico\/cliente potencial estos nuevos entornos.<\/div>\n<h3>CONTENIDOS<\/h3>\n<div>1. EL BLOG. \u00bfQU\u00c9 ES Y QU\u00c9 APORTA?<br \/>\n1.1. Origen e introducci\u00f3n a la nueva comunicaci\u00f3n social.<br \/>\n1.2. \u00bfQu\u00e9 es un blog?<br \/>\n1.2.1. Caracter\u00edsticas.<br \/>\n1.2.2. Elementos.<br \/>\n1.2.3. Blog vs Web.<br \/>\n1.2.4. El lenguaje en el blog.<br \/>\n1.3. C\u00f3mo usar un blog como herramienta.<br \/>\n1.3.1. Usos.<br \/>\n1.3.2. Razones y Ventajas.<br \/>\n1.3.3. Estructura.<\/p>\n<p>2. MI PRIMER BLOG<br \/>\n2.1. Por qu\u00e9 tener un blog.<br \/>\n2.1.1. Blog corporativo vs Blog personal.<br \/>\n2.2. Para qu\u00e9 un blog si no tengo nada que decir.<br \/>\n2.2.1. Creaci\u00f3n de contenidos.<br \/>\n2.2.2. Mantener y dinamizar un blog.<br \/>\n2.3. Yo no soy dise\u00f1ador.<br \/>\n2.3.1. Crear tu plantilla.<br \/>\n2.3.2. Gadgets para personalizar tu blog.<br \/>\n2.3.3. C\u00f3mo hacerlo din\u00e1mico.<\/p>\n<p>3. DESTACAR EL BLOG EN LA RED<br \/>\n3.1. Personalizaci\u00f3n del negocio.<br \/>\n3.2. Humanizaci\u00f3n del blog.<br \/>\n3.3. Posicionamiento de mi negocio.<br \/>\n3.4. Reputaci\u00f3n en la Red.<\/p>\n<\/div>\n<\/div>\n","protected":false},"excerpt":{"rendered":"<p>Crear un blog como herramienta b\u00e1sica de comunicaci\u00f3n en el mundo 2.0 y aplicar las herramientas de software que existen a disposici\u00f3n de las PYME para la iniciaci\u00f3n en el dise\u00f1o y creaci\u00f3n del mismo. As\u00ed mismo descubrir las posibilidades de di\u00e1logo que ofrecen al p\u00fablico\/cliente potencial estos nuevos entornos.<\/p>\n","protected":false},"featured_media":5071,"comment_status":"closed","ping_status":"closed","template":"","meta":[],"product_cat":[118],"product_tag":[],"class_list":{"0":"post-4531","1":"product","2":"type-product","3":"status-publish","4":"has-post-thumbnail","6":"product_cat-compraventa","8":"first","9":"instock","10":"taxable","11":"shipping-taxable","12":"purchasable","13":"product-type-simple"},"yoast_head":"<!-- This site is optimized with the Yoast SEO plugin v23.5 - https:\/\/yoast.com\/wordpress\/plugins\/seo\/ -->\n<title>COMT104PO - Blog para la Comunicaci\u00f3n en Negocios (20 horas) - Contenidos Online<\/title>\n<meta name=\"robots\" content=\"index, follow, max-snippet:-1, max-image-preview:large, max-video-preview:-1\" \/>\n<link rel=\"canonical\" href=\"https:\/\/mefp.grupopiquer.com\/inscripciones\/producto\/comt104po-blog-para-la-comunicacion-en-negocios-20-horas\/\" \/>\n<meta property=\"og:locale\" content=\"es_ES\" \/>\n<meta property=\"og:type\" content=\"article\" \/>\n<meta property=\"og:title\" content=\"COMT104PO - Blog para la Comunicaci\u00f3n en Negocios (20 horas) - Contenidos Online\" \/>\n<meta property=\"og:description\" content=\"Crear un blog como herramienta b\u00e1sica de comunicaci\u00f3n en el mundo 2.0 y aplicar las herramientas de software que existen a disposici\u00f3n de las PYME para la iniciaci\u00f3n en el dise\u00f1o y creaci\u00f3n del mismo. As\u00ed mismo descubrir las posibilidades de di\u00e1logo que ofrecen al p\u00fablico\/cliente potencial estos nuevos entornos.\" \/>\n<meta property=\"og:url\" content=\"https:\/\/mefp.grupopiquer.com\/inscripciones\/producto\/comt104po-blog-para-la-comunicacion-en-negocios-20-horas\/\" \/>\n<meta property=\"og:site_name\" content=\"Contenidos Online\" \/>\n<meta property=\"article:modified_time\" content=\"2023-05-15T10:26:50+00:00\" \/>\n<meta property=\"og:image\" content=\"https:\/\/mefp.grupopiquer.com\/inscripciones\/wp-content\/uploads\/2023\/05\/W4VaSFBKyy1MiG5G_7wD6BL-OcoZCqMeL-e1683210558617.jpg\" \/>\n\t<meta property=\"og:image:width\" content=\"1064\" \/>\n\t<meta property=\"og:image:height\" content=\"599\" \/>\n\t<meta property=\"og:image:type\" content=\"image\/jpeg\" \/>\n<meta name=\"twitter:card\" content=\"summary_large_image\" \/>\n<meta name=\"twitter:label1\" content=\"Tiempo de lectura\" \/>\n\t<meta name=\"twitter:data1\" content=\"1 minuto\" \/>\n<script type=\"application\/ld+json\" class=\"yoast-schema-graph\">{\"@context\":\"https:\/\/schema.org\",\"@graph\":[{\"@type\":\"WebPage\",\"@id\":\"https:\/\/mefp.grupopiquer.com\/inscripciones\/producto\/comt104po-blog-para-la-comunicacion-en-negocios-20-horas\/\",\"url\":\"https:\/\/mefp.grupopiquer.com\/inscripciones\/producto\/comt104po-blog-para-la-comunicacion-en-negocios-20-horas\/\",\"name\":\"COMT104PO - Blog para la Comunicaci\u00f3n en Negocios (20 horas) - Contenidos Online\",\"isPartOf\":{\"@id\":\"https:\/\/mefp.grupopiquer.com\/inscripciones\/#website\"},\"primaryImageOfPage\":{\"@id\":\"https:\/\/mefp.grupopiquer.com\/inscripciones\/producto\/comt104po-blog-para-la-comunicacion-en-negocios-20-horas\/#primaryimage\"},\"image\":{\"@id\":\"https:\/\/mefp.grupopiquer.com\/inscripciones\/producto\/comt104po-blog-para-la-comunicacion-en-negocios-20-horas\/#primaryimage\"},\"thumbnailUrl\":\"https:\/\/mefp.grupopiquer.com\/inscripciones\/wp-content\/uploads\/2023\/05\/W4VaSFBKyy1MiG5G_7wD6BL-OcoZCqMeL-e1683210558617.jpg\",\"datePublished\":\"2023-05-02T11:07:33+00:00\",\"dateModified\":\"2023-05-15T10:26:50+00:00\",\"breadcrumb\":{\"@id\":\"https:\/\/mefp.grupopiquer.com\/inscripciones\/producto\/comt104po-blog-para-la-comunicacion-en-negocios-20-horas\/#breadcrumb\"},\"inLanguage\":\"es\",\"potentialAction\":[{\"@type\":\"ReadAction\",\"target\":[\"https:\/\/mefp.grupopiquer.com\/inscripciones\/producto\/comt104po-blog-para-la-comunicacion-en-negocios-20-horas\/\"]}]},{\"@type\":\"ImageObject\",\"inLanguage\":\"es\",\"@id\":\"https:\/\/mefp.grupopiquer.com\/inscripciones\/producto\/comt104po-blog-para-la-comunicacion-en-negocios-20-horas\/#primaryimage\",\"url\":\"https:\/\/mefp.grupopiquer.com\/inscripciones\/wp-content\/uploads\/2023\/05\/W4VaSFBKyy1MiG5G_7wD6BL-OcoZCqMeL-e1683210558617.jpg\",\"contentUrl\":\"https:\/\/mefp.grupopiquer.com\/inscripciones\/wp-content\/uploads\/2023\/05\/W4VaSFBKyy1MiG5G_7wD6BL-OcoZCqMeL-e1683210558617.jpg\",\"width\":1064,\"height\":599},{\"@type\":\"BreadcrumbList\",\"@id\":\"https:\/\/mefp.grupopiquer.com\/inscripciones\/producto\/comt104po-blog-para-la-comunicacion-en-negocios-20-horas\/#breadcrumb\",\"itemListElement\":[{\"@type\":\"ListItem\",\"position\":1,\"name\":\"Portada\",\"item\":\"https:\/\/mefp.grupopiquer.com\/inscripciones\/\"},{\"@type\":\"ListItem\",\"position\":2,\"name\":\"Tienda\",\"item\":\"https:\/\/mefp.grupopiquer.com\/inscripciones\/tienda\/\"},{\"@type\":\"ListItem\",\"position\":3,\"name\":\"COMT104PO &#8211; Blog para la Comunicaci\u00f3n en Negocios (20 horas)\"}]},{\"@type\":\"WebSite\",\"@id\":\"https:\/\/mefp.grupopiquer.com\/inscripciones\/#website\",\"url\":\"https:\/\/mefp.grupopiquer.com\/inscripciones\/\",\"name\":\"Contenidos Online\",\"description\":\"\",\"publisher\":{\"@id\":\"https:\/\/mefp.grupopiquer.com\/inscripciones\/#organization\"},\"potentialAction\":[{\"@type\":\"SearchAction\",\"target\":{\"@type\":\"EntryPoint\",\"urlTemplate\":\"https:\/\/mefp.grupopiquer.com\/inscripciones\/?s={search_term_string}\"},\"query-input\":{\"@type\":\"PropertyValueSpecification\",\"valueRequired\":true,\"valueName\":\"search_term_string\"}}],\"inLanguage\":\"es\"},{\"@type\":\"Organization\",\"@id\":\"https:\/\/mefp.grupopiquer.com\/inscripciones\/#organization\",\"name\":\"Contenidos Online\",\"url\":\"https:\/\/mefp.grupopiquer.com\/inscripciones\/\",\"logo\":{\"@type\":\"ImageObject\",\"inLanguage\":\"es\",\"@id\":\"https:\/\/mefp.grupopiquer.com\/inscripciones\/#\/schema\/logo\/image\/\",\"url\":\"\",\"contentUrl\":\"\",\"caption\":\"Contenidos Online\"},\"image\":{\"@id\":\"https:\/\/mefp.grupopiquer.com\/inscripciones\/#\/schema\/logo\/image\/\"}}]}<\/script>\n<!-- \/ Yoast SEO plugin. -->","yoast_head_json":{"title":"COMT104PO - Blog para la Comunicaci\u00f3n en Negocios (20 horas) - Contenidos Online","robots":{"index":"index","follow":"follow","max-snippet":"max-snippet:-1","max-image-preview":"max-image-preview:large","max-video-preview":"max-video-preview:-1"},"canonical":"https:\/\/mefp.grupopiquer.com\/inscripciones\/producto\/comt104po-blog-para-la-comunicacion-en-negocios-20-horas\/","og_locale":"es_ES","og_type":"article","og_title":"COMT104PO - Blog para la Comunicaci\u00f3n en Negocios (20 horas) - Contenidos Online","og_description":"Crear un blog como herramienta b\u00e1sica de comunicaci\u00f3n en el mundo 2.0 y aplicar las herramientas de software que existen a disposici\u00f3n de las PYME para la iniciaci\u00f3n en el dise\u00f1o y creaci\u00f3n del mismo. As\u00ed mismo descubrir las posibilidades de di\u00e1logo que ofrecen al p\u00fablico\/cliente potencial estos nuevos entornos.","og_url":"https:\/\/mefp.grupopiquer.com\/inscripciones\/producto\/comt104po-blog-para-la-comunicacion-en-negocios-20-horas\/","og_site_name":"Contenidos Online","article_modified_time":"2023-05-15T10:26:50+00:00","og_image":[{"width":1064,"height":599,"url":"https:\/\/mefp.grupopiquer.com\/inscripciones\/wp-content\/uploads\/2023\/05\/W4VaSFBKyy1MiG5G_7wD6BL-OcoZCqMeL-e1683210558617.jpg","type":"image\/jpeg"}],"twitter_card":"summary_large_image","twitter_misc":{"Tiempo de lectura":"1 minuto"},"schema":{"@context":"https:\/\/schema.org","@graph":[{"@type":"WebPage","@id":"https:\/\/mefp.grupopiquer.com\/inscripciones\/producto\/comt104po-blog-para-la-comunicacion-en-negocios-20-horas\/","url":"https:\/\/mefp.grupopiquer.com\/inscripciones\/producto\/comt104po-blog-para-la-comunicacion-en-negocios-20-horas\/","name":"COMT104PO - Blog para la Comunicaci\u00f3n en Negocios (20 horas) - Contenidos Online","isPartOf":{"@id":"https:\/\/mefp.grupopiquer.com\/inscripciones\/#website"},"primaryImageOfPage":{"@id":"https:\/\/mefp.grupopiquer.com\/inscripciones\/producto\/comt104po-blog-para-la-comunicacion-en-negocios-20-horas\/#primaryimage"},"image":{"@id":"https:\/\/mefp.grupopiquer.com\/inscripciones\/producto\/comt104po-blog-para-la-comunicacion-en-negocios-20-horas\/#primaryimage"},"thumbnailUrl":"https:\/\/mefp.grupopiquer.com\/inscripciones\/wp-content\/uploads\/2023\/05\/W4VaSFBKyy1MiG5G_7wD6BL-OcoZCqMeL-e1683210558617.jpg","datePublished":"2023-05-02T11:07:33+00:00","dateModified":"2023-05-15T10:26:50+00:00","breadcrumb":{"@id":"https:\/\/mefp.grupopiquer.com\/inscripciones\/producto\/comt104po-blog-para-la-comunicacion-en-negocios-20-horas\/#breadcrumb"},"inLanguage":"es","potentialAction":[{"@type":"ReadAction","target":["https:\/\/mefp.grupopiquer.com\/inscripciones\/producto\/comt104po-blog-para-la-comunicacion-en-negocios-20-horas\/"]}]},{"@type":"ImageObject","inLanguage":"es","@id":"https:\/\/mefp.grupopiquer.com\/inscripciones\/producto\/comt104po-blog-para-la-comunicacion-en-negocios-20-horas\/#primaryimage","url":"https:\/\/mefp.grupopiquer.com\/inscripciones\/wp-content\/uploads\/2023\/05\/W4VaSFBKyy1MiG5G_7wD6BL-OcoZCqMeL-e1683210558617.jpg","contentUrl":"https:\/\/mefp.grupopiquer.com\/inscripciones\/wp-content\/uploads\/2023\/05\/W4VaSFBKyy1MiG5G_7wD6BL-OcoZCqMeL-e1683210558617.jpg","width":1064,"height":599},{"@type":"BreadcrumbList","@id":"https:\/\/mefp.grupopiquer.com\/inscripciones\/producto\/comt104po-blog-para-la-comunicacion-en-negocios-20-horas\/#breadcrumb","itemListElement":[{"@type":"ListItem","position":1,"name":"Portada","item":"https:\/\/mefp.grupopiquer.com\/inscripciones\/"},{"@type":"ListItem","position":2,"name":"Tienda","item":"https:\/\/mefp.grupopiquer.com\/inscripciones\/tienda\/"},{"@type":"ListItem","position":3,"name":"COMT104PO &#8211; Blog para la Comunicaci\u00f3n en Negocios (20 horas)"}]},{"@type":"WebSite","@id":"https:\/\/mefp.grupopiquer.com\/inscripciones\/#website","url":"https:\/\/mefp.grupopiquer.com\/inscripciones\/","name":"Contenidos Online","description":"","publisher":{"@id":"https:\/\/mefp.grupopiquer.com\/inscripciones\/#organization"},"potentialAction":[{"@type":"SearchAction","target":{"@type":"EntryPoint","urlTemplate":"https:\/\/mefp.grupopiquer.com\/inscripciones\/?s={search_term_string}"},"query-input":{"@type":"PropertyValueSpecification","valueRequired":true,"valueName":"search_term_string"}}],"inLanguage":"es"},{"@type":"Organization","@id":"https:\/\/mefp.grupopiquer.com\/inscripciones\/#organization","name":"Contenidos Online","url":"https:\/\/mefp.grupopiquer.com\/inscripciones\/","logo":{"@type":"ImageObject","inLanguage":"es","@id":"https:\/\/mefp.grupopiquer.com\/inscripciones\/#\/schema\/logo\/image\/","url":"","contentUrl":"","caption":"Contenidos Online"},"image":{"@id":"https:\/\/mefp.grupopiquer.com\/inscripciones\/#\/schema\/logo\/image\/"}}]}},"_links":{"self":[{"href":"https:\/\/mefp.grupopiquer.com\/inscripciones\/wp-json\/wp\/v2\/product\/4531"}],"collection":[{"href":"https:\/\/mefp.grupopiquer.com\/inscripciones\/wp-json\/wp\/v2\/product"}],"about":[{"href":"https:\/\/mefp.grupopiquer.com\/inscripciones\/wp-json\/wp\/v2\/types\/product"}],"replies":[{"embeddable":true,"href":"https:\/\/mefp.grupopiquer.com\/inscripciones\/wp-json\/wp\/v2\/comments?post=4531"}],"wp:featuredmedia":[{"embeddable":true,"href":"https:\/\/mefp.grupopiquer.com\/inscripciones\/wp-json\/wp\/v2\/media\/5071"}],"wp:attachment":[{"href":"https:\/\/mefp.grupopiquer.com\/inscripciones\/wp-json\/wp\/v2\/media?parent=4531"}],"wp:term":[{"taxonomy":"product_cat","embeddable":true,"href":"https:\/\/mefp.grupopiquer.com\/inscripciones\/wp-json\/wp\/v2\/product_cat?post=4531"},{"taxonomy":"product_tag","embeddable":true,"href":"https:\/\/mefp.grupopiquer.com\/inscripciones\/wp-json\/wp\/v2\/product_tag?post=4531"}],"curies":[{"name":"wp","href":"https:\/\/api.w.org\/{rel}","templated":true}]}}