{"id":4520,"date":"2023-05-02T11:06:46","date_gmt":"2023-05-02T11:06:46","guid":{"rendered":"https:\/\/mefp.grupopiquer.com\/inscripciones\/producto\/comt066po-comercio-en-internet-optimizacion-de-recursos-90-horas\/"},"modified":"2023-05-16T14:53:25","modified_gmt":"2023-05-16T14:53:25","slug":"comt066po-comercio-en-internet-optimizacion-de-recursos-90-horas","status":"publish","type":"product","link":"https:\/\/mefp.grupopiquer.com\/inscripciones\/producto\/comt066po-comercio-en-internet-optimizacion-de-recursos-90-horas\/","title":{"rendered":"COMT066PO &#8211; Comercio en Internet. Optimizaci\u00f3n de Recursos (90 horas)"},"content":{"rendered":"<div id=\"accordion\">\n<h3>OBJETIVOS<\/h3>\n<div>Analizar en qu\u00e9 forma el uso de internet puede ayudarnos a mejorar los resultados empresariales, aprendiendo a utilizar las herramientas que permitan minimizar costes y aumentar los ingresos y clientes. Utilizar las t\u00e9cnicas b\u00e1sicas de presencia en redes sociales y generar ingresos con el comercio electr\u00f3nico.<\/div>\n<h3>CONTENIDOS<\/h3>\n<div>1. MINIMIZAR COSTES<br \/>\n1.1. Web 2.0 + mundo online.<br \/>\n1.1.1. Los principios de la Web 2.0.<br \/>\n1.1.2. La empresa 2.0: un mundo a nuestro alcance.<br \/>\n1.1.3. &#8220;Digitalizando&#8221; una empresa: un mundo integrado, no paralelo.<br \/>\n1.2. Ahorra en tiempo.<br \/>\n1.2.1. La red como fuente de informaci\u00f3n.<br \/>\n1.2.2. Localizar partners, colaboradores y proveedores.<br \/>\n1.2.3. Evitar las esperas: administraci\u00f3n electr\u00f3nica.<br \/>\n1.2.4. Banca electr\u00f3nica: gestiones habituales.<br \/>\n1.3. No pagar, o pagar menos (dentro de la legalidad).<br \/>\n1.3.1. En los programas inform\u00e1ticos: Cloud Computing (pago por uso) y software libre.<br \/>\n1.3.2. En las comunicaciones: voz sobre IP, videoconferencias, fax PC-PC, what app\u2026<br \/>\n1.3.3. Otras ideas.<br \/>\n1.4. Clientes contentos, menos reclamaciones.<br \/>\n1.4.1. Atenci\u00f3n al cliente on-line: eMail, chat.<br \/>\n1.4.2. Los foros y su empleo como herramienta de asistencia.<br \/>\n1.4.3. Quejas y reclamaciones: la rapidez en la respuesta.<\/p>\n<p>2. AUMENTAR LOS POSIBLES CLIENTES (MARKETING 2.0)<br \/>\n2.1. \u00bfCrear una p\u00e1gina? No siempre\u2026<br \/>\n2.1.1. Un paso previo: darnos a conocer con coste m\u00ednimo: plataformas y directorios comerciales.<br \/>\n2.1.2. \u00bfCrear una p\u00e1gina?<br \/>\n2.2. Trasladar lo &#8220;tradicional&#8221; a Internet.<br \/>\n2.2.1. Performance marketing (coste seg\u00fan resultados).<br \/>\n2.2.2. Display (Publicidad gr\u00e1fica en la red).<br \/>\n2.2.3. Email Marketing. 2.2.4. Campa\u00f1as SEM (publicidad en buscadores; posicionamiento patrocinado o de pago).<br \/>\n2.2.5. Posicionamiento org\u00e1nico SEO (posicionamiento por contenido). 2.2.6. Analizar, analizar y comprobar.<br \/>\n2.3. Pensar &#8220;para&#8221; la red.<br \/>\n2.3.1. Producto + precio + plaza+ promoci\u00f3n.<br \/>\n2.3.2. Contenido + contexto + conexi\u00f3n + comunidad.<br \/>\n2.4. Herramientas s\u00ed, \u2026 pero no todas para todo.<br \/>\n2.4.1. eProduct marketing.<br \/>\n2.4.2. eResearh. 2.4.3. ePricing.<br \/>\n2.4.4. ePromotion.<br \/>\n2.4.5. eAudit. 2.4.6. eCommerce.<br \/>\n2.4.7. eAdvertising.<br \/>\n2.4.8. eBranding.<br \/>\n2.4.9. Trade eMarketing.<br \/>\n2.4.10. eCommunication.<\/p>\n<p>3. PRESENCIA EN LAS REDES SOCIALES<br \/>\n3.1. Que hablen de nosotros.<br \/>\n3.1.1. Del Plan de marketing al Social media Plan.<br \/>\n3.1.2. C\u00f3mo difundir una idea en la web.<br \/>\n3.1.3. Blogs y microblogs (eventos para bloggers).<br \/>\n3.1.4. Marketing viral.<br \/>\n3.1.4. Redes sociales.<br \/>\n3.1.5. Formatos publicitarios en redes sociales.<br \/>\n3.2. Que hablen bien de nosotros.<br \/>\n3.2.1. \u00bfEn qu\u00e9 espacios quiero (y debo) estar?<br \/>\n3.2.2. Gesti\u00f3n de un proyecto en redes sociales.<br \/>\n3.2.3. Monitorizaci\u00f3n y reputaci\u00f3n.<br \/>\n3.2.4. Detecci\u00f3n y resoluci\u00f3n de crisis 2.0.<br \/>\n3.3. Mirar hacia el futuro: Web 3.0 y marketing 3.0.<\/p>\n<p>4. CREAR INGRESOS (COMERCIO ELECTR\u00d3NICO)<br \/>\n4.1. Soluciones antes de crear una tienda virtual.<br \/>\n4.1.1. Los sitios de afiliaci\u00f3n y descuento.<br \/>\n4.1.2. Market Place. 4.2. Quiero una tienda\u2026<br \/>\n4.2.1. Coste de la tienda: Saas (tiendas en la nube), Open Source (c\u00f3digo abierto), soluciones a medida.<br \/>\n4.2.2. Aspectos a los que atender: cat\u00e1logo de productos, proceso de registro, proceso de venta, integraci\u00f3n con otros procesos de la empresa.<br \/>\n4.3. Mejorar el proceso de cobro.<br \/>\n4.3.1. Pedido y facturaci\u00f3n on Line.<br \/>\n4.3.2. Medios de pago offLine: contrarrembolso, transferencia, domiciliaci\u00f3n bancaria.<br \/>\n4.3.3. Medios de pago onLine: tarjetas, Paypal.<br \/>\n4.3.4. Lo \u00faltimo, pago por m\u00f3vil.<br \/>\n4.4. M- Commerce.<br \/>\n4.4.1. Comercio mediante m\u00f3vil.<br \/>\n4.5. Aspectos legales.<br \/>\n4.5.1. Obligaciones en materia de protecci\u00f3n de datos de car\u00e1cter personal.<br \/>\n4.5.2. Uso de cookies.<br \/>\n4.5.3. Contrataci\u00f3n online.<br \/>\n4.5.4. Cuestiones sobre entrega, devoluciones, etc<\/p>\n<\/div>\n<\/div>\n","protected":false},"excerpt":{"rendered":"<p>Analizar en qu\u00e9 forma el uso de internet puede ayudarnos a mejorar los resultados empresariales, aprendiendo a utilizar las herramientas que permitan minimizar costes y aumentar los ingresos y clientes. Utilizar las t\u00e9cnicas b\u00e1sicas de presencia en redes sociales y generar ingresos con el comercio electr\u00f3nico<\/p>\n","protected":false},"featured_media":5079,"comment_status":"closed","ping_status":"closed","template":"","meta":[],"product_cat":[118],"product_tag":[],"class_list":{"0":"post-4520","1":"product","2":"type-product","3":"status-publish","4":"has-post-thumbnail","6":"product_cat-compraventa","8":"first","9":"instock","10":"taxable","11":"shipping-taxable","12":"purchasable","13":"product-type-simple"},"yoast_head":"<!-- This site is optimized with the Yoast SEO plugin v23.5 - https:\/\/yoast.com\/wordpress\/plugins\/seo\/ -->\n<title>COMT066PO - Comercio en Internet. Optimizaci\u00f3n de Recursos (90 horas) - Contenidos Online<\/title>\n<meta name=\"robots\" content=\"index, follow, max-snippet:-1, max-image-preview:large, max-video-preview:-1\" \/>\n<link rel=\"canonical\" href=\"https:\/\/mefp.grupopiquer.com\/inscripciones\/producto\/comt066po-comercio-en-internet-optimizacion-de-recursos-90-horas\/\" \/>\n<meta property=\"og:locale\" content=\"es_ES\" \/>\n<meta property=\"og:type\" content=\"article\" \/>\n<meta property=\"og:title\" content=\"COMT066PO - Comercio en Internet. Optimizaci\u00f3n de Recursos (90 horas) - Contenidos Online\" \/>\n<meta property=\"og:description\" content=\"Analizar en qu\u00e9 forma el uso de internet puede ayudarnos a mejorar los resultados empresariales, aprendiendo a utilizar las herramientas que permitan minimizar costes y aumentar los ingresos y clientes. Utilizar las t\u00e9cnicas b\u00e1sicas de presencia en redes sociales y generar ingresos con el comercio electr\u00f3nico\" \/>\n<meta property=\"og:url\" content=\"https:\/\/mefp.grupopiquer.com\/inscripciones\/producto\/comt066po-comercio-en-internet-optimizacion-de-recursos-90-horas\/\" \/>\n<meta property=\"og:site_name\" content=\"Contenidos Online\" \/>\n<meta property=\"article:modified_time\" content=\"2023-05-16T14:53:25+00:00\" \/>\n<meta property=\"og:image\" content=\"https:\/\/mefp.grupopiquer.com\/inscripciones\/wp-content\/uploads\/2023\/05\/6Q8tf3P_gjkXzk4x_nEjflGbhIm-IUGqZ-e1683211075835.jpg\" \/>\n\t<meta property=\"og:image:width\" content=\"1680\" \/>\n\t<meta property=\"og:image:height\" content=\"945\" \/>\n\t<meta property=\"og:image:type\" content=\"image\/jpeg\" \/>\n<meta name=\"twitter:card\" content=\"summary_large_image\" \/>\n<meta name=\"twitter:label1\" content=\"Tiempo de lectura\" \/>\n\t<meta name=\"twitter:data1\" content=\"3 minutos\" \/>\n<script type=\"application\/ld+json\" class=\"yoast-schema-graph\">{\"@context\":\"https:\/\/schema.org\",\"@graph\":[{\"@type\":\"WebPage\",\"@id\":\"https:\/\/mefp.grupopiquer.com\/inscripciones\/producto\/comt066po-comercio-en-internet-optimizacion-de-recursos-90-horas\/\",\"url\":\"https:\/\/mefp.grupopiquer.com\/inscripciones\/producto\/comt066po-comercio-en-internet-optimizacion-de-recursos-90-horas\/\",\"name\":\"COMT066PO - Comercio en Internet. Optimizaci\u00f3n de Recursos (90 horas) - Contenidos Online\",\"isPartOf\":{\"@id\":\"https:\/\/mefp.grupopiquer.com\/inscripciones\/#website\"},\"primaryImageOfPage\":{\"@id\":\"https:\/\/mefp.grupopiquer.com\/inscripciones\/producto\/comt066po-comercio-en-internet-optimizacion-de-recursos-90-horas\/#primaryimage\"},\"image\":{\"@id\":\"https:\/\/mefp.grupopiquer.com\/inscripciones\/producto\/comt066po-comercio-en-internet-optimizacion-de-recursos-90-horas\/#primaryimage\"},\"thumbnailUrl\":\"https:\/\/mefp.grupopiquer.com\/inscripciones\/wp-content\/uploads\/2023\/05\/6Q8tf3P_gjkXzk4x_nEjflGbhIm-IUGqZ-e1683211075835.jpg\",\"datePublished\":\"2023-05-02T11:06:46+00:00\",\"dateModified\":\"2023-05-16T14:53:25+00:00\",\"breadcrumb\":{\"@id\":\"https:\/\/mefp.grupopiquer.com\/inscripciones\/producto\/comt066po-comercio-en-internet-optimizacion-de-recursos-90-horas\/#breadcrumb\"},\"inLanguage\":\"es\",\"potentialAction\":[{\"@type\":\"ReadAction\",\"target\":[\"https:\/\/mefp.grupopiquer.com\/inscripciones\/producto\/comt066po-comercio-en-internet-optimizacion-de-recursos-90-horas\/\"]}]},{\"@type\":\"ImageObject\",\"inLanguage\":\"es\",\"@id\":\"https:\/\/mefp.grupopiquer.com\/inscripciones\/producto\/comt066po-comercio-en-internet-optimizacion-de-recursos-90-horas\/#primaryimage\",\"url\":\"https:\/\/mefp.grupopiquer.com\/inscripciones\/wp-content\/uploads\/2023\/05\/6Q8tf3P_gjkXzk4x_nEjflGbhIm-IUGqZ-e1683211075835.jpg\",\"contentUrl\":\"https:\/\/mefp.grupopiquer.com\/inscripciones\/wp-content\/uploads\/2023\/05\/6Q8tf3P_gjkXzk4x_nEjflGbhIm-IUGqZ-e1683211075835.jpg\",\"width\":1680,\"height\":945},{\"@type\":\"BreadcrumbList\",\"@id\":\"https:\/\/mefp.grupopiquer.com\/inscripciones\/producto\/comt066po-comercio-en-internet-optimizacion-de-recursos-90-horas\/#breadcrumb\",\"itemListElement\":[{\"@type\":\"ListItem\",\"position\":1,\"name\":\"Portada\",\"item\":\"https:\/\/mefp.grupopiquer.com\/inscripciones\/\"},{\"@type\":\"ListItem\",\"position\":2,\"name\":\"Tienda\",\"item\":\"https:\/\/mefp.grupopiquer.com\/inscripciones\/tienda\/\"},{\"@type\":\"ListItem\",\"position\":3,\"name\":\"COMT066PO &#8211; Comercio en Internet. Optimizaci\u00f3n de Recursos (90 horas)\"}]},{\"@type\":\"WebSite\",\"@id\":\"https:\/\/mefp.grupopiquer.com\/inscripciones\/#website\",\"url\":\"https:\/\/mefp.grupopiquer.com\/inscripciones\/\",\"name\":\"Contenidos Online\",\"description\":\"\",\"publisher\":{\"@id\":\"https:\/\/mefp.grupopiquer.com\/inscripciones\/#organization\"},\"potentialAction\":[{\"@type\":\"SearchAction\",\"target\":{\"@type\":\"EntryPoint\",\"urlTemplate\":\"https:\/\/mefp.grupopiquer.com\/inscripciones\/?s={search_term_string}\"},\"query-input\":{\"@type\":\"PropertyValueSpecification\",\"valueRequired\":true,\"valueName\":\"search_term_string\"}}],\"inLanguage\":\"es\"},{\"@type\":\"Organization\",\"@id\":\"https:\/\/mefp.grupopiquer.com\/inscripciones\/#organization\",\"name\":\"Contenidos Online\",\"url\":\"https:\/\/mefp.grupopiquer.com\/inscripciones\/\",\"logo\":{\"@type\":\"ImageObject\",\"inLanguage\":\"es\",\"@id\":\"https:\/\/mefp.grupopiquer.com\/inscripciones\/#\/schema\/logo\/image\/\",\"url\":\"\",\"contentUrl\":\"\",\"caption\":\"Contenidos Online\"},\"image\":{\"@id\":\"https:\/\/mefp.grupopiquer.com\/inscripciones\/#\/schema\/logo\/image\/\"}}]}<\/script>\n<!-- \/ Yoast SEO plugin. -->","yoast_head_json":{"title":"COMT066PO - Comercio en Internet. Optimizaci\u00f3n de Recursos (90 horas) - Contenidos Online","robots":{"index":"index","follow":"follow","max-snippet":"max-snippet:-1","max-image-preview":"max-image-preview:large","max-video-preview":"max-video-preview:-1"},"canonical":"https:\/\/mefp.grupopiquer.com\/inscripciones\/producto\/comt066po-comercio-en-internet-optimizacion-de-recursos-90-horas\/","og_locale":"es_ES","og_type":"article","og_title":"COMT066PO - Comercio en Internet. Optimizaci\u00f3n de Recursos (90 horas) - Contenidos Online","og_description":"Analizar en qu\u00e9 forma el uso de internet puede ayudarnos a mejorar los resultados empresariales, aprendiendo a utilizar las herramientas que permitan minimizar costes y aumentar los ingresos y clientes. Utilizar las t\u00e9cnicas b\u00e1sicas de presencia en redes sociales y generar ingresos con el comercio electr\u00f3nico","og_url":"https:\/\/mefp.grupopiquer.com\/inscripciones\/producto\/comt066po-comercio-en-internet-optimizacion-de-recursos-90-horas\/","og_site_name":"Contenidos Online","article_modified_time":"2023-05-16T14:53:25+00:00","og_image":[{"width":1680,"height":945,"url":"https:\/\/mefp.grupopiquer.com\/inscripciones\/wp-content\/uploads\/2023\/05\/6Q8tf3P_gjkXzk4x_nEjflGbhIm-IUGqZ-e1683211075835.jpg","type":"image\/jpeg"}],"twitter_card":"summary_large_image","twitter_misc":{"Tiempo de lectura":"3 minutos"},"schema":{"@context":"https:\/\/schema.org","@graph":[{"@type":"WebPage","@id":"https:\/\/mefp.grupopiquer.com\/inscripciones\/producto\/comt066po-comercio-en-internet-optimizacion-de-recursos-90-horas\/","url":"https:\/\/mefp.grupopiquer.com\/inscripciones\/producto\/comt066po-comercio-en-internet-optimizacion-de-recursos-90-horas\/","name":"COMT066PO - Comercio en Internet. Optimizaci\u00f3n de Recursos (90 horas) - Contenidos Online","isPartOf":{"@id":"https:\/\/mefp.grupopiquer.com\/inscripciones\/#website"},"primaryImageOfPage":{"@id":"https:\/\/mefp.grupopiquer.com\/inscripciones\/producto\/comt066po-comercio-en-internet-optimizacion-de-recursos-90-horas\/#primaryimage"},"image":{"@id":"https:\/\/mefp.grupopiquer.com\/inscripciones\/producto\/comt066po-comercio-en-internet-optimizacion-de-recursos-90-horas\/#primaryimage"},"thumbnailUrl":"https:\/\/mefp.grupopiquer.com\/inscripciones\/wp-content\/uploads\/2023\/05\/6Q8tf3P_gjkXzk4x_nEjflGbhIm-IUGqZ-e1683211075835.jpg","datePublished":"2023-05-02T11:06:46+00:00","dateModified":"2023-05-16T14:53:25+00:00","breadcrumb":{"@id":"https:\/\/mefp.grupopiquer.com\/inscripciones\/producto\/comt066po-comercio-en-internet-optimizacion-de-recursos-90-horas\/#breadcrumb"},"inLanguage":"es","potentialAction":[{"@type":"ReadAction","target":["https:\/\/mefp.grupopiquer.com\/inscripciones\/producto\/comt066po-comercio-en-internet-optimizacion-de-recursos-90-horas\/"]}]},{"@type":"ImageObject","inLanguage":"es","@id":"https:\/\/mefp.grupopiquer.com\/inscripciones\/producto\/comt066po-comercio-en-internet-optimizacion-de-recursos-90-horas\/#primaryimage","url":"https:\/\/mefp.grupopiquer.com\/inscripciones\/wp-content\/uploads\/2023\/05\/6Q8tf3P_gjkXzk4x_nEjflGbhIm-IUGqZ-e1683211075835.jpg","contentUrl":"https:\/\/mefp.grupopiquer.com\/inscripciones\/wp-content\/uploads\/2023\/05\/6Q8tf3P_gjkXzk4x_nEjflGbhIm-IUGqZ-e1683211075835.jpg","width":1680,"height":945},{"@type":"BreadcrumbList","@id":"https:\/\/mefp.grupopiquer.com\/inscripciones\/producto\/comt066po-comercio-en-internet-optimizacion-de-recursos-90-horas\/#breadcrumb","itemListElement":[{"@type":"ListItem","position":1,"name":"Portada","item":"https:\/\/mefp.grupopiquer.com\/inscripciones\/"},{"@type":"ListItem","position":2,"name":"Tienda","item":"https:\/\/mefp.grupopiquer.com\/inscripciones\/tienda\/"},{"@type":"ListItem","position":3,"name":"COMT066PO &#8211; Comercio en Internet. Optimizaci\u00f3n de Recursos (90 horas)"}]},{"@type":"WebSite","@id":"https:\/\/mefp.grupopiquer.com\/inscripciones\/#website","url":"https:\/\/mefp.grupopiquer.com\/inscripciones\/","name":"Contenidos Online","description":"","publisher":{"@id":"https:\/\/mefp.grupopiquer.com\/inscripciones\/#organization"},"potentialAction":[{"@type":"SearchAction","target":{"@type":"EntryPoint","urlTemplate":"https:\/\/mefp.grupopiquer.com\/inscripciones\/?s={search_term_string}"},"query-input":{"@type":"PropertyValueSpecification","valueRequired":true,"valueName":"search_term_string"}}],"inLanguage":"es"},{"@type":"Organization","@id":"https:\/\/mefp.grupopiquer.com\/inscripciones\/#organization","name":"Contenidos Online","url":"https:\/\/mefp.grupopiquer.com\/inscripciones\/","logo":{"@type":"ImageObject","inLanguage":"es","@id":"https:\/\/mefp.grupopiquer.com\/inscripciones\/#\/schema\/logo\/image\/","url":"","contentUrl":"","caption":"Contenidos Online"},"image":{"@id":"https:\/\/mefp.grupopiquer.com\/inscripciones\/#\/schema\/logo\/image\/"}}]}},"_links":{"self":[{"href":"https:\/\/mefp.grupopiquer.com\/inscripciones\/wp-json\/wp\/v2\/product\/4520"}],"collection":[{"href":"https:\/\/mefp.grupopiquer.com\/inscripciones\/wp-json\/wp\/v2\/product"}],"about":[{"href":"https:\/\/mefp.grupopiquer.com\/inscripciones\/wp-json\/wp\/v2\/types\/product"}],"replies":[{"embeddable":true,"href":"https:\/\/mefp.grupopiquer.com\/inscripciones\/wp-json\/wp\/v2\/comments?post=4520"}],"wp:featuredmedia":[{"embeddable":true,"href":"https:\/\/mefp.grupopiquer.com\/inscripciones\/wp-json\/wp\/v2\/media\/5079"}],"wp:attachment":[{"href":"https:\/\/mefp.grupopiquer.com\/inscripciones\/wp-json\/wp\/v2\/media?parent=4520"}],"wp:term":[{"taxonomy":"product_cat","embeddable":true,"href":"https:\/\/mefp.grupopiquer.com\/inscripciones\/wp-json\/wp\/v2\/product_cat?post=4520"},{"taxonomy":"product_tag","embeddable":true,"href":"https:\/\/mefp.grupopiquer.com\/inscripciones\/wp-json\/wp\/v2\/product_tag?post=4520"}],"curies":[{"name":"wp","href":"https:\/\/api.w.org\/{rel}","templated":true}]}}