{"id":4514,"date":"2023-05-02T11:06:11","date_gmt":"2023-05-02T11:06:11","guid":{"rendered":"https:\/\/mefp.grupopiquer.com\/inscripciones\/producto\/comt051po-habilidades-comerciales-60-horas\/"},"modified":"2023-05-15T10:45:41","modified_gmt":"2023-05-15T10:45:41","slug":"comt051po-habilidades-comerciales-60-horas","status":"publish","type":"product","link":"https:\/\/mefp.grupopiquer.com\/inscripciones\/producto\/comt051po-habilidades-comerciales-60-horas\/","title":{"rendered":"COMT051PO &#8211; Habilidades Comerciales (60 horas)"},"content":{"rendered":"<div id=\"accordion\">\n<h3>OBJETIVOS<\/h3>\n<div>Adquirir conocimientos para el desarrollo de habilidades comerciales y conocer, analizar y acercarse a los h\u00e1bitos de los clientes y el proceso y las t\u00e9cnicas de venta para garantizar su cierre.<\/div>\n<h3>CONTENIDOS<\/h3>\n<div>1. PROACTIVIDAD COMERCIAL<br \/>\n1.1. La importancia de ser proactivo.<br \/>\n1.2. El esfuerzo continuado.<br \/>\n1.3. La orientaci\u00f3n al cliente.<br \/>\n1.4. La imagen que transmitimos al cliente.<br \/>\n1.5. Planificaci\u00f3n y optimizaci\u00f3n de recursos.<br \/>\n1.6. Reglas para ser Proactivos.<\/p>\n<p>2. LA ATENCI\u00d3N Y GESTI\u00d3N TELEF\u00d3NICA DE CLIENTES<br \/>\n2.1. La Orientaci\u00f3n al Cliente.<br \/>\n2.2. Proceso de asesoramiento comercial a clientes.<br \/>\n2.3. Atenci\u00f3n de las necesidades del cliente.<br \/>\n2.4. Incrementar el valor de los clientes actuales.<br \/>\n2.5. Elementos que interviene en la comunicaci\u00f3n.<br \/>\n2.6. La expresi\u00f3n verbal.<br \/>\n2.7. El lenguaje positivo y negativo.<br \/>\n2.8. La entonaci\u00f3n.<br \/>\n2.9. La articulaci\u00f3n.<br \/>\n2.10. La escucha activa.<br \/>\n2.11. Descubrir necesidades.<br \/>\n2.12. Llamadas de petici\u00f3n de informaci\u00f3n.<br \/>\n2.13. Tratamiento de reclamaciones.<\/p>\n<p>3. LA ENTREVISTA COMERCIAL<br \/>\n3.1. Preparaci\u00f3n de la Entrevista Comercial.<br \/>\n3.2. La entrevista comercial y la Comunicaci\u00f3n.<br \/>\n3.3. Estructura de la Comunicaci\u00f3n.<br \/>\n3.4. La Comunicaci\u00f3n No Verbal.<br \/>\n3.5. La mirada, los gestos y posturas, la voz.<br \/>\n3.6. La Comunicaci\u00f3n Verbal.<br \/>\n3.7. El saludo y la presentaci\u00f3n.<br \/>\n3.8. La detecci\u00f3n de necesidades.<br \/>\n3.9. Las preguntas.<br \/>\n3.10. La escucha activa y la empat\u00eda.<br \/>\n3.11. La capacidad de sintonizar emocionalmente con la otra persona.<br \/>\n3.12. Las habilidades comerciales como Emisores y como Receptores de la comunicaci\u00f3n.<br \/>\n3.13. Defectos y barreras para una buena Comunicaci\u00f3n.<\/p>\n<p>4. CONVERTIR OPORTUNIDADES EN NECESIDADES<br \/>\n4.1. El proceso comercial y la detecci\u00f3n de oportunidades.<br \/>\n4.2. Proceso de asesoramiento comercial a clientes.<br \/>\n4.3. Atenci\u00f3n de las necesidades del cliente.<br \/>\n4.4. Incrementar el valor de los clientes actuales.<br \/>\n4.5. La venta cruzada.<br \/>\n4.6. Beneficios de la venta cruzada.<br \/>\n4.7. C\u00f3mo enfocar la venta cruzada.<br \/>\n4.8. Generaci\u00f3n de confianza.<\/p>\n<p>5. ARGUMENTACI\u00d3N COMERCIAL<br \/>\n5.1. Las caracter\u00edsticas del producto o servicio.<br \/>\n5.2. Las ventajas comerciales del producto o servicio.<br \/>\n5.3. Los beneficios del producto o servicio.<br \/>\n5.4. Secuencia de la Argumentaci\u00f3n Comercial: Apertura.<br \/>\n5.5. Secuencia de la Argumentaci\u00f3n Comercial: Desarrollo.<br \/>\n5.6. Secuencia de la Argumentaci\u00f3n Comercial: Demostraci\u00f3n.<br \/>\n5.7. Secuencia de la Argumentaci\u00f3n Comercial: Presentaci\u00f3n de Beneficios.<br \/>\n5.8. La argumentaci\u00f3n: esquema a seguir.<br \/>\n5.9. Algunas recomendaciones pr\u00e1cticas para la Argumentaci\u00f3n Comercial.<\/p>\n<p>6. TRATAMIENTO DE OBJECIONES<br \/>\n6.1. Tratamiento de objeciones.<br \/>\n6.2. Qu\u00e9 debemos hacer cuando el cliente dice nos plantea una objeci\u00f3n.<br \/>\n6.3. Tipos de Objeciones y formas de afrontarlas.<br \/>\n6.4. T\u00e9cnicas para rebatir objeciones.<br \/>\n6.5. Reglas de oro en el tratamiento de objeciones.<\/p>\n<p>7. EL CIERRE DE VENTAS<br \/>\n7.1. Actividad.<br \/>\n7.2. El cierre de la venta.<br \/>\n7.3. Fases en el proceso de cierre de la venta.<br \/>\n7.4. Las se\u00f1ales de compra.<br \/>\n7.5. Algunos tipos de se\u00f1ales de inter\u00e9s.<br \/>\n7.6. Requisitos para el cierre de venta.<br \/>\n7.7. T\u00e9cnicas de cierre.<\/p>\n<p>8. FIDELIZACI\u00d3N Y SEGUIMIENTO DE CLIENTES<br \/>\n8.1. Concepto de fidelizaci\u00f3n de clientes.<br \/>\n8.2. Gesti\u00f3n de clientes.<br \/>\n8.3. Vinculaci\u00f3n de clientes.<br \/>\n8.4. Ventajas de la fidelizaci\u00f3n.<br \/>\n8.5. Factores de fidelizaci\u00f3n.<\/p>\n<p>9. ATENCI\u00d3N EFICAZ AL CLIENTE<br \/>\n9.1. La orientaci\u00f3n al cliente.<br \/>\n9.2. La comunicaci\u00f3n con el cliente.<br \/>\n9.3. Escuchar al cliente.<br \/>\n9.4. La importancia de la imagen.<br \/>\n9.5. Evitar una imagen negativa.<br \/>\n9.6. La expresi\u00f3n verbal.<br \/>\n9.7. La calidad de la voz.<br \/>\n9.8. Comunicaci\u00f3n no verbal.<br \/>\n9.9. La oficina o establecimiento, y el puesto de trabajo.<br \/>\n9.10. C\u00f3mo tratar a nuestros clientes seg\u00fan su actitud.<br \/>\n9.11. El cliente que asiente o permanece en silencio.<br \/>\n9.12. El cliente impulsivo y el cliente indeciso.<br \/>\n9.13. El cliente que se da importancia y lo sabe todo.<br \/>\n9.14. El cliente riguroso y minucioso.<br \/>\n9.15. El cliente rudo y pol\u00e9mico.<br \/>\n9.16. El cliente hablador.<br \/>\n9.17. El cliente desconfiado y esc\u00e9ptico.<br \/>\n9.18. Tratamiento de quejas y reclamaciones.<br \/>\n9.19. Recomendaciones finales.<\/p>\n<p>10. LA COMUNICACI\u00d3N Y EL LENGUAJE NO VERBAL PARA EL \u00c9XITO DE LA VENTA<br \/>\n10.1. El proceso de la venta y la comunicaci\u00f3n.<br \/>\n10.2. Estructura de la comunicaci\u00f3n.<br \/>\n10.3. Preparaci\u00f3n de la venta.<br \/>\n10.4. La venta.<br \/>\n10.5. La comunicaci\u00f3n no verbal.<br \/>\n10.6. La mirada.<br \/>\n10.7. Los gestos y posturas.<br \/>\n10.8. La voz.<br \/>\n10.9. Comunicaci\u00f3n verbal: la primera impresi\u00f3n.<br \/>\n10.10. Recomendaciones para la presentaci\u00f3n.<br \/>\n10.11. La detecci\u00f3n de necesidades.<br \/>\n10.12. Las preguntas.<br \/>\n10.13. La escucha activa.<br \/>\n10.14. Actividad &#8220;La Escucha Activa&#8221;.<br \/>\n10.15. La empat\u00eda.<br \/>\n10.16. Sinton\u00eda emocional.<br \/>\n10.17. Habilidades como emisores.<br \/>\n10.18. Habilidades como receptores.<br \/>\n10.19. Barreras en la comunicaci\u00f3n.<\/p>\n<p>11. T\u00c9CNICAS EFICACES PARA EL CIERRE DE VENTAS.<br \/>\n11.1. El cierre de venta.<br \/>\n11.2. Fases en el proceso de cierre de la venta.<br \/>\n11.3. Se\u00f1ales de compra.<br \/>\n11.4. Algunos tipos de se\u00f1ales de inter\u00e9s.<br \/>\n11.5. Requisitos para el cierre de venta.<br \/>\n11.6. T\u00e9cnicas de cierre (I).<br \/>\n11.7. Recordemos que\u2026<br \/>\n11.8. Despu\u00e9s del cierre.<br \/>\n11.9. Actividad.<br \/>\n11.10. El Cierre Venta.<br \/>\n11.11. Seguimiento de la venta.<\/p>\n<\/div>\n<\/div>\n","protected":false},"excerpt":{"rendered":"<p>Adquirir conocimientos para el desarrollo de habilidades comerciales y conocer, analizar y acercarse a los h\u00e1bitos de los clientes y el proceso y las t\u00e9cnicas de venta para garantizar su cierre.<\/p>\n","protected":false},"featured_media":5084,"comment_status":"closed","ping_status":"closed","template":"","meta":[],"product_cat":[118],"product_tag":[],"class_list":{"0":"post-4514","1":"product","2":"type-product","3":"status-publish","4":"has-post-thumbnail","6":"product_cat-compraventa","8":"first","9":"instock","10":"taxable","11":"shipping-taxable","12":"purchasable","13":"product-type-simple"},"yoast_head":"<!-- This site is optimized with the Yoast SEO plugin v23.5 - https:\/\/yoast.com\/wordpress\/plugins\/seo\/ -->\n<title>COMT051PO - Habilidades Comerciales (60 horas) - Contenidos Online<\/title>\n<meta name=\"robots\" content=\"index, follow, max-snippet:-1, max-image-preview:large, max-video-preview:-1\" \/>\n<link rel=\"canonical\" href=\"https:\/\/mefp.grupopiquer.com\/inscripciones\/producto\/comt051po-habilidades-comerciales-60-horas\/\" \/>\n<meta property=\"og:locale\" content=\"es_ES\" \/>\n<meta property=\"og:type\" content=\"article\" \/>\n<meta property=\"og:title\" content=\"COMT051PO - Habilidades Comerciales (60 horas) - Contenidos Online\" \/>\n<meta property=\"og:description\" content=\"Adquirir conocimientos para el desarrollo de habilidades comerciales y conocer, analizar y acercarse a los h\u00e1bitos de los clientes y el proceso y las t\u00e9cnicas de venta para garantizar su cierre.\" \/>\n<meta property=\"og:url\" content=\"https:\/\/mefp.grupopiquer.com\/inscripciones\/producto\/comt051po-habilidades-comerciales-60-horas\/\" \/>\n<meta property=\"og:site_name\" content=\"Contenidos Online\" \/>\n<meta property=\"article:modified_time\" content=\"2023-05-15T10:45:41+00:00\" \/>\n<meta property=\"og:image\" content=\"https:\/\/mefp.grupopiquer.com\/inscripciones\/wp-content\/uploads\/2023\/05\/portada-curso-1-e1683211522954.jpg\" \/>\n\t<meta property=\"og:image:width\" content=\"705\" \/>\n\t<meta property=\"og:image:height\" content=\"397\" \/>\n\t<meta property=\"og:image:type\" content=\"image\/jpeg\" \/>\n<meta name=\"twitter:card\" content=\"summary_large_image\" \/>\n<meta name=\"twitter:label1\" content=\"Tiempo de lectura\" \/>\n\t<meta name=\"twitter:data1\" content=\"3 minutos\" \/>\n<script type=\"application\/ld+json\" class=\"yoast-schema-graph\">{\"@context\":\"https:\/\/schema.org\",\"@graph\":[{\"@type\":\"WebPage\",\"@id\":\"https:\/\/mefp.grupopiquer.com\/inscripciones\/producto\/comt051po-habilidades-comerciales-60-horas\/\",\"url\":\"https:\/\/mefp.grupopiquer.com\/inscripciones\/producto\/comt051po-habilidades-comerciales-60-horas\/\",\"name\":\"COMT051PO - Habilidades Comerciales (60 horas) - Contenidos Online\",\"isPartOf\":{\"@id\":\"https:\/\/mefp.grupopiquer.com\/inscripciones\/#website\"},\"primaryImageOfPage\":{\"@id\":\"https:\/\/mefp.grupopiquer.com\/inscripciones\/producto\/comt051po-habilidades-comerciales-60-horas\/#primaryimage\"},\"image\":{\"@id\":\"https:\/\/mefp.grupopiquer.com\/inscripciones\/producto\/comt051po-habilidades-comerciales-60-horas\/#primaryimage\"},\"thumbnailUrl\":\"https:\/\/mefp.grupopiquer.com\/inscripciones\/wp-content\/uploads\/2023\/05\/portada-curso-1-e1683211522954.jpg\",\"datePublished\":\"2023-05-02T11:06:11+00:00\",\"dateModified\":\"2023-05-15T10:45:41+00:00\",\"breadcrumb\":{\"@id\":\"https:\/\/mefp.grupopiquer.com\/inscripciones\/producto\/comt051po-habilidades-comerciales-60-horas\/#breadcrumb\"},\"inLanguage\":\"es\",\"potentialAction\":[{\"@type\":\"ReadAction\",\"target\":[\"https:\/\/mefp.grupopiquer.com\/inscripciones\/producto\/comt051po-habilidades-comerciales-60-horas\/\"]}]},{\"@type\":\"ImageObject\",\"inLanguage\":\"es\",\"@id\":\"https:\/\/mefp.grupopiquer.com\/inscripciones\/producto\/comt051po-habilidades-comerciales-60-horas\/#primaryimage\",\"url\":\"https:\/\/mefp.grupopiquer.com\/inscripciones\/wp-content\/uploads\/2023\/05\/portada-curso-1-e1683211522954.jpg\",\"contentUrl\":\"https:\/\/mefp.grupopiquer.com\/inscripciones\/wp-content\/uploads\/2023\/05\/portada-curso-1-e1683211522954.jpg\",\"width\":705,\"height\":397},{\"@type\":\"BreadcrumbList\",\"@id\":\"https:\/\/mefp.grupopiquer.com\/inscripciones\/producto\/comt051po-habilidades-comerciales-60-horas\/#breadcrumb\",\"itemListElement\":[{\"@type\":\"ListItem\",\"position\":1,\"name\":\"Portada\",\"item\":\"https:\/\/mefp.grupopiquer.com\/inscripciones\/\"},{\"@type\":\"ListItem\",\"position\":2,\"name\":\"Tienda\",\"item\":\"https:\/\/mefp.grupopiquer.com\/inscripciones\/tienda\/\"},{\"@type\":\"ListItem\",\"position\":3,\"name\":\"COMT051PO &#8211; Habilidades Comerciales (60 horas)\"}]},{\"@type\":\"WebSite\",\"@id\":\"https:\/\/mefp.grupopiquer.com\/inscripciones\/#website\",\"url\":\"https:\/\/mefp.grupopiquer.com\/inscripciones\/\",\"name\":\"Contenidos Online\",\"description\":\"\",\"publisher\":{\"@id\":\"https:\/\/mefp.grupopiquer.com\/inscripciones\/#organization\"},\"potentialAction\":[{\"@type\":\"SearchAction\",\"target\":{\"@type\":\"EntryPoint\",\"urlTemplate\":\"https:\/\/mefp.grupopiquer.com\/inscripciones\/?s={search_term_string}\"},\"query-input\":{\"@type\":\"PropertyValueSpecification\",\"valueRequired\":true,\"valueName\":\"search_term_string\"}}],\"inLanguage\":\"es\"},{\"@type\":\"Organization\",\"@id\":\"https:\/\/mefp.grupopiquer.com\/inscripciones\/#organization\",\"name\":\"Contenidos Online\",\"url\":\"https:\/\/mefp.grupopiquer.com\/inscripciones\/\",\"logo\":{\"@type\":\"ImageObject\",\"inLanguage\":\"es\",\"@id\":\"https:\/\/mefp.grupopiquer.com\/inscripciones\/#\/schema\/logo\/image\/\",\"url\":\"\",\"contentUrl\":\"\",\"caption\":\"Contenidos Online\"},\"image\":{\"@id\":\"https:\/\/mefp.grupopiquer.com\/inscripciones\/#\/schema\/logo\/image\/\"}}]}<\/script>\n<!-- \/ Yoast SEO plugin. -->","yoast_head_json":{"title":"COMT051PO - Habilidades Comerciales (60 horas) - Contenidos Online","robots":{"index":"index","follow":"follow","max-snippet":"max-snippet:-1","max-image-preview":"max-image-preview:large","max-video-preview":"max-video-preview:-1"},"canonical":"https:\/\/mefp.grupopiquer.com\/inscripciones\/producto\/comt051po-habilidades-comerciales-60-horas\/","og_locale":"es_ES","og_type":"article","og_title":"COMT051PO - Habilidades Comerciales (60 horas) - Contenidos Online","og_description":"Adquirir conocimientos para el desarrollo de habilidades comerciales y conocer, analizar y acercarse a los h\u00e1bitos de los clientes y el proceso y las t\u00e9cnicas de venta para garantizar su cierre.","og_url":"https:\/\/mefp.grupopiquer.com\/inscripciones\/producto\/comt051po-habilidades-comerciales-60-horas\/","og_site_name":"Contenidos Online","article_modified_time":"2023-05-15T10:45:41+00:00","og_image":[{"width":705,"height":397,"url":"https:\/\/mefp.grupopiquer.com\/inscripciones\/wp-content\/uploads\/2023\/05\/portada-curso-1-e1683211522954.jpg","type":"image\/jpeg"}],"twitter_card":"summary_large_image","twitter_misc":{"Tiempo de lectura":"3 minutos"},"schema":{"@context":"https:\/\/schema.org","@graph":[{"@type":"WebPage","@id":"https:\/\/mefp.grupopiquer.com\/inscripciones\/producto\/comt051po-habilidades-comerciales-60-horas\/","url":"https:\/\/mefp.grupopiquer.com\/inscripciones\/producto\/comt051po-habilidades-comerciales-60-horas\/","name":"COMT051PO - Habilidades Comerciales (60 horas) - Contenidos Online","isPartOf":{"@id":"https:\/\/mefp.grupopiquer.com\/inscripciones\/#website"},"primaryImageOfPage":{"@id":"https:\/\/mefp.grupopiquer.com\/inscripciones\/producto\/comt051po-habilidades-comerciales-60-horas\/#primaryimage"},"image":{"@id":"https:\/\/mefp.grupopiquer.com\/inscripciones\/producto\/comt051po-habilidades-comerciales-60-horas\/#primaryimage"},"thumbnailUrl":"https:\/\/mefp.grupopiquer.com\/inscripciones\/wp-content\/uploads\/2023\/05\/portada-curso-1-e1683211522954.jpg","datePublished":"2023-05-02T11:06:11+00:00","dateModified":"2023-05-15T10:45:41+00:00","breadcrumb":{"@id":"https:\/\/mefp.grupopiquer.com\/inscripciones\/producto\/comt051po-habilidades-comerciales-60-horas\/#breadcrumb"},"inLanguage":"es","potentialAction":[{"@type":"ReadAction","target":["https:\/\/mefp.grupopiquer.com\/inscripciones\/producto\/comt051po-habilidades-comerciales-60-horas\/"]}]},{"@type":"ImageObject","inLanguage":"es","@id":"https:\/\/mefp.grupopiquer.com\/inscripciones\/producto\/comt051po-habilidades-comerciales-60-horas\/#primaryimage","url":"https:\/\/mefp.grupopiquer.com\/inscripciones\/wp-content\/uploads\/2023\/05\/portada-curso-1-e1683211522954.jpg","contentUrl":"https:\/\/mefp.grupopiquer.com\/inscripciones\/wp-content\/uploads\/2023\/05\/portada-curso-1-e1683211522954.jpg","width":705,"height":397},{"@type":"BreadcrumbList","@id":"https:\/\/mefp.grupopiquer.com\/inscripciones\/producto\/comt051po-habilidades-comerciales-60-horas\/#breadcrumb","itemListElement":[{"@type":"ListItem","position":1,"name":"Portada","item":"https:\/\/mefp.grupopiquer.com\/inscripciones\/"},{"@type":"ListItem","position":2,"name":"Tienda","item":"https:\/\/mefp.grupopiquer.com\/inscripciones\/tienda\/"},{"@type":"ListItem","position":3,"name":"COMT051PO &#8211; Habilidades Comerciales (60 horas)"}]},{"@type":"WebSite","@id":"https:\/\/mefp.grupopiquer.com\/inscripciones\/#website","url":"https:\/\/mefp.grupopiquer.com\/inscripciones\/","name":"Contenidos Online","description":"","publisher":{"@id":"https:\/\/mefp.grupopiquer.com\/inscripciones\/#organization"},"potentialAction":[{"@type":"SearchAction","target":{"@type":"EntryPoint","urlTemplate":"https:\/\/mefp.grupopiquer.com\/inscripciones\/?s={search_term_string}"},"query-input":{"@type":"PropertyValueSpecification","valueRequired":true,"valueName":"search_term_string"}}],"inLanguage":"es"},{"@type":"Organization","@id":"https:\/\/mefp.grupopiquer.com\/inscripciones\/#organization","name":"Contenidos Online","url":"https:\/\/mefp.grupopiquer.com\/inscripciones\/","logo":{"@type":"ImageObject","inLanguage":"es","@id":"https:\/\/mefp.grupopiquer.com\/inscripciones\/#\/schema\/logo\/image\/","url":"","contentUrl":"","caption":"Contenidos Online"},"image":{"@id":"https:\/\/mefp.grupopiquer.com\/inscripciones\/#\/schema\/logo\/image\/"}}]}},"_links":{"self":[{"href":"https:\/\/mefp.grupopiquer.com\/inscripciones\/wp-json\/wp\/v2\/product\/4514"}],"collection":[{"href":"https:\/\/mefp.grupopiquer.com\/inscripciones\/wp-json\/wp\/v2\/product"}],"about":[{"href":"https:\/\/mefp.grupopiquer.com\/inscripciones\/wp-json\/wp\/v2\/types\/product"}],"replies":[{"embeddable":true,"href":"https:\/\/mefp.grupopiquer.com\/inscripciones\/wp-json\/wp\/v2\/comments?post=4514"}],"wp:featuredmedia":[{"embeddable":true,"href":"https:\/\/mefp.grupopiquer.com\/inscripciones\/wp-json\/wp\/v2\/media\/5084"}],"wp:attachment":[{"href":"https:\/\/mefp.grupopiquer.com\/inscripciones\/wp-json\/wp\/v2\/media?parent=4514"}],"wp:term":[{"taxonomy":"product_cat","embeddable":true,"href":"https:\/\/mefp.grupopiquer.com\/inscripciones\/wp-json\/wp\/v2\/product_cat?post=4514"},{"taxonomy":"product_tag","embeddable":true,"href":"https:\/\/mefp.grupopiquer.com\/inscripciones\/wp-json\/wp\/v2\/product_tag?post=4514"}],"curies":[{"name":"wp","href":"https:\/\/api.w.org\/{rel}","templated":true}]}}