{"id":4510,"date":"2023-05-02T11:05:47","date_gmt":"2023-05-02T11:05:47","guid":{"rendered":"https:\/\/mefp.grupopiquer.com\/inscripciones\/producto\/comt040po-gestion-de-ventas-marketing-directo-y-utilizacion-de-redes-sociales-en-la-gestion-comercial-100-horas\/"},"modified":"2023-05-15T10:54:55","modified_gmt":"2023-05-15T10:54:55","slug":"comt040po-gestion-de-ventas-marketing-directo-y-utilizacion-de-redes-sociales-en-la-gestion-comercial-100-horas","status":"publish","type":"product","link":"https:\/\/mefp.grupopiquer.com\/inscripciones\/producto\/comt040po-gestion-de-ventas-marketing-directo-y-utilizacion-de-redes-sociales-en-la-gestion-comercial-100-horas\/","title":{"rendered":"COMT040PO &#8211; Gesti\u00f3n de Ventas, Marketing Directo y Utilizaci\u00f3n de Redes Sociales en la Gesti\u00f3n Comercial (100 horas)"},"content":{"rendered":"<div id=\"accordion\">\n<h3>OBJETIVOS<\/h3>\n<div>Aplicar t\u00e9cnicas de marketing directo y digital a la gesti\u00f3n de ventas y de relaci\u00f3n con los clientes.<\/div>\n<h3>CONTENIDOS<\/h3>\n<div>1. GESTI\u00d3N DE LA VENTA Y SU COBRO. ATENCI\u00d3N DE QUEJAS Y RECLAMACIONES<br \/>\n1.1. La gesti\u00f3n comercial.<br \/>\n1.2. La &#8220;conciencia comercial&#8221;: \u00bfQu\u00e9 supone concebir la relaci\u00f3n con los clientes desde una perspectiva comercial?<br \/>\n1.3. Que es vender. Nuevas formas comerciales. Proceso de compra- venta.<br \/>\n1.4. Tipolog\u00eda de la venta. La venta personal.<br \/>\n1.5. El punto de venta y el merchandising.<br \/>\n1.6. Organizaci\u00f3n del trabajo: gesti\u00f3n de la cartera de clientes.<br \/>\n1.7. La relaci\u00f3n con el cliente.<br \/>\n1.8. Calidad del servicio al cliente.<br \/>\n1.9. Perfil del cliente actual.<br \/>\n1.10. Derechos y obligaciones del cliente.<br \/>\n1.11. Tipolog\u00eda de comportamientos del cliente y estrategias de gesti\u00f3n.<br \/>\n1.12. Instituciones y Servicios de Protecci\u00f3n al consumidor.<br \/>\n1.13. Servicio de atenci\u00f3n al cliente. Quejas y reclamaciones.<br \/>\n1.14. Procedimiento y normativa en los procesos de reclamaci\u00f3n. Documentos necesarios.<br \/>\n1.15. Habilidades de comunicaci\u00f3n en el servicio de atenci\u00f3n al cliente.<br \/>\n1.16. El manejo y la resoluci\u00f3n de conflictos.<br \/>\n1.17. El proceso de atenci\u00f3n de quejas y reclamaciones.<\/p>\n<p>2. HERRAMIENTAS DE LA GESTI\u00d3N COMERCIAL. SEGUIMIENTO DESPU\u00c9S DE EVENTOS O ACCIONES COMERCIALES<br \/>\n2.1. El plan de marketing como herramienta de gesti\u00f3n.<br \/>\n2.2. Introducci\u00f3n al Marketing.<br \/>\n2.3. El Plan estrat\u00e9gico de Marketing en la empresa: objetivos, fases, implementaci\u00f3n.<br \/>\n2.4. Seguimiento y control del Plan de Marketing.<br \/>\n2.5. Pol\u00edticas de Marketing.<br \/>\n2.6. Estrategias de Marketing.<br \/>\n2.7. La gesti\u00f3n comercial.<br \/>\n2.8. Investigaci\u00f3n y estudio de mercados y su segmentaci\u00f3n.<br \/>\n2.9. Log\u00edstica Comercial.<br \/>\n2.10. Control y gesti\u00f3n presupuestaria.<br \/>\n2.11. La oferta comercial.<br \/>\n2.12. Pol\u00edtica de productos.<br \/>\n2.13. El Departamento Comercial.<br \/>\n2.14. Planificaci\u00f3n y desarrollo de eventos y actos comerciales.<br \/>\n2.15. Organizaci\u00f3n y planificaci\u00f3n de eventos.<br \/>\n2.16. Definici\u00f3n, difusi\u00f3n y desarrollo de los eventos de una organizaci\u00f3n.<br \/>\n2.17. Identidad gr\u00e1fica de los eventos.<br \/>\n2.18. Protocolo de empresa.<br \/>\n2.19. Participaci\u00f3n en eventos extranjeros e internacionales.<br \/>\n2.20. Evaluaci\u00f3n de Eventos.<br \/>\n2.21. La comunicaci\u00f3n en marketing.<br \/>\n2.22. Estrategias y herramientas.<br \/>\n2.23. Hablar en p\u00fablico.<\/p>\n<p>3. M\u00c1RKETING DIRECTO<br \/>\n3.1. El marketing directo como parte del plan de marketing.<br \/>\n3.2. Introducci\u00f3n al Marketing Directo.<br \/>\n3.3. El micromarketing y su aplicaci\u00f3n estrat\u00e9gica.<br \/>\n3.4. Marketing Relacional.<br \/>\n3.5. El plan de marketing directo.<br \/>\n3.6. Definici\u00f3n, estructuraci\u00f3n e implementaci\u00f3n del Plan de Marketing Directo.<br \/>\n3.7. Ventajas del Marketing Directo frente a los Medios Masivos.<br \/>\n3.8. Planificaci\u00f3n de Campa\u00f1as.<br \/>\n3.9. Los Medios del Marketing Directo (prensa, e-mailings, buzoneo mobile marketing, etc\u2026)<br \/>\n3.10. Marketing On-Line.<br \/>\n3.11. An\u00e1lisis de Resultados.<br \/>\n3.12. Creatividad en el Marketing Directo: campa\u00f1as creativas.<br \/>\n3.13. Estrategias de interacci\u00f3n con los clientes.<br \/>\n3.14. Generaci\u00f3n, gesti\u00f3n y comunicaci\u00f3n de contactos.<br \/>\n3.15. Listas y bases de datos.<br \/>\n3.16. Fidelizaci\u00f3n de clientes.<br \/>\n3.17. La implementaci\u00f3n de un CRM.<br \/>\n3.18. Ley de Protecci\u00f3n de Datos.<\/p>\n<p>4. MARKETING DIGITAL. UTILIZACI\u00d3N DE LAS REDES SOCIALES Y OTRAS HERRAMIENTAS WEB EN LA GESTI\u00d3N COMERCIAL Y DE MARKETING<br \/>\n4.1. La web 2.0 en la empresa.<br \/>\n4.2. La evoluci\u00f3n t\u00e9cnica de la Web.<br \/>\n4.3. \u00c1reas de actuaci\u00f3n de la empresa en la web 2.0.<br \/>\n4.4. Extender el trabajo de nuestra empresa.<br \/>\n4.5. Marketing en medios sociales -crear contenidos y conversar.<br \/>\n4.6. El social media.<br \/>\n4.7. Redes sociales.<br \/>\n4.8. Gesti\u00f3n de redes sociales.<br \/>\n4.9. Marketing 2.0: Marketing en la red.<br \/>\n4.10. Marketing en medios sociales -escuchar y medir.<br \/>\n4.11. C\u00f3mo evaluar nuestro trabajo de Social Media.<br \/>\n4.12. Limitaciones, \u00e9xitos y fracasos del Social Media.<br \/>\n4.13. Gesti\u00f3n de crisis.<br \/>\n4.14. Apuntes legales del Social Media.<\/p>\n<\/div>\n<\/div>\n","protected":false},"excerpt":{"rendered":"<p>Aplicar t\u00e9cnicas de marketing directo y digital a la gesti\u00f3n de ventas y de relaci\u00f3n con los clientes.<\/p>\n","protected":false},"featured_media":5088,"comment_status":"closed","ping_status":"closed","template":"","meta":[],"product_cat":[118],"product_tag":[],"class_list":{"0":"post-4510","1":"product","2":"type-product","3":"status-publish","4":"has-post-thumbnail","6":"product_cat-compraventa","8":"first","9":"instock","10":"taxable","11":"shipping-taxable","12":"purchasable","13":"product-type-simple"},"yoast_head":"<!-- This site is optimized with the Yoast SEO plugin v23.5 - https:\/\/yoast.com\/wordpress\/plugins\/seo\/ -->\n<title>COMT040PO - Gesti\u00f3n de Ventas, Marketing Directo y Utilizaci\u00f3n de Redes Sociales en la Gesti\u00f3n Comercial (100 horas) - Contenidos Online<\/title>\n<meta name=\"robots\" content=\"index, follow, max-snippet:-1, max-image-preview:large, max-video-preview:-1\" \/>\n<link rel=\"canonical\" href=\"https:\/\/mefp.grupopiquer.com\/inscripciones\/producto\/comt040po-gestion-de-ventas-marketing-directo-y-utilizacion-de-redes-sociales-en-la-gestion-comercial-100-horas\/\" \/>\n<meta property=\"og:locale\" content=\"es_ES\" \/>\n<meta property=\"og:type\" content=\"article\" \/>\n<meta property=\"og:title\" content=\"COMT040PO - Gesti\u00f3n de Ventas, Marketing Directo y Utilizaci\u00f3n de Redes Sociales en la Gesti\u00f3n Comercial (100 horas) - Contenidos Online\" \/>\n<meta property=\"og:description\" content=\"Aplicar t\u00e9cnicas de marketing directo y digital a la gesti\u00f3n de ventas y de relaci\u00f3n con los clientes.\" \/>\n<meta property=\"og:url\" content=\"https:\/\/mefp.grupopiquer.com\/inscripciones\/producto\/comt040po-gestion-de-ventas-marketing-directo-y-utilizacion-de-redes-sociales-en-la-gestion-comercial-100-horas\/\" \/>\n<meta property=\"og:site_name\" content=\"Contenidos Online\" \/>\n<meta property=\"article:modified_time\" content=\"2023-05-15T10:54:55+00:00\" \/>\n<meta property=\"og:image\" content=\"https:\/\/mefp.grupopiquer.com\/inscripciones\/wp-content\/uploads\/2023\/05\/F7T22CByLodiVGj4_ZbHSZpsqqed8wYaB-e1683211759347.jpg\" \/>\n\t<meta property=\"og:image:width\" content=\"1680\" \/>\n\t<meta property=\"og:image:height\" content=\"945\" \/>\n\t<meta property=\"og:image:type\" content=\"image\/jpeg\" \/>\n<meta name=\"twitter:card\" content=\"summary_large_image\" \/>\n<meta name=\"twitter:label1\" content=\"Tiempo de lectura\" \/>\n\t<meta name=\"twitter:data1\" content=\"3 minutos\" \/>\n<script type=\"application\/ld+json\" class=\"yoast-schema-graph\">{\"@context\":\"https:\/\/schema.org\",\"@graph\":[{\"@type\":\"WebPage\",\"@id\":\"https:\/\/mefp.grupopiquer.com\/inscripciones\/producto\/comt040po-gestion-de-ventas-marketing-directo-y-utilizacion-de-redes-sociales-en-la-gestion-comercial-100-horas\/\",\"url\":\"https:\/\/mefp.grupopiquer.com\/inscripciones\/producto\/comt040po-gestion-de-ventas-marketing-directo-y-utilizacion-de-redes-sociales-en-la-gestion-comercial-100-horas\/\",\"name\":\"COMT040PO - Gesti\u00f3n de Ventas, Marketing Directo y Utilizaci\u00f3n de Redes Sociales en la Gesti\u00f3n Comercial (100 horas) - Contenidos Online\",\"isPartOf\":{\"@id\":\"https:\/\/mefp.grupopiquer.com\/inscripciones\/#website\"},\"primaryImageOfPage\":{\"@id\":\"https:\/\/mefp.grupopiquer.com\/inscripciones\/producto\/comt040po-gestion-de-ventas-marketing-directo-y-utilizacion-de-redes-sociales-en-la-gestion-comercial-100-horas\/#primaryimage\"},\"image\":{\"@id\":\"https:\/\/mefp.grupopiquer.com\/inscripciones\/producto\/comt040po-gestion-de-ventas-marketing-directo-y-utilizacion-de-redes-sociales-en-la-gestion-comercial-100-horas\/#primaryimage\"},\"thumbnailUrl\":\"https:\/\/mefp.grupopiquer.com\/inscripciones\/wp-content\/uploads\/2023\/05\/F7T22CByLodiVGj4_ZbHSZpsqqed8wYaB-e1683211759347.jpg\",\"datePublished\":\"2023-05-02T11:05:47+00:00\",\"dateModified\":\"2023-05-15T10:54:55+00:00\",\"breadcrumb\":{\"@id\":\"https:\/\/mefp.grupopiquer.com\/inscripciones\/producto\/comt040po-gestion-de-ventas-marketing-directo-y-utilizacion-de-redes-sociales-en-la-gestion-comercial-100-horas\/#breadcrumb\"},\"inLanguage\":\"es\",\"potentialAction\":[{\"@type\":\"ReadAction\",\"target\":[\"https:\/\/mefp.grupopiquer.com\/inscripciones\/producto\/comt040po-gestion-de-ventas-marketing-directo-y-utilizacion-de-redes-sociales-en-la-gestion-comercial-100-horas\/\"]}]},{\"@type\":\"ImageObject\",\"inLanguage\":\"es\",\"@id\":\"https:\/\/mefp.grupopiquer.com\/inscripciones\/producto\/comt040po-gestion-de-ventas-marketing-directo-y-utilizacion-de-redes-sociales-en-la-gestion-comercial-100-horas\/#primaryimage\",\"url\":\"https:\/\/mefp.grupopiquer.com\/inscripciones\/wp-content\/uploads\/2023\/05\/F7T22CByLodiVGj4_ZbHSZpsqqed8wYaB-e1683211759347.jpg\",\"contentUrl\":\"https:\/\/mefp.grupopiquer.com\/inscripciones\/wp-content\/uploads\/2023\/05\/F7T22CByLodiVGj4_ZbHSZpsqqed8wYaB-e1683211759347.jpg\",\"width\":1680,\"height\":945},{\"@type\":\"BreadcrumbList\",\"@id\":\"https:\/\/mefp.grupopiquer.com\/inscripciones\/producto\/comt040po-gestion-de-ventas-marketing-directo-y-utilizacion-de-redes-sociales-en-la-gestion-comercial-100-horas\/#breadcrumb\",\"itemListElement\":[{\"@type\":\"ListItem\",\"position\":1,\"name\":\"Portada\",\"item\":\"https:\/\/mefp.grupopiquer.com\/inscripciones\/\"},{\"@type\":\"ListItem\",\"position\":2,\"name\":\"Tienda\",\"item\":\"https:\/\/mefp.grupopiquer.com\/inscripciones\/tienda\/\"},{\"@type\":\"ListItem\",\"position\":3,\"name\":\"COMT040PO &#8211; Gesti\u00f3n de Ventas, Marketing Directo y Utilizaci\u00f3n de Redes Sociales en la Gesti\u00f3n Comercial (100 horas)\"}]},{\"@type\":\"WebSite\",\"@id\":\"https:\/\/mefp.grupopiquer.com\/inscripciones\/#website\",\"url\":\"https:\/\/mefp.grupopiquer.com\/inscripciones\/\",\"name\":\"Contenidos Online\",\"description\":\"\",\"publisher\":{\"@id\":\"https:\/\/mefp.grupopiquer.com\/inscripciones\/#organization\"},\"potentialAction\":[{\"@type\":\"SearchAction\",\"target\":{\"@type\":\"EntryPoint\",\"urlTemplate\":\"https:\/\/mefp.grupopiquer.com\/inscripciones\/?s={search_term_string}\"},\"query-input\":{\"@type\":\"PropertyValueSpecification\",\"valueRequired\":true,\"valueName\":\"search_term_string\"}}],\"inLanguage\":\"es\"},{\"@type\":\"Organization\",\"@id\":\"https:\/\/mefp.grupopiquer.com\/inscripciones\/#organization\",\"name\":\"Contenidos Online\",\"url\":\"https:\/\/mefp.grupopiquer.com\/inscripciones\/\",\"logo\":{\"@type\":\"ImageObject\",\"inLanguage\":\"es\",\"@id\":\"https:\/\/mefp.grupopiquer.com\/inscripciones\/#\/schema\/logo\/image\/\",\"url\":\"\",\"contentUrl\":\"\",\"caption\":\"Contenidos Online\"},\"image\":{\"@id\":\"https:\/\/mefp.grupopiquer.com\/inscripciones\/#\/schema\/logo\/image\/\"}}]}<\/script>\n<!-- \/ Yoast SEO plugin. -->","yoast_head_json":{"title":"COMT040PO - Gesti\u00f3n de Ventas, Marketing Directo y Utilizaci\u00f3n de Redes Sociales en la Gesti\u00f3n Comercial (100 horas) - Contenidos Online","robots":{"index":"index","follow":"follow","max-snippet":"max-snippet:-1","max-image-preview":"max-image-preview:large","max-video-preview":"max-video-preview:-1"},"canonical":"https:\/\/mefp.grupopiquer.com\/inscripciones\/producto\/comt040po-gestion-de-ventas-marketing-directo-y-utilizacion-de-redes-sociales-en-la-gestion-comercial-100-horas\/","og_locale":"es_ES","og_type":"article","og_title":"COMT040PO - Gesti\u00f3n de Ventas, Marketing Directo y Utilizaci\u00f3n de Redes Sociales en la Gesti\u00f3n Comercial (100 horas) - Contenidos Online","og_description":"Aplicar t\u00e9cnicas de marketing directo y digital a la gesti\u00f3n de ventas y de relaci\u00f3n con los clientes.","og_url":"https:\/\/mefp.grupopiquer.com\/inscripciones\/producto\/comt040po-gestion-de-ventas-marketing-directo-y-utilizacion-de-redes-sociales-en-la-gestion-comercial-100-horas\/","og_site_name":"Contenidos Online","article_modified_time":"2023-05-15T10:54:55+00:00","og_image":[{"width":1680,"height":945,"url":"https:\/\/mefp.grupopiquer.com\/inscripciones\/wp-content\/uploads\/2023\/05\/F7T22CByLodiVGj4_ZbHSZpsqqed8wYaB-e1683211759347.jpg","type":"image\/jpeg"}],"twitter_card":"summary_large_image","twitter_misc":{"Tiempo de lectura":"3 minutos"},"schema":{"@context":"https:\/\/schema.org","@graph":[{"@type":"WebPage","@id":"https:\/\/mefp.grupopiquer.com\/inscripciones\/producto\/comt040po-gestion-de-ventas-marketing-directo-y-utilizacion-de-redes-sociales-en-la-gestion-comercial-100-horas\/","url":"https:\/\/mefp.grupopiquer.com\/inscripciones\/producto\/comt040po-gestion-de-ventas-marketing-directo-y-utilizacion-de-redes-sociales-en-la-gestion-comercial-100-horas\/","name":"COMT040PO - Gesti\u00f3n de Ventas, Marketing Directo y Utilizaci\u00f3n de Redes Sociales en la Gesti\u00f3n Comercial (100 horas) - Contenidos Online","isPartOf":{"@id":"https:\/\/mefp.grupopiquer.com\/inscripciones\/#website"},"primaryImageOfPage":{"@id":"https:\/\/mefp.grupopiquer.com\/inscripciones\/producto\/comt040po-gestion-de-ventas-marketing-directo-y-utilizacion-de-redes-sociales-en-la-gestion-comercial-100-horas\/#primaryimage"},"image":{"@id":"https:\/\/mefp.grupopiquer.com\/inscripciones\/producto\/comt040po-gestion-de-ventas-marketing-directo-y-utilizacion-de-redes-sociales-en-la-gestion-comercial-100-horas\/#primaryimage"},"thumbnailUrl":"https:\/\/mefp.grupopiquer.com\/inscripciones\/wp-content\/uploads\/2023\/05\/F7T22CByLodiVGj4_ZbHSZpsqqed8wYaB-e1683211759347.jpg","datePublished":"2023-05-02T11:05:47+00:00","dateModified":"2023-05-15T10:54:55+00:00","breadcrumb":{"@id":"https:\/\/mefp.grupopiquer.com\/inscripciones\/producto\/comt040po-gestion-de-ventas-marketing-directo-y-utilizacion-de-redes-sociales-en-la-gestion-comercial-100-horas\/#breadcrumb"},"inLanguage":"es","potentialAction":[{"@type":"ReadAction","target":["https:\/\/mefp.grupopiquer.com\/inscripciones\/producto\/comt040po-gestion-de-ventas-marketing-directo-y-utilizacion-de-redes-sociales-en-la-gestion-comercial-100-horas\/"]}]},{"@type":"ImageObject","inLanguage":"es","@id":"https:\/\/mefp.grupopiquer.com\/inscripciones\/producto\/comt040po-gestion-de-ventas-marketing-directo-y-utilizacion-de-redes-sociales-en-la-gestion-comercial-100-horas\/#primaryimage","url":"https:\/\/mefp.grupopiquer.com\/inscripciones\/wp-content\/uploads\/2023\/05\/F7T22CByLodiVGj4_ZbHSZpsqqed8wYaB-e1683211759347.jpg","contentUrl":"https:\/\/mefp.grupopiquer.com\/inscripciones\/wp-content\/uploads\/2023\/05\/F7T22CByLodiVGj4_ZbHSZpsqqed8wYaB-e1683211759347.jpg","width":1680,"height":945},{"@type":"BreadcrumbList","@id":"https:\/\/mefp.grupopiquer.com\/inscripciones\/producto\/comt040po-gestion-de-ventas-marketing-directo-y-utilizacion-de-redes-sociales-en-la-gestion-comercial-100-horas\/#breadcrumb","itemListElement":[{"@type":"ListItem","position":1,"name":"Portada","item":"https:\/\/mefp.grupopiquer.com\/inscripciones\/"},{"@type":"ListItem","position":2,"name":"Tienda","item":"https:\/\/mefp.grupopiquer.com\/inscripciones\/tienda\/"},{"@type":"ListItem","position":3,"name":"COMT040PO &#8211; Gesti\u00f3n de Ventas, Marketing Directo y Utilizaci\u00f3n de Redes Sociales en la Gesti\u00f3n Comercial (100 horas)"}]},{"@type":"WebSite","@id":"https:\/\/mefp.grupopiquer.com\/inscripciones\/#website","url":"https:\/\/mefp.grupopiquer.com\/inscripciones\/","name":"Contenidos Online","description":"","publisher":{"@id":"https:\/\/mefp.grupopiquer.com\/inscripciones\/#organization"},"potentialAction":[{"@type":"SearchAction","target":{"@type":"EntryPoint","urlTemplate":"https:\/\/mefp.grupopiquer.com\/inscripciones\/?s={search_term_string}"},"query-input":{"@type":"PropertyValueSpecification","valueRequired":true,"valueName":"search_term_string"}}],"inLanguage":"es"},{"@type":"Organization","@id":"https:\/\/mefp.grupopiquer.com\/inscripciones\/#organization","name":"Contenidos Online","url":"https:\/\/mefp.grupopiquer.com\/inscripciones\/","logo":{"@type":"ImageObject","inLanguage":"es","@id":"https:\/\/mefp.grupopiquer.com\/inscripciones\/#\/schema\/logo\/image\/","url":"","contentUrl":"","caption":"Contenidos Online"},"image":{"@id":"https:\/\/mefp.grupopiquer.com\/inscripciones\/#\/schema\/logo\/image\/"}}]}},"_links":{"self":[{"href":"https:\/\/mefp.grupopiquer.com\/inscripciones\/wp-json\/wp\/v2\/product\/4510"}],"collection":[{"href":"https:\/\/mefp.grupopiquer.com\/inscripciones\/wp-json\/wp\/v2\/product"}],"about":[{"href":"https:\/\/mefp.grupopiquer.com\/inscripciones\/wp-json\/wp\/v2\/types\/product"}],"replies":[{"embeddable":true,"href":"https:\/\/mefp.grupopiquer.com\/inscripciones\/wp-json\/wp\/v2\/comments?post=4510"}],"wp:featuredmedia":[{"embeddable":true,"href":"https:\/\/mefp.grupopiquer.com\/inscripciones\/wp-json\/wp\/v2\/media\/5088"}],"wp:attachment":[{"href":"https:\/\/mefp.grupopiquer.com\/inscripciones\/wp-json\/wp\/v2\/media?parent=4510"}],"wp:term":[{"taxonomy":"product_cat","embeddable":true,"href":"https:\/\/mefp.grupopiquer.com\/inscripciones\/wp-json\/wp\/v2\/product_cat?post=4510"},{"taxonomy":"product_tag","embeddable":true,"href":"https:\/\/mefp.grupopiquer.com\/inscripciones\/wp-json\/wp\/v2\/product_tag?post=4510"}],"curies":[{"name":"wp","href":"https:\/\/api.w.org\/{rel}","templated":true}]}}