{"id":4506,"date":"2023-05-02T11:05:35","date_gmt":"2023-05-02T11:05:35","guid":{"rendered":"https:\/\/mefp.grupopiquer.com\/inscripciones\/producto\/comt030po-merchandising-y-venta-en-las-secciones-de-productos-frescos-en-supermercados-16-horas\/"},"modified":"2023-05-15T10:58:27","modified_gmt":"2023-05-15T10:58:27","slug":"comt030po-merchandising-y-venta-en-las-secciones-de-productos-frescos-en-supermercados-16-horas","status":"publish","type":"product","link":"https:\/\/mefp.grupopiquer.com\/inscripciones\/producto\/comt030po-merchandising-y-venta-en-las-secciones-de-productos-frescos-en-supermercados-16-horas\/","title":{"rendered":"COMT030PO &#8211; Merchandising y Venta en las Secciones de Productos Frescos en Supermercados (16 horas)"},"content":{"rendered":"<div id=\"accordion\">\n<h3>OBJETIVOS<\/h3>\n<div>Identificar los productos, herramientas y principales caracter\u00edsticas de las diferentes secciones de los supermercados, as\u00ed como el tratamiento y la conservaci\u00f3n adecuada de la mercanc\u00eda. Tambi\u00e9n aplicar las t\u00e9cnicas de merchandising en la exposici\u00f3n de los productos en el lugar de venta, y promover y motivar en el adecuado tratamiento de los productos y en la atenci\u00f3n al cliente.<\/div>\n<h3>CONTENIDOS<\/h3>\n<div>1. CONOCIMIENTO DE LA SECCI\u00d3N<br \/>\n1.1. Tipos de productos, procedencias, calidad.<br \/>\n1.2. Alteraciones y conservaci\u00f3n.<br \/>\n1.3. Maquinar\u00eda, herramientas y utillaje propio del sector.<br \/>\n1.4. Preparaci\u00f3n del producto para la venta.<\/p>\n<p>2. IMPORTANCIA DE LA CONFECCI\u00d3N DE PEDIDOS Y LA ROTACI\u00d3N ADECUADA DE LOS PRODUCTOS PARA REDUCIR LAS MERMAS<\/p>\n<p>3. EXPOSICI\u00d3N DEL PRODUCTO: COMBINACI\u00d3N DE COLORES, TAMA\u00d1O<br \/>\n3.1. Pr\u00e1ctica en la exposici\u00f3n. Orientaci\u00f3n adecuada de los productos.<br \/>\n3.2. Etiquetado de productos.<\/p>\n<p>4. LA ATENCI\u00d3N AL CLIENTE<br \/>\n4.1. Recursos para la argumentaci\u00f3n de la venta.<br \/>\n4.2. Venta cruzada.<\/p>\n<\/div>\n<\/div>\n","protected":false},"excerpt":{"rendered":"<p>Identificar los productos, herramientas y principales caracter\u00edsticas de las diferentes secciones de los supermercados, as\u00ed como el tratamiento y la conservaci\u00f3n adecuada de la mercanc\u00eda. Tambi\u00e9n aplicar las t\u00e9cnicas de merchandising en la exposici\u00f3n de los productos en el lugar de venta, y promover y motivar en el adecuado tratamiento de los productos y en la atenci\u00f3n al cliente.<\/p>\n","protected":false},"featured_media":5093,"comment_status":"closed","ping_status":"closed","template":"","meta":[],"product_cat":[118],"product_tag":[],"class_list":{"0":"post-4506","1":"product","2":"type-product","3":"status-publish","4":"has-post-thumbnail","6":"product_cat-compraventa","8":"first","9":"instock","10":"taxable","11":"shipping-taxable","12":"purchasable","13":"product-type-simple"},"yoast_head":"<!-- This site is optimized with the Yoast SEO plugin v23.5 - https:\/\/yoast.com\/wordpress\/plugins\/seo\/ -->\n<title>COMT030PO - Merchandising y Venta en las Secciones de Productos Frescos en Supermercados (16 horas) - Contenidos Online<\/title>\n<meta name=\"robots\" content=\"index, follow, max-snippet:-1, max-image-preview:large, max-video-preview:-1\" \/>\n<link rel=\"canonical\" href=\"https:\/\/mefp.grupopiquer.com\/inscripciones\/producto\/comt030po-merchandising-y-venta-en-las-secciones-de-productos-frescos-en-supermercados-16-horas\/\" \/>\n<meta property=\"og:locale\" content=\"es_ES\" \/>\n<meta property=\"og:type\" content=\"article\" \/>\n<meta property=\"og:title\" content=\"COMT030PO - Merchandising y Venta en las Secciones de Productos Frescos en Supermercados (16 horas) - Contenidos Online\" \/>\n<meta property=\"og:description\" content=\"Identificar los productos, herramientas y principales caracter\u00edsticas de las diferentes secciones de los supermercados, as\u00ed como el tratamiento y la conservaci\u00f3n adecuada de la mercanc\u00eda. Tambi\u00e9n aplicar las t\u00e9cnicas de merchandising en la exposici\u00f3n de los productos en el lugar de venta, y promover y motivar en el adecuado tratamiento de los productos y en la atenci\u00f3n al cliente.\" \/>\n<meta property=\"og:url\" content=\"https:\/\/mefp.grupopiquer.com\/inscripciones\/producto\/comt030po-merchandising-y-venta-en-las-secciones-de-productos-frescos-en-supermercados-16-horas\/\" \/>\n<meta property=\"og:site_name\" content=\"Contenidos Online\" \/>\n<meta property=\"article:modified_time\" content=\"2023-05-15T10:58:27+00:00\" \/>\n<meta property=\"og:image\" content=\"https:\/\/mefp.grupopiquer.com\/inscripciones\/wp-content\/uploads\/2023\/05\/euZhuHHRmx2heb8C_8MezddnaFwX9ctMQ-e1683212001581.jpg\" \/>\n\t<meta property=\"og:image:width\" content=\"1680\" \/>\n\t<meta property=\"og:image:height\" content=\"945\" \/>\n\t<meta property=\"og:image:type\" content=\"image\/jpeg\" \/>\n<meta name=\"twitter:card\" content=\"summary_large_image\" \/>\n<meta name=\"twitter:label1\" content=\"Tiempo de lectura\" \/>\n\t<meta name=\"twitter:data1\" content=\"1 minuto\" \/>\n<script type=\"application\/ld+json\" class=\"yoast-schema-graph\">{\"@context\":\"https:\/\/schema.org\",\"@graph\":[{\"@type\":\"WebPage\",\"@id\":\"https:\/\/mefp.grupopiquer.com\/inscripciones\/producto\/comt030po-merchandising-y-venta-en-las-secciones-de-productos-frescos-en-supermercados-16-horas\/\",\"url\":\"https:\/\/mefp.grupopiquer.com\/inscripciones\/producto\/comt030po-merchandising-y-venta-en-las-secciones-de-productos-frescos-en-supermercados-16-horas\/\",\"name\":\"COMT030PO - Merchandising y Venta en las Secciones de Productos Frescos en Supermercados (16 horas) - Contenidos Online\",\"isPartOf\":{\"@id\":\"https:\/\/mefp.grupopiquer.com\/inscripciones\/#website\"},\"primaryImageOfPage\":{\"@id\":\"https:\/\/mefp.grupopiquer.com\/inscripciones\/producto\/comt030po-merchandising-y-venta-en-las-secciones-de-productos-frescos-en-supermercados-16-horas\/#primaryimage\"},\"image\":{\"@id\":\"https:\/\/mefp.grupopiquer.com\/inscripciones\/producto\/comt030po-merchandising-y-venta-en-las-secciones-de-productos-frescos-en-supermercados-16-horas\/#primaryimage\"},\"thumbnailUrl\":\"https:\/\/mefp.grupopiquer.com\/inscripciones\/wp-content\/uploads\/2023\/05\/euZhuHHRmx2heb8C_8MezddnaFwX9ctMQ-e1683212001581.jpg\",\"datePublished\":\"2023-05-02T11:05:35+00:00\",\"dateModified\":\"2023-05-15T10:58:27+00:00\",\"breadcrumb\":{\"@id\":\"https:\/\/mefp.grupopiquer.com\/inscripciones\/producto\/comt030po-merchandising-y-venta-en-las-secciones-de-productos-frescos-en-supermercados-16-horas\/#breadcrumb\"},\"inLanguage\":\"es\",\"potentialAction\":[{\"@type\":\"ReadAction\",\"target\":[\"https:\/\/mefp.grupopiquer.com\/inscripciones\/producto\/comt030po-merchandising-y-venta-en-las-secciones-de-productos-frescos-en-supermercados-16-horas\/\"]}]},{\"@type\":\"ImageObject\",\"inLanguage\":\"es\",\"@id\":\"https:\/\/mefp.grupopiquer.com\/inscripciones\/producto\/comt030po-merchandising-y-venta-en-las-secciones-de-productos-frescos-en-supermercados-16-horas\/#primaryimage\",\"url\":\"https:\/\/mefp.grupopiquer.com\/inscripciones\/wp-content\/uploads\/2023\/05\/euZhuHHRmx2heb8C_8MezddnaFwX9ctMQ-e1683212001581.jpg\",\"contentUrl\":\"https:\/\/mefp.grupopiquer.com\/inscripciones\/wp-content\/uploads\/2023\/05\/euZhuHHRmx2heb8C_8MezddnaFwX9ctMQ-e1683212001581.jpg\",\"width\":1680,\"height\":945},{\"@type\":\"BreadcrumbList\",\"@id\":\"https:\/\/mefp.grupopiquer.com\/inscripciones\/producto\/comt030po-merchandising-y-venta-en-las-secciones-de-productos-frescos-en-supermercados-16-horas\/#breadcrumb\",\"itemListElement\":[{\"@type\":\"ListItem\",\"position\":1,\"name\":\"Portada\",\"item\":\"https:\/\/mefp.grupopiquer.com\/inscripciones\/\"},{\"@type\":\"ListItem\",\"position\":2,\"name\":\"Tienda\",\"item\":\"https:\/\/mefp.grupopiquer.com\/inscripciones\/tienda\/\"},{\"@type\":\"ListItem\",\"position\":3,\"name\":\"COMT030PO &#8211; Merchandising y Venta en las Secciones de Productos Frescos en Supermercados (16 horas)\"}]},{\"@type\":\"WebSite\",\"@id\":\"https:\/\/mefp.grupopiquer.com\/inscripciones\/#website\",\"url\":\"https:\/\/mefp.grupopiquer.com\/inscripciones\/\",\"name\":\"Contenidos Online\",\"description\":\"\",\"publisher\":{\"@id\":\"https:\/\/mefp.grupopiquer.com\/inscripciones\/#organization\"},\"potentialAction\":[{\"@type\":\"SearchAction\",\"target\":{\"@type\":\"EntryPoint\",\"urlTemplate\":\"https:\/\/mefp.grupopiquer.com\/inscripciones\/?s={search_term_string}\"},\"query-input\":{\"@type\":\"PropertyValueSpecification\",\"valueRequired\":true,\"valueName\":\"search_term_string\"}}],\"inLanguage\":\"es\"},{\"@type\":\"Organization\",\"@id\":\"https:\/\/mefp.grupopiquer.com\/inscripciones\/#organization\",\"name\":\"Contenidos Online\",\"url\":\"https:\/\/mefp.grupopiquer.com\/inscripciones\/\",\"logo\":{\"@type\":\"ImageObject\",\"inLanguage\":\"es\",\"@id\":\"https:\/\/mefp.grupopiquer.com\/inscripciones\/#\/schema\/logo\/image\/\",\"url\":\"\",\"contentUrl\":\"\",\"caption\":\"Contenidos Online\"},\"image\":{\"@id\":\"https:\/\/mefp.grupopiquer.com\/inscripciones\/#\/schema\/logo\/image\/\"}}]}<\/script>\n<!-- \/ Yoast SEO plugin. -->","yoast_head_json":{"title":"COMT030PO - Merchandising y Venta en las Secciones de Productos Frescos en Supermercados (16 horas) - Contenidos Online","robots":{"index":"index","follow":"follow","max-snippet":"max-snippet:-1","max-image-preview":"max-image-preview:large","max-video-preview":"max-video-preview:-1"},"canonical":"https:\/\/mefp.grupopiquer.com\/inscripciones\/producto\/comt030po-merchandising-y-venta-en-las-secciones-de-productos-frescos-en-supermercados-16-horas\/","og_locale":"es_ES","og_type":"article","og_title":"COMT030PO - Merchandising y Venta en las Secciones de Productos Frescos en Supermercados (16 horas) - Contenidos Online","og_description":"Identificar los productos, herramientas y principales caracter\u00edsticas de las diferentes secciones de los supermercados, as\u00ed como el tratamiento y la conservaci\u00f3n adecuada de la mercanc\u00eda. Tambi\u00e9n aplicar las t\u00e9cnicas de merchandising en la exposici\u00f3n de los productos en el lugar de venta, y promover y motivar en el adecuado tratamiento de los productos y en la atenci\u00f3n al cliente.","og_url":"https:\/\/mefp.grupopiquer.com\/inscripciones\/producto\/comt030po-merchandising-y-venta-en-las-secciones-de-productos-frescos-en-supermercados-16-horas\/","og_site_name":"Contenidos Online","article_modified_time":"2023-05-15T10:58:27+00:00","og_image":[{"width":1680,"height":945,"url":"https:\/\/mefp.grupopiquer.com\/inscripciones\/wp-content\/uploads\/2023\/05\/euZhuHHRmx2heb8C_8MezddnaFwX9ctMQ-e1683212001581.jpg","type":"image\/jpeg"}],"twitter_card":"summary_large_image","twitter_misc":{"Tiempo de lectura":"1 minuto"},"schema":{"@context":"https:\/\/schema.org","@graph":[{"@type":"WebPage","@id":"https:\/\/mefp.grupopiquer.com\/inscripciones\/producto\/comt030po-merchandising-y-venta-en-las-secciones-de-productos-frescos-en-supermercados-16-horas\/","url":"https:\/\/mefp.grupopiquer.com\/inscripciones\/producto\/comt030po-merchandising-y-venta-en-las-secciones-de-productos-frescos-en-supermercados-16-horas\/","name":"COMT030PO - Merchandising y Venta en las Secciones de Productos Frescos en Supermercados (16 horas) - Contenidos Online","isPartOf":{"@id":"https:\/\/mefp.grupopiquer.com\/inscripciones\/#website"},"primaryImageOfPage":{"@id":"https:\/\/mefp.grupopiquer.com\/inscripciones\/producto\/comt030po-merchandising-y-venta-en-las-secciones-de-productos-frescos-en-supermercados-16-horas\/#primaryimage"},"image":{"@id":"https:\/\/mefp.grupopiquer.com\/inscripciones\/producto\/comt030po-merchandising-y-venta-en-las-secciones-de-productos-frescos-en-supermercados-16-horas\/#primaryimage"},"thumbnailUrl":"https:\/\/mefp.grupopiquer.com\/inscripciones\/wp-content\/uploads\/2023\/05\/euZhuHHRmx2heb8C_8MezddnaFwX9ctMQ-e1683212001581.jpg","datePublished":"2023-05-02T11:05:35+00:00","dateModified":"2023-05-15T10:58:27+00:00","breadcrumb":{"@id":"https:\/\/mefp.grupopiquer.com\/inscripciones\/producto\/comt030po-merchandising-y-venta-en-las-secciones-de-productos-frescos-en-supermercados-16-horas\/#breadcrumb"},"inLanguage":"es","potentialAction":[{"@type":"ReadAction","target":["https:\/\/mefp.grupopiquer.com\/inscripciones\/producto\/comt030po-merchandising-y-venta-en-las-secciones-de-productos-frescos-en-supermercados-16-horas\/"]}]},{"@type":"ImageObject","inLanguage":"es","@id":"https:\/\/mefp.grupopiquer.com\/inscripciones\/producto\/comt030po-merchandising-y-venta-en-las-secciones-de-productos-frescos-en-supermercados-16-horas\/#primaryimage","url":"https:\/\/mefp.grupopiquer.com\/inscripciones\/wp-content\/uploads\/2023\/05\/euZhuHHRmx2heb8C_8MezddnaFwX9ctMQ-e1683212001581.jpg","contentUrl":"https:\/\/mefp.grupopiquer.com\/inscripciones\/wp-content\/uploads\/2023\/05\/euZhuHHRmx2heb8C_8MezddnaFwX9ctMQ-e1683212001581.jpg","width":1680,"height":945},{"@type":"BreadcrumbList","@id":"https:\/\/mefp.grupopiquer.com\/inscripciones\/producto\/comt030po-merchandising-y-venta-en-las-secciones-de-productos-frescos-en-supermercados-16-horas\/#breadcrumb","itemListElement":[{"@type":"ListItem","position":1,"name":"Portada","item":"https:\/\/mefp.grupopiquer.com\/inscripciones\/"},{"@type":"ListItem","position":2,"name":"Tienda","item":"https:\/\/mefp.grupopiquer.com\/inscripciones\/tienda\/"},{"@type":"ListItem","position":3,"name":"COMT030PO &#8211; Merchandising y Venta en las Secciones de Productos Frescos en Supermercados (16 horas)"}]},{"@type":"WebSite","@id":"https:\/\/mefp.grupopiquer.com\/inscripciones\/#website","url":"https:\/\/mefp.grupopiquer.com\/inscripciones\/","name":"Contenidos Online","description":"","publisher":{"@id":"https:\/\/mefp.grupopiquer.com\/inscripciones\/#organization"},"potentialAction":[{"@type":"SearchAction","target":{"@type":"EntryPoint","urlTemplate":"https:\/\/mefp.grupopiquer.com\/inscripciones\/?s={search_term_string}"},"query-input":{"@type":"PropertyValueSpecification","valueRequired":true,"valueName":"search_term_string"}}],"inLanguage":"es"},{"@type":"Organization","@id":"https:\/\/mefp.grupopiquer.com\/inscripciones\/#organization","name":"Contenidos Online","url":"https:\/\/mefp.grupopiquer.com\/inscripciones\/","logo":{"@type":"ImageObject","inLanguage":"es","@id":"https:\/\/mefp.grupopiquer.com\/inscripciones\/#\/schema\/logo\/image\/","url":"","contentUrl":"","caption":"Contenidos Online"},"image":{"@id":"https:\/\/mefp.grupopiquer.com\/inscripciones\/#\/schema\/logo\/image\/"}}]}},"_links":{"self":[{"href":"https:\/\/mefp.grupopiquer.com\/inscripciones\/wp-json\/wp\/v2\/product\/4506"}],"collection":[{"href":"https:\/\/mefp.grupopiquer.com\/inscripciones\/wp-json\/wp\/v2\/product"}],"about":[{"href":"https:\/\/mefp.grupopiquer.com\/inscripciones\/wp-json\/wp\/v2\/types\/product"}],"replies":[{"embeddable":true,"href":"https:\/\/mefp.grupopiquer.com\/inscripciones\/wp-json\/wp\/v2\/comments?post=4506"}],"wp:featuredmedia":[{"embeddable":true,"href":"https:\/\/mefp.grupopiquer.com\/inscripciones\/wp-json\/wp\/v2\/media\/5093"}],"wp:attachment":[{"href":"https:\/\/mefp.grupopiquer.com\/inscripciones\/wp-json\/wp\/v2\/media?parent=4506"}],"wp:term":[{"taxonomy":"product_cat","embeddable":true,"href":"https:\/\/mefp.grupopiquer.com\/inscripciones\/wp-json\/wp\/v2\/product_cat?post=4506"},{"taxonomy":"product_tag","embeddable":true,"href":"https:\/\/mefp.grupopiquer.com\/inscripciones\/wp-json\/wp\/v2\/product_tag?post=4506"}],"curies":[{"name":"wp","href":"https:\/\/api.w.org\/{rel}","templated":true}]}}