{"id":4504,"date":"2023-05-02T11:05:23","date_gmt":"2023-05-02T11:05:23","guid":{"rendered":"https:\/\/mefp.grupopiquer.com\/inscripciones\/producto\/comt017po-fundamentos-para-la-creacion-de-tiendas-virtuales-y-desarrollo-de-la-actividad-comercial-online-75-horas\/"},"modified":"2023-05-16T15:14:16","modified_gmt":"2023-05-16T15:14:16","slug":"comt017po-fundamentos-para-la-creacion-de-tiendas-virtuales-y-desarrollo-de-la-actividad-comercial-online-75-horas","status":"publish","type":"product","link":"https:\/\/mefp.grupopiquer.com\/inscripciones\/producto\/comt017po-fundamentos-para-la-creacion-de-tiendas-virtuales-y-desarrollo-de-la-actividad-comercial-online-75-horas\/","title":{"rendered":"COMT017PO &#8211; Fundamentos para la Creaci\u00f3n de Tiendas Virtuales y Desarrollo de la Actividad Comercial Online (75 horas)"},"content":{"rendered":"<div id=\"accordion\">\n<h3>OBJETIVOS<\/h3>\n<div>Identificar los aspectos b\u00e1sicos relativos a las principales prestaciones de internet relacionadas con la actividad empresarial y comercial en red y puesta en mancha de una tienda virtual.<\/div>\n<h3>CONTENIDOS<\/h3>\n<div>1. LA EMPRESA EN INTERNET<br \/>\n1.1. La inform\u00e1tica en la empresa.<br \/>\n1.1.1. Introducci\u00f3n a la inform\u00e1tica. Conceptos b\u00e1sicos.<br \/>\n1.1.2. Los componentes f\u00edsicos: el hardware.<br \/>\n1.1.3. Los componentes l\u00f3gicos (programas): el software.<br \/>\n1.1.4. La evoluci\u00f3n de la inform\u00e1tica.<br \/>\n1.2. Internet.<br \/>\n1.2.1. Definici\u00f3n.<br \/>\n1.2.2. Requisitos de hardware y software.<br \/>\n1.2.3. El protocolo TCP\/IP.<br \/>\n1.2.4. Utilidades.<br \/>\n1.2.5. Contenidos en internet.<br \/>\n1.3. El comercio electr\u00f3nico<br \/>\n1.3.1. Definici\u00f3n.<br \/>\n1.3.2. Factores b\u00e1sicos.<br \/>\n1.3.3. Comercio electr\u00f3nico versus comercio tradicional.<br \/>\n1.3.4. Fases del comercio electr\u00f3nico.<br \/>\n1.4. Usabilidad.<br \/>\n1.4.1. Definici\u00f3n.<br \/>\n1.4.2. Estructura.<br \/>\n1.4.3. Ancho de banda.<\/p>\n<p>2. E-COMMERCE: APLICACI\u00d3N Y DESARROLLO<br \/>\n2.1. La empresa en internet.<br \/>\n2.1.1. La revoluci\u00f3n de internet.<br \/>\n2.1.2. Internet en la empresa.<br \/>\n2.1.3. Consideraciones previas a la presencia en internet.<br \/>\n2.1.4. Definici\u00f3n de objetivos y puesta en marcha.<br \/>\n2.2. Modelos de negocio.<br \/>\n2.2.1. Modelos seg\u00fan tipo de venta.<br \/>\n2.2.2. Modelos seg\u00fan su orientaci\u00f3n.<br \/>\n2.2.3. Modelos seg\u00fan dispositivos.<br \/>\n2.3. Aspectos legales.<br \/>\n2.3.1. Fiscalidad.<br \/>\n2.3.2. Tributaci\u00f3n.<br \/>\n2.3.3. Legislaci\u00f3n aplicable.<br \/>\n2.3.4. Protecci\u00f3n de datos.<br \/>\n2.4. Seguridad y medios de pago.<br \/>\n2.4.1. Encriptaci\u00f3n.<br \/>\n2.4.2. Medios de pago.<br \/>\n2.5. Marketing on-line.<br \/>\n2.5.1. Definici\u00f3n.<br \/>\n2.5.2. Medios de difusi\u00f3n on-line.<br \/>\n2.5.3. La 5\u00aa &#8220;p&#8221;: la personalizaci\u00f3n.<\/p>\n<p>3. PUESTA EN MARCHA DE UNA TIENDA VIRTUAL<br \/>\n3.1. La lista de la compra.<br \/>\n3.2. Estrategias.<br \/>\n3.3. Planificaci\u00f3n de campa\u00f1a en internet.<br \/>\n3.4. Errores y barreras para el crecimiento del e-commerce.<br \/>\n3.5. Los nueve problemas del e-business.<\/p>\n<\/div>\n<\/div>\n","protected":false},"excerpt":{"rendered":"<p>Identificar los aspectos b\u00e1sicos relativos a las principales prestaciones de internet relacionadas con la actividad empresarial y comercial en red y puesta en mancha de una tienda virtual.<\/p>\n","protected":false},"featured_media":7201,"comment_status":"closed","ping_status":"closed","template":"","meta":[],"product_cat":[118],"product_tag":[],"class_list":{"0":"post-4504","1":"product","2":"type-product","3":"status-publish","4":"has-post-thumbnail","6":"product_cat-compraventa","8":"first","9":"instock","10":"taxable","11":"shipping-taxable","12":"purchasable","13":"product-type-simple"},"yoast_head":"<!-- This site is optimized with the Yoast SEO plugin v23.5 - https:\/\/yoast.com\/wordpress\/plugins\/seo\/ -->\n<title>COMT017PO - Fundamentos para la Creaci\u00f3n de Tiendas Virtuales y Desarrollo de la Actividad Comercial Online (75 horas) - Contenidos Online<\/title>\n<meta name=\"robots\" content=\"index, follow, max-snippet:-1, max-image-preview:large, max-video-preview:-1\" \/>\n<link rel=\"canonical\" href=\"https:\/\/mefp.grupopiquer.com\/inscripciones\/producto\/comt017po-fundamentos-para-la-creacion-de-tiendas-virtuales-y-desarrollo-de-la-actividad-comercial-online-75-horas\/\" \/>\n<meta property=\"og:locale\" content=\"es_ES\" \/>\n<meta property=\"og:type\" content=\"article\" \/>\n<meta property=\"og:title\" content=\"COMT017PO - Fundamentos para la Creaci\u00f3n de Tiendas Virtuales y Desarrollo de la Actividad Comercial Online (75 horas) - Contenidos Online\" \/>\n<meta property=\"og:description\" content=\"Identificar los aspectos b\u00e1sicos relativos a las principales prestaciones de internet relacionadas con la actividad empresarial y comercial en red y puesta en mancha de una tienda virtual.\" \/>\n<meta property=\"og:url\" content=\"https:\/\/mefp.grupopiquer.com\/inscripciones\/producto\/comt017po-fundamentos-para-la-creacion-de-tiendas-virtuales-y-desarrollo-de-la-actividad-comercial-online-75-horas\/\" \/>\n<meta property=\"og:site_name\" content=\"Contenidos Online\" \/>\n<meta property=\"article:modified_time\" content=\"2023-05-16T15:14:16+00:00\" \/>\n<meta property=\"og:image\" content=\"https:\/\/mefp.grupopiquer.com\/inscripciones\/wp-content\/uploads\/2023\/05\/joven-usando-cupon-descuento-su-telefono-inteligente-hacer-compras-linea-computadora-portatil-e1684231278596.jpg\" \/>\n\t<meta property=\"og:image:width\" content=\"1920\" \/>\n\t<meta property=\"og:image:height\" content=\"1080\" \/>\n\t<meta property=\"og:image:type\" content=\"image\/jpeg\" \/>\n<meta name=\"twitter:card\" content=\"summary_large_image\" \/>\n<meta name=\"twitter:label1\" content=\"Tiempo de lectura\" \/>\n\t<meta name=\"twitter:data1\" content=\"2 minutos\" \/>\n<script type=\"application\/ld+json\" class=\"yoast-schema-graph\">{\"@context\":\"https:\/\/schema.org\",\"@graph\":[{\"@type\":\"WebPage\",\"@id\":\"https:\/\/mefp.grupopiquer.com\/inscripciones\/producto\/comt017po-fundamentos-para-la-creacion-de-tiendas-virtuales-y-desarrollo-de-la-actividad-comercial-online-75-horas\/\",\"url\":\"https:\/\/mefp.grupopiquer.com\/inscripciones\/producto\/comt017po-fundamentos-para-la-creacion-de-tiendas-virtuales-y-desarrollo-de-la-actividad-comercial-online-75-horas\/\",\"name\":\"COMT017PO - Fundamentos para la Creaci\u00f3n de Tiendas Virtuales y Desarrollo de la Actividad Comercial Online (75 horas) - Contenidos Online\",\"isPartOf\":{\"@id\":\"https:\/\/mefp.grupopiquer.com\/inscripciones\/#website\"},\"primaryImageOfPage\":{\"@id\":\"https:\/\/mefp.grupopiquer.com\/inscripciones\/producto\/comt017po-fundamentos-para-la-creacion-de-tiendas-virtuales-y-desarrollo-de-la-actividad-comercial-online-75-horas\/#primaryimage\"},\"image\":{\"@id\":\"https:\/\/mefp.grupopiquer.com\/inscripciones\/producto\/comt017po-fundamentos-para-la-creacion-de-tiendas-virtuales-y-desarrollo-de-la-actividad-comercial-online-75-horas\/#primaryimage\"},\"thumbnailUrl\":\"https:\/\/mefp.grupopiquer.com\/inscripciones\/wp-content\/uploads\/2023\/05\/joven-usando-cupon-descuento-su-telefono-inteligente-hacer-compras-linea-computadora-portatil-e1684231278596.jpg\",\"datePublished\":\"2023-05-02T11:05:23+00:00\",\"dateModified\":\"2023-05-16T15:14:16+00:00\",\"breadcrumb\":{\"@id\":\"https:\/\/mefp.grupopiquer.com\/inscripciones\/producto\/comt017po-fundamentos-para-la-creacion-de-tiendas-virtuales-y-desarrollo-de-la-actividad-comercial-online-75-horas\/#breadcrumb\"},\"inLanguage\":\"es\",\"potentialAction\":[{\"@type\":\"ReadAction\",\"target\":[\"https:\/\/mefp.grupopiquer.com\/inscripciones\/producto\/comt017po-fundamentos-para-la-creacion-de-tiendas-virtuales-y-desarrollo-de-la-actividad-comercial-online-75-horas\/\"]}]},{\"@type\":\"ImageObject\",\"inLanguage\":\"es\",\"@id\":\"https:\/\/mefp.grupopiquer.com\/inscripciones\/producto\/comt017po-fundamentos-para-la-creacion-de-tiendas-virtuales-y-desarrollo-de-la-actividad-comercial-online-75-horas\/#primaryimage\",\"url\":\"https:\/\/mefp.grupopiquer.com\/inscripciones\/wp-content\/uploads\/2023\/05\/joven-usando-cupon-descuento-su-telefono-inteligente-hacer-compras-linea-computadora-portatil-e1684231278596.jpg\",\"contentUrl\":\"https:\/\/mefp.grupopiquer.com\/inscripciones\/wp-content\/uploads\/2023\/05\/joven-usando-cupon-descuento-su-telefono-inteligente-hacer-compras-linea-computadora-portatil-e1684231278596.jpg\",\"width\":1920,\"height\":1080},{\"@type\":\"BreadcrumbList\",\"@id\":\"https:\/\/mefp.grupopiquer.com\/inscripciones\/producto\/comt017po-fundamentos-para-la-creacion-de-tiendas-virtuales-y-desarrollo-de-la-actividad-comercial-online-75-horas\/#breadcrumb\",\"itemListElement\":[{\"@type\":\"ListItem\",\"position\":1,\"name\":\"Portada\",\"item\":\"https:\/\/mefp.grupopiquer.com\/inscripciones\/\"},{\"@type\":\"ListItem\",\"position\":2,\"name\":\"Tienda\",\"item\":\"https:\/\/mefp.grupopiquer.com\/inscripciones\/tienda\/\"},{\"@type\":\"ListItem\",\"position\":3,\"name\":\"COMT017PO &#8211; Fundamentos para la Creaci\u00f3n de Tiendas Virtuales y Desarrollo de la Actividad Comercial Online (75 horas)\"}]},{\"@type\":\"WebSite\",\"@id\":\"https:\/\/mefp.grupopiquer.com\/inscripciones\/#website\",\"url\":\"https:\/\/mefp.grupopiquer.com\/inscripciones\/\",\"name\":\"Contenidos Online\",\"description\":\"\",\"publisher\":{\"@id\":\"https:\/\/mefp.grupopiquer.com\/inscripciones\/#organization\"},\"potentialAction\":[{\"@type\":\"SearchAction\",\"target\":{\"@type\":\"EntryPoint\",\"urlTemplate\":\"https:\/\/mefp.grupopiquer.com\/inscripciones\/?s={search_term_string}\"},\"query-input\":{\"@type\":\"PropertyValueSpecification\",\"valueRequired\":true,\"valueName\":\"search_term_string\"}}],\"inLanguage\":\"es\"},{\"@type\":\"Organization\",\"@id\":\"https:\/\/mefp.grupopiquer.com\/inscripciones\/#organization\",\"name\":\"Contenidos Online\",\"url\":\"https:\/\/mefp.grupopiquer.com\/inscripciones\/\",\"logo\":{\"@type\":\"ImageObject\",\"inLanguage\":\"es\",\"@id\":\"https:\/\/mefp.grupopiquer.com\/inscripciones\/#\/schema\/logo\/image\/\",\"url\":\"\",\"contentUrl\":\"\",\"caption\":\"Contenidos Online\"},\"image\":{\"@id\":\"https:\/\/mefp.grupopiquer.com\/inscripciones\/#\/schema\/logo\/image\/\"}}]}<\/script>\n<!-- \/ Yoast SEO plugin. -->","yoast_head_json":{"title":"COMT017PO - Fundamentos para la Creaci\u00f3n de Tiendas Virtuales y Desarrollo de la Actividad Comercial Online (75 horas) - Contenidos Online","robots":{"index":"index","follow":"follow","max-snippet":"max-snippet:-1","max-image-preview":"max-image-preview:large","max-video-preview":"max-video-preview:-1"},"canonical":"https:\/\/mefp.grupopiquer.com\/inscripciones\/producto\/comt017po-fundamentos-para-la-creacion-de-tiendas-virtuales-y-desarrollo-de-la-actividad-comercial-online-75-horas\/","og_locale":"es_ES","og_type":"article","og_title":"COMT017PO - Fundamentos para la Creaci\u00f3n de Tiendas Virtuales y Desarrollo de la Actividad Comercial Online (75 horas) - Contenidos Online","og_description":"Identificar los aspectos b\u00e1sicos relativos a las principales prestaciones de internet relacionadas con la actividad empresarial y comercial en red y puesta en mancha de una tienda virtual.","og_url":"https:\/\/mefp.grupopiquer.com\/inscripciones\/producto\/comt017po-fundamentos-para-la-creacion-de-tiendas-virtuales-y-desarrollo-de-la-actividad-comercial-online-75-horas\/","og_site_name":"Contenidos Online","article_modified_time":"2023-05-16T15:14:16+00:00","og_image":[{"width":1920,"height":1080,"url":"https:\/\/mefp.grupopiquer.com\/inscripciones\/wp-content\/uploads\/2023\/05\/joven-usando-cupon-descuento-su-telefono-inteligente-hacer-compras-linea-computadora-portatil-e1684231278596.jpg","type":"image\/jpeg"}],"twitter_card":"summary_large_image","twitter_misc":{"Tiempo de lectura":"2 minutos"},"schema":{"@context":"https:\/\/schema.org","@graph":[{"@type":"WebPage","@id":"https:\/\/mefp.grupopiquer.com\/inscripciones\/producto\/comt017po-fundamentos-para-la-creacion-de-tiendas-virtuales-y-desarrollo-de-la-actividad-comercial-online-75-horas\/","url":"https:\/\/mefp.grupopiquer.com\/inscripciones\/producto\/comt017po-fundamentos-para-la-creacion-de-tiendas-virtuales-y-desarrollo-de-la-actividad-comercial-online-75-horas\/","name":"COMT017PO - Fundamentos para la Creaci\u00f3n de Tiendas Virtuales y Desarrollo de la Actividad Comercial Online (75 horas) - Contenidos Online","isPartOf":{"@id":"https:\/\/mefp.grupopiquer.com\/inscripciones\/#website"},"primaryImageOfPage":{"@id":"https:\/\/mefp.grupopiquer.com\/inscripciones\/producto\/comt017po-fundamentos-para-la-creacion-de-tiendas-virtuales-y-desarrollo-de-la-actividad-comercial-online-75-horas\/#primaryimage"},"image":{"@id":"https:\/\/mefp.grupopiquer.com\/inscripciones\/producto\/comt017po-fundamentos-para-la-creacion-de-tiendas-virtuales-y-desarrollo-de-la-actividad-comercial-online-75-horas\/#primaryimage"},"thumbnailUrl":"https:\/\/mefp.grupopiquer.com\/inscripciones\/wp-content\/uploads\/2023\/05\/joven-usando-cupon-descuento-su-telefono-inteligente-hacer-compras-linea-computadora-portatil-e1684231278596.jpg","datePublished":"2023-05-02T11:05:23+00:00","dateModified":"2023-05-16T15:14:16+00:00","breadcrumb":{"@id":"https:\/\/mefp.grupopiquer.com\/inscripciones\/producto\/comt017po-fundamentos-para-la-creacion-de-tiendas-virtuales-y-desarrollo-de-la-actividad-comercial-online-75-horas\/#breadcrumb"},"inLanguage":"es","potentialAction":[{"@type":"ReadAction","target":["https:\/\/mefp.grupopiquer.com\/inscripciones\/producto\/comt017po-fundamentos-para-la-creacion-de-tiendas-virtuales-y-desarrollo-de-la-actividad-comercial-online-75-horas\/"]}]},{"@type":"ImageObject","inLanguage":"es","@id":"https:\/\/mefp.grupopiquer.com\/inscripciones\/producto\/comt017po-fundamentos-para-la-creacion-de-tiendas-virtuales-y-desarrollo-de-la-actividad-comercial-online-75-horas\/#primaryimage","url":"https:\/\/mefp.grupopiquer.com\/inscripciones\/wp-content\/uploads\/2023\/05\/joven-usando-cupon-descuento-su-telefono-inteligente-hacer-compras-linea-computadora-portatil-e1684231278596.jpg","contentUrl":"https:\/\/mefp.grupopiquer.com\/inscripciones\/wp-content\/uploads\/2023\/05\/joven-usando-cupon-descuento-su-telefono-inteligente-hacer-compras-linea-computadora-portatil-e1684231278596.jpg","width":1920,"height":1080},{"@type":"BreadcrumbList","@id":"https:\/\/mefp.grupopiquer.com\/inscripciones\/producto\/comt017po-fundamentos-para-la-creacion-de-tiendas-virtuales-y-desarrollo-de-la-actividad-comercial-online-75-horas\/#breadcrumb","itemListElement":[{"@type":"ListItem","position":1,"name":"Portada","item":"https:\/\/mefp.grupopiquer.com\/inscripciones\/"},{"@type":"ListItem","position":2,"name":"Tienda","item":"https:\/\/mefp.grupopiquer.com\/inscripciones\/tienda\/"},{"@type":"ListItem","position":3,"name":"COMT017PO &#8211; Fundamentos para la Creaci\u00f3n de Tiendas Virtuales y Desarrollo de la Actividad Comercial Online (75 horas)"}]},{"@type":"WebSite","@id":"https:\/\/mefp.grupopiquer.com\/inscripciones\/#website","url":"https:\/\/mefp.grupopiquer.com\/inscripciones\/","name":"Contenidos Online","description":"","publisher":{"@id":"https:\/\/mefp.grupopiquer.com\/inscripciones\/#organization"},"potentialAction":[{"@type":"SearchAction","target":{"@type":"EntryPoint","urlTemplate":"https:\/\/mefp.grupopiquer.com\/inscripciones\/?s={search_term_string}"},"query-input":{"@type":"PropertyValueSpecification","valueRequired":true,"valueName":"search_term_string"}}],"inLanguage":"es"},{"@type":"Organization","@id":"https:\/\/mefp.grupopiquer.com\/inscripciones\/#organization","name":"Contenidos Online","url":"https:\/\/mefp.grupopiquer.com\/inscripciones\/","logo":{"@type":"ImageObject","inLanguage":"es","@id":"https:\/\/mefp.grupopiquer.com\/inscripciones\/#\/schema\/logo\/image\/","url":"","contentUrl":"","caption":"Contenidos Online"},"image":{"@id":"https:\/\/mefp.grupopiquer.com\/inscripciones\/#\/schema\/logo\/image\/"}}]}},"_links":{"self":[{"href":"https:\/\/mefp.grupopiquer.com\/inscripciones\/wp-json\/wp\/v2\/product\/4504"}],"collection":[{"href":"https:\/\/mefp.grupopiquer.com\/inscripciones\/wp-json\/wp\/v2\/product"}],"about":[{"href":"https:\/\/mefp.grupopiquer.com\/inscripciones\/wp-json\/wp\/v2\/types\/product"}],"replies":[{"embeddable":true,"href":"https:\/\/mefp.grupopiquer.com\/inscripciones\/wp-json\/wp\/v2\/comments?post=4504"}],"wp:featuredmedia":[{"embeddable":true,"href":"https:\/\/mefp.grupopiquer.com\/inscripciones\/wp-json\/wp\/v2\/media\/7201"}],"wp:attachment":[{"href":"https:\/\/mefp.grupopiquer.com\/inscripciones\/wp-json\/wp\/v2\/media?parent=4504"}],"wp:term":[{"taxonomy":"product_cat","embeddable":true,"href":"https:\/\/mefp.grupopiquer.com\/inscripciones\/wp-json\/wp\/v2\/product_cat?post=4504"},{"taxonomy":"product_tag","embeddable":true,"href":"https:\/\/mefp.grupopiquer.com\/inscripciones\/wp-json\/wp\/v2\/product_tag?post=4504"}],"curies":[{"name":"wp","href":"https:\/\/api.w.org\/{rel}","templated":true}]}}