{"id":4491,"date":"2023-05-02T11:04:23","date_gmt":"2023-05-02T11:04:23","guid":{"rendered":"https:\/\/mefp.grupopiquer.com\/inscripciones\/producto\/comm088po-marketing-mix-basico-en-internet-y-gestion-online-de-clientes-30-horas\/"},"modified":"2023-05-15T11:15:13","modified_gmt":"2023-05-15T11:15:13","slug":"comm088po-marketing-mix-basico-en-internet-y-gestion-online-de-clientes-30-horas","status":"publish","type":"product","link":"https:\/\/mefp.grupopiquer.com\/inscripciones\/producto\/comm088po-marketing-mix-basico-en-internet-y-gestion-online-de-clientes-30-horas\/","title":{"rendered":"COMM088PO &#8211; Marketing Mix B\u00e1sico en Internet y Gesti\u00f3n Online de Clientes (30 horas)"},"content":{"rendered":"<div id=\"accordion\">\n<h3>OBJETIVOS<\/h3>\n<div>Adquirir los conocimientos necesarios sobre comercio electr\u00f3nico y marketing en Internet y determinar todos los elementos a tener en cuenta para gestionar de forma aut\u00f3noma y responsable una empresa. Orientado a administrativos y t\u00e9cnicos comerciales.<\/div>\n<h3>CONTENIDOS<\/h3>\n<div>1. DEL PRODUCTO AL CLIENTE<br \/>\n1.1. Transformaci\u00f3n de mercados, productos, medios, tecnolog\u00edas.<br \/>\n1.2. Las repercusiones para el marketing, producto, precio, distribuci\u00f3n y comunicaci\u00f3n.<br \/>\n1.3. La personalizaci\u00f3n de las herramientas del marketing.<br \/>\n1.4. Competir seg\u00fan el servicio y el valor a\u00f1adido.<br \/>\n1.5. Hacia una comunidad de clientes.<br \/>\n1.6. Los protocolos y lenguajes de Internet.<br \/>\n1.7. Perfil del usuario de Internet.<br \/>\n1.8. Internet como medio de comunicaci\u00f3n, sus usos y abusos.<\/p>\n<p>2. COMERCIO ELECTR\u00d3NICO<br \/>\n2.1. Conocimiento del medio virtual.<br \/>\n2.2. Actividades y actores del e-commerce.<br \/>\n2.3. Instrumentos de comercio y seguridad.<\/p>\n<p>3. MARKETING-MIX EN INTERNET<br \/>\n3.1. Decisiones de producto, precio y comunicaci\u00f3n en Internet.<br \/>\n3.2. Marketing Directo.<br \/>\n3.3. Distribuci\u00f3n.<\/p>\n<p>4. PUBLICIDAD ON-LINE<br \/>\n4.1. Plan estrat\u00e9gico de comunicaci\u00f3n y branding.<br \/>\n4.2. Campa\u00f1as, actuaciones y mensajes: distintos modelos.<br \/>\n4.3. Gesti\u00f3n externa: instrumentos (agencias, adword).<br \/>\n4.4. Recursos 2.0: blogs.<br \/>\n4.5. Recursos 2.0: redes sociales.<br \/>\n4.6. Recursos 2.0: portales colaborativos.<\/p>\n<p>5. MEDIOS DE PAGO Y TRANSACCIONES SEGURAS<br \/>\n5.1. Medios de pago no bancarios.<br \/>\n5.2. Medios de pago bancarios tradicionales.<br \/>\n5.3. Medios de pago bancarios espec\u00edficamente desarrollados para los nuevos canales digitales interactivos.<br \/>\n5.4. Evoluci\u00f3n de los medios de pago.<\/p>\n<p>6. GESTI\u00d3N DE CLIENTES<br \/>\n6.1. Gesti\u00f3n on-line de clientes: caracter\u00edsticas espec\u00edficas.<br \/>\n6.2. Clasificaci\u00f3n y tipolog\u00edas.<br \/>\n6.3. Software CRM.<\/p>\n<\/div>\n<\/div>\n","protected":false},"excerpt":{"rendered":"<p>Adquirir los conocimientos necesarios sobre comercio electr\u00f3nico y marketing en Internet y determinar todos los elementos a tener en cuenta para gestionar de forma aut\u00f3noma y responsable una empresa. Orientado a administrativos y t\u00e9cnicos comerciales<\/p>\n","protected":false},"featured_media":5109,"comment_status":"closed","ping_status":"closed","template":"","meta":[],"product_cat":[119],"product_tag":[],"class_list":{"0":"post-4491","1":"product","2":"type-product","3":"status-publish","4":"has-post-thumbnail","6":"product_cat-marketing-y-relaciones-publicas","8":"first","9":"instock","10":"taxable","11":"shipping-taxable","12":"purchasable","13":"product-type-simple"},"yoast_head":"<!-- This site is optimized with the Yoast SEO plugin v23.5 - https:\/\/yoast.com\/wordpress\/plugins\/seo\/ -->\n<title>COMM088PO - Marketing Mix B\u00e1sico en Internet y Gesti\u00f3n Online de Clientes (30 horas) - Contenidos Online<\/title>\n<meta name=\"robots\" content=\"index, follow, max-snippet:-1, max-image-preview:large, max-video-preview:-1\" \/>\n<link rel=\"canonical\" href=\"https:\/\/mefp.grupopiquer.com\/inscripciones\/producto\/comm088po-marketing-mix-basico-en-internet-y-gestion-online-de-clientes-30-horas\/\" \/>\n<meta property=\"og:locale\" content=\"es_ES\" \/>\n<meta property=\"og:type\" content=\"article\" \/>\n<meta property=\"og:title\" content=\"COMM088PO - Marketing Mix B\u00e1sico en Internet y Gesti\u00f3n Online de Clientes (30 horas) - Contenidos Online\" \/>\n<meta property=\"og:description\" content=\"Adquirir los conocimientos necesarios sobre comercio electr\u00f3nico y marketing en Internet y determinar todos los elementos a tener en cuenta para gestionar de forma aut\u00f3noma y responsable una empresa. Orientado a administrativos y t\u00e9cnicos comerciales\" \/>\n<meta property=\"og:url\" content=\"https:\/\/mefp.grupopiquer.com\/inscripciones\/producto\/comm088po-marketing-mix-basico-en-internet-y-gestion-online-de-clientes-30-horas\/\" \/>\n<meta property=\"og:site_name\" content=\"Contenidos Online\" \/>\n<meta property=\"article:modified_time\" content=\"2023-05-15T11:15:13+00:00\" \/>\n<meta property=\"og:image\" content=\"https:\/\/mefp.grupopiquer.com\/inscripciones\/wp-content\/uploads\/2023\/05\/cQhTZyItjYVcKKzJ_nRoHwkkrRPOe3XPV-stock-image.jpg\" \/>\n\t<meta property=\"og:image:width\" content=\"1680\" \/>\n\t<meta property=\"og:image:height\" content=\"945\" \/>\n\t<meta property=\"og:image:type\" content=\"image\/jpeg\" \/>\n<meta name=\"twitter:card\" content=\"summary_large_image\" \/>\n<meta name=\"twitter:label1\" content=\"Tiempo de lectura\" \/>\n\t<meta name=\"twitter:data1\" content=\"2 minutos\" \/>\n<script type=\"application\/ld+json\" class=\"yoast-schema-graph\">{\"@context\":\"https:\/\/schema.org\",\"@graph\":[{\"@type\":\"WebPage\",\"@id\":\"https:\/\/mefp.grupopiquer.com\/inscripciones\/producto\/comm088po-marketing-mix-basico-en-internet-y-gestion-online-de-clientes-30-horas\/\",\"url\":\"https:\/\/mefp.grupopiquer.com\/inscripciones\/producto\/comm088po-marketing-mix-basico-en-internet-y-gestion-online-de-clientes-30-horas\/\",\"name\":\"COMM088PO - Marketing Mix B\u00e1sico en Internet y Gesti\u00f3n Online de Clientes (30 horas) - Contenidos Online\",\"isPartOf\":{\"@id\":\"https:\/\/mefp.grupopiquer.com\/inscripciones\/#website\"},\"primaryImageOfPage\":{\"@id\":\"https:\/\/mefp.grupopiquer.com\/inscripciones\/producto\/comm088po-marketing-mix-basico-en-internet-y-gestion-online-de-clientes-30-horas\/#primaryimage\"},\"image\":{\"@id\":\"https:\/\/mefp.grupopiquer.com\/inscripciones\/producto\/comm088po-marketing-mix-basico-en-internet-y-gestion-online-de-clientes-30-horas\/#primaryimage\"},\"thumbnailUrl\":\"https:\/\/mefp.grupopiquer.com\/inscripciones\/wp-content\/uploads\/2023\/05\/cQhTZyItjYVcKKzJ_nRoHwkkrRPOe3XPV-stock-image.jpg\",\"datePublished\":\"2023-05-02T11:04:23+00:00\",\"dateModified\":\"2023-05-15T11:15:13+00:00\",\"breadcrumb\":{\"@id\":\"https:\/\/mefp.grupopiquer.com\/inscripciones\/producto\/comm088po-marketing-mix-basico-en-internet-y-gestion-online-de-clientes-30-horas\/#breadcrumb\"},\"inLanguage\":\"es\",\"potentialAction\":[{\"@type\":\"ReadAction\",\"target\":[\"https:\/\/mefp.grupopiquer.com\/inscripciones\/producto\/comm088po-marketing-mix-basico-en-internet-y-gestion-online-de-clientes-30-horas\/\"]}]},{\"@type\":\"ImageObject\",\"inLanguage\":\"es\",\"@id\":\"https:\/\/mefp.grupopiquer.com\/inscripciones\/producto\/comm088po-marketing-mix-basico-en-internet-y-gestion-online-de-clientes-30-horas\/#primaryimage\",\"url\":\"https:\/\/mefp.grupopiquer.com\/inscripciones\/wp-content\/uploads\/2023\/05\/cQhTZyItjYVcKKzJ_nRoHwkkrRPOe3XPV-stock-image.jpg\",\"contentUrl\":\"https:\/\/mefp.grupopiquer.com\/inscripciones\/wp-content\/uploads\/2023\/05\/cQhTZyItjYVcKKzJ_nRoHwkkrRPOe3XPV-stock-image.jpg\",\"width\":1680,\"height\":945},{\"@type\":\"BreadcrumbList\",\"@id\":\"https:\/\/mefp.grupopiquer.com\/inscripciones\/producto\/comm088po-marketing-mix-basico-en-internet-y-gestion-online-de-clientes-30-horas\/#breadcrumb\",\"itemListElement\":[{\"@type\":\"ListItem\",\"position\":1,\"name\":\"Portada\",\"item\":\"https:\/\/mefp.grupopiquer.com\/inscripciones\/\"},{\"@type\":\"ListItem\",\"position\":2,\"name\":\"Tienda\",\"item\":\"https:\/\/mefp.grupopiquer.com\/inscripciones\/tienda\/\"},{\"@type\":\"ListItem\",\"position\":3,\"name\":\"COMM088PO &#8211; Marketing Mix B\u00e1sico en Internet y Gesti\u00f3n Online de Clientes (30 horas)\"}]},{\"@type\":\"WebSite\",\"@id\":\"https:\/\/mefp.grupopiquer.com\/inscripciones\/#website\",\"url\":\"https:\/\/mefp.grupopiquer.com\/inscripciones\/\",\"name\":\"Contenidos Online\",\"description\":\"\",\"publisher\":{\"@id\":\"https:\/\/mefp.grupopiquer.com\/inscripciones\/#organization\"},\"potentialAction\":[{\"@type\":\"SearchAction\",\"target\":{\"@type\":\"EntryPoint\",\"urlTemplate\":\"https:\/\/mefp.grupopiquer.com\/inscripciones\/?s={search_term_string}\"},\"query-input\":{\"@type\":\"PropertyValueSpecification\",\"valueRequired\":true,\"valueName\":\"search_term_string\"}}],\"inLanguage\":\"es\"},{\"@type\":\"Organization\",\"@id\":\"https:\/\/mefp.grupopiquer.com\/inscripciones\/#organization\",\"name\":\"Contenidos Online\",\"url\":\"https:\/\/mefp.grupopiquer.com\/inscripciones\/\",\"logo\":{\"@type\":\"ImageObject\",\"inLanguage\":\"es\",\"@id\":\"https:\/\/mefp.grupopiquer.com\/inscripciones\/#\/schema\/logo\/image\/\",\"url\":\"\",\"contentUrl\":\"\",\"caption\":\"Contenidos Online\"},\"image\":{\"@id\":\"https:\/\/mefp.grupopiquer.com\/inscripciones\/#\/schema\/logo\/image\/\"}}]}<\/script>\n<!-- \/ Yoast SEO plugin. -->","yoast_head_json":{"title":"COMM088PO - Marketing Mix B\u00e1sico en Internet y Gesti\u00f3n Online de Clientes (30 horas) - Contenidos Online","robots":{"index":"index","follow":"follow","max-snippet":"max-snippet:-1","max-image-preview":"max-image-preview:large","max-video-preview":"max-video-preview:-1"},"canonical":"https:\/\/mefp.grupopiquer.com\/inscripciones\/producto\/comm088po-marketing-mix-basico-en-internet-y-gestion-online-de-clientes-30-horas\/","og_locale":"es_ES","og_type":"article","og_title":"COMM088PO - Marketing Mix B\u00e1sico en Internet y Gesti\u00f3n Online de Clientes (30 horas) - Contenidos Online","og_description":"Adquirir los conocimientos necesarios sobre comercio electr\u00f3nico y marketing en Internet y determinar todos los elementos a tener en cuenta para gestionar de forma aut\u00f3noma y responsable una empresa. Orientado a administrativos y t\u00e9cnicos comerciales","og_url":"https:\/\/mefp.grupopiquer.com\/inscripciones\/producto\/comm088po-marketing-mix-basico-en-internet-y-gestion-online-de-clientes-30-horas\/","og_site_name":"Contenidos Online","article_modified_time":"2023-05-15T11:15:13+00:00","og_image":[{"width":1680,"height":945,"url":"https:\/\/mefp.grupopiquer.com\/inscripciones\/wp-content\/uploads\/2023\/05\/cQhTZyItjYVcKKzJ_nRoHwkkrRPOe3XPV-stock-image.jpg","type":"image\/jpeg"}],"twitter_card":"summary_large_image","twitter_misc":{"Tiempo de lectura":"2 minutos"},"schema":{"@context":"https:\/\/schema.org","@graph":[{"@type":"WebPage","@id":"https:\/\/mefp.grupopiquer.com\/inscripciones\/producto\/comm088po-marketing-mix-basico-en-internet-y-gestion-online-de-clientes-30-horas\/","url":"https:\/\/mefp.grupopiquer.com\/inscripciones\/producto\/comm088po-marketing-mix-basico-en-internet-y-gestion-online-de-clientes-30-horas\/","name":"COMM088PO - Marketing Mix B\u00e1sico en Internet y Gesti\u00f3n Online de Clientes (30 horas) - Contenidos Online","isPartOf":{"@id":"https:\/\/mefp.grupopiquer.com\/inscripciones\/#website"},"primaryImageOfPage":{"@id":"https:\/\/mefp.grupopiquer.com\/inscripciones\/producto\/comm088po-marketing-mix-basico-en-internet-y-gestion-online-de-clientes-30-horas\/#primaryimage"},"image":{"@id":"https:\/\/mefp.grupopiquer.com\/inscripciones\/producto\/comm088po-marketing-mix-basico-en-internet-y-gestion-online-de-clientes-30-horas\/#primaryimage"},"thumbnailUrl":"https:\/\/mefp.grupopiquer.com\/inscripciones\/wp-content\/uploads\/2023\/05\/cQhTZyItjYVcKKzJ_nRoHwkkrRPOe3XPV-stock-image.jpg","datePublished":"2023-05-02T11:04:23+00:00","dateModified":"2023-05-15T11:15:13+00:00","breadcrumb":{"@id":"https:\/\/mefp.grupopiquer.com\/inscripciones\/producto\/comm088po-marketing-mix-basico-en-internet-y-gestion-online-de-clientes-30-horas\/#breadcrumb"},"inLanguage":"es","potentialAction":[{"@type":"ReadAction","target":["https:\/\/mefp.grupopiquer.com\/inscripciones\/producto\/comm088po-marketing-mix-basico-en-internet-y-gestion-online-de-clientes-30-horas\/"]}]},{"@type":"ImageObject","inLanguage":"es","@id":"https:\/\/mefp.grupopiquer.com\/inscripciones\/producto\/comm088po-marketing-mix-basico-en-internet-y-gestion-online-de-clientes-30-horas\/#primaryimage","url":"https:\/\/mefp.grupopiquer.com\/inscripciones\/wp-content\/uploads\/2023\/05\/cQhTZyItjYVcKKzJ_nRoHwkkrRPOe3XPV-stock-image.jpg","contentUrl":"https:\/\/mefp.grupopiquer.com\/inscripciones\/wp-content\/uploads\/2023\/05\/cQhTZyItjYVcKKzJ_nRoHwkkrRPOe3XPV-stock-image.jpg","width":1680,"height":945},{"@type":"BreadcrumbList","@id":"https:\/\/mefp.grupopiquer.com\/inscripciones\/producto\/comm088po-marketing-mix-basico-en-internet-y-gestion-online-de-clientes-30-horas\/#breadcrumb","itemListElement":[{"@type":"ListItem","position":1,"name":"Portada","item":"https:\/\/mefp.grupopiquer.com\/inscripciones\/"},{"@type":"ListItem","position":2,"name":"Tienda","item":"https:\/\/mefp.grupopiquer.com\/inscripciones\/tienda\/"},{"@type":"ListItem","position":3,"name":"COMM088PO &#8211; Marketing Mix B\u00e1sico en Internet y Gesti\u00f3n Online de Clientes (30 horas)"}]},{"@type":"WebSite","@id":"https:\/\/mefp.grupopiquer.com\/inscripciones\/#website","url":"https:\/\/mefp.grupopiquer.com\/inscripciones\/","name":"Contenidos Online","description":"","publisher":{"@id":"https:\/\/mefp.grupopiquer.com\/inscripciones\/#organization"},"potentialAction":[{"@type":"SearchAction","target":{"@type":"EntryPoint","urlTemplate":"https:\/\/mefp.grupopiquer.com\/inscripciones\/?s={search_term_string}"},"query-input":{"@type":"PropertyValueSpecification","valueRequired":true,"valueName":"search_term_string"}}],"inLanguage":"es"},{"@type":"Organization","@id":"https:\/\/mefp.grupopiquer.com\/inscripciones\/#organization","name":"Contenidos Online","url":"https:\/\/mefp.grupopiquer.com\/inscripciones\/","logo":{"@type":"ImageObject","inLanguage":"es","@id":"https:\/\/mefp.grupopiquer.com\/inscripciones\/#\/schema\/logo\/image\/","url":"","contentUrl":"","caption":"Contenidos Online"},"image":{"@id":"https:\/\/mefp.grupopiquer.com\/inscripciones\/#\/schema\/logo\/image\/"}}]}},"_links":{"self":[{"href":"https:\/\/mefp.grupopiquer.com\/inscripciones\/wp-json\/wp\/v2\/product\/4491"}],"collection":[{"href":"https:\/\/mefp.grupopiquer.com\/inscripciones\/wp-json\/wp\/v2\/product"}],"about":[{"href":"https:\/\/mefp.grupopiquer.com\/inscripciones\/wp-json\/wp\/v2\/types\/product"}],"replies":[{"embeddable":true,"href":"https:\/\/mefp.grupopiquer.com\/inscripciones\/wp-json\/wp\/v2\/comments?post=4491"}],"wp:featuredmedia":[{"embeddable":true,"href":"https:\/\/mefp.grupopiquer.com\/inscripciones\/wp-json\/wp\/v2\/media\/5109"}],"wp:attachment":[{"href":"https:\/\/mefp.grupopiquer.com\/inscripciones\/wp-json\/wp\/v2\/media?parent=4491"}],"wp:term":[{"taxonomy":"product_cat","embeddable":true,"href":"https:\/\/mefp.grupopiquer.com\/inscripciones\/wp-json\/wp\/v2\/product_cat?post=4491"},{"taxonomy":"product_tag","embeddable":true,"href":"https:\/\/mefp.grupopiquer.com\/inscripciones\/wp-json\/wp\/v2\/product_tag?post=4491"}],"curies":[{"name":"wp","href":"https:\/\/api.w.org\/{rel}","templated":true}]}}